{"id":10166,"date":"2019-08-06T11:06:53","date_gmt":"2019-08-06T09:06:53","guid":{"rendered":"https:\/\/arteconfort.com\/hogar\/"},"modified":"2022-04-20T14:33:01","modified_gmt":"2022-04-20T12:33:01","slug":"hogar","status":"publish","type":"page","link":"https:\/\/arteconfort.com\/en\/hogar\/","title":{"rendered":"Home"},"content":{"rendered":"<div class=\"wpb-content-wrapper\"><p>[vc_row][vc_column][vc_column_text]A good decoration can transform your home. By combining different elements such as furniture, mirrors, lamps or wall clocks, you can bring a distinctive and personal touch to all your rooms.[\/vc_column_text][\/vc_column][\/vc_row][vc_row][vc_column][vc_empty_space height=&#8221;60px&#8221;][\/vc_column][\/vc_row][vc_row][vc_column][wyde_heading style=&#8221;5&#8243; title_tag=&#8221;h3&#8243; title=&#8221;Automatic bins&#8221; subheading=&#8221;01&#8243;][vc_column_text]Arteconfort <strong>automatic waste bins have been designed to make your everyday life easier<\/strong>. Thanks to its infrared sensor, which detects your hand or any object at a distance of about 15cm, it makes your new waste bin the most hygienic way to store waste in your home. A modern and elegant design bin, made with the best materials and the most advanced sensors. It consumes little energy and has a long service life.[\/vc_column_text][vc_empty_space height=&#8221;20px&#8221;][vc_column_text]<div class=\"woocommerce columns-4 \"><\/div>[\/vc_column_text][vc_empty_space height=&#8221;60px&#8221;][\/vc_column][\/vc_row][vc_row][vc_column][wyde_heading style=&#8221;5&#8243; title_tag=&#8221;h3&#8243; title=&#8221;Mirrors&#8221; subheading=&#8221;02&#8243;][vc_column_text]Mirrors are a practical and elegant solution for any room. They are both functional and decorative, with a wide range of colours, shapes and materials. Few other decorative elements offer so much scope for home decoration. If you are looking to turn your living room, bedroom or dining room into a unique and surprising space, <strong>our mirrors are the ideal complement<\/strong>. With a multitude of designs, colours and shapes to suit any interior style.[\/vc_column_text][vc_empty_space height=&#8221;20px&#8221;][vc_column_text]<div class=\"woocommerce columns-4 \"><\/div>[\/vc_column_text][vc_empty_space height=&#8221;60px&#8221;][\/vc_column][\/vc_row][vc_row][vc_column][wyde_heading style=&#8221;5&#8243; title_tag=&#8221;h3&#8243; title=&#8221;Clocks&#8221; subheading=&#8221;03&#8243;][vc_column_text]El reloj es un elemento imprescindible en nuestra vida cotidiana por lo que resulta ser una buena opci\u00f3n para decorar las paredes de nuestro comedor, oficina o habitaci\u00f3n ya que nos ofrecer\u00e1 un gran aporte decorativo a la vez que nos permite consultar la hora de una forma sencilla.[\/vc_column_text][vc_empty_space height=&#8221;20px&#8221;][vc_column_text]<div class=\"woocommerce columns-4 \"><\/div>[\/vc_column_text][vc_empty_space height=&#8221;60px&#8221;][\/vc_column][\/vc_row][vc_row][vc_column][wyde_heading style=&#8221;5&#8243; title_tag=&#8221;h3&#8243; title=&#8221;Indoor furniture&#8221; subheading=&#8221;04&#8243;][vc_column_text]Indoor furniture is what nourishes the main decoration of our home. They help us to give our rooms personality and style, creating an oasis of calm and tranquillity where <strong>we can go about our daily lives in comfort and convenience<\/strong>. There are endless models and styles from which to choose those that best harmonise with us and our home.[\/vc_column_text][vc_empty_space height=&#8221;20px&#8221;][vc_column_text]<div class=\"woocommerce columns-4 \"><\/div>[\/vc_column_text][vc_empty_space height=&#8221;60px&#8221;][\/vc_column][\/vc_row][vc_row][vc_column][wyde_heading style=&#8221;5&#8243; title_tag=&#8221;h3&#8243; title=&#8221;Decorative furniture&#8221; subheading=&#8221;05&#8243;][vc_column_text]Create your own space where you can relax and escape from routine with a decorative piece of furniture, take advantage of its drawers and storage space to keep the smallest things, place details and decorative elements on the surface of the desk. Include eye-catching boxes, floral details, etc. <strong>Choose a dressing table with a mirror and you have everything you need<\/strong> to check how wonderful you look every day.[\/vc_column_text][vc_empty_space height=&#8221;20px&#8221;][vc_column_text]<div class=\"woocommerce columns-4 \"><\/div>[\/vc_column_text][vc_empty_space height=&#8221;60px&#8221;][\/vc_column][\/vc_row][vc_row][vc_column][wyde_heading style=&#8221;5&#8243; title_tag=&#8221;h3&#8243; title=&#8221;Garden furniture&#8221; subheading=&#8221;06&#8243;][vc_column_text]Set aside a moment each day to enjoy the great outdoors in the comfort of your own home. Enjoy the activities you like most such as reading a book, having lunch, having a glass of wine with your partner or just relaxing in nature. <strong>The outside of your home can be as comfortable as the inside<\/strong>. With outdoor furniture you can turn the garden of your home into a functional and cosy space with multiple possibilities of use.[\/vc_column_text][vc_empty_space height=&#8221;20px&#8221;][vc_column_text]<div class=\"woocommerce columns-4 \"><\/div>[\/vc_column_text][\/vc_column][\/vc_row][vc_row row_style=&#8221;full-width&#8221; vertical_align=&#8221;bottom&#8221; padding_size=&#8221;no-padding&#8221; disable_element=&#8221;yes&#8221;][vc_column padding_size=&#8221;no-padding&#8221;][wyde_section_separator style=&#8221;3&#8243; overlap=&#8221;bottom&#8221; background_color=&#8221;#f5f5f5&#8243;][\/vc_column][\/vc_row]<\/p>\n<\/div>","protected":false},"excerpt":{"rendered":"<p>[vc_row][vc_column][vc_column_text]A good decoration can transform your home. By combining different elements such as furniture, mirrors, lamps or wall clocks, you can bring a distinctive and personal touch to all your rooms.[\/vc_column_text][\/vc_column][\/vc_row][vc_row][vc_column][vc_empty_space height=&#8221;60px&#8221;][\/vc_column][\/vc_row][vc_row][vc_column][wyde_heading style=&#8221;5&#8243; title_tag=&#8221;h3&#8243; title=&#8221;Automatic bins&#8221; subheading=&#8221;01&#8243;][vc_column_text]Arteconfort automatic waste bins have been designed to make your everyday life easier. Thanks to its infrared sensor, which [&hellip;]<\/p>\n","protected":false},"author":1,"featured_media":0,"parent":0,"menu_order":0,"comment_status":"closed","ping_status":"closed","template":"","meta":{"footnotes":""},"class_list":["post-10166","page","type-page","status-publish","hentry"],"yoast_head":"<!-- This site is optimized with the Yoast SEO plugin v26.5 - https:\/\/yoast.com\/wordpress\/plugins\/seo\/ -->\n<title>? Home - Arteconfort<\/title>\n<meta name=\"description\" content=\"Add a distinctive and personal touch to your home with decorative products such as furniture, mirrors, lamps and wall clocks.\" \/>\n<meta name=\"robots\" content=\"index, follow, max-snippet:-1, max-image-preview:large, max-video-preview:-1\" \/>\n<link rel=\"canonical\" href=\"https:\/\/arteconfort.com\/en\/hogar\/\" \/>\n<meta property=\"og:locale\" content=\"en_US\" \/>\n<meta property=\"og:type\" content=\"article\" \/>\n<meta property=\"og:title\" content=\"? Home - Arteconfort\" \/>\n<meta property=\"og:description\" content=\"Add a distinctive and personal touch to your home with decorative products such as furniture, mirrors, lamps and wall clocks.\" \/>\n<meta property=\"og:url\" content=\"https:\/\/arteconfort.com\/en\/hogar\/\" \/>\n<meta property=\"og:site_name\" content=\"Arteconfort\" \/>\n<meta property=\"article:modified_time\" content=\"2022-04-20T12:33:01+00:00\" \/>\n<meta name=\"twitter:card\" content=\"summary_large_image\" \/>\n<meta name=\"twitter:label1\" content=\"Est. reading time\" \/>\n\t<meta name=\"twitter:data1\" content=\"4 minutes\" \/>\n<!-- \/ Yoast SEO plugin. -->","yoast_head_json":{"title":"? Home - Arteconfort","description":"Add a distinctive and personal touch to your home with decorative products such as furniture, mirrors, lamps and wall clocks.","robots":{"index":"index","follow":"follow","max-snippet":"max-snippet:-1","max-image-preview":"max-image-preview:large","max-video-preview":"max-video-preview:-1"},"canonical":"https:\/\/arteconfort.com\/en\/hogar\/","og_locale":"en_US","og_type":"article","og_title":"? Home - Arteconfort","og_description":"Add a distinctive and personal touch to your home with decorative products such as furniture, mirrors, lamps and wall clocks.","og_url":"https:\/\/arteconfort.com\/en\/hogar\/","og_site_name":"Arteconfort","article_modified_time":"2022-04-20T12:33:01+00:00","twitter_card":"summary_large_image","twitter_misc":{"Est. reading time":"4 minutes"},"schema":{"@context":"https:\/\/schema.org","@graph":[{"@type":"WebPage","@id":"https:\/\/arteconfort.com\/en\/hogar\/","url":"https:\/\/arteconfort.com\/en\/hogar\/","name":"? Home - Arteconfort","isPartOf":{"@id":"https:\/\/arteconfort.com\/en\/#website"},"datePublished":"2019-08-06T09:06:53+00:00","dateModified":"2022-04-20T12:33:01+00:00","description":"Add a distinctive and personal touch to your home with decorative products such as furniture, mirrors, lamps and wall clocks.","breadcrumb":{"@id":"https:\/\/arteconfort.com\/en\/hogar\/#breadcrumb"},"inLanguage":"en-US","potentialAction":[{"@type":"ReadAction","target":["https:\/\/arteconfort.com\/en\/hogar\/"]}]},{"@type":"BreadcrumbList","@id":"https:\/\/arteconfort.com\/en\/hogar\/#breadcrumb","itemListElement":[{"@type":"ListItem","position":1,"name":"Inicio","item":"https:\/\/arteconfort.com\/en\/"},{"@type":"ListItem","position":2,"name":"Home"}]},{"@type":"WebSite","@id":"https:\/\/arteconfort.com\/en\/#website","url":"https:\/\/arteconfort.com\/en\/","name":"Arteconfort","description":"Especialistas en productos del hogar","publisher":{"@id":"https:\/\/arteconfort.com\/en\/#organization"},"potentialAction":[{"@type":"SearchAction","target":{"@type":"EntryPoint","urlTemplate":"https:\/\/arteconfort.com\/en\/?s={search_term_string}"},"query-input":{"@type":"PropertyValueSpecification","valueRequired":true,"valueName":"search_term_string"}}],"inLanguage":"en-US"},{"@type":"Organization","@id":"https:\/\/arteconfort.com\/en\/#organization","name":"Arteconfort","url":"https:\/\/arteconfort.com\/en\/","logo":{"@type":"ImageObject","inLanguage":"en-US","@id":"https:\/\/arteconfort.com\/en\/#\/schema\/logo\/image\/","url":"https:\/\/arteconfort.com\/wp-content\/uploads\/2019\/07\/logo-arteconfort.png","contentUrl":"https:\/\/arteconfort.com\/wp-content\/uploads\/2019\/07\/logo-arteconfort.png","width":230,"height":88,"caption":"Arteconfort"},"image":{"@id":"https:\/\/arteconfort.com\/en\/#\/schema\/logo\/image\/"}}]}},"_links":{"self":[{"href":"https:\/\/arteconfort.com\/en\/wp-json\/wp\/v2\/pages\/10166","targetHints":{"allow":["GET"]}}],"collection":[{"href":"https:\/\/arteconfort.com\/en\/wp-json\/wp\/v2\/pages"}],"about":[{"href":"https:\/\/arteconfort.com\/en\/wp-json\/wp\/v2\/types\/page"}],"author":[{"embeddable":true,"href":"https:\/\/arteconfort.com\/en\/wp-json\/wp\/v2\/users\/1"}],"replies":[{"embeddable":true,"href":"https:\/\/arteconfort.com\/en\/wp-json\/wp\/v2\/comments?post=10166"}],"version-history":[{"count":0,"href":"https:\/\/arteconfort.com\/en\/wp-json\/wp\/v2\/pages\/10166\/revisions"}],"wp:attachment":[{"href":"https:\/\/arteconfort.com\/en\/wp-json\/wp\/v2\/media?parent=10166"}],"curies":[{"name":"wp","href":"https:\/\/api.w.org\/{rel}","templated":true}]}}