{"id":10247,"date":"2020-12-21T11:48:42","date_gmt":"2020-12-21T10:48:42","guid":{"rendered":"https:\/\/arteconfort.com\/producto\/uncategorized\/cies-plus\/"},"modified":"2022-10-06T10:55:01","modified_gmt":"2022-10-06T08:55:01","slug":"cies-plus","status":"publish","type":"product","link":"https:\/\/arteconfort.com\/en\/producto\/cies-plus\/","title":{"rendered":"CIES PLUS"},"content":{"rendered":"<div class=\"wpb-content-wrapper\"><p>[vc_row][vc_column][vc_empty_space height=&#8221;60px&#8221;][vc_row_inner][vc_column_inner width=&#8221;1\/3&#8243;][wyde_info_box icon_set=&#8221;simple_line&#8221; icon_simple_line=&#8221;sl-energy&#8221; icon_position=&#8221;left&#8221; title=&#8221;PHYSICAL AND ELECTRICAL CHARACTERISTICS&#8221;][\/wyde_info_box][vc_empty_space height=&#8221;10px&#8221;][vc_column_text]Height: <strong>39cm<\/strong><br \/>\nDiameter: <strong>132 cm<\/strong><br \/>\nWeight: <strong>6,5 kg<\/strong><br \/>\nBody material: <strong>Metal<\/strong><br \/>\nBlade material: <strong>ABS<\/strong><br \/>\nBody finish:<strong> Copper<\/strong><br \/>\nBlades finish: <strong>Cherry wood<\/strong><br \/>\nN\u00ba of blades:<strong> 3<\/strong><br \/>\nReversible blades: <strong>No<\/strong><br \/>\nMotor: <strong>DC<\/strong><br \/>\nVoltage: <strong>230Vac<\/strong><br \/>\nSpeed power: <strong>6,5W-8,5W-13W-16W-25W-35W<\/strong><br \/>\nRPM of speeds: <strong>90-116-142-168-194-220<\/strong><br \/>\nNoise emitted from speeds: <strong>&#8211;<\/strong><br \/>\nAir flow rate of speeds:<strong> &#8211;<\/strong><br \/>\nMax. recommended surface area: <strong>40m<sup>2<\/sup><\/strong><br \/>\nIP: <strong>20<\/strong><br \/>\nMax. ceiling inclination: <strong>15\u00ba<\/strong><br \/>\nSafety distance:<strong> 2,5m<\/strong><br \/>\nElectrical insulation: Class I<br \/>\nAccessories: <strong>Stabiliser and additional 25cm post<\/strong><br \/>\nWarranty: <strong>Motor 5 years &#8211; Rest of components 2 years<\/strong>[\/vc_column_text][\/vc_column_inner][vc_column_inner width=&#8221;1\/3&#8243;][wyde_info_box icon_set=&#8221;simple_line&#8221; icon_simple_line=&#8221;sl-mouse&#8221; icon_position=&#8221;left&#8221; title=&#8221;CONTROL AND FUNCTIONS&#8221;][\/wyde_info_box][vc_empty_space height=&#8221;10px&#8221;][vc_column_text]Control: <strong>Yes<\/strong><br \/>\nBatteries: <strong>2xAAA (Not included)<\/strong><br \/>\nNumber of speeds:<strong> 6<\/strong><br \/>\nProgramming: <strong>Up to 9h<\/strong><br \/>\nBreeze mode: <strong>Yes<\/strong><br \/>\nSummer\/winter mode: <strong>Yes<\/strong><br \/>\nThermostat: <strong>No<\/strong><br \/>\nPower on memory: <strong>Yes<\/strong><br \/>\nWi-Fi connection: <strong>No<\/strong><br \/>\nBluetooth connection: <strong>No<\/strong>[\/vc_column_text][\/vc_column_inner][vc_column_inner width=&#8221;1\/3&#8243;][wyde_info_box icon_set=&#8221;stroke_gap&#8221; icon_stroke_gap=&#8221;sg-Bulb&#8221; icon_position=&#8221;left&#8221; title=&#8221;LIGHTING&#8221;][\/wyde_info_box][vc_empty_space height=&#8221;10px&#8221;][vc_column_text]Luminous flux: <strong>2.400lm<\/strong><br \/>\nLED Power: <strong>18W<\/strong><br \/>\nColour temperature: <strong>Yes<\/strong><br \/>\nColour temperature change: <strong>3000K-4000K-5500K<\/strong><br \/>\nDimming: <strong>Up to 8 levels<\/strong><br \/>\nAngle of aperture: <strong>160\u00ba<\/strong><br \/>\nAverage life: <strong>30.000h<\/strong><br \/>\nNumber of ignitions: <strong>20.000<\/strong><br \/>\nColour temperature memory: <strong>Yes<\/strong><br \/>\nEnergy efficiency label:<strong> &#8211;<\/strong>[\/vc_column_text][\/vc_column_inner][\/vc_row_inner][vc_empty_space height=&#8221;60px&#8221;][\/vc_column][\/vc_row][vc_row vertical_align=&#8221;middle&#8221; padding_size=&#8221;no-padding&#8221; background_mode=&#8221;color&#8221; background_color=&#8221;#f5f5f5&#8243;][vc_column text_align=&#8221;center&#8221; padding_size=&#8221;no-padding&#8221;][vc_row_inner vertical_align=&#8221;middle&#8221; padding_size=&#8221;no-padding&#8221; css=&#8221;.vc_custom_1664367242377{padding-top: 30px !important;padding-right: 60px !important;padding-bottom: 30px !important;padding-left: 60px !important;}&#8221;][vc_column_inner padding_size=&#8221;no-padding&#8221; width=&#8221;2\/3&#8243;][wyde_heading style=&#8221;2&#8243; title_tag=&#8221;h3&#8243; title=&#8221;Spare parts available for the CIES PLUS fan&#8221; heading_color=&#8221;#000000&#8243;][vc_column_text]You can purchase your replacement part for your fan from the same shop where you bought your fan or from another shop in the same chain.[\/vc_column_text][vc_empty_space][wyde_info_box icon=&#8221;fa fa-check&#8221; icon_position=&#8221;left&#8221; title=&#8221;LIGHT COVER&#8221;][\/wyde_info_box][wyde_info_box icon=&#8221;fa fa-check&#8221; icon_position=&#8221;left&#8221; title=&#8221;LED MODULE&#8221;][\/wyde_info_box][wyde_info_box icon=&#8221;fa fa-check&#8221; icon_position=&#8221;left&#8221; title=&#8221;REMOTE CONTROL AND DRIVER&#8221;][\/wyde_info_box][vc_empty_space height=&#8221;20px&#8221;][\/vc_column_inner][vc_column_inner text_align=&#8221;center&#8221; width=&#8221;1\/3&#8243; background_color=&#8221;#ffffff&#8221;][vc_empty_space height=&#8221;20px&#8221;][vc_column_text]<em>If you have any questions you can contact us through the contact form:<\/em>[\/vc_column_text][vc_empty_space height=&#8221;20px&#8221;][wyde_link_button icon_set=&#8221;simple_line&#8221; icon_simple_line=&#8221;sl-bubbles&#8221; style=&#8221;outline round&#8221; title=&#8221;Consult&#8221; link=&#8221;url:https%3A%2F%2Farteconfort.com%2Fcontacto%2F|||&#8221; color=&#8221;#61b4e4&#8243; hover_color=&#8221;#ffffff&#8221;][vc_empty_space height=&#8221;40px&#8221;][vc_single_image alignment=&#8221;center&#8221; image=&#8221;24268&#8243;][\/vc_column_inner][\/vc_row_inner][\/vc_column][\/vc_row][vc_row padding_size=&#8221;no-padding&#8221;][vc_column padding_size=&#8221;no-padding&#8221;][vc_empty_space height=&#8221;80px&#8221;][wyde_heading style=&#8221;2&#8243; subheading_tag=&#8221;h5&#8243; text_align=&#8221;center&#8221; title=&#8221;What people say about the CIES PLUS fan&#8221; subheading=&#8221;(Source of opinions leroymerlin.es)&#8221; heading_color=&#8221;#000000&#8243; subheading_color=&#8221;#bbbbbb&#8221;][\/vc_column][\/vc_row][vc_row padding_size=&#8221;no-padding&#8221;][vc_column padding_size=&#8221;m-padding&#8221; width=&#8221;1\/3&#8243; el_class=&#8221;comentarios-producto&#8221;][vc_row_inner][vc_column_inner text_align=&#8221;center&#8221; padding_size=&#8221;s-padding&#8221; css=&#8221;.vc_custom_1664188928661{border: 1px solid #cccccc !important;}&#8221;][vc_column_text]\u2605\u2605\u2605\u2605\u2605<\/p>\n<p>\u201cTuve el modelo anterior y como no gustaba memoria, un a\u00f1os despu\u00e9s Leroy Merl\u00edn me lo cambi\u00f3 por este, abonando la diferencia. Una pasada, queda precioso y sobretodo da una brisa muy fresca\u201d[\/vc_column_text][vc_column_text]<\/p>\n<p style=\"text-align: center;\"><strong>Ange tc<\/strong><\/p>\n<p>[\/vc_column_text][\/vc_column_inner][\/vc_row_inner][\/vc_column][vc_column padding_size=&#8221;m-padding&#8221; width=&#8221;1\/3&#8243; el_class=&#8221;comentarios-producto&#8221;][vc_row_inner][vc_column_inner text_align=&#8221;center&#8221; padding_size=&#8221;s-padding&#8221; css=&#8221;.vc_custom_1664188994351{border: 1px solid #cccccc !important;}&#8221;][vc_column_text]\u2605\u2605\u2605\u2605\u2605<\/p>\n<p>\u201cNo es dif\u00edcil de instalar, tengo que decir que para ser el primero ha quedado perfecto. F\u00e1cil de usar, silencioso e incluso a bajas velocidades es eficaz\u201d[\/vc_column_text][vc_column_text]<\/p>\n<p style=\"text-align: center;\"><strong>Dudu1963<\/strong><\/p>\n<p>[\/vc_column_text][\/vc_column_inner][\/vc_row_inner][\/vc_column][vc_column padding_size=&#8221;m-padding&#8221; width=&#8221;1\/3&#8243; el_class=&#8221;comentarios-producto&#8221;][vc_row_inner][vc_column_inner text_align=&#8221;center&#8221; padding_size=&#8221;s-padding&#8221; css=&#8221;.vc_custom_1664188963265{border: 1px solid #cccccc !important;}&#8221;][vc_column_text]\u2605\u2605\u2605\u2605\u2605<\/p>\n<p>\u201cEficiente, econ\u00f3mico, buen dise\u00f1o\u201d[\/vc_column_text][vc_column_text]<\/p>\n<p style=\"text-align: center;\"><strong>An\u00f3nimo<\/strong><\/p>\n<p>[\/vc_column_text][\/vc_column_inner][\/vc_row_inner][\/vc_column][\/vc_row][vc_row][vc_column][vc_empty_space height=&#8221;80px&#8221;][\/vc_column][\/vc_row][vc_row vertical_align=&#8221;middle&#8221; padding_size=&#8221;no-padding&#8221; background_mode=&#8221;color&#8221; background_color=&#8221;#f5f5f5&#8243;][vc_column text_align=&#8221;center&#8221; offset=&#8221;vc_hidden-md vc_hidden-sm vc_hidden-xs&#8221;][vc_row_inner vertical_align=&#8221;middle&#8221; padding_size=&#8221;no-padding&#8221;][vc_column_inner text_align=&#8221;center&#8221; width=&#8221;1\/3&#8243;][vc_single_image alignment=&#8221;center&#8221; image=&#8221;24166&#8243;][\/vc_column_inner][vc_column_inner width=&#8221;1\/3&#8243;][vc_column_text]Find this ceiling fan for sale exclusively at <strong>LEROY MERLIN<\/strong>[\/vc_column_text][\/vc_column_inner][vc_column_inner width=&#8221;1\/3&#8243;][wyde_link_button icon_set=&#8221;simple_line&#8221; icon_simple_line=&#8221;sl-login&#8221; style=&#8221;outline round&#8221; title=&#8221;Access to Leroy Merlin&#8221; link=&#8221;url:https%3A%2F%2Fwww.leroymerlin.es%2Ffp%2F83860112%2Fventilador-de-techo-con-luz-led-cies-plus-naranja-132-cm-dc||target:%20_blank|rel:nofollow&#8221; color=&#8221;#61b4e4&#8243; hover_color=&#8221;#ffffff&#8221;][\/vc_column_inner][\/vc_row_inner][\/vc_column][\/vc_row][vc_row vertical_align=&#8221;middle&#8221; padding_size=&#8221;no-padding&#8221; background_mode=&#8221;color&#8221; background_color=&#8221;#f5f5f5&#8243;][vc_column text_align=&#8221;center&#8221; padding_size=&#8221;no-padding&#8221; offset=&#8221;vc_hidden-lg&#8221;][vc_row_inner vertical_align=&#8221;middle&#8221; padding_size=&#8221;no-padding&#8221; css=&#8221;.vc_custom_1664367242377{padding-top: 30px !important;padding-right: 60px !important;padding-bottom: 30px !important;padding-left: 60px !important;}&#8221;][vc_column_inner padding_size=&#8221;no-padding&#8221; width=&#8221;1\/2&#8243;][vc_single_image alignment=&#8221;center&#8221; image=&#8221;24166&#8243;][\/vc_column_inner][vc_column_inner text_align=&#8221;center&#8221; width=&#8221;1\/2&#8243;][vc_column_text]Find this ceiling fan for sale exclusively at <strong>LEROY MERLIN<\/strong>[\/vc_column_text][vc_empty_space height=&#8221;10px&#8221;][wyde_link_button icon_set=&#8221;simple_line&#8221; icon_simple_line=&#8221;sl-login&#8221; style=&#8221;outline round&#8221; title=&#8221;Access to Leroy Merlin&#8221; link=&#8221;url:https%3A%2F%2Fwww.leroymerlin.es%2Ffp%2F83860112%2Fventilador-de-techo-con-luz-led-cies-plus-naranja-132-cm-dc||target:%20_blank|rel:nofollow&#8221; color=&#8221;#61b4e4&#8243; hover_color=&#8221;#ffffff&#8221;][\/vc_column_inner][\/vc_row_inner][\/vc_column][\/vc_row]<\/p>\n<\/div>","protected":false},"excerpt":{"rendered":"<div>Areia ceiling fan without light for outdoor use, black metal body and 3 wooden blades, it is easy to install and suitable for sloping ceilings (up to 15\u00ba). It has a highly efficient DC (direct current) motor that reduces energy consumption while creating a pleasant atmosphere thanks to its silent operation. Includes remote control to control and change programming modes (1h-2h-4h-8h), speeds (6) and breeze mode (sensation created by constantly changing speeds). This elegant model can be used in rooms smaller than 40m<sup>2<\/sup>.<\/div>\n<div>\n<p><strong>Ref. CIESPLUSCO21<\/strong><\/p>\n<ul style=\"list-style-type: circle; padding-left: 80px;\">\n<li>Fan for large rooms<\/li>\n<li>Large airflow<\/li>\n<li>LED lighting with colour temperature memory<\/li>\n<\/ul>\n<p>[vc_row vertical_align=&#8221;middle&#8221; padding_size=&#8221;no-padding&#8221; background_mode=&#8221;color&#8221; background_color=&#8221;#f5f5f5&#8243;][vc_column text_align=&#8221;center&#8221; offset=&#8221;vc_hidden-md vc_hidden-sm vc_hidden-xs&#8221;][vc_row_inner vertical_align=&#8221;middle&#8221; padding_size=&#8221;no-padding&#8221; css=&#8221;.vc_custom_1664435191461{padding-top: 30px !important;padding-right: 60px !important;padding-bottom: 30px !important;padding-left: 60px !important;}&#8221;][vc_column_inner width=&#8221;1\/2&#8243;][vc_single_image image=&#8221;24179&#8243;][\/vc_column_inner][vc_column_inner width=&#8221;1\/2&#8243;][vc_column_text]Find this ceiling fan for sale exclusively at <strong>LEROY MERLIN<\/strong>[\/vc_column_text][vc_empty_space height=&#8221;10px&#8221;][wyde_link_button icon_set=&#8221;simple_line&#8221; icon_simple_line=&#8221;sl-login&#8221; style=&#8221;outline round&#8221; title=&#8221;Access to Leroy Merlin&#8221; link=&#8221;url:https%3A%2F%2Fwww.leroymerlin.es%2Ffp%2F83860112%2Fventilador-de-techo-con-luz-led-cies-plus-naranja-132-cm-dc||target:%20_blank|rel:nofollow&#8221; color=&#8221;#61b4e4&#8243; hover_color=&#8221;#ffffff&#8221;][\/vc_column_inner][\/vc_row_inner][\/vc_column][\/vc_row][vc_row vertical_align=&#8221;middle&#8221; padding_size=&#8221;no-padding&#8221; background_mode=&#8221;color&#8221; background_color=&#8221;#f5f5f5&#8243;][vc_column text_align=&#8221;center&#8221; padding_size=&#8221;no-padding&#8221; offset=&#8221;vc_hidden-lg&#8221;][vc_row_inner vertical_align=&#8221;middle&#8221; padding_size=&#8221;no-padding&#8221; css=&#8221;.vc_custom_1664367242377{padding-top: 30px !important;padding-right: 60px !important;padding-bottom: 30px !important;padding-left: 60px !important;}&#8221;][vc_column_inner padding_size=&#8221;no-padding&#8221; width=&#8221;1\/2&#8243;][vc_single_image alignment=&#8221;center&#8221; image=&#8221;24165&#8243;][\/vc_column_inner][vc_column_inner text_align=&#8221;center&#8221; width=&#8221;1\/2&#8243;][vc_column_text]Find this ceiling fan for sale exclusively at <strong>LEROY MERLIN<\/strong>[\/vc_column_text][vc_empty_space height=&#8221;10px&#8221;][wyde_link_button icon_set=&#8221;simple_line&#8221; icon_simple_line=&#8221;sl-login&#8221; style=&#8221;outline round&#8221; title=&#8221;Access to Leroy Merlin&#8221; link=&#8221;url:https%3A%2F%2Fwww.leroymerlin.es%2Ffp%2F83860112%2Fventilador-de-techo-con-luz-led-cies-plus-naranja-132-cm-dc||target:%20_blank|rel:nofollow&#8221; color=&#8221;#61b4e4&#8243; hover_color=&#8221;#ffffff&#8221;][\/vc_column_inner][\/vc_row_inner][\/vc_column][\/vc_row][vc_row][vc_column offset=&#8221;vc_hidden-xs&#8221;][vc_empty_space height=&#8221;60px&#8221;][\/vc_column][\/vc_row][vc_row][vc_column width=&#8221;1\/3&#8243;][wyde_link_button icon_set=&#8221;simple_line&#8221; icon_simple_line=&#8221;sl-settings&#8221; style=&#8221;round&#8221; title=&#8221;Instructions&#8221; link=&#8221;url:https%3A%2F%2Farteconfort.com%2Fwp-content%2Fuploads%2F2021%2F01%2Fim-CIES-PLUS.pdf||target:%20_blank|rel:nofollow&#8221; color=&#8221;#ffffff&#8221; bg_color=&#8221;#222222&#8243;][\/vc_column][\/vc_row]<\/p>\n<\/div>\n","protected":false},"featured_media":42557,"template":"","meta":[],"product_brand":[],"product_cat":[210],"product_tag":[],"class_list":{"0":"post-10247","1":"product","2":"type-product","3":"status-publish","4":"has-post-thumbnail","6":"product_cat-descatalogados-en","8":"first","9":"instock","10":"shipping-taxable","11":"product-type-simple"},"yoast_head":"<!-- This site is optimized with the Yoast SEO plugin v26.5 - https:\/\/yoast.com\/wordpress\/plugins\/seo\/ -->\n<title>CIES PLUS - Descatalogados - Arteconfort<\/title>\n<meta name=\"description\" content=\"Areia ceiling fan without light for outdoor use, black metal body and 3 wooden blades, it is easy to install and suitable for sloping ceilings (up to 15\u00ba). It has a highly efficient DC (direct current) motor that reduces energy consumption while creating a pleasant atmosphere thanks to its silent operation. Includes remote control to control and change programming modes (1h-2h-4h-8h), speeds (6) and breeze mode (sensation created by constantly changing speeds). This elegant model can be used in rooms smaller than 40m2.   Ref. CIESPLUSCO21   Fan for large rooms  Large airflow  LED lighting with colour temperature memory  Find this ceiling fan for sale exclusively at LEROY MERLINFind this ceiling fan for sale exclusively at LEROY MERLIN\" \/>\n<meta name=\"robots\" content=\"index, follow, max-snippet:-1, max-image-preview:large, max-video-preview:-1\" \/>\n<link rel=\"canonical\" href=\"https:\/\/arteconfort.com\/en\/producto\/cies-plus\/\" \/>\n<meta property=\"og:locale\" content=\"en_US\" \/>\n<meta property=\"og:type\" content=\"article\" \/>\n<meta property=\"og:title\" content=\"CIES PLUS - Descatalogados - Arteconfort\" \/>\n<meta property=\"og:description\" content=\"Areia ceiling fan without light for outdoor use, black metal body and 3 wooden blades, it is easy to install and suitable for sloping ceilings (up to 15\u00ba). It has a highly efficient DC (direct current) motor that reduces energy consumption while creating a pleasant atmosphere thanks to its silent operation. Includes remote control to control and change programming modes (1h-2h-4h-8h), speeds (6) and breeze mode (sensation created by constantly changing speeds). This elegant model can be used in rooms smaller than 40m2.   Ref. CIESPLUSCO21   Fan for large rooms  Large airflow  LED lighting with colour temperature memory  Find this ceiling fan for sale exclusively at LEROY MERLINFind this ceiling fan for sale exclusively at LEROY MERLIN\" \/>\n<meta property=\"og:url\" content=\"https:\/\/arteconfort.com\/en\/producto\/cies-plus\/\" \/>\n<meta property=\"og:site_name\" content=\"Arteconfort\" \/>\n<meta property=\"article:modified_time\" content=\"2022-10-06T08:55:01+00:00\" \/>\n<meta property=\"og:image\" content=\"https:\/\/arteconfort.com\/wp-content\/uploads\/2024\/06\/ventilador-CIES-82485373-0100.webp\" \/>\n\t<meta property=\"og:image:width\" content=\"1024\" \/>\n\t<meta property=\"og:image:height\" content=\"1024\" \/>\n\t<meta property=\"og:image:type\" content=\"image\/webp\" \/>\n<meta name=\"twitter:card\" content=\"summary_large_image\" \/>\n<meta name=\"twitter:label1\" content=\"Est. reading time\" \/>\n\t<meta name=\"twitter:data1\" content=\"6 minutes\" \/>\n<!-- \/ Yoast SEO plugin. -->","yoast_head_json":{"title":"CIES PLUS - Descatalogados - Arteconfort","description":"Areia ceiling fan without light for outdoor use, black metal body and 3 wooden blades, it is easy to install and suitable for sloping ceilings (up to 15\u00ba). It has a highly efficient DC (direct current) motor that reduces energy consumption while creating a pleasant atmosphere thanks to its silent operation. Includes remote control to control and change programming modes (1h-2h-4h-8h), speeds (6) and breeze mode (sensation created by constantly changing speeds). This elegant model can be used in rooms smaller than 40m2.   Ref. CIESPLUSCO21   Fan for large rooms  Large airflow  LED lighting with colour temperature memory  Find this ceiling fan for sale exclusively at LEROY MERLINFind this ceiling fan for sale exclusively at LEROY MERLIN","robots":{"index":"index","follow":"follow","max-snippet":"max-snippet:-1","max-image-preview":"max-image-preview:large","max-video-preview":"max-video-preview:-1"},"canonical":"https:\/\/arteconfort.com\/en\/producto\/cies-plus\/","og_locale":"en_US","og_type":"article","og_title":"CIES PLUS - Descatalogados - Arteconfort","og_description":"Areia ceiling fan without light for outdoor use, black metal body and 3 wooden blades, it is easy to install and suitable for sloping ceilings (up to 15\u00ba). It has a highly efficient DC (direct current) motor that reduces energy consumption while creating a pleasant atmosphere thanks to its silent operation. Includes remote control to control and change programming modes (1h-2h-4h-8h), speeds (6) and breeze mode (sensation created by constantly changing speeds). This elegant model can be used in rooms smaller than 40m2.   Ref. CIESPLUSCO21   Fan for large rooms  Large airflow  LED lighting with colour temperature memory  Find this ceiling fan for sale exclusively at LEROY MERLINFind this ceiling fan for sale exclusively at LEROY MERLIN","og_url":"https:\/\/arteconfort.com\/en\/producto\/cies-plus\/","og_site_name":"Arteconfort","article_modified_time":"2022-10-06T08:55:01+00:00","og_image":[{"width":1024,"height":1024,"url":"https:\/\/arteconfort.com\/wp-content\/uploads\/2024\/06\/ventilador-CIES-82485373-0100.webp","type":"image\/webp"}],"twitter_card":"summary_large_image","twitter_misc":{"Est. reading time":"6 minutes"},"schema":{"@context":"https:\/\/schema.org","@graph":[{"@type":"WebPage","@id":"https:\/\/arteconfort.com\/en\/producto\/cies-plus\/","url":"https:\/\/arteconfort.com\/en\/producto\/cies-plus\/","name":"CIES PLUS - Descatalogados - Arteconfort","isPartOf":{"@id":"https:\/\/arteconfort.com\/en\/#website"},"primaryImageOfPage":{"@id":"https:\/\/arteconfort.com\/en\/producto\/cies-plus\/#primaryimage"},"image":{"@id":"https:\/\/arteconfort.com\/en\/producto\/cies-plus\/#primaryimage"},"thumbnailUrl":"https:\/\/arteconfort.com\/wp-content\/uploads\/2024\/06\/ventilador-CIES-82485373-0100.webp","datePublished":"2020-12-21T10:48:42+00:00","dateModified":"2022-10-06T08:55:01+00:00","description":"Areia ceiling fan without light for outdoor use, black metal body and 3 wooden blades, it is easy to install and suitable for sloping ceilings (up to 15\u00ba). It has a highly efficient DC (direct current) motor that reduces energy consumption while creating a pleasant atmosphere thanks to its silent operation. Includes remote control to control and change programming modes (1h-2h-4h-8h), speeds (6) and breeze mode (sensation created by constantly changing speeds). This elegant model can be used in rooms smaller than 40m2. Ref. CIESPLUSCO21 Fan for large rooms Large airflow LED lighting with colour temperature memory Find this ceiling fan for sale exclusively at LEROY MERLINFind this ceiling fan for sale exclusively at LEROY MERLIN","breadcrumb":{"@id":"https:\/\/arteconfort.com\/en\/producto\/cies-plus\/#breadcrumb"},"inLanguage":"en-US","potentialAction":[{"@type":"ReadAction","target":["https:\/\/arteconfort.com\/en\/producto\/cies-plus\/"]}]},{"@type":"ImageObject","inLanguage":"en-US","@id":"https:\/\/arteconfort.com\/en\/producto\/cies-plus\/#primaryimage","url":"https:\/\/arteconfort.com\/wp-content\/uploads\/2024\/06\/ventilador-CIES-82485373-0100.webp","contentUrl":"https:\/\/arteconfort.com\/wp-content\/uploads\/2024\/06\/ventilador-CIES-82485373-0100.webp","width":1024,"height":1024,"caption":"Ventilador CIES con mando"},{"@type":"BreadcrumbList","@id":"https:\/\/arteconfort.com\/en\/producto\/cies-plus\/#breadcrumb","itemListElement":[{"@type":"ListItem","position":1,"name":"Inicio","item":"https:\/\/arteconfort.com\/en\/"},{"@type":"ListItem","position":2,"name":"Shop","item":"https:\/\/arteconfort.com\/en\/shop\/"},{"@type":"ListItem","position":3,"name":"CIES PLUS"}]},{"@type":"WebSite","@id":"https:\/\/arteconfort.com\/en\/#website","url":"https:\/\/arteconfort.com\/en\/","name":"Arteconfort","description":"Especialistas en productos del hogar","publisher":{"@id":"https:\/\/arteconfort.com\/en\/#organization"},"potentialAction":[{"@type":"SearchAction","target":{"@type":"EntryPoint","urlTemplate":"https:\/\/arteconfort.com\/en\/?s={search_term_string}"},"query-input":{"@type":"PropertyValueSpecification","valueRequired":true,"valueName":"search_term_string"}}],"inLanguage":"en-US"},{"@type":"Organization","@id":"https:\/\/arteconfort.com\/en\/#organization","name":"Arteconfort","url":"https:\/\/arteconfort.com\/en\/","logo":{"@type":"ImageObject","inLanguage":"en-US","@id":"https:\/\/arteconfort.com\/en\/#\/schema\/logo\/image\/","url":"https:\/\/arteconfort.com\/wp-content\/uploads\/2019\/07\/logo-arteconfort.png","contentUrl":"https:\/\/arteconfort.com\/wp-content\/uploads\/2019\/07\/logo-arteconfort.png","width":230,"height":88,"caption":"Arteconfort"},"image":{"@id":"https:\/\/arteconfort.com\/en\/#\/schema\/logo\/image\/"}}]}},"_links":{"self":[{"href":"https:\/\/arteconfort.com\/en\/wp-json\/wp\/v2\/product\/10247","targetHints":{"allow":["GET"]}}],"collection":[{"href":"https:\/\/arteconfort.com\/en\/wp-json\/wp\/v2\/product"}],"about":[{"href":"https:\/\/arteconfort.com\/en\/wp-json\/wp\/v2\/types\/product"}],"wp:featuredmedia":[{"embeddable":true,"href":"https:\/\/arteconfort.com\/en\/wp-json\/wp\/v2\/media\/42557"}],"wp:attachment":[{"href":"https:\/\/arteconfort.com\/en\/wp-json\/wp\/v2\/media?parent=10247"}],"wp:term":[{"taxonomy":"product_brand","embeddable":true,"href":"https:\/\/arteconfort.com\/en\/wp-json\/wp\/v2\/product_brand?post=10247"},{"taxonomy":"product_cat","embeddable":true,"href":"https:\/\/arteconfort.com\/en\/wp-json\/wp\/v2\/product_cat?post=10247"},{"taxonomy":"product_tag","embeddable":true,"href":"https:\/\/arteconfort.com\/en\/wp-json\/wp\/v2\/product_tag?post=10247"}],"curies":[{"name":"wp","href":"https:\/\/api.w.org\/{rel}","templated":true}]}}