{"id":10343,"date":"2019-09-02T11:33:41","date_gmt":"2019-09-02T09:33:41","guid":{"rendered":"https:\/\/arteconfort.com\/producto\/uncategorized\/tahiti\/"},"modified":"2022-04-27T11:21:25","modified_gmt":"2022-04-27T09:21:25","slug":"tahiti","status":"publish","type":"product","link":"https:\/\/arteconfort.com\/en\/producto\/tahiti\/","title":{"rendered":"TAHIT\u00cd"},"content":{"rendered":"<div class=\"wpb-content-wrapper\"><p>[vc_row][vc_column][vc_row_inner][vc_column_inner width=&#8221;1\/4&#8243; offset=&#8221;vc_col-xs-6&#8243;][wyde_info_box icon_set=&#8221;simple_line&#8221; icon_simple_line=&#8221;sl-bulb&#8221; title=&#8221;2 BUSHINGS E27&#8243;]Max. 20W LED bulbs, 75mm high[\/wyde_info_box][\/vc_column_inner][vc_column_inner width=&#8221;1\/4&#8243; offset=&#8221;vc_col-xs-6&#8243;][wyde_info_box icon_set=&#8221;simple_line&#8221; icon_simple_line=&#8221;sl-volume-off&#8221; title=&#8221;NO BEEP IN CONTROL&#8221;]So as not to interrupt your rest[\/wyde_info_box][\/vc_column_inner][vc_column_inner width=&#8221;1\/4&#8243; offset=&#8221;vc_col-xs-6&#8243;][wyde_info_box icon_set=&#8221;simple_line&#8221; icon_simple_line=&#8221;sl-home&#8221; title=&#8221;SUITABLE FOR SLOPING CEILINGS&#8221;]Up 20\u00ba inclination[\/wyde_info_box][\/vc_column_inner][vc_column_inner width=&#8221;1\/4&#8243; offset=&#8221;vc_col-xs-6&#8243;][wyde_info_box icon_set=&#8221;simple_line&#8221; icon_simple_line=&#8221;sl-clock&#8221; title=&#8221;PROGRAMMABLE&#8221;]1h\/2h\/4h\/8h[\/wyde_info_box][\/vc_column_inner][\/vc_row_inner][vc_row_inner][vc_column_inner offset=&#8221;vc_hidden-xs&#8221;][vc_empty_space][\/vc_column_inner][\/vc_row_inner][vc_row_inner][vc_column_inner width=&#8221;1\/4&#8243; offset=&#8221;vc_col-xs-6&#8243;][wyde_info_box icon_set=&#8221;simple_line&#8221; icon_simple_line=&#8221;sl-speedometer&#8221; title=&#8221;3 SPEEDS&#8221;]Regulates air flow[\/wyde_info_box][\/vc_column_inner][vc_column_inner width=&#8221;1\/4&#8243; offset=&#8221;vc_col-xs-6&#8243;][wyde_info_box icon_set=&#8221;simple_line&#8221; icon_simple_line=&#8221;sl-mouse&#8221; title=&#8221;REMOTE CONTROL INCLUDED&#8221;]For ease of use[\/wyde_info_box][\/vc_column_inner][\/vc_row_inner][vc_row_inner][vc_column_inner offset=&#8221;vc_hidden-xs&#8221;][vc_empty_space height=&#8221;60px&#8221;][\/vc_column_inner][\/vc_row_inner][\/vc_column][\/vc_row][vc_row][vc_column width=&#8221;1\/2&#8243;][vc_accordion collapsible=&#8221;true&#8221; active_tab=&#8221;false&#8221;][vc_accordion_tab title=&#8221;Mehanical features&#8221;][vc_column_text]<b>High <\/b>39cm<br \/>\n<b>Diameter <\/b>132cm<br \/>\n<strong>Weigh<\/strong> 7,1kg<br \/>\n<strong>Material<\/strong> Metal<br \/>\n<b>Finish <\/b>Matt nickel<br \/>\n<strong>Noise emitted<\/strong> 30dBs in speed 1<br \/>\n<strong>Safety distance<\/strong>\u00a02,3m<br \/>\n<strong>Recommended surface<\/strong> 25m<sup>2<\/sup><br \/>\n<strong>Maximum ceiling incline<\/strong> 20\u00ba<br \/>\n<strong>IP<\/strong> 20<br \/>\n<strong>Electrical insulation<\/strong> Type I<br \/>\n<strong>Number of speeds<\/strong> 3<br \/>\n<strong>Power of speeds<\/strong> 23W\/42W\/68W<br \/>\n<strong>Speeds RPM <\/strong>109\/156\/200<br \/>\n<b>Accessories <\/b>Stabiliser<br \/>\n<b>Warranty <\/b>2 years[\/vc_column_text][\/vc_accordion_tab][vc_accordion_tab title=&#8221;Blades&#8221;][vc_column_text]<strong>Material<\/strong> Plywood<br \/>\n<b>Finish <\/b>Silver\/Black\/Cherrywood<br \/>\n<strong>Reversible<\/strong> No<br \/>\n<strong>Number of blades<\/strong>\u00a05<br \/>\n<strong>Winter\/summer mode<\/strong> Yes[\/vc_column_text][\/vc_accordion_tab][vc_accordion_tab title=&#8221;Optical features&#8221;][vc_column_text]<strong>Type of bushing<\/strong>\u00a0E27<br \/>\n<strong>Number of bushings<\/strong>\u00a02<br \/>\n<strong>Bulb included<\/strong> No<br \/>\n<b>Bulb size <\/b>Max. 45x75mm<br \/>\n<b>Power <\/b>Max. 20W LED[\/vc_column_text][\/vc_accordion_tab][vc_accordion_tab title=&#8221;Electrical features&#8221;][vc_column_text]<strong>Type of engine<\/strong> AC<br \/>\n<b>Power <\/b>68W<br \/>\n<strong>Frecuency<\/strong> 50\/60Hz[\/vc_column_text][\/vc_accordion_tab][vc_accordion_tab title=&#8221;Remote control&#8221;][vc_column_text]<strong>Batteries included<\/strong> No<br \/>\n<strong>Type of battery<\/strong> 23A<br \/>\n<strong>Automatic shutdown<\/strong> Yes<br \/>\n<strong>Programmable time<\/strong> 1h\/2h\/4h\/8h[\/vc_column_text][\/vc_accordion_tab][\/vc_accordion][\/vc_column][vc_column width=&#8221;1\/2&#8243;][vc_single_image image=&#8221;5253&#8243;][\/vc_column][\/vc_row]<\/p>\n<\/div>","protected":false},"excerpt":{"rendered":"<p>Relax in the breeze with the TAHIT\u00cd fan. Its elegant design will bring a touch of style to your interior, the soft curves of the blades as well as its elegant neutral colours will make it look great and complement perfectly with the rest of the objects in the room. This fan is adaptable to sloping ceilings and easy to install. It has an AC motor with 3 speeds programmable by remote control.<br \/>\n<strong>Ref. modelo plata CTAHIT-055P52E27ACV3PLTD<\/strong><br \/>\n<strong>Ref. modelo negro CTAHIT-055P52E27AVC3NGRD<\/strong><br \/>\n<strong>Ref. modelo madera cerezo CTAHIT-055P52E27ACV3MACD<\/strong>[vc_row][vc_column offset=&#8221;vc_hidden-xs&#8221;][vc_empty_space height=&#8221;30px&#8221;][\/vc_column][\/vc_row][vc_row][vc_column][vc_row_inner][vc_column_inner][wyde_info_box icon_set=&#8221;simple_line&#8221; icon_simple_line=&#8221;sl-loop&#8221; icon_position=&#8221;left&#8221; title=&#8221;ROOM UP 25M<sup>2<\/sup>&#8220;]Recommended room size[\/wyde_info_box][vc_empty_space height=&#8221;15px&#8221;][\/vc_column_inner][\/vc_row_inner][vc_row_inner][vc_column_inner][wyde_info_box icon_set=&#8221;simple_line&#8221; icon_simple_line=&#8221;sl-volume-2&#8243; icon_position=&#8221;left&#8221; title=&#8221;MAX. 30DBS (NOISE EMITTED IN SPEED 1)&#8221;]Silent ceiling fan for sleeping[\/wyde_info_box][vc_empty_space height=&#8221;15px&#8221;][\/vc_column_inner][\/vc_row_inner][vc_row_inner][vc_column_inner][wyde_info_box icon_set=&#8221;simple_line&#8221; icon_simple_line=&#8221;sl-settings&#8221; icon_position=&#8221;left&#8221; title=&#8221;AC ENGINE&#8221;]High efficiency[\/wyde_info_box][vc_empty_space height=&#8221;15px&#8221;][\/vc_column_inner][\/vc_row_inner][vc_row_inner][vc_column_inner][wyde_info_box icon_set=&#8221;simple_line&#8221; icon_simple_line=&#8221;sl-wrench&#8221; icon_position=&#8221;left&#8221; title=&#8221;EASY INSTALLATION&#8221;]Assemble your fan in just a few steps[\/wyde_info_box][vc_empty_space height=&#8221;15px&#8221;][\/vc_column_inner][\/vc_row_inner][\/vc_column][\/vc_row][vc_row][vc_column offset=&#8221;vc_hidden-xs&#8221;][vc_empty_space height=&#8221;60px&#8221;][\/vc_column][\/vc_row][vc_row][vc_column width=&#8221;1\/3&#8243;][wyde_link_button icon_set=&#8221;simple_line&#8221; icon_simple_line=&#8221;sl-settings&#8221; style=&#8221;round&#8221; title=&#8221;Instrucciones&#8221; link=&#8221;url:http%3A%2F%2Farteconfort.com%2Fwp-content%2Fuploads%2F2020%2F05%2Fim-TAHITI.pdf||target:%20_blank|rel:nofollow&#8221; color=&#8221;#ffffff&#8221; bg_color=&#8221;#222222&#8243;][\/vc_column][\/vc_row][vc_row][vc_column offset=&#8221;vc_hidden-xs&#8221;][vc_empty_space][\/vc_column][\/vc_row]<\/p>\n","protected":false},"featured_media":33715,"template":"","meta":[],"product_brand":[],"product_cat":[211,1051,213],"product_tag":[],"class_list":{"0":"post-10343","1":"product","2":"type-product","3":"status-publish","4":"has-post-thumbnail","6":"product_cat-climatizacion-en","7":"product_cat-collection-old-en","8":"product_cat-ventiladores-de-techo-en","10":"first","11":"instock","12":"shipping-taxable","13":"product-type-external"},"yoast_head":"<!-- This site is optimized with the Yoast SEO plugin v26.5 - https:\/\/yoast.com\/wordpress\/plugins\/seo\/ -->\n<title>TAHIT\u00cd - Climatizaci\u00f3n, Colecci\u00f3n antigua, Ventiladores de techo - Arteconfort<\/title>\n<meta name=\"description\" content=\"Relax in the breeze with the TAHIT\u00cd fan. Its elegant design will bring a touch of style to your interior, the soft curves of the blades as well as its elegant neutral colours will make it look great and complement perfectly with the rest of the objects in the room. This fan is adaptable to sloping ceilings and easy to install. It has an AC motor with 3 speeds programmable by remote control. Ref. modelo plata CTAHIT-055P52E27ACV3PLTD Ref. modelo negro CTAHIT-055P52E27AVC3NGRD Ref. modelo madera cerezo CTAHIT-055P52E27ACV3MACDRecommended room sizeSilent ceiling fan for sleepingHigh efficiencyAssemble your fan in just a few steps\" \/>\n<meta name=\"robots\" content=\"index, follow, max-snippet:-1, max-image-preview:large, max-video-preview:-1\" \/>\n<link rel=\"canonical\" href=\"https:\/\/arteconfort.com\/en\/producto\/tahiti\/\" \/>\n<meta property=\"og:locale\" content=\"en_US\" \/>\n<meta property=\"og:type\" content=\"article\" \/>\n<meta property=\"og:title\" content=\"TAHIT\u00cd - Climatizaci\u00f3n, Colecci\u00f3n antigua, Ventiladores de techo - Arteconfort\" \/>\n<meta property=\"og:description\" content=\"Relax in the breeze with the TAHIT\u00cd fan. Its elegant design will bring a touch of style to your interior, the soft curves of the blades as well as its elegant neutral colours will make it look great and complement perfectly with the rest of the objects in the room. This fan is adaptable to sloping ceilings and easy to install. It has an AC motor with 3 speeds programmable by remote control. Ref. modelo plata CTAHIT-055P52E27ACV3PLTD Ref. modelo negro CTAHIT-055P52E27AVC3NGRD Ref. modelo madera cerezo CTAHIT-055P52E27ACV3MACDRecommended room sizeSilent ceiling fan for sleepingHigh efficiencyAssemble your fan in just a few steps\" \/>\n<meta property=\"og:url\" content=\"https:\/\/arteconfort.com\/en\/producto\/tahiti\/\" \/>\n<meta property=\"og:site_name\" content=\"Arteconfort\" \/>\n<meta property=\"article:modified_time\" content=\"2022-04-27T09:21:25+00:00\" \/>\n<meta property=\"og:image\" content=\"https:\/\/arteconfort.com\/wp-content\/uploads\/2023\/10\/TAHITI-MADERA-OSCURA.webp\" \/>\n\t<meta property=\"og:image:width\" content=\"1024\" \/>\n\t<meta property=\"og:image:height\" content=\"1024\" \/>\n\t<meta property=\"og:image:type\" content=\"image\/webp\" \/>\n<meta name=\"twitter:card\" content=\"summary_large_image\" \/>\n<meta name=\"twitter:label1\" content=\"Est. reading time\" \/>\n\t<meta name=\"twitter:data1\" content=\"2 minutes\" \/>\n<!-- \/ Yoast SEO plugin. -->","yoast_head_json":{"title":"TAHIT\u00cd - Climatizaci\u00f3n, Colecci\u00f3n antigua, Ventiladores de techo - Arteconfort","description":"Relax in the breeze with the TAHIT\u00cd fan. Its elegant design will bring a touch of style to your interior, the soft curves of the blades as well as its elegant neutral colours will make it look great and complement perfectly with the rest of the objects in the room. This fan is adaptable to sloping ceilings and easy to install. It has an AC motor with 3 speeds programmable by remote control. Ref. modelo plata CTAHIT-055P52E27ACV3PLTD Ref. modelo negro CTAHIT-055P52E27AVC3NGRD Ref. modelo madera cerezo CTAHIT-055P52E27ACV3MACDRecommended room sizeSilent ceiling fan for sleepingHigh efficiencyAssemble your fan in just a few steps","robots":{"index":"index","follow":"follow","max-snippet":"max-snippet:-1","max-image-preview":"max-image-preview:large","max-video-preview":"max-video-preview:-1"},"canonical":"https:\/\/arteconfort.com\/en\/producto\/tahiti\/","og_locale":"en_US","og_type":"article","og_title":"TAHIT\u00cd - Climatizaci\u00f3n, Colecci\u00f3n antigua, Ventiladores de techo - Arteconfort","og_description":"Relax in the breeze with the TAHIT\u00cd fan. Its elegant design will bring a touch of style to your interior, the soft curves of the blades as well as its elegant neutral colours will make it look great and complement perfectly with the rest of the objects in the room. This fan is adaptable to sloping ceilings and easy to install. It has an AC motor with 3 speeds programmable by remote control. Ref. modelo plata CTAHIT-055P52E27ACV3PLTD Ref. modelo negro CTAHIT-055P52E27AVC3NGRD Ref. modelo madera cerezo CTAHIT-055P52E27ACV3MACDRecommended room sizeSilent ceiling fan for sleepingHigh efficiencyAssemble your fan in just a few steps","og_url":"https:\/\/arteconfort.com\/en\/producto\/tahiti\/","og_site_name":"Arteconfort","article_modified_time":"2022-04-27T09:21:25+00:00","og_image":[{"width":1024,"height":1024,"url":"https:\/\/arteconfort.com\/wp-content\/uploads\/2023\/10\/TAHITI-MADERA-OSCURA.webp","type":"image\/webp"}],"twitter_card":"summary_large_image","twitter_misc":{"Est. reading time":"2 minutes"},"schema":{"@context":"https:\/\/schema.org","@graph":[{"@type":"WebPage","@id":"https:\/\/arteconfort.com\/en\/producto\/tahiti\/","url":"https:\/\/arteconfort.com\/en\/producto\/tahiti\/","name":"TAHIT\u00cd - Climatizaci\u00f3n, Colecci\u00f3n antigua, Ventiladores de techo - Arteconfort","isPartOf":{"@id":"https:\/\/arteconfort.com\/en\/#website"},"primaryImageOfPage":{"@id":"https:\/\/arteconfort.com\/en\/producto\/tahiti\/#primaryimage"},"image":{"@id":"https:\/\/arteconfort.com\/en\/producto\/tahiti\/#primaryimage"},"thumbnailUrl":"https:\/\/arteconfort.com\/wp-content\/uploads\/2023\/10\/TAHITI-MADERA-OSCURA.webp","datePublished":"2019-09-02T09:33:41+00:00","dateModified":"2022-04-27T09:21:25+00:00","description":"Relax in the breeze with the TAHIT\u00cd fan. Its elegant design will bring a touch of style to your interior, the soft curves of the blades as well as its elegant neutral colours will make it look great and complement perfectly with the rest of the objects in the room. This fan is adaptable to sloping ceilings and easy to install. It has an AC motor with 3 speeds programmable by remote control. Ref. modelo plata CTAHIT-055P52E27ACV3PLTD Ref. modelo negro CTAHIT-055P52E27AVC3NGRD Ref. modelo madera cerezo CTAHIT-055P52E27ACV3MACDRecommended room sizeSilent ceiling fan for sleepingHigh efficiencyAssemble your fan in just a few steps","breadcrumb":{"@id":"https:\/\/arteconfort.com\/en\/producto\/tahiti\/#breadcrumb"},"inLanguage":"en-US","potentialAction":[{"@type":"ReadAction","target":["https:\/\/arteconfort.com\/en\/producto\/tahiti\/"]}]},{"@type":"ImageObject","inLanguage":"en-US","@id":"https:\/\/arteconfort.com\/en\/producto\/tahiti\/#primaryimage","url":"https:\/\/arteconfort.com\/wp-content\/uploads\/2023\/10\/TAHITI-MADERA-OSCURA.webp","contentUrl":"https:\/\/arteconfort.com\/wp-content\/uploads\/2023\/10\/TAHITI-MADERA-OSCURA.webp","width":1024,"height":1024},{"@type":"BreadcrumbList","@id":"https:\/\/arteconfort.com\/en\/producto\/tahiti\/#breadcrumb","itemListElement":[{"@type":"ListItem","position":1,"name":"Inicio","item":"https:\/\/arteconfort.com\/en\/"},{"@type":"ListItem","position":2,"name":"Shop","item":"https:\/\/arteconfort.com\/en\/shop\/"},{"@type":"ListItem","position":3,"name":"TAHIT\u00cd"}]},{"@type":"WebSite","@id":"https:\/\/arteconfort.com\/en\/#website","url":"https:\/\/arteconfort.com\/en\/","name":"Arteconfort","description":"Especialistas en productos del hogar","publisher":{"@id":"https:\/\/arteconfort.com\/en\/#organization"},"potentialAction":[{"@type":"SearchAction","target":{"@type":"EntryPoint","urlTemplate":"https:\/\/arteconfort.com\/en\/?s={search_term_string}"},"query-input":{"@type":"PropertyValueSpecification","valueRequired":true,"valueName":"search_term_string"}}],"inLanguage":"en-US"},{"@type":"Organization","@id":"https:\/\/arteconfort.com\/en\/#organization","name":"Arteconfort","url":"https:\/\/arteconfort.com\/en\/","logo":{"@type":"ImageObject","inLanguage":"en-US","@id":"https:\/\/arteconfort.com\/en\/#\/schema\/logo\/image\/","url":"https:\/\/arteconfort.com\/wp-content\/uploads\/2019\/07\/logo-arteconfort.png","contentUrl":"https:\/\/arteconfort.com\/wp-content\/uploads\/2019\/07\/logo-arteconfort.png","width":230,"height":88,"caption":"Arteconfort"},"image":{"@id":"https:\/\/arteconfort.com\/en\/#\/schema\/logo\/image\/"}}]}},"_links":{"self":[{"href":"https:\/\/arteconfort.com\/en\/wp-json\/wp\/v2\/product\/10343","targetHints":{"allow":["GET"]}}],"collection":[{"href":"https:\/\/arteconfort.com\/en\/wp-json\/wp\/v2\/product"}],"about":[{"href":"https:\/\/arteconfort.com\/en\/wp-json\/wp\/v2\/types\/product"}],"wp:featuredmedia":[{"embeddable":true,"href":"https:\/\/arteconfort.com\/en\/wp-json\/wp\/v2\/media\/33715"}],"wp:attachment":[{"href":"https:\/\/arteconfort.com\/en\/wp-json\/wp\/v2\/media?parent=10343"}],"wp:term":[{"taxonomy":"product_brand","embeddable":true,"href":"https:\/\/arteconfort.com\/en\/wp-json\/wp\/v2\/product_brand?post=10343"},{"taxonomy":"product_cat","embeddable":true,"href":"https:\/\/arteconfort.com\/en\/wp-json\/wp\/v2\/product_cat?post=10343"},{"taxonomy":"product_tag","embeddable":true,"href":"https:\/\/arteconfort.com\/en\/wp-json\/wp\/v2\/product_tag?post=10343"}],"curies":[{"name":"wp","href":"https:\/\/api.w.org\/{rel}","templated":true}]}}