{"id":10523,"date":"2020-01-23T17:34:46","date_gmt":"2020-01-23T16:34:46","guid":{"rendered":"https:\/\/arteconfort.com\/producto\/uncategorized\/love\/"},"modified":"2022-03-11T08:35:02","modified_gmt":"2022-03-11T07:35:02","slug":"love","status":"publish","type":"product","link":"https:\/\/arteconfort.com\/en\/producto\/love\/","title":{"rendered":"LOVE"},"content":{"rendered":"<div class=\"wpb-content-wrapper\"><p>[vc_row][vc_column width=&#8221;1\/2&#8243;][vc_accordion collapsible=&#8221;true&#8221; active_tab=&#8221;false&#8221;][vc_accordion_tab title=&#8221;Mechanical features&#8221;][vc_column_text]<strong>Dimensions<\/strong> 35x12x2mm<br \/>\n<strong>Material<\/strong> Plastic<br \/>\n<strong>IP<\/strong> 20<br \/>\n<b>Warranty <\/b>2 years[\/vc_column_text][\/vc_accordion_tab][vc_accordion_tab title=&#8221;Optical features&#8221;][vc_column_text]<br \/>\n<b>Light colour<\/b> Yellow<br \/>\n<strong>Duration<\/strong> 10.000h[\/vc_column_text][\/vc_accordion_tab][vc_accordion_tab title=&#8221;Battery&#8221;][vc_column_text]<strong>Size<\/strong> AA<br \/>\n<b>Quantity <\/b>3<br \/>\n<strong>Tension<\/strong> 4,5V<br \/>\n<b>Included<\/b>\u00a0No[\/vc_column_text][\/vc_accordion_tab][\/vc_accordion][\/vc_column][vc_column width=&#8221;1\/2&#8243;][vc_single_image image=&#8221;7085&#8243;][\/vc_column][\/vc_row]<\/p>\n<\/div>","protected":false},"excerpt":{"rendered":"<p>Light up the walls of your bedroom or living room with this neon light. Simplicity and sophistication to decorate your room with colour and a retro touch. You can decide whether you prefer to hang it or stick it to the wall with the 3M adhesive included.<strong><br \/>\nRef. LOVEBL115<\/strong>[vc_row][vc_column offset=&#8221;vc_hidden-xs&#8221;][vc_empty_space height=&#8221;30px&#8221;][\/vc_column][\/vc_row][vc_row][vc_column][vc_row_inner][vc_column_inner][wyde_info_box icon_set=&#8221;stroke_gap&#8221; icon_stroke_gap=&#8221;sg-BatteryFull&#8221; icon_position=&#8221;left&#8221; title=&#8221;CHARGING VIA USB OR BATTERIES&#8221;]To have it always ready[\/wyde_info_box][vc_empty_space height=&#8221;15px&#8221;][\/vc_column_inner][\/vc_row_inner][vc_row_inner][vc_column_inner][wyde_info_box icon_set=&#8221;bigmug_line&#8221; icon_bigmug_line=&#8221;bigmug-line-clone&#8221; icon_position=&#8221;left&#8221; title=&#8221;INCLUDED 3M ADHESIVE&#8221;]You can stick it on the wall or hang it up[\/wyde_info_box][vc_empty_space height=&#8221;15px&#8221;][\/vc_column_inner][\/vc_row_inner][\/vc_column][\/vc_row][vc_row][vc_column offset=&#8221;vc_hidden-xs&#8221;][vc_empty_space height=&#8221;60px&#8221;][\/vc_column][\/vc_row][vc_row][vc_column width=&#8221;1\/3&#8243;][wyde_link_button icon_set=&#8221;simple_line&#8221; icon_simple_line=&#8221;sl-settings&#8221; style=&#8221;round&#8221; title=&#8221;Instructions&#8221; link=&#8221;url:http%3A%2F%2Farteconfort.com%2Fwp-content%2Fuploads%2F2020%2F01%2Fim-LOVE.pdf||target:%20_blank|rel:nofollow&#8221; color=&#8221;#ffffff&#8221; bg_color=&#8221;#222222&#8243;][\/vc_column][vc_column width=&#8221;1\/3&#8243;][\/vc_column][\/vc_row][vc_row][vc_column offset=&#8221;vc_hidden-xs&#8221;][vc_empty_space][\/vc_column][\/vc_row][vc_row][vc_column][vc_empty_space height=&#8221;20px&#8221;][\/vc_column][\/vc_row][vc_row background_mode=&#8221;color&#8221; background_color=&#8221;#f5f5f5&#8243;][vc_column text_align=&#8221;center&#8221;][vc_row_inner padding_size=&#8221;m-padding&#8221;][vc_column_inner text_align=&#8221;center&#8221;][vc_single_image alignment=&#8221;center&#8221; image=&#8221;1046&#8243;][vc_column_text]Find this LED neon lamp for sale exclusively at LEROY MERLIN[\/vc_column_text][vc_empty_space height=&#8221;15px&#8221;][wyde_link_button icon_set=&#8221;simple_line&#8221; icon_simple_line=&#8221;sl-login&#8221; style=&#8221;outline round&#8221; title=&#8221;Access to Leroy Merlin&#8221; link=&#8221;url:https%3A%2F%2Fwww.leroymerlin.es%2Ffp%2F82435785%2Fneon-love-blanco-usb-red||target:%20_blank|rel:nofollow&#8221; color=&#8221;#61b4e4&#8243; hover_color=&#8221;#ffffff&#8221;][\/vc_column_inner][\/vc_row_inner][\/vc_column][\/vc_row]<\/p>\n","protected":false},"featured_media":36090,"template":"","meta":[],"product_brand":[],"product_cat":[1051,236,242],"product_tag":[],"class_list":{"0":"post-10523","1":"product","2":"type-product","3":"status-publish","4":"has-post-thumbnail","6":"product_cat-collection-old-en","7":"product_cat-iluminacion-en","8":"product_cat-neon-en","10":"first","11":"instock","12":"shipping-taxable","13":"product-type-simple"},"yoast_head":"<!-- This site is optimized with the Yoast SEO plugin v26.5 - https:\/\/yoast.com\/wordpress\/plugins\/seo\/ -->\n<title>LOVE - Colecci\u00f3n antigua, Iluminaci\u00f3n, Ne\u00f3n - Arteconfort<\/title>\n<meta name=\"description\" content=\"Light up the walls of your bedroom or living room with this neon light. Simplicity and sophistication to decorate your room with colour and a retro touch. You can decide whether you prefer to hang it or stick it to the wall with the 3M adhesive included. Ref. LOVEBL115To have it always readyYou can stick it on the wall or hang it upFind this LED neon lamp for sale exclusively at LEROY MERLIN\" \/>\n<meta name=\"robots\" content=\"index, follow, max-snippet:-1, max-image-preview:large, max-video-preview:-1\" \/>\n<link rel=\"canonical\" href=\"https:\/\/arteconfort.com\/en\/producto\/love\/\" \/>\n<meta property=\"og:locale\" content=\"en_US\" \/>\n<meta property=\"og:type\" content=\"article\" \/>\n<meta property=\"og:title\" content=\"LOVE - Colecci\u00f3n antigua, Iluminaci\u00f3n, Ne\u00f3n - Arteconfort\" \/>\n<meta property=\"og:description\" content=\"Light up the walls of your bedroom or living room with this neon light. Simplicity and sophistication to decorate your room with colour and a retro touch. You can decide whether you prefer to hang it or stick it to the wall with the 3M adhesive included. Ref. LOVEBL115To have it always readyYou can stick it on the wall or hang it upFind this LED neon lamp for sale exclusively at LEROY MERLIN\" \/>\n<meta property=\"og:url\" content=\"https:\/\/arteconfort.com\/en\/producto\/love\/\" \/>\n<meta property=\"og:site_name\" content=\"Arteconfort\" \/>\n<meta property=\"article:modified_time\" content=\"2022-03-11T07:35:02+00:00\" \/>\n<meta property=\"og:image\" content=\"https:\/\/arteconfort.com\/wp-content\/uploads\/2023\/10\/LOVE-luz-1.webp\" \/>\n\t<meta property=\"og:image:width\" content=\"1024\" \/>\n\t<meta property=\"og:image:height\" content=\"1024\" \/>\n\t<meta property=\"og:image:type\" content=\"image\/webp\" \/>\n<meta name=\"twitter:card\" content=\"summary_large_image\" \/>\n<!-- \/ Yoast SEO plugin. -->","yoast_head_json":{"title":"LOVE - Colecci\u00f3n antigua, Iluminaci\u00f3n, Ne\u00f3n - Arteconfort","description":"Light up the walls of your bedroom or living room with this neon light. Simplicity and sophistication to decorate your room with colour and a retro touch. You can decide whether you prefer to hang it or stick it to the wall with the 3M adhesive included. Ref. LOVEBL115To have it always readyYou can stick it on the wall or hang it upFind this LED neon lamp for sale exclusively at LEROY MERLIN","robots":{"index":"index","follow":"follow","max-snippet":"max-snippet:-1","max-image-preview":"max-image-preview:large","max-video-preview":"max-video-preview:-1"},"canonical":"https:\/\/arteconfort.com\/en\/producto\/love\/","og_locale":"en_US","og_type":"article","og_title":"LOVE - Colecci\u00f3n antigua, Iluminaci\u00f3n, Ne\u00f3n - Arteconfort","og_description":"Light up the walls of your bedroom or living room with this neon light. Simplicity and sophistication to decorate your room with colour and a retro touch. You can decide whether you prefer to hang it or stick it to the wall with the 3M adhesive included. Ref. LOVEBL115To have it always readyYou can stick it on the wall or hang it upFind this LED neon lamp for sale exclusively at LEROY MERLIN","og_url":"https:\/\/arteconfort.com\/en\/producto\/love\/","og_site_name":"Arteconfort","article_modified_time":"2022-03-11T07:35:02+00:00","og_image":[{"width":1024,"height":1024,"url":"https:\/\/arteconfort.com\/wp-content\/uploads\/2023\/10\/LOVE-luz-1.webp","type":"image\/webp"}],"twitter_card":"summary_large_image","schema":{"@context":"https:\/\/schema.org","@graph":[{"@type":"WebPage","@id":"https:\/\/arteconfort.com\/en\/producto\/love\/","url":"https:\/\/arteconfort.com\/en\/producto\/love\/","name":"LOVE - Colecci\u00f3n antigua, Iluminaci\u00f3n, Ne\u00f3n - Arteconfort","isPartOf":{"@id":"https:\/\/arteconfort.com\/en\/#website"},"primaryImageOfPage":{"@id":"https:\/\/arteconfort.com\/en\/producto\/love\/#primaryimage"},"image":{"@id":"https:\/\/arteconfort.com\/en\/producto\/love\/#primaryimage"},"thumbnailUrl":"https:\/\/arteconfort.com\/wp-content\/uploads\/2023\/10\/LOVE-luz-1.webp","datePublished":"2020-01-23T16:34:46+00:00","dateModified":"2022-03-11T07:35:02+00:00","description":"Light up the walls of your bedroom or living room with this neon light. Simplicity and sophistication to decorate your room with colour and a retro touch. You can decide whether you prefer to hang it or stick it to the wall with the 3M adhesive included. Ref. LOVEBL115To have it always readyYou can stick it on the wall or hang it upFind this LED neon lamp for sale exclusively at LEROY MERLIN","breadcrumb":{"@id":"https:\/\/arteconfort.com\/en\/producto\/love\/#breadcrumb"},"inLanguage":"en-US","potentialAction":[{"@type":"ReadAction","target":["https:\/\/arteconfort.com\/en\/producto\/love\/"]}]},{"@type":"ImageObject","inLanguage":"en-US","@id":"https:\/\/arteconfort.com\/en\/producto\/love\/#primaryimage","url":"https:\/\/arteconfort.com\/wp-content\/uploads\/2023\/10\/LOVE-luz-1.webp","contentUrl":"https:\/\/arteconfort.com\/wp-content\/uploads\/2023\/10\/LOVE-luz-1.webp","width":1024,"height":1024},{"@type":"BreadcrumbList","@id":"https:\/\/arteconfort.com\/en\/producto\/love\/#breadcrumb","itemListElement":[{"@type":"ListItem","position":1,"name":"Inicio","item":"https:\/\/arteconfort.com\/en\/"},{"@type":"ListItem","position":2,"name":"Shop","item":"https:\/\/arteconfort.com\/en\/shop\/"},{"@type":"ListItem","position":3,"name":"LOVE"}]},{"@type":"WebSite","@id":"https:\/\/arteconfort.com\/en\/#website","url":"https:\/\/arteconfort.com\/en\/","name":"Arteconfort","description":"Especialistas en productos del hogar","publisher":{"@id":"https:\/\/arteconfort.com\/en\/#organization"},"potentialAction":[{"@type":"SearchAction","target":{"@type":"EntryPoint","urlTemplate":"https:\/\/arteconfort.com\/en\/?s={search_term_string}"},"query-input":{"@type":"PropertyValueSpecification","valueRequired":true,"valueName":"search_term_string"}}],"inLanguage":"en-US"},{"@type":"Organization","@id":"https:\/\/arteconfort.com\/en\/#organization","name":"Arteconfort","url":"https:\/\/arteconfort.com\/en\/","logo":{"@type":"ImageObject","inLanguage":"en-US","@id":"https:\/\/arteconfort.com\/en\/#\/schema\/logo\/image\/","url":"https:\/\/arteconfort.com\/wp-content\/uploads\/2019\/07\/logo-arteconfort.png","contentUrl":"https:\/\/arteconfort.com\/wp-content\/uploads\/2019\/07\/logo-arteconfort.png","width":230,"height":88,"caption":"Arteconfort"},"image":{"@id":"https:\/\/arteconfort.com\/en\/#\/schema\/logo\/image\/"}}]}},"_links":{"self":[{"href":"https:\/\/arteconfort.com\/en\/wp-json\/wp\/v2\/product\/10523","targetHints":{"allow":["GET"]}}],"collection":[{"href":"https:\/\/arteconfort.com\/en\/wp-json\/wp\/v2\/product"}],"about":[{"href":"https:\/\/arteconfort.com\/en\/wp-json\/wp\/v2\/types\/product"}],"wp:featuredmedia":[{"embeddable":true,"href":"https:\/\/arteconfort.com\/en\/wp-json\/wp\/v2\/media\/36090"}],"wp:attachment":[{"href":"https:\/\/arteconfort.com\/en\/wp-json\/wp\/v2\/media?parent=10523"}],"wp:term":[{"taxonomy":"product_brand","embeddable":true,"href":"https:\/\/arteconfort.com\/en\/wp-json\/wp\/v2\/product_brand?post=10523"},{"taxonomy":"product_cat","embeddable":true,"href":"https:\/\/arteconfort.com\/en\/wp-json\/wp\/v2\/product_cat?post=10523"},{"taxonomy":"product_tag","embeddable":true,"href":"https:\/\/arteconfort.com\/en\/wp-json\/wp\/v2\/product_tag?post=10523"}],"curies":[{"name":"wp","href":"https:\/\/api.w.org\/{rel}","templated":true}]}}