{"id":14621,"date":"2021-09-13T15:22:16","date_gmt":"2021-09-13T13:22:16","guid":{"rendered":"https:\/\/arteconfort.com\/?post_type=product&#038;p=14621"},"modified":"2024-07-05T09:11:53","modified_gmt":"2024-07-05T07:11:53","slug":"lirida","status":"publish","type":"product","link":"https:\/\/arteconfort.com\/en\/producto\/lirida\/","title":{"rendered":"L\u00cdRIDA"},"content":{"rendered":"<div class=\"wpb-content-wrapper\"><p>[vc_row][vc_column][vc_empty_space height=&#8221;60px&#8221;][vc_row_inner][vc_column_inner width=&#8221;1\/3&#8243;][wyde_info_box icon_set=&#8221;simple_line&#8221; icon_simple_line=&#8221;sl-energy&#8221; icon_position=&#8221;left&#8221; title=&#8221;PHYSICAL AND ELECTRICAL CHARACTERISTICS&#8221;][\/wyde_info_box][vc_empty_space height=&#8221;10px&#8221;][vc_column_text]Width: <strong>20cm<\/strong><br \/>\nHigh: <strong>9,5<\/strong><strong>cm<\/strong><br \/>\nLenght: <b>12,5cm<\/b><br \/>\nBody material: <strong>ABS + PS + PVC + Copper<\/strong><br \/>\nBody finish: <strong>Black (controller) and transparent (wires)<\/strong><br \/>\nIP: <strong>65<\/strong><br \/>\nProtected circuit: <strong>Yes<\/strong><br \/>\nNo plugs: <strong>Yes<\/strong><br \/>\nWireless: <strong>No<\/strong><br \/>\nElectrical insulation: <strong>Class III<\/strong><br \/>\nCommand: <strong>&#8211;<\/strong><br \/>\nBatteries: <strong>&#8211;<\/strong><br \/>\nType of lighting: <strong>Indirect<\/strong><br \/>\nSensor: <strong>Light sensor<br \/>\n<\/strong>Treshold limit: <strong>4-10lx<\/strong><br \/>\nDetection distance: <strong>&#8211;<\/strong><br \/>\nCourtesy time: <strong>&#8211;<\/strong><br \/>\nAdjustable product: <strong>&#8211;<\/strong><br \/>\nAccessories: <strong>&#8211;<\/strong><br \/>\nGuarantee: <strong>3 years<\/strong>[\/vc_column_text][\/vc_column_inner][vc_column_inner width=&#8221;1\/3&#8243;][wyde_info_box icon_set=&#8221;simple_line&#8221; icon_simple_line=&#8221;sl-mouse&#8221; icon_position=&#8221;left&#8221; title=&#8221;SOLAR PANEL AND BATTERY&#8221;][\/wyde_info_box][vc_empty_space height=&#8221;10px&#8221;][vc_column_text]<br \/>\nType of solar panel: <strong>Polycrystalline<\/strong><br \/>\nType of encapsulation: <strong>Resin<\/strong><br \/>\nBattery charging time: <strong>8h<\/strong><br \/>\nBattery type: <strong>LiNiCoMnO2<\/strong><br \/>\nCharging voltage: <strong>3,7V<\/strong><br \/>\nCapacity: <strong>600mAh<\/strong><br \/>\nMaximum autonomy: <strong>8h<\/strong><br \/>\n[\/vc_column_text][\/vc_column_inner][vc_column_inner width=&#8221;1\/3&#8243;][wyde_info_box icon_set=&#8221;stroke_gap&#8221; icon_stroke_gap=&#8221;sg-Bulb&#8221; icon_position=&#8221;left&#8221; title=&#8221;LIGHTING&#8221;][\/wyde_info_box][vc_empty_space height=&#8221;10px&#8221;][vc_column_text]<br \/>\nLuminous flux: <strong>35lm<\/strong><br \/>\nLED power: <strong>0,15W<\/strong><br \/>\nColour temperature: <strong>3.000K<\/strong><br \/>\nNumber of LEDs: <strong>204<\/strong><br \/>\nOpening angle: <strong>&#8211;<\/strong><br \/>\nAverage life: <strong>15.000h<\/strong><br \/>\nNumber of switch-ons: <strong>50.000<\/strong><br \/>\nOperating modes:<br \/>\n<strong>Mode 1:<\/strong> Cycle: from mode 2 to 8 repeatedly at 80% light intensity &#8211; 8h autonomy<br \/>\n<strong>Mode 2:<\/strong> Intermittent wave at 80% luminous intensity &#8211; 8h autonomy<br \/>\n<strong>Mode 3:<\/strong> Flashing at 80% of luminous intensity &#8211; 8h autonomy<br \/>\n<strong>Mode 4:<\/strong> Gradual fading on one side at 80% luminous intensity &#8211; 8h autonomy<br \/>\n<strong>Mode 5:<\/strong> Star flashing + flash at 80% luminous intensity &#8211; 8h autonomy<br \/>\n<strong>Mode 6:<\/strong> Both sides fade in and out at 80% luminous intensity &#8211; 8h autonomy<br \/>\n<strong>Mode 7: <\/strong>Star flashing at 80% luminous intensity &#8211; 8h autonomy<br \/>\n<strong>Mode 8:<\/strong> Steady at 100% luminous intensity &#8211; 8h autonomy<br \/>\n*Autonomy with 100% battery charge<br \/>\n[\/vc_column_text][\/vc_column_inner][\/vc_row_inner][vc_empty_space height=&#8221;60px&#8221;][\/vc_column][\/vc_row][vc_row vertical_align=&#8221;middle&#8221; padding_size=&#8221;no-padding&#8221; background_mode=&#8221;color&#8221; background_color=&#8221;#f5f5f5&#8243;][vc_column text_align=&#8221;center&#8221; padding_size=&#8221;no-padding&#8221;][vc_row_inner vertical_align=&#8221;middle&#8221; padding_size=&#8221;no-padding&#8221; css=&#8221;.vc_custom_1664367242377{padding-top: 30px !important;padding-right: 60px !important;padding-bottom: 30px !important;padding-left: 60px !important;}&#8221;][vc_column_inner padding_size=&#8221;no-padding&#8221; width=&#8221;2\/3&#8243;][wyde_heading style=&#8221;2&#8243; title_tag=&#8221;h3&#8243; title=&#8221;Spare parts available for the solar garland L\u00cdRIDA&#8221; heading_color=&#8221;#000000&#8243;][vc_column_text]You can purchase your replacement part for your solar wall light from the same shop where you bought your fan or from another shop in the same chain.[\/vc_column_text][vc_empty_space][wyde_info_box icon=&#8221;fa fa-check&#8221; icon_position=&#8221;left&#8221; title=&#8221;BATTERY&#8221;][\/wyde_info_box][vc_empty_space height=&#8221;20px&#8221;][\/vc_column_inner][vc_column_inner text_align=&#8221;center&#8221; width=&#8221;1\/3&#8243; background_color=&#8221;#ffffff&#8221;][vc_empty_space height=&#8221;20px&#8221;][vc_column_text]<em>If you have any questions you can contact us through the contact form:<\/em>[\/vc_column_text][vc_empty_space height=&#8221;20px&#8221;][wyde_link_button icon_set=&#8221;simple_line&#8221; icon_simple_line=&#8221;sl-bubbles&#8221; style=&#8221;outline round&#8221; title=&#8221;Consult&#8221; link=&#8221;url:https%3A%2F%2Farteconfort.com%2Fcontacto%2F|||&#8221; color=&#8221;#61b4e4&#8243; hover_color=&#8221;#ffffff&#8221;][vc_empty_space height=&#8221;40px&#8221;][vc_single_image alignment=&#8221;center&#8221; image=&#8221;24268&#8243;][\/vc_column_inner][\/vc_row_inner][\/vc_column][\/vc_row][vc_row][vc_column][vc_video media_url=&#8221;https:\/\/www.youtube.com\/watch?v=LWh-zk_KYeM&#8221;][\/vc_column][\/vc_row]<\/p>\n<p>[vc_row][vc_column][vc_empty_space height=&#8221;80px&#8221;][\/vc_column][\/vc_row][vc_row vertical_align=&#8221;middle&#8221; padding_size=&#8221;no-padding&#8221; background_mode=&#8221;color&#8221; background_color=&#8221;#f5f5f5&#8243;][vc_column text_align=&#8221;center&#8221; offset=&#8221;vc_hidden-md vc_hidden-sm vc_hidden-xs&#8221;][vc_row_inner vertical_align=&#8221;middle&#8221; padding_size=&#8221;no-padding&#8221;][vc_column_inner text_align=&#8221;center&#8221; width=&#8221;1\/3&#8243;][vc_single_image alignment=&#8221;center&#8221; image=&#8221;24166&#8243;][\/vc_column_inner][vc_column_inner width=&#8221;1\/3&#8243;][vc_column_text]Find this solar garland for exclusive sale at <strong>LEROY MERLIN<\/strong>[\/vc_column_text][\/vc_column_inner][vc_column_inner width=&#8221;1\/3&#8243;][wyde_link_button icon_set=&#8221;simple_line&#8221; icon_simple_line=&#8221;sl-login&#8221; style=&#8221;outline round&#8221; title=&#8221;Access Leroy Merlin&#8221; link=&#8221;url:https%3A%2F%2Fwww.leroymerlin.es%2Fproductos%2Filuminacion%2Filuminacion-exterior%2Filuminacion-solar%2Filuminacion-solar-con-detector%2Fguirnalda-solar-lirida-35-lm-ip65-82926384.html||target:%20_blank|rel:nofollow&#8221; color=&#8221;#61b4e4&#8243; hover_color=&#8221;#ffffff&#8221;][\/vc_column_inner][\/vc_row_inner][\/vc_column][\/vc_row][vc_row vertical_align=&#8221;middle&#8221; padding_size=&#8221;no-padding&#8221; background_mode=&#8221;color&#8221; background_color=&#8221;#f5f5f5&#8243;][vc_column text_align=&#8221;center&#8221; padding_size=&#8221;no-padding&#8221; offset=&#8221;vc_hidden-lg&#8221;][vc_row_inner vertical_align=&#8221;middle&#8221; padding_size=&#8221;no-padding&#8221; css=&#8221;.vc_custom_1664367242377{padding-top: 30px !important;padding-right: 60px !important;padding-bottom: 30px !important;padding-left: 60px !important;}&#8221;][vc_column_inner padding_size=&#8221;no-padding&#8221; width=&#8221;1\/2&#8243;][vc_single_image alignment=&#8221;center&#8221; image=&#8221;24166&#8243;][\/vc_column_inner][vc_column_inner text_align=&#8221;center&#8221; width=&#8221;1\/2&#8243;][vc_column_text]Find this solar garland for exclusive sale at <strong>LEROY MERLIN<\/strong>[\/vc_column_text][vc_empty_space height=&#8221;10px&#8221;][wyde_link_button icon_set=&#8221;simple_line&#8221; icon_simple_line=&#8221;sl-login&#8221; style=&#8221;outline round&#8221; title=&#8221;Access Leroy Merlin&#8221; link=&#8221;url:https%3A%2F%2Fwww.leroymerlin.es%2Fproductos%2Filuminacion%2Filuminacion-exterior%2Filuminacion-solar%2Filuminacion-solar-con-detector%2Fguirnalda-solar-lirida-35-lm-ip65-82926384.html||target:%20_blank|rel:nofollow&#8221; color=&#8221;#61b4e4&#8243; hover_color=&#8221;#ffffff&#8221;][\/vc_column_inner][\/vc_row_inner][\/vc_column][\/vc_row]<\/p>\n<\/div>","protected":false},"excerpt":{"rendered":"<p>Liven up your outdoor spaces with the L\u00cdRIDA solar garland, with 204 LED lights, ideal for highlighting specific areas of your garden or terrace. It incorporates 8 different operating modes with an autonomy of 8 hours. In addition, you can choose whether you want to place it as a beacon or suspended. The packaging of this product is eco-friendly, that is, it does not include plastics.<br \/>\n<strong>Ref: LIRIDATR31<\/strong><\/p>\n<ul style=\"list-style-type: circle; padding-left: 80px;\">\n<li>Solar garland of warm light<\/li>\n<li>IP65<\/li>\n<li>204 LEDs<\/li>\n<\/ul>\n<p>[vc_row vertical_align=&#8221;middle&#8221; padding_size=&#8221;no-padding&#8221; background_mode=&#8221;color&#8221; background_color=&#8221;#f5f5f5&#8243;][vc_column text_align=&#8221;center&#8221; offset=&#8221;vc_hidden-md vc_hidden-sm vc_hidden-xs&#8221;][vc_row_inner vertical_align=&#8221;middle&#8221; padding_size=&#8221;no-padding&#8221; css=&#8221;.vc_custom_1664435191461{padding-top: 30px !important;padding-right: 60px !important;padding-bottom: 30px !important;padding-left: 60px !important;}&#8221;][vc_column_inner width=&#8221;1\/2&#8243;][vc_single_image image=&#8221;24179&#8243;][\/vc_column_inner][vc_column_inner width=&#8221;1\/2&#8243;][vc_column_text]Find this solar garland for exclusive sale at <strong>LEROY MERLIN<\/strong>[\/vc_column_text][vc_empty_space height=&#8221;10px&#8221;][wyde_link_button icon_set=&#8221;simple_line&#8221; icon_simple_line=&#8221;sl-login&#8221; style=&#8221;outline round&#8221; title=&#8221;Access Leroy Merlin&#8221; link=&#8221;url:https%3A%2F%2Fwww.leroymerlin.es%2Fproductos%2Filuminacion%2Filuminacion-exterior%2Filuminacion-solar%2Filuminacion-solar-con-detector%2Fguirnalda-solar-lirida-35-lm-ip65-82926384.html||target:%20_blank|rel:nofollow&#8221; color=&#8221;#61b4e4&#8243; hover_color=&#8221;#ffffff&#8221;][\/vc_column_inner][\/vc_row_inner][\/vc_column][\/vc_row][vc_row vertical_align=&#8221;middle&#8221; padding_size=&#8221;no-padding&#8221; background_mode=&#8221;color&#8221; background_color=&#8221;#f5f5f5&#8243;][vc_column text_align=&#8221;center&#8221; padding_size=&#8221;no-padding&#8221; offset=&#8221;vc_hidden-lg&#8221;][vc_row_inner vertical_align=&#8221;middle&#8221; padding_size=&#8221;no-padding&#8221; css=&#8221;.vc_custom_1664367242377{padding-top: 30px !important;padding-right: 60px !important;padding-bottom: 30px !important;padding-left: 60px !important;}&#8221;][vc_column_inner padding_size=&#8221;no-padding&#8221; width=&#8221;1\/2&#8243;][vc_single_image alignment=&#8221;center&#8221; image=&#8221;24165&#8243;][\/vc_column_inner][vc_column_inner text_align=&#8221;center&#8221; width=&#8221;1\/2&#8243;][vc_column_text]Find this solar garland for exclusive sale at <strong>LEROY MERLIN<\/strong>[\/vc_column_text][vc_empty_space height=&#8221;10px&#8221;][wyde_link_button icon_set=&#8221;simple_line&#8221; icon_simple_line=&#8221;sl-login&#8221; style=&#8221;outline round&#8221; title=&#8221;Access Leroy Merlin&#8221; link=&#8221;url:https%3A%2F%2Fwww.leroymerlin.es%2Fproductos%2Filuminacion%2Filuminacion-exterior%2Filuminacion-solar%2Filuminacion-solar-con-detector%2Fguirnalda-solar-lirida-35-lm-ip65-82926384.html||target:%20_blank|rel:nofollow&#8221; color=&#8221;#61b4e4&#8243; hover_color=&#8221;#ffffff&#8221;][\/vc_column_inner][\/vc_row_inner][\/vc_column][\/vc_row][vc_row][vc_column offset=&#8221;vc_hidden-xs&#8221;][vc_empty_space height=&#8221;60px&#8221;][\/vc_column][\/vc_row][vc_row][vc_column width=&#8221;1\/3&#8243;][wyde_link_button icon_set=&#8221;simple_line&#8221; icon_simple_line=&#8221;sl-settings&#8221; style=&#8221;round&#8221; title=&#8221;Instructions&#8221; link=&#8221;url:https%3A%2F%2Farteconfort.com%2Fwp-content%2Fuploads%2F2024%2F07%2Fim-LIRIDA-v2.pdf||target:%20_blank|rel:nofollow&#8221; color=&#8221;#ffffff&#8221; bg_color=&#8221;#222222&#8243;][\/vc_column][vc_column width=&#8221;1\/3&#8243;][wyde_link_button icon_set=&#8221;simple_line&#8221; icon_simple_line=&#8221;sl-social-youtube&#8221; style=&#8221;outline round&#8221; title=&#8221;Video&#8221; link=&#8221;url:https%3A%2F%2Fwww.youtube.com%2Fwatch%3Fv%3DLWh-zk_KYeM||target:%20_blank|rel:nofollow&#8221; color=&#8221;#222222&#8243; hover_color=&#8221;#ffffff&#8221;][\/vc_column][\/vc_row]<\/p>\n","protected":false},"featured_media":51580,"template":"","meta":[],"product_brand":[],"product_cat":[1051,231,229],"product_tag":[],"class_list":{"0":"post-14621","1":"product","2":"type-product","3":"status-publish","4":"has-post-thumbnail","6":"product_cat-collection-old-en","7":"product_cat-iluminacion-solar-de-pared-en","8":"product_cat-solar-en","10":"first","11":"instock","12":"shipping-taxable","13":"product-type-external"},"yoast_head":"<!-- This site is optimized with the Yoast SEO plugin v26.5 - https:\/\/yoast.com\/wordpress\/plugins\/seo\/ -->\n<title>L\u00cdRIDA - Colecci\u00f3n antigua, Pared, Solar - Arteconfort<\/title>\n<meta name=\"description\" content=\"Liven up your outdoor spaces with the L\u00cdRIDA solar garland, with 204 LED lights, ideal for highlighting specific areas of your garden or terrace. It incorporates 8 different operating modes with an autonomy of 8 hours. In addition, you can choose whether you want to place it as a beacon or suspended. The packaging of this product is eco-friendly, that is, it does not include plastics. Ref: LIRIDATR31   Solar garland of warm light  IP65  204 LEDs  Find this solar garland for exclusive sale at LEROY MERLINFind this solar garland for exclusive sale at LEROY MERLIN\" \/>\n<meta name=\"robots\" content=\"index, follow, max-snippet:-1, max-image-preview:large, max-video-preview:-1\" \/>\n<link rel=\"canonical\" href=\"https:\/\/arteconfort.com\/en\/producto\/lirida\/\" \/>\n<meta property=\"og:locale\" content=\"en_US\" \/>\n<meta property=\"og:type\" content=\"article\" \/>\n<meta property=\"og:title\" content=\"L\u00cdRIDA - Colecci\u00f3n antigua, Pared, Solar - Arteconfort\" \/>\n<meta property=\"og:description\" content=\"Liven up your outdoor spaces with the L\u00cdRIDA solar garland, with 204 LED lights, ideal for highlighting specific areas of your garden or terrace. It incorporates 8 different operating modes with an autonomy of 8 hours. In addition, you can choose whether you want to place it as a beacon or suspended. The packaging of this product is eco-friendly, that is, it does not include plastics. Ref: LIRIDATR31   Solar garland of warm light  IP65  204 LEDs  Find this solar garland for exclusive sale at LEROY MERLINFind this solar garland for exclusive sale at LEROY MERLIN\" \/>\n<meta property=\"og:url\" content=\"https:\/\/arteconfort.com\/en\/producto\/lirida\/\" \/>\n<meta property=\"og:site_name\" content=\"Arteconfort\" \/>\n<meta property=\"article:modified_time\" content=\"2024-07-05T07:11:53+00:00\" \/>\n<meta property=\"og:image\" content=\"https:\/\/arteconfort.com\/wp-content\/uploads\/2025\/10\/ambiente-LIRIDA-1.webp\" \/>\n\t<meta property=\"og:image:width\" content=\"1024\" \/>\n\t<meta property=\"og:image:height\" content=\"1024\" \/>\n\t<meta property=\"og:image:type\" content=\"image\/webp\" \/>\n<meta name=\"twitter:card\" content=\"summary_large_image\" \/>\n<meta name=\"twitter:label1\" content=\"Est. reading time\" \/>\n\t<meta name=\"twitter:data1\" content=\"3 minutes\" \/>\n<!-- \/ Yoast SEO plugin. -->","yoast_head_json":{"title":"L\u00cdRIDA - Colecci\u00f3n antigua, Pared, Solar - Arteconfort","description":"Liven up your outdoor spaces with the L\u00cdRIDA solar garland, with 204 LED lights, ideal for highlighting specific areas of your garden or terrace. It incorporates 8 different operating modes with an autonomy of 8 hours. In addition, you can choose whether you want to place it as a beacon or suspended. The packaging of this product is eco-friendly, that is, it does not include plastics. Ref: LIRIDATR31   Solar garland of warm light  IP65  204 LEDs  Find this solar garland for exclusive sale at LEROY MERLINFind this solar garland for exclusive sale at LEROY MERLIN","robots":{"index":"index","follow":"follow","max-snippet":"max-snippet:-1","max-image-preview":"max-image-preview:large","max-video-preview":"max-video-preview:-1"},"canonical":"https:\/\/arteconfort.com\/en\/producto\/lirida\/","og_locale":"en_US","og_type":"article","og_title":"L\u00cdRIDA - Colecci\u00f3n antigua, Pared, Solar - Arteconfort","og_description":"Liven up your outdoor spaces with the L\u00cdRIDA solar garland, with 204 LED lights, ideal for highlighting specific areas of your garden or terrace. It incorporates 8 different operating modes with an autonomy of 8 hours. In addition, you can choose whether you want to place it as a beacon or suspended. The packaging of this product is eco-friendly, that is, it does not include plastics. Ref: LIRIDATR31   Solar garland of warm light  IP65  204 LEDs  Find this solar garland for exclusive sale at LEROY MERLINFind this solar garland for exclusive sale at LEROY MERLIN","og_url":"https:\/\/arteconfort.com\/en\/producto\/lirida\/","og_site_name":"Arteconfort","article_modified_time":"2024-07-05T07:11:53+00:00","og_image":[{"width":1024,"height":1024,"url":"https:\/\/arteconfort.com\/wp-content\/uploads\/2025\/10\/ambiente-LIRIDA-1.webp","type":"image\/webp"}],"twitter_card":"summary_large_image","twitter_misc":{"Est. reading time":"3 minutes"},"schema":{"@context":"https:\/\/schema.org","@graph":[{"@type":"WebPage","@id":"https:\/\/arteconfort.com\/en\/producto\/lirida\/","url":"https:\/\/arteconfort.com\/en\/producto\/lirida\/","name":"L\u00cdRIDA - Colecci\u00f3n antigua, Pared, Solar - Arteconfort","isPartOf":{"@id":"https:\/\/arteconfort.com\/en\/#website"},"primaryImageOfPage":{"@id":"https:\/\/arteconfort.com\/en\/producto\/lirida\/#primaryimage"},"image":{"@id":"https:\/\/arteconfort.com\/en\/producto\/lirida\/#primaryimage"},"thumbnailUrl":"https:\/\/arteconfort.com\/wp-content\/uploads\/2025\/10\/ambiente-LIRIDA-1.webp","datePublished":"2021-09-13T13:22:16+00:00","dateModified":"2024-07-05T07:11:53+00:00","description":"Liven up your outdoor spaces with the L\u00cdRIDA solar garland, with 204 LED lights, ideal for highlighting specific areas of your garden or terrace. It incorporates 8 different operating modes with an autonomy of 8 hours. In addition, you can choose whether you want to place it as a beacon or suspended. The packaging of this product is eco-friendly, that is, it does not include plastics. Ref: LIRIDATR31 Solar garland of warm light IP65 204 LEDs Find this solar garland for exclusive sale at LEROY MERLINFind this solar garland for exclusive sale at LEROY MERLIN","breadcrumb":{"@id":"https:\/\/arteconfort.com\/en\/producto\/lirida\/#breadcrumb"},"inLanguage":"en-US","potentialAction":[{"@type":"ReadAction","target":["https:\/\/arteconfort.com\/en\/producto\/lirida\/"]}]},{"@type":"ImageObject","inLanguage":"en-US","@id":"https:\/\/arteconfort.com\/en\/producto\/lirida\/#primaryimage","url":"https:\/\/arteconfort.com\/wp-content\/uploads\/2025\/10\/ambiente-LIRIDA-1.webp","contentUrl":"https:\/\/arteconfort.com\/wp-content\/uploads\/2025\/10\/ambiente-LIRIDA-1.webp","width":1024,"height":1024},{"@type":"BreadcrumbList","@id":"https:\/\/arteconfort.com\/en\/producto\/lirida\/#breadcrumb","itemListElement":[{"@type":"ListItem","position":1,"name":"Inicio","item":"https:\/\/arteconfort.com\/en\/"},{"@type":"ListItem","position":2,"name":"Shop","item":"https:\/\/arteconfort.com\/en\/shop\/"},{"@type":"ListItem","position":3,"name":"L\u00cdRIDA"}]},{"@type":"WebSite","@id":"https:\/\/arteconfort.com\/en\/#website","url":"https:\/\/arteconfort.com\/en\/","name":"Arteconfort","description":"Especialistas en productos del hogar","publisher":{"@id":"https:\/\/arteconfort.com\/en\/#organization"},"potentialAction":[{"@type":"SearchAction","target":{"@type":"EntryPoint","urlTemplate":"https:\/\/arteconfort.com\/en\/?s={search_term_string}"},"query-input":{"@type":"PropertyValueSpecification","valueRequired":true,"valueName":"search_term_string"}}],"inLanguage":"en-US"},{"@type":"Organization","@id":"https:\/\/arteconfort.com\/en\/#organization","name":"Arteconfort","url":"https:\/\/arteconfort.com\/en\/","logo":{"@type":"ImageObject","inLanguage":"en-US","@id":"https:\/\/arteconfort.com\/en\/#\/schema\/logo\/image\/","url":"https:\/\/arteconfort.com\/wp-content\/uploads\/2019\/07\/logo-arteconfort.png","contentUrl":"https:\/\/arteconfort.com\/wp-content\/uploads\/2019\/07\/logo-arteconfort.png","width":230,"height":88,"caption":"Arteconfort"},"image":{"@id":"https:\/\/arteconfort.com\/en\/#\/schema\/logo\/image\/"}}]}},"_links":{"self":[{"href":"https:\/\/arteconfort.com\/en\/wp-json\/wp\/v2\/product\/14621","targetHints":{"allow":["GET"]}}],"collection":[{"href":"https:\/\/arteconfort.com\/en\/wp-json\/wp\/v2\/product"}],"about":[{"href":"https:\/\/arteconfort.com\/en\/wp-json\/wp\/v2\/types\/product"}],"wp:featuredmedia":[{"embeddable":true,"href":"https:\/\/arteconfort.com\/en\/wp-json\/wp\/v2\/media\/51580"}],"wp:attachment":[{"href":"https:\/\/arteconfort.com\/en\/wp-json\/wp\/v2\/media?parent=14621"}],"wp:term":[{"taxonomy":"product_brand","embeddable":true,"href":"https:\/\/arteconfort.com\/en\/wp-json\/wp\/v2\/product_brand?post=14621"},{"taxonomy":"product_cat","embeddable":true,"href":"https:\/\/arteconfort.com\/en\/wp-json\/wp\/v2\/product_cat?post=14621"},{"taxonomy":"product_tag","embeddable":true,"href":"https:\/\/arteconfort.com\/en\/wp-json\/wp\/v2\/product_tag?post=14621"}],"curies":[{"name":"wp","href":"https:\/\/api.w.org\/{rel}","templated":true}]}}