{"id":21088,"date":"2021-10-25T13:41:58","date_gmt":"2022-03-24T15:10:12","guid":{"rendered":"https:\/\/arteconfort.com\/?post_type=product&#038;p=21088"},"modified":"2025-06-06T10:18:54","modified_gmt":"2025-06-06T08:18:54","slug":"cacela","status":"publish","type":"product","link":"https:\/\/arteconfort.com\/en\/producto\/cacela\/","title":{"rendered":"CACELA"},"content":{"rendered":"<div class=\"wpb-content-wrapper\"><p>[vc_row][vc_column][vc_empty_space height=&#8221;60px&#8221;][vc_row_inner][vc_column_inner width=&#8221;1\/3&#8243;][wyde_info_box icon_set=&#8221;simple_line&#8221; icon_simple_line=&#8221;sl-energy&#8221; icon_position=&#8221;left&#8221; title=&#8221;PHYSICAL AND ELECTRICAL CHARACTERISTICS&#8221;][\/wyde_info_box][vc_empty_space height=&#8221;10px&#8221;][vc_column_text]Height: <strong>37cm<\/strong><br \/>\nDiameter:<strong> 92 cm<\/strong><br \/>\nWeight: <strong>4,3 kg<\/strong><br \/>\nBody material: <strong>Metal<\/strong><br \/>\nBlades material: <strong>Plywood<\/strong><br \/>\nBody finish: <strong>White<\/strong><br \/>\nBlades finish: <strong>White<\/strong><br \/>\nNumber of blades: <strong>3<\/strong><br \/>\nReversible blades: <strong>Yes<\/strong><br \/>\nMotor:<strong> DC<\/strong><br \/>\nVoltage: <strong>230Vac<\/strong><br \/>\nSpeed power: <strong>3,1W-4,7W-7W-9,9W-15,5W-23,2W<\/strong><br \/>\nRPM of speeds: <strong>100-125-150-180-210-240<\/strong><br \/>\nNoise output of speeds: <strong>20dBs-24dBs-30dBs-33dBs-37dBs-42dBs<\/strong><br \/>\nAir flow velocities: <strong>2530m<sup>2<\/sup>-2794m<sup>2<\/sup>-3010m<sup>2<\/sup>-3688m<sup>2<\/sup>-4350m<sup>2<\/sup>-5234m<sup>2<\/sup><\/strong><br \/>\nMax. recommended surface area: <strong>&lt;13m<sup>2<\/sup><\/strong><br \/>\nIP: <strong>20<\/strong><br \/>\nMax. ceiling inclination: <strong>15\u00ba<\/strong><br \/>\nSafety distance:<strong> 2,3m<\/strong><br \/>\nElectrical insulation:<strong> Class I<\/strong><br \/>\nAccessories: <strong>Stabiliser and additional 25cm post<\/strong><br \/>\nWarranty: <strong>Motor 5 years &#8211; Rest of components 3 years<\/strong>[\/vc_column_text][\/vc_column_inner][vc_column_inner width=&#8221;1\/3&#8243;][wyde_info_box icon_set=&#8221;simple_line&#8221; icon_simple_line=&#8221;sl-mouse&#8221; icon_position=&#8221;left&#8221; title=&#8221;CONTROL AND FUNCTIONS&#8221;][\/wyde_info_box][vc_empty_space height=&#8221;10px&#8221;][vc_column_text]Control: <strong>Yes<\/strong><br \/>\nBatteries: <strong>2xAAA (Not included)<\/strong><br \/>\nNumber of speeds: <strong>6<\/strong><br \/>\nProgramming: <strong>Up to 9h<\/strong><br \/>\nBreeze mode: <strong>Yes<\/strong><br \/>\nSummer\/winter mode: <strong>Yes<\/strong><br \/>\nThermostat: <strong>No<\/strong><br \/>\nPower on memory: <strong>Yes<\/strong><br \/>\nWi-Fi connection: <strong>No<\/strong><br \/>\nBluetooth connection: <strong>No<\/strong>[\/vc_column_text][\/vc_column_inner][vc_column_inner width=&#8221;1\/3&#8243;][wyde_info_box icon_set=&#8221;stroke_gap&#8221; icon_stroke_gap=&#8221;sg-Bulb&#8221; icon_position=&#8221;left&#8221; title=&#8221;LIGHTING&#8221;][\/wyde_info_box][vc_empty_space height=&#8221;10px&#8221;][vc_column_text]Luminous flux: <strong>3.000lm<\/strong><br \/>\nLED Power: <strong>24W<\/strong><br \/>\nColour temperature: <strong>Yes<\/strong><br \/>\nColour temperature change: <strong>3000K-4000K-5500K<\/strong><br \/>\nDimming: <strong>Up to 8 levels<\/strong><br \/>\nAngle of aperture: <strong>160\u00ba<\/strong><br \/>\nAverage life: <strong>30.000h<\/strong><br \/>\nNumber of ignitions: <strong>20.000<\/strong><br \/>\nColour temperature memory: <strong>Yes<\/strong><br \/>\nEnergy efficiency label: D[\/vc_column_text][\/vc_column_inner][\/vc_row_inner][vc_empty_space height=&#8221;60px&#8221;][\/vc_column][\/vc_row][vc_row vertical_align=&#8221;middle&#8221; padding_size=&#8221;no-padding&#8221; background_mode=&#8221;color&#8221; background_color=&#8221;#f5f5f5&#8243;][vc_column text_align=&#8221;center&#8221; padding_size=&#8221;no-padding&#8221;][vc_row_inner vertical_align=&#8221;middle&#8221; padding_size=&#8221;no-padding&#8221; css=&#8221;.vc_custom_1664367242377{padding-top: 30px !important;padding-right: 60px !important;padding-bottom: 30px !important;padding-left: 60px !important;}&#8221;][vc_column_inner padding_size=&#8221;no-padding&#8221; width=&#8221;2\/3&#8243;][wyde_heading style=&#8221;2&#8243; title_tag=&#8221;h3&#8243; title=&#8221;Spare parts available for the CACELA fan&#8221; heading_color=&#8221;#000000&#8243;][vc_column_text]You can purchase your spare part for your fan from the same shop where you bought your fan or from another shop in the same chain.[\/vc_column_text][vc_empty_space][wyde_info_box icon=&#8221;fa fa-check&#8221; icon_position=&#8221;left&#8221; title=&#8221;LIGHT TULIP&#8221;][\/wyde_info_box][wyde_info_box icon=&#8221;fa fa-check&#8221; icon_position=&#8221;left&#8221; title=&#8221;LED DISPLAY&#8221;][\/wyde_info_box][wyde_info_box icon=&#8221;fa fa-check&#8221; icon_position=&#8221;left&#8221; title=&#8221;REMOTE CONTROL&#8221;][\/wyde_info_box][wyde_info_box icon=&#8221;fa fa-check&#8221; icon_position=&#8221;left&#8221; title=&#8221;CONTROLLER&#8221;][\/wyde_info_box][vc_empty_space height=&#8221;20px&#8221;][\/vc_column_inner][vc_column_inner text_align=&#8221;center&#8221; width=&#8221;1\/3&#8243; background_color=&#8221;#ffffff&#8221;][vc_empty_space height=&#8221;20px&#8221;][vc_column_text]<em>If you have any questions you can contact us through the contact form:<\/em>[\/vc_column_text][vc_empty_space height=&#8221;20px&#8221;][wyde_link_button icon_set=&#8221;simple_line&#8221; icon_simple_line=&#8221;sl-bubbles&#8221; style=&#8221;outline round&#8221; title=&#8221;Consult&#8221; link=&#8221;url:https%3A%2F%2Farteconfort.com%2Fcontacto%2F|||&#8221; color=&#8221;#61b4e4&#8243; hover_color=&#8221;#ffffff&#8221;][vc_empty_space height=&#8221;40px&#8221;][vc_single_image alignment=&#8221;center&#8221; image=&#8221;24268&#8243;][\/vc_column_inner][\/vc_row_inner][\/vc_column][\/vc_row][vc_row padding_size=&#8221;no-padding&#8221;][vc_column padding_size=&#8221;no-padding&#8221;][vc_empty_space height=&#8221;80px&#8221;][wyde_heading style=&#8221;2&#8243; subheading_tag=&#8221;h5&#8243; text_align=&#8221;center&#8221; title=&#8221;What people say about the CACELA fan&#8221; subheading=&#8221;(Source of opinions leroymerlin.es)&#8221; heading_color=&#8221;#000000&#8243; subheading_color=&#8221;#bbbbbb&#8221;][\/vc_column][\/vc_row][vc_row padding_size=&#8221;no-padding&#8221;][vc_column padding_size=&#8221;m-padding&#8221; width=&#8221;1\/3&#8243; el_class=&#8221;comentarios-producto&#8221;][vc_row_inner][vc_column_inner text_align=&#8221;center&#8221; padding_size=&#8221;s-padding&#8221; css=&#8221;.vc_custom_1664188928661{border: 1px solid #cccccc !important;}&#8221;][vc_column_text]\u2605\u2605\u2605\u2605\u2605<\/p>\n<p><em>\u201cBuen producto. No hace nada de ruido. Perfecto!\u201d<\/em>[\/vc_column_text][vc_column_text]<\/p>\n<p style=\"text-align: center;\"><strong>MartaCT<\/strong><\/p>\n<p>[\/vc_column_text][\/vc_column_inner][\/vc_row_inner][\/vc_column][vc_column padding_size=&#8221;m-padding&#8221; width=&#8221;1\/3&#8243; el_class=&#8221;comentarios-producto&#8221;][vc_row_inner][vc_column_inner text_align=&#8221;center&#8221; padding_size=&#8221;s-padding&#8221; css=&#8221;.vc_custom_1664188994351{border: 1px solid #cccccc !important;}&#8221;][vc_column_text]\u2605\u2605\u2605\u2605\u2605<\/p>\n<p><em>\u201cDe este producto me gusta todo, su f\u00e1cil\u00a0montaje, buen dise\u00f1o, tiene varias potencias, tambi\u00e9n el modo brisa. He comprado uno para cada habitaci\u00f3n, con lo que conseguimos que cada persona en su habitaci\u00f3n pueda disfrutar de la intensidad de aire que prefiere. Muy buena relaci\u00f3n calidad precio. As\u00ed que Genial!!\u201d<\/em>[\/vc_column_text][vc_column_text]<\/p>\n<p style=\"text-align: center;\"><strong>Ollabac<\/strong><\/p>\n<p>[\/vc_column_text][\/vc_column_inner][\/vc_row_inner][\/vc_column][vc_column padding_size=&#8221;m-padding&#8221; width=&#8221;1\/3&#8243; el_class=&#8221;comentarios-producto&#8221;][vc_row_inner][vc_column_inner text_align=&#8221;center&#8221; padding_size=&#8221;s-padding&#8221; css=&#8221;.vc_custom_1664188963265{border: 1px solid #cccccc !important;}&#8221;][vc_column_text]\u2605\u2605\u2605\u2605\u2605<\/p>\n<p><em>\u201cLo que mas me ha gustado la variedad de luz, tanto c\u00e1lida\u00a0como neutra como fr\u00eda\u00a0y sobre todo las 8 velocidades del ventilador\u201d<\/em>[\/vc_column_text][vc_column_text]<\/p>\n<p style=\"text-align: center;\"><strong>Marina69<\/strong><\/p>\n<p>[\/vc_column_text][\/vc_column_inner][\/vc_row_inner][\/vc_column][\/vc_row][vc_row][vc_column][vc_empty_space height=&#8221;80px&#8221;][\/vc_column][\/vc_row][vc_row vertical_align=&#8221;middle&#8221; padding_size=&#8221;no-padding&#8221; background_mode=&#8221;color&#8221; background_color=&#8221;#f5f5f5&#8243;][vc_column text_align=&#8221;center&#8221; offset=&#8221;vc_hidden-md vc_hidden-sm vc_hidden-xs&#8221;][vc_row_inner vertical_align=&#8221;middle&#8221; padding_size=&#8221;no-padding&#8221;][vc_column_inner text_align=&#8221;center&#8221; width=&#8221;1\/3&#8243;][vc_single_image alignment=&#8221;center&#8221; image=&#8221;24166&#8243;][\/vc_column_inner][vc_column_inner width=&#8221;1\/3&#8243;][vc_column_text]Find this ceiling fan for sale exclusively at <strong>LEROY MERLIN<\/strong>[\/vc_column_text][\/vc_column_inner][vc_column_inner width=&#8221;1\/3&#8243;][wyde_link_button icon_set=&#8221;simple_line&#8221; icon_simple_line=&#8221;sl-login&#8221; style=&#8221;outline round&#8221; title=&#8221;Access to Leroy Merlin&#8221; link=&#8221;url:https%3A%2F%2Fwww.leroymerlin.es%2Ffp%2F83738629%2Fventilador-de-techo-con-luz-motor-dc-cacela-blanco-92-cm||target:%20_blank|rel:nofollow&#8221;#61b4e4&#8243; hover_color=&#8221;#ffffff&#8221;][\/vc_column_inner][\/vc_row_inner][\/vc_column][\/vc_row][vc_row vertical_align=&#8221;middle&#8221; padding_size=&#8221;no-padding&#8221; background_mode=&#8221;color&#8221; background_color=&#8221;#f5f5f5&#8243;][vc_column text_align=&#8221;center&#8221; padding_size=&#8221;no-padding&#8221; offset=&#8221;vc_hidden-lg&#8221;][vc_row_inner vertical_align=&#8221;middle&#8221; padding_size=&#8221;no-padding&#8221; css=&#8221;.vc_custom_1664367242377{padding-top: 30px !important;padding-right: 60px !important;padding-bottom: 30px !important;padding-left: 60px !important;}&#8221;][vc_column_inner padding_size=&#8221;no-padding&#8221; width=&#8221;1\/2&#8243;][vc_single_image alignment=&#8221;center&#8221; image=&#8221;24166&#8243;][\/vc_column_inner][vc_column_inner text_align=&#8221;center&#8221; width=&#8221;1\/2&#8243;][vc_column_text]Find this ceiling fan for sale exclusively at <strong>LEROY MERLIN<\/strong>[\/vc_column_text][vc_empty_space height=&#8221;10px&#8221;][wyde_link_button icon_set=&#8221;simple_line&#8221; icon_simple_line=&#8221;sl-login&#8221; style=&#8221;outline round&#8221; title=&#8221;Access to Leroy Merlin&#8221; link=&#8221;url:https%3A%2F%2Fwww.leroymerlin.es%2Ffp%2F83738629%2Fventilador-de-techo-con-luz-motor-dc-cacela-blanco-92-cm||target:%20_blank|rel:nofollow&#8221; color=&#8221;#61b4e4&#8243; hover_color=&#8221;#ffffff&#8221;][\/vc_column_inner][\/vc_row_inner][\/vc_column][\/vc_row]<\/p>\n<\/div>","protected":false},"excerpt":{"rendered":"<p>Cacela ceiling fan with integrated LED light and colour temperature memory. It has a metal body and 3 white blades, is easy to install and suitable for sloping ceilings (up to 15\u00ba). It has a highly efficient DC (direct current) motor that reduces energy consumption while generating a pleasant atmosphere thanks to its silent operation. It includes a remote control to control and change programming modes (up to 9 hours), colour temperature (3000K-4000K-5500K), speeds (6), light intensity (up to 8 levels), breeze mode (sensation created by constantly changing speeds) and winter-summer mode. This elegant model can be used in rooms smaller than 13m<sup>2.<\/sup><br \/>\n<strong>Ref: CACELABL21<\/strong><\/p>\n<ul style=\"list-style-type: circle; padding-left: 80px;\">\n<li>Fan for small rooms<\/li>\n<li>Large airflow<\/li>\n<li>LED lighting with colour temperature memory<\/li>\n<\/ul>\n<p>[vc_row vertical_align=&#8221;middle&#8221; padding_size=&#8221;no-padding&#8221; background_mode=&#8221;color&#8221; background_color=&#8221;#f5f5f5&#8243;][vc_column text_align=&#8221;center&#8221; offset=&#8221;vc_hidden-md vc_hidden-sm vc_hidden-xs&#8221;][vc_row_inner vertical_align=&#8221;middle&#8221; padding_size=&#8221;no-padding&#8221; css=&#8221;.vc_custom_1664435191461{padding-top: 30px !important;padding-right: 60px !important;padding-bottom: 30px !important;padding-left: 60px !important;}&#8221;][vc_column_inner width=&#8221;1\/2&#8243;][vc_single_image image=&#8221;24179&#8243;][\/vc_column_inner][vc_column_inner width=&#8221;1\/2&#8243;][vc_column_text]Find this ceiling fan for sale exclusively at <strong>LEROY MERLIN<\/strong>[\/vc_column_text][vc_empty_space height=&#8221;10px&#8221;][wyde_link_button icon_set=&#8221;simple_line&#8221; icon_simple_line=&#8221;sl-login&#8221; style=&#8221;outline round&#8221; title=&#8221;Access to Leroy Merlin&#8221; link=&#8221;url:https%3A%2F%2Fwww.leroymerlin.es%2Ffp%2F83738629%2Fventilador-de-techo-con-luz-motor-dc-cacela-blanco-92-cm||target:%20_blank|rel:nofollow&#8221; color=&#8221;#61b4e4&#8243; hover_color=&#8221;#ffffff&#8221;][\/vc_column_inner][\/vc_row_inner][\/vc_column][\/vc_row][vc_row vertical_align=&#8221;middle&#8221; padding_size=&#8221;no-padding&#8221; background_mode=&#8221;color&#8221; background_color=&#8221;#f5f5f5&#8243;][vc_column text_align=&#8221;center&#8221; padding_size=&#8221;no-padding&#8221; offset=&#8221;vc_hidden-lg&#8221;][vc_row_inner vertical_align=&#8221;middle&#8221; padding_size=&#8221;no-padding&#8221; css=&#8221;.vc_custom_1664367242377{padding-top: 30px !important;padding-right: 60px !important;padding-bottom: 30px !important;padding-left: 60px !important;}&#8221;][vc_column_inner padding_size=&#8221;no-padding&#8221; width=&#8221;1\/2&#8243;][vc_single_image alignment=&#8221;center&#8221; image=&#8221;24165&#8243;][\/vc_column_inner][vc_column_inner text_align=&#8221;center&#8221; width=&#8221;1\/2&#8243;][vc_column_text]Find this ceiling fan for sale exclusively at <strong>LEROY MERLIN<\/strong>[\/vc_column_text][vc_empty_space height=&#8221;10px&#8221;][wyde_link_button icon_set=&#8221;simple_line&#8221; icon_simple_line=&#8221;sl-login&#8221; style=&#8221;outline round&#8221; title=&#8221;Access to Leroy Merlin&#8221; link=&#8221;url:https%3A%2F%2Fwww.leroymerlin.es%2Ffp%2F83738629%2Fventilador-de-techo-con-luz-motor-dc-cacela-blanco-92-cm||target:%20_blank|rel:nofollow&#8221; color=&#8221;#61b4e4&#8243; hover_color=&#8221;#ffffff&#8221;][\/vc_column_inner][\/vc_row_inner][\/vc_column][\/vc_row][vc_row][vc_column offset=&#8221;vc_hidden-xs&#8221;][vc_empty_space height=&#8221;60px&#8221;][\/vc_column][\/vc_row][vc_row][vc_column width=&#8221;1\/3&#8243;][wyde_link_button icon_set=&#8221;simple_line&#8221; icon_simple_line=&#8221;sl-settings&#8221; style=&#8221;round&#8221; title=&#8221;Instructions&#8221; link=&#8221;url:https%3A%2F%2Farteconfort.com%2Fwp-content%2Fuploads%2F2024%2F06%2Fim-CACELA-v3.pdf||target:%20_blank|rel:nofollow&#8221; color=&#8221;#ffffff&#8221; bg_color=&#8221;#222222&#8243;][\/vc_column][\/vc_row]<\/p>\n","protected":false},"featured_media":38788,"template":"","meta":[],"product_brand":[],"product_cat":[211,1051,213],"product_tag":[],"class_list":{"0":"post-21088","1":"product","2":"type-product","3":"status-publish","4":"has-post-thumbnail","6":"product_cat-climatizacion-en","7":"product_cat-collection-old-en","8":"product_cat-ventiladores-de-techo-en","10":"first","11":"instock","12":"shipping-taxable","13":"product-type-simple"},"yoast_head":"<!-- This site is optimized with the Yoast SEO plugin v26.5 - https:\/\/yoast.com\/wordpress\/plugins\/seo\/ -->\n<title>CACELA - Climatizaci\u00f3n, Colecci\u00f3n antigua, Ventiladores de techo - Arteconfort<\/title>\n<meta name=\"description\" content=\"Cacela ceiling fan with integrated LED light and colour temperature memory. It has a metal body and 3 white blades, is easy to install and suitable for sloping ceilings (up to 15\u00ba). It has a highly efficient DC (direct current) motor that reduces energy consumption while generating a pleasant atmosphere thanks to its silent operation. It includes a remote control to control and change programming modes (up to 9 hours), colour temperature (3000K-4000K-5500K), speeds (6), light intensity (up to 8 levels), breeze mode (sensation created by constantly changing speeds) and winter-summer mode. This elegant model can be used in rooms smaller than 13m2. Ref: CACELABL21   Fan for small rooms  Large airflow  LED lighting with colour temperature memory  Find this ceiling fan for sale exclusively at LEROY MERLINFind this ceiling fan for sale exclusively at LEROY MERLIN\" \/>\n<meta name=\"robots\" content=\"index, follow, max-snippet:-1, max-image-preview:large, max-video-preview:-1\" \/>\n<link rel=\"canonical\" href=\"https:\/\/arteconfort.com\/en\/producto\/cacela\/\" \/>\n<meta property=\"og:locale\" content=\"en_US\" \/>\n<meta property=\"og:type\" content=\"article\" \/>\n<meta property=\"og:title\" content=\"CACELA - Climatizaci\u00f3n, Colecci\u00f3n antigua, Ventiladores de techo - Arteconfort\" \/>\n<meta property=\"og:description\" content=\"Cacela ceiling fan with integrated LED light and colour temperature memory. It has a metal body and 3 white blades, is easy to install and suitable for sloping ceilings (up to 15\u00ba). It has a highly efficient DC (direct current) motor that reduces energy consumption while generating a pleasant atmosphere thanks to its silent operation. It includes a remote control to control and change programming modes (up to 9 hours), colour temperature (3000K-4000K-5500K), speeds (6), light intensity (up to 8 levels), breeze mode (sensation created by constantly changing speeds) and winter-summer mode. This elegant model can be used in rooms smaller than 13m2. Ref: CACELABL21   Fan for small rooms  Large airflow  LED lighting with colour temperature memory  Find this ceiling fan for sale exclusively at LEROY MERLINFind this ceiling fan for sale exclusively at LEROY MERLIN\" \/>\n<meta property=\"og:url\" content=\"https:\/\/arteconfort.com\/en\/producto\/cacela\/\" \/>\n<meta property=\"og:site_name\" content=\"Arteconfort\" \/>\n<meta property=\"article:modified_time\" content=\"2025-06-06T08:18:54+00:00\" \/>\n<meta property=\"og:image\" content=\"https:\/\/arteconfort.com\/wp-content\/uploads\/2024\/06\/ventilador-CACELA-foto-con-ventilador.webp\" \/>\n\t<meta property=\"og:image:width\" content=\"1024\" \/>\n\t<meta property=\"og:image:height\" content=\"1024\" \/>\n\t<meta property=\"og:image:type\" content=\"image\/webp\" \/>\n<meta name=\"twitter:card\" content=\"summary_large_image\" \/>\n<meta name=\"twitter:label1\" content=\"Est. reading time\" \/>\n\t<meta name=\"twitter:data1\" content=\"3 minutes\" \/>\n<!-- \/ Yoast SEO plugin. -->","yoast_head_json":{"title":"CACELA - Climatizaci\u00f3n, Colecci\u00f3n antigua, Ventiladores de techo - Arteconfort","description":"Cacela ceiling fan with integrated LED light and colour temperature memory. It has a metal body and 3 white blades, is easy to install and suitable for sloping ceilings (up to 15\u00ba). It has a highly efficient DC (direct current) motor that reduces energy consumption while generating a pleasant atmosphere thanks to its silent operation. It includes a remote control to control and change programming modes (up to 9 hours), colour temperature (3000K-4000K-5500K), speeds (6), light intensity (up to 8 levels), breeze mode (sensation created by constantly changing speeds) and winter-summer mode. This elegant model can be used in rooms smaller than 13m2. Ref: CACELABL21   Fan for small rooms  Large airflow  LED lighting with colour temperature memory  Find this ceiling fan for sale exclusively at LEROY MERLINFind this ceiling fan for sale exclusively at LEROY MERLIN","robots":{"index":"index","follow":"follow","max-snippet":"max-snippet:-1","max-image-preview":"max-image-preview:large","max-video-preview":"max-video-preview:-1"},"canonical":"https:\/\/arteconfort.com\/en\/producto\/cacela\/","og_locale":"en_US","og_type":"article","og_title":"CACELA - Climatizaci\u00f3n, Colecci\u00f3n antigua, Ventiladores de techo - Arteconfort","og_description":"Cacela ceiling fan with integrated LED light and colour temperature memory. It has a metal body and 3 white blades, is easy to install and suitable for sloping ceilings (up to 15\u00ba). It has a highly efficient DC (direct current) motor that reduces energy consumption while generating a pleasant atmosphere thanks to its silent operation. It includes a remote control to control and change programming modes (up to 9 hours), colour temperature (3000K-4000K-5500K), speeds (6), light intensity (up to 8 levels), breeze mode (sensation created by constantly changing speeds) and winter-summer mode. This elegant model can be used in rooms smaller than 13m2. Ref: CACELABL21   Fan for small rooms  Large airflow  LED lighting with colour temperature memory  Find this ceiling fan for sale exclusively at LEROY MERLINFind this ceiling fan for sale exclusively at LEROY MERLIN","og_url":"https:\/\/arteconfort.com\/en\/producto\/cacela\/","og_site_name":"Arteconfort","article_modified_time":"2025-06-06T08:18:54+00:00","og_image":[{"width":1024,"height":1024,"url":"https:\/\/arteconfort.com\/wp-content\/uploads\/2024\/06\/ventilador-CACELA-foto-con-ventilador.webp","type":"image\/webp"}],"twitter_card":"summary_large_image","twitter_misc":{"Est. reading time":"3 minutes"},"schema":{"@context":"https:\/\/schema.org","@graph":[{"@type":"WebPage","@id":"https:\/\/arteconfort.com\/en\/producto\/cacela\/","url":"https:\/\/arteconfort.com\/en\/producto\/cacela\/","name":"CACELA - Climatizaci\u00f3n, Colecci\u00f3n antigua, Ventiladores de techo - Arteconfort","isPartOf":{"@id":"https:\/\/arteconfort.com\/en\/#website"},"primaryImageOfPage":{"@id":"https:\/\/arteconfort.com\/en\/producto\/cacela\/#primaryimage"},"image":{"@id":"https:\/\/arteconfort.com\/en\/producto\/cacela\/#primaryimage"},"thumbnailUrl":"https:\/\/arteconfort.com\/wp-content\/uploads\/2024\/06\/ventilador-CACELA-foto-con-ventilador.webp","datePublished":"2022-03-24T15:10:12+00:00","dateModified":"2025-06-06T08:18:54+00:00","description":"Cacela ceiling fan with integrated LED light and colour temperature memory. It has a metal body and 3 white blades, is easy to install and suitable for sloping ceilings (up to 15\u00ba). It has a highly efficient DC (direct current) motor that reduces energy consumption while generating a pleasant atmosphere thanks to its silent operation. It includes a remote control to control and change programming modes (up to 9 hours), colour temperature (3000K-4000K-5500K), speeds (6), light intensity (up to 8 levels), breeze mode (sensation created by constantly changing speeds) and winter-summer mode. This elegant model can be used in rooms smaller than 13m2. Ref: CACELABL21 Fan for small rooms Large airflow LED lighting with colour temperature memory Find this ceiling fan for sale exclusively at LEROY MERLINFind this ceiling fan for sale exclusively at LEROY MERLIN","breadcrumb":{"@id":"https:\/\/arteconfort.com\/en\/producto\/cacela\/#breadcrumb"},"inLanguage":"en-US","potentialAction":[{"@type":"ReadAction","target":["https:\/\/arteconfort.com\/en\/producto\/cacela\/"]}]},{"@type":"ImageObject","inLanguage":"en-US","@id":"https:\/\/arteconfort.com\/en\/producto\/cacela\/#primaryimage","url":"https:\/\/arteconfort.com\/wp-content\/uploads\/2024\/06\/ventilador-CACELA-foto-con-ventilador.webp","contentUrl":"https:\/\/arteconfort.com\/wp-content\/uploads\/2024\/06\/ventilador-CACELA-foto-con-ventilador.webp","width":1024,"height":1024,"caption":"Ventilador CACELA foto con mando"},{"@type":"BreadcrumbList","@id":"https:\/\/arteconfort.com\/en\/producto\/cacela\/#breadcrumb","itemListElement":[{"@type":"ListItem","position":1,"name":"Inicio","item":"https:\/\/arteconfort.com\/en\/"},{"@type":"ListItem","position":2,"name":"Shop","item":"https:\/\/arteconfort.com\/en\/shop\/"},{"@type":"ListItem","position":3,"name":"CACELA"}]},{"@type":"WebSite","@id":"https:\/\/arteconfort.com\/en\/#website","url":"https:\/\/arteconfort.com\/en\/","name":"Arteconfort","description":"Especialistas en productos del hogar","publisher":{"@id":"https:\/\/arteconfort.com\/en\/#organization"},"potentialAction":[{"@type":"SearchAction","target":{"@type":"EntryPoint","urlTemplate":"https:\/\/arteconfort.com\/en\/?s={search_term_string}"},"query-input":{"@type":"PropertyValueSpecification","valueRequired":true,"valueName":"search_term_string"}}],"inLanguage":"en-US"},{"@type":"Organization","@id":"https:\/\/arteconfort.com\/en\/#organization","name":"Arteconfort","url":"https:\/\/arteconfort.com\/en\/","logo":{"@type":"ImageObject","inLanguage":"en-US","@id":"https:\/\/arteconfort.com\/en\/#\/schema\/logo\/image\/","url":"https:\/\/arteconfort.com\/wp-content\/uploads\/2019\/07\/logo-arteconfort.png","contentUrl":"https:\/\/arteconfort.com\/wp-content\/uploads\/2019\/07\/logo-arteconfort.png","width":230,"height":88,"caption":"Arteconfort"},"image":{"@id":"https:\/\/arteconfort.com\/en\/#\/schema\/logo\/image\/"}}]}},"_links":{"self":[{"href":"https:\/\/arteconfort.com\/en\/wp-json\/wp\/v2\/product\/21088","targetHints":{"allow":["GET"]}}],"collection":[{"href":"https:\/\/arteconfort.com\/en\/wp-json\/wp\/v2\/product"}],"about":[{"href":"https:\/\/arteconfort.com\/en\/wp-json\/wp\/v2\/types\/product"}],"wp:featuredmedia":[{"embeddable":true,"href":"https:\/\/arteconfort.com\/en\/wp-json\/wp\/v2\/media\/38788"}],"wp:attachment":[{"href":"https:\/\/arteconfort.com\/en\/wp-json\/wp\/v2\/media?parent=21088"}],"wp:term":[{"taxonomy":"product_brand","embeddable":true,"href":"https:\/\/arteconfort.com\/en\/wp-json\/wp\/v2\/product_brand?post=21088"},{"taxonomy":"product_cat","embeddable":true,"href":"https:\/\/arteconfort.com\/en\/wp-json\/wp\/v2\/product_cat?post=21088"},{"taxonomy":"product_tag","embeddable":true,"href":"https:\/\/arteconfort.com\/en\/wp-json\/wp\/v2\/product_tag?post=21088"}],"curies":[{"name":"wp","href":"https:\/\/api.w.org\/{rel}","templated":true}]}}