{"id":25266,"date":"2023-02-08T09:36:45","date_gmt":"2023-02-08T08:36:45","guid":{"rendered":"https:\/\/arteconfort.com\/producto\/uncategorized\/elisa\/"},"modified":"2023-10-18T12:50:05","modified_gmt":"2023-10-18T10:50:05","slug":"elisa","status":"publish","type":"product","link":"https:\/\/arteconfort.com\/en\/producto\/elisa\/","title":{"rendered":"ELISA"},"content":{"rendered":"<div class=\"wpb-content-wrapper\"><p>[vc_row][vc_column][vc_empty_space height=&#8221;60px&#8221;][vc_row_inner][vc_column_inner width=&#8221;1\/3&#8243;][wyde_info_box icon_set=&#8221;simple_line&#8221; icon_simple_line=&#8221;sl-energy&#8221; icon_position=&#8221;left&#8221; title=&#8221;CARACTER\u00cdSTICAS F\u00cdSICAS E EL\u00c9CTRICAS&#8221;][\/wyde_info_box][vc_empty_space height=&#8221;10px&#8221;][vc_column_text]High: <strong>13,5cm<\/strong><br \/>\nDiameter: <strong>27<\/strong><strong>cm<\/strong><br \/>\nWeight: <strong>&#8211;<\/strong>\u00a0<strong>kg<\/strong><br \/>\nBody material: <strong>PC and ABS\u00a0<\/strong><br \/>\nBlade material: <strong>ABS<\/strong><br \/>\nBody finish: <strong>Black and white<\/strong><br \/>\nFinished blades: <strong>White<\/strong><br \/>\nNumber of blades: <strong>3<\/strong><br \/>\nNumber of blades: <strong>No<\/strong><br \/>\nMotor: <strong>DC<\/strong><br \/>\nTension: <strong>10Vdc<\/strong><br \/>\nBatteries: <strong>1x LI-ON 3,7V 8.000mAh 18650<\/strong><br \/>\nCharging time: <strong>1,5h<\/strong><br \/>\nMaximum fan autonomy: <strong>13h<\/strong><br \/>\nSpeed power: <strong>2W-3W-4W-5W<\/strong><br \/>\nRPM speeds: <strong>1800-2100-2500-3000<\/strong><br \/>\nNoise emitted from speeds: <strong>45dBs-50dBs-55dBs-58dBs<\/strong><br \/>\nAir flow velocities: <strong>6m<sup>3<\/sup>\/h- 9m<sup>3<\/sup>\/h- 10,2m<sup>3<\/sup>\/h- 10,8m<sup>3<\/sup>\/h<\/strong><br \/>\nSpeed autonomy: <strong>13h-9h-7h-5,5h<\/strong><br \/>\nMax. recommended surface: <strong>&lt;13m<sup>2<\/sup><\/strong><br \/>\nIP: <strong>20<\/strong><br \/>\nMax. roof pitch: <strong>&#8211;<\/strong><br \/>\nSafety distance: <strong>&#8211;<\/strong><br \/>\nElectrical insulation: <strong>Class III<\/strong><br \/>\nAccessories: <strong>USB Type-C cable (1m)<\/strong><br \/>\nGuarantee: <strong>3 years<\/strong>[\/vc_column_text][\/vc_column_inner][vc_column_inner width=&#8221;1\/3&#8243;][wyde_info_box icon_set=&#8221;simple_line&#8221; icon_simple_line=&#8221;sl-mouse&#8221; icon_position=&#8221;left&#8221; title=&#8221;CONTROL AND FUNCTIONS&#8221;][\/wyde_info_box][vc_empty_space height=&#8221;10px&#8221;][vc_column_text]Control: <strong>Yes<\/strong><br \/>\nBatteries: <strong>1xCR2025 (Including)<\/strong><br \/>\nNumber of speeds: <strong>4<\/strong><br \/>\nProgramming: <strong>Up to 8h<\/strong><br \/>\nBreeze mode: <strong>No<\/strong><br \/>\nSummer\/winter mode: <strong>No<\/strong><br \/>\nThermostat: <strong>No<\/strong><br \/>\nIgnition memory: <strong>Yes<\/strong><br \/>\nAPP: <strong>No<\/strong><br \/>\nWi-Fi connection: <strong>No<\/strong><br \/>\nBluetooth connection: <strong>No<\/strong>[\/vc_column_text][\/vc_column_inner][vc_column_inner width=&#8221;1\/3&#8243;][wyde_info_box icon_set=&#8221;stroke_gap&#8221; icon_stroke_gap=&#8221;sg-Bulb&#8221; icon_position=&#8221;left&#8221; title=&#8221;LIGHTING&#8221;][\/wyde_info_box][vc_empty_space height=&#8221;10px&#8221;][vc_column_text]Eyeprotect: <strong>&#8211;<\/strong><br \/>\nLuminous flux: <strong>250lm<\/strong><br \/>\nLED power: <strong>2W<\/strong><br \/>\nLED Autonomy: <strong>240h-90h-60h-32h-23h-16h-14h<\/strong><br \/>\nColour temperature: <strong>Yes<\/strong><br \/>\nColour temperature change: <strong>4.000K<\/strong><br \/>\nDimming: <strong>7 levels<\/strong><br \/>\nOpening angle: <strong>120\u00ba<\/strong><br \/>\nAverage life: <strong>20.000h<\/strong><br \/>\nNumber of switch-ons: <strong>&#8211;<\/strong><br \/>\nColour temperature memory: <strong>&#8211;<\/strong><br \/>\nEnergy efficiency label: <strong>&#8211;<\/strong>[\/vc_column_text][\/vc_column_inner][\/vc_row_inner][vc_empty_space height=&#8221;60px&#8221;][\/vc_column][\/vc_row][vc_row vertical_align=&#8221;middle&#8221; padding_size=&#8221;no-padding&#8221; background_mode=&#8221;color&#8221; background_color=&#8221;#f5f5f5&#8243;][vc_column text_align=&#8221;center&#8221; padding_size=&#8221;no-padding&#8221;][vc_row_inner vertical_align=&#8221;middle&#8221; padding_size=&#8221;no-padding&#8221; css=&#8221;.vc_custom_1664367242377{padding-top: 30px !important;padding-right: 60px !important;padding-bottom: 30px !important;padding-left: 60px !important;}&#8221;][vc_column_inner padding_size=&#8221;no-padding&#8221; width=&#8221;2\/3&#8243;][wyde_heading style=&#8221;2&#8243; title_tag=&#8221;h3&#8243; title=&#8221;Spare parts available for the fan ELISA&#8221; heading_color=&#8221;#000000&#8243;][vc_column_text]You can purchase your replacement part for your fan from the same shop where you bought your fan or from another shop in the same chain.[\/vc_column_text][vc_empty_space][wyde_info_box icon=&#8221;fa fa-check&#8221; icon_position=&#8221;left&#8221; title=&#8221;REMOTE CONTROL&#8221;][\/wyde_info_box][vc_empty_space height=&#8221;20px&#8221;][\/vc_column_inner][vc_column_inner text_align=&#8221;center&#8221; width=&#8221;1\/3&#8243; background_color=&#8221;#ffffff&#8221;][vc_empty_space height=&#8221;20px&#8221;][vc_column_text]<em>If you have any questions you can contact us through the contact form:<\/em>[\/vc_column_text][vc_empty_space height=&#8221;20px&#8221;][wyde_link_button icon_set=&#8221;simple_line&#8221; icon_simple_line=&#8221;sl-bubbles&#8221; style=&#8221;outline round&#8221; title=&#8221;Consult&#8221; link=&#8221;url:https%3A%2F%2Farteconfort.com%2Fcontacto%2F|||&#8221; color=&#8221;#61b4e4&#8243; hover_color=&#8221;#ffffff&#8221;][vc_empty_space height=&#8221;40px&#8221;][vc_single_image alignment=&#8221;center&#8221; image=&#8221;24268&#8243;][\/vc_column_inner][\/vc_row_inner][\/vc_column][\/vc_row][vc_row][vc_column][vc_empty_space height=&#8221;80px&#8221;][\/vc_column][\/vc_row][vc_row vertical_align=&#8221;middle&#8221; padding_size=&#8221;no-padding&#8221; background_mode=&#8221;color&#8221; background_color=&#8221;#f5f5f5&#8243;][vc_column text_align=&#8221;center&#8221; offset=&#8221;vc_hidden-md vc_hidden-sm vc_hidden-xs&#8221;][vc_row_inner vertical_align=&#8221;middle&#8221; padding_size=&#8221;no-padding&#8221;][vc_column_inner text_align=&#8221;center&#8221; width=&#8221;1\/3&#8243;][vc_single_image alignment=&#8221;center&#8221; image=&#8221;24166&#8243;][\/vc_column_inner][vc_column_inner width=&#8221;1\/3&#8243;][vc_column_text]Find this fan on sale exclusively at <strong>LEROY MERLIN<\/strong>[\/vc_column_text][\/vc_column_inner][vc_column_inner width=&#8221;1\/3&#8243;][wyde_link_button icon_set=&#8221;simple_line&#8221; icon_simple_line=&#8221;sl-login&#8221; style=&#8221;outline round&#8221; title=&#8221;Access Leroy Merlin&#8221; link=&#8221;url:https%3A%2F%2Fwww.leroymerlin.es%2Fproductos%2Fmarcas%2Farteconfort%2Fventiladores-arteconfort%2Fventilador-portatil-con-luz-motor-dc-elisa-blanco-27-cm-250-lm-86536471.html||target:%20_blank|rel:nofollow&#8221; color=&#8221;#61b4e4&#8243; hover_color=&#8221;#ffffff&#8221;][\/vc_column_inner][\/vc_row_inner][\/vc_column][\/vc_row][vc_row vertical_align=&#8221;middle&#8221; padding_size=&#8221;no-padding&#8221; background_mode=&#8221;color&#8221; background_color=&#8221;#f5f5f5&#8243;][vc_column text_align=&#8221;center&#8221; padding_size=&#8221;no-padding&#8221; offset=&#8221;vc_hidden-lg&#8221;][vc_row_inner vertical_align=&#8221;middle&#8221; padding_size=&#8221;no-padding&#8221; css=&#8221;.vc_custom_1664367242377{padding-top: 30px !important;padding-right: 60px !important;padding-bottom: 30px !important;padding-left: 60px !important;}&#8221;][vc_column_inner padding_size=&#8221;no-padding&#8221; width=&#8221;1\/2&#8243;][vc_single_image alignment=&#8221;center&#8221; image=&#8221;24166&#8243;][\/vc_column_inner][vc_column_inner text_align=&#8221;center&#8221; width=&#8221;1\/2&#8243;][vc_column_text]Find this fan on sale exclusively at <strong>LEROY MERLIN<\/strong>[\/vc_column_text][vc_empty_space height=&#8221;10px&#8221;][wyde_link_button icon_set=&#8221;simple_line&#8221; icon_simple_line=&#8221;sl-login&#8221; style=&#8221;outline round&#8221; title=&#8221;Access Leroy Merlin&#8221; link=&#8221;url:https%3A%2F%2Fwww.leroymerlin.es%2Fproductos%2Fmarcas%2Farteconfort%2Fventiladores-arteconfort%2Fventilador-portatil-con-luz-motor-dc-elisa-blanco-27-cm-250-lm-86536471.html||target:%20_blank|rel:nofollow&#8221; color=&#8221;#61b4e4&#8243; hover_color=&#8221;#ffffff&#8221;][\/vc_column_inner][\/vc_row_inner][\/vc_column][\/vc_row]<\/p>\n<\/div>","protected":false},"excerpt":{"rendered":"<p>ELISA portable fan created with a compact and ultra-lightweight design, with integrated LED light. It has a white body and 3 ABS blades that can be disassembled to create a portable lamp. It has a highly efficient DC (direct current) motor that reduces energy consumption while creating a pleasant atmosphere thanks to its silent operation. Includes remote control to control and change programming modes up to 8 hours, speeds (4) and light intensity (up to 7 levels). This elegant model can be used in rooms smaller than 13m2. Includes USB type C cable for charging. Class III.<br \/>\n<strong>Ref: ELISABL21<\/strong><\/p>\n<ul style=\"list-style-type: circle; padding-left: 80px;\">\n<li>Portable fan and 250lm lamp<\/li>\n<li>13h of autonomy<\/li>\n<li>Ignition memory<\/li>\n<\/ul>\n<p>[vc_row vertical_align=&#8221;middle&#8221; padding_size=&#8221;no-padding&#8221; background_mode=&#8221;color&#8221; background_color=&#8221;#f5f5f5&#8243;][vc_column text_align=&#8221;center&#8221; offset=&#8221;vc_hidden-md vc_hidden-sm vc_hidden-xs&#8221;][vc_row_inner vertical_align=&#8221;middle&#8221; padding_size=&#8221;no-padding&#8221; css=&#8221;.vc_custom_1664435191461{padding-top: 30px !important;padding-right: 60px !important;padding-bottom: 30px !important;padding-left: 60px !important;}&#8221;][vc_column_inner width=&#8221;1\/2&#8243;][vc_single_image image=&#8221;24179&#8243;][\/vc_column_inner][vc_column_inner width=&#8221;1\/2&#8243;][vc_column_text]Find this fan on sale exclusively at <strong>LEROY MERLIN<\/strong>[\/vc_column_text][vc_empty_space height=&#8221;10px&#8221;][wyde_link_button icon_set=&#8221;simple_line&#8221; icon_simple_line=&#8221;sl-login&#8221; style=&#8221;outline round&#8221; title=&#8221;Get your ELISA&#8221; link=&#8221;url:https%3A%2F%2Fwww.leroymerlin.es%2Fproductos%2Fmarcas%2Farteconfort%2Fventiladores-arteconfort%2Fventilador-portatil-con-luz-motor-dc-elisa-blanco-27-cm-250-lm-86536471.html||target:%20_blank|rel:nofollow&#8221; color=&#8221;#61b4e4&#8243; hover_color=&#8221;#ffffff&#8221;][\/vc_column_inner][\/vc_row_inner][\/vc_column][\/vc_row][vc_row vertical_align=&#8221;middle&#8221; padding_size=&#8221;no-padding&#8221; background_mode=&#8221;color&#8221; background_color=&#8221;#f5f5f5&#8243;][vc_column text_align=&#8221;center&#8221; padding_size=&#8221;no-padding&#8221; offset=&#8221;vc_hidden-lg&#8221;][vc_row_inner vertical_align=&#8221;middle&#8221; padding_size=&#8221;no-padding&#8221; css=&#8221;.vc_custom_1664367242377{padding-top: 30px !important;padding-right: 60px !important;padding-bottom: 30px !important;padding-left: 60px !important;}&#8221;][vc_column_inner padding_size=&#8221;no-padding&#8221; width=&#8221;1\/2&#8243;][vc_single_image alignment=&#8221;center&#8221; image=&#8221;24179&#8243;][\/vc_column_inner][vc_column_inner text_align=&#8221;center&#8221; width=&#8221;1\/2&#8243;][vc_column_text]Find this fan on sale exclusively at <strong>LEROY MERLIN<\/strong>[\/vc_column_text][vc_empty_space height=&#8221;10px&#8221;][wyde_link_button icon_set=&#8221;simple_line&#8221; icon_simple_line=&#8221;sl-login&#8221; style=&#8221;outline round&#8221; title=&#8221;Get your ELISA&#8221; link=&#8221;url:https%3A%2F%2Fwww.leroymerlin.es%2Fproductos%2Fmarcas%2Farteconfort%2Fventiladores-arteconfort%2Fventilador-portatil-con-luz-motor-dc-elisa-blanco-27-cm-250-lm-86536471.html||target:%20_blank|rel:nofollow&#8221; color=&#8221;#61b4e4&#8243; hover_color=&#8221;#ffffff&#8221;][\/vc_column_inner][\/vc_row_inner][\/vc_column][\/vc_row][vc_row][vc_column offset=&#8221;vc_hidden-xs&#8221;][vc_empty_space height=&#8221;60px&#8221;][\/vc_column][\/vc_row][vc_row][vc_column width=&#8221;1\/3&#8243;][wyde_link_button icon_set=&#8221;simple_line&#8221; icon_simple_line=&#8221;sl-settings&#8221; style=&#8221;round&#8221; title=&#8221;Instructions&#8221; link=&#8221;url:https%3A%2F%2Farteconfort.com%2Fwp-content%2Fuploads%2F2023%2F02%2Fim-ELISA-v1.pdf||target:%20_blank|rel:nofollow&#8221; color=&#8221;#ffffff&#8221; bg_color=&#8221;#222222&#8243;][\/vc_column][\/vc_row]<\/p>\n","protected":false},"featured_media":41345,"template":"","meta":[],"product_brand":[],"product_cat":[211,1051,213],"product_tag":[],"class_list":{"0":"post-25266","1":"product","2":"type-product","3":"status-publish","4":"has-post-thumbnail","6":"product_cat-climatizacion-en","7":"product_cat-collection-old-en","8":"product_cat-ventiladores-de-techo-en","10":"first","11":"instock","12":"shipping-taxable","13":"product-type-simple"},"yoast_head":"<!-- This site is optimized with the Yoast SEO plugin v26.5 - https:\/\/yoast.com\/wordpress\/plugins\/seo\/ -->\n<title>ELISA - Climatizaci\u00f3n, Colecci\u00f3n antigua, Ventiladores de techo - Arteconfort<\/title>\n<meta name=\"description\" content=\"ELISA portable fan created with a compact and ultra-lightweight design, with integrated LED light. It has a white body and 3 ABS blades that can be disassembled to create a portable lamp. It has a highly efficient DC (direct current) motor that reduces energy consumption while creating a pleasant atmosphere thanks to its silent operation. Includes remote control to control and change programming modes up to 8 hours, speeds (4) and light intensity (up to 7 levels). This elegant model can be used in rooms smaller than 13m2. Includes USB type C cable for charging. Class III. Ref: ELISABL21   Portable fan and 250lm lamp  13h of autonomy  Ignition memory  Find this fan on sale exclusively at LEROY MERLINFind this fan on sale exclusively at LEROY MERLIN\" \/>\n<meta name=\"robots\" content=\"index, follow, max-snippet:-1, max-image-preview:large, max-video-preview:-1\" \/>\n<link rel=\"canonical\" href=\"https:\/\/arteconfort.com\/en\/producto\/elisa\/\" \/>\n<meta property=\"og:locale\" content=\"en_US\" \/>\n<meta property=\"og:type\" content=\"article\" \/>\n<meta property=\"og:title\" content=\"ELISA - Climatizaci\u00f3n, Colecci\u00f3n antigua, Ventiladores de techo - Arteconfort\" \/>\n<meta property=\"og:description\" content=\"ELISA portable fan created with a compact and ultra-lightweight design, with integrated LED light. It has a white body and 3 ABS blades that can be disassembled to create a portable lamp. It has a highly efficient DC (direct current) motor that reduces energy consumption while creating a pleasant atmosphere thanks to its silent operation. Includes remote control to control and change programming modes up to 8 hours, speeds (4) and light intensity (up to 7 levels). This elegant model can be used in rooms smaller than 13m2. Includes USB type C cable for charging. Class III. Ref: ELISABL21   Portable fan and 250lm lamp  13h of autonomy  Ignition memory  Find this fan on sale exclusively at LEROY MERLINFind this fan on sale exclusively at LEROY MERLIN\" \/>\n<meta property=\"og:url\" content=\"https:\/\/arteconfort.com\/en\/producto\/elisa\/\" \/>\n<meta property=\"og:site_name\" content=\"Arteconfort\" \/>\n<meta property=\"article:modified_time\" content=\"2023-10-18T10:50:05+00:00\" \/>\n<meta property=\"og:image\" content=\"https:\/\/arteconfort.com\/wp-content\/uploads\/2024\/06\/ventilador-ELISA-mando-86536471-p-01.webp\" \/>\n\t<meta property=\"og:image:width\" content=\"1024\" \/>\n\t<meta property=\"og:image:height\" content=\"1024\" \/>\n\t<meta property=\"og:image:type\" content=\"image\/webp\" \/>\n<meta name=\"twitter:card\" content=\"summary_large_image\" \/>\n<meta name=\"twitter:label1\" content=\"Est. reading time\" \/>\n\t<meta name=\"twitter:data1\" content=\"2 minutes\" \/>\n<!-- \/ Yoast SEO plugin. -->","yoast_head_json":{"title":"ELISA - Climatizaci\u00f3n, Colecci\u00f3n antigua, Ventiladores de techo - Arteconfort","description":"ELISA portable fan created with a compact and ultra-lightweight design, with integrated LED light. It has a white body and 3 ABS blades that can be disassembled to create a portable lamp. It has a highly efficient DC (direct current) motor that reduces energy consumption while creating a pleasant atmosphere thanks to its silent operation. Includes remote control to control and change programming modes up to 8 hours, speeds (4) and light intensity (up to 7 levels). This elegant model can be used in rooms smaller than 13m2. Includes USB type C cable for charging. Class III. Ref: ELISABL21   Portable fan and 250lm lamp  13h of autonomy  Ignition memory  Find this fan on sale exclusively at LEROY MERLINFind this fan on sale exclusively at LEROY MERLIN","robots":{"index":"index","follow":"follow","max-snippet":"max-snippet:-1","max-image-preview":"max-image-preview:large","max-video-preview":"max-video-preview:-1"},"canonical":"https:\/\/arteconfort.com\/en\/producto\/elisa\/","og_locale":"en_US","og_type":"article","og_title":"ELISA - Climatizaci\u00f3n, Colecci\u00f3n antigua, Ventiladores de techo - Arteconfort","og_description":"ELISA portable fan created with a compact and ultra-lightweight design, with integrated LED light. It has a white body and 3 ABS blades that can be disassembled to create a portable lamp. It has a highly efficient DC (direct current) motor that reduces energy consumption while creating a pleasant atmosphere thanks to its silent operation. Includes remote control to control and change programming modes up to 8 hours, speeds (4) and light intensity (up to 7 levels). This elegant model can be used in rooms smaller than 13m2. Includes USB type C cable for charging. Class III. Ref: ELISABL21   Portable fan and 250lm lamp  13h of autonomy  Ignition memory  Find this fan on sale exclusively at LEROY MERLINFind this fan on sale exclusively at LEROY MERLIN","og_url":"https:\/\/arteconfort.com\/en\/producto\/elisa\/","og_site_name":"Arteconfort","article_modified_time":"2023-10-18T10:50:05+00:00","og_image":[{"width":1024,"height":1024,"url":"https:\/\/arteconfort.com\/wp-content\/uploads\/2024\/06\/ventilador-ELISA-mando-86536471-p-01.webp","type":"image\/webp"}],"twitter_card":"summary_large_image","twitter_misc":{"Est. reading time":"2 minutes"},"schema":{"@context":"https:\/\/schema.org","@graph":[{"@type":"WebPage","@id":"https:\/\/arteconfort.com\/en\/producto\/elisa\/","url":"https:\/\/arteconfort.com\/en\/producto\/elisa\/","name":"ELISA - Climatizaci\u00f3n, Colecci\u00f3n antigua, Ventiladores de techo - Arteconfort","isPartOf":{"@id":"https:\/\/arteconfort.com\/en\/#website"},"primaryImageOfPage":{"@id":"https:\/\/arteconfort.com\/en\/producto\/elisa\/#primaryimage"},"image":{"@id":"https:\/\/arteconfort.com\/en\/producto\/elisa\/#primaryimage"},"thumbnailUrl":"https:\/\/arteconfort.com\/wp-content\/uploads\/2024\/06\/ventilador-ELISA-mando-86536471-p-01.webp","datePublished":"2023-02-08T08:36:45+00:00","dateModified":"2023-10-18T10:50:05+00:00","description":"ELISA portable fan created with a compact and ultra-lightweight design, with integrated LED light. It has a white body and 3 ABS blades that can be disassembled to create a portable lamp. It has a highly efficient DC (direct current) motor that reduces energy consumption while creating a pleasant atmosphere thanks to its silent operation. Includes remote control to control and change programming modes up to 8 hours, speeds (4) and light intensity (up to 7 levels). This elegant model can be used in rooms smaller than 13m2. Includes USB type C cable for charging. Class III. Ref: ELISABL21 Portable fan and 250lm lamp 13h of autonomy Ignition memory Find this fan on sale exclusively at LEROY MERLINFind this fan on sale exclusively at LEROY MERLIN","breadcrumb":{"@id":"https:\/\/arteconfort.com\/en\/producto\/elisa\/#breadcrumb"},"inLanguage":"en-US","potentialAction":[{"@type":"ReadAction","target":["https:\/\/arteconfort.com\/en\/producto\/elisa\/"]}]},{"@type":"ImageObject","inLanguage":"en-US","@id":"https:\/\/arteconfort.com\/en\/producto\/elisa\/#primaryimage","url":"https:\/\/arteconfort.com\/wp-content\/uploads\/2024\/06\/ventilador-ELISA-mando-86536471-p-01.webp","contentUrl":"https:\/\/arteconfort.com\/wp-content\/uploads\/2024\/06\/ventilador-ELISA-mando-86536471-p-01.webp","width":1024,"height":1024,"caption":"Ventilador ELISA con mando"},{"@type":"BreadcrumbList","@id":"https:\/\/arteconfort.com\/en\/producto\/elisa\/#breadcrumb","itemListElement":[{"@type":"ListItem","position":1,"name":"Inicio","item":"https:\/\/arteconfort.com\/en\/"},{"@type":"ListItem","position":2,"name":"Shop","item":"https:\/\/arteconfort.com\/en\/shop\/"},{"@type":"ListItem","position":3,"name":"ELISA"}]},{"@type":"WebSite","@id":"https:\/\/arteconfort.com\/en\/#website","url":"https:\/\/arteconfort.com\/en\/","name":"Arteconfort","description":"Especialistas en productos del hogar","publisher":{"@id":"https:\/\/arteconfort.com\/en\/#organization"},"potentialAction":[{"@type":"SearchAction","target":{"@type":"EntryPoint","urlTemplate":"https:\/\/arteconfort.com\/en\/?s={search_term_string}"},"query-input":{"@type":"PropertyValueSpecification","valueRequired":true,"valueName":"search_term_string"}}],"inLanguage":"en-US"},{"@type":"Organization","@id":"https:\/\/arteconfort.com\/en\/#organization","name":"Arteconfort","url":"https:\/\/arteconfort.com\/en\/","logo":{"@type":"ImageObject","inLanguage":"en-US","@id":"https:\/\/arteconfort.com\/en\/#\/schema\/logo\/image\/","url":"https:\/\/arteconfort.com\/wp-content\/uploads\/2019\/07\/logo-arteconfort.png","contentUrl":"https:\/\/arteconfort.com\/wp-content\/uploads\/2019\/07\/logo-arteconfort.png","width":230,"height":88,"caption":"Arteconfort"},"image":{"@id":"https:\/\/arteconfort.com\/en\/#\/schema\/logo\/image\/"}}]}},"_links":{"self":[{"href":"https:\/\/arteconfort.com\/en\/wp-json\/wp\/v2\/product\/25266","targetHints":{"allow":["GET"]}}],"collection":[{"href":"https:\/\/arteconfort.com\/en\/wp-json\/wp\/v2\/product"}],"about":[{"href":"https:\/\/arteconfort.com\/en\/wp-json\/wp\/v2\/types\/product"}],"wp:featuredmedia":[{"embeddable":true,"href":"https:\/\/arteconfort.com\/en\/wp-json\/wp\/v2\/media\/41345"}],"wp:attachment":[{"href":"https:\/\/arteconfort.com\/en\/wp-json\/wp\/v2\/media?parent=25266"}],"wp:term":[{"taxonomy":"product_brand","embeddable":true,"href":"https:\/\/arteconfort.com\/en\/wp-json\/wp\/v2\/product_brand?post=25266"},{"taxonomy":"product_cat","embeddable":true,"href":"https:\/\/arteconfort.com\/en\/wp-json\/wp\/v2\/product_cat?post=25266"},{"taxonomy":"product_tag","embeddable":true,"href":"https:\/\/arteconfort.com\/en\/wp-json\/wp\/v2\/product_tag?post=25266"}],"curies":[{"name":"wp","href":"https:\/\/api.w.org\/{rel}","templated":true}]}}