{"id":10838,"date":"2020-09-29T12:45:44","date_gmt":"2020-09-29T10:45:44","guid":{"rendered":"https:\/\/arteconfort.com\/guias-y-consejos\/"},"modified":"2023-08-21T13:08:54","modified_gmt":"2023-08-21T11:08:54","slug":"guias-y-consejos","status":"publish","type":"page","link":"https:\/\/arteconfort.com\/fr\/guias-y-consejos\/","title":{"rendered":"Guides et conseils"},"content":{"rendered":"<div class=\"wpb-content-wrapper\"><p>[vc_row][vc_column][vc_row_inner][vc_column_inner width=&#8221;1\/4&#8243;][\/vc_column_inner][vc_column_inner width=&#8221;1\/2&#8243;][wyde_heading style=&#8221;2&#8243; subheading_tag=&#8221;p&#8221; text_align=&#8221;center&#8221; title=&#8221;Nous vous aidons \u00e0 mieux conna\u00eetre votre ventilateur de plafond&#8221; subheading=&#8221;Cr\u00e9ez votre zone de confort&#8221;][\/vc_column_inner][vc_column_inner width=&#8221;1\/4&#8243;][\/vc_column_inner][\/vc_row_inner][vc_empty_space][wyde_blog_posts view=&#8221;masonry&#8221; count=&#8221;30&#8243; excerpt_length=&#8221;15&#8243; excerpt_more=&#8221;1&#8243; pagination=&#8221;2&#8243; posts_query=&#8221;order_by:date|order:DESC|categories:128&#8243;][vc_empty_space height=&#8221;60px&#8221;][\/vc_column][\/vc_row][vc_row][vc_column][vc_row_inner][vc_column_inner width=&#8221;1\/4&#8243;][\/vc_column_inner][vc_column_inner width=&#8221;1\/2&#8243;][wyde_heading style=&#8221;2&#8243; subheading_tag=&#8221;p&#8221; text_align=&#8221;center&#8221; title=&#8221;Inspiration et id\u00e9es pour \u00e9clairer votre jardin&#8221; subheading=&#8221;Faites de votre jardin l&#8217;envie de tous&#8221;][\/vc_column_inner][vc_column_inner width=&#8221;1\/4&#8243;][\/vc_column_inner][\/vc_row_inner][vc_empty_space][wyde_blog_posts view=&#8221;masonry&#8221; count=&#8221;30&#8243; excerpt_length=&#8221;15&#8243; excerpt_more=&#8221;1&#8243; pagination=&#8221;2&#8243; posts_query=&#8221;order_by:date|order:DESC|categories:149&#8243;][vc_empty_space height=&#8221;60px&#8221;][\/vc_column][\/vc_row]<\/p>\n<\/div>","protected":false},"excerpt":{"rendered":"<p>[vc_row][vc_column][vc_row_inner][vc_column_inner width=&#8221;1\/4&#8243;][\/vc_column_inner][vc_column_inner width=&#8221;1\/2&#8243;][wyde_heading style=&#8221;2&#8243; subheading_tag=&#8221;p&#8221; text_align=&#8221;center&#8221; title=&#8221;Nous vous aidons \u00e0 mieux conna\u00eetre votre ventilateur de plafond&#8221; subheading=&#8221;Cr\u00e9ez votre zone de confort&#8221;][\/vc_column_inner][vc_column_inner width=&#8221;1\/4&#8243;][\/vc_column_inner][\/vc_row_inner][vc_empty_space][wyde_blog_posts view=&#8221;masonry&#8221; count=&#8221;30&#8243; excerpt_length=&#8221;15&#8243; excerpt_more=&#8221;1&#8243; pagination=&#8221;2&#8243; posts_query=&#8221;order_by:date|order:DESC|categories:128&#8243;][vc_empty_space height=&#8221;60px&#8221;][\/vc_column][\/vc_row][vc_row][vc_column][vc_row_inner][vc_column_inner width=&#8221;1\/4&#8243;][\/vc_column_inner][vc_column_inner width=&#8221;1\/2&#8243;][wyde_heading style=&#8221;2&#8243; subheading_tag=&#8221;p&#8221; text_align=&#8221;center&#8221; title=&#8221;Inspiration et id\u00e9es pour \u00e9clairer votre jardin&#8221; subheading=&#8221;Faites de votre jardin l&#8217;envie de tous&#8221;][\/vc_column_inner][vc_column_inner width=&#8221;1\/4&#8243;][\/vc_column_inner][\/vc_row_inner][vc_empty_space][wyde_blog_posts view=&#8221;masonry&#8221; count=&#8221;30&#8243; excerpt_length=&#8221;15&#8243; excerpt_more=&#8221;1&#8243; pagination=&#8221;2&#8243; posts_query=&#8221;order_by:date|order:DESC|categories:149&#8243;][vc_empty_space [&hellip;]<\/p>\n","protected":false},"author":1,"featured_media":0,"parent":0,"menu_order":0,"comment_status":"closed","ping_status":"closed","template":"","meta":{"footnotes":""},"class_list":["post-10838","page","type-page","status-publish","hentry"],"yoast_head":"<!-- This site is optimized with the Yoast SEO plugin v26.5 - https:\/\/yoast.com\/wordpress\/plugins\/seo\/ -->\n<title>Guides et conseils - Arteconfort<\/title>\n<meta name=\"robots\" content=\"index, follow, max-snippet:-1, max-image-preview:large, max-video-preview:-1\" \/>\n<link rel=\"canonical\" href=\"https:\/\/arteconfort.com\/fr\/guias-y-consejos\/\" \/>\n<meta property=\"og:locale\" content=\"fr_FR\" \/>\n<meta property=\"og:type\" content=\"article\" \/>\n<meta property=\"og:title\" content=\"Guides et conseils - Arteconfort\" \/>\n<meta property=\"og:url\" content=\"https:\/\/arteconfort.com\/fr\/guias-y-consejos\/\" \/>\n<meta property=\"og:site_name\" content=\"Arteconfort\" \/>\n<meta property=\"article:modified_time\" content=\"2023-08-21T11:08:54+00:00\" \/>\n<meta name=\"twitter:card\" content=\"summary_large_image\" \/>\n<meta name=\"twitter:label1\" content=\"Dur\u00e9e de lecture estim\u00e9e\" \/>\n\t<meta name=\"twitter:data1\" content=\"1 minute\" \/>\n<!-- \/ Yoast SEO plugin. -->","yoast_head_json":{"title":"Guides et conseils - Arteconfort","robots":{"index":"index","follow":"follow","max-snippet":"max-snippet:-1","max-image-preview":"max-image-preview:large","max-video-preview":"max-video-preview:-1"},"canonical":"https:\/\/arteconfort.com\/fr\/guias-y-consejos\/","og_locale":"fr_FR","og_type":"article","og_title":"Guides et conseils - Arteconfort","og_url":"https:\/\/arteconfort.com\/fr\/guias-y-consejos\/","og_site_name":"Arteconfort","article_modified_time":"2023-08-21T11:08:54+00:00","twitter_card":"summary_large_image","twitter_misc":{"Dur\u00e9e de lecture estim\u00e9e":"1 minute"},"schema":{"@context":"https:\/\/schema.org","@graph":[{"@type":"WebPage","@id":"https:\/\/arteconfort.com\/fr\/guias-y-consejos\/","url":"https:\/\/arteconfort.com\/fr\/guias-y-consejos\/","name":"Guides et conseils - Arteconfort","isPartOf":{"@id":"https:\/\/arteconfort.com\/fr\/#website"},"datePublished":"2020-09-29T10:45:44+00:00","dateModified":"2023-08-21T11:08:54+00:00","breadcrumb":{"@id":"https:\/\/arteconfort.com\/fr\/guias-y-consejos\/#breadcrumb"},"inLanguage":"fr-FR","potentialAction":[{"@type":"ReadAction","target":["https:\/\/arteconfort.com\/fr\/guias-y-consejos\/"]}]},{"@type":"BreadcrumbList","@id":"https:\/\/arteconfort.com\/fr\/guias-y-consejos\/#breadcrumb","itemListElement":[{"@type":"ListItem","position":1,"name":"Inicio","item":"https:\/\/arteconfort.com\/fr\/"},{"@type":"ListItem","position":2,"name":"Guides et conseils"}]},{"@type":"WebSite","@id":"https:\/\/arteconfort.com\/fr\/#website","url":"https:\/\/arteconfort.com\/fr\/","name":"Arteconfort","description":"Especialistas en productos del hogar","publisher":{"@id":"https:\/\/arteconfort.com\/fr\/#organization"},"potentialAction":[{"@type":"SearchAction","target":{"@type":"EntryPoint","urlTemplate":"https:\/\/arteconfort.com\/fr\/?s={search_term_string}"},"query-input":{"@type":"PropertyValueSpecification","valueRequired":true,"valueName":"search_term_string"}}],"inLanguage":"fr-FR"},{"@type":"Organization","@id":"https:\/\/arteconfort.com\/fr\/#organization","name":"Arteconfort","url":"https:\/\/arteconfort.com\/fr\/","logo":{"@type":"ImageObject","inLanguage":"fr-FR","@id":"https:\/\/arteconfort.com\/fr\/#\/schema\/logo\/image\/","url":"https:\/\/arteconfort.com\/wp-content\/uploads\/2019\/07\/logo-arteconfort.png","contentUrl":"https:\/\/arteconfort.com\/wp-content\/uploads\/2019\/07\/logo-arteconfort.png","width":230,"height":88,"caption":"Arteconfort"},"image":{"@id":"https:\/\/arteconfort.com\/fr\/#\/schema\/logo\/image\/"}}]}},"_links":{"self":[{"href":"https:\/\/arteconfort.com\/fr\/wp-json\/wp\/v2\/pages\/10838","targetHints":{"allow":["GET"]}}],"collection":[{"href":"https:\/\/arteconfort.com\/fr\/wp-json\/wp\/v2\/pages"}],"about":[{"href":"https:\/\/arteconfort.com\/fr\/wp-json\/wp\/v2\/types\/page"}],"author":[{"embeddable":true,"href":"https:\/\/arteconfort.com\/fr\/wp-json\/wp\/v2\/users\/1"}],"replies":[{"embeddable":true,"href":"https:\/\/arteconfort.com\/fr\/wp-json\/wp\/v2\/comments?post=10838"}],"version-history":[{"count":0,"href":"https:\/\/arteconfort.com\/fr\/wp-json\/wp\/v2\/pages\/10838\/revisions"}],"wp:attachment":[{"href":"https:\/\/arteconfort.com\/fr\/wp-json\/wp\/v2\/media?parent=10838"}],"curies":[{"name":"wp","href":"https:\/\/api.w.org\/{rel}","templated":true}]}}