{"id":10851,"date":"2019-07-30T09:24:32","date_gmt":"2019-07-30T07:24:32","guid":{"rendered":"https:\/\/arteconfort.com\/sobre-nosotros\/"},"modified":"2025-07-02T12:38:45","modified_gmt":"2025-07-02T10:38:45","slug":"sobre-nosotros","status":"publish","type":"page","link":"https:\/\/arteconfort.com\/fr\/sobre-nosotros\/","title":{"rendered":"D\u00e9couvrez-nous"},"content":{"rendered":"<div class=\"wpb-content-wrapper\"><p>[vc_row row_style=&#8221;full-width&#8221; padding_size=&#8221;no-padding&#8221; background_mode=&#8221;image&#8221; background_style=&#8221;cover&#8221; background_overlay=&#8221;color&#8221; overlay_color=&#8221;#ffffff&#8221; parallax=&#8221;parallax&#8221; background_image=&#8221;37015&#8243; bg_image_url=&#8221;https:\/\/arteconfort.com\/wp-content\/uploads\/2023\/10\/sobre-nosotros-fuerza-de-equipo.webp&#8221;][vc_column padding_size=&#8221;no-padding&#8221;][vc_empty_space height=&#8221;60px&#8221;][wyde_heading style=&#8221;11&#8243; text_align=&#8221;center&#8221; title=&#8221;Qui sommes-nous?&#8221;][vc_empty_space height=&#8221;120px&#8221;][\/vc_column][\/vc_row][vc_row row_style=&#8221;full-width&#8221; padding_size=&#8221;no-padding&#8221;][vc_column offset=&#8221;vc_hidden-xs&#8221;][vc_empty_space height=&#8221;60px&#8221;][\/vc_column][\/vc_row][vc_row row_style=&#8221;full-width&#8221; vertical_align=&#8221;middle&#8221; padding_size=&#8221;no-padding&#8221;][vc_column width=&#8221;1\/6&#8243;][\/vc_column][vc_column width=&#8221;1\/3&#8243;][wyde_heading style=&#8221;2&#8243; title_tag=&#8221;h3&#8243; subheading_tag=&#8221;span&#8221; text_align=&#8221;center&#8221; title=&#8221;Groupe de soci\u00e9t\u00e9s&#8221;][vc_column_text]La marque Arteconfort appartient \u00e0 un groupe d&#8217;entreprises, cr\u00e9\u00e9 en 2003 et au capital 100% espagnol. Ce groupe couvre les secteurs de l&#8217;efficacit\u00e9 \u00e9nerg\u00e9tique et des produits de consommation, et emploie plus de 150 professionnels.<\/p>\n<p>L&#8217;exp\u00e9rience et les synergies obtenues en tant que groupe ouvrent la voie pour faire d&#8217;Arteconfort le leader des articles pour le confort domestique au niveau national.[\/vc_column_text][\/vc_column][vc_column width=&#8221;1\/3&#8243;][vc_row_inner][vc_column_inner width=&#8221;1\/2&#8243;][wyde_counter_box icon_set=&#8221;stroke_gap&#8221; icon_stroke_gap=&#8221;sg-CompassTool&#8221; value=&#8221;30&#8243; format=&#8221;#.###,&#8221; title=&#8221;Ing\u00e9nieurs&#8221; unit=&#8221;+&#8221;][\/vc_column_inner][vc_column_inner width=&#8221;1\/2&#8243;][wyde_counter_box icon_set=&#8221;stroke_gap&#8221; icon_stroke_gap=&#8221;sg-Users&#8221; value=&#8221;150&#8243; format=&#8221;#.###,&#8221; title=&#8221;Professionnels&#8221; unit=&#8221;+&#8221;][\/vc_column_inner][\/vc_row_inner][\/vc_column][vc_column width=&#8221;1\/6&#8243;][\/vc_column][\/vc_row][vc_row row_style=&#8221;full-width&#8221; padding_size=&#8221;no-padding&#8221;][vc_column offset=&#8221;vc_hidden-xs&#8221;][vc_empty_space height=&#8221;80px&#8221;][\/vc_column][\/vc_row][vc_row row_style=&#8221;full-width&#8221; padding_size=&#8221;no-padding&#8221;][vc_column][wyde_separator text_align=&#8221;center&#8221; el_width=&#8221;40%&#8221; color=&#8221;#cccccc&#8221;][\/vc_column][\/vc_row][vc_row row_style=&#8221;full-width&#8221; padding_size=&#8221;no-padding&#8221;][vc_column offset=&#8221;vc_hidden-xs&#8221;][vc_empty_space height=&#8221;80px&#8221;][\/vc_column][\/vc_row][vc_row row_style=&#8221;full-width&#8221; vertical_align=&#8221;middle&#8221; padding_size=&#8221;no-padding&#8221;][vc_column width=&#8221;1\/6&#8243;][\/vc_column][vc_column width=&#8221;1\/3&#8243; css=&#8221;.vc_custom_1598345411407{padding-right: 30px !important;padding-left: 30px !important;}&#8221;][wyde_testimonials_slider posts_query=&#8221;order_by:date|order:DESC|tax_query:1525&#8243;][\/vc_column][vc_column width=&#8221;1\/3&#8243;][wyde_heading style=&#8221;2&#8243; title_tag=&#8221;h3&#8243; subheading_tag=&#8221;span&#8221; text_align=&#8221;center&#8221; title=&#8221;Force de l&#8217;\u00e9quipe&#8221;][vc_column_text]La croissance continue de la marque et de son personnel nous a permis de disposer des meilleurs professionnels du secteur, parmi lesquels plus de 30 ing\u00e9nieurs de diff\u00e9rentes sp\u00e9cialit\u00e9s renfor\u00e7ant chaque d\u00e9partement qui la compose.<\/p>\n<p>En tant que sp\u00e9cialistes, nous concevons et d\u00e9veloppons des produits innovants, \u00e0 la pointe de la technologie, dans le seul but d&#8217;am\u00e9liorer la qualit\u00e9 de vie des gens[\/vc_column_text][\/vc_column][vc_column width=&#8221;1\/6&#8243;][\/vc_column][\/vc_row][vc_row row_style=&#8221;full-width&#8221; padding_size=&#8221;no-padding&#8221;][vc_column][vc_empty_space height=&#8221;120px&#8221;][\/vc_column][\/vc_row][vc_row row_style=&#8221;full-width&#8221; padding_size=&#8221;no-padding&#8221;][vc_column padding_size=&#8221;no-padding&#8221; background_color=&#8221;#f5f5f5&#8243;][wyde_section_separator style=&#8221;3&#8243; background_color=&#8221;#f5f5f5&#8243;][\/vc_column][\/vc_row][vc_row row_style=&#8221;full-width&#8221; padding_size=&#8221;no-padding&#8221;][vc_column background_color=&#8221;#f5f5f5&#8243;][wyde_heading style=&#8221;11&#8243; text_align=&#8221;center&#8221; title=&#8221;Installations&#8221;][vc_row_inner][vc_column_inner offset=&#8221;vc_hidden-xs&#8221;][vc_empty_space height=&#8221;60px&#8221;][\/vc_column_inner][\/vc_row_inner][vc_row_inner][vc_column_inner width=&#8221;1\/6&#8243;][\/vc_column_inner][vc_column_inner width=&#8221;1\/3&#8243;][vc_single_image img_size=&#8221;aoraki-medium&#8221; style=&#8221;circle&#8221; alignment=&#8221;center&#8221; image=&#8221;36990&#8243;][vc_empty_space][wyde_heading style=&#8221;2&#8243; title_tag=&#8221;h3&#8243; subheading_tag=&#8221;span&#8221; text_align=&#8221;center&#8221; title=&#8221;Si\u00e8ge social&#8221;][vc_column_text]Nous disposons d&#8217;un centre logistique de 20.000m2 dans un emplacement privil\u00e9gi\u00e9, gr\u00e2ce auquel nous offrons la plus grande rapidit\u00e9 de gestion.<\/p>\n<p>En outre, nous disposons d&#8217;entrep\u00f4ts externes de plus de 18 000 m2 pour assurer un stock permanent de produits \u00e0 forte rotation.[\/vc_column_text][\/vc_column_inner][vc_column_inner width=&#8221;1\/3&#8243;][vc_single_image img_size=&#8221;aoraki-medium&#8221; style=&#8221;circle&#8221; alignment=&#8221;center&#8221; image=&#8221;37010&#8243;][vc_empty_space][wyde_heading style=&#8221;2&#8243; title_tag=&#8221;h3&#8243; subheading_tag=&#8221;span&#8221; text_align=&#8221;center&#8221; title=&#8221;Salle d&#8217;exposition et laboratoire&#8221;][vc_column_text]Notre salle d&#8217;exposition s&#8217;\u00e9tend sur plus de 150 m2 o\u00f9 nous pr\u00e9sentons notre gamme de produits.<\/p>\n<p>Nous avons un contr\u00f4le total de la tra\u00e7abilit\u00e9 des produits. En plus des contr\u00f4les de qualit\u00e9 \u00e0 l&#8217;origine, nous testons le produit dans notre laboratoire \u00e0 son arriv\u00e9e, garantissant ainsi une efficacit\u00e9 et une fiabilit\u00e9 maximales.[\/vc_column_text][\/vc_column_inner][vc_column_inner width=&#8221;1\/6&#8243;][\/vc_column_inner][\/vc_row_inner][vc_row_inner][vc_column_inner offset=&#8221;vc_hidden-xs&#8221;][vc_empty_space height=&#8221;60px&#8221;][\/vc_column_inner][\/vc_row_inner][\/vc_column][\/vc_row][vc_row row_style=&#8221;full-width&#8221; padding_size=&#8221;no-padding&#8221;][vc_column padding_size=&#8221;no-padding&#8221; background_color=&#8221;#f5f5f5&#8243;][wyde_section_separator style=&#8221;3&#8243; overlap=&#8221;bottom&#8221; background_color=&#8221;#f5f5f5&#8243;][\/vc_column][\/vc_row][vc_row][vc_column][wyde_heading style=&#8221;11&#8243; text_align=&#8221;center&#8221; title=&#8221;D\u00e9veloppement de produits&#8221;][vc_empty_space height=&#8221;60px&#8221;][vc_row_inner][vc_column_inner width=&#8221;1\/2&#8243;][vc_single_image img_size=&#8221;aoraki-medium&#8221; style=&#8221;circle&#8221; alignment=&#8221;center&#8221; image=&#8221;37000&#8243;][vc_empty_space][wyde_heading style=&#8221;2&#8243; title_tag=&#8221;h3&#8243; subheading_tag=&#8221;span&#8221; text_align=&#8221;center&#8221; title=&#8221;I + D&#8221;][vc_column_text]Nous sommes dans un processus constant de d\u00e9veloppement de solutions pour la maison, dans lequel nous avons le contr\u00f4le total du processus de production de tous les composants. De la conception du prototype \u00e0 la production finale.<\/p>\n<p>Nos produits sont soumis \u00e0 des contr\u00f4les de qualit\u00e9 stricts afin de v\u00e9rifier leur efficacit\u00e9 et leur s\u00e9curit\u00e9.[\/vc_column_text][\/vc_column_inner][vc_column_inner width=&#8221;1\/2&#8243;][vc_single_image img_size=&#8221;aoraki-medium&#8221; style=&#8221;circle&#8221; alignment=&#8221;center&#8221; image=&#8221;36995&#8243;][vc_empty_space][wyde_heading style=&#8221;2&#8243; title_tag=&#8221;h3&#8243; subheading_tag=&#8221;span&#8221; text_align=&#8221;center&#8221; title=&#8221;Formations sur les produits&#8221;][vc_column_text]La communication et les synergies sont un facteur cl\u00e9 d&#8217;am\u00e9lioration, permettant ainsi de proposer des produits r\u00e9pondant aux besoins des personnes. Les sessions de formation pour notre \u00e9quipe sont un \u00e9l\u00e9ment cl\u00e9 pour am\u00e9liorer cette communication.[\/vc_column_text][\/vc_column_inner][\/vc_row_inner][\/vc_column][\/vc_row][vc_row row_style=&#8221;full-width&#8221; padding_size=&#8221;no-padding&#8221;][vc_column offset=&#8221;vc_hidden-xs&#8221;][vc_empty_space height=&#8221;100px&#8221;][\/vc_column][\/vc_row][vc_row row_style=&#8221;full-width&#8221; padding_size=&#8221;no-padding&#8221;][vc_column padding_size=&#8221;no-padding&#8221; background_color=&#8221;#f5f5f5&#8243;][wyde_section_separator style=&#8221;3&#8243; background_color=&#8221;#f5f5f5&#8243;][\/vc_column][\/vc_row][vc_row row_style=&#8221;full-width&#8221; padding_size=&#8221;no-padding&#8221;][vc_column background_color=&#8221;#f5f5f5&#8243;][wyde_heading style=&#8221;11&#8243; text_align=&#8221;center&#8221; title=&#8221;Valeur ajout\u00e9e&#8221;][vc_row_inner][vc_column_inner offset=&#8221;vc_hidden-xs&#8221;][vc_empty_space height=&#8221;60px&#8221;][\/vc_column_inner][\/vc_row_inner][vc_row_inner vertical_align=&#8221;middle&#8221;][vc_column_inner width=&#8221;1\/6&#8243;][\/vc_column_inner][vc_column_inner width=&#8221;1\/3&#8243;][vc_single_image img_size=&#8221;aoraki-medium&#8221; style=&#8221;circle&#8221; alignment=&#8221;center&#8221; image=&#8221;36985&#8243;][\/vc_column_inner][vc_column_inner width=&#8221;1\/3&#8243;][wyde_heading style=&#8221;2&#8243; title_tag=&#8221;h3&#8243; subheading_tag=&#8221;span&#8221; text_align=&#8221;center&#8221; title=&#8221;Misi\u00f3n y visi\u00f3n&#8221;][vc_column_text]Notre longue exp\u00e9rience nous a permis de devenir un leader national dans le domaine de la ventilation des toits et de l&#8217;\u00e9clairage solaire. En outre, elle nous donne la capacit\u00e9 d&#8217;innover, de fabriquer et de distribuer notre produit \u00e0 grande \u00e9chelle.[\/vc_column_text][vc_column_text]Une attention personnalis\u00e9e au client final pour r\u00e9soudre ses doutes, maintenir une bonne relation et am\u00e9liorer son exp\u00e9rience.[\/vc_column_text][\/vc_column_inner][vc_column_inner width=&#8221;1\/6&#8243;][\/vc_column_inner][\/vc_row_inner][vc_empty_space height=&#8221;60px&#8221;][\/vc_column][\/vc_row]<\/p>\n<\/div>","protected":false},"excerpt":{"rendered":"<p>[vc_row row_style=&#8221;full-width&#8221; padding_size=&#8221;no-padding&#8221; background_mode=&#8221;image&#8221; background_style=&#8221;cover&#8221; background_overlay=&#8221;color&#8221; overlay_color=&#8221;#ffffff&#8221; parallax=&#8221;parallax&#8221; background_image=&#8221;37015&#8243; bg_image_url=&#8221;https:\/\/arteconfort.com\/wp-content\/uploads\/2023\/10\/sobre-nosotros-fuerza-de-equipo.webp&#8221;][vc_column padding_size=&#8221;no-padding&#8221;][vc_empty_space height=&#8221;60px&#8221;][wyde_heading style=&#8221;11&#8243; text_align=&#8221;center&#8221; title=&#8221;Qui sommes-nous?&#8221;][vc_empty_space height=&#8221;120px&#8221;][\/vc_column][\/vc_row][vc_row row_style=&#8221;full-width&#8221; padding_size=&#8221;no-padding&#8221;][vc_column offset=&#8221;vc_hidden-xs&#8221;][vc_empty_space height=&#8221;60px&#8221;][\/vc_column][\/vc_row][vc_row row_style=&#8221;full-width&#8221; vertical_align=&#8221;middle&#8221; padding_size=&#8221;no-padding&#8221;][vc_column width=&#8221;1\/6&#8243;][\/vc_column][vc_column width=&#8221;1\/3&#8243;][wyde_heading style=&#8221;2&#8243; title_tag=&#8221;h3&#8243; subheading_tag=&#8221;span&#8221; text_align=&#8221;center&#8221; title=&#8221;Groupe de soci\u00e9t\u00e9s&#8221;][vc_column_text]La marque Arteconfort appartient \u00e0 un groupe d&#8217;entreprises, cr\u00e9\u00e9 en 2003 et au capital 100% espagnol. Ce groupe couvre les secteurs de l&#8217;efficacit\u00e9 [&hellip;]<\/p>\n","protected":false},"author":1,"featured_media":0,"parent":0,"menu_order":0,"comment_status":"closed","ping_status":"closed","template":"","meta":{"footnotes":""},"class_list":["post-10851","page","type-page","status-publish","hentry"],"yoast_head":"<!-- This site is optimized with the Yoast SEO plugin v26.5 - https:\/\/yoast.com\/wordpress\/plugins\/seo\/ -->\n<title>D\u00e9couvrez-nous - Arteconfort<\/title>\n<meta name=\"description\" content=\"La marque Arteconfort appartient \u00e0 un groupe d&#039;entreprises, cr\u00e9\u00e9 en 2003 et au capital 100% espagnol. Ce groupe couvre les secteurs de l&#039;efficacit\u00e9\" \/>\n<meta name=\"robots\" content=\"index, follow, max-snippet:-1, max-image-preview:large, max-video-preview:-1\" \/>\n<link rel=\"canonical\" href=\"https:\/\/arteconfort.com\/fr\/sobre-nosotros\/\" \/>\n<meta property=\"og:locale\" content=\"fr_FR\" \/>\n<meta property=\"og:type\" content=\"article\" \/>\n<meta property=\"og:title\" content=\"D\u00e9couvrez-nous - Arteconfort\" \/>\n<meta property=\"og:description\" content=\"La marque Arteconfort appartient \u00e0 un groupe d&#039;entreprises, cr\u00e9\u00e9 en 2003 et au capital 100% espagnol. Ce groupe couvre les secteurs de l&#039;efficacit\u00e9\" \/>\n<meta property=\"og:url\" content=\"https:\/\/arteconfort.com\/fr\/sobre-nosotros\/\" \/>\n<meta property=\"og:site_name\" content=\"Arteconfort\" \/>\n<meta property=\"article:modified_time\" content=\"2025-07-02T10:38:45+00:00\" \/>\n<meta name=\"twitter:card\" content=\"summary_large_image\" \/>\n<meta name=\"twitter:label1\" content=\"Dur\u00e9e de lecture estim\u00e9e\" \/>\n\t<meta name=\"twitter:data1\" content=\"3 minutes\" \/>\n<!-- \/ Yoast SEO plugin. -->","yoast_head_json":{"title":"D\u00e9couvrez-nous - Arteconfort","description":"La marque Arteconfort appartient \u00e0 un groupe d'entreprises, cr\u00e9\u00e9 en 2003 et au capital 100% espagnol. Ce groupe couvre les secteurs de l'efficacit\u00e9","robots":{"index":"index","follow":"follow","max-snippet":"max-snippet:-1","max-image-preview":"max-image-preview:large","max-video-preview":"max-video-preview:-1"},"canonical":"https:\/\/arteconfort.com\/fr\/sobre-nosotros\/","og_locale":"fr_FR","og_type":"article","og_title":"D\u00e9couvrez-nous - Arteconfort","og_description":"La marque Arteconfort appartient \u00e0 un groupe d'entreprises, cr\u00e9\u00e9 en 2003 et au capital 100% espagnol. Ce groupe couvre les secteurs de l'efficacit\u00e9","og_url":"https:\/\/arteconfort.com\/fr\/sobre-nosotros\/","og_site_name":"Arteconfort","article_modified_time":"2025-07-02T10:38:45+00:00","twitter_card":"summary_large_image","twitter_misc":{"Dur\u00e9e de lecture estim\u00e9e":"3 minutes"},"schema":{"@context":"https:\/\/schema.org","@graph":[{"@type":"WebPage","@id":"https:\/\/arteconfort.com\/fr\/sobre-nosotros\/","url":"https:\/\/arteconfort.com\/fr\/sobre-nosotros\/","name":"D\u00e9couvrez-nous - Arteconfort","isPartOf":{"@id":"https:\/\/arteconfort.com\/fr\/#website"},"datePublished":"2019-07-30T07:24:32+00:00","dateModified":"2025-07-02T10:38:45+00:00","description":"La marque Arteconfort appartient \u00e0 un groupe d'entreprises, cr\u00e9\u00e9 en 2003 et au capital 100% espagnol. Ce groupe couvre les secteurs de l'efficacit\u00e9","breadcrumb":{"@id":"https:\/\/arteconfort.com\/fr\/sobre-nosotros\/#breadcrumb"},"inLanguage":"fr-FR","potentialAction":[{"@type":"ReadAction","target":["https:\/\/arteconfort.com\/fr\/sobre-nosotros\/"]}]},{"@type":"BreadcrumbList","@id":"https:\/\/arteconfort.com\/fr\/sobre-nosotros\/#breadcrumb","itemListElement":[{"@type":"ListItem","position":1,"name":"Inicio","item":"https:\/\/arteconfort.com\/fr\/"},{"@type":"ListItem","position":2,"name":"D\u00e9couvrez-nous"}]},{"@type":"WebSite","@id":"https:\/\/arteconfort.com\/fr\/#website","url":"https:\/\/arteconfort.com\/fr\/","name":"Arteconfort","description":"Especialistas en productos del hogar","publisher":{"@id":"https:\/\/arteconfort.com\/fr\/#organization"},"potentialAction":[{"@type":"SearchAction","target":{"@type":"EntryPoint","urlTemplate":"https:\/\/arteconfort.com\/fr\/?s={search_term_string}"},"query-input":{"@type":"PropertyValueSpecification","valueRequired":true,"valueName":"search_term_string"}}],"inLanguage":"fr-FR"},{"@type":"Organization","@id":"https:\/\/arteconfort.com\/fr\/#organization","name":"Arteconfort","url":"https:\/\/arteconfort.com\/fr\/","logo":{"@type":"ImageObject","inLanguage":"fr-FR","@id":"https:\/\/arteconfort.com\/fr\/#\/schema\/logo\/image\/","url":"https:\/\/arteconfort.com\/wp-content\/uploads\/2019\/07\/logo-arteconfort.png","contentUrl":"https:\/\/arteconfort.com\/wp-content\/uploads\/2019\/07\/logo-arteconfort.png","width":230,"height":88,"caption":"Arteconfort"},"image":{"@id":"https:\/\/arteconfort.com\/fr\/#\/schema\/logo\/image\/"}}]}},"_links":{"self":[{"href":"https:\/\/arteconfort.com\/fr\/wp-json\/wp\/v2\/pages\/10851","targetHints":{"allow":["GET"]}}],"collection":[{"href":"https:\/\/arteconfort.com\/fr\/wp-json\/wp\/v2\/pages"}],"about":[{"href":"https:\/\/arteconfort.com\/fr\/wp-json\/wp\/v2\/types\/page"}],"author":[{"embeddable":true,"href":"https:\/\/arteconfort.com\/fr\/wp-json\/wp\/v2\/users\/1"}],"replies":[{"embeddable":true,"href":"https:\/\/arteconfort.com\/fr\/wp-json\/wp\/v2\/comments?post=10851"}],"version-history":[{"count":0,"href":"https:\/\/arteconfort.com\/fr\/wp-json\/wp\/v2\/pages\/10851\/revisions"}],"wp:attachment":[{"href":"https:\/\/arteconfort.com\/fr\/wp-json\/wp\/v2\/media?parent=10851"}],"curies":[{"name":"wp","href":"https:\/\/api.w.org\/{rel}","templated":true}]}}