{"id":11009,"date":"2019-08-06T11:06:53","date_gmt":"2019-08-06T09:06:53","guid":{"rendered":"https:\/\/arteconfort.com\/hogar\/"},"modified":"2022-04-20T14:33:23","modified_gmt":"2022-04-20T12:33:23","slug":"hogar","status":"publish","type":"page","link":"https:\/\/arteconfort.com\/fr\/hogar\/","title":{"rendered":"Int\u00e9rieure"},"content":{"rendered":"<div class=\"wpb-content-wrapper\"><p>[vc_row][vc_column][vc_column_text]Una buena decoraci\u00f3n puede trasformar tu casa, gracias a la combinaci\u00f3n de distintos elementos como muebles, espejos, l\u00e1mparas o relojes de pared, logrando aportar<strong> un toque distintivo y personal en todas tus estancias<\/strong>.[\/vc_column_text][\/vc_column][\/vc_row][vc_row][vc_column][vc_empty_space height=&#8221;60px&#8221;][\/vc_column][\/vc_row][vc_row][vc_column][wyde_heading style=&#8221;5&#8243; title_tag=&#8221;h3&#8243; title=&#8221;Cubos autom\u00e1ticos&#8221; subheading=&#8221;01&#8243;][vc_column_text]Los cubos de basura autom\u00e1ticos Arteconfort han sido dise\u00f1ados para hacerte la vida cotidiana m\u00e1s f\u00e1cil. Gracias a su sensor infrarrojo, que detecta tu mano o cualquier objeto a unos 15 cm de distancia, hace de su nuevo cubo de basura<strong> la forma m\u00e1s higi\u00e9nica para el almacenaje de residuos en el hogar<\/strong>.<\/p>\n<p>Un cubo de dise\u00f1o, moderno y elegante, fabricado con los mejores materiales y los sensores m\u00e1s avanzados. Adem\u00e1s, consume poca energ\u00eda y tiene una larga vida \u00fatil.[\/vc_column_text][vc_empty_space height=&#8221;20px&#8221;][vc_column_text]<div class=\"woocommerce columns-4 \"><\/div>[\/vc_column_text][vc_empty_space height=&#8221;60px&#8221;][\/vc_column][\/vc_row][vc_row][vc_column][wyde_heading style=&#8221;5&#8243; title_tag=&#8221;h3&#8243; title=&#8221;Espejos&#8221; subheading=&#8221;02&#8243;][vc_column_text]Los espejos son una soluci\u00f3n pr\u00e1ctica y elegante para cualquier estancia, ya que son <strong>funcionales a la vez que decorativos<\/strong>, con una gama amplia de colores, formas y materiales. Pocos elementos decorativos ofrecen tanto juego en la decoraci\u00f3n del hogar, por ello, si buscas convertir tu sala de estar, habitaci\u00f3n o comedor en un espacio \u00fanico y sorprendente, nuestros espejos son el complemento ideal. Con multitud de dise\u00f1os, colores y formas que se adaptan a cualquier estilo de interiores.[\/vc_column_text][vc_empty_space height=&#8221;20px&#8221;][vc_column_text]<div class=\"woocommerce columns-4 \"><\/div>[\/vc_column_text][vc_empty_space height=&#8221;60px&#8221;][\/vc_column][\/vc_row][vc_row][vc_column][wyde_heading style=&#8221;5&#8243; title_tag=&#8221;h3&#8243; title=&#8221;Relojes&#8221; subheading=&#8221;03&#8243;][vc_column_text]El reloj es un elemento imprescindible en nuestra vida cotidiana por lo que es una buena opci\u00f3n para decorar las paredes de nuestro comedor, oficina o habitaci\u00f3n, ya que ofrece un<strong> gran aporte decorativo<\/strong> a la vez que permite consultar la hora de una forma sencilla.[\/vc_column_text][vc_empty_space height=&#8221;20px&#8221;][vc_column_text]<div class=\"woocommerce columns-4 \"><\/div>[\/vc_column_text][vc_empty_space height=&#8221;60px&#8221;][\/vc_column][\/vc_row][vc_row][vc_column][wyde_heading style=&#8221;5&#8243; title_tag=&#8221;h3&#8243; title=&#8221;Muebles de interior&#8221; subheading=&#8221;04&#8243;][vc_column_text]Los muebles de interior son los que <strong>nutren la decoraci\u00f3n principal de nuestra casa<\/strong>. Nos ayudan a dotar de personalidad y estilo las estancias, creando un oasis de calma y tranquilidad donde poder desarrollar nuestra vida cotidiana con comodidad y confort. Hay un sin fin de modelos y estilos entre los que elegir aquellos que mejor armonizan con nosotros y nuestro hogar.[\/vc_column_text][vc_empty_space height=&#8221;20px&#8221;][vc_column_text]<div class=\"woocommerce columns-4 \"><\/div>[\/vc_column_text][vc_empty_space height=&#8221;60px&#8221;][\/vc_column][\/vc_row][vc_row][vc_column][wyde_heading style=&#8221;5&#8243; title_tag=&#8221;h3&#8243; title=&#8221;Muebles decorativos&#8221; subheading=&#8221;05&#8243;][vc_column_text]Crea tu espacio propio donde relajarte y escapar de la rutina con un mueble decorativo, <strong>aprovechando su cajones y espacio de almacenaje<\/strong> para guardar las cosas m\u00e1s peque\u00f1as o coloca detalles y elementos decorativos sobre la superficie del escritorio. Incluye cajas llamativas, detalles florales, etc.[\/vc_column_text][vc_empty_space height=&#8221;20px&#8221;][vc_column_text]<div class=\"woocommerce columns-4 \"><\/div>[\/vc_column_text][vc_empty_space height=&#8221;60px&#8221;][\/vc_column][\/vc_row][vc_row][vc_column][wyde_heading style=&#8221;5&#8243; title_tag=&#8221;h3&#8243; title=&#8221;Muebles de jard\u00edn&#8221; subheading=&#8221;06&#8243;][vc_column_text]Res\u00e9rvate un momento cada d\u00eda para<strong> disfrutar del aire libre en la comodidad de tu casa<\/strong>. Disfruta de las actividades que m\u00e1s te gustan como leer un libro, almorzar, tomar una copa de vino con tu pareja o simplemente relajarte en la naturaleza.<\/p>\n<p>El exterior de tu casa puede ser tan c\u00f3modo como el interior, ya que los muebles de exterior pueden convertir el jard\u00edn de tu hogar en un <strong>espacio funcional y acogedor<\/strong> con m\u00faltiples posibilidades de aprovechamiento.[\/vc_column_text][vc_empty_space height=&#8221;20px&#8221;][vc_column_text]<div class=\"woocommerce columns-4 \"><\/div>[\/vc_column_text][\/vc_column][\/vc_row][vc_row row_style=&#8221;full-width&#8221; vertical_align=&#8221;bottom&#8221; padding_size=&#8221;no-padding&#8221; disable_element=&#8221;yes&#8221;][vc_column padding_size=&#8221;no-padding&#8221;][wyde_section_separator style=&#8221;3&#8243; overlap=&#8221;bottom&#8221; background_color=&#8221;#f5f5f5&#8243;][\/vc_column][\/vc_row]<\/p>\n<\/div>","protected":false},"excerpt":{"rendered":"<p>[vc_row][vc_column][vc_column_text]Una buena decoraci\u00f3n puede trasformar tu casa, gracias a la combinaci\u00f3n de distintos elementos como muebles, espejos, l\u00e1mparas o relojes de pared, logrando aportar un toque distintivo y personal en todas tus estancias.[\/vc_column_text][\/vc_column][\/vc_row][vc_row][vc_column][vc_empty_space height=&#8221;60px&#8221;][\/vc_column][\/vc_row][vc_row][vc_column][wyde_heading style=&#8221;5&#8243; title_tag=&#8221;h3&#8243; title=&#8221;Cubos autom\u00e1ticos&#8221; subheading=&#8221;01&#8243;][vc_column_text]Los cubos de basura autom\u00e1ticos Arteconfort han sido dise\u00f1ados para hacerte la vida cotidiana m\u00e1s f\u00e1cil. Gracias [&hellip;]<\/p>\n","protected":false},"author":1,"featured_media":0,"parent":0,"menu_order":0,"comment_status":"closed","ping_status":"closed","template":"","meta":{"footnotes":""},"class_list":["post-11009","page","type-page","status-publish","hentry"],"yoast_head":"<!-- This site is optimized with the Yoast SEO plugin v26.5 - https:\/\/yoast.com\/wordpress\/plugins\/seo\/ -->\n<title>? Int\u00e9rieure - Arteconfort<\/title>\n<meta name=\"description\" content=\"Ajoutez une touche distinctive et personnelle \u00e0 votre maison avec des produits d\u00e9coratifs tels que des meubles, des miroirs, des lampes et des horloges murales.\" \/>\n<meta name=\"robots\" content=\"index, follow, max-snippet:-1, max-image-preview:large, max-video-preview:-1\" \/>\n<link rel=\"canonical\" href=\"https:\/\/arteconfort.com\/fr\/hogar\/\" \/>\n<meta property=\"og:locale\" content=\"fr_FR\" \/>\n<meta property=\"og:type\" content=\"article\" \/>\n<meta property=\"og:title\" content=\"? Int\u00e9rieure - Arteconfort\" \/>\n<meta property=\"og:description\" content=\"Ajoutez une touche distinctive et personnelle \u00e0 votre maison avec des produits d\u00e9coratifs tels que des meubles, des miroirs, des lampes et des horloges murales.\" \/>\n<meta property=\"og:url\" content=\"https:\/\/arteconfort.com\/fr\/hogar\/\" \/>\n<meta property=\"og:site_name\" content=\"Arteconfort\" \/>\n<meta property=\"article:modified_time\" content=\"2022-04-20T12:33:23+00:00\" \/>\n<meta name=\"twitter:card\" content=\"summary_large_image\" \/>\n<meta name=\"twitter:label1\" content=\"Dur\u00e9e de lecture estim\u00e9e\" \/>\n\t<meta name=\"twitter:data1\" content=\"4 minutes\" \/>\n<!-- \/ Yoast SEO plugin. -->","yoast_head_json":{"title":"? Int\u00e9rieure - Arteconfort","description":"Ajoutez une touche distinctive et personnelle \u00e0 votre maison avec des produits d\u00e9coratifs tels que des meubles, des miroirs, des lampes et des horloges murales.","robots":{"index":"index","follow":"follow","max-snippet":"max-snippet:-1","max-image-preview":"max-image-preview:large","max-video-preview":"max-video-preview:-1"},"canonical":"https:\/\/arteconfort.com\/fr\/hogar\/","og_locale":"fr_FR","og_type":"article","og_title":"? Int\u00e9rieure - Arteconfort","og_description":"Ajoutez une touche distinctive et personnelle \u00e0 votre maison avec des produits d\u00e9coratifs tels que des meubles, des miroirs, des lampes et des horloges murales.","og_url":"https:\/\/arteconfort.com\/fr\/hogar\/","og_site_name":"Arteconfort","article_modified_time":"2022-04-20T12:33:23+00:00","twitter_card":"summary_large_image","twitter_misc":{"Dur\u00e9e de lecture estim\u00e9e":"4 minutes"},"schema":{"@context":"https:\/\/schema.org","@graph":[{"@type":"WebPage","@id":"https:\/\/arteconfort.com\/fr\/hogar\/","url":"https:\/\/arteconfort.com\/fr\/hogar\/","name":"? Int\u00e9rieure - Arteconfort","isPartOf":{"@id":"https:\/\/arteconfort.com\/fr\/#website"},"datePublished":"2019-08-06T09:06:53+00:00","dateModified":"2022-04-20T12:33:23+00:00","description":"Ajoutez une touche distinctive et personnelle \u00e0 votre maison avec des produits d\u00e9coratifs tels que des meubles, des miroirs, des lampes et des horloges murales.","breadcrumb":{"@id":"https:\/\/arteconfort.com\/fr\/hogar\/#breadcrumb"},"inLanguage":"fr-FR","potentialAction":[{"@type":"ReadAction","target":["https:\/\/arteconfort.com\/fr\/hogar\/"]}]},{"@type":"BreadcrumbList","@id":"https:\/\/arteconfort.com\/fr\/hogar\/#breadcrumb","itemListElement":[{"@type":"ListItem","position":1,"name":"Inicio","item":"https:\/\/arteconfort.com\/fr\/"},{"@type":"ListItem","position":2,"name":"Int\u00e9rieure"}]},{"@type":"WebSite","@id":"https:\/\/arteconfort.com\/fr\/#website","url":"https:\/\/arteconfort.com\/fr\/","name":"Arteconfort","description":"Especialistas en productos del hogar","publisher":{"@id":"https:\/\/arteconfort.com\/fr\/#organization"},"potentialAction":[{"@type":"SearchAction","target":{"@type":"EntryPoint","urlTemplate":"https:\/\/arteconfort.com\/fr\/?s={search_term_string}"},"query-input":{"@type":"PropertyValueSpecification","valueRequired":true,"valueName":"search_term_string"}}],"inLanguage":"fr-FR"},{"@type":"Organization","@id":"https:\/\/arteconfort.com\/fr\/#organization","name":"Arteconfort","url":"https:\/\/arteconfort.com\/fr\/","logo":{"@type":"ImageObject","inLanguage":"fr-FR","@id":"https:\/\/arteconfort.com\/fr\/#\/schema\/logo\/image\/","url":"https:\/\/arteconfort.com\/wp-content\/uploads\/2019\/07\/logo-arteconfort.png","contentUrl":"https:\/\/arteconfort.com\/wp-content\/uploads\/2019\/07\/logo-arteconfort.png","width":230,"height":88,"caption":"Arteconfort"},"image":{"@id":"https:\/\/arteconfort.com\/fr\/#\/schema\/logo\/image\/"}}]}},"_links":{"self":[{"href":"https:\/\/arteconfort.com\/fr\/wp-json\/wp\/v2\/pages\/11009","targetHints":{"allow":["GET"]}}],"collection":[{"href":"https:\/\/arteconfort.com\/fr\/wp-json\/wp\/v2\/pages"}],"about":[{"href":"https:\/\/arteconfort.com\/fr\/wp-json\/wp\/v2\/types\/page"}],"author":[{"embeddable":true,"href":"https:\/\/arteconfort.com\/fr\/wp-json\/wp\/v2\/users\/1"}],"replies":[{"embeddable":true,"href":"https:\/\/arteconfort.com\/fr\/wp-json\/wp\/v2\/comments?post=11009"}],"version-history":[{"count":0,"href":"https:\/\/arteconfort.com\/fr\/wp-json\/wp\/v2\/pages\/11009\/revisions"}],"wp:attachment":[{"href":"https:\/\/arteconfort.com\/fr\/wp-json\/wp\/v2\/media?parent=11009"}],"curies":[{"name":"wp","href":"https:\/\/api.w.org\/{rel}","templated":true}]}}