{"id":11920,"date":"2020-12-15T10:37:32","date_gmt":"2020-12-15T09:37:32","guid":{"rendered":"https:\/\/arteconfort.com\/politica-de-sostenibilidad\/"},"modified":"2024-09-05T09:21:34","modified_gmt":"2024-09-05T07:21:34","slug":"politica-de-sostenibilidad","status":"publish","type":"page","link":"https:\/\/arteconfort.com\/fr\/politica-de-sostenibilidad\/","title":{"rendered":"Politique de durabilit\u00e9"},"content":{"rendered":"<div class=\"wpb-content-wrapper\"><p>[vc_row][vc_column][vc_empty_space height=&#8221;60px&#8221;][vc_column_text]Notre engagement en faveur de la qualit\u00e9, de l&#8217;environnement, de la performance \u00e9nerg\u00e9tique et de la s\u00e9curit\u00e9 au travail.[\/vc_column_text][vc_empty_space height=&#8221;60px&#8221;][wyde_heading style=&#8221;2&#8243; title_tag=&#8221;h3&#8243; subheading_tag=&#8221;span&#8221; text_align=&#8221;center&#8221; title=&#8221;Syst\u00e8me de gestion&#8221;][vc_column_text]A qualidade \u00e9 manifestada em cada uma das nossas ac\u00e7\u00f5es e acompanha-nos em tudo o que fazemos. Assim, cada membro da nossa empresa assume a sua miss\u00e3o como sua, com o objectivo de garantir a promessa de qualidade nos nossos produtos.<\/p>\n<p>Suite \u00e0 ces engagements, Arteconfort est en train d&#8217;implanter strat\u00e9giquement un syst\u00e8me de qualit\u00e9, d&#8217;environnement, d&#8217;\u00e9nergie et de s\u00e9curit\u00e9 du travail dans toutes les activit\u00e9s de notre organisation, dans le cadre de la &#8220;Conception et commercialisation de technologies pour la maison et la d\u00e9coration&#8221; et conform\u00e9ment aux normes :[\/vc_column_text][vc_empty_space height=&#8221;60px&#8221;][vc_row_inner][vc_column_inner text_align=&#8221;center&#8221; width=&#8221;1\/3&#8243;][vc_empty_space][vc_single_image img_size=&#8221;medium&#8221; alignment=&#8221;center&#8221; onclick=&#8221;custom_link&#8221; link_target=&#8221;_blank&#8221; image=&#8221;14340&#8243; link=&#8221;https:\/\/www.sgs.com\/en\/certified-clients-and-products&#8221;][vc_empty_space height=&#8221;60px&#8221;][vc_column_text]<\/p>\n<p style=\"text-align: center;\"><a href=\"https:\/\/www.sgs.com\/en\/certified-clients-and-products\" target=\"_blank\" rel=\"noopener noreferrer\"><strong>ISO 9001:2015<\/strong><\/a><\/p>\n<p>[\/vc_column_text][vc_empty_space][vc_column_text]<\/p>\n<p style=\"text-align: center;\"><a href=\"https:\/\/www.sgs.com\/en\/certified-clients-and-products\" target=\"_blank\" rel=\"noopener noreferrer\"><strong>Syst\u00e8mes de gestion de la qualit\u00e9<\/strong><\/a><\/p>\n<p>[\/vc_column_text][vc_empty_space][vc_column_text]<\/p>\n<p style=\"text-align: center;\">L&#8217;objectif de cette norme ISO est de faire en sorte que l&#8217;entreprise obtienne la satisfaction du client gr\u00e2ce \u00e0 des processus d&#8217;am\u00e9lioration. Par cons\u00e9quent, une entreprise qui a obtenu ce certificat signifie qu&#8217;elle r\u00e9pond r\u00e9ellement aux normes de qualit\u00e9.<\/p>\n<p>[\/vc_column_text][vc_empty_space height=&#8221;60px&#8221;][wyde_link_button style=&#8221;outline round&#8221; size=&#8221;large&#8221; title=&#8221;Voir certificat&#8221; link=&#8221;url:https%3A%2F%2Farteconfort.com%2Fwp-content%2Fuploads%2F2021%2F09%2FISO-9001.2015-21.09.24.pdf||target:%20_blank|&#8221; color=&#8221;#222222&#8243;][vc_empty_space height=&#8221;60px&#8221;][\/vc_column_inner][vc_column_inner text_align=&#8221;center&#8221; width=&#8221;1\/3&#8243;][vc_empty_space][vc_single_image img_size=&#8221;medium&#8221; alignment=&#8221;center&#8221; onclick=&#8221;custom_link&#8221; link_target=&#8221;_blank&#8221; image=&#8221;14345&#8243; link=&#8221;https:\/\/www.sgs.com\/en\/certified-clients-and-products&#8221;][vc_empty_space height=&#8221;60px&#8221;][vc_column_text]<\/p>\n<p style=\"text-align: center;\"><a href=\"https:\/\/www.sgs.com\/en\/certified-clients-and-products\" target=\"_blank\" rel=\"noopener noreferrer\"><strong>ISO 50001:2018<\/strong><\/a><\/p>\n<p>[\/vc_column_text][vc_empty_space][vc_column_text]<\/p>\n<p style=\"text-align: center;\"><a href=\"https:\/\/www.sgs.com\/en\/certified-clients-and-products\" target=\"_blank\" rel=\"noopener noreferrer\"><strong>Syst\u00e8mes de gestion de l&#8217;\u00e9nergie<\/strong><\/a><\/p>\n<p>[\/vc_column_text][vc_empty_space][vc_column_text]<\/p>\n<p style=\"text-align: center;\">L&#8217;objectif de cette norme est que toute entreprise qui re\u00e7oit le certificat puisse d\u00e9montrer qu&#8217;elle s&#8217;efforce de r\u00e9duire la consommation d&#8217;\u00e9nergie et les \u00e9missions de CO2, qu&#8217;elle optimise ses ressources d&#8217;un point de vue \u00e9nerg\u00e9tique et qu&#8217;elle promeut les bonnes pratiques de gestion de l&#8217;\u00e9nergie d\u00e9finies par l&#8217;organisation, entre autres objectifs.<\/p>\n<p>[\/vc_column_text][vc_empty_space height=&#8221;60px&#8221;][wyde_link_button style=&#8221;outline round&#8221; size=&#8221;large&#8221; title=&#8221;Voir certificat&#8221; link=&#8221;url:https%3A%2F%2Farteconfort.com%2Fwp-content%2Fuploads%2F2021%2F09%2FISO-50001.2018-21.09.24.pdf||target:%20_blank|&#8221; color=&#8221;#222222&#8243;][vc_empty_space height=&#8221;60px&#8221;][\/vc_column_inner][vc_column_inner text_align=&#8221;center&#8221; width=&#8221;1\/3&#8243;][vc_empty_space][vc_single_image img_size=&#8221;medium&#8221; alignment=&#8221;center&#8221; onclick=&#8221;custom_link&#8221; link_target=&#8221;_blank&#8221; image=&#8221;14330&#8243; link=&#8221;https:\/\/www.sgs.com\/en\/certified-clients-and-products&#8221;][vc_empty_space height=&#8221;60px&#8221;][vc_column_text]<\/p>\n<p style=\"text-align: center;\"><a href=\"https:\/\/www.sgs.com\/en\/certified-clients-and-products\" target=\"_blank\" rel=\"noopener noreferrer\"><strong>ISO 14001:2015<\/strong><\/a><\/p>\n<p>[\/vc_column_text][vc_empty_space][vc_column_text]<\/p>\n<p style=\"text-align: center;\"><a href=\"https:\/\/www.sgs.com\/en\/certified-clients-and-products\" target=\"_blank\" rel=\"noopener noreferrer\"><strong>Syst\u00e8mes de gestion de l&#8217;environnement<\/strong><\/a><\/p>\n<p>[\/vc_column_text][vc_empty_space][vc_column_text]<\/p>\n<p style=\"text-align: center;\">La prioridad de esta norma es identificar y gestionar posibles riesgos ambientales que pueden ser generados por la empresa. Su implantaci\u00f3n posiciona a la compa\u00f1\u00eda como\u00a0socialmente responsable, ya que demuestra que es capaz de optimizar la gesti\u00f3n de recursos y residuos, logrando reducir el impacto negativo ambiental que produce su actividad.<\/p>\n<p>[\/vc_column_text][vc_empty_space height=&#8221;60px&#8221;][wyde_link_button style=&#8221;outline round&#8221; size=&#8221;large&#8221; title=&#8221;Voir certificat&#8221; link=&#8221;url:https%3A%2F%2Farteconfort.com%2Fwp-content%2Fuploads%2F2021%2F09%2FISO-14001.2015-21.09.2024.pdf||target:%20_blank|&#8221; color=&#8221;#222222&#8243;][vc_empty_space height=&#8221;60px&#8221;][\/vc_column_inner][\/vc_row_inner][vc_row_inner][vc_column_inner text_align=&#8221;center&#8221; width=&#8221;1\/3&#8243;][vc_empty_space][vc_single_image img_size=&#8221;medium&#8221; alignment=&#8221;center&#8221; onclick=&#8221;custom_link&#8221; link_target=&#8221;_blank&#8221; image=&#8221;14335&#8243; link=&#8221;https:\/\/www.sgs.com\/en\/certified-clients-and-products&#8221;][vc_empty_space height=&#8221;60px&#8221;][vc_column_text]<\/p>\n<p style=\"text-align: center;\"><a href=\"https:\/\/www.sgs.com\/en\/certified-clients-and-products\" target=\"_blank\" rel=\"noopener noreferrer\"><strong>ISO 45001:2018<\/strong><\/a><\/p>\n<p>[\/vc_column_text][vc_empty_space][vc_column_text]<\/p>\n<p style=\"text-align: center;\"><a href=\"https:\/\/www.sgs.com\/en\/certified-clients-and-products\" target=\"_blank\" rel=\"noopener noreferrer\"><strong>Syst\u00e8mes de gestion de la sant\u00e9 et de la s\u00e9curit\u00e9 au travail<\/strong><\/a><\/p>\n<p>[\/vc_column_text][vc_empty_space][vc_column_text]<\/p>\n<p style=\"text-align: center;\">Comme les autres, cette norme est essentielle car elle \u00e9tablit un cadre pour la gestion de la s\u00e9curit\u00e9 et de la sant\u00e9 des travailleurs. Elle fournit \u00e9galement les exigences relatives \u00e0 l&#8217;\u00e9tablissement d&#8217;un syst\u00e8me appropri\u00e9 de gestion de la sant\u00e9 et de la s\u00e9curit\u00e9 au travail afin de prot\u00e9ger les personnes contre les risques professionnels potentiels.<\/p>\n<p>[\/vc_column_text][vc_empty_space height=&#8221;60px&#8221;][wyde_link_button style=&#8221;outline round&#8221; size=&#8221;large&#8221; title=&#8221;Voir certificat&#8221; link=&#8221;url:https%3A%2F%2Farteconfort.com%2Fwp-content%2Fuploads%2F2021%2F09%2FISO-45001.2018-22.09.24.pdf||target:%20_blank|&#8221; color=&#8221;#222222&#8243;][vc_empty_space height=&#8221;60px&#8221;][\/vc_column_inner][vc_column_inner text_align=&#8221;center&#8221; width=&#8221;1\/3&#8243; offset=&#8221;vc_hidden-lg vc_hidden-md vc_hidden-sm vc_hidden-xs&#8221;][vc_empty_space][vc_single_image alignment=&#8221;center&#8221; onclick=&#8221;custom_link&#8221; link_target=&#8221;_blank&#8221; image=&#8221;43290&#8243; link=&#8221;https:\/\/www.sgs.com\/en\/certified-clients-and-products&#8221;][vc_empty_space height=&#8221;60px&#8221;][vc_column_text]<\/p>\n<p style=\"text-align: center;\"><a href=\"https:\/\/www.sgs.com\/en\/certified-clients-and-products\" target=\"_blank\" rel=\"noopener noreferrer\"><strong>FORESTRY<\/strong><\/a><\/p>\n<p>[\/vc_column_text][vc_empty_space][vc_column_text]<\/p>\n<p style=\"text-align: center;\"><a href=\"https:\/\/www.sgs.com\/en\/certified-clients-and-products\" target=\"_blank\" rel=\"noopener noreferrer\"><strong>Certificat de cha\u00eene de tra\u00e7abilit\u00e9 FSC\u00ae<\/strong><\/a><\/p>\n<p>[\/vc_column_text][vc_empty_space][vc_column_text]<\/p>\n<p style=\"text-align: center;\">Ce certificat garantit que la tra\u00e7abilit\u00e9 par l&#8217;entreprise des produits issus de for\u00eats certifi\u00e9es FSC\u00ae a \u00e9t\u00e9 v\u00e9rifi\u00e9e. Du d\u00e9but \u00e0 la fin, de la for\u00eat au consommateur. Garantissant ainsi que les exigences de tra\u00e7abilit\u00e9 sont respect\u00e9es pour les produits certifi\u00e9s FSC\u00ae.<\/p>\n<p>[\/vc_column_text][vc_empty_space height=&#8221;60px&#8221;][wyde_link_button style=&#8221;outline round&#8221; size=&#8221;large&#8221; title=&#8221;Voir certificat&#8221; link=&#8221;url:https%3A%2F%2Farteconfort.com%2Fwp-content%2Fuploads%2F2024%2F08%2Fcertificado-FSC-Arteconfort-ESMAD-000844-CertificateFSC.pdf|target:_blank&#8221; color=&#8221;#222222&#8243;][vc_empty_space height=&#8221;60px&#8221;][\/vc_column_inner][vc_column_inner text_align=&#8221;center&#8221; width=&#8221;1\/3&#8243;][\/vc_column_inner][\/vc_row_inner][\/vc_column][\/vc_row][vc_row][vc_column][wyde_heading style=&#8221;2&#8243; title_tag=&#8221;h3&#8243; subheading_tag=&#8221;span&#8221; text_align=&#8221;center&#8221; title=&#8221;Durabilit\u00e9&#8221;][vc_column_text]La qualit\u00e9 et l&#8217;engagement envers l&#8217;environnement, la performance \u00e9nerg\u00e9tique et la s\u00e9curit\u00e9 au travail sont pour Arteconfort des \u00e9l\u00e9ments diff\u00e9renciateurs et reconnaissables depuis le d\u00e9but de son activit\u00e9, int\u00e9grant dans sa structure un syst\u00e8me de gestion int\u00e9gr\u00e9, comme une condition essentielle pour garantir ses r\u00e9sultats de mani\u00e8re coh\u00e9rente, en mettant l&#8217;accent sur la durabilit\u00e9 dans toute notre activit\u00e9, en tenant compte des aspects \u00e9conomiques, environnementaux et sociaux, avec une vision permanente vers l&#8217;am\u00e9lioration continue de tous les processus.<\/p>\n<p>Chez Arteconfort, nous d\u00e9finissons notre politique de qualit\u00e9, d&#8217;environnement, d&#8217;\u00e9nergie et de s\u00e9curit\u00e9 au travail, en l&#8217;appliquant \u00e0 toutes nos activit\u00e9s. Avec elle, nous cherchons \u00e0 atteindre le leadership sur le march\u00e9 de la d\u00e9coration technologique domestique, en promouvant la culture de l&#8217;am\u00e9lioration continue et de l&#8217;excellence dans la gestion, dans le but d&#8217;accro\u00eetre la comp\u00e9titivit\u00e9 et la cr\u00e9ation de valeur, en offrant des solutions adapt\u00e9es aux besoins de nos clients, toujours sous le signe de la protection de l&#8217;environnement, de l&#8217;am\u00e9lioration des performances \u00e9nerg\u00e9tiques et de la pr\u00e9vention des risques professionnels.[\/vc_column_text][vc_empty_space height=&#8221;60px&#8221;][\/vc_column][\/vc_row][vc_row][vc_column][wyde_action_box style=&#8221;outline round&#8221; title=&#8221;Politique d&#8217;engagement en mati\u00e8re de cha\u00eene de tra\u00e7abilit\u00e9 FSC\u00ae&#8221; button_text=&#8221;VOIR DOCUMENT&#8221; color=&#8221;#61b4e4&#8243; hover_color=&#8221;#ffffff&#8221; bg_color=&#8221;#f5f5f5&#8243; link=&#8221;url:https%3A%2F%2Farteconfort.com%2Fwp-content%2Fuploads%2F2024%2F08%2Fpolitica-FSC-2024.pdf|target:_blank&#8221; css=&#8221;.vc_custom_1724755777995{background-color: #f5f5f5 !important;}&#8221;][\/wyde_action_box][vc_empty_space height=&#8221;60px&#8221;][\/vc_column][\/vc_row][vc_row][vc_column][wyde_heading style=&#8221;2&#8243; title_tag=&#8221;h3&#8243; subheading_tag=&#8221;span&#8221; text_align=&#8221;center&#8221; title=&#8221;Engagements&#8221;][vc_column_text]<\/p>\n<ul>\n<li><strong>Identifier les besoins et les attentes de nos clients<\/strong>, en s&#8217;engageant \u00e0 ce que nos produits, nos services, nos syst\u00e8mes et nos processus visent toujours \u00e0 obtenir la pleine satisfaction de nos clients.<\/li>\n<li><strong>Garantir la conservation et la protection de l&#8217;environnement<\/strong> en minimisant les impacts environnementaux possibles des activit\u00e9s de l&#8217;Organisation.<\/li>\n<li><strong>Soutenir l&#8217;acquisition de produits et de services \u00e0 haut<\/strong> rendement \u00e9nerg\u00e9tique et la conception de produits visant \u00e0 am\u00e9liorer la performance \u00e9nerg\u00e9tique.<\/li>\n<li>Garantir la <strong>sant\u00e9 et la s\u00e9curit\u00e9 des personnes<\/strong> qui font partie de l&#8217;Organisation.<\/li>\n<\/ul>\n<p>[\/vc_column_text][vc_empty_space height=&#8221;60px&#8221;][\/vc_column][\/vc_row][vc_row][vc_column][wyde_action_box style=&#8221;outline round&#8221; title=&#8221;Politique de SGI&#8221; button_text=&#8221;VOIR DOCUMENT&#8221; color=&#8221;#61b4e4&#8243; hover_color=&#8221;#ffffff&#8221; bg_color=&#8221;#f5f5f5&#8243; link=&#8221;url:https%3A%2F%2Farteconfort.com%2Fwp-content%2Fuploads%2F2023%2F06%2Fpolitica-del-SGI-SG-AH-PGQ-001-Rev01-1.pdf||target:%20_blank|&#8221; css=&#8221;.vc_custom_1686775978822{background-color: #f5f5f5 !important;}&#8221;][\/wyde_action_box][vc_empty_space height=&#8221;60px&#8221;][\/vc_column][\/vc_row][vc_row][vc_column][wyde_heading style=&#8221;2&#8243; title_tag=&#8221;h3&#8243; subheading_tag=&#8221;span&#8221; text_align=&#8221;center&#8221; title=&#8221;Redevances DEEE&#8221;][vc_row_inner][vc_column_inner width=&#8221;2\/3&#8243;][vc_column_text]Le d\u00e9cret royal 110\/2015, du 20 f\u00e9vrier, relatif aux d\u00e9chets d&#8217;\u00e9quipements \u00e9lectriques et \u00e9lectroniques, vise, entre autres, \u00e0 contr\u00f4ler la production de d\u00e9chets de ce type d&#8217;\u00e9quipements et \u00e0 garantir leur gestion environnementale correcte une fois leur vie utile termin\u00e9e.<\/p>\n<p>Le symbole indiquant la collecte s\u00e9par\u00e9e des EEE est pr\u00e9sent\u00e9 ci-dessous. Ce symbole sera visible sur nos produits.[\/vc_column_text][\/vc_column_inner][vc_column_inner width=&#8221;1\/3&#8243;][vc_single_image alignment=&#8221;center&#8221; image=&#8221;8510&#8243;][\/vc_column_inner][\/vc_row_inner][vc_empty_space][vc_column_text]Notre technologie domestique est compos\u00e9e de mat\u00e9riaux que nous pouvons r\u00e9cup\u00e9rer et recycler afin de prot\u00e9ger l&#8217;environnement.<\/p>\n<p>Arteconfort adh\u00e8re \u00e0 un syst\u00e8me de gestion int\u00e9gr\u00e9e (SIG), par lequel nous g\u00e9rons la collecte, le traitement et l&#8217;\u00e9limination des DEEE g\u00e9n\u00e9r\u00e9s par notre activit\u00e9 de mani\u00e8re durable. De plus, nous incluons le co\u00fbt de ce service dans notre PVP, nos clients n&#8217;ont pas \u00e0 ajouter de co\u00fbt suppl\u00e9mentaire \u00e0 nos produits, nous les assumons.[\/vc_column_text][\/vc_column][\/vc_row]<\/p>\n<\/div>","protected":false},"excerpt":{"rendered":"<p>[vc_row][vc_column][vc_empty_space height=&#8221;60px&#8221;][vc_column_text]Notre engagement en faveur de la qualit\u00e9, de l&#8217;environnement, de la performance \u00e9nerg\u00e9tique et de la s\u00e9curit\u00e9 au travail.[\/vc_column_text][vc_empty_space height=&#8221;60px&#8221;][wyde_heading style=&#8221;2&#8243; title_tag=&#8221;h3&#8243; subheading_tag=&#8221;span&#8221; text_align=&#8221;center&#8221; title=&#8221;Syst\u00e8me de gestion&#8221;][vc_column_text]A qualidade \u00e9 manifestada em cada uma das nossas ac\u00e7\u00f5es e acompanha-nos em tudo o que fazemos. Assim, cada membro da nossa empresa assume a sua miss\u00e3o como [&hellip;]<\/p>\n","protected":false},"author":1,"featured_media":0,"parent":0,"menu_order":0,"comment_status":"closed","ping_status":"closed","template":"","meta":{"footnotes":""},"class_list":["post-11920","page","type-page","status-publish","hentry"],"yoast_head":"<!-- This site is optimized with the Yoast SEO plugin v26.5 - https:\/\/yoast.com\/wordpress\/plugins\/seo\/ -->\n<title>Politique de durabilit\u00e9 - Arteconfort<\/title>\n<meta name=\"description\" content=\"Notre engagement en faveur de la qualit\u00e9, de l&#039;environnement, de la performance \u00e9nerg\u00e9tique et de la s\u00e9curit\u00e9 au travail.A qualidade \u00e9 manifestada em cada\" \/>\n<meta name=\"robots\" content=\"index, follow, max-snippet:-1, max-image-preview:large, max-video-preview:-1\" \/>\n<link rel=\"canonical\" href=\"https:\/\/arteconfort.com\/fr\/politica-de-sostenibilidad\/\" \/>\n<meta property=\"og:locale\" content=\"fr_FR\" \/>\n<meta property=\"og:type\" content=\"article\" \/>\n<meta property=\"og:title\" content=\"Politique de durabilit\u00e9 - Arteconfort\" \/>\n<meta property=\"og:description\" content=\"Notre engagement en faveur de la qualit\u00e9, de l&#039;environnement, de la performance \u00e9nerg\u00e9tique et de la s\u00e9curit\u00e9 au travail.A qualidade \u00e9 manifestada em cada\" \/>\n<meta property=\"og:url\" content=\"https:\/\/arteconfort.com\/fr\/politica-de-sostenibilidad\/\" \/>\n<meta property=\"og:site_name\" content=\"Arteconfort\" \/>\n<meta property=\"article:modified_time\" content=\"2024-09-05T07:21:34+00:00\" \/>\n<meta name=\"twitter:card\" content=\"summary_large_image\" \/>\n<meta name=\"twitter:label1\" content=\"Dur\u00e9e de lecture estim\u00e9e\" \/>\n\t<meta name=\"twitter:data1\" content=\"5 minutes\" \/>\n<!-- \/ Yoast SEO plugin. -->","yoast_head_json":{"title":"Politique de durabilit\u00e9 - Arteconfort","description":"Notre engagement en faveur de la qualit\u00e9, de l'environnement, de la performance \u00e9nerg\u00e9tique et de la s\u00e9curit\u00e9 au travail.A qualidade \u00e9 manifestada em cada","robots":{"index":"index","follow":"follow","max-snippet":"max-snippet:-1","max-image-preview":"max-image-preview:large","max-video-preview":"max-video-preview:-1"},"canonical":"https:\/\/arteconfort.com\/fr\/politica-de-sostenibilidad\/","og_locale":"fr_FR","og_type":"article","og_title":"Politique de durabilit\u00e9 - Arteconfort","og_description":"Notre engagement en faveur de la qualit\u00e9, de l'environnement, de la performance \u00e9nerg\u00e9tique et de la s\u00e9curit\u00e9 au travail.A qualidade \u00e9 manifestada em cada","og_url":"https:\/\/arteconfort.com\/fr\/politica-de-sostenibilidad\/","og_site_name":"Arteconfort","article_modified_time":"2024-09-05T07:21:34+00:00","twitter_card":"summary_large_image","twitter_misc":{"Dur\u00e9e de lecture estim\u00e9e":"5 minutes"},"schema":{"@context":"https:\/\/schema.org","@graph":[{"@type":"WebPage","@id":"https:\/\/arteconfort.com\/fr\/politica-de-sostenibilidad\/","url":"https:\/\/arteconfort.com\/fr\/politica-de-sostenibilidad\/","name":"Politique de durabilit\u00e9 - Arteconfort","isPartOf":{"@id":"https:\/\/arteconfort.com\/fr\/#website"},"datePublished":"2020-12-15T09:37:32+00:00","dateModified":"2024-09-05T07:21:34+00:00","description":"Notre engagement en faveur de la qualit\u00e9, de l'environnement, de la performance \u00e9nerg\u00e9tique et de la s\u00e9curit\u00e9 au travail.A qualidade \u00e9 manifestada em cada","breadcrumb":{"@id":"https:\/\/arteconfort.com\/fr\/politica-de-sostenibilidad\/#breadcrumb"},"inLanguage":"fr-FR","potentialAction":[{"@type":"ReadAction","target":["https:\/\/arteconfort.com\/fr\/politica-de-sostenibilidad\/"]}]},{"@type":"BreadcrumbList","@id":"https:\/\/arteconfort.com\/fr\/politica-de-sostenibilidad\/#breadcrumb","itemListElement":[{"@type":"ListItem","position":1,"name":"Inicio","item":"https:\/\/arteconfort.com\/fr\/"},{"@type":"ListItem","position":2,"name":"Politique de durabilit\u00e9"}]},{"@type":"WebSite","@id":"https:\/\/arteconfort.com\/fr\/#website","url":"https:\/\/arteconfort.com\/fr\/","name":"Arteconfort","description":"Especialistas en productos del hogar","publisher":{"@id":"https:\/\/arteconfort.com\/fr\/#organization"},"potentialAction":[{"@type":"SearchAction","target":{"@type":"EntryPoint","urlTemplate":"https:\/\/arteconfort.com\/fr\/?s={search_term_string}"},"query-input":{"@type":"PropertyValueSpecification","valueRequired":true,"valueName":"search_term_string"}}],"inLanguage":"fr-FR"},{"@type":"Organization","@id":"https:\/\/arteconfort.com\/fr\/#organization","name":"Arteconfort","url":"https:\/\/arteconfort.com\/fr\/","logo":{"@type":"ImageObject","inLanguage":"fr-FR","@id":"https:\/\/arteconfort.com\/fr\/#\/schema\/logo\/image\/","url":"https:\/\/arteconfort.com\/wp-content\/uploads\/2019\/07\/logo-arteconfort.png","contentUrl":"https:\/\/arteconfort.com\/wp-content\/uploads\/2019\/07\/logo-arteconfort.png","width":230,"height":88,"caption":"Arteconfort"},"image":{"@id":"https:\/\/arteconfort.com\/fr\/#\/schema\/logo\/image\/"}}]}},"_links":{"self":[{"href":"https:\/\/arteconfort.com\/fr\/wp-json\/wp\/v2\/pages\/11920","targetHints":{"allow":["GET"]}}],"collection":[{"href":"https:\/\/arteconfort.com\/fr\/wp-json\/wp\/v2\/pages"}],"about":[{"href":"https:\/\/arteconfort.com\/fr\/wp-json\/wp\/v2\/types\/page"}],"author":[{"embeddable":true,"href":"https:\/\/arteconfort.com\/fr\/wp-json\/wp\/v2\/users\/1"}],"replies":[{"embeddable":true,"href":"https:\/\/arteconfort.com\/fr\/wp-json\/wp\/v2\/comments?post=11920"}],"version-history":[{"count":0,"href":"https:\/\/arteconfort.com\/fr\/wp-json\/wp\/v2\/pages\/11920\/revisions"}],"wp:attachment":[{"href":"https:\/\/arteconfort.com\/fr\/wp-json\/wp\/v2\/media?parent=11920"}],"curies":[{"name":"wp","href":"https:\/\/api.w.org\/{rel}","templated":true}]}}