{"id":11943,"date":"2019-07-30T10:09:31","date_gmt":"2019-07-30T08:09:31","guid":{"rendered":"https:\/\/arteconfort.com\/aviso-legal\/"},"modified":"2024-09-12T11:10:55","modified_gmt":"2024-09-12T09:10:55","slug":"aviso-legal","status":"publish","type":"page","link":"https:\/\/arteconfort.com\/fr\/aviso-legal\/","title":{"rendered":"Avis juridique"},"content":{"rendered":"<div class=\"wpb-content-wrapper\"><p>[vc_row][vc_column][vc_column_text]Pour acc\u00e9der \u00e0 nos services, vous d\u00e9clarez que vous \u00eates <strong>majeur<\/strong> et que vous avez la capacit\u00e9 juridique suffisante pour utiliser nos services, conform\u00e9ment \u00e0 votre l\u00e9gislation nationale. L&#8217;acc\u00e8s et la navigation sur le site web, ou l&#8217;utilisation de ses services, impliquent l&#8217;acceptation expresse et totale de toutes et chacune des pr\u00e9sentes conditions g\u00e9n\u00e9rales, y compris les conditions sp\u00e9ciales \u00e9tablies pour certaines promotions, ainsi que les politiques de confidentialit\u00e9 et de cookies, li\u00e9es \u00e0 la r\u00e9glementation en vigueur en mati\u00e8re de protection des donn\u00e9es \u00e0 caract\u00e8re personnel. Nous vous recommandons de les lire attentivement pour savoir quel type de donn\u00e9es est collect\u00e9 \u00e0 travers notre site web, \u00e0 quelles fins et quels droits s&#8217;y rapportant vous concernent.[\/vc_column_text][vc_empty_space height=&#8221;20px&#8221;][vc_accordion collapsible=&#8221;true&#8221;][vc_accordion_tab title=&#8221;1.- Informations juridiques&#8221;][vc_column_text]Conform\u00e9ment \u00e0 la loi 34\/2002, du 11 juillet, sur les services de la soci\u00e9t\u00e9 de l&#8217;information et le commerce \u00e9lectronique, les donn\u00e9es d&#8217;identification du propri\u00e9taire du portail Web sont les suivantes : ARTECONFORT HOTEL, S.L. C\/ Homero, 30, bloque 1, Planta 1 28341 Valdemoro (Madrid) CIF B87621975 Registro Mercantil de Madrid : Tomo 35.166 ; Folio 174 ; Secci\u00f3n 8 ; Hoja M-632365 ; Inscripci\u00f3n 1 Pour toute question ou demande, veuillez nous contacter par t\u00e9l\u00e9phone +34 918012576 ou par courrier \u00e9lectronique : info(at)arteconfort. com L&#8217;acc\u00e8s au site Web implique l&#8217;acceptation expresse par l&#8217;utilisateur des pr\u00e9sentes conditions g\u00e9n\u00e9rales d&#8217;utilisation, qui peuvent \u00eatre modifi\u00e9es ou remplac\u00e9es, en tout ou en partie, par d&#8217;autres, par son propri\u00e9taire et \u00e0 tout moment sans pr\u00e9avis. Nous vous recommandons d&#8217;acc\u00e9der aux pr\u00e9sentes conditions de temps en temps pour v\u00e9rifier les \u00e9ventuelles modifications, qui seront publi\u00e9es dans la m\u00eame section.[\/vc_column_text][\/vc_accordion_tab][vc_accordion_tab title=&#8221;2.- Conditions g\u00e9n\u00e9rales d\u2019utilisation&#8221;][vc_column_text]Les conditions g\u00e9n\u00e9rales suivantes r\u00e9gissent l&#8217;utilisation et l&#8217;acc\u00e8s au site Web, dans le but d&#8217;\u00e9tablir des lignes directrices pour son utilisation et son comportement ad\u00e9quats. ARTECONFORT HOTEL, S.L., fournit \u00e0 l&#8217;utilisateur des informations sur l&#8217;utilisation, les services et les contenus h\u00e9berg\u00e9s sur le site web. Par le biais de ce dernier, l&#8217;utilisateur a acc\u00e8s \u00e0 des informations sur des produits et services sp\u00e9cifiques, des outils et des applications. Les donn\u00e9es et les informations sur les produits ou les services, les prix et les caract\u00e9ristiques ou d&#8217;autres donn\u00e9es pertinentes propos\u00e9es sur le site Web sont r\u00e9alis\u00e9es, fournies et mises \u00e0 jour par des fournisseurs et des entreprises tierces. ARTECONFORT HOTEL, S.L. n&#8217;est en aucun cas responsable de ces donn\u00e9es et informations et n&#8217;assume aucune obligation \u00e0 cet \u00e9gard. L&#8217;Utilisateur s&#8217;engage \u00e0 faire un usage appropri\u00e9 des contenus, services, applications et outils accessibles, sous r\u00e9serve de la Loi et des pr\u00e9sentes Conditions G\u00e9n\u00e9rales d&#8217;Utilisation et, le cas \u00e9ch\u00e9ant, des Conditions Sp\u00e9cifiques qui peuvent \u00eatre \u00e9tablies pour l&#8217;acc\u00e8s \u00e0 certains services et applications, en respectant \u00e0 tout moment les autres Utilisateurs de ces derniers. En cas de non-respect total et\/ou partiel par l&#8217;Utilisateur des pr\u00e9sentes Conditions G\u00e9n\u00e9rales d&#8217;Utilisation, ARTECONFORT HOTEL, S.L. se r\u00e9serve le droit de refuser l&#8217;acc\u00e8s au Site Web, sans notification pr\u00e9alable \u00e0 l&#8217;Utilisateur.[\/vc_column_text][\/vc_accordion_tab][vc_accordion_tab title=&#8221;3.- Obligations g\u00e9n\u00e9rales de l\u2019utilisateur&#8221;][vc_column_text]En acceptant les pr\u00e9sentes conditions g\u00e9n\u00e9rales d&#8217;utilisation, l&#8217;utilisateur s&#8217;engage express\u00e9ment \u00e0: <\/p>\n<ul>\n<li>Ne r\u00e9aliser aucune action visant \u00e0 endommager, bloquer, d\u00e9t\u00e9riorer, rendre inutilisable, surcharger, de mani\u00e8re temporaire ou permanente, les fonctionnalit\u00e9s, les outils, les contenus et\/ou l&#8217;infrastructure du site web, de mani\u00e8re \u00e0 en emp\u00eacher l&#8217;utilisation normale.<\/li>\n<li>sauvegarder et maintenir la confidentialit\u00e9 des codes d&#8217;acc\u00e8s associ\u00e9s \u00e0 son nom d&#8217;utilisateur, en \u00e9tant responsable de l&#8217;utilisation de ces codes d&#8217;acc\u00e8s personnels et incessibles par des tiers.<\/li>\n<li>Ne pas introduire ou r\u00e9aliser des contenus calomnieux ou diffamatoires, aussi bien d&#8217;autres utilisateurs que de soci\u00e9t\u00e9s tierces ext\u00e9rieures \u00e0 ARTECONFORT HOTEL, S.L.<\/li>\n<li>Ne pas utiliser le mat\u00e9riel et l&#8217;information contenus dans ce site Web \u00e0 des fins illicites et\/ou express\u00e9ment interdites dans les pr\u00e9sentes conditions g\u00e9n\u00e9rales d&#8217;utilisation, ainsi que dans les conditions particuli\u00e8res qui, le cas \u00e9ch\u00e9ant, sont \u00e9tablies pour certaines applications et\/ou utilit\u00e9s et qui sont contraires aux droits et aux int\u00e9r\u00eats d&#8217;ARTECONFORT HOTEL, S.L., de ses utilisateurs et\/ou de tiers.<\/li>\n<li>Ne pas offrir ou distribuer des produits et services, ni r\u00e9aliser de la publicit\u00e9 ou des communications commerciales non sollicit\u00e9es \u00e0 d&#8217;autres utilisateurs et visiteurs d&#8217;ARTECONFORT HOTEL, S.L.<\/li>\n<\/ul>\n<p> L&#8217;utilisateur est responsable de tous les dommages et int\u00e9r\u00eats de toute nature que ARTECONFORT HOTEL, S.L. ou un tiers pourrait subir en raison du non-respect de l&#8217;une des obligations auxquelles il est soumis en vertu des pr\u00e9sentes \u00ab Conditions g\u00e9n\u00e9rales d&#8217;utilisation \u00bb ou de la loi en ce qui concerne l&#8217;acc\u00e8s et\/ou l&#8217;utilisation de la page.[\/vc_column_text][\/vc_accordion_tab][vc_accordion_tab title=&#8221;4.- Propri\u00e9t\u00e9 intellectuelle et industrielle&#8221;][vc_column_text]El sitio web, las p\u00e1ginas que comprende y la informaci\u00f3n o elementos contenidos en las mismas (incluyendo textos, documentos, fotograf\u00edas, dibujos, representaciones gr\u00e1ficas, de los que es titular o de los que sean titulares terceros que autorizan al propietario a su utilizaci\u00f3n, entre otros, as\u00ed como logotipos, marcas, nombres comerciales u otros signos distintivos, se encuentran protegidos por derechos de propiedad intelectual y\/o industrial, de los que ARTECONFORT HOTEL, S.L. es titular u ostenta autorizaci\u00f3n para su utilizaci\u00f3n y comunicaci\u00f3n p\u00fablica de los leg\u00edtimos titulares de las mismas. El Usuario se obliga a usar los contenidos de forma diligente y correcta, de acuerdo a la ley, la moral y el orden p\u00fablico. ARTECONFORT HOTEL, S.L. autoriza al Usuario para visualizar la informaci\u00f3n que se contiene en este sitio web, as\u00ed como para efectuar reproducciones privadas (simple actividad de descarga y almacenamiento en sus sistemas inform\u00e1ticos), siempre y cuando los elementos sean destinados \u00fanicamente al uso personal. En ning\u00fan caso, ello significar\u00e1 una autorizaci\u00f3n o licencia sobre los derechos de propiedad de ARTECONFORT HOTEL, S.L. o de los leg\u00edtimos titulares de las mismas. El Usuario no est\u00e1 autorizado para proceder a la distribuci\u00f3n, modificaci\u00f3n, cesi\u00f3n o comunicaci\u00f3n p\u00fablica de la informaci\u00f3n contenida en esta Web en cualquier forma y cualquiera que sea su finalidad.[\/vc_column_text][\/vc_accordion_tab][vc_accordion_tab title=&#8221;5.- Liens&#8221;][vc_column_text]Les connexions et les liens vers des sites ou des pages web de tiers ont \u00e9t\u00e9 \u00e9tablis uniquement dans un but utilitaire pour l&#8217;utilisateur. ARTECONFORT HOTEL, S.L. n&#8217;est en aucun cas responsable de ces sites ou de leur contenu. ARTECONFORT HOTEL, S.L. n&#8217;assume aucune responsabilit\u00e9 d\u00e9riv\u00e9e de l&#8217;existence de liens entre les contenus de ce site et des contenus situ\u00e9s en dehors de celui-ci ou de toute autre mention de contenus externes \u00e0 ce site. Ces liens ou mentions ont un caract\u00e8re purement informatif et n&#8217;impliquent en aucun cas un soutien, une approbation, une commercialisation ou une quelconque relation entre ARTECONFORT HOTEL, S.L. et les personnes ou entit\u00e9s auteurs et\/ou gestionnaires de ces contenus ou propri\u00e9taires des sites o\u00f9 ils se trouvent. Pour cr\u00e9er des liens vers le site Web, l&#8217;autorisation expresse et \u00e9crite des propri\u00e9taires du portail est n\u00e9cessaire.[\/vc_column_text][\/vc_accordion_tab][vc_accordion_tab title=&#8221;6.- Responsabilit\u00e9&#8221;][vc_column_text]ARTECONFORT HOTEL, S.L. ne garantit pas l&#8217;acc\u00e8s continu, ni la visualisation, le t\u00e9l\u00e9chargement ou l&#8217;utilisation corrects des \u00e9l\u00e9ments et de l&#8217;information contenus dans les pages du portail, qui peuvent \u00eatre entrav\u00e9s, g\u00ean\u00e9s ou interrompus par des facteurs ou des circonstances ind\u00e9pendants de sa volont\u00e9 ou de son contr\u00f4le, ni ceux caus\u00e9s par l&#8217;existence de virus informatiques sur Internet. ARTECONFORT HOTEL, S.L. n&#8217;assume aucune responsabilit\u00e9 pour les dommages, pertes, r\u00e9clamations ou d\u00e9penses caus\u00e9s par :  <\/p>\n<ol>\n<li>Interf\u00e9rences, interruptions, d\u00e9faillances, omissions, retards, blocages ou d\u00e9connexions caus\u00e9s par des erreurs dans les lignes et r\u00e9seaux de t\u00e9l\u00e9communications ou par toute autre cause ind\u00e9pendante de la volont\u00e9 d&#8217;ARTECONFORT HOTEL, S.L.<\/li>\n<li>Interf\u00e9rence ill\u00e9gale par l&#8217;utilisation de logiciels malveillants de toute nature et par tout moyen de communication, tels que les virus informatiques ou tout autre moyen;<\/li>\n<li>Utilisation incorrecte ou inappropri\u00e9e du site Internet d&#8217;ARTECONFORT HOTEL, S.L.<\/li>\n<li>Erreurs de s\u00e9curit\u00e9 ou de navigation dues \u00e0 un mauvais fonctionnement du navigateur ou \u00e0 l&#8217;utilisation de versions obsol\u00e8tes.<\/li>\n<\/ol>\n<p> ARTECONFORT HOTEL, S.L. n&#8217;est pas responsable et ne peut en aucun cas \u00eatre tenu pour responsable envers les utilisateurs et les tiers des actions de tout tiers non li\u00e9 \u00e0 ARTECONFORT HOTEL, S.L. qui entra\u00eene ou peut entra\u00eener la r\u00e9alisation d&#8217;actes de concurrence d\u00e9loyale et de publicit\u00e9 illicite ou la violation des droits de propri\u00e9t\u00e9 intellectuelle et industrielle, des secrets d&#8217;affaires, des engagements contractuels de toute nature, des droits \u00e0 l&#8217;honneur, \u00e0 l&#8217;intimit\u00e9 personnelle et familiale et \u00e0 l&#8217;image, des droits de propri\u00e9t\u00e9 et de tout autre droit appartenant \u00e0 un tiers en raison de la transmission, de la diffusion, du stockage, de la disponibilit\u00e9, de la r\u00e9ception, de l&#8217;obtention ou de l&#8217;acc\u00e8s aux contenus.[\/vc_column_text][\/vc_accordion_tab][vc_accordion_tab title=&#8221;7.- Protection des donn\u00e9es personnelles&#8221;][vc_column_text]L&#8217;ensemble de la politique de traitement des donn\u00e9es personnelles se trouve dans la Politique de confidentialit\u00e9, qui fait partie int\u00e9grante des pr\u00e9sentes Conditions g\u00e9n\u00e9rales mais que, par souci de simplicit\u00e9, nous avons plac\u00e9e dans un document distinct : <a href=\"https:\/\/arteconfort.com\/fr\/politica-de-privacidad\/\">Politique de confidentialit\u00e9<\/a>.[\/vc_column_text][\/vc_accordion_tab][vc_accordion_tab title=&#8221;8.- L\u00e9gislation&#8221;][vc_column_text]Le pr\u00e9sent avis juridique et ses conditions g\u00e9n\u00e9rales sont r\u00e9gis et interpr\u00e9t\u00e9s conform\u00e9ment \u00e0 la l\u00e9gislation espagnole. L&#8217;utilisateur, par le simple fait d&#8217;acc\u00e9der au site Web ou d&#8217;obtenir le statut d&#8217;utilisateur enregistr\u00e9, accorde irr\u00e9vocablement son consentement aux tribunaux comp\u00e9tents par d\u00e9faut pour conna\u00eetre de toute action en justice d\u00e9coulant de ou li\u00e9e \u00e0 ces conditions, ou \u00e0 l&#8217;utilisation de ce site ou \u00e0 la navigation sur celui-ci. Si l&#8217;une des clauses ou l&#8217;un des articles des pr\u00e9sentes conditions g\u00e9n\u00e9rales, qui n&#8217;est pas essentiel \u00e0 l&#8217;existence de celles-ci, est d\u00e9clar\u00e9 nul ou inapplicable, la validit\u00e9 des autres clauses n&#8217;en sera pas affect\u00e9e.[\/vc_column_text][\/vc_accordion_tab][vc_accordion_tab title=&#8221;9.- Politique d\u2019achat&#8221;][vc_column_text]ARTECONFORT HOTEL, S.L. communique sa connaissance de la Directive europ\u00e9enne sur l&#8217;efficacit\u00e9 \u00e9nerg\u00e9tique 2012\/27\/UE de sorte que, pour l&#8217;acquisition de produits, d&#8217;\u00e9quipements et\/ou de services qui peuvent avoir un impact sur les installations et les \u00e9quipements d&#8217;ARTECONFORT HOTEL, S.L., une s\u00e9rie d&#8217;exigences en mati\u00e8re d&#8217;efficacit\u00e9 \u00e9nerg\u00e9tique sera prise en compte, qui sera communiqu\u00e9e au fournisseur. Conform\u00e9ment \u00e0 la norme UNE-EN-ISO 9001:2015, les fournisseurs de mat\u00e9riaux et de services fournis seront contr\u00f4l\u00e9s afin de garantir le respect des exigences sp\u00e9cifi\u00e9es. Les crit\u00e8res d&#8217;\u00e9valuation des fournisseurs sont les suivants :   <\/p>\n<ul>\n<li>Les entreprises disposant d&#8217;un certificat (ISO 9001, ISO 14001, ISO 50001 et ISO 45001) sont class\u00e9es dans la cat\u00e9gorie A.<\/li>\n<li>Si le fournisseur\/sous-traitant est unique\/sous-traitant impos\u00e9 par le client, il est class\u00e9 dans la CLASSE A.<\/li>\n<li>Les fournisseurs\/sous-traitants ayant des r\u00e9f\u00e9rences externes sont class\u00e9s dans la cat\u00e9gorie A.<\/li>\n<li>Si aucune des trois caract\u00e9ristiques pr\u00e9c\u00e9dentes n&#8217;est remplie, c&#8217;est l&#8217;h\u00f4tel Arteconfort qui \u00e9valuera les fournisseurs avec une note de 0 \u00e0 10, 0 \u00e9tant le minimum et 10 le maximum. L&#8217;\u00e9valuation portera sur la qualit\u00e9 du service fourni, le prix, le respect du d\u00e9lai de livraison et la remise de la documentation. En fonction des r\u00e9sultats, les fournisseurs seront class\u00e9s :\n<ul>\n<li>Les fournisseurs\/sous-traitants dont le score est &lt;20, sont consid\u00e9r\u00e9s comme des fournisseurs\/sous-traitants <strong>non agr\u00e9\u00e9s<\/strong>.<\/li>\n<li>Les fournisseurs\/sous-traitants ayant obtenu une note comprise entre 20 et 30 sont consid\u00e9r\u00e9s comme des fournisseurs\/sous-traitants de <strong>classe B<\/strong>.<\/li>\n<li>Les fournisseurs\/sous-traitants dont le score est &gt;30, sont consid\u00e9r\u00e9s comme des fournisseurs\/sous-traitants de <strong>classe A<\/strong>.<\/li>\n<\/ul>\n<\/li>\n<\/ul>\n<p> Conform\u00e9ment \u00e0 la norme UNE-EN-ISO 50.001:2018 pour l&#8217;acquisition de produits, d&#8217;\u00e9quipements et\/ou d&#8217;installations, Arteconfort Hotel prendra en compte les exigences de cette norme pour am\u00e9liorer les \u00e9conomies d&#8217;\u00e9nergie.[\/vc_column_text][\/vc_accordion_tab][\/vc_accordion][\/vc_column][\/vc_row]<\/p>\n<\/div>","protected":false},"excerpt":{"rendered":"<p>[vc_row][vc_column][vc_column_text]Pour acc\u00e9der \u00e0 nos services, vous d\u00e9clarez que vous \u00eates majeur et que vous avez la capacit\u00e9 juridique suffisante pour utiliser nos services, conform\u00e9ment \u00e0 votre l\u00e9gislation nationale. L&#8217;acc\u00e8s et la navigation sur le site web, ou l&#8217;utilisation de ses services, impliquent l&#8217;acceptation expresse et totale de toutes et chacune des pr\u00e9sentes conditions g\u00e9n\u00e9rales, y [&hellip;]<\/p>\n","protected":false},"author":1,"featured_media":0,"parent":0,"menu_order":0,"comment_status":"closed","ping_status":"closed","template":"","meta":{"footnotes":""},"class_list":["post-11943","page","type-page","status-publish","hentry"],"yoast_head":"<!-- This site is optimized with the Yoast SEO plugin v26.5 - https:\/\/yoast.com\/wordpress\/plugins\/seo\/ -->\n<title>Avis juridique - Arteconfort<\/title>\n<meta name=\"description\" content=\"Pour acc\u00e9der \u00e0 nos services, vous d\u00e9clarez que vous \u00eates majeur et que vous avez la capacit\u00e9 juridique suffisante pour utiliser nos services, conform\u00e9ment\" \/>\n<meta name=\"robots\" content=\"noindex, nofollow\" \/>\n<meta property=\"og:locale\" content=\"fr_FR\" \/>\n<meta property=\"og:type\" content=\"article\" \/>\n<meta property=\"og:title\" content=\"Avis juridique - Arteconfort\" \/>\n<meta property=\"og:description\" content=\"Pour acc\u00e9der \u00e0 nos services, vous d\u00e9clarez que vous \u00eates majeur et que vous avez la capacit\u00e9 juridique suffisante pour utiliser nos services, conform\u00e9ment\" \/>\n<meta property=\"og:url\" content=\"https:\/\/arteconfort.com\/fr\/aviso-legal\/\" \/>\n<meta property=\"og:site_name\" content=\"Arteconfort\" \/>\n<meta property=\"article:modified_time\" content=\"2024-09-12T09:10:55+00:00\" \/>\n<meta name=\"twitter:card\" content=\"summary_large_image\" \/>\n<meta name=\"twitter:label1\" content=\"Dur\u00e9e de lecture estim\u00e9e\" \/>\n\t<meta name=\"twitter:data1\" content=\"16 minutes\" \/>\n<!-- \/ Yoast SEO plugin. -->","yoast_head_json":{"title":"Avis juridique - Arteconfort","description":"Pour acc\u00e9der \u00e0 nos services, vous d\u00e9clarez que vous \u00eates majeur et que vous avez la capacit\u00e9 juridique suffisante pour utiliser nos services, conform\u00e9ment","robots":{"index":"noindex","follow":"nofollow"},"og_locale":"fr_FR","og_type":"article","og_title":"Avis juridique - Arteconfort","og_description":"Pour acc\u00e9der \u00e0 nos services, vous d\u00e9clarez que vous \u00eates majeur et que vous avez la capacit\u00e9 juridique suffisante pour utiliser nos services, conform\u00e9ment","og_url":"https:\/\/arteconfort.com\/fr\/aviso-legal\/","og_site_name":"Arteconfort","article_modified_time":"2024-09-12T09:10:55+00:00","twitter_card":"summary_large_image","twitter_misc":{"Dur\u00e9e de lecture estim\u00e9e":"16 minutes"},"schema":{"@context":"https:\/\/schema.org","@graph":[{"@type":"WebPage","@id":"https:\/\/arteconfort.com\/fr\/aviso-legal\/","url":"https:\/\/arteconfort.com\/fr\/aviso-legal\/","name":"Avis juridique - Arteconfort","isPartOf":{"@id":"https:\/\/arteconfort.com\/fr\/#website"},"datePublished":"2019-07-30T08:09:31+00:00","dateModified":"2024-09-12T09:10:55+00:00","description":"Pour acc\u00e9der \u00e0 nos services, vous d\u00e9clarez que vous \u00eates majeur et que vous avez la capacit\u00e9 juridique suffisante pour utiliser nos services, conform\u00e9ment","breadcrumb":{"@id":"https:\/\/arteconfort.com\/fr\/aviso-legal\/#breadcrumb"},"inLanguage":"fr-FR","potentialAction":[{"@type":"ReadAction","target":["https:\/\/arteconfort.com\/fr\/aviso-legal\/"]}]},{"@type":"BreadcrumbList","@id":"https:\/\/arteconfort.com\/fr\/aviso-legal\/#breadcrumb","itemListElement":[{"@type":"ListItem","position":1,"name":"Inicio","item":"https:\/\/arteconfort.com\/fr\/"},{"@type":"ListItem","position":2,"name":"Avis juridique"}]},{"@type":"WebSite","@id":"https:\/\/arteconfort.com\/fr\/#website","url":"https:\/\/arteconfort.com\/fr\/","name":"Arteconfort","description":"Especialistas en productos del hogar","publisher":{"@id":"https:\/\/arteconfort.com\/fr\/#organization"},"potentialAction":[{"@type":"SearchAction","target":{"@type":"EntryPoint","urlTemplate":"https:\/\/arteconfort.com\/fr\/?s={search_term_string}"},"query-input":{"@type":"PropertyValueSpecification","valueRequired":true,"valueName":"search_term_string"}}],"inLanguage":"fr-FR"},{"@type":"Organization","@id":"https:\/\/arteconfort.com\/fr\/#organization","name":"Arteconfort","url":"https:\/\/arteconfort.com\/fr\/","logo":{"@type":"ImageObject","inLanguage":"fr-FR","@id":"https:\/\/arteconfort.com\/fr\/#\/schema\/logo\/image\/","url":"https:\/\/arteconfort.com\/wp-content\/uploads\/2019\/07\/logo-arteconfort.png","contentUrl":"https:\/\/arteconfort.com\/wp-content\/uploads\/2019\/07\/logo-arteconfort.png","width":230,"height":88,"caption":"Arteconfort"},"image":{"@id":"https:\/\/arteconfort.com\/fr\/#\/schema\/logo\/image\/"}}]}},"_links":{"self":[{"href":"https:\/\/arteconfort.com\/fr\/wp-json\/wp\/v2\/pages\/11943","targetHints":{"allow":["GET"]}}],"collection":[{"href":"https:\/\/arteconfort.com\/fr\/wp-json\/wp\/v2\/pages"}],"about":[{"href":"https:\/\/arteconfort.com\/fr\/wp-json\/wp\/v2\/types\/page"}],"author":[{"embeddable":true,"href":"https:\/\/arteconfort.com\/fr\/wp-json\/wp\/v2\/users\/1"}],"replies":[{"embeddable":true,"href":"https:\/\/arteconfort.com\/fr\/wp-json\/wp\/v2\/comments?post=11943"}],"version-history":[{"count":0,"href":"https:\/\/arteconfort.com\/fr\/wp-json\/wp\/v2\/pages\/11943\/revisions"}],"wp:attachment":[{"href":"https:\/\/arteconfort.com\/fr\/wp-json\/wp\/v2\/media?parent=11943"}],"curies":[{"name":"wp","href":"https:\/\/api.w.org\/{rel}","templated":true}]}}