{"id":11949,"date":"2019-07-30T13:20:08","date_gmt":"2019-07-30T11:20:08","guid":{"rendered":"https:\/\/arteconfort.com\/politica-de-cookies\/"},"modified":"2024-08-26T13:38:48","modified_gmt":"2024-08-26T11:38:48","slug":"politica-de-cookies","status":"publish","type":"page","link":"https:\/\/arteconfort.com\/fr\/politica-de-cookies\/","title":{"rendered":"Politique de cookies"},"content":{"rendered":"<div class=\"wpb-content-wrapper\"><p>[vc_row][vc_column][vc_column_text]La pr\u00e9sente politique a pour objet de d\u00e9finir l&#8217;utilisation des cookies sur http:\/\/www.arteconfort.com, ainsi que de fournir aux utilisateurs et visiteurs de http:\/\/www.arteconfort.com des informations relatives \u00e0 l&#8217;utilisation des cookies et aux moyens de configurer leur navigateur.<\/p>\n<p>L&#8217;utilisation des services offerts par https:\/\/www.arteconfort.com implique l&#8217;acceptation totale et sans r\u00e9serve de cette politique d&#8217;utilisation des cookies.<\/p>\n<p>ARTECONFORT HOTEL, S.L. peut recueillir des informations par le biais de fichiers tels que des cookies ou des fichiers journaux sur la navigation des utilisateurs sur https:\/\/www.arteconfort.com. Ces dispositifs sont associ\u00e9s exclusivement \u00e0 un seul utilisateur et \u00e0 son propre dispositif d&#8217;acc\u00e8s.[\/vc_column_text][vc_empty_space height=&#8221;60px&#8221;][vc_accordion collapsible=&#8221;true&#8221; active_tab=&#8221;false&#8221;][vc_accordion_tab title=&#8221;1.- Qu&#8217;est-ce qu&#8217;un cookie?&#8221;][vc_column_text]Les cookies sont des fichiers contenant de petites quantit\u00e9s d&#8217;informations qui sont t\u00e9l\u00e9charg\u00e9s sur l&#8217;appareil utilis\u00e9 par l&#8217;utilisateur lorsqu&#8217;il visite un site web.<\/p>\n<p>Les cookies sont un outil utilis\u00e9 par les serveurs web pour stocker et r\u00e9cup\u00e9rer des informations sur leurs utilisateurs. Ce n&#8217;est rien d&#8217;autre qu&#8217;un fichier texte que certains serveurs demandent au navigateur d&#8217;\u00e9crire sur votre disque dur, avec des informations sur ce que vous avez fait sur le site web. Ils ont une date d&#8217;expiration, qui peut aller de la dur\u00e9e de la session \u00e0 une date future sp\u00e9cifi\u00e9e, apr\u00e8s quoi ils cessent d&#8217;\u00eatre op\u00e9rationnels.<\/p>\n<p>Les cookies sont essentiels au fonctionnement d&#8217;Internet ; ils ne peuvent pas endommager l&#8217;\u00e9quipement\/le dispositif de l&#8217;utilisateur et, s&#8217;ils sont activ\u00e9s dans la configuration de votre navigateur, ils nous aident \u00e0 identifier et \u00e0 r\u00e9soudre d&#8217;\u00e9ventuelles erreurs dans le fonctionnement de https:\/\/www.arteconfort.com.[\/vc_column_text][\/vc_accordion_tab][vc_accordion_tab title=&#8221;2.- Types de cookies&#8221;][vc_column_text]Les cookies sont divis\u00e9s en plusieurs types de classifications : selon la personne qui les utilise, selon le but de leur utilisation et selon la dur\u00e9e pendant laquelle ils restent actifs.<\/p>\n<ol>\n<li style=\"list-style-type: none;\">\n<ol>\n<li><strong>En fonction de leur propri\u00e9taire<\/strong>, ils sont class\u00e9s en plusieurs cat\u00e9gories:\n<ul>\n<li><strong>Les propres cookies<\/strong>: ceux que nous envoyons \u00e0 votre ordinateur ou \u00e0 votre terminal \u00e0 partir de notre site web.<\/li>\n<li><strong>Cookies de tiers<\/strong>: ceux qui sont envoy\u00e9s \u00e0 votre ordinateur ou terminal \u00e0 partir d&#8217;un domaine ou d&#8217;une page web qui n&#8217;est pas g\u00e9r\u00e9 par nous, mais par une autre entit\u00e9 qui traite les donn\u00e9es obtenues par le biais des cookies.<\/li>\n<\/ul>\n<\/li>\n<li><strong>En fonction de leur objectif<\/strong>, ils sont class\u00e9s comme suit:\n<ul>\n<li><strong>Cookies fonctionnels<\/strong>: ce sont ceux qui permettent \u00e0 l&#8217;utilisateur de naviguer sur un site web et d&#8217;utiliser les diff\u00e9rentes options ou services qui y sont propos\u00e9s.<\/li>\n<li><strong>Cookies de personnalisation<\/strong>: Ces cookies permettent \u00e0 l&#8217;utilisateur d&#8217;acc\u00e9der au service avec certaines caract\u00e9ristiques g\u00e9n\u00e9rales pr\u00e9d\u00e9finies en fonction d&#8217;une s\u00e9rie de crit\u00e8res pr\u00e9sents dans le terminal de l&#8217;utilisateur, tels que, par exemple, la langue, le type de navigateur utilis\u00e9 pour acc\u00e9der au service, la configuration r\u00e9gionale \u00e0 partir de laquelle on acc\u00e8de au service, etc.<\/li>\n<li><strong>Cookies d&#8217;analyse<\/strong>: il s&#8217;agit de cookies qui sont trait\u00e9s par nous-m\u00eames ou par des tiers et qui nous permettent de quantifier le nombre d&#8217;utilisateurs et de proc\u00e9der \u00e0 la mesure et \u00e0 l&#8217;analyse statistique de l&#8217;utilisation faite par les utilisateurs de notre site web. Pour ce faire, nous analysons la navigation sur notre site web afin d&#8217;am\u00e9liorer la gamme de produits ou de services que nous proposons.<\/li>\n<li><strong>Cookies de publicit\u00e9 comportementale<\/strong>: il s&#8217;agit de cookies qui stockent des informations sur le comportement des utilisateurs obtenues gr\u00e2ce \u00e0 l&#8217;observation continue de leurs habitudes de navigation, ce qui permet de d\u00e9velopper un profil sp\u00e9cifique afin d&#8217;afficher de la publicit\u00e9 bas\u00e9e sur ce dernier.<\/li>\n<\/ul>\n<\/li>\n<li><strong>En ce qui concerne la permanence<\/strong>, ils sont class\u00e9s en\n<ul>\n<li><strong>Cookies de session<\/strong>: ils sont con\u00e7us pour collecter et stocker des donn\u00e9es pendant que l&#8217;utilisateur acc\u00e8de \u00e0 une page web. Ils disparaissent \u00e0 la fin de la session de l&#8217;utilisateur.<\/li>\n<li><strong>Cookies de session<\/strong>: ils sont con\u00e7us pour collecter et stocker des donn\u00e9es pendant que l&#8217;utilisateur acc\u00e8de \u00e0 une page web. Ils disparaissent \u00e0 la fin de la session de l&#8217;utilisateur.<\/li>\n<\/ul>\n<\/li>\n<\/ol>\n<\/li>\n<\/ol>\n<p>[\/vc_column_text][\/vc_accordion_tab][vc_accordion_tab title=&#8221;3.- Utilisation de cookies par http:\/\/www.arteconfort.com&#8221;][vc_column_text]ARTECONFORT HOTEL, S.L. utilise sur son site web https:\/\/www.arteconfort.com des cookies fonctionnels, n\u00e9cessaires pour afficher correctement le site web et garantir le bon fonctionnement de https:\/\/www.arteconfort.com et des cookies analytiques, utilis\u00e9s pour analyser le comportement des utilisateurs de mani\u00e8re agr\u00e9g\u00e9e et anonyme, y compris le nombre de visiteurs du site web et des diff\u00e9rentes pages internes, l&#8217;origine de la visite, le jour et l&#8217;heure, la plate-forme, les mots de recherche utilis\u00e9s par un utilisateur pour trouver le contenu d\u00e9sir\u00e9. Les objectifs pour lesquels nous utilisons des cookies sont les suivants:<\/p>\n<ul>\n<li>Pour personnaliser l&#8217;exp\u00e9rience de navigation de l&#8217;utilisateur, reconna\u00eetre la langue de l&#8217;utilisateur et \u00e9quilibrer la charge du site web.<\/li>\n<li>Pour pouvoir apporter des am\u00e9liorations au site web et savoir quel contenu ou quelle conception est le plus pertinent pour l&#8217;utilisateur.<\/li>\n<\/ul>\n<p>ARTECONFORT HOTEL, S.L. ne peut pas lire les cookies implant\u00e9s sur le disque dur de l&#8217;ordinateur\/terminal de l&#8217;utilisateur \u00e0 partir d&#8217;autres serveurs web que les siens.<\/p>\n<p>Dans le tableau suivant, vous pouvez consulter les cookies utilis\u00e9s dans http:\/\/www.arteconfort.com, leur finalit\u00e9, s&#8217;il s&#8217;agit de nos propres cookies ou de ceux de tiers et leur dur\u00e9e.[\/vc_column_text][vc_empty_space][vc_row_inner vertical_align=&#8221;middle&#8221; background_mode=&#8221;color&#8221; background_color=&#8221;#f5f5f5&#8243;][vc_column_inner padding_size=&#8221;l-padding&#8221;][wyde_separator border_width=&#8221;3px&#8221; el_width=&#8221;100%&#8221; color=&#8221;#000000&#8243; css=&#8221;.vc_custom_1724413197538{padding-bottom: 10px !important;}&#8221;][wyde_heading style=&#8221;5&#8243; title_tag=&#8221;h5&#8243; title=&#8221;Analyse&#8221; heading_color=&#8221;#000000&#8243; subheading_color=&#8221;#61b4e4&#8243;][vc_column_text]Les cookies analytiques sont utilis\u00e9s pour comprendre comment les visiteurs interagissent avec le site web. Ces cookies fournissent des informations sur des param\u00e8tres tels que le nombre de visiteurs, le taux de rebond, la source du trafic, etc.[\/vc_column_text][wyde_separator el_width=&#8221;100%&#8221; color=&#8221;#000000&#8243; css=&#8221;.vc_custom_1724413225912{padding-top: 10px !important;padding-bottom: 10px !important;}&#8221;][vc_column_text]<strong>Cookie<\/strong> tk_ai<br \/>\n<strong>Dur\u00e9e<\/strong> Session<br \/>\n<strong>Description<\/strong> JetPack d\u00e9finit ce cookie pour stocker un identifiant anonyme g\u00e9n\u00e9r\u00e9 de mani\u00e8re al\u00e9atoire qui est utilis\u00e9 uniquement dans la zone d&#8217;administration et pour le suivi analytique g\u00e9n\u00e9ral.[\/vc_column_text][wyde_separator el_width=&#8221;100%&#8221; color=&#8221;#000000&#8243; css=&#8221;.vc_custom_1724413225912{padding-top: 10px !important;padding-bottom: 10px !important;}&#8221;][vc_column_text]<strong>Cookie<\/strong> _gat_gtag_UA_145147454_1<br \/>\n<strong>Dur\u00e9e<\/strong> 1 minute<br \/>\n<strong>Description<\/strong> D\u00e9fini par Google pour distinguer les utilisateurs.[\/vc_column_text][wyde_separator el_width=&#8221;100%&#8221; color=&#8221;#000000&#8243; css=&#8221;.vc_custom_1724413225912{padding-top: 10px !important;padding-bottom: 10px !important;}&#8221;][vc_column_text]<strong>Cookie<\/strong> _gid<br \/>\n<strong>Dur\u00e9e<\/strong> 1 jour<br \/>\n<strong>Description<\/strong> D\u00e9fini par Google Analytics, le cookie _gid stocke des informations sur la mani\u00e8re dont les visiteurs utilisent un site web, tout en cr\u00e9ant un rapport analytique sur les performances du site. Parmi les donn\u00e9es collect\u00e9es figurent le nombre de visiteurs, leur provenance et les pages qu&#8217;ils visitent de mani\u00e8re anonyme.[\/vc_column_text][wyde_separator el_width=&#8221;100%&#8221; color=&#8221;#000000&#8243; css=&#8221;.vc_custom_1724413225912{padding-top: 10px !important;padding-bottom: 10px !important;}&#8221;][vc_column_text]<strong>Cookie<\/strong> _ga<br \/>\n<strong>Dur\u00e9e<\/strong> 2 ans<br \/>\n<strong>Description<\/strong> Le cookie _ga, mis en place par Google Analytics, calcule les donn\u00e9es relatives aux visiteurs, aux sessions et aux campagnes et suit \u00e9galement l&#8217;utilisation du site pour les rapports d&#8217;analyse du site. Le cookie stocke les informations de mani\u00e8re anonyme et attribue un num\u00e9ro g\u00e9n\u00e9r\u00e9 de mani\u00e8re al\u00e9atoire pour reconna\u00eetre les visiteurs uniques.[\/vc_column_text][wyde_separator border_width=&#8221;3px&#8221; el_width=&#8221;100%&#8221; color=&#8221;#000000&#8243; css=&#8221;.vc_custom_1724413517375{padding-top: 10px !important;padding-bottom: 10px !important;}&#8221;][wyde_heading style=&#8221;5&#8243; title_tag=&#8221;h5&#8243; title=&#8221;N\u00e9cessaire&#8221; heading_color=&#8221;#000000&#8243; subheading_color=&#8221;#61b4e4&#8243;][vc_column_text]Les cookies n\u00e9cessaires sont absolument indispensables au bon fonctionnement du site web. Cette cat\u00e9gorie ne comprend que les cookies qui assurent les fonctionnalit\u00e9s de base et les caract\u00e9ristiques de s\u00e9curit\u00e9 du site web. Ces cookies ne stockent aucune information personnelle.[\/vc_column_text][wyde_separator el_width=&#8221;100%&#8221; color=&#8221;#000000&#8243; css=&#8221;.vc_custom_1724413225912{padding-top: 10px !important;padding-bottom: 10px !important;}&#8221;][vc_column_text]<strong>Cookie<\/strong> _GRECAPTCHA<br \/>\n<strong>Dur\u00e9e<\/strong> 5 mois 27 jours<br \/>\n<strong>Description<\/strong> Ce cookie est d\u00e9fini par le service Google recaptcha pour identifier les robots et prot\u00e9ger le site web contre les attaques de spam malveillantes.[\/vc_column_text][wyde_separator el_width=&#8221;100%&#8221; color=&#8221;#000000&#8243; css=&#8221;.vc_custom_1724413225912{padding-top: 10px !important;padding-bottom: 10px !important;}&#8221;][vc_column_text]<strong>Cookie<\/strong> cookielawinfo-checkbox-others<br \/>\n<strong>Dur\u00e9e<\/strong> 1 an<br \/>\n<strong>Description<\/strong> D\u00e9fini par le plugin GDPR Cookie Consent, ce cookie est utilis\u00e9 pour stocker le consentement de l&#8217;utilisateur pour les cookies de la cat\u00e9gorie \u00ab Autres \u00bb.[\/vc_column_text][wyde_separator el_width=&#8221;100%&#8221; color=&#8221;#000000&#8243; css=&#8221;.vc_custom_1724413225912{padding-top: 10px !important;padding-bottom: 10px !important;}&#8221;][vc_column_text]<strong>Cookie<\/strong> cookielawinfo-checkbox-advertisement<br \/>\n<strong>Dur\u00e9e<\/strong> 1 an<br \/>\n<strong>Description<\/strong> D\u00e9fini par le plugin GDPR Cookie Consent, ce cookie est utilis\u00e9 pour enregistrer le consentement de l&#8217;utilisateur pour les cookies de la cat\u00e9gorie \u00ab Publicit\u00e9 \u00bb.[\/vc_column_text][wyde_separator el_width=&#8221;100%&#8221; color=&#8221;#000000&#8243; css=&#8221;.vc_custom_1724413225912{padding-top: 10px !important;padding-bottom: 10px !important;}&#8221;][vc_column_text]<strong>Cookie<\/strong> cookielawinfo-checkbox-analytics<br \/>\n<strong>Dur\u00e9e<\/strong> 1 an<br \/>\n<strong>Description<\/strong> D\u00e9fini par le plugin GDPR Cookie Consent, ce cookie est utilis\u00e9 pour enregistrer le consentement de l&#8217;utilisateur pour les cookies de la cat\u00e9gorie \u00ab Analytics \u00bb.[\/vc_column_text][wyde_separator el_width=&#8221;100%&#8221; color=&#8221;#000000&#8243; css=&#8221;.vc_custom_1724413225912{padding-top: 10px !important;padding-bottom: 10px !important;}&#8221;][vc_column_text]<strong>Cookie<\/strong> cookielawinfo-checkbox-performance<br \/>\n<strong>Dur\u00e9e<\/strong> 1 an<br \/>\n<strong>Description<\/strong> D\u00e9fini par le plugin GDPR Cookie Consent, ce cookie est utilis\u00e9 pour stocker le consentement de l&#8217;utilisateur pour les cookies de la cat\u00e9gorie \u00ab Performance \u00bb.[\/vc_column_text][wyde_separator el_width=&#8221;100%&#8221; color=&#8221;#000000&#8243; css=&#8221;.vc_custom_1724413225912{padding-top: 10px !important;padding-bottom: 10px !important;}&#8221;][vc_column_text]<strong>Cookie<\/strong> CookieLawInfoConsent<br \/>\n<strong>Dur\u00e9e<\/strong> 1 an<br \/>\n<strong>Description<\/strong> Enregistre l&#8217;\u00e9tat du bouton par d\u00e9faut de la cat\u00e9gorie correspondante et l&#8217;\u00e9tat de l&#8217;ACCP. Fonctionne uniquement en coordination avec le cookie principal.[\/vc_column_text][wyde_separator el_width=&#8221;100%&#8221; color=&#8221;#000000&#8243; css=&#8221;.vc_custom_1724413225912{padding-top: 10px !important;padding-bottom: 10px !important;}&#8221;][vc_column_text]<strong>Cookie<\/strong> cookielawinfo-checkbox-functional<br \/>\n<strong>Dur\u00e9e<\/strong> 1 an<br \/>\n<strong>Description<\/strong> Le cookie est d\u00e9fini par le plugin GDPR Cookie Consent pour enregistrer le consentement de l&#8217;utilisateur pour les cookies de la cat\u00e9gorie \u00ab Fonctionnel \u00bb.[\/vc_column_text][wyde_separator el_width=&#8221;100%&#8221; color=&#8221;#000000&#8243; css=&#8221;.vc_custom_1724413225912{padding-top: 10px !important;padding-bottom: 10px !important;}&#8221;][vc_column_text]<strong>Cookie<\/strong> cookielawinfo-checkbox-necessary<br \/>\n<strong>Dur\u00e9e<\/strong> 1 an<br \/>\n<strong>Description<\/strong> D\u00e9fini par le plugin GDPR Cookie Consent, ce cookie est utilis\u00e9 pour enregistrer le consentement de l&#8217;utilisateur pour les cookies de la cat\u00e9gorie \u00ab Necessary \u00bb.[\/vc_column_text][wyde_separator border_width=&#8221;3px&#8221; el_width=&#8221;100%&#8221; color=&#8221;#000000&#8243; css=&#8221;.vc_custom_1724413526343{padding-top: 10px !important;padding-bottom: 10px !important;}&#8221;][\/vc_column_inner][\/vc_row_inner][\/vc_accordion_tab][vc_accordion_tab title=&#8221;4.- Utilisation des cookies d&#8217;analyse de Google Analytics&#8221;][vc_column_text]Le site http:\/\/www.arteconfort.com utilise des cookies analytiques de Google Analytics (1600 Amphitheatre Parkway, Mountain View. California. CA 94043, \u00c9tats-Unis). Ces cookies ne recueillent pas d&#8217;informations permettant d&#8217;identifier personnellement un visiteur. Toutes les informations recueillies par ces cookies sont agr\u00e9g\u00e9es et donc anonymes. Elles ne sont utilis\u00e9es que pour am\u00e9liorer le fonctionnement du site.<\/p>\n<p>Vous trouverez de plus amples informations sur les cookies de Google Analytics \u00e0 l&#8217;adresse suivante:<\/p>\n<ul>\n<li><a href=\"https:\/\/developers.google.com\/analytics\/devguides\/collection\/analyticsjs\/cookie-usage\" target=\"_blank\" rel=\"noopener\">https:\/\/developers.google.com\/analytics\/devguides\/collection\/analyticsjs\/cookie-usage<\/a><\/li>\n<\/ul>\n<p>Vous pouvez emp\u00eacher l&#8217;utilisation de Google Analytics dans le cadre de votre utilisation de http:\/\/www.arteconfort.com en t\u00e9l\u00e9chargeant et en installant le module compl\u00e9mentaire de navigateur disponible via ce lien:<\/p>\n<ul>\n<li><a href=\"https:\/\/tools.google.com\/dlpage\/gaoptout?hl=es_ES\" target=\"_blank\" rel=\"noopener\">https:\/\/tools.google.com\/dlpage\/gaoptout?hl=es_ES<\/a><\/li>\n<\/ul>\n<p>[\/vc_column_text][\/vc_accordion_tab][vc_accordion_tab title=&#8221;5.- Param\u00e8tres des cookies&#8221;][vc_column_text]L&#8217;utilisateur peut bloquer les cookies par le biais des outils de configuration du navigateur, ou configurer son navigateur pour qu&#8217;il l&#8217;avertisse lorsqu&#8217;un serveur veut enregistrer un cookie.<\/p>\n<ul>\n<li>Si vous utilisez Microsoft Internet Explorer, vous trouverez l&#8217;option dans le menu Outils &gt; Options Internet &gt; Confidentialit\u00e9 &gt; Param\u00e8tres.<\/li>\n<\/ul>\n<p>Plus d&#8217;informations sur <a href=\"http:\/\/windows.microsoft.com\/es-es\/\" target=\"_blank\" rel=\"noopener\">http:\/\/windows.microsoft.com\/es-es\/<\/a><\/p>\n<ul>\n<li>Si vous utilisez Firefox, vous trouverez l&#8217;option dans le menu Outils &gt; Options &gt; Confidentialit\u00e9 &gt; Cookies.<\/li>\n<\/ul>\n<p>Plus d&#8217;informations sur <a href=\"http:\/\/support.mozilla.org\/es\/kb\/habilitar-y-deshabilitar-Cookies-que-los-sitios-we\" target=\"_blank\" rel=\"noopener\">http:\/\/support.mozilla.org\/es\/kb\/habilitar-y-deshabilitar-Cookies-que-los-sitios-we<\/a><\/p>\n<ul>\n<li>Si vous utilisez Chrome, sous Options &gt; Options avanc\u00e9es &gt; Confidentialit\u00e9.<\/li>\n<\/ul>\n<p>Plus d&#8217;informations sur <a href=\"https:\/\/support.google.com\/accounts\/answer\/61416?hl=es\" target=\"_blank\" rel=\"noopener\">https:\/\/support.google.com\/accounts\/answer\/61416?hl=es<\/a><\/p>\n<ul>\n<li>Si vous utilisez Opera, dans l&#8217;option S\u00e9curit\u00e9 et confidentialit\u00e9, vous pouvez configurer le navigateur.<\/li>\n<\/ul>\n<p>Plus d&#8217;informations sur <a href=\"http:\/\/help.opera.com\/Windows\/11.50\/es-ES\/cookies.html\" target=\"_blank\" rel=\"noopener\">http:\/\/help.opera.com\/Windows\/11.50\/es-ES\/cookies.html<\/a><\/p>\n<ul>\n<li>Si vous utilisez Safari, vous trouverez l&#8217;option dans le menu Pr\u00e9f\u00e9rences\/Privacit\u00e9.<\/li>\n<\/ul>\n<p>Plus d&#8217;informations sur: <a href=\"http:\/\/support.apple.com\/kb\/HT1677?viewlocale=es_ES\" target=\"_blank\" rel=\"noopener\">http:\/\/support.apple.com\/kb\/HT1677?viewlocale=es_ES<\/a>[\/vc_column_text][\/vc_accordion_tab][\/vc_accordion][\/vc_column][\/vc_row]<\/p>\n<\/div>","protected":false},"excerpt":{"rendered":"<p>[vc_row][vc_column][vc_column_text]La pr\u00e9sente politique a pour objet de d\u00e9finir l&#8217;utilisation des cookies sur http:\/\/www.arteconfort.com, ainsi que de fournir aux utilisateurs et visiteurs de http:\/\/www.arteconfort.com des informations relatives \u00e0 l&#8217;utilisation des cookies et aux moyens de configurer leur navigateur. L&#8217;utilisation des services offerts par https:\/\/www.arteconfort.com implique l&#8217;acceptation totale et sans r\u00e9serve de cette politique d&#8217;utilisation des cookies. [&hellip;]<\/p>\n","protected":false},"author":1,"featured_media":0,"parent":0,"menu_order":0,"comment_status":"closed","ping_status":"closed","template":"","meta":{"footnotes":""},"class_list":["post-11949","page","type-page","status-publish","hentry"],"yoast_head":"<!-- This site is optimized with the Yoast SEO plugin v26.5 - https:\/\/yoast.com\/wordpress\/plugins\/seo\/ -->\n<title>Politique de cookies - Arteconfort<\/title>\n<meta name=\"description\" content=\"La pr\u00e9sente politique a pour objet de d\u00e9finir l&#039;utilisation des cookies sur http:\/\/www.arteconfort.com, ainsi que de fournir aux utilisateurs et visiteurs\" \/>\n<meta name=\"robots\" content=\"noindex, nofollow\" \/>\n<meta property=\"og:locale\" content=\"fr_FR\" \/>\n<meta property=\"og:type\" content=\"article\" \/>\n<meta property=\"og:title\" content=\"Politique de cookies - Arteconfort\" \/>\n<meta property=\"og:description\" content=\"La pr\u00e9sente politique a pour objet de d\u00e9finir l&#039;utilisation des cookies sur http:\/\/www.arteconfort.com, ainsi que de fournir aux utilisateurs et visiteurs\" \/>\n<meta property=\"og:url\" content=\"https:\/\/arteconfort.com\/fr\/politica-de-cookies\/\" \/>\n<meta property=\"og:site_name\" content=\"Arteconfort\" \/>\n<meta property=\"article:modified_time\" content=\"2024-08-26T11:38:48+00:00\" \/>\n<meta name=\"twitter:card\" content=\"summary_large_image\" \/>\n<meta name=\"twitter:label1\" content=\"Dur\u00e9e de lecture estim\u00e9e\" \/>\n\t<meta name=\"twitter:data1\" content=\"8 minutes\" \/>\n<!-- \/ Yoast SEO plugin. -->","yoast_head_json":{"title":"Politique de cookies - Arteconfort","description":"La pr\u00e9sente politique a pour objet de d\u00e9finir l'utilisation des cookies sur http:\/\/www.arteconfort.com, ainsi que de fournir aux utilisateurs et visiteurs","robots":{"index":"noindex","follow":"nofollow"},"og_locale":"fr_FR","og_type":"article","og_title":"Politique de cookies - Arteconfort","og_description":"La pr\u00e9sente politique a pour objet de d\u00e9finir l'utilisation des cookies sur http:\/\/www.arteconfort.com, ainsi que de fournir aux utilisateurs et visiteurs","og_url":"https:\/\/arteconfort.com\/fr\/politica-de-cookies\/","og_site_name":"Arteconfort","article_modified_time":"2024-08-26T11:38:48+00:00","twitter_card":"summary_large_image","twitter_misc":{"Dur\u00e9e de lecture estim\u00e9e":"8 minutes"},"schema":{"@context":"https:\/\/schema.org","@graph":[{"@type":"WebPage","@id":"https:\/\/arteconfort.com\/fr\/politica-de-cookies\/","url":"https:\/\/arteconfort.com\/fr\/politica-de-cookies\/","name":"Politique de cookies - Arteconfort","isPartOf":{"@id":"https:\/\/arteconfort.com\/fr\/#website"},"datePublished":"2019-07-30T11:20:08+00:00","dateModified":"2024-08-26T11:38:48+00:00","description":"La pr\u00e9sente politique a pour objet de d\u00e9finir l'utilisation des cookies sur http:\/\/www.arteconfort.com, ainsi que de fournir aux utilisateurs et visiteurs","breadcrumb":{"@id":"https:\/\/arteconfort.com\/fr\/politica-de-cookies\/#breadcrumb"},"inLanguage":"fr-FR","potentialAction":[{"@type":"ReadAction","target":["https:\/\/arteconfort.com\/fr\/politica-de-cookies\/"]}]},{"@type":"BreadcrumbList","@id":"https:\/\/arteconfort.com\/fr\/politica-de-cookies\/#breadcrumb","itemListElement":[{"@type":"ListItem","position":1,"name":"Inicio","item":"https:\/\/arteconfort.com\/fr\/"},{"@type":"ListItem","position":2,"name":"Politique de cookies"}]},{"@type":"WebSite","@id":"https:\/\/arteconfort.com\/fr\/#website","url":"https:\/\/arteconfort.com\/fr\/","name":"Arteconfort","description":"Especialistas en productos del hogar","publisher":{"@id":"https:\/\/arteconfort.com\/fr\/#organization"},"potentialAction":[{"@type":"SearchAction","target":{"@type":"EntryPoint","urlTemplate":"https:\/\/arteconfort.com\/fr\/?s={search_term_string}"},"query-input":{"@type":"PropertyValueSpecification","valueRequired":true,"valueName":"search_term_string"}}],"inLanguage":"fr-FR"},{"@type":"Organization","@id":"https:\/\/arteconfort.com\/fr\/#organization","name":"Arteconfort","url":"https:\/\/arteconfort.com\/fr\/","logo":{"@type":"ImageObject","inLanguage":"fr-FR","@id":"https:\/\/arteconfort.com\/fr\/#\/schema\/logo\/image\/","url":"https:\/\/arteconfort.com\/wp-content\/uploads\/2019\/07\/logo-arteconfort.png","contentUrl":"https:\/\/arteconfort.com\/wp-content\/uploads\/2019\/07\/logo-arteconfort.png","width":230,"height":88,"caption":"Arteconfort"},"image":{"@id":"https:\/\/arteconfort.com\/fr\/#\/schema\/logo\/image\/"}}]}},"_links":{"self":[{"href":"https:\/\/arteconfort.com\/fr\/wp-json\/wp\/v2\/pages\/11949","targetHints":{"allow":["GET"]}}],"collection":[{"href":"https:\/\/arteconfort.com\/fr\/wp-json\/wp\/v2\/pages"}],"about":[{"href":"https:\/\/arteconfort.com\/fr\/wp-json\/wp\/v2\/types\/page"}],"author":[{"embeddable":true,"href":"https:\/\/arteconfort.com\/fr\/wp-json\/wp\/v2\/users\/1"}],"replies":[{"embeddable":true,"href":"https:\/\/arteconfort.com\/fr\/wp-json\/wp\/v2\/comments?post=11949"}],"version-history":[{"count":0,"href":"https:\/\/arteconfort.com\/fr\/wp-json\/wp\/v2\/pages\/11949\/revisions"}],"wp:attachment":[{"href":"https:\/\/arteconfort.com\/fr\/wp-json\/wp\/v2\/media?parent=11949"}],"curies":[{"name":"wp","href":"https:\/\/api.w.org\/{rel}","templated":true}]}}