{"id":12489,"date":"2021-01-07T14:35:01","date_gmt":"2021-01-07T13:35:01","guid":{"rendered":"https:\/\/arteconfort.com\/climatizacion\/ventiladores-de-techo\/ventiladores-de-techo-con-cadena\/"},"modified":"2025-07-16T14:26:12","modified_gmt":"2025-07-16T12:26:12","slug":"ventiladores-de-techo-con-cadena","status":"publish","type":"page","link":"https:\/\/arteconfort.com\/fr\/climatizacion\/ventiladores-de-techo\/ventiladores-de-techo-con-cadena\/","title":{"rendered":"Ventilateurs de plafond avec cha\u00eene"},"content":{"rendered":"<div class=\"wpb-content-wrapper\"><p>[vc_row padding_size=&#8221;m-padding&#8221;][vc_column][vc_column_text]<div class=\"woocommerce columns-4 \"><\/div>[\/vc_column_text][\/vc_column][\/vc_row][vc_row padding_size=&#8221;no-padding&#8221;][vc_column][vc_column_text]Vous consid\u00e9rez-vous comme une personne aux go\u00fbts classiques ? Sans aucun doute, <strong>les ventilateurs de cha\u00eene<\/strong> ne se d\u00e9moderont jamais dans le monde de la maison. Ils sont tr\u00e8s faciles \u00e0 utiliser, car ils sont actionn\u00e9s par une simple cha\u00eene, dans le cas d&#8217;un ventilateur sans lumi\u00e8re. Si l&#8217;appareil a une lumi\u00e8re int\u00e9gr\u00e9e, il y a deux cha\u00eenes.<\/p>\n<p>Un autre point essentiel qui fera de votre ventilateur un classique que tout le monde voudra poss\u00e9der est la couleur. Les ventilateurs <strong>HAWAII et FUJI<\/strong> offrent diff\u00e9rentes tonalit\u00e9s pour r\u00e9pondre aux besoins de votre pi\u00e8ce. Des tons blancs, noirs, bois ou m\u00e9tal qui donneront une touche distinctive \u00e0 votre pi\u00e8ce.[\/vc_column_text][vc_empty_space height=&#8221;60px&#8221;][\/vc_column][\/vc_row][vc_row vertical_align=&#8221;middle&#8221; padding_size=&#8221;m-padding&#8221; background_mode=&#8221;color&#8221; background_color=&#8221;#f5f5f5&#8243;][vc_column][vc_row_inner][vc_column_inner width=&#8221;1\/3&#8243; offset=&#8221;vc_col-xs-12&#8243; el_class=&#8221;banner-home&#8221;][wyde_heading style=&#8221;3&#8243; title_tag=&#8221;h3&#8243; subheading_tag=&#8221;span&#8221; title=&#8221;Taille de la pi\u00e8ce&#8221; subheading=&#8221;Choisissez votre ventilateur en fonction de la taille de la pi\u00e8ce&#8221;][\/vc_column_inner][vc_column_inner width=&#8221;1\/6&#8243; el_class=&#8221;banner-home&#8221; offset=&#8221;vc_col-xs-6&#8243;][wyde_banner title_tag=&#8221;h5&#8243; banner_style=&#8221;2&#8243; title=&#8221;Fans pour <strong>PETITES PI\u00c8CES<\/strong>&#8221; image=&#8221;28351&#8243; link=&#8221;url:https%3A%2F%2Farteconfort.com%2Ffr%2Fclimatizacion%2Fventiladores-de-techo%2Fventiladores-de-techo-para-habitaciones-pequenas%2F|title:Pol%C3%ADtica%20de%20sostenibilidad||&#8221; heading_color=&#8221;#ffffff&#8221;][\/vc_column_inner][vc_column_inner width=&#8221;1\/6&#8243; el_class=&#8221;banner-home&#8221; offset=&#8221;vc_col-xs-6&#8243;][wyde_banner title_tag=&#8221;h5&#8243; banner_style=&#8221;2&#8243; title=&#8221;Fans pour <strong>CHAMBRES DE TAILLE MOYENNE<\/strong>&#8221; image=&#8221;28346&#8243; link=&#8221;url:https%3A%2F%2Farteconfort.com%2Ffr%2Fclimatizacion%2Fventiladores-de-techo%2Fventiladores-de-techo-para-habitaciones-medianas%2F|title:Ventiladores%20de%20techo%20para%20habitaciones%20medianas||&#8221; heading_color=&#8221;#ffffff&#8221;][\/vc_column_inner][vc_column_inner width=&#8221;1\/6&#8243; offset=&#8221;vc_col-xs-6&#8243; el_class=&#8221;banner-home&#8221;][wyde_banner title_tag=&#8221;h5&#8243; banner_style=&#8221;2&#8243; title=&#8221;Fans pour <strong>GRANDES CHAMBRES<\/strong>&#8221; image=&#8221;28341&#8243; link=&#8221;url:https%3A%2F%2Farteconfort.com%2Ffr%2Fclimatizacion%2Fventiladores-de-techo%2Fventiladores-de-techo-para-habitaciones-grandes%2F|title:Ventiladores%20de%20techo%20para%20habitaciones%20grandes||&#8221; heading_color=&#8221;#ffffff&#8221;][\/vc_column_inner][vc_column_inner width=&#8221;1\/6&#8243; offset=&#8221;vc_col-xs-6&#8243; el_class=&#8221;banner-home&#8221;][wyde_banner title_tag=&#8221;h5&#8243; banner_style=&#8221;2&#8243; title=&#8221;Fans pour <strong>UTILISATION EXT\u00c9RIEURE<\/strong>&#8221; image=&#8221;28356&#8243; link=&#8221;url:https%3A%2F%2Farteconfort.com%2Ffr%2Fclimatizacion%2Fventiladores-de-techo%2Fventiladores-de-techo-para-uso-exterior%2F|title:Ventiladores%20de%20techo%20para%20uso%20exterior||&#8221; heading_color=&#8221;#ffffff&#8221;][\/vc_column_inner][\/vc_row_inner][vc_empty_space height=&#8221;40px&#8221;][vc_row_inner][vc_column_inner width=&#8221;1\/3&#8243; offset=&#8221;vc_col-xs-12&#8243; el_class=&#8221;banner-home&#8221;][wyde_heading style=&#8221;3&#8243; title_tag=&#8221;h3&#8243; subheading_tag=&#8221;span&#8221; title=&#8221;Mode de commutation&#8221; subheading=&#8221;Il existe diff\u00e9rentes fa\u00e7ons de faire fonctionner votre ventilateur&#8221;][\/vc_column_inner][vc_column_inner width=&#8221;1\/6&#8243; el_class=&#8221;banner-home&#8221; offset=&#8221;vc_col-xs-6&#8243;][wyde_banner title_tag=&#8221;h5&#8243; banner_style=&#8221;2&#8243; title=&#8221;Fans avec <strong>COMMANDE VOCALE OU PAR APPLICATION<\/strong>&#8221; image=&#8221;28321&#8243; link=&#8221;url:https%3A%2F%2Farteconfort.com%2Ffr%2Fclimatizacion%2Fventiladores-de-techo%2Fventiladores-de-techo-con-control-por-voz-o-app%2F|title:Pol%C3%ADtica%20de%20sostenibilidad||&#8221; heading_color=&#8221;#ffffff&#8221;][\/vc_column_inner][vc_column_inner width=&#8221;1\/6&#8243; el_class=&#8221;banner-home&#8221; offset=&#8221;vc_col-xs-6&#8243;][wyde_banner title_tag=&#8221;h5&#8243; banner_style=&#8221;2&#8243; title=&#8221;Fans avec <strong>CHA\u00ceNE<\/strong>&#8221; image=&#8221;28311&#8243; link=&#8221;url:https%3A%2F%2Farteconfort.com%2Ffr%2Fclimatizacion%2Fventiladores-de-techo%2Fventiladores-de-techo-con-cadena%2F|title:Ventiladores%20de%20techo%20con%20mando%20a%20distancia||&#8221; heading_color=&#8221;#ffffff&#8221;][\/vc_column_inner][vc_column_inner width=&#8221;1\/6&#8243; offset=&#8221;vc_col-xs-6&#8243; el_class=&#8221;banner-home&#8221;][\/vc_column_inner][vc_column_inner width=&#8221;1\/6&#8243; offset=&#8221;vc_col-xs-6&#8243; el_class=&#8221;banner-home&#8221;][\/vc_column_inner][\/vc_row_inner][vc_empty_space height=&#8221;40px&#8221;][vc_row_inner][vc_column_inner width=&#8221;1\/3&#8243; offset=&#8221;vc_col-xs-12&#8243; el_class=&#8221;banner-home&#8221;][wyde_heading style=&#8221;3&#8243; title_tag=&#8221;h3&#8243; subheading_tag=&#8221;span&#8221; title=&#8221;Type d&#8217;\u00e9clairage&#8221; subheading=&#8221;Votre ventilateur de plafond avec ou sans lumi\u00e8re&#8221;][\/vc_column_inner][vc_column_inner width=&#8221;1\/6&#8243; el_class=&#8221;banner-home&#8221; offset=&#8221;vc_col-xs-6&#8243;][wyde_banner title_tag=&#8221;h5&#8243; banner_style=&#8221;2&#8243; title=&#8221;Fans avec <strong>LAMPE \u00c0 LED INT\u00c9GR\u00c9E<\/strong>&#8221; image=&#8221;28326&#8243; link=&#8221;url:https%3A%2F%2Farteconfort.com%2Ffr%2Fclimatizacion%2Fventiladores-de-techo%2Fventiladores-de-techo-con-luz-led-integrada%2F|title:Pol%C3%ADtica%20de%20sostenibilidad||&#8221; heading_color=&#8221;#ffffff&#8221;][\/vc_column_inner][vc_column_inner width=&#8221;1\/6&#8243; el_class=&#8221;banner-home&#8221; offset=&#8221;vc_col-xs-6&#8243;][wyde_banner title_tag=&#8221;h5&#8243; banner_style=&#8221;2&#8243; title=&#8221;Fans avec <strong>DOUILLE<\/strong>&#8221; image=&#8221;28316&#8243; link=&#8221;url:https%3A%2F%2Farteconfort.com%2Ffr%2Fclimatizacion%2Fventiladores-de-techo%2Fventiladores-de-techo-con-casquillo%2F|title:Ventiladores%20de%20techo%20con%20casquillo||&#8221; heading_color=&#8221;#ffffff&#8221;][\/vc_column_inner][vc_column_inner width=&#8221;1\/6&#8243; offset=&#8221;vc_col-xs-6&#8243; el_class=&#8221;banner-home&#8221;][wyde_banner title_tag=&#8221;h5&#8243; banner_style=&#8221;2&#8243; title=&#8221;Fans <strong>SANS LUMI\u00c8RE<\/strong>&#8221; image=&#8221;28361&#8243; link=&#8221;url:https%3A%2F%2Farteconfort.com%2Ffr%2Fclimatizacion%2Fventiladores-de-techo%2Fventiladores-de-techo-sin-luz%2F|title:Ventiladores%20de%20techo%20sin%20luz||&#8221; heading_color=&#8221;#ffffff&#8221;][\/vc_column_inner][vc_column_inner width=&#8221;1\/6&#8243; offset=&#8221;vc_col-xs-6&#8243; el_class=&#8221;banner-home&#8221;][\/vc_column_inner][\/vc_row_inner][vc_empty_space height=&#8221;40px&#8221;][vc_row_inner][vc_column_inner width=&#8221;1\/3&#8243; offset=&#8221;vc_col-xs-12&#8243; el_class=&#8221;banner-home&#8221;][wyde_heading style=&#8221;3&#8243; title_tag=&#8221;h3&#8243; subheading_tag=&#8221;span&#8221; title=&#8221;Caract\u00e9ristiques sp\u00e9ciales&#8221; subheading=&#8221;Un atout suppl\u00e9mentaire pour votre maison&#8221;][\/vc_column_inner][vc_column_inner width=&#8221;1\/6&#8243; el_class=&#8221;banner-home&#8221; offset=&#8221;vc_col-xs-6&#8243;][wyde_banner title_tag=&#8221;h5&#8243; banner_style=&#8221;2&#8243; title=&#8221;Fans avec <strong>HAUT-PARLEUR BLUETOOTH INT\u00c9GR\u00c9<\/strong>&#8221; image=&#8221;28296&#8243; link=&#8221;url:https%3A%2F%2Farteconfort.com%2Ffr%2Fclimatizacion%2Fventiladores-de-techo%2Fventiladores-de-techo-con-altavoz-bluetooth-integrado%2F|title:Pol%C3%ADtica%20de%20sostenibilidad||&#8221; heading_color=&#8221;#ffffff&#8221;][\/vc_column_inner][vc_column_inner width=&#8221;1\/6&#8243; el_class=&#8221;banner-home&#8221; offset=&#8221;vc_col-xs-6&#8243;][wyde_banner title_tag=&#8221;h5&#8243; banner_style=&#8221;2&#8243; title=&#8221;Fans avec <strong>LAMES R\u00c9VERSIBLES<\/strong>&#8221; image=&#8221;28306&#8243; link=&#8221;url:https%3A%2F%2Farteconfort.com%2Ffr%2Fclimatizacion%2Fventiladores-de-techo%2Fventiladores-de-techo-con-aspas-reversibles%2F|title:Ventiladores%20de%20techo%20con%20aspas%20reversibles||&#8221; heading_color=&#8221;#ffffff&#8221;][\/vc_column_inner][vc_column_inner width=&#8221;1\/6&#8243; offset=&#8221;vc_col-xs-6&#8243; el_class=&#8221;banner-home&#8221;][wyde_banner title_tag=&#8221;h5&#8243; banner_style=&#8221;2&#8243; title=&#8221;Fans avec <strong>LAMES DISSIMUL\u00c9ES OU R\u00c9TRACTABLES<\/strong>&#8221; image=&#8221;28301&#8243; link=&#8221;url:https%3A%2F%2Farteconfort.com%2Ffr%2Fclimatizacion%2Fventiladores-de-techo%2Fventiladores-de-techo-con-aspas-ocultas-o-retractiles%2F|title:Ventiladores%20de%20techo%20con%20aspas%20ocultas||&#8221; heading_color=&#8221;#ffffff&#8221;][\/vc_column_inner][vc_column_inner width=&#8221;1\/6&#8243; offset=&#8221;vc_col-xs-6&#8243; el_class=&#8221;banner-home&#8221;][wyde_banner title_tag=&#8221;h5&#8243; banner_style=&#8221;2&#8243; title=&#8221;Fans avec <strong>THERMOSTAT<\/strong>&#8221; image=&#8221;28336&#8243; link=&#8221;url:https%3A%2F%2Farteconfort.com%2Ffr%2Fclimatizacion%2Fventiladores-de-techo%2Fventiladores-de-techo-con-termostato%2F|title:Ventiladores%20de%20techo%20con%20aspas%20ocultas||&#8221; heading_color=&#8221;#ffffff&#8221;][\/vc_column_inner][\/vc_row_inner][\/vc_column][\/vc_row][vc_row][vc_column][\/vc_column][\/vc_row]<\/p>\n<\/div>","protected":false},"excerpt":{"rendered":"<p>[vc_row padding_size=&#8221;m-padding&#8221;][vc_column][vc_column_text][\/vc_column_text][\/vc_column][\/vc_row][vc_row padding_size=&#8221;no-padding&#8221;][vc_column][vc_column_text]Vous consid\u00e9rez-vous comme une personne aux go\u00fbts classiques ? Sans aucun doute, les ventilateurs de cha\u00eene ne se d\u00e9moderont jamais dans le monde de la maison. Ils sont tr\u00e8s faciles \u00e0 utiliser, car ils sont actionn\u00e9s par une simple cha\u00eene, dans le cas d&#8217;un ventilateur sans lumi\u00e8re. Si l&#8217;appareil a une lumi\u00e8re int\u00e9gr\u00e9e, [&hellip;]<\/p>\n","protected":false},"author":1,"featured_media":0,"parent":11260,"menu_order":0,"comment_status":"closed","ping_status":"closed","template":"","meta":{"footnotes":""},"class_list":["post-12489","page","type-page","status-publish","hentry"],"yoast_head":"<!-- This site is optimized with the Yoast SEO plugin v26.5 - https:\/\/yoast.com\/wordpress\/plugins\/seo\/ -->\n<title>Ventilateurs de plafond avec cha\u00eene - Arteconfort<\/title>\n<meta name=\"description\" content=\"Vous consid\u00e9rez-vous comme une personne aux go\u00fbts classiques ? Sans aucun doute, les ventilateurs de cha\u00eene ne se d\u00e9moderont jamais dans le monde de la\" \/>\n<meta name=\"robots\" content=\"index, follow, max-snippet:-1, max-image-preview:large, max-video-preview:-1\" \/>\n<link rel=\"canonical\" href=\"https:\/\/arteconfort.com\/fr\/climatizacion\/ventiladores-de-techo\/ventiladores-de-techo-con-cadena\/\" \/>\n<meta property=\"og:locale\" content=\"fr_FR\" \/>\n<meta property=\"og:type\" content=\"article\" \/>\n<meta property=\"og:title\" content=\"Ventilateurs de plafond avec cha\u00eene - Arteconfort\" \/>\n<meta property=\"og:description\" content=\"Vous consid\u00e9rez-vous comme une personne aux go\u00fbts classiques ? Sans aucun doute, les ventilateurs de cha\u00eene ne se d\u00e9moderont jamais dans le monde de la\" \/>\n<meta property=\"og:url\" content=\"https:\/\/arteconfort.com\/fr\/climatizacion\/ventiladores-de-techo\/ventiladores-de-techo-con-cadena\/\" \/>\n<meta property=\"og:site_name\" content=\"Arteconfort\" \/>\n<meta property=\"article:modified_time\" content=\"2025-07-16T12:26:12+00:00\" \/>\n<meta name=\"twitter:card\" content=\"summary_large_image\" \/>\n<meta name=\"twitter:label1\" content=\"Dur\u00e9e de lecture estim\u00e9e\" \/>\n\t<meta name=\"twitter:data1\" content=\"5 minutes\" \/>\n<!-- \/ Yoast SEO plugin. -->","yoast_head_json":{"title":"Ventilateurs de plafond avec cha\u00eene - Arteconfort","description":"Vous consid\u00e9rez-vous comme une personne aux go\u00fbts classiques ? Sans aucun doute, les ventilateurs de cha\u00eene ne se d\u00e9moderont jamais dans le monde de la","robots":{"index":"index","follow":"follow","max-snippet":"max-snippet:-1","max-image-preview":"max-image-preview:large","max-video-preview":"max-video-preview:-1"},"canonical":"https:\/\/arteconfort.com\/fr\/climatizacion\/ventiladores-de-techo\/ventiladores-de-techo-con-cadena\/","og_locale":"fr_FR","og_type":"article","og_title":"Ventilateurs de plafond avec cha\u00eene - Arteconfort","og_description":"Vous consid\u00e9rez-vous comme une personne aux go\u00fbts classiques ? Sans aucun doute, les ventilateurs de cha\u00eene ne se d\u00e9moderont jamais dans le monde de la","og_url":"https:\/\/arteconfort.com\/fr\/climatizacion\/ventiladores-de-techo\/ventiladores-de-techo-con-cadena\/","og_site_name":"Arteconfort","article_modified_time":"2025-07-16T12:26:12+00:00","twitter_card":"summary_large_image","twitter_misc":{"Dur\u00e9e de lecture estim\u00e9e":"5 minutes"},"schema":{"@context":"https:\/\/schema.org","@graph":[{"@type":"WebPage","@id":"https:\/\/arteconfort.com\/fr\/climatizacion\/ventiladores-de-techo\/ventiladores-de-techo-con-cadena\/","url":"https:\/\/arteconfort.com\/fr\/climatizacion\/ventiladores-de-techo\/ventiladores-de-techo-con-cadena\/","name":"Ventilateurs de plafond avec cha\u00eene - Arteconfort","isPartOf":{"@id":"https:\/\/arteconfort.com\/fr\/#website"},"datePublished":"2021-01-07T13:35:01+00:00","dateModified":"2025-07-16T12:26:12+00:00","description":"Vous consid\u00e9rez-vous comme une personne aux go\u00fbts classiques ? Sans aucun doute, les ventilateurs de cha\u00eene ne se d\u00e9moderont jamais dans le monde de la","breadcrumb":{"@id":"https:\/\/arteconfort.com\/fr\/climatizacion\/ventiladores-de-techo\/ventiladores-de-techo-con-cadena\/#breadcrumb"},"inLanguage":"fr-FR","potentialAction":[{"@type":"ReadAction","target":["https:\/\/arteconfort.com\/fr\/climatizacion\/ventiladores-de-techo\/ventiladores-de-techo-con-cadena\/"]}]},{"@type":"BreadcrumbList","@id":"https:\/\/arteconfort.com\/fr\/climatizacion\/ventiladores-de-techo\/ventiladores-de-techo-con-cadena\/#breadcrumb","itemListElement":[{"@type":"ListItem","position":1,"name":"Inicio","item":"https:\/\/arteconfort.com\/fr\/"},{"@type":"ListItem","position":2,"name":"Climatisation","item":"https:\/\/arteconfort.com\/fr\/climatizacion\/"},{"@type":"ListItem","position":3,"name":"Ventilateurs de plafond","item":"https:\/\/arteconfort.com\/fr\/climatizacion\/ventiladores-de-techo\/"},{"@type":"ListItem","position":4,"name":"Ventilateurs de plafond avec cha\u00eene"}]},{"@type":"WebSite","@id":"https:\/\/arteconfort.com\/fr\/#website","url":"https:\/\/arteconfort.com\/fr\/","name":"Arteconfort","description":"Especialistas en productos del hogar","publisher":{"@id":"https:\/\/arteconfort.com\/fr\/#organization"},"potentialAction":[{"@type":"SearchAction","target":{"@type":"EntryPoint","urlTemplate":"https:\/\/arteconfort.com\/fr\/?s={search_term_string}"},"query-input":{"@type":"PropertyValueSpecification","valueRequired":true,"valueName":"search_term_string"}}],"inLanguage":"fr-FR"},{"@type":"Organization","@id":"https:\/\/arteconfort.com\/fr\/#organization","name":"Arteconfort","url":"https:\/\/arteconfort.com\/fr\/","logo":{"@type":"ImageObject","inLanguage":"fr-FR","@id":"https:\/\/arteconfort.com\/fr\/#\/schema\/logo\/image\/","url":"https:\/\/arteconfort.com\/wp-content\/uploads\/2019\/07\/logo-arteconfort.png","contentUrl":"https:\/\/arteconfort.com\/wp-content\/uploads\/2019\/07\/logo-arteconfort.png","width":230,"height":88,"caption":"Arteconfort"},"image":{"@id":"https:\/\/arteconfort.com\/fr\/#\/schema\/logo\/image\/"}}]}},"_links":{"self":[{"href":"https:\/\/arteconfort.com\/fr\/wp-json\/wp\/v2\/pages\/12489","targetHints":{"allow":["GET"]}}],"collection":[{"href":"https:\/\/arteconfort.com\/fr\/wp-json\/wp\/v2\/pages"}],"about":[{"href":"https:\/\/arteconfort.com\/fr\/wp-json\/wp\/v2\/types\/page"}],"author":[{"embeddable":true,"href":"https:\/\/arteconfort.com\/fr\/wp-json\/wp\/v2\/users\/1"}],"replies":[{"embeddable":true,"href":"https:\/\/arteconfort.com\/fr\/wp-json\/wp\/v2\/comments?post=12489"}],"version-history":[{"count":0,"href":"https:\/\/arteconfort.com\/fr\/wp-json\/wp\/v2\/pages\/12489\/revisions"}],"up":[{"embeddable":true,"href":"https:\/\/arteconfort.com\/fr\/wp-json\/wp\/v2\/pages\/11260"}],"wp:attachment":[{"href":"https:\/\/arteconfort.com\/fr\/wp-json\/wp\/v2\/media?parent=12489"}],"curies":[{"name":"wp","href":"https:\/\/api.w.org\/{rel}","templated":true}]}}