{"id":12900,"date":"2021-03-17T11:43:39","date_gmt":"2021-03-17T10:43:39","guid":{"rendered":"https:\/\/arteconfort.com\/solar\/iluminacion-solar\/lamparas-solares-de-exterior-con-luz-rgb\/"},"modified":"2021-08-12T11:43:27","modified_gmt":"2021-08-12T09:43:27","slug":"lamparas-solares-de-exterior-con-luz-rgb","status":"publish","type":"page","link":"https:\/\/arteconfort.com\/fr\/iluminacion-solar\/lamparas-solares-de-exterior-con-luz-rgb\/","title":{"rendered":"Lampes solaires d&#8217;ext\u00e9rieur avec lumi\u00e8re RGB"},"content":{"rendered":"<div class=\"wpb-content-wrapper\"><p>[vc_row padding_size=&#8221;m-padding&#8221;][vc_column][vc_column_text]<div class=\"woocommerce columns-4 \"><ul class=\"products w-grid-space clear columns-4\">\r\n<li class=\"product type-product post-11206 status-publish first instock product_cat-iluminacion-solar-de-pared-fr product_cat-solar-fr has-post-thumbnail shipping-taxable product-type-external w-item col-3\">\n\t<figure><div class=\"image-wrapper\">\t\t<a href=\"https:\/\/arteconfort.com\/fr\/producto\/stella\/\" class=\"w-fadeslider\">\n\t<img loading=\"lazy\" decoding=\"async\" width=\"1024\" height=\"1024\" src=\"https:\/\/arteconfort.com\/wp-content\/uploads\/2020\/12\/STELLA-AMBIENTE.webp\" class=\"attachment-shop_catalog size-shop_catalog wp-post-image\" alt=\"Guirnalda solar STELLA luz ambiente\" srcset=\"https:\/\/arteconfort.com\/wp-content\/uploads\/2020\/12\/STELLA-AMBIENTE.webp 1024w, https:\/\/arteconfort.com\/wp-content\/uploads\/2020\/12\/STELLA-AMBIENTE-768x768.webp 768w, https:\/\/arteconfort.com\/wp-content\/uploads\/2020\/12\/STELLA-AMBIENTE-340x340.webp 340w, https:\/\/arteconfort.com\/wp-content\/uploads\/2020\/12\/STELLA-AMBIENTE-640x640.webp 640w, https:\/\/arteconfort.com\/wp-content\/uploads\/2020\/12\/STELLA-AMBIENTE-960x960.webp 960w, https:\/\/arteconfort.com\/wp-content\/uploads\/2020\/12\/STELLA-AMBIENTE-133x133.webp 133w, https:\/\/arteconfort.com\/wp-content\/uploads\/2020\/12\/STELLA-AMBIENTE-300x300.webp 300w, https:\/\/arteconfort.com\/wp-content\/uploads\/2020\/12\/STELLA-AMBIENTE-600x600.webp 600w, https:\/\/arteconfort.com\/wp-content\/uploads\/2020\/12\/STELLA-AMBIENTE-100x100.webp 100w\" sizes=\"auto, (max-width: 1024px) 100vw, 1024px\" \/>\t<img loading=\"lazy\" decoding=\"async\" width=\"1024\" height=\"1024\" src=\"https:\/\/arteconfort.com\/wp-content\/uploads\/2020\/12\/STELLA-LUZ-AMBIENTE.webp\" class=\"attachment-shop_catalog size-shop_catalog\" alt=\"Guirnalda solar STELLA luz ambiente\" srcset=\"https:\/\/arteconfort.com\/wp-content\/uploads\/2020\/12\/STELLA-LUZ-AMBIENTE.webp 1024w, https:\/\/arteconfort.com\/wp-content\/uploads\/2020\/12\/STELLA-LUZ-AMBIENTE-768x768.webp 768w, https:\/\/arteconfort.com\/wp-content\/uploads\/2020\/12\/STELLA-LUZ-AMBIENTE-340x340.webp 340w, https:\/\/arteconfort.com\/wp-content\/uploads\/2020\/12\/STELLA-LUZ-AMBIENTE-640x640.webp 640w, https:\/\/arteconfort.com\/wp-content\/uploads\/2020\/12\/STELLA-LUZ-AMBIENTE-960x960.webp 960w, https:\/\/arteconfort.com\/wp-content\/uploads\/2020\/12\/STELLA-LUZ-AMBIENTE-133x133.webp 133w, https:\/\/arteconfort.com\/wp-content\/uploads\/2020\/12\/STELLA-LUZ-AMBIENTE-300x300.webp 300w, https:\/\/arteconfort.com\/wp-content\/uploads\/2020\/12\/STELLA-LUZ-AMBIENTE-600x600.webp 600w, https:\/\/arteconfort.com\/wp-content\/uploads\/2020\/12\/STELLA-LUZ-AMBIENTE-100x100.webp 100w\" sizes=\"auto, (max-width: 1024px) 100vw, 1024px\" \/><img loading=\"lazy\" decoding=\"async\" width=\"1024\" height=\"1024\" src=\"https:\/\/arteconfort.com\/wp-content\/uploads\/2020\/12\/STELLA.webp\" class=\"attachment-shop_catalog size-shop_catalog\" alt=\"Guirnalda solar STELLA con panel\" srcset=\"https:\/\/arteconfort.com\/wp-content\/uploads\/2020\/12\/STELLA.webp 1024w, https:\/\/arteconfort.com\/wp-content\/uploads\/2020\/12\/STELLA-768x768.webp 768w, https:\/\/arteconfort.com\/wp-content\/uploads\/2020\/12\/STELLA-340x340.webp 340w, https:\/\/arteconfort.com\/wp-content\/uploads\/2020\/12\/STELLA-640x640.webp 640w, https:\/\/arteconfort.com\/wp-content\/uploads\/2020\/12\/STELLA-960x960.webp 960w, https:\/\/arteconfort.com\/wp-content\/uploads\/2020\/12\/STELLA-300x300.webp 300w, https:\/\/arteconfort.com\/wp-content\/uploads\/2020\/12\/STELLA-600x600.webp 600w, https:\/\/arteconfort.com\/wp-content\/uploads\/2020\/12\/STELLA-100x100.webp 100w, https:\/\/arteconfort.com\/wp-content\/uploads\/2020\/12\/STELLA-133x133.webp 133w\" sizes=\"auto, (max-width: 1024px) 100vw, 1024px\" \/>\t<\/a>\n\t<div class=\"w-product-status\"><\/div>\t<span id=\"woocommerce_loop_add_to_cart_link_describedby_11206\" class=\"screen-reader-text\">\n\t\t\t<\/span>\n<\/div><figcaption><h2 class=\"woocommerce-loop-product__title\">STELLA<\/h2><div class=\"woocommerce-product-details__short-description\">\n\t<p>La guirlande solaire STELLA est parfaite pour cr\u00e9er une atmosph\u00e8re sp\u00e9ciale, chaleureuse et amusante sur votre terrasse, votre<\/div>\n\n<\/figcaption><\/figure><\/li>\n<\/ul>\n<\/div>[\/vc_column_text][\/vc_column][\/vc_row][vc_row padding_size=&#8221;no-padding&#8221;][vc_column][vc_column_text]Vous cherchez \u00e0 donner une touche originale \u00e0 vos pi\u00e8ces ext\u00e9rieures? Les lumi\u00e8res RGB peuvent \u00eatre la solution id\u00e9ale, car elles<strong> incorporent diff\u00e9rentes couleurs<\/strong>, ce qui permet d&#8217;obtenir une d\u00e9coration amusante et color\u00e9e. En outre, selon le mod\u00e8le que vous achetez, vous pouvez choisir entre diff\u00e9rents modes d&#8217;\u00e9clairage.<\/p>\n<p>Ce type d&#8217;\u00e9clairage est de plus en plus demand\u00e9, car il s&#8217;agit d&#8217;un produit \u00e0 faible \u00e9mission de CO2 et qui <strong>n&#8217;\u00e9met pas de rayons ultraviolets et infrarouges<\/strong>, ce qui lui conf\u00e8re un cycle de vie plus long que les syst\u00e8mes d&#8217;\u00e9clairage traditionnels.[\/vc_column_text][vc_empty_space height=&#8221;60px&#8221;][\/vc_column][\/vc_row][vc_row vertical_align=&#8221;middle&#8221; padding_size=&#8221;m-padding&#8221; background_mode=&#8221;color&#8221; background_color=&#8221;#f5f5f5&#8243;][vc_column][vc_row_inner][vc_column_inner width=&#8221;1\/3&#8243; offset=&#8221;vc_col-xs-12&#8243; el_class=&#8221;banner-home&#8221;][wyde_heading style=&#8221;3&#8243; title_tag=&#8221;h3&#8243; subheading_tag=&#8221;span&#8221; title=&#8221;Type d&#8217;\u00e9clairage&#8221; subheading=&#8221;\u00c9clairage solaire \u00e0 haute luminosit\u00e9 ou pour cr\u00e9er des atmosph\u00e8res relaxantes&#8221;][\/vc_column_inner][vc_column_inner width=&#8221;1\/6&#8243; el_class=&#8221;banner-home&#8221; offset=&#8221;vc_col-xs-6&#8243;][wyde_banner title_tag=&#8221;h5&#8243; banner_style=&#8221;2&#8243; title=&#8221;\u00c9clairage solaire <strong>FONCTIONNEL<\/strong>&#8221; image=&#8221;4450&#8243; link=&#8221;url:https%3A%2F%2Farteconfort.com%2Ffr%2Fsolar%2Filuminacion-solar%2Filuminacion-solar-exterior-funcional%2F|title:Pol%C3%ADtica%20de%20sostenibilidad||&#8221; heading_color=&#8221;#ffffff&#8221;][\/vc_column_inner][vc_column_inner width=&#8221;1\/6&#8243; el_class=&#8221;banner-home&#8221; offset=&#8221;vc_col-xs-6&#8243;][wyde_banner title_tag=&#8221;h5&#8243; banner_style=&#8221;2&#8243; title=&#8221;\u00c9clairage solaire <strong>DECORATIVA<\/strong>&#8221; image=&#8221;4449&#8243; link=&#8221;url:https%3A%2F%2Farteconfort.com%2Ffr%2Fsolar%2Filuminacion-solar%2Filuminacion-solar-exterior-decorativa%2F|title:Ventiladores%20de%20techo%20con%20casquillo||&#8221; heading_color=&#8221;#ffffff&#8221;][\/vc_column_inner][vc_column_inner width=&#8221;1\/6&#8243; offset=&#8221;vc_col-xs-6&#8243; el_class=&#8221;banner-home&#8221;][\/vc_column_inner][vc_column_inner width=&#8221;1\/6&#8243; offset=&#8221;vc_col-xs-6&#8243; el_class=&#8221;banner-home&#8221;][\/vc_column_inner][\/vc_row_inner][vc_empty_space height=&#8221;40px&#8221;][vc_row_inner][vc_column_inner width=&#8221;1\/3&#8243; offset=&#8221;vc_col-xs-12&#8243; el_class=&#8221;banner-home&#8221;][wyde_heading style=&#8221;3&#8243; title_tag=&#8221;h3&#8243; subheading_tag=&#8221;span&#8221; title=&#8221;Zone d&#8217;\u00e9clairage&#8221; subheading=&#8221;\u00c9clairage solaire \u00e0 haute luminosit\u00e9 ou pour cr\u00e9er des atmosph\u00e8res relaxantes&#8221;][\/vc_column_inner][vc_column_inner width=&#8221;1\/6&#8243; el_class=&#8221;banner-home&#8221; offset=&#8221;vc_col-xs-6&#8243;][wyde_banner title_tag=&#8221;h5&#8243; banner_style=&#8221;2&#8243; title=&#8221;\u00c9clairage solaire ext\u00e9rieur pour <strong>PETITES ZONES<\/strong>&#8221; image=&#8221;4443&#8243; link=&#8221;url:https%3A%2F%2Farteconfort.com%2Ffr%2Fsolar%2Filuminacion-solar%2Filuminacion-solar-exterior-para-zonas-pequenas%2F|title:Pol%C3%ADtica%20de%20sostenibilidad||&#8221; heading_color=&#8221;#ffffff&#8221;][\/vc_column_inner][vc_column_inner width=&#8221;1\/6&#8243; el_class=&#8221;banner-home&#8221; offset=&#8221;vc_col-xs-6&#8243;][wyde_banner title_tag=&#8221;h5&#8243; banner_style=&#8221;2&#8243; title=&#8221;\u00c9clairage solaire ext\u00e9rieur pour <strong>ZONES MOYENNES<\/strong>&#8221; image=&#8221;4445&#8243; link=&#8221;url:https%3A%2F%2Farteconfort.com%2Ffr%2Fsolar%2Filuminacion-solar%2Filuminacion-solar-exterior-para-zonas-medianas%2F|title:Ventiladores%20de%20techo%20para%20habitaciones%20medianas||&#8221; heading_color=&#8221;#ffffff&#8221;][\/vc_column_inner][vc_column_inner width=&#8221;1\/6&#8243; offset=&#8221;vc_col-xs-6&#8243; el_class=&#8221;banner-home&#8221;][wyde_banner title_tag=&#8221;h5&#8243; banner_style=&#8221;2&#8243; title=&#8221;\u00c9clairage solaire ext\u00e9rieur pour <strong>GRANDES ZONES<\/strong>&#8221; image=&#8221;4447&#8243; link=&#8221;url:https%3A%2F%2Farteconfort.com%2Ffr%2Fsolar%2Filuminacion-solar%2Filuminacion-solar-exterior-para-zonas-grandes%2F|title:Ventiladores%20de%20techo%20para%20habitaciones%20grandes||&#8221; heading_color=&#8221;#ffffff&#8221;][\/vc_column_inner][vc_column_inner width=&#8221;1\/6&#8243; offset=&#8221;vc_col-xs-6&#8243; el_class=&#8221;banner-home&#8221;][\/vc_column_inner][\/vc_row_inner][vc_empty_space height=&#8221;40px&#8221;][vc_row_inner][vc_column_inner width=&#8221;1\/3&#8243; offset=&#8221;vc_col-xs-12&#8243; el_class=&#8221;banner-home&#8221;][wyde_heading style=&#8221;3&#8243; title_tag=&#8221;h3&#8243; subheading_tag=&#8221;span&#8221; title=&#8221;Type d&#8217;utilisation&#8221; subheading=&#8221;La lampe solaire parfaite pour chaque endroit&#8221;][\/vc_column_inner][vc_column_inner width=&#8221;1\/6&#8243; el_class=&#8221;banner-home&#8221; offset=&#8221;vc_col-xs-6&#8243;][wyde_banner title_tag=&#8221;h5&#8243; banner_style=&#8221;2&#8243; title=&#8221;Appliques solaires de <strong>MUR<\/strong>&#8221; image=&#8221;4439&#8243; link=&#8221;url:https%3A%2F%2Farteconfort.com%2Ffr%2Fsolar%2Filuminacion-solar%2Fapliques-solares-de-exterior-de-pared%2F|title:Pol%C3%ADtica%20de%20sostenibilidad||&#8221; heading_color=&#8221;#ffffff&#8221;][\/vc_column_inner][vc_column_inner width=&#8221;1\/6&#8243; el_class=&#8221;banner-home&#8221; offset=&#8221;vc_col-xs-6&#8243;][wyde_banner title_tag=&#8221;h5&#8243; banner_style=&#8221;2&#8243; title=&#8221;<strong>GUIRNALDES<\/strong> solaires&#8221; image=&#8221;4435&#8243; link=&#8221;url:https%3A%2F%2Farteconfort.com%2Ffr%2Fsolar%2Filuminacion-solar%2Fguirnaldas-solares-de-exterior%2F|title:Ventiladores%20de%20techo%20con%20cadena||&#8221; heading_color=&#8221;#ffffff&#8221;][\/vc_column_inner][vc_column_inner width=&#8221;1\/6&#8243; offset=&#8221;vc_col-xs-6&#8243; el_class=&#8221;banner-home&#8221;][wyde_banner title_tag=&#8221;h5&#8243; banner_style=&#8221;2&#8243; title=&#8221;Lampes solaires de <strong>TABLE<\/strong>&#8221; image=&#8221;4436&#8243; link=&#8221;url:https%3A%2F%2Farteconfort.com%2Ffr%2Fsolar%2Filuminacion-solar%2Flamparas-solares-de-exterior-de-mesa%2F|title:Pol%C3%ADtica%20de%20sostenibilidad||&#8221; heading_color=&#8221;#ffffff&#8221;][\/vc_column_inner][vc_column_inner width=&#8221;1\/6&#8243; offset=&#8221;vc_col-xs-6&#8243; el_class=&#8221;banner-home&#8221;][wyde_banner title_tag=&#8221;h5&#8243; banner_style=&#8221;2&#8243; title=&#8221;Lampes solaires sur <strong>MUR<\/strong>&#8221; image=&#8221;4437&#8243; link=&#8221;url:https%3A%2F%2Farteconfort.com%2Ffr%2Fsolar%2Filuminacion-solar%2Flamparas-solares-de-exterior-sobre-muro%2F|title:Ventiladores%20de%20techo%20con%20mando%20a%20distancia||&#8221; heading_color=&#8221;#ffffff&#8221;][\/vc_column_inner][\/vc_row_inner][vc_empty_space height=&#8221;10px&#8221;][vc_row_inner][vc_column_inner width=&#8221;1\/3&#8243; offset=&#8221;vc_hidden-sm vc_col-xs-12 vc_hidden-xs&#8221; el_class=&#8221;banner-home&#8221;][\/vc_column_inner][vc_column_inner width=&#8221;1\/6&#8243; el_class=&#8221;banner-home&#8221; offset=&#8221;vc_col-xs-6&#8243;][wyde_banner title_tag=&#8221;h5&#8243; banner_style=&#8221;2&#8243; title=&#8221;<strong>LANTERNES<\/strong> solaires&#8221; image=&#8221;4440&#8243; link=&#8221;url:https%3A%2F%2Farteconfort.com%2Ffr%2Fsolar%2Filuminacion-solar%2Ffarolas-solares-de-exterior%2F|title:Ventiladores%20de%20techo%20con%20cadena||&#8221; heading_color=&#8221;#ffffff&#8221;][\/vc_column_inner][vc_column_inner width=&#8221;1\/6&#8243; el_class=&#8221;banner-home&#8221; offset=&#8221;vc_col-xs-6&#8243;][wyde_banner title_tag=&#8221;h5&#8243; banner_style=&#8221;2&#8243; title=&#8221;Lampes solaires de <strong>SOL<\/strong>&#8221; image=&#8221;4442&#8243; link=&#8221;url:https%3A%2F%2Farteconfort.com%2Ffr%2Fsolar%2Filuminacion-solar%2Flamparas-solares-de-exterior-de-suelo%2F|title:Ventiladores%20de%20techo%20con%20mando%20a%20distancia||&#8221; heading_color=&#8221;#ffffff&#8221;][\/vc_column_inner][vc_column_inner width=&#8221;1\/6&#8243; offset=&#8221;vc_col-xs-6&#8243; el_class=&#8221;banner-home&#8221;][\/vc_column_inner][vc_column_inner width=&#8221;1\/6&#8243; offset=&#8221;vc_col-xs-6&#8243; el_class=&#8221;banner-home&#8221;][\/vc_column_inner][\/vc_row_inner][vc_empty_space height=&#8221;40px&#8221;][vc_row_inner][vc_column_inner width=&#8221;1\/3&#8243; offset=&#8221;vc_col-xs-12&#8243; el_class=&#8221;banner-home&#8221;][wyde_heading style=&#8221;3&#8243; title_tag=&#8221;h3&#8243; subheading_tag=&#8221;span&#8221; title=&#8221;Caract\u00e9ristiques sp\u00e9ciales&#8221; subheading=&#8221;Un atout suppl\u00e9mentaire pour votre jardin&#8221;][\/vc_column_inner][vc_column_inner width=&#8221;1\/6&#8243; el_class=&#8221;banner-home&#8221; offset=&#8221;vc_col-xs-6&#8243;][wyde_banner title_tag=&#8221;h5&#8243; banner_style=&#8221;2&#8243; title=&#8221;Lampes solaires avec <strong>D\u00c9TECTEUR DE PR\u00c9SENCE<\/strong>&#8221; image=&#8221;4452&#8243; link=&#8221;url:https%3A%2F%2Farteconfort.com%2Ffr%2Fsolar%2Filuminacion-solar%2Flamparas-solares-de-exterior-con-sensor-de-presencia%2F|title:Pol%C3%ADtica%20de%20sostenibilidad||&#8221; heading_color=&#8221;#ffffff&#8221;][\/vc_column_inner][vc_column_inner width=&#8221;1\/6&#8243; el_class=&#8221;banner-home&#8221; offset=&#8221;vc_col-xs-6&#8243;][wyde_banner title_tag=&#8221;h5&#8243; banner_style=&#8221;2&#8243; title=&#8221;Lampes solaires avec <strong>T\u00c9L\u00c9COMMANDE<\/strong>&#8221; image=&#8221;4453&#8243; link=&#8221;url:https%3A%2F%2Farteconfort.com%2Ffr%2Fsolar%2Filuminacion-solar%2Flamparas-solares-de-exterior-con-mando-a-distancia%2F|title:Ventiladores%20de%20techo%20con%20aspas%20reversibles||&#8221; heading_color=&#8221;#ffffff&#8221;][\/vc_column_inner][vc_column_inner width=&#8221;1\/6&#8243; offset=&#8221;vc_col-xs-6&#8243; el_class=&#8221;banner-home&#8221;][\/vc_column_inner][vc_column_inner width=&#8221;1\/6&#8243; offset=&#8221;vc_col-xs-6&#8243; el_class=&#8221;banner-home&#8221;][\/vc_column_inner][\/vc_row_inner][\/vc_column][\/vc_row]<\/p>\n<\/div>","protected":false},"excerpt":{"rendered":"<p>[vc_row padding_size=&#8221;m-padding&#8221;][vc_column][vc_column_text][\/vc_column_text][\/vc_column][\/vc_row][vc_row padding_size=&#8221;no-padding&#8221;][vc_column][vc_column_text]Vous cherchez \u00e0 donner une touche originale \u00e0 vos pi\u00e8ces ext\u00e9rieures? Les lumi\u00e8res RGB peuvent \u00eatre la solution id\u00e9ale, car elles incorporent diff\u00e9rentes couleurs, ce qui permet d&#8217;obtenir une d\u00e9coration amusante et color\u00e9e. En outre, selon le mod\u00e8le que vous achetez, vous pouvez choisir entre diff\u00e9rents modes d&#8217;\u00e9clairage. Ce type d&#8217;\u00e9clairage est de [&hellip;]<\/p>\n","protected":false},"author":1,"featured_media":0,"parent":11698,"menu_order":0,"comment_status":"closed","ping_status":"closed","template":"","meta":{"footnotes":""},"class_list":["post-12900","page","type-page","status-publish","hentry"],"yoast_head":"<!-- This site is optimized with the Yoast SEO plugin v26.5 - https:\/\/yoast.com\/wordpress\/plugins\/seo\/ -->\n<title>Lampes solaires d&#039;ext\u00e9rieur avec lumi\u00e8re RGB - Arteconfort<\/title>\n<meta name=\"description\" content=\"Vous cherchez \u00e0 donner une touche originale \u00e0 vos pi\u00e8ces ext\u00e9rieures? Les lumi\u00e8res RGB peuvent \u00eatre la solution id\u00e9ale, car elles incorporent diff\u00e9rentes\" \/>\n<meta name=\"robots\" content=\"index, follow, max-snippet:-1, max-image-preview:large, max-video-preview:-1\" \/>\n<link rel=\"canonical\" href=\"https:\/\/arteconfort.com\/fr\/iluminacion-solar\/lamparas-solares-de-exterior-con-luz-rgb\/\" \/>\n<meta property=\"og:locale\" content=\"fr_FR\" \/>\n<meta property=\"og:type\" content=\"article\" \/>\n<meta property=\"og:title\" content=\"Lampes solaires d&#039;ext\u00e9rieur avec lumi\u00e8re RGB - Arteconfort\" \/>\n<meta property=\"og:description\" content=\"Vous cherchez \u00e0 donner une touche originale \u00e0 vos pi\u00e8ces ext\u00e9rieures? Les lumi\u00e8res RGB peuvent \u00eatre la solution id\u00e9ale, car elles incorporent diff\u00e9rentes\" \/>\n<meta property=\"og:url\" content=\"https:\/\/arteconfort.com\/fr\/iluminacion-solar\/lamparas-solares-de-exterior-con-luz-rgb\/\" \/>\n<meta property=\"og:site_name\" content=\"Arteconfort\" \/>\n<meta property=\"article:modified_time\" content=\"2021-08-12T09:43:27+00:00\" \/>\n<meta name=\"twitter:card\" content=\"summary_large_image\" \/>\n<meta name=\"twitter:label1\" content=\"Dur\u00e9e de lecture estim\u00e9e\" \/>\n\t<meta name=\"twitter:data1\" content=\"6 minutes\" \/>\n<!-- \/ Yoast SEO plugin. -->","yoast_head_json":{"title":"Lampes solaires d'ext\u00e9rieur avec lumi\u00e8re RGB - Arteconfort","description":"Vous cherchez \u00e0 donner une touche originale \u00e0 vos pi\u00e8ces ext\u00e9rieures? Les lumi\u00e8res RGB peuvent \u00eatre la solution id\u00e9ale, car elles incorporent diff\u00e9rentes","robots":{"index":"index","follow":"follow","max-snippet":"max-snippet:-1","max-image-preview":"max-image-preview:large","max-video-preview":"max-video-preview:-1"},"canonical":"https:\/\/arteconfort.com\/fr\/iluminacion-solar\/lamparas-solares-de-exterior-con-luz-rgb\/","og_locale":"fr_FR","og_type":"article","og_title":"Lampes solaires d'ext\u00e9rieur avec lumi\u00e8re RGB - Arteconfort","og_description":"Vous cherchez \u00e0 donner une touche originale \u00e0 vos pi\u00e8ces ext\u00e9rieures? Les lumi\u00e8res RGB peuvent \u00eatre la solution id\u00e9ale, car elles incorporent diff\u00e9rentes","og_url":"https:\/\/arteconfort.com\/fr\/iluminacion-solar\/lamparas-solares-de-exterior-con-luz-rgb\/","og_site_name":"Arteconfort","article_modified_time":"2021-08-12T09:43:27+00:00","twitter_card":"summary_large_image","twitter_misc":{"Dur\u00e9e de lecture estim\u00e9e":"6 minutes"},"schema":{"@context":"https:\/\/schema.org","@graph":[{"@type":"WebPage","@id":"https:\/\/arteconfort.com\/fr\/iluminacion-solar\/lamparas-solares-de-exterior-con-luz-rgb\/","url":"https:\/\/arteconfort.com\/fr\/iluminacion-solar\/lamparas-solares-de-exterior-con-luz-rgb\/","name":"Lampes solaires d'ext\u00e9rieur avec lumi\u00e8re RGB - Arteconfort","isPartOf":{"@id":"https:\/\/arteconfort.com\/fr\/#website"},"datePublished":"2021-03-17T10:43:39+00:00","dateModified":"2021-08-12T09:43:27+00:00","description":"Vous cherchez \u00e0 donner une touche originale \u00e0 vos pi\u00e8ces ext\u00e9rieures? Les lumi\u00e8res RGB peuvent \u00eatre la solution id\u00e9ale, car elles incorporent diff\u00e9rentes","breadcrumb":{"@id":"https:\/\/arteconfort.com\/fr\/iluminacion-solar\/lamparas-solares-de-exterior-con-luz-rgb\/#breadcrumb"},"inLanguage":"fr-FR","potentialAction":[{"@type":"ReadAction","target":["https:\/\/arteconfort.com\/fr\/iluminacion-solar\/lamparas-solares-de-exterior-con-luz-rgb\/"]}]},{"@type":"BreadcrumbList","@id":"https:\/\/arteconfort.com\/fr\/iluminacion-solar\/lamparas-solares-de-exterior-con-luz-rgb\/#breadcrumb","itemListElement":[{"@type":"ListItem","position":1,"name":"Inicio","item":"https:\/\/arteconfort.com\/fr\/"},{"@type":"ListItem","position":2,"name":"Privado: Solaire","item":"https:\/\/arteconfort.com\/fr\/?page_id=11003"},{"@type":"ListItem","position":3,"name":"\u00c9clairage solaire","item":"https:\/\/arteconfort.com\/fr\/solar\/iluminacion-solar\/"},{"@type":"ListItem","position":4,"name":"Lampes solaires d&#8217;ext\u00e9rieur avec lumi\u00e8re RGB"}]},{"@type":"WebSite","@id":"https:\/\/arteconfort.com\/fr\/#website","url":"https:\/\/arteconfort.com\/fr\/","name":"Arteconfort","description":"Especialistas en productos del hogar","publisher":{"@id":"https:\/\/arteconfort.com\/fr\/#organization"},"potentialAction":[{"@type":"SearchAction","target":{"@type":"EntryPoint","urlTemplate":"https:\/\/arteconfort.com\/fr\/?s={search_term_string}"},"query-input":{"@type":"PropertyValueSpecification","valueRequired":true,"valueName":"search_term_string"}}],"inLanguage":"fr-FR"},{"@type":"Organization","@id":"https:\/\/arteconfort.com\/fr\/#organization","name":"Arteconfort","url":"https:\/\/arteconfort.com\/fr\/","logo":{"@type":"ImageObject","inLanguage":"fr-FR","@id":"https:\/\/arteconfort.com\/fr\/#\/schema\/logo\/image\/","url":"https:\/\/arteconfort.com\/wp-content\/uploads\/2019\/07\/logo-arteconfort.png","contentUrl":"https:\/\/arteconfort.com\/wp-content\/uploads\/2019\/07\/logo-arteconfort.png","width":230,"height":88,"caption":"Arteconfort"},"image":{"@id":"https:\/\/arteconfort.com\/fr\/#\/schema\/logo\/image\/"}}]}},"_links":{"self":[{"href":"https:\/\/arteconfort.com\/fr\/wp-json\/wp\/v2\/pages\/12900","targetHints":{"allow":["GET"]}}],"collection":[{"href":"https:\/\/arteconfort.com\/fr\/wp-json\/wp\/v2\/pages"}],"about":[{"href":"https:\/\/arteconfort.com\/fr\/wp-json\/wp\/v2\/types\/page"}],"author":[{"embeddable":true,"href":"https:\/\/arteconfort.com\/fr\/wp-json\/wp\/v2\/users\/1"}],"replies":[{"embeddable":true,"href":"https:\/\/arteconfort.com\/fr\/wp-json\/wp\/v2\/comments?post=12900"}],"version-history":[{"count":0,"href":"https:\/\/arteconfort.com\/fr\/wp-json\/wp\/v2\/pages\/12900\/revisions"}],"up":[{"embeddable":true,"href":"https:\/\/arteconfort.com\/fr\/wp-json\/wp\/v2\/pages\/11698"}],"wp:attachment":[{"href":"https:\/\/arteconfort.com\/fr\/wp-json\/wp\/v2\/media?parent=12900"}],"curies":[{"name":"wp","href":"https:\/\/api.w.org\/{rel}","templated":true}]}}