{"id":43218,"date":"2024-08-01T09:30:08","date_gmt":"2024-08-01T07:30:08","guid":{"rendered":"https:\/\/arteconfort.com\/politica-de-privacidad\/"},"modified":"2024-08-20T10:20:26","modified_gmt":"2024-08-20T08:20:26","slug":"politica-de-privacidad","status":"publish","type":"page","link":"https:\/\/arteconfort.com\/fr\/politica-de-privacidad\/","title":{"rendered":"Politique de confidentialit\u00e9"},"content":{"rendered":"<div class=\"wpb-content-wrapper\"><p>[vc_row][vc_column][vc_column_text]La politique de confidentialit\u00e9 fait partie des conditions g\u00e9n\u00e9rales r\u00e9gissant ce site web. <\/p>\n<h3>Qui est responsable du traitement de vos donn\u00e9es?<\/h3>\n<p> ARTECONFORT HOTEL, S.L. <\/p>\n<ul>\n<li>Calle Homero, 30 Bloque 1, Puerta 1 \u2013 28341 Valdemoro (Madrid)<\/li>\n<li>CIF B87621975<\/li>\n<li>T\u00e9l\u00e9phone : +34 91 801 25 76<\/li>\n<li>Mail: info(at)arteconfort.com<\/li>\n<\/ul>\n<p> Vous pouvez nous contacter de la mani\u00e8re dont vous souhaitez communiquer avec nous. Nous nous r\u00e9servons le droit de modifier ou d&#8217;adapter la pr\u00e9sente politique de confidentialit\u00e9 \u00e0 tout moment. Nous vous encourageons \u00e0 la consulter et, si vous vous \u00eates enregistr\u00e9 et que vous vous connectez \u00e0 votre compte ou \u00e0 votre profil, vous serez inform\u00e9 de toute modification. Si vous appartenez \u00e0 l&#8217;un des groupes suivants, veuillez consulter la liste d\u00e9roulante:[\/vc_column_text][vc_empty_space height=&#8221;20px&#8221;][vc_accordion collapsible=&#8221;true&#8221; active_tab=&#8221;false&#8221;][vc_accordion_tab title=&#8221;CONTACTS SUR LE WEB OU PAR COURRIER \u00c9LECTRONIQUE&#8221;][vc_column_text]<\/p>\n<h4>Quelles sont les donn\u00e9es collect\u00e9es par le biais du site web?<\/h4>\n<p> Nous pouvons traiter votre adresse IP, le syst\u00e8me d&#8217;exploitation ou le navigateur que vous utilisez, et m\u00eame la dur\u00e9e de votre visite, de mani\u00e8re anonyme. Si vous nous fournissez des donn\u00e9es dans le formulaire de contact, vous serez identifi\u00e9 afin que nous puissions vous contacter si n\u00e9cessaire.  <\/p>\n<h4>\u00c0 quelles fins traitons-nous vos donn\u00e9es \u00e0 caract\u00e8re personnel?<\/h4>\n<ul>\n<li>R\u00e9pondre \u00e0 vos questions, demandes ou p\u00e9titions.<\/li>\n<li>G\u00e9rer le service demand\u00e9, r\u00e9pondre \u00e0 votre demande ou traiter votre demande.<\/li>\n<li>Informations par voie \u00e9lectronique concernant votre demande.<\/li>\n<li>Informations commerciales ou \u00e9v\u00e9nementielles par voie \u00e9lectronique, sous r\u00e9serve d&#8217;une autorisation expresse.<\/li>\n<li>Effectuer des analyses et des am\u00e9liorations sur le Web, sur nos produits et services. Am\u00e9liorer notre strat\u00e9gie commerciale. <\/li>\n<\/ul>\n<h4>Quelle est la l\u00e9gitimit\u00e9 du traitement de vos donn\u00e9es?<\/h4>\n<p> L&#8217;acceptation et le consentement de l&#8217;int\u00e9ress\u00e9, accord\u00e9s par une action volontaire, comme dans les cas o\u00f9, pour faire une demande, il est n\u00e9cessaire de remplir un formulaire et de cliquer sur le bouton d&#8217;envoi, l&#8217;accomplissement de ce dernier impliquera n\u00e9cessairement qu&#8217;il a \u00e9t\u00e9 inform\u00e9 et a express\u00e9ment donn\u00e9 son consentement au contenu de la clause jointe au formulaire ou \u00e0 l&#8217;acceptation de la politique de protection de la vie priv\u00e9e. Tous nos formulaires comportent le symbole * dans les donn\u00e9es obligatoires. Si vous ne fournissez pas ces champs ou si vous ne cochez pas la case d&#8217;acceptation de la politique de confidentialit\u00e9, l&#8217;envoi des informations ne sera pas autoris\u00e9.   <\/p>\n<h4>Combien de temps conserverons-nous les donn\u00e9es personnelles?<\/h4>\n<p> Jusqu&#8217;\u00e0 la r\u00e9vocation du consentement donn\u00e9.[\/vc_column_text][\/vc_accordion_tab][vc_accordion_tab title=&#8221;CONTACTS POUR LE BULLETIN D&apos;INFORMATION&#8221;][vc_column_text]<\/p>\n<h4>Quelles sont les donn\u00e9es collect\u00e9es par le biais du bulletin d&#8217;information?<\/h4>\n<p> Sur le web, vous pouvez vous abonner \u00e0 la lettre d&#8217;information si vous nous fournissez une adresse \u00e9lectronique \u00e0 laquelle la lettre d&#8217;information sera envoy\u00e9e. Nous ne conserverons votre adresse \u00e9lectronique que dans notre base de donn\u00e9es et nous vous enverrons des courriels p\u00e9riodiques jusqu&#8217;\u00e0 ce que vous vous d\u00e9sinscriviez ou que nous cessions d&#8217;envoyer des courriels. Vous aurez toujours la possibilit\u00e9 de vous d\u00e9sinscrire dans toute communication.   <\/p>\n<h4>\u00c0 quelles fins traitons-nous vos donn\u00e9es \u00e0 caract\u00e8re personnel?<\/h4>\n<ul>\n<li>G\u00e9rer le service demand\u00e9.<\/li>\n<li>Informations par voie \u00e9lectronique concernant votre demande.<\/li>\n<li>Informations commerciales ou \u00e9v\u00e9nementielles par voie \u00e9lectronique, sous r\u00e9serve d&#8217;une autorisation expresse.<\/li>\n<li>Effectuer des analyses et des am\u00e9liorations du mailing, afin d&#8217;am\u00e9liorer notre strat\u00e9gie commerciale.<\/li>\n<\/ul>\n<h4>Quelle est la l\u00e9gitimit\u00e9 du traitement de vos donn\u00e9es?<\/h4>\n<p> L&#8217;acceptation et le consentement de l&#8217;int\u00e9ress\u00e9. Dans les cas o\u00f9 vous vous inscrivez, il sera n\u00e9cessaire d&#8217;accepter une case \u00e0 cocher et de cliquer sur le bouton d&#8217;envoi. Cela impliquera n\u00e9cessairement que vous avez \u00e9t\u00e9 inform\u00e9 et que vous avez express\u00e9ment consenti \u00e0 recevoir la lettre d&#8217;information.   <\/p>\n<h4>Combien de temps conserverons-nous les donn\u00e9es personnelles?<\/h4>\n<p> Jusqu&#8217;\u00e0 la r\u00e9vocation du consentement donn\u00e9.[\/vc_column_text][\/vc_accordion_tab][vc_accordion_tab title=&#8221;CLIENTS&#8221;][vc_column_text]<\/p>\n<h4>\u00c0 quelles fins traitons-nous vos donn\u00e9es \u00e0 caract\u00e8re personnel?<\/h4>\n<ul>\n<li>Pr\u00e9paration du budget et suivi du budget par le biais de communications entre les deux parties.<\/li>\n<li>Informations par voie \u00e9lectronique concernant votre demande.<\/li>\n<li>Informations commerciales ou \u00e9v\u00e9nementielles par voie \u00e9lectronique, sous r\u00e9serve d&#8217;une autorisation expresse.<\/li>\n<li>G\u00e9rer les services administratifs, de communication et de logistique fournis par le responsable.<\/li>\n<li>Facturation et d\u00e9claration des taxes appropri\u00e9es.<\/li>\n<li>Effectuer les transactions correspondantes.<\/li>\n<li>Gestion du contr\u00f4le et de la r\u00e9cup\u00e9ration.<\/li>\n<\/ul>\n<h4>Quelle est la l\u00e9gitimit\u00e9 du traitement de vos donn\u00e9es?<\/h4>\n<p> L&#8217;existence d&#8217;une relation contractuelle entre les parties. Le traitement est n\u00e9cessaire \u00e0 l&#8217;ex\u00e9cution d&#8217;un contrat auquel la personne concern\u00e9e est partie ou \u00e0 la mise en \u0153uvre de mesures pr\u00e9contractuelles \u00e0 la demande de la personne concern\u00e9e.  <\/p>\n<h4>Combien de temps conserverons-nous les donn\u00e9es personnelles?<\/h4>\n<p> Pour la dur\u00e9e des relations entre les parties et pour les d\u00e9lais de prescription qui en d\u00e9coulent.[\/vc_column_text][\/vc_accordion_tab][vc_accordion_tab title=&#8221;ENQU\u00caTES DE QUALIT\u00c9&#8221;][vc_column_text]<\/p>\n<h4>\u00c0 quelles fins traitons-nous vos donn\u00e9es \u00e0 caract\u00e8re personnel?<\/h4>\n<ul>\n<li>\u00c9valuer le degr\u00e9 de qualit\u00e9 du service fourni.<\/li>\n<li>Am\u00e9liorer les services offerts, en vertu de la conformit\u00e9 \u00e0 la norme ISO<\/li>\n<\/ul>\n<h4>Quelle est la l\u00e9gitimit\u00e9 du traitement de vos donn\u00e9es?<\/h4>\n<p> La base juridique est le consentement explicite du r\u00e9pondant. <\/p>\n<h4>Combien de temps conserverons-nous les donn\u00e9es personnelles?<\/h4>\n<p> Jusqu&#8217;\u00e0 la r\u00e9vocation du consentement donn\u00e9.[\/vc_column_text][\/vc_accordion_tab][vc_accordion_tab title=&#8221;FOURNISSEURS&#8221;][vc_column_text]<\/p>\n<h4><strong>\u00c0 quelles fins traitons-nous vos donn\u00e9es \u00e0 caract\u00e8re personnel?<\/strong><\/h4>\n<ul>\n<li>Informations par voie \u00e9lectronique concernant votre demande.<\/li>\n<li>Informations commerciales ou \u00e9v\u00e9nementielles par voie \u00e9lectronique, sous r\u00e9serve d&#8217;une autorisation expresse.<\/li>\n<li>G\u00e9rer les services administratifs, de communication et de logistique fournis par le responsable.<\/li>\n<li>Facturation.<\/li>\n<li>Effectuer les transactions correspondantes.<\/li>\n<li>Facturation et d\u00e9claration des taxes appropri\u00e9es.<\/li>\n<li>Gestion du contr\u00f4le et de la r\u00e9cup\u00e9ration.<\/li>\n<\/ul>\n<h4><strong>Quelle est la l\u00e9gitimit\u00e9 du traitement de vos donn\u00e9es?<\/strong><\/h4>\n<p> La base juridique est l&#8217;acceptation d&#8217;une relation contractuelle ou votre consentement \u00e0 nous contacter ou \u00e0 nous proposer vos produits par quelque moyen que ce soit. <\/p>\n<h4><strong>Combien de temps conserverons-nous les donn\u00e9es personnelles?<\/strong><\/h4>\n<p> Pour la dur\u00e9e des relations entre les parties et pour les d\u00e9lais de prescription qui en d\u00e9coulent.[\/vc_column_text][\/vc_accordion_tab][vc_accordion_tab title=&#8221;CONTACTS DANS LES M\u00c9DIAS SOCIAUX&#8221;][vc_column_text]<\/p>\n<h4>\u00c0 quelles fins traitons-nous vos donn\u00e9es \u00e0 caract\u00e8re personnel?<\/h4>\n<ul>\n<li>R\u00e9pondre \u00e0 vos questions, demandes ou p\u00e9titions.<\/li>\n<li>G\u00e9rer le service demand\u00e9, r\u00e9pondre \u00e0 votre demande ou traiter votre demande.<\/li>\n<li>S&#8217;engager avec vous et cr\u00e9er une communaut\u00e9 d&#8217;adeptes.<\/li>\n<\/ul>\n<h4>Quelle est la l\u00e9gitimit\u00e9 du traitement de vos donn\u00e9es?<\/h4>\n<p> Les bases qui l\u00e9gitiment le traitement sont le consentement volontaire de l&#8217;int\u00e9ress\u00e9 \u00e0 la prise de contact et, le cas \u00e9ch\u00e9ant, l&#8217;acceptation d&#8217;une relation contractuelle dans l&#8217;environnement du r\u00e9seau social correspondant. Le traitement des donn\u00e9es au sein du r\u00e9seau social sera effectu\u00e9 conform\u00e9ment \u00e0 ses politiques de confidentialit\u00e9.  <\/p>\n<h4>Combien de temps conserverons-nous les donn\u00e9es personnelles?<\/h4>\n<p> Nous ne pouvons consulter ou d\u00e9sinscrire vos donn\u00e9es de mani\u00e8re restreinte que si vous avez un profil sp\u00e9cifique. Nous les traiterons aussi longtemps que vous nous y autorisez en nous suivant, en \u00e9tant amis ou en donnant des boutons \u00ab j&#8217;aime \u00bb, \u00ab suivre \u00bb ou similaires. Toute rectification de vos donn\u00e9es ou restriction d&#8217;informations ou de publications doit se faire par le biais de la configuration de votre profil ou de votre utilisateur dans le r\u00e9seau social lui-m\u00eame.[\/vc_column_text][\/vc_accordion_tab][vc_accordion_tab title=&#8221;DEMANDEURS D&apos;EMPLOI&#8221;][vc_column_text]<\/p>\n<h4>\u00c0 quelles fins traitons-nous vos donn\u00e9es \u00e0 caract\u00e8re personnel?<\/h4>\n<ul>\n<li>Organisation des processus de s\u00e9lection pour le recrutement des employ\u00e9s.<\/li>\n<li>vous convoquer \u00e0 des entretiens d&#8217;embauche et \u00e9valuer votre candidature.<\/li>\n<li>Si vous nous avez donn\u00e9 votre accord, nous pouvons transmettre ces donn\u00e9es \u00e0 des entreprises collaboratrices ou li\u00e9es dans le seul but de vous aider \u00e0 trouver un emploi.<\/li>\n<li>Si vous cochez la case pour accepter la politique de confidentialit\u00e9, vous nous donnez votre consentement pour transf\u00e9rer votre candidature aux entit\u00e9s qui composent le groupe de soci\u00e9t\u00e9s afin de vous inclure dans leurs processus de recrutement.<\/li>\n<\/ul>\n<p> Nous vous informons \u00e9galement qu&#8217;un an apr\u00e8s la r\u00e9ception de votre curriculum vitae, nous proc\u00e9derons \u00e0 sa destruction en toute s\u00e9curit\u00e9. <\/p>\n<h4>Quelle est la l\u00e9gitimit\u00e9 du traitement de vos donn\u00e9es?<\/h4>\n<p> La base l\u00e9gitime du traitement de vos donn\u00e9es personnelles est la mise en \u0153uvre de mesures pr\u00e9contractuelles \u00e0 la demande de la personne concern\u00e9e, soit lorsque vous postulez \u00e0 l&#8217;une de nos offres d&#8217;emploi, soit lorsque vous soumettez volontairement votre candidature spontan\u00e9e. <\/p>\n<h4>Combien de temps conserverons-nous les donn\u00e9es personnelles?<\/h4>\n<p> Pour une p\u00e9riode minimale d&#8217;un an ou jusqu&#8217;\u00e0 la r\u00e9vocation du consentement donn\u00e9.[\/vc_column_text][\/vc_accordion_tab][vc_accordion_tab title=&#8221;INFORMATIONS COMPL\u00c9MENTAIRES SUR LE TRAITEMENT DES DONN\u00c9ES PERSONNELLES&#8221;][vc_column_text]<\/p>\n<h4>Incluons-nous des donn\u00e9es \u00e0 caract\u00e8re personnel de tiers?<\/h4>\n<p> Non, en r\u00e8gle g\u00e9n\u00e9rale, nous ne traitons que les donn\u00e9es qui nous sont fournies par les propri\u00e9taires. Si vous nous fournissez des donn\u00e9es de tiers, vous devez les informer et demander leur consentement au pr\u00e9alable, faute de quoi nous serons exon\u00e9r\u00e9s de toute responsabilit\u00e9 en cas de non-respect de cette exigence.  <\/p>\n<h4>Qu&#8217;en est-il des donn\u00e9es relatives aux mineurs?<\/h4>\n<p> Nous ne traitons pas les donn\u00e9es des enfants de moins de 14 ans. Par cons\u00e9quent, veuillez vous abstenir de les fournir si vous n&#8217;avez pas cet \u00e2ge ou, le cas \u00e9ch\u00e9ant, de fournir les donn\u00e9es de tiers qui n&#8217;ont pas l&#8217;\u00e2ge susmentionn\u00e9. ARTECONFORT HOTEL, S.L. d\u00e9cline toute responsabilit\u00e9 en cas de non-respect de cette disposition.   <\/p>\n<h4>Communiquerons-nous par voie \u00e9lectronique?<\/h4>\n<ul>\n<li>Elles ne seront faites que pour traiter votre demande, s&#8217;il s&#8217;agit de l&#8217;un des moyens de contact que vous nous avez fournis.<\/li>\n<li>Si nous effectuons des communications commerciales, celles-ci auront \u00e9t\u00e9 pr\u00e9alablement et express\u00e9ment autoris\u00e9es par vous.<\/li>\n<\/ul>\n<h4>Quelles mesures de s\u00e9curit\u00e9 appliquons-nous?<\/h4>\n<p> Vous pouvez \u00eatre rassur\u00e9 : nous avons adopt\u00e9 un niveau de protection optimal pour les donn\u00e9es personnelles que nous traitons et nous avons mis en place tous les moyens et mesures techniques \u00e0 notre disposition selon l&#8217;\u00e9tat de la technologie pour pr\u00e9venir la perte, l&#8217;utilisation abusive, l&#8217;alt\u00e9ration, l&#8217;acc\u00e8s non autoris\u00e9 et le vol des donn\u00e9es personnelles. <\/p>\n<h4>\u00c0 quels destinataires vos donn\u00e9es seront-elles communiqu\u00e9es?<\/h4>\n<p> Vos donn\u00e9es ne seront pas communiqu\u00e9es \u00e0 des tiers, sauf en cas d&#8217;obligation l\u00e9gale. En particulier, elles seront communiqu\u00e9es \u00e0 l&#8217;Agence nationale de l&#8217;administration fiscale et aux banques et institutions financi\u00e8res pour le recouvrement du service fourni ou du produit achet\u00e9, ainsi qu&#8217;aux responsables du traitement des donn\u00e9es n\u00e9cessaires \u00e0 l&#8217;ex\u00e9cution du contrat. En cas d&#8217;achat ou de paiement, si vous choisissez une application, un site web, une plateforme, une carte bancaire ou tout autre service en ligne, vos donn\u00e9es seront transf\u00e9r\u00e9es \u00e0 cette plateforme ou seront trait\u00e9es dans leur environnement, toujours avec une s\u00e9curit\u00e9 maximale. Lorsque nous le commandons, l&#8217;entreprise de d\u00e9veloppement et de maintenance de sites web, l&#8217;h\u00e9bergeur de sites web, aura acc\u00e8s \u00e0 notre site web. Elle aura sign\u00e9 un contrat de service qui l&#8217;oblige \u00e0 respecter le m\u00eame niveau de confidentialit\u00e9 que nous.     <\/p>\n<h4>Quels sont vos droits?<\/h4>\n<ul>\n<li>Pour savoir si nous traitons ou non vos donn\u00e9es.<\/li>\n<li>Pour acc\u00e9der \u00e0 vos donn\u00e9es personnelles.<\/li>\n<li>Demander la rectification de vos donn\u00e9es si elles sont inexactes.<\/li>\n<li>Demander la suppression de vos donn\u00e9es si elles ne sont plus n\u00e9cessaires aux fins pour lesquelles elles ont \u00e9t\u00e9 collect\u00e9es ou si vous retirez votre consentement.<\/li>\n<li>Demander la limitation du traitement de vos donn\u00e9es, dans certains cas, auquel cas nous ne les conserverons que conform\u00e9ment \u00e0 la r\u00e9glementation en vigueur.<\/li>\n<li>Pour soumettre vos donn\u00e9es, qui vous seront fournies dans un format structur\u00e9, couramment utilis\u00e9 ou lisible par machine. Si vous le pr\u00e9f\u00e9rez, nous pouvons les envoyer au nouveau responsable que vous aurez d\u00e9sign\u00e9. Ceci n&#8217;est valable que dans certains cas.  <\/li>\n<li>d\u00e9poser une plainte aupr\u00e8s de l&#8217;Agence espagnole de protection des donn\u00e9es ou de l&#8217;autorit\u00e9 de surveillance comp\u00e9tente si vous estimez que nous ne vous avons pas trait\u00e9 correctement.<\/li>\n<li>Retirer \u00e0 tout moment son consentement \u00e0 tout traitement pour lequel il a donn\u00e9 son accord.<\/li>\n<\/ul>\n<p> Si vous modifiez des donn\u00e9es, veuillez nous en informer afin que nous puissions les mettre \u00e0 jour. <\/p>\n<h4>Vous souhaitez obtenir un formulaire pour exercer vos droits?<\/h4>\n<ul>\n<li>Nous disposons de formulaires pour l&#8217;exercice de vos droits, vous pouvez nous les demander par courrier \u00e9lectronique ou, si vous le pr\u00e9f\u00e9rez, vous pouvez utiliser ceux pr\u00e9par\u00e9s par l&#8217;Agence espagnole de protection des donn\u00e9es ou par des tiers.<\/li>\n<li>Ces formulaires doivent \u00eatre sign\u00e9s \u00e9lectroniquement ou accompagn\u00e9s d&#8217;une photocopie de la carte d&#8217;identit\u00e9.<\/li>\n<li>Si une personne vous repr\u00e9sente, vous devez joindre une copie de sa carte d&#8217;identit\u00e9 ou lui faire apposer sa signature \u00e9lectronique.<\/li>\n<li>Les formulaires peuvent \u00eatre d\u00e9pos\u00e9s en personne, par lettre ou par courrier \u00e0 l&#8217;adresse du responsable indiqu\u00e9e au d\u00e9but de ce texte.<\/li>\n<\/ul>\n<h4>Combien de temps faut-il pour vous r\u00e9pondre sur l&#8217;exercice des droits?<\/h4>\n<p> Cela d\u00e9pend de la loi, mais au maximum dans un d\u00e9lai d&#8217;un mois \u00e0 compter de votre demande, et de deux mois si la question est tr\u00e8s complexe et que nous vous informons que nous avons besoin de plus de temps. <\/p>\n<h4>Traitons-nous les cookies?<\/h4>\n<p> Si nous utilisons d&#8217;autres types de cookies qui ne sont pas n\u00e9cessaires, vous pouvez consulter la politique en mati\u00e8re de cookies dans le lien correspondant en haut de notre site web. <\/p>\n<h4>Combien de temps conserverons-nous vos donn\u00e9es personnelles?<\/h4>\n<ul>\n<li>Les donn\u00e9es personnelles seront conserv\u00e9es aussi longtemps que vous resterez en contact avec nous.<\/li>\n<li>Une fois que vous vous \u00eates d\u00e9sinscrit, les donn\u00e9es \u00e0 caract\u00e8re personnel trait\u00e9es pour chaque finalit\u00e9 seront conserv\u00e9es pendant les p\u00e9riodes l\u00e9galement pr\u00e9vues, y compris la p\u00e9riode pendant laquelle un juge ou un tribunal peut les exiger conform\u00e9ment au d\u00e9lai de prescription des actions en justice.<\/li>\n<li>Les donn\u00e9es trait\u00e9es seront conserv\u00e9es jusqu&#8217;\u00e0 l&#8217;expiration des d\u00e9lais l\u00e9gaux susmentionn\u00e9s, s&#8217;il existe une obligation l\u00e9gale de les conserver, ou, en l&#8217;absence d&#8217;un tel d\u00e9lai l\u00e9gal, jusqu&#8217;\u00e0 ce que la personne concern\u00e9e demande leur suppression ou r\u00e9voque le consentement accord\u00e9.<\/li>\n<li>Nous conserverons toutes les informations et communications relatives \u00e0 votre achat ou \u00e0 la fourniture de nos services, pendant la dur\u00e9e des garanties sur les produits ou les services, afin de r\u00e9pondre \u00e0 d&#8217;\u00e9ventuelles r\u00e9clamations.<\/li>\n<\/ul>\n<p>[\/vc_column_text][\/vc_accordion_tab][\/vc_accordion][\/vc_column][\/vc_row]<\/p>\n<\/div>","protected":false},"excerpt":{"rendered":"<p>[vc_row][vc_column][vc_column_text]La politique de confidentialit\u00e9 fait partie des conditions g\u00e9n\u00e9rales r\u00e9gissant ce site web. Qui est responsable du traitement de vos donn\u00e9es? ARTECONFORT HOTEL, S.L. Calle Homero, 30 Bloque 1, Puerta 1 \u2013 28341 Valdemoro (Madrid) CIF B87621975 T\u00e9l\u00e9phone : +34 91 801 25 76 Mail: info(at)arteconfort.com Vous pouvez nous contacter de la mani\u00e8re dont vous [&hellip;]<\/p>\n","protected":false},"author":1,"featured_media":0,"parent":0,"menu_order":0,"comment_status":"closed","ping_status":"closed","template":"","meta":{"footnotes":""},"class_list":["post-43218","page","type-page","status-publish","hentry"],"yoast_head":"<!-- This site is optimized with the Yoast SEO plugin v26.5 - https:\/\/yoast.com\/wordpress\/plugins\/seo\/ -->\n<title>Politique de confidentialit\u00e9 - Arteconfort<\/title>\n<meta name=\"description\" content=\"La politique de confidentialit\u00e9 fait partie des conditions g\u00e9n\u00e9rales r\u00e9gissant ce site web. Qui est responsable du traitement de vos donn\u00e9es? ARTECONFORT\" \/>\n<meta name=\"robots\" content=\"index, follow, max-snippet:-1, max-image-preview:large, max-video-preview:-1\" \/>\n<link rel=\"canonical\" href=\"https:\/\/arteconfort.com\/fr\/politica-de-privacidad\/\" \/>\n<meta property=\"og:locale\" content=\"fr_FR\" \/>\n<meta property=\"og:type\" content=\"article\" \/>\n<meta property=\"og:title\" content=\"Politique de confidentialit\u00e9 - Arteconfort\" \/>\n<meta property=\"og:description\" content=\"La politique de confidentialit\u00e9 fait partie des conditions g\u00e9n\u00e9rales r\u00e9gissant ce site web. Qui est responsable du traitement de vos donn\u00e9es? ARTECONFORT\" \/>\n<meta property=\"og:url\" content=\"https:\/\/arteconfort.com\/fr\/politica-de-privacidad\/\" \/>\n<meta property=\"og:site_name\" content=\"Arteconfort\" \/>\n<meta property=\"article:modified_time\" content=\"2024-08-20T08:20:26+00:00\" \/>\n<meta name=\"twitter:card\" content=\"summary_large_image\" \/>\n<meta name=\"twitter:label1\" content=\"Dur\u00e9e de lecture estim\u00e9e\" \/>\n\t<meta name=\"twitter:data1\" content=\"13 minutes\" \/>\n<!-- \/ Yoast SEO plugin. -->","yoast_head_json":{"title":"Politique de confidentialit\u00e9 - Arteconfort","description":"La politique de confidentialit\u00e9 fait partie des conditions g\u00e9n\u00e9rales r\u00e9gissant ce site web. Qui est responsable du traitement de vos donn\u00e9es? ARTECONFORT","robots":{"index":"index","follow":"follow","max-snippet":"max-snippet:-1","max-image-preview":"max-image-preview:large","max-video-preview":"max-video-preview:-1"},"canonical":"https:\/\/arteconfort.com\/fr\/politica-de-privacidad\/","og_locale":"fr_FR","og_type":"article","og_title":"Politique de confidentialit\u00e9 - Arteconfort","og_description":"La politique de confidentialit\u00e9 fait partie des conditions g\u00e9n\u00e9rales r\u00e9gissant ce site web. Qui est responsable du traitement de vos donn\u00e9es? ARTECONFORT","og_url":"https:\/\/arteconfort.com\/fr\/politica-de-privacidad\/","og_site_name":"Arteconfort","article_modified_time":"2024-08-20T08:20:26+00:00","twitter_card":"summary_large_image","twitter_misc":{"Dur\u00e9e de lecture estim\u00e9e":"13 minutes"},"schema":{"@context":"https:\/\/schema.org","@graph":[{"@type":"WebPage","@id":"https:\/\/arteconfort.com\/fr\/politica-de-privacidad\/","url":"https:\/\/arteconfort.com\/fr\/politica-de-privacidad\/","name":"Politique de confidentialit\u00e9 - Arteconfort","isPartOf":{"@id":"https:\/\/arteconfort.com\/fr\/#website"},"datePublished":"2024-08-01T07:30:08+00:00","dateModified":"2024-08-20T08:20:26+00:00","description":"La politique de confidentialit\u00e9 fait partie des conditions g\u00e9n\u00e9rales r\u00e9gissant ce site web. Qui est responsable du traitement de vos donn\u00e9es? ARTECONFORT","breadcrumb":{"@id":"https:\/\/arteconfort.com\/fr\/politica-de-privacidad\/#breadcrumb"},"inLanguage":"fr-FR","potentialAction":[{"@type":"ReadAction","target":["https:\/\/arteconfort.com\/fr\/politica-de-privacidad\/"]}]},{"@type":"BreadcrumbList","@id":"https:\/\/arteconfort.com\/fr\/politica-de-privacidad\/#breadcrumb","itemListElement":[{"@type":"ListItem","position":1,"name":"Inicio","item":"https:\/\/arteconfort.com\/fr\/"},{"@type":"ListItem","position":2,"name":"Politique de confidentialit\u00e9"}]},{"@type":"WebSite","@id":"https:\/\/arteconfort.com\/fr\/#website","url":"https:\/\/arteconfort.com\/fr\/","name":"Arteconfort","description":"Especialistas en productos del hogar","publisher":{"@id":"https:\/\/arteconfort.com\/fr\/#organization"},"potentialAction":[{"@type":"SearchAction","target":{"@type":"EntryPoint","urlTemplate":"https:\/\/arteconfort.com\/fr\/?s={search_term_string}"},"query-input":{"@type":"PropertyValueSpecification","valueRequired":true,"valueName":"search_term_string"}}],"inLanguage":"fr-FR"},{"@type":"Organization","@id":"https:\/\/arteconfort.com\/fr\/#organization","name":"Arteconfort","url":"https:\/\/arteconfort.com\/fr\/","logo":{"@type":"ImageObject","inLanguage":"fr-FR","@id":"https:\/\/arteconfort.com\/fr\/#\/schema\/logo\/image\/","url":"https:\/\/arteconfort.com\/wp-content\/uploads\/2019\/07\/logo-arteconfort.png","contentUrl":"https:\/\/arteconfort.com\/wp-content\/uploads\/2019\/07\/logo-arteconfort.png","width":230,"height":88,"caption":"Arteconfort"},"image":{"@id":"https:\/\/arteconfort.com\/fr\/#\/schema\/logo\/image\/"}}]}},"_links":{"self":[{"href":"https:\/\/arteconfort.com\/fr\/wp-json\/wp\/v2\/pages\/43218","targetHints":{"allow":["GET"]}}],"collection":[{"href":"https:\/\/arteconfort.com\/fr\/wp-json\/wp\/v2\/pages"}],"about":[{"href":"https:\/\/arteconfort.com\/fr\/wp-json\/wp\/v2\/types\/page"}],"author":[{"embeddable":true,"href":"https:\/\/arteconfort.com\/fr\/wp-json\/wp\/v2\/users\/1"}],"replies":[{"embeddable":true,"href":"https:\/\/arteconfort.com\/fr\/wp-json\/wp\/v2\/comments?post=43218"}],"version-history":[{"count":0,"href":"https:\/\/arteconfort.com\/fr\/wp-json\/wp\/v2\/pages\/43218\/revisions"}],"wp:attachment":[{"href":"https:\/\/arteconfort.com\/fr\/wp-json\/wp\/v2\/media?parent=43218"}],"curies":[{"name":"wp","href":"https:\/\/api.w.org\/{rel}","templated":true}]}}