{"id":11086,"date":"2019-08-09T07:53:22","date_gmt":"2019-08-09T05:53:22","guid":{"rendered":"https:\/\/arteconfort.com\/producto\/non%20class\u00e9\/acrux\/"},"modified":"2022-09-26T13:17:53","modified_gmt":"2022-09-26T11:17:53","slug":"acrux","status":"publish","type":"product","link":"https:\/\/arteconfort.com\/fr\/producto\/acrux\/","title":{"rendered":"ACRUX"},"content":{"rendered":"<div class=\"wpb-content-wrapper\"><p>[vc_row][vc_column width=&#8221;1\/2&#8243;][vc_accordion collapsible=&#8221;true&#8221; active_tab=&#8221;false&#8221;][vc_accordion_tab title=&#8221;Caract\u00e9ristiques g\u00e9n\u00e9rales&#8221;][vc_column_text]<strong>Dimensions<\/strong> 290x95x350mm<br \/>\n<strong>Mat\u00e9riau<\/strong> ABS<br \/>\n<strong>Finition<\/strong> Noir<br \/>\n<strong>IP<\/strong> 55<br \/>\n<strong>Garantie<\/strong> 2 ann\u00e9es[\/vc_column_text][\/vc_accordion_tab][vc_accordion_tab title=&#8221;Panneau solaire&#8221;][vc_column_text]<strong>Mat\u00e9riau <\/strong>Silicium polycristallin<br \/>\n<strong>Type d&#8217;encapsulation<\/strong> PET<br \/>\n<strong>Puissance<\/strong> 2W 5V 400mA[\/vc_column_text][\/vc_accordion_tab][vc_accordion_tab title=&#8221;Batterie&#8221;][vc_column_text]<strong>Type de batterie\u00a0<\/strong>Li-ion 18650<br \/>\n<strong>Tension de charge<\/strong> 3,7V<br \/>\n<strong>Capacit\u00e9<\/strong> 2.200mAh<br \/>\n<strong>Temps de charge<\/strong> 8h<br \/>\n<strong>Autonomie<\/strong> 15h[\/vc_column_text][\/vc_accordion_tab][vc_accordion_tab title=&#8221;LED&#8221;][vc_column_text]<strong>Num\u00e9ro de LEDs<\/strong>\u00a06<br \/>\n<strong>Type de LED<\/strong> SMD 2835<br \/>\n<strong>Angle d&#8217;ouverture<\/strong> 120\u00ba<br \/>\n<strong>CCT<\/strong> 6000K<br \/>\n<strong>Flux lumineux<\/strong> 300lm[\/vc_column_text][\/vc_accordion_tab][vc_accordion_tab title=&#8221;Modes de fonctionnement&#8221;][vc_column_text]<strong>Mode 1<\/strong> Allum\u00e9 \u00e0 10lm. Passe \u00e0 300 lm lorsqu&#8217;une pr\u00e9sence est d\u00e9tect\u00e9e.[\/vc_column_text][\/vc_accordion_tab][vc_accordion_tab title=&#8221;Sensor&#8221;][vc_column_text]<strong>Capteur<\/strong> Oui<br \/>\n<strong>Distance de d\u00e9tection<\/strong> 8m<br \/>\n<strong>Temps de courtoisie<\/strong> 60s[\/vc_column_text][\/vc_accordion_tab][\/vc_accordion][\/vc_column][vc_column width=&#8221;1\/2&#8243;][vc_single_image image=&#8221;5062&#8243;][\/vc_column][\/vc_row]<\/p>\n<\/div>","protected":false},"excerpt":{"rendered":"<p>Pointe de jardin solaire\/balise \u00e0 haut flux lumineux. Il dispose d&#8217;un capteur de mouvement qui permet d&#8217;optimiser la charge de la batterie lorsque vous n&#8217;en avez pas besoin. Gr\u00e2ce \u00e0 son design discret, il est parfait pour \u00eatre utilis\u00e9 comme \u00e9clairage d&#8217;accentuation.<br \/>\nCe crampon peut \u00eatre mont\u00e9 de deux fa\u00e7ons : comme une applique murale et comme une balise.<br \/>\n<strong>Ref. EACRUX-002T60SD220LINGR45D<\/strong>[vc_row][vc_column offset=&#8221;vc_hidden-xs&#8221;][vc_empty_space height=&#8221;30px&#8221;][\/vc_column][\/vc_row][vc_row][vc_column][vc_row_inner][vc_column_inner][wyde_info_box icon_set=&#8221;simple_line&#8221; icon_simple_line=&#8221;sl-grid&#8221; icon_position=&#8221;left&#8221; title=&#8221;LE PLUS GRAND NOMBRE DE LEDS&#8221;]Obtenir un flux lumineux plus \u00e9lev\u00e9[\/wyde_info_box][vc_empty_space height=&#8221;15px&#8221;][\/vc_column_inner][\/vc_row_inner][vc_row_inner][vc_column_inner][wyde_info_box icon_set=&#8221;stroke_gap&#8221; icon_stroke_gap=&#8221;sg-Antenna2&#8243; icon_position=&#8221;left&#8221; title=&#8221;D\u00c9TECTEUR DE PR\u00c9SENCE&#8221;]D\u00e9tection de mouvement et allumage automatique de la lumi\u00e8re[\/wyde_info_box][vc_empty_space height=&#8221;15px&#8221;][\/vc_column_inner][\/vc_row_inner][vc_row_inner][vc_column_inner][wyde_info_box icon_set=&#8221;simple_line&#8221; icon_simple_line=&#8221;sl-wrench&#8221; icon_position=&#8221;left&#8221; title=&#8221;2 OPTIONS DE MONTAGE&#8221;]Permet une installation en tant que lampe murale ou balise[\/wyde_info_box][vc_empty_space height=&#8221;15px&#8221;][\/vc_column_inner][\/vc_row_inner][\/vc_column][\/vc_row][vc_row][vc_column offset=&#8221;vc_hidden-xs&#8221;][vc_empty_space height=&#8221;60px&#8221;][\/vc_column][\/vc_row][vc_row][vc_column width=&#8221;1\/3&#8243;][wyde_link_button icon_set=&#8221;simple_line&#8221; icon_simple_line=&#8221;sl-settings&#8221; style=&#8221;round&#8221; title=&#8221;Instructions&#8221; link=&#8221;url:http%3A%2F%2Farteconfort.com%2Fwp-content%2Fuploads%2F2020%2F01%2Fim-ACRUX.pdf||target:%20_blank|rel:nofollow&#8221; color=&#8221;#ffffff&#8221; bg_color=&#8221;#222222&#8243;][\/vc_column][vc_column width=&#8221;1\/3&#8243;][wyde_link_button icon_set=&#8221;simple_line&#8221; icon_simple_line=&#8221;sl-social-youtube&#8221; style=&#8221;outline round&#8221; title=&#8221;Vid\u00e9o&#8221; link=&#8221;url:https%3A%2F%2Fwww.youtube.com%2Fwatch%3Fv%3D0iT7qQ5UBak||target:%20_blank|rel:nofollow&#8221; color=&#8221;#222222&#8243; hover_color=&#8221;#ffffff&#8221;][\/vc_column][\/vc_row][vc_row][vc_column offset=&#8221;vc_hidden-xs&#8221;][vc_empty_space][\/vc_column][\/vc_row]<\/p>\n","protected":false},"featured_media":34806,"template":"","meta":[],"product_brand":[],"product_cat":[406],"product_tag":[],"class_list":{"0":"post-11086","1":"product","2":"type-product","3":"status-publish","4":"has-post-thumbnail","6":"product_cat-descatalogados-fr","8":"first","9":"instock","10":"shipping-taxable","11":"product-type-external"},"yoast_head":"<!-- This site is optimized with the Yoast SEO plugin v26.5 - https:\/\/yoast.com\/wordpress\/plugins\/seo\/ -->\n<title>ACRUX - Descatalogados - Arteconfort<\/title>\n<meta name=\"description\" content=\"Pointe de jardin solaire\/balise \u00e0 haut flux lumineux. Il dispose d&#039;un capteur de mouvement qui permet d&#039;optimiser la charge de la batterie lorsque vous n&#039;en avez pas besoin. Gr\u00e2ce \u00e0 son design discret, il est parfait pour \u00eatre utilis\u00e9 comme \u00e9clairage d&#039;accentuation. Ce crampon peut \u00eatre mont\u00e9 de deux fa\u00e7ons : comme une applique murale et comme une balise. Ref. EACRUX-002T60SD220LINGR45DObtenir un flux lumineux plus \u00e9lev\u00e9D\u00e9tection de mouvement et allumage automatique de la lumi\u00e8rePermet une installation en tant que lampe murale ou balise\" \/>\n<meta name=\"robots\" content=\"index, follow, max-snippet:-1, max-image-preview:large, max-video-preview:-1\" \/>\n<link rel=\"canonical\" href=\"https:\/\/arteconfort.com\/fr\/producto\/acrux\/\" \/>\n<meta property=\"og:locale\" content=\"fr_FR\" \/>\n<meta property=\"og:type\" content=\"article\" \/>\n<meta property=\"og:title\" content=\"ACRUX - Descatalogados - Arteconfort\" \/>\n<meta property=\"og:description\" content=\"Pointe de jardin solaire\/balise \u00e0 haut flux lumineux. Il dispose d&#039;un capteur de mouvement qui permet d&#039;optimiser la charge de la batterie lorsque vous n&#039;en avez pas besoin. Gr\u00e2ce \u00e0 son design discret, il est parfait pour \u00eatre utilis\u00e9 comme \u00e9clairage d&#039;accentuation. Ce crampon peut \u00eatre mont\u00e9 de deux fa\u00e7ons : comme une applique murale et comme une balise. Ref. EACRUX-002T60SD220LINGR45DObtenir un flux lumineux plus \u00e9lev\u00e9D\u00e9tection de mouvement et allumage automatique de la lumi\u00e8rePermet une installation en tant que lampe murale ou balise\" \/>\n<meta property=\"og:url\" content=\"https:\/\/arteconfort.com\/fr\/producto\/acrux\/\" \/>\n<meta property=\"og:site_name\" content=\"Arteconfort\" \/>\n<meta property=\"article:modified_time\" content=\"2022-09-26T11:17:53+00:00\" \/>\n<meta property=\"og:image\" content=\"https:\/\/arteconfort.com\/wp-content\/uploads\/2023\/10\/ACRUX-2.webp\" \/>\n\t<meta property=\"og:image:width\" content=\"1024\" \/>\n\t<meta property=\"og:image:height\" content=\"1024\" \/>\n\t<meta property=\"og:image:type\" content=\"image\/webp\" \/>\n<meta name=\"twitter:card\" content=\"summary_large_image\" \/>\n<meta name=\"twitter:label1\" content=\"Dur\u00e9e de lecture estim\u00e9e\" \/>\n\t<meta name=\"twitter:data1\" content=\"1 minute\" \/>\n<!-- \/ Yoast SEO plugin. -->","yoast_head_json":{"title":"ACRUX - Descatalogados - Arteconfort","description":"Pointe de jardin solaire\/balise \u00e0 haut flux lumineux. Il dispose d'un capteur de mouvement qui permet d'optimiser la charge de la batterie lorsque vous n'en avez pas besoin. Gr\u00e2ce \u00e0 son design discret, il est parfait pour \u00eatre utilis\u00e9 comme \u00e9clairage d'accentuation. Ce crampon peut \u00eatre mont\u00e9 de deux fa\u00e7ons : comme une applique murale et comme une balise. Ref. EACRUX-002T60SD220LINGR45DObtenir un flux lumineux plus \u00e9lev\u00e9D\u00e9tection de mouvement et allumage automatique de la lumi\u00e8rePermet une installation en tant que lampe murale ou balise","robots":{"index":"index","follow":"follow","max-snippet":"max-snippet:-1","max-image-preview":"max-image-preview:large","max-video-preview":"max-video-preview:-1"},"canonical":"https:\/\/arteconfort.com\/fr\/producto\/acrux\/","og_locale":"fr_FR","og_type":"article","og_title":"ACRUX - Descatalogados - Arteconfort","og_description":"Pointe de jardin solaire\/balise \u00e0 haut flux lumineux. Il dispose d'un capteur de mouvement qui permet d'optimiser la charge de la batterie lorsque vous n'en avez pas besoin. Gr\u00e2ce \u00e0 son design discret, il est parfait pour \u00eatre utilis\u00e9 comme \u00e9clairage d'accentuation. Ce crampon peut \u00eatre mont\u00e9 de deux fa\u00e7ons : comme une applique murale et comme une balise. Ref. EACRUX-002T60SD220LINGR45DObtenir un flux lumineux plus \u00e9lev\u00e9D\u00e9tection de mouvement et allumage automatique de la lumi\u00e8rePermet une installation en tant que lampe murale ou balise","og_url":"https:\/\/arteconfort.com\/fr\/producto\/acrux\/","og_site_name":"Arteconfort","article_modified_time":"2022-09-26T11:17:53+00:00","og_image":[{"width":1024,"height":1024,"url":"https:\/\/arteconfort.com\/wp-content\/uploads\/2023\/10\/ACRUX-2.webp","type":"image\/webp"}],"twitter_card":"summary_large_image","twitter_misc":{"Dur\u00e9e de lecture estim\u00e9e":"1 minute"},"schema":{"@context":"https:\/\/schema.org","@graph":[{"@type":"WebPage","@id":"https:\/\/arteconfort.com\/fr\/producto\/acrux\/","url":"https:\/\/arteconfort.com\/fr\/producto\/acrux\/","name":"ACRUX - Descatalogados - Arteconfort","isPartOf":{"@id":"https:\/\/arteconfort.com\/fr\/#website"},"primaryImageOfPage":{"@id":"https:\/\/arteconfort.com\/fr\/producto\/acrux\/#primaryimage"},"image":{"@id":"https:\/\/arteconfort.com\/fr\/producto\/acrux\/#primaryimage"},"thumbnailUrl":"https:\/\/arteconfort.com\/wp-content\/uploads\/2023\/10\/ACRUX-2.webp","datePublished":"2019-08-09T05:53:22+00:00","dateModified":"2022-09-26T11:17:53+00:00","description":"Pointe de jardin solaire\/balise \u00e0 haut flux lumineux. Il dispose d'un capteur de mouvement qui permet d'optimiser la charge de la batterie lorsque vous n'en avez pas besoin. Gr\u00e2ce \u00e0 son design discret, il est parfait pour \u00eatre utilis\u00e9 comme \u00e9clairage d'accentuation. Ce crampon peut \u00eatre mont\u00e9 de deux fa\u00e7ons : comme une applique murale et comme une balise. Ref. EACRUX-002T60SD220LINGR45DObtenir un flux lumineux plus \u00e9lev\u00e9D\u00e9tection de mouvement et allumage automatique de la lumi\u00e8rePermet une installation en tant que lampe murale ou balise","breadcrumb":{"@id":"https:\/\/arteconfort.com\/fr\/producto\/acrux\/#breadcrumb"},"inLanguage":"fr-FR","potentialAction":[{"@type":"ReadAction","target":["https:\/\/arteconfort.com\/fr\/producto\/acrux\/"]}]},{"@type":"ImageObject","inLanguage":"fr-FR","@id":"https:\/\/arteconfort.com\/fr\/producto\/acrux\/#primaryimage","url":"https:\/\/arteconfort.com\/wp-content\/uploads\/2023\/10\/ACRUX-2.webp","contentUrl":"https:\/\/arteconfort.com\/wp-content\/uploads\/2023\/10\/ACRUX-2.webp","width":1024,"height":1024,"caption":"Baliza solar ACRUX perfil izquierdo"},{"@type":"BreadcrumbList","@id":"https:\/\/arteconfort.com\/fr\/producto\/acrux\/#breadcrumb","itemListElement":[{"@type":"ListItem","position":1,"name":"Inicio","item":"https:\/\/arteconfort.com\/fr\/"},{"@type":"ListItem","position":2,"name":"Boutique","item":"https:\/\/arteconfort.com\/fr\/boutique\/"},{"@type":"ListItem","position":3,"name":"ACRUX"}]},{"@type":"WebSite","@id":"https:\/\/arteconfort.com\/fr\/#website","url":"https:\/\/arteconfort.com\/fr\/","name":"Arteconfort","description":"Especialistas en productos del hogar","publisher":{"@id":"https:\/\/arteconfort.com\/fr\/#organization"},"potentialAction":[{"@type":"SearchAction","target":{"@type":"EntryPoint","urlTemplate":"https:\/\/arteconfort.com\/fr\/?s={search_term_string}"},"query-input":{"@type":"PropertyValueSpecification","valueRequired":true,"valueName":"search_term_string"}}],"inLanguage":"fr-FR"},{"@type":"Organization","@id":"https:\/\/arteconfort.com\/fr\/#organization","name":"Arteconfort","url":"https:\/\/arteconfort.com\/fr\/","logo":{"@type":"ImageObject","inLanguage":"fr-FR","@id":"https:\/\/arteconfort.com\/fr\/#\/schema\/logo\/image\/","url":"https:\/\/arteconfort.com\/wp-content\/uploads\/2019\/07\/logo-arteconfort.png","contentUrl":"https:\/\/arteconfort.com\/wp-content\/uploads\/2019\/07\/logo-arteconfort.png","width":230,"height":88,"caption":"Arteconfort"},"image":{"@id":"https:\/\/arteconfort.com\/fr\/#\/schema\/logo\/image\/"}}]}},"_links":{"self":[{"href":"https:\/\/arteconfort.com\/fr\/wp-json\/wp\/v2\/product\/11086","targetHints":{"allow":["GET"]}}],"collection":[{"href":"https:\/\/arteconfort.com\/fr\/wp-json\/wp\/v2\/product"}],"about":[{"href":"https:\/\/arteconfort.com\/fr\/wp-json\/wp\/v2\/types\/product"}],"wp:featuredmedia":[{"embeddable":true,"href":"https:\/\/arteconfort.com\/fr\/wp-json\/wp\/v2\/media\/34806"}],"wp:attachment":[{"href":"https:\/\/arteconfort.com\/fr\/wp-json\/wp\/v2\/media?parent=11086"}],"wp:term":[{"taxonomy":"product_brand","embeddable":true,"href":"https:\/\/arteconfort.com\/fr\/wp-json\/wp\/v2\/product_brand?post=11086"},{"taxonomy":"product_cat","embeddable":true,"href":"https:\/\/arteconfort.com\/fr\/wp-json\/wp\/v2\/product_cat?post=11086"},{"taxonomy":"product_tag","embeddable":true,"href":"https:\/\/arteconfort.com\/fr\/wp-json\/wp\/v2\/product_tag?post=11086"}],"curies":[{"name":"wp","href":"https:\/\/api.w.org\/{rel}","templated":true}]}}