{"id":11098,"date":"2020-02-03T17:57:26","date_gmt":"2020-02-03T16:57:26","guid":{"rendered":"https:\/\/arteconfort.com\/producto\/non%20class\u00e9\/borealis\/"},"modified":"2022-04-21T10:00:08","modified_gmt":"2022-04-21T08:00:08","slug":"borealis","status":"publish","type":"product","link":"https:\/\/arteconfort.com\/fr\/producto\/borealis\/","title":{"rendered":"BOREALIS"},"content":{"rendered":"<div class=\"wpb-content-wrapper\"><p>[vc_row][vc_column][vc_row_inner][vc_column_inner width=&#8221;1\/4&#8243; offset=&#8221;vc_col-xs-6&#8243;][wyde_info_box icon_set=&#8221;bigmug_line&#8221; icon_bigmug_line=&#8221;bigmug-line-foggy-sun&#8221; title=&#8221;PANNEAU SOLAIRE AVEC UNE PLUS GRANDE SURFACE&#8221;]Am\u00e9lioration de la charge gr\u00e2ce \u00e0 une meilleure captation du soleil et \u00e0 la qualit\u00e9 des panneaux avec une meilleure conversion de l&#8217;\u00e9nergie[\/wyde_info_box][\/vc_column_inner][vc_column_inner width=&#8221;1\/4&#8243; offset=&#8221;vc_col-xs-6&#8243;][wyde_info_box icon_set=&#8221;simple_line&#8221; icon_simple_line=&#8221;sl-rocket&#8221; title=&#8221;BATTERIE \u00c0 RENDEMENT ET CAPACIT\u00c9 PLUS \u00c9LEV\u00c9S&#8221;]Pour une plus grande autonomie[\/wyde_info_box][\/vc_column_inner][vc_column_inner width=&#8221;1\/4&#8243; offset=&#8221;vc_col-xs-6&#8243;][wyde_info_box icon_set=&#8221;simple_line&#8221; icon_simple_line=&#8221;sl-power&#8221; title=&#8221;FACILE \u00c0 METTRE EN MARCHE&#8221;]Deux boutons sont disponibles: ON\/OFF et changement de mode de fonctionnement[\/wyde_info_box][\/vc_column_inner][vc_column_inner width=&#8221;1\/4&#8243; offset=&#8221;vc_col-xs-6&#8243;][wyde_info_box icon_set=&#8221;simple_line&#8221; icon_simple_line=&#8221;sl-like&#8221; title=&#8221;INSTALLATION FACILE&#8221;]Il suffit de planter le panneau solaire dans le sol et de suspendre la guirlande, sans aucun raccordement \u00e9lectrique[\/wyde_info_box][\/vc_column_inner][\/vc_row_inner][vc_row_inner][vc_column_inner offset=&#8221;vc_hidden-xs&#8221;][vc_empty_space][\/vc_column_inner][\/vc_row_inner][vc_row_inner][vc_column_inner offset=&#8221;vc_hidden-xs&#8221;][vc_empty_space height=&#8221;60px&#8221;][\/vc_column_inner][\/vc_row_inner][\/vc_column][\/vc_row][vc_row][vc_column width=&#8221;1\/2&#8243;][vc_accordion collapsible=&#8221;true&#8221; active_tab=&#8221;false&#8221;][vc_accordion_tab title=&#8221;Caract\u00e9ristiques g\u00e9n\u00e9rales&#8221;][vc_column_text]<strong>Dimensions<\/strong> 6,1m (2m de c\u00e2ble)<br \/>\n<strong>Mat\u00e9riau<\/strong>\u00a0ABS + verre<br \/>\n<strong>Ampoule<\/strong> G40 Filament LED<br \/>\n<strong>Finition<\/strong> Noire<br \/>\n<strong>IP<\/strong> 65<br \/>\n<strong>Garantie<\/strong> 3 ans[\/vc_column_text][\/vc_accordion_tab][vc_accordion_tab title=&#8221;Panneau solaire&#8221;][vc_column_text]<strong>Mat\u00e9riau<\/strong> polycristallin<br \/>\n<strong>Type d&#8217;encapsulation<\/strong> PET<br \/>\n<strong>Tension<\/strong> 5,5V [\/vc_column_text][\/vc_accordion_tab][vc_accordion_tab title=&#8221;Batterie&#8221;][vc_column_text]<strong>Type de batterie<\/strong> Li-ion 18650<br \/>\n<strong>Capacit\u00e9<\/strong> 2.000mAh<br \/>\n<strong>Temps de charge<\/strong> 8h-12h<br \/>\n<strong>Autonomie<\/strong> 8h[\/vc_column_text][\/vc_accordion_tab][vc_accordion_tab title=&#8221;LED&#8221;][vc_column_text]<strong>Nombre de LEDs<\/strong> 10<br \/>\n<strong>Angle d&#8217;ouverture<\/strong> 120\u00ba<br \/>\n<strong>CCT<\/strong> 2700k<br \/>\n[\/vc_column_text][\/vc_accordion_tab][vc_accordion_tab title=&#8221;Modes de fonctionnement&#8221;][vc_column_text]<strong>4 modes d&#8217;\u00e9clairage<\/strong>[\/vc_column_text][\/vc_accordion_tab][vc_accordion_tab title=&#8221;Capteur &#8220;][vc_column_text]<strong>Capteur<\/strong> Non[\/vc_column_text][\/vc_accordion_tab][\/vc_accordion][\/vc_column][vc_column width=&#8221;1\/2&#8243;][vc_single_image image=&#8221;5874&#8243;][\/vc_column][\/vc_row]<\/p>\n<\/div>","protected":false},"excerpt":{"rendered":"<p>La guirlande solaire BOREALIS a un design compos\u00e9 de 10 ampoules cristallines. Cr\u00e9ez votre propre ambiance en les pla\u00e7ant sur votre terrasse ou dans votre jardin, tout en alternant leurs 4 modes d&#8217;\u00e9clairage pour obtenir un bel effet sur votre terrasse ou votre jardin.<strong><br \/>\nRef. BOREALISTR31<\/strong>[vc_row][vc_column offset=&#8221;vc_hidden-xs&#8221;][vc_empty_space height=&#8221;30px&#8221;][\/vc_column][\/vc_row][vc_row][vc_column][vc_row_inner][vc_column_inner][wyde_info_box icon_set=&#8221;bigmug_line&#8221; icon_bigmug_line=&#8221;bigmug-line-equalizar2&#8243; icon_position=&#8221;left&#8221; title=&#8221;4 MODES D&#8217;\u00c9CLAIRAGE&#8221;]Choisissez entre les diff\u00e9rents modes de fonctionnement[\/wyde_info_box][vc_empty_space height=&#8221;15px&#8221;][\/vc_column_inner][\/vc_row_inner][vc_row_inner][vc_column_inner][wyde_info_box icon_set=&#8221;simple_line&#8221; icon_simple_line=&#8221;sl-eye&#8221; icon_position=&#8221;left&#8221; title=&#8221;\u00c9CLAIRAGE D\u00c9CORATIF&#8221;]Cr\u00e9ez une ambiance chaleureuse gr\u00e2ce \u00e0 la lumi\u00e8re d\u00e9corative des ampoules \u00e0 filament LED[\/wyde_info_box][vc_empty_space height=&#8221;15px&#8221;][\/vc_column_inner][\/vc_row_inner][vc_row_inner][vc_column_inner][wyde_info_box icon_set=&#8221;simple_line&#8221; icon_simple_line=&#8221;sl-wrench&#8221; icon_position=&#8221;left&#8221; title=&#8221;2 OPTIONS DE MONTAGE&#8221;]Installez le panneau solaire en suspension ou comme balise[\/wyde_info_box][vc_empty_space height=&#8221;15px&#8221;][\/vc_column_inner][\/vc_row_inner][\/vc_column][\/vc_row][vc_row][vc_column offset=&#8221;vc_hidden-xs&#8221;][vc_empty_space height=&#8221;60px&#8221;][\/vc_column][\/vc_row][vc_row][vc_column width=&#8221;1\/3&#8243;][wyde_link_button icon_set=&#8221;simple_line&#8221; icon_simple_line=&#8221;sl-settings&#8221; style=&#8221;round&#8221; title=&#8221;Instructions&#8221; link=&#8221;url:http%3A%2F%2Farteconfort.com%2Fwp-content%2Fuploads%2F2020%2F01%2Fim-BOREALIS.pdf||target:%20_blank|rel:nofollow&#8221; color=&#8221;#ffffff&#8221; bg_color=&#8221;#222222&#8243;][\/vc_column][vc_column width=&#8221;1\/3&#8243;][wyde_link_button icon_set=&#8221;simple_line&#8221; icon_simple_line=&#8221;sl-social-youtube&#8221; style=&#8221;outline round&#8221; title=&#8221;Vid\u00e9o&#8221; link=&#8221;url:https%3A%2F%2Fwww.youtube.com%2Fwatch%3Fv%3DfcnO17iTV6E||target:%20_blank|rel:nofollow&#8221; color=&#8221;#222222&#8243; hover_color=&#8221;#ffffff&#8221;][\/vc_column][\/vc_row][vc_row][vc_column offset=&#8221;vc_hidden-xs&#8221;][vc_empty_space][\/vc_column][\/vc_row][vc_row][vc_column][vc_empty_space height=&#8221;20px&#8221;][\/vc_column][\/vc_row][vc_row background_mode=&#8221;color&#8221; background_color=&#8221;#f5f5f5&#8243;][vc_column text_align=&#8221;center&#8221;][vc_row_inner padding_size=&#8221;m-padding&#8221;][vc_column_inner text_align=&#8221;center&#8221;][vc_single_image alignment=&#8221;center&#8221; image=&#8221;1046&#8243;][vc_column_text]Retrouvez cette couronne solaire en vente exclusivement chez LEROY MERLIN[\/vc_column_text][vc_empty_space height=&#8221;15px&#8221;][wyde_link_button icon_set=&#8221;simple_line&#8221; icon_simple_line=&#8221;sl-login&#8221; style=&#8221;outline round&#8221; title=&#8221;Aller \u00e0 Leroy Merlin&#8221; link=&#8221;url:https%3A%2F%2Fwww.leroymerlin.es%2Ffp%2F82433680%2Fguirnalda-solar-de-10-luces-borealis-de-5-5m-y-2700k||target:%20_blank|rel:nofollow&#8221; color=&#8221;#61b4e4&#8243; hover_color=&#8221;#ffffff&#8221;][\/vc_column_inner][\/vc_row_inner][\/vc_column][\/vc_row]<\/p>\n","protected":false},"featured_media":31141,"template":"","meta":[],"product_brand":[],"product_cat":[406],"product_tag":[],"class_list":{"0":"post-11098","1":"product","2":"type-product","3":"status-publish","4":"has-post-thumbnail","6":"product_cat-descatalogados-fr","8":"first","9":"instock","10":"shipping-taxable","11":"product-type-simple"},"yoast_head":"<!-- This site is optimized with the Yoast SEO plugin v26.5 - https:\/\/yoast.com\/wordpress\/plugins\/seo\/ -->\n<title>BOREALIS - Descatalogados - Arteconfort<\/title>\n<meta name=\"description\" content=\"La guirlande solaire BOREALIS a un design compos\u00e9 de 10 ampoules cristallines. Cr\u00e9ez votre propre ambiance en les pla\u00e7ant sur votre terrasse ou dans votre jardin, tout en alternant leurs 4 modes d&#039;\u00e9clairage pour obtenir un bel effet sur votre terrasse ou votre jardin. Ref. BOREALISTR31Choisissez entre les diff\u00e9rents modes de fonctionnementCr\u00e9ez une ambiance chaleureuse gr\u00e2ce \u00e0 la lumi\u00e8re d\u00e9corative des ampoules \u00e0 filament LEDInstallez le panneau solaire en suspension ou comme baliseRetrouvez cette couronne solaire en vente exclusivement chez LEROY MERLIN\" \/>\n<meta name=\"robots\" content=\"index, follow, max-snippet:-1, max-image-preview:large, max-video-preview:-1\" \/>\n<link rel=\"canonical\" href=\"https:\/\/arteconfort.com\/fr\/producto\/borealis\/\" \/>\n<meta property=\"og:locale\" content=\"fr_FR\" \/>\n<meta property=\"og:type\" content=\"article\" \/>\n<meta property=\"og:title\" content=\"BOREALIS - Descatalogados - Arteconfort\" \/>\n<meta property=\"og:description\" content=\"La guirlande solaire BOREALIS a un design compos\u00e9 de 10 ampoules cristallines. Cr\u00e9ez votre propre ambiance en les pla\u00e7ant sur votre terrasse ou dans votre jardin, tout en alternant leurs 4 modes d&#039;\u00e9clairage pour obtenir un bel effet sur votre terrasse ou votre jardin. Ref. BOREALISTR31Choisissez entre les diff\u00e9rents modes de fonctionnementCr\u00e9ez une ambiance chaleureuse gr\u00e2ce \u00e0 la lumi\u00e8re d\u00e9corative des ampoules \u00e0 filament LEDInstallez le panneau solaire en suspension ou comme baliseRetrouvez cette couronne solaire en vente exclusivement chez LEROY MERLIN\" \/>\n<meta property=\"og:url\" content=\"https:\/\/arteconfort.com\/fr\/producto\/borealis\/\" \/>\n<meta property=\"og:site_name\" content=\"Arteconfort\" \/>\n<meta property=\"article:modified_time\" content=\"2022-04-21T08:00:08+00:00\" \/>\n<meta property=\"og:image\" content=\"https:\/\/arteconfort.com\/wp-content\/uploads\/2023\/10\/BOREALIS-ambientes.webp\" \/>\n\t<meta property=\"og:image:width\" content=\"1024\" \/>\n\t<meta property=\"og:image:height\" content=\"1024\" \/>\n\t<meta property=\"og:image:type\" content=\"image\/webp\" \/>\n<meta name=\"twitter:card\" content=\"summary_large_image\" \/>\n<meta name=\"twitter:label1\" content=\"Dur\u00e9e de lecture estim\u00e9e\" \/>\n\t<meta name=\"twitter:data1\" content=\"2 minutes\" \/>\n<!-- \/ Yoast SEO plugin. -->","yoast_head_json":{"title":"BOREALIS - Descatalogados - Arteconfort","description":"La guirlande solaire BOREALIS a un design compos\u00e9 de 10 ampoules cristallines. Cr\u00e9ez votre propre ambiance en les pla\u00e7ant sur votre terrasse ou dans votre jardin, tout en alternant leurs 4 modes d'\u00e9clairage pour obtenir un bel effet sur votre terrasse ou votre jardin. Ref. BOREALISTR31Choisissez entre les diff\u00e9rents modes de fonctionnementCr\u00e9ez une ambiance chaleureuse gr\u00e2ce \u00e0 la lumi\u00e8re d\u00e9corative des ampoules \u00e0 filament LEDInstallez le panneau solaire en suspension ou comme baliseRetrouvez cette couronne solaire en vente exclusivement chez LEROY MERLIN","robots":{"index":"index","follow":"follow","max-snippet":"max-snippet:-1","max-image-preview":"max-image-preview:large","max-video-preview":"max-video-preview:-1"},"canonical":"https:\/\/arteconfort.com\/fr\/producto\/borealis\/","og_locale":"fr_FR","og_type":"article","og_title":"BOREALIS - Descatalogados - Arteconfort","og_description":"La guirlande solaire BOREALIS a un design compos\u00e9 de 10 ampoules cristallines. Cr\u00e9ez votre propre ambiance en les pla\u00e7ant sur votre terrasse ou dans votre jardin, tout en alternant leurs 4 modes d'\u00e9clairage pour obtenir un bel effet sur votre terrasse ou votre jardin. Ref. BOREALISTR31Choisissez entre les diff\u00e9rents modes de fonctionnementCr\u00e9ez une ambiance chaleureuse gr\u00e2ce \u00e0 la lumi\u00e8re d\u00e9corative des ampoules \u00e0 filament LEDInstallez le panneau solaire en suspension ou comme baliseRetrouvez cette couronne solaire en vente exclusivement chez LEROY MERLIN","og_url":"https:\/\/arteconfort.com\/fr\/producto\/borealis\/","og_site_name":"Arteconfort","article_modified_time":"2022-04-21T08:00:08+00:00","og_image":[{"width":1024,"height":1024,"url":"https:\/\/arteconfort.com\/wp-content\/uploads\/2023\/10\/BOREALIS-ambientes.webp","type":"image\/webp"}],"twitter_card":"summary_large_image","twitter_misc":{"Dur\u00e9e de lecture estim\u00e9e":"2 minutes"},"schema":{"@context":"https:\/\/schema.org","@graph":[{"@type":"WebPage","@id":"https:\/\/arteconfort.com\/fr\/producto\/borealis\/","url":"https:\/\/arteconfort.com\/fr\/producto\/borealis\/","name":"BOREALIS - Descatalogados - Arteconfort","isPartOf":{"@id":"https:\/\/arteconfort.com\/fr\/#website"},"primaryImageOfPage":{"@id":"https:\/\/arteconfort.com\/fr\/producto\/borealis\/#primaryimage"},"image":{"@id":"https:\/\/arteconfort.com\/fr\/producto\/borealis\/#primaryimage"},"thumbnailUrl":"https:\/\/arteconfort.com\/wp-content\/uploads\/2023\/10\/BOREALIS-ambientes.webp","datePublished":"2020-02-03T16:57:26+00:00","dateModified":"2022-04-21T08:00:08+00:00","description":"La guirlande solaire BOREALIS a un design compos\u00e9 de 10 ampoules cristallines. Cr\u00e9ez votre propre ambiance en les pla\u00e7ant sur votre terrasse ou dans votre jardin, tout en alternant leurs 4 modes d'\u00e9clairage pour obtenir un bel effet sur votre terrasse ou votre jardin. Ref. BOREALISTR31Choisissez entre les diff\u00e9rents modes de fonctionnementCr\u00e9ez une ambiance chaleureuse gr\u00e2ce \u00e0 la lumi\u00e8re d\u00e9corative des ampoules \u00e0 filament LEDInstallez le panneau solaire en suspension ou comme baliseRetrouvez cette couronne solaire en vente exclusivement chez LEROY MERLIN","breadcrumb":{"@id":"https:\/\/arteconfort.com\/fr\/producto\/borealis\/#breadcrumb"},"inLanguage":"fr-FR","potentialAction":[{"@type":"ReadAction","target":["https:\/\/arteconfort.com\/fr\/producto\/borealis\/"]}]},{"@type":"ImageObject","inLanguage":"fr-FR","@id":"https:\/\/arteconfort.com\/fr\/producto\/borealis\/#primaryimage","url":"https:\/\/arteconfort.com\/wp-content\/uploads\/2023\/10\/BOREALIS-ambientes.webp","contentUrl":"https:\/\/arteconfort.com\/wp-content\/uploads\/2023\/10\/BOREALIS-ambientes.webp","width":1024,"height":1024,"caption":"BOREALIS ambiente"},{"@type":"BreadcrumbList","@id":"https:\/\/arteconfort.com\/fr\/producto\/borealis\/#breadcrumb","itemListElement":[{"@type":"ListItem","position":1,"name":"Inicio","item":"https:\/\/arteconfort.com\/fr\/"},{"@type":"ListItem","position":2,"name":"Boutique","item":"https:\/\/arteconfort.com\/fr\/boutique\/"},{"@type":"ListItem","position":3,"name":"BOREALIS"}]},{"@type":"WebSite","@id":"https:\/\/arteconfort.com\/fr\/#website","url":"https:\/\/arteconfort.com\/fr\/","name":"Arteconfort","description":"Especialistas en productos del hogar","publisher":{"@id":"https:\/\/arteconfort.com\/fr\/#organization"},"potentialAction":[{"@type":"SearchAction","target":{"@type":"EntryPoint","urlTemplate":"https:\/\/arteconfort.com\/fr\/?s={search_term_string}"},"query-input":{"@type":"PropertyValueSpecification","valueRequired":true,"valueName":"search_term_string"}}],"inLanguage":"fr-FR"},{"@type":"Organization","@id":"https:\/\/arteconfort.com\/fr\/#organization","name":"Arteconfort","url":"https:\/\/arteconfort.com\/fr\/","logo":{"@type":"ImageObject","inLanguage":"fr-FR","@id":"https:\/\/arteconfort.com\/fr\/#\/schema\/logo\/image\/","url":"https:\/\/arteconfort.com\/wp-content\/uploads\/2019\/07\/logo-arteconfort.png","contentUrl":"https:\/\/arteconfort.com\/wp-content\/uploads\/2019\/07\/logo-arteconfort.png","width":230,"height":88,"caption":"Arteconfort"},"image":{"@id":"https:\/\/arteconfort.com\/fr\/#\/schema\/logo\/image\/"}}]}},"_links":{"self":[{"href":"https:\/\/arteconfort.com\/fr\/wp-json\/wp\/v2\/product\/11098","targetHints":{"allow":["GET"]}}],"collection":[{"href":"https:\/\/arteconfort.com\/fr\/wp-json\/wp\/v2\/product"}],"about":[{"href":"https:\/\/arteconfort.com\/fr\/wp-json\/wp\/v2\/types\/product"}],"wp:featuredmedia":[{"embeddable":true,"href":"https:\/\/arteconfort.com\/fr\/wp-json\/wp\/v2\/media\/31141"}],"wp:attachment":[{"href":"https:\/\/arteconfort.com\/fr\/wp-json\/wp\/v2\/media?parent=11098"}],"wp:term":[{"taxonomy":"product_brand","embeddable":true,"href":"https:\/\/arteconfort.com\/fr\/wp-json\/wp\/v2\/product_brand?post=11098"},{"taxonomy":"product_cat","embeddable":true,"href":"https:\/\/arteconfort.com\/fr\/wp-json\/wp\/v2\/product_cat?post=11098"},{"taxonomy":"product_tag","embeddable":true,"href":"https:\/\/arteconfort.com\/fr\/wp-json\/wp\/v2\/product_tag?post=11098"}],"curies":[{"name":"wp","href":"https:\/\/api.w.org\/{rel}","templated":true}]}}