{"id":11101,"date":"2020-10-21T11:30:20","date_gmt":"2020-10-21T09:30:20","guid":{"rendered":"https:\/\/arteconfort.com\/producto\/non%20class\u00e9\/borealis-l\/"},"modified":"2022-04-21T10:03:47","modified_gmt":"2022-04-21T08:03:47","slug":"borealis-l","status":"publish","type":"product","link":"https:\/\/arteconfort.com\/fr\/producto\/borealis-l\/","title":{"rendered":"BOREALIS L"},"content":{"rendered":"<div class=\"wpb-content-wrapper\"><p>[vc_row][vc_column][vc_row_inner][vc_column_inner width=&#8221;1\/4&#8243; offset=&#8221;vc_col-xs-6&#8243;][wyde_info_box icon_set=&#8221;bigmug_line&#8221; icon_bigmug_line=&#8221;bigmug-line-foggy-sun&#8221; title=&#8221;PANNEAU SOLAIRE AVEC UNE PLUS GRANDE SURFACE&#8221;]Am\u00e9lioration de la charge gr\u00e2ce \u00e0 l&#8217;augmentation du gain solaire et de la qualit\u00e9 du panneau en augmentant la conversion de l&#8217;\u00e9nergie[\/wyde_info_box][\/vc_column_inner][vc_column_inner width=&#8221;1\/4&#8243; offset=&#8221;vc_col-xs-6&#8243;][wyde_info_box icon_set=&#8221;simple_line&#8221; icon_simple_line=&#8221;sl-rocket&#8221; title=&#8221;BATTERIE \u00c0 RENDEMENT ET CAPACIT\u00c9 PLUS \u00c9LEV\u00c9S&#8221;]Pour une autonomie plus durable[\/wyde_info_box][\/vc_column_inner][vc_column_inner width=&#8221;1\/4&#8243; offset=&#8221;vc_col-xs-6&#8243;][wyde_info_box icon_set=&#8221;simple_line&#8221; icon_simple_line=&#8221;sl-power&#8221; title=&#8221;ALLUMAGE FACILE&#8221;]Il poss\u00e8de deux boutons : ON\/OFF et changement de mode de fonctionnement[\/wyde_info_box][\/vc_column_inner][vc_column_inner width=&#8221;1\/4&#8243; offset=&#8221;vc_col-xs-6&#8243;][wyde_info_box icon_set=&#8221;simple_line&#8221; icon_simple_line=&#8221;sl-like&#8221; title=&#8221;INSTALLATION FACILE&#8221;]Il suffit de planter le panneau solaire dans le sol et de suspendre la guirlande, sans raccordement \u00e9lectrique[\/wyde_info_box][\/vc_column_inner][\/vc_row_inner][vc_row_inner][vc_column_inner offset=&#8221;vc_hidden-xs&#8221;][vc_empty_space][\/vc_column_inner][\/vc_row_inner][vc_row_inner][vc_column_inner offset=&#8221;vc_hidden-xs&#8221;][vc_empty_space height=&#8221;60px&#8221;][\/vc_column_inner][\/vc_row_inner][\/vc_column][\/vc_row][vc_row][vc_column width=&#8221;1\/2&#8243;][vc_accordion collapsible=&#8221;true&#8221; active_tab=&#8221;false&#8221;][vc_accordion_tab title=&#8221;Caract\u00e9ristiques g\u00e9n\u00e9rales&#8221;][vc_column_text]<strong>Dimensions<\/strong> 8m (C\u00e2ble de 2m)<br \/>\n<strong>Mat\u00e9riau<\/strong> ABS+ verre<br \/>\n<strong>Ampoule<\/strong> Filament de LED G40<br \/>\n<strong>Finition<\/strong> Noir<br \/>\n<strong>IP<\/strong> 65<br \/>\n<strong>Garantie<\/strong> 3 ann\u00e9es[\/vc_column_text][\/vc_accordion_tab][vc_accordion_tab title=&#8221;Panneau solaire&#8221;][vc_column_text]<strong>Mat\u00e9riau<\/strong> Polycristallin<br \/>\n<strong>Type d&#8217;encapsulation <\/strong>PET<br \/>\n<strong>Tension<\/strong> 5,5V [\/vc_column_text][\/vc_accordion_tab][vc_accordion_tab title=&#8221;Batterie&#8221;][vc_column_text]<strong>Type de batterie<\/strong> Li-ion 18650<br \/>\n<strong>Capacit\u00e9<\/strong> 4.400mAh<br \/>\n<strong>Temps de charge<\/strong> 8h-12h<br \/>\n<strong>Autonomie<\/strong> 8h[\/vc_column_text][\/vc_accordion_tab][vc_accordion_tab title=&#8221;LED&#8221;][vc_column_text]<strong>Num\u00e9ro de LED<\/strong> 25<br \/>\n<strong>Angle d&#8217;ouverture<\/strong> 120\u00ba<br \/>\n<strong>CCT<\/strong> 2700k<br \/>\n[\/vc_column_text][\/vc_accordion_tab][vc_accordion_tab title=&#8221;Modes de fonctionnement&#8221;][vc_column_text]<strong>4 modes de fonctionnement<\/strong>[\/vc_column_text][\/vc_accordion_tab][vc_accordion_tab title=&#8221;Sensor&#8221;][vc_column_text]<strong>Capteur<\/strong> Non[\/vc_column_text][\/vc_accordion_tab][\/vc_accordion][\/vc_column][vc_column width=&#8221;1\/2&#8243;][vc_single_image image=&#8221;5874&#8243;][\/vc_column][\/vc_row]<\/p>\n<\/div>","protected":false},"excerpt":{"rendered":"<p>Obtenez un bel effet d\u00e9coratif sur votre terrasse ou votre salon avec cette guirlande lumineuse solaire au design compos\u00e9 de 25 ampoules en verre. Il dispose de 4 modes de fonctionnement et int\u00e8gre un panneau solaire et une charge USB.<br \/>\n<strong>Ref. BOREALISTR25TR31<\/strong>[vc_row][vc_column offset=&#8221;vc_hidden-xs&#8221;][vc_empty_space height=&#8221;30px&#8221;][\/vc_column][\/vc_row][vc_row][vc_column][vc_row_inner][vc_column_inner][wyde_info_box icon_set=&#8221;bigmug_line&#8221; icon_bigmug_line=&#8221;bigmug-line-equalizar2&#8243; icon_position=&#8221;left&#8221; title=&#8221;4 MODES D&#8217;ALLUMAGE&#8221;]Choisissez entre les diff\u00e9rents modes de fonctionnement[\/wyde_info_box][vc_empty_space height=&#8221;15px&#8221;][\/vc_column_inner][\/vc_row_inner][vc_row_inner][vc_column_inner][wyde_info_box icon_set=&#8221;stroke_gap&#8221; icon_stroke_gap=&#8221;sg-BatteryFull&#8221; icon_position=&#8221;left&#8221; title=&#8221;CHARGEMENT VIA USB&#8221;]Comprend une entr\u00e9e USB, pour \u00eatre toujours pr\u00eat \u00e0 l&#8217;emploi [\/wyde_info_box][vc_empty_space height=&#8221;15px&#8221;][\/vc_column_inner][\/vc_row_inner][vc_row_inner][vc_column_inner][wyde_info_box icon_set=&#8221;simple_line&#8221; icon_simple_line=&#8221;sl-wrench&#8221; icon_position=&#8221;left&#8221; title=&#8221;2 OPTIONS DE MONTAGE&#8221;]Installer le panneau solaire en suspension ou comme balise[\/wyde_info_box][vc_empty_space height=&#8221;15px&#8221;][\/vc_column_inner][\/vc_row_inner][\/vc_column][\/vc_row][vc_row][vc_column offset=&#8221;vc_hidden-xs&#8221;][vc_empty_space height=&#8221;60px&#8221;][\/vc_column][\/vc_row][vc_row][vc_column width=&#8221;1\/3&#8243;][wyde_link_button icon_set=&#8221;simple_line&#8221; icon_simple_line=&#8221;sl-settings&#8221; style=&#8221;round&#8221; title=&#8221;Instructions&#8221; link=&#8221;url:https%3A%2F%2Farteconfort.com%2Fwp-content%2Fuploads%2F2020%2F10%2Fim-BOREALIS-L.pdf||target:%20_blank|rel:nofollow&#8221; color=&#8221;#ffffff&#8221; bg_color=&#8221;#222222&#8243;][\/vc_column][vc_column width=&#8221;1\/3&#8243;][wyde_link_button icon_set=&#8221;simple_line&#8221; icon_simple_line=&#8221;sl-social-youtube&#8221; style=&#8221;outline round&#8221; title=&#8221;Vid\u00e9o&#8221; link=&#8221;url:https%3A%2F%2Fwww.youtube.com%2Fwatch%3Fv%3DfcnO17iTV6E||target:%20_blank|rel:nofollow&#8221; color=&#8221;#222222&#8243; hover_color=&#8221;#ffffff&#8221;][\/vc_column][\/vc_row][vc_row][vc_column offset=&#8221;vc_hidden-xs&#8221;][vc_empty_space][\/vc_column][\/vc_row][vc_row][vc_column][vc_empty_space height=&#8221;20px&#8221;][\/vc_column][\/vc_row][vc_row background_mode=&#8221;color&#8221; background_color=&#8221;#f5f5f5&#8243;][vc_column text_align=&#8221;center&#8221;][vc_row_inner padding_size=&#8221;m-padding&#8221;][vc_column_inner text_align=&#8221;center&#8221;][vc_single_image alignment=&#8221;center&#8221; image=&#8221;1046&#8243;][vc_column_text]Retrouvez cette couronne solaire en vente exclusivement chez LEROY MERLIN[\/vc_column_text][vc_empty_space height=&#8221;15px&#8221;][wyde_link_button icon_set=&#8221;simple_line&#8221; icon_simple_line=&#8221;sl-login&#8221; style=&#8221;outline round&#8221; title=&#8221;Acc\u00e8s \u00e0 Leroy Merlin&#8221; link=&#8221;url:https%3A%2F%2Fwww.leroymerlin.es%2Ffp%2F82762404%2Fguirnalda-solar-borealis-25-luces-2700k-de-8m-con-usb||target:%20_blank|rel:nofollow&#8221; color=&#8221;#61b4e4&#8243; hover_color=&#8221;#ffffff&#8221;][\/vc_column_inner][\/vc_row_inner][\/vc_column][\/vc_row]<\/p>\n","protected":false},"featured_media":31206,"template":"","meta":[],"product_brand":[],"product_cat":[406],"product_tag":[],"class_list":{"0":"post-11101","1":"product","2":"type-product","3":"status-publish","4":"has-post-thumbnail","6":"product_cat-descatalogados-fr","8":"first","9":"instock","10":"shipping-taxable","11":"product-type-simple"},"yoast_head":"<!-- This site is optimized with the Yoast SEO plugin v26.5 - https:\/\/yoast.com\/wordpress\/plugins\/seo\/ -->\n<title>BOREALIS L - Descatalogados - Arteconfort<\/title>\n<meta name=\"description\" content=\"Obtenez un bel effet d\u00e9coratif sur votre terrasse ou votre salon avec cette guirlande lumineuse solaire au design compos\u00e9 de 25 ampoules en verre. Il dispose de 4 modes de fonctionnement et int\u00e8gre un panneau solaire et une charge USB. Ref. BOREALISTR25TR31Choisissez entre les diff\u00e9rents modes de fonctionnementComprend une entr\u00e9e USB, pour \u00eatre toujours pr\u00eat \u00e0 l&#039;emploi Installer le panneau solaire en suspension ou comme baliseRetrouvez cette couronne solaire en vente exclusivement chez LEROY MERLIN\" \/>\n<meta name=\"robots\" content=\"index, follow, max-snippet:-1, max-image-preview:large, max-video-preview:-1\" \/>\n<link rel=\"canonical\" href=\"https:\/\/arteconfort.com\/fr\/producto\/borealis-l\/\" \/>\n<meta property=\"og:locale\" content=\"fr_FR\" \/>\n<meta property=\"og:type\" content=\"article\" \/>\n<meta property=\"og:title\" content=\"BOREALIS L - Descatalogados - Arteconfort\" \/>\n<meta property=\"og:description\" content=\"Obtenez un bel effet d\u00e9coratif sur votre terrasse ou votre salon avec cette guirlande lumineuse solaire au design compos\u00e9 de 25 ampoules en verre. Il dispose de 4 modes de fonctionnement et int\u00e8gre un panneau solaire et une charge USB. Ref. BOREALISTR25TR31Choisissez entre les diff\u00e9rents modes de fonctionnementComprend une entr\u00e9e USB, pour \u00eatre toujours pr\u00eat \u00e0 l&#039;emploi Installer le panneau solaire en suspension ou comme baliseRetrouvez cette couronne solaire en vente exclusivement chez LEROY MERLIN\" \/>\n<meta property=\"og:url\" content=\"https:\/\/arteconfort.com\/fr\/producto\/borealis-l\/\" \/>\n<meta property=\"og:site_name\" content=\"Arteconfort\" \/>\n<meta property=\"article:modified_time\" content=\"2022-04-21T08:03:47+00:00\" \/>\n<meta property=\"og:image\" content=\"https:\/\/arteconfort.com\/wp-content\/uploads\/2023\/10\/BOREALIS-25.webp\" \/>\n\t<meta property=\"og:image:width\" content=\"1024\" \/>\n\t<meta property=\"og:image:height\" content=\"1024\" \/>\n\t<meta property=\"og:image:type\" content=\"image\/webp\" \/>\n<meta name=\"twitter:card\" content=\"summary_large_image\" \/>\n<meta name=\"twitter:label1\" content=\"Dur\u00e9e de lecture estim\u00e9e\" \/>\n\t<meta name=\"twitter:data1\" content=\"2 minutes\" \/>\n<!-- \/ Yoast SEO plugin. -->","yoast_head_json":{"title":"BOREALIS L - Descatalogados - Arteconfort","description":"Obtenez un bel effet d\u00e9coratif sur votre terrasse ou votre salon avec cette guirlande lumineuse solaire au design compos\u00e9 de 25 ampoules en verre. Il dispose de 4 modes de fonctionnement et int\u00e8gre un panneau solaire et une charge USB. Ref. BOREALISTR25TR31Choisissez entre les diff\u00e9rents modes de fonctionnementComprend une entr\u00e9e USB, pour \u00eatre toujours pr\u00eat \u00e0 l'emploi Installer le panneau solaire en suspension ou comme baliseRetrouvez cette couronne solaire en vente exclusivement chez LEROY MERLIN","robots":{"index":"index","follow":"follow","max-snippet":"max-snippet:-1","max-image-preview":"max-image-preview:large","max-video-preview":"max-video-preview:-1"},"canonical":"https:\/\/arteconfort.com\/fr\/producto\/borealis-l\/","og_locale":"fr_FR","og_type":"article","og_title":"BOREALIS L - Descatalogados - Arteconfort","og_description":"Obtenez un bel effet d\u00e9coratif sur votre terrasse ou votre salon avec cette guirlande lumineuse solaire au design compos\u00e9 de 25 ampoules en verre. Il dispose de 4 modes de fonctionnement et int\u00e8gre un panneau solaire et une charge USB. Ref. BOREALISTR25TR31Choisissez entre les diff\u00e9rents modes de fonctionnementComprend une entr\u00e9e USB, pour \u00eatre toujours pr\u00eat \u00e0 l'emploi Installer le panneau solaire en suspension ou comme baliseRetrouvez cette couronne solaire en vente exclusivement chez LEROY MERLIN","og_url":"https:\/\/arteconfort.com\/fr\/producto\/borealis-l\/","og_site_name":"Arteconfort","article_modified_time":"2022-04-21T08:03:47+00:00","og_image":[{"width":1024,"height":1024,"url":"https:\/\/arteconfort.com\/wp-content\/uploads\/2023\/10\/BOREALIS-25.webp","type":"image\/webp"}],"twitter_card":"summary_large_image","twitter_misc":{"Dur\u00e9e de lecture estim\u00e9e":"2 minutes"},"schema":{"@context":"https:\/\/schema.org","@graph":[{"@type":"WebPage","@id":"https:\/\/arteconfort.com\/fr\/producto\/borealis-l\/","url":"https:\/\/arteconfort.com\/fr\/producto\/borealis-l\/","name":"BOREALIS L - Descatalogados - Arteconfort","isPartOf":{"@id":"https:\/\/arteconfort.com\/fr\/#website"},"primaryImageOfPage":{"@id":"https:\/\/arteconfort.com\/fr\/producto\/borealis-l\/#primaryimage"},"image":{"@id":"https:\/\/arteconfort.com\/fr\/producto\/borealis-l\/#primaryimage"},"thumbnailUrl":"https:\/\/arteconfort.com\/wp-content\/uploads\/2023\/10\/BOREALIS-25.webp","datePublished":"2020-10-21T09:30:20+00:00","dateModified":"2022-04-21T08:03:47+00:00","description":"Obtenez un bel effet d\u00e9coratif sur votre terrasse ou votre salon avec cette guirlande lumineuse solaire au design compos\u00e9 de 25 ampoules en verre. Il dispose de 4 modes de fonctionnement et int\u00e8gre un panneau solaire et une charge USB. Ref. BOREALISTR25TR31Choisissez entre les diff\u00e9rents modes de fonctionnementComprend une entr\u00e9e USB, pour \u00eatre toujours pr\u00eat \u00e0 l'emploi Installer le panneau solaire en suspension ou comme baliseRetrouvez cette couronne solaire en vente exclusivement chez LEROY MERLIN","breadcrumb":{"@id":"https:\/\/arteconfort.com\/fr\/producto\/borealis-l\/#breadcrumb"},"inLanguage":"fr-FR","potentialAction":[{"@type":"ReadAction","target":["https:\/\/arteconfort.com\/fr\/producto\/borealis-l\/"]}]},{"@type":"ImageObject","inLanguage":"fr-FR","@id":"https:\/\/arteconfort.com\/fr\/producto\/borealis-l\/#primaryimage","url":"https:\/\/arteconfort.com\/wp-content\/uploads\/2023\/10\/BOREALIS-25.webp","contentUrl":"https:\/\/arteconfort.com\/wp-content\/uploads\/2023\/10\/BOREALIS-25.webp","width":1024,"height":1024,"caption":"Aplique solar BOREALIS L frontal"},{"@type":"BreadcrumbList","@id":"https:\/\/arteconfort.com\/fr\/producto\/borealis-l\/#breadcrumb","itemListElement":[{"@type":"ListItem","position":1,"name":"Inicio","item":"https:\/\/arteconfort.com\/fr\/"},{"@type":"ListItem","position":2,"name":"Boutique","item":"https:\/\/arteconfort.com\/fr\/boutique\/"},{"@type":"ListItem","position":3,"name":"BOREALIS L"}]},{"@type":"WebSite","@id":"https:\/\/arteconfort.com\/fr\/#website","url":"https:\/\/arteconfort.com\/fr\/","name":"Arteconfort","description":"Especialistas en productos del hogar","publisher":{"@id":"https:\/\/arteconfort.com\/fr\/#organization"},"potentialAction":[{"@type":"SearchAction","target":{"@type":"EntryPoint","urlTemplate":"https:\/\/arteconfort.com\/fr\/?s={search_term_string}"},"query-input":{"@type":"PropertyValueSpecification","valueRequired":true,"valueName":"search_term_string"}}],"inLanguage":"fr-FR"},{"@type":"Organization","@id":"https:\/\/arteconfort.com\/fr\/#organization","name":"Arteconfort","url":"https:\/\/arteconfort.com\/fr\/","logo":{"@type":"ImageObject","inLanguage":"fr-FR","@id":"https:\/\/arteconfort.com\/fr\/#\/schema\/logo\/image\/","url":"https:\/\/arteconfort.com\/wp-content\/uploads\/2019\/07\/logo-arteconfort.png","contentUrl":"https:\/\/arteconfort.com\/wp-content\/uploads\/2019\/07\/logo-arteconfort.png","width":230,"height":88,"caption":"Arteconfort"},"image":{"@id":"https:\/\/arteconfort.com\/fr\/#\/schema\/logo\/image\/"}}]}},"_links":{"self":[{"href":"https:\/\/arteconfort.com\/fr\/wp-json\/wp\/v2\/product\/11101","targetHints":{"allow":["GET"]}}],"collection":[{"href":"https:\/\/arteconfort.com\/fr\/wp-json\/wp\/v2\/product"}],"about":[{"href":"https:\/\/arteconfort.com\/fr\/wp-json\/wp\/v2\/types\/product"}],"wp:featuredmedia":[{"embeddable":true,"href":"https:\/\/arteconfort.com\/fr\/wp-json\/wp\/v2\/media\/31206"}],"wp:attachment":[{"href":"https:\/\/arteconfort.com\/fr\/wp-json\/wp\/v2\/media?parent=11101"}],"wp:term":[{"taxonomy":"product_brand","embeddable":true,"href":"https:\/\/arteconfort.com\/fr\/wp-json\/wp\/v2\/product_brand?post=11101"},{"taxonomy":"product_cat","embeddable":true,"href":"https:\/\/arteconfort.com\/fr\/wp-json\/wp\/v2\/product_cat?post=11101"},{"taxonomy":"product_tag","embeddable":true,"href":"https:\/\/arteconfort.com\/fr\/wp-json\/wp\/v2\/product_tag?post=11101"}],"curies":[{"name":"wp","href":"https:\/\/api.w.org\/{rel}","templated":true}]}}