{"id":11104,"date":"2020-12-18T09:57:11","date_gmt":"2020-12-18T08:57:11","guid":{"rendered":"https:\/\/arteconfort.com\/producto\/non%20class\u00e9\/ceres\/"},"modified":"2022-09-26T15:57:31","modified_gmt":"2022-09-26T13:57:31","slug":"ceres","status":"publish","type":"product","link":"https:\/\/arteconfort.com\/fr\/producto\/ceres\/","title":{"rendered":"CERES"},"content":{"rendered":"<div class=\"wpb-content-wrapper\"><p>[vc_row][vc_column][vc_row_inner][vc_column_inner width=&#8221;1\/4&#8243; offset=&#8221;vc_col-xs-6&#8243;][wyde_info_box icon_set=&#8221;bigmug_line&#8221; icon_bigmug_line=&#8221;bigmug-line-foggy-sun&#8221; title=&#8221;PANNEAU SOLAIRE AVEC UNE PLUS GRANDE SURFACE&#8221;]Am\u00e9lioration de la charge gr\u00e2ce \u00e0 un meilleur gain solaire et une meilleure qualit\u00e9 du panneau en augmentant la conversion de l&#8217;\u00e9nergie[\/wyde_info_box][\/vc_column_inner][vc_column_inner width=&#8221;1\/4&#8243; offset=&#8221;vc_col-xs-6&#8243;][wyde_info_box icon_set=&#8221;simple_line&#8221; icon_simple_line=&#8221;sl-rocket&#8221; title=&#8221;UNE BATTERIE PLUS EFFICACE ET DE PLUS GRANDE CAPACIT\u00c9&#8221;]Pour une autonomie plus durable[\/wyde_info_box][\/vc_column_inner][vc_column_inner width=&#8221;1\/4&#8243; offset=&#8221;vc_col-xs-6&#8243;][wyde_info_box icon_set=&#8221;simple_line&#8221; icon_simple_line=&#8221;sl-like&#8221; title=&#8221;INSTALLATION FACILE&#8221;]Posez-la sur une surface ou suspendez-la \u00e0 l&#8217;\u00e9lastique[\/wyde_info_box][\/vc_column_inner][vc_column_inner width=&#8221;1\/4&#8243; offset=&#8221;vc_col-xs-6&#8243;][wyde_info_box icon_set=&#8221;simple_line&#8221; icon_simple_line=&#8221;sl-power&#8221; title=&#8221;ALLUMAGE FACILE&#8221;]Allumage par pression longue de 2 secondes[\/wyde_info_box][\/vc_column_inner][\/vc_row_inner][vc_row_inner][vc_column_inner offset=&#8221;vc_hidden-xs&#8221;][vc_empty_space height=&#8221;60px&#8221;][\/vc_column_inner][\/vc_row_inner][\/vc_column][\/vc_row][vc_row][vc_column width=&#8221;1\/2&#8243;][vc_accordion collapsible=&#8221;true&#8221; active_tab=&#8221;false&#8221;][vc_accordion_tab title=&#8221;Caract\u00e9ristiques g\u00e9n\u00e9rales&#8221;][vc_column_text]<strong>Dimensions<\/strong> 9,6x13m<br \/>\n<strong>Mat\u00e9riau<\/strong> ABS<br \/>\n<strong>Finition<\/strong> Blanc et bois<br \/>\n<strong>IP<\/strong> 65<br \/>\n<strong>Garantie<\/strong> 2 ann\u00e9es[\/vc_column_text][\/vc_accordion_tab][vc_accordion_tab title=&#8221;Panneau solaire&#8221;][vc_column_text]<strong>Mat\u00e9riau<\/strong> Monocristallin<br \/>\n<strong>Type d&#8217;encapsulation<\/strong> PET<br \/>\n<strong>Tension<\/strong> 2V 70mA[\/vc_column_text][\/vc_accordion_tab][vc_accordion_tab title=&#8221;Batterie&#8221;][vc_column_text]<strong>Type de batterie<\/strong>\u00a0Li-ion<br \/>\n<strong>Tension de charge<\/strong> 3,7V<br \/>\n<strong>Capacit\u00e9<\/strong> 2.200mAh<br \/>\n<strong>Temps de charge<\/strong> 8h<br \/>\n<strong>Autonomie<\/strong> Max. 22h[\/vc_column_text][\/vc_accordion_tab][vc_accordion_tab title=&#8221;LED&#8221;][vc_column_text]<strong>N\u00famero de LED<\/strong> 26<br \/>\n<strong>Angle d&#8217;ouverture<\/strong> 120\u00ba<br \/>\n<strong>CCT<\/strong> 3000K<br \/>\n<strong>Flux lumineux<\/strong> 300lm[\/vc_column_text][\/vc_accordion_tab][vc_accordion_tab title=&#8221;Modes de fonctionnement&#8221;][vc_column_text]<strong>Mode 1<\/strong> \u00c9clairage fixe \u00e0 100%<br \/>\n<strong>Mode 2<\/strong> \u00c9clairage fixe 60%<br \/>\n<strong>Mode 3<\/strong> \u00c9clairage fixe 20%<br \/>\n[\/vc_column_text][\/vc_accordion_tab][vc_accordion_tab title=&#8221;Modes d&#8217;\u00e9clairaget&#8221;][vc_column_text]<strong>Mode ext\u00e9rieur<\/strong> Avec capteur cr\u00e9pusculaire : s&#8217;allume automatiquement la nuit et s&#8217;\u00e9teint le jour.<br \/>\n<strong>Mode int\u00e9rieur<\/strong> Sans capteur cr\u00e9pusculaire : peut \u00eatre mis en marche manuellement pendant le jour et\/ou la nuit.<br \/>\n[\/vc_column_text][\/vc_accordion_tab][vc_accordion_tab title=&#8221;Capteur&#8221;][vc_column_text]<strong>Capteur<\/strong> Non[\/vc_column_text][\/vc_accordion_tab][\/vc_accordion][\/vc_column][vc_column width=&#8221;1\/2&#8243;][vc_single_image image=&#8221;8914&#8243;][\/vc_column][\/vc_row]<\/p>\n<\/div>","protected":false},"excerpt":{"rendered":"<p>Design et \u00e9l\u00e9gance s&#8217;allient \u00e0 une grande efficacit\u00e9 pour cr\u00e9er la lampe solaire CERES qui illuminera vos meilleurs moments. Vous pouvez le poser sur la table ou le suspendre \u00e0 sa base en caoutchouc pour cr\u00e9er des atmosph\u00e8res uniques. Il comprend 3 modes de fonctionnement et une recharge USB.<br \/>\n<strong>Ref. CERESBL35<\/strong>[vc_row][vc_column offset=&#8221;vc_hidden-xs&#8221;][vc_empty_space height=&#8221;30px&#8221;][\/vc_column][\/vc_row][vc_row][vc_column][vc_row_inner][vc_column_inner][wyde_info_box icon_set=&#8221;bigmug_line&#8221; icon_bigmug_line=&#8221;bigmug-line-equalizar2&#8243; icon_position=&#8221;left&#8221; title=&#8221;3 MODES D&#8217;\u00c9CLAIRAGE&#8221;]Choisissez l&#8217;intensit\u00e9 lumineuse que vous souhaitez[\/wyde_info_box][vc_empty_space height=&#8221;15px&#8221;][\/vc_column_inner][\/vc_row_inner][vc_row_inner][vc_column_inner][wyde_info_box icon_set=&#8221;simple_line&#8221; icon_simple_line=&#8221;sl-eye&#8221; icon_position=&#8221;left&#8221; title=&#8221;MODE INT\u00c9RIEUR ET EXT\u00c9RIEUR&#8221;]Vous pouvez l&#8217;utiliser \u00e0 l&#8217;ext\u00e9rieur comme lampe solaire ou \u00e0 l&#8217;int\u00e9rieur[\/wyde_info_box][vc_empty_space height=&#8221;15px&#8221;][\/vc_column_inner][\/vc_row_inner][vc_row_inner][vc_column_inner][wyde_info_box icon_set=&#8221;stroke_gap&#8221; icon_stroke_gap=&#8221;sg-BatteryFull&#8221; icon_position=&#8221;left&#8221; title=&#8221;USB CHARGING&#8221;]C\u00e2ble USB inclus, pour \u00eatre toujours pr\u00eat \u00e0 l&#8217;emploi[\/wyde_info_box][vc_empty_space height=&#8221;15px&#8221;][\/vc_column_inner][\/vc_row_inner][\/vc_column][\/vc_row][vc_row][vc_column offset=&#8221;vc_hidden-xs&#8221;][vc_empty_space height=&#8221;60px&#8221;][\/vc_column][\/vc_row][vc_row][vc_column width=&#8221;1\/3&#8243;][wyde_link_button icon_set=&#8221;simple_line&#8221; icon_simple_line=&#8221;sl-settings&#8221; style=&#8221;round&#8221; title=&#8221;Instructions&#8221; link=&#8221;url:https%3A%2F%2Farteconfort.com%2Fwp-content%2Fuploads%2F2020%2F12%2Fim-CERES.pdf||target:%20_blank|rel:nofollow&#8221; color=&#8221;#ffffff&#8221; bg_color=&#8221;#222222&#8243;][\/vc_column][vc_column width=&#8221;1\/3&#8243;][wyde_link_button icon_set=&#8221;simple_line&#8221; icon_simple_line=&#8221;sl-social-youtube&#8221; style=&#8221;outline round&#8221; title=&#8221;Vid\u00e9o&#8221; link=&#8221;url:https%3A%2F%2Fwww.youtube.com%2Fwatch%3Fv%3D0ssj2Dp3inQ||target:%20_blank|rel:nofollow&#8221; color=&#8221;#222222&#8243; hover_color=&#8221;#ffffff&#8221;][\/vc_column][\/vc_row][vc_row][vc_column offset=&#8221;vc_hidden-xs&#8221;][vc_empty_space][\/vc_column][\/vc_row]<\/p>\n","protected":false},"featured_media":35936,"template":"","meta":[],"product_brand":[],"product_cat":[406],"product_tag":[],"class_list":{"0":"post-11104","1":"product","2":"type-product","3":"status-publish","4":"has-post-thumbnail","6":"product_cat-descatalogados-fr","8":"first","9":"instock","10":"shipping-taxable","11":"product-type-external"},"yoast_head":"<!-- This site is optimized with the Yoast SEO plugin v26.5 - https:\/\/yoast.com\/wordpress\/plugins\/seo\/ -->\n<title>CERES - Descatalogados - Arteconfort<\/title>\n<meta name=\"description\" content=\"Design et \u00e9l\u00e9gance s&#039;allient \u00e0 une grande efficacit\u00e9 pour cr\u00e9er la lampe solaire CERES qui illuminera vos meilleurs moments. Vous pouvez le poser sur la table ou le suspendre \u00e0 sa base en caoutchouc pour cr\u00e9er des atmosph\u00e8res uniques. Il comprend 3 modes de fonctionnement et une recharge USB. Ref. CERESBL35Choisissez l&#039;intensit\u00e9 lumineuse que vous souhaitezVous pouvez l&#039;utiliser \u00e0 l&#039;ext\u00e9rieur comme lampe solaire ou \u00e0 l&#039;int\u00e9rieurC\u00e2ble USB inclus, pour \u00eatre toujours pr\u00eat \u00e0 l&#039;emploi\" \/>\n<meta name=\"robots\" content=\"index, follow, max-snippet:-1, max-image-preview:large, max-video-preview:-1\" \/>\n<link rel=\"canonical\" href=\"https:\/\/arteconfort.com\/fr\/producto\/ceres\/\" \/>\n<meta property=\"og:locale\" content=\"fr_FR\" \/>\n<meta property=\"og:type\" content=\"article\" \/>\n<meta property=\"og:title\" content=\"CERES - Descatalogados - Arteconfort\" \/>\n<meta property=\"og:description\" content=\"Design et \u00e9l\u00e9gance s&#039;allient \u00e0 une grande efficacit\u00e9 pour cr\u00e9er la lampe solaire CERES qui illuminera vos meilleurs moments. Vous pouvez le poser sur la table ou le suspendre \u00e0 sa base en caoutchouc pour cr\u00e9er des atmosph\u00e8res uniques. Il comprend 3 modes de fonctionnement et une recharge USB. Ref. CERESBL35Choisissez l&#039;intensit\u00e9 lumineuse que vous souhaitezVous pouvez l&#039;utiliser \u00e0 l&#039;ext\u00e9rieur comme lampe solaire ou \u00e0 l&#039;int\u00e9rieurC\u00e2ble USB inclus, pour \u00eatre toujours pr\u00eat \u00e0 l&#039;emploi\" \/>\n<meta property=\"og:url\" content=\"https:\/\/arteconfort.com\/fr\/producto\/ceres\/\" \/>\n<meta property=\"og:site_name\" content=\"Arteconfort\" \/>\n<meta property=\"article:modified_time\" content=\"2022-09-26T13:57:31+00:00\" \/>\n<meta property=\"og:image\" content=\"https:\/\/arteconfort.com\/wp-content\/uploads\/2023\/10\/CERES-VISTA-SUPERIOR.webp\" \/>\n\t<meta property=\"og:image:width\" content=\"1024\" \/>\n\t<meta property=\"og:image:height\" content=\"1024\" \/>\n\t<meta property=\"og:image:type\" content=\"image\/webp\" \/>\n<meta name=\"twitter:card\" content=\"summary_large_image\" \/>\n<meta name=\"twitter:label1\" content=\"Dur\u00e9e de lecture estim\u00e9e\" \/>\n\t<meta name=\"twitter:data1\" content=\"2 minutes\" \/>\n<!-- \/ Yoast SEO plugin. -->","yoast_head_json":{"title":"CERES - Descatalogados - Arteconfort","description":"Design et \u00e9l\u00e9gance s'allient \u00e0 une grande efficacit\u00e9 pour cr\u00e9er la lampe solaire CERES qui illuminera vos meilleurs moments. Vous pouvez le poser sur la table ou le suspendre \u00e0 sa base en caoutchouc pour cr\u00e9er des atmosph\u00e8res uniques. Il comprend 3 modes de fonctionnement et une recharge USB. Ref. CERESBL35Choisissez l'intensit\u00e9 lumineuse que vous souhaitezVous pouvez l'utiliser \u00e0 l'ext\u00e9rieur comme lampe solaire ou \u00e0 l'int\u00e9rieurC\u00e2ble USB inclus, pour \u00eatre toujours pr\u00eat \u00e0 l'emploi","robots":{"index":"index","follow":"follow","max-snippet":"max-snippet:-1","max-image-preview":"max-image-preview:large","max-video-preview":"max-video-preview:-1"},"canonical":"https:\/\/arteconfort.com\/fr\/producto\/ceres\/","og_locale":"fr_FR","og_type":"article","og_title":"CERES - Descatalogados - Arteconfort","og_description":"Design et \u00e9l\u00e9gance s'allient \u00e0 une grande efficacit\u00e9 pour cr\u00e9er la lampe solaire CERES qui illuminera vos meilleurs moments. Vous pouvez le poser sur la table ou le suspendre \u00e0 sa base en caoutchouc pour cr\u00e9er des atmosph\u00e8res uniques. Il comprend 3 modes de fonctionnement et une recharge USB. Ref. CERESBL35Choisissez l'intensit\u00e9 lumineuse que vous souhaitezVous pouvez l'utiliser \u00e0 l'ext\u00e9rieur comme lampe solaire ou \u00e0 l'int\u00e9rieurC\u00e2ble USB inclus, pour \u00eatre toujours pr\u00eat \u00e0 l'emploi","og_url":"https:\/\/arteconfort.com\/fr\/producto\/ceres\/","og_site_name":"Arteconfort","article_modified_time":"2022-09-26T13:57:31+00:00","og_image":[{"width":1024,"height":1024,"url":"https:\/\/arteconfort.com\/wp-content\/uploads\/2023\/10\/CERES-VISTA-SUPERIOR.webp","type":"image\/webp"}],"twitter_card":"summary_large_image","twitter_misc":{"Dur\u00e9e de lecture estim\u00e9e":"2 minutes"},"schema":{"@context":"https:\/\/schema.org","@graph":[{"@type":"WebPage","@id":"https:\/\/arteconfort.com\/fr\/producto\/ceres\/","url":"https:\/\/arteconfort.com\/fr\/producto\/ceres\/","name":"CERES - Descatalogados - Arteconfort","isPartOf":{"@id":"https:\/\/arteconfort.com\/fr\/#website"},"primaryImageOfPage":{"@id":"https:\/\/arteconfort.com\/fr\/producto\/ceres\/#primaryimage"},"image":{"@id":"https:\/\/arteconfort.com\/fr\/producto\/ceres\/#primaryimage"},"thumbnailUrl":"https:\/\/arteconfort.com\/wp-content\/uploads\/2023\/10\/CERES-VISTA-SUPERIOR.webp","datePublished":"2020-12-18T08:57:11+00:00","dateModified":"2022-09-26T13:57:31+00:00","description":"Design et \u00e9l\u00e9gance s'allient \u00e0 une grande efficacit\u00e9 pour cr\u00e9er la lampe solaire CERES qui illuminera vos meilleurs moments. Vous pouvez le poser sur la table ou le suspendre \u00e0 sa base en caoutchouc pour cr\u00e9er des atmosph\u00e8res uniques. Il comprend 3 modes de fonctionnement et une recharge USB. Ref. CERESBL35Choisissez l'intensit\u00e9 lumineuse que vous souhaitezVous pouvez l'utiliser \u00e0 l'ext\u00e9rieur comme lampe solaire ou \u00e0 l'int\u00e9rieurC\u00e2ble USB inclus, pour \u00eatre toujours pr\u00eat \u00e0 l'emploi","breadcrumb":{"@id":"https:\/\/arteconfort.com\/fr\/producto\/ceres\/#breadcrumb"},"inLanguage":"fr-FR","potentialAction":[{"@type":"ReadAction","target":["https:\/\/arteconfort.com\/fr\/producto\/ceres\/"]}]},{"@type":"ImageObject","inLanguage":"fr-FR","@id":"https:\/\/arteconfort.com\/fr\/producto\/ceres\/#primaryimage","url":"https:\/\/arteconfort.com\/wp-content\/uploads\/2023\/10\/CERES-VISTA-SUPERIOR.webp","contentUrl":"https:\/\/arteconfort.com\/wp-content\/uploads\/2023\/10\/CERES-VISTA-SUPERIOR.webp","width":1024,"height":1024,"caption":"L\u00e1mpara solar CERES vista superior"},{"@type":"BreadcrumbList","@id":"https:\/\/arteconfort.com\/fr\/producto\/ceres\/#breadcrumb","itemListElement":[{"@type":"ListItem","position":1,"name":"Inicio","item":"https:\/\/arteconfort.com\/fr\/"},{"@type":"ListItem","position":2,"name":"Boutique","item":"https:\/\/arteconfort.com\/fr\/boutique\/"},{"@type":"ListItem","position":3,"name":"CERES"}]},{"@type":"WebSite","@id":"https:\/\/arteconfort.com\/fr\/#website","url":"https:\/\/arteconfort.com\/fr\/","name":"Arteconfort","description":"Especialistas en productos del hogar","publisher":{"@id":"https:\/\/arteconfort.com\/fr\/#organization"},"potentialAction":[{"@type":"SearchAction","target":{"@type":"EntryPoint","urlTemplate":"https:\/\/arteconfort.com\/fr\/?s={search_term_string}"},"query-input":{"@type":"PropertyValueSpecification","valueRequired":true,"valueName":"search_term_string"}}],"inLanguage":"fr-FR"},{"@type":"Organization","@id":"https:\/\/arteconfort.com\/fr\/#organization","name":"Arteconfort","url":"https:\/\/arteconfort.com\/fr\/","logo":{"@type":"ImageObject","inLanguage":"fr-FR","@id":"https:\/\/arteconfort.com\/fr\/#\/schema\/logo\/image\/","url":"https:\/\/arteconfort.com\/wp-content\/uploads\/2019\/07\/logo-arteconfort.png","contentUrl":"https:\/\/arteconfort.com\/wp-content\/uploads\/2019\/07\/logo-arteconfort.png","width":230,"height":88,"caption":"Arteconfort"},"image":{"@id":"https:\/\/arteconfort.com\/fr\/#\/schema\/logo\/image\/"}}]}},"_links":{"self":[{"href":"https:\/\/arteconfort.com\/fr\/wp-json\/wp\/v2\/product\/11104","targetHints":{"allow":["GET"]}}],"collection":[{"href":"https:\/\/arteconfort.com\/fr\/wp-json\/wp\/v2\/product"}],"about":[{"href":"https:\/\/arteconfort.com\/fr\/wp-json\/wp\/v2\/types\/product"}],"wp:featuredmedia":[{"embeddable":true,"href":"https:\/\/arteconfort.com\/fr\/wp-json\/wp\/v2\/media\/35936"}],"wp:attachment":[{"href":"https:\/\/arteconfort.com\/fr\/wp-json\/wp\/v2\/media?parent=11104"}],"wp:term":[{"taxonomy":"product_brand","embeddable":true,"href":"https:\/\/arteconfort.com\/fr\/wp-json\/wp\/v2\/product_brand?post=11104"},{"taxonomy":"product_cat","embeddable":true,"href":"https:\/\/arteconfort.com\/fr\/wp-json\/wp\/v2\/product_cat?post=11104"},{"taxonomy":"product_tag","embeddable":true,"href":"https:\/\/arteconfort.com\/fr\/wp-json\/wp\/v2\/product_tag?post=11104"}],"curies":[{"name":"wp","href":"https:\/\/api.w.org\/{rel}","templated":true}]}}