{"id":11107,"date":"2019-08-12T08:29:53","date_gmt":"2019-08-12T06:29:53","guid":{"rendered":"https:\/\/arteconfort.com\/producto\/non%20class\u00e9\/corvus\/"},"modified":"2023-04-24T09:45:46","modified_gmt":"2023-04-24T07:45:46","slug":"corvus","status":"publish","type":"product","link":"https:\/\/arteconfort.com\/fr\/producto\/corvus\/","title":{"rendered":"CORVUS"},"content":{"rendered":"<div class=\"wpb-content-wrapper\"><p>[vc_row][vc_column width=&#8221;1\/2&#8243;][vc_accordion collapsible=&#8221;true&#8221; active_tab=&#8221;false&#8221;][vc_accordion_tab title=&#8221;Caract\u00e9ristiques g\u00e9n\u00e9rales&#8221;][vc_column_text]<strong>Dimensions<\/strong> 320x95x270mm<br \/>\n<strong>Mat\u00e9riau<\/strong> ABS+PC<br \/>\n<strong>Finition<\/strong> Noir<br \/>\n<strong>IP<\/strong> 44<br \/>\n<strong>Garantie<\/strong> 3 ann\u00e9es[\/vc_column_text][\/vc_accordion_tab][vc_accordion_tab title=&#8221;Panneau solaire&#8221;][vc_column_text]<strong>Mat\u00e9riau<\/strong> Monocristallin<br \/>\n<strong>Type de m\u00e9thode d&#8217;encapsulation<\/strong> PET[\/vc_column_text][\/vc_accordion_tab][vc_accordion_tab title=&#8221;Batterie&#8221;][vc_column_text]<strong>Type de batterie<\/strong>\u00a0Li-ion 18650<br \/>\n<strong>Tension de charge<\/strong> 3,7V<br \/>\n<strong>Capacit\u00e9<\/strong> 2.200mAh<br \/>\n<strong>Temps de charge<\/strong> 6h<br \/>\n<strong>Autonomie<\/strong> 8h[\/vc_column_text][\/vc_accordion_tab][vc_accordion_tab title=&#8221;LED&#8221;][vc_column_text]<strong>Type de LED<\/strong> SMD<br \/>\n<strong>Angle d&#8217;ouverture<\/strong> 120\u00ba<br \/>\n<strong>CCT<\/strong> 6000K<br \/>\n<strong>Flux lumineux<\/strong> 210lm[\/vc_column_text][\/vc_accordion_tab][vc_accordion_tab title=&#8221;Modes de fonctionnement&#8221;][vc_column_text]<strong>Mode 1<\/strong> \u00c9clairage fixe de 210 lm<br \/>\n<strong>Mode 2<\/strong> \u00c9clairage fixe de 120 lm[\/vc_column_text][\/vc_accordion_tab][vc_accordion_tab title=&#8221;Capteur&#8221;][vc_column_text]<strong>Capteur<\/strong> Non[\/vc_column_text][\/vc_accordion_tab][\/vc_accordion][\/vc_column][vc_column width=&#8221;1\/2&#8243;][vc_single_image image=&#8221;6746&#8243;][\/vc_column][\/vc_row]<\/p>\n<\/div>","protected":false},"excerpt":{"rendered":"<p>Illuminez votre jardin avec cette balise solaire \u00e0 LED, discr\u00e8te et pratique, elle est id\u00e9ale pour servir d&#8217;\u00e9clairage d&#8217;accentuation pour tout chemin ou espace de votre jardin que vous souhaitez baliser. Une applique solaire aux finitions tr\u00e8s r\u00e9sistantes et \u00e0 la grande autonomie qui garantit des heures d&#8217;\u00e9clairage.<br \/>\n<strong>Ref. ECORVUS-002T60A3220LINGRD<\/strong>[vc_row][vc_column offset=&#8221;vc_hidden-xs&#8221;][vc_empty_space height=&#8221;30px&#8221;][\/vc_column][\/vc_row][vc_row][vc_column][vc_row_inner][vc_column_inner][wyde_info_box icon_set=&#8221;simple_line&#8221; icon_simple_line=&#8221;sl-wrench&#8221; icon_position=&#8221;left&#8221; title=&#8221;2 OPTIONS DE MONTAGE&#8221;]Peut \u00eatre install\u00e9 en tant que lampe murale ou balise[\/wyde_info_box][vc_empty_space height=&#8221;15px&#8221;][\/vc_column_inner][\/vc_row_inner][\/vc_column][\/vc_row][vc_row][vc_column offset=&#8221;vc_hidden-xs&#8221;][vc_empty_space height=&#8221;60px&#8221;][\/vc_column][\/vc_row][vc_row][vc_column width=&#8221;1\/3&#8243;][wyde_link_button icon_set=&#8221;simple_line&#8221; icon_simple_line=&#8221;sl-settings&#8221; style=&#8221;round&#8221; title=&#8221;Instructions&#8221; link=&#8221;url:http%3A%2F%2Farteconfort.com%2Fwp-content%2Fuploads%2F2020%2F01%2Fim-CORVUS.pdf||target:%20_blank|rel:nofollow&#8221; color=&#8221;#ffffff&#8221; bg_color=&#8221;#222222&#8243;][\/vc_column][\/vc_row][vc_row][vc_column offset=&#8221;vc_hidden-xs&#8221;][vc_empty_space][\/vc_column][\/vc_row]<\/p>\n","protected":false},"featured_media":41291,"template":"","meta":[],"product_brand":[],"product_cat":[336,337],"product_tag":[],"class_list":{"0":"post-11107","1":"product","2":"type-product","3":"status-publish","4":"has-post-thumbnail","6":"product_cat-solar-fr","7":"product_cat-iluminacion-solar-de-suelo-fr","9":"first","10":"instock","11":"shipping-taxable","12":"product-type-external"},"yoast_head":"<!-- This site is optimized with the Yoast SEO plugin v26.5 - https:\/\/yoast.com\/wordpress\/plugins\/seo\/ -->\n<title>CORVUS - Solar, Suelo - Arteconfort<\/title>\n<meta name=\"description\" content=\"Illuminez votre jardin avec cette balise solaire \u00e0 LED, discr\u00e8te et pratique, elle est id\u00e9ale pour servir d&#039;\u00e9clairage d&#039;accentuation pour tout chemin ou espace de votre jardin que vous souhaitez baliser. Une applique solaire aux finitions tr\u00e8s r\u00e9sistantes et \u00e0 la grande autonomie qui garantit des heures d&#039;\u00e9clairage. Ref. ECORVUS-002T60A3220LINGRDPeut \u00eatre install\u00e9 en tant que lampe murale ou balise\" \/>\n<meta name=\"robots\" content=\"index, follow, max-snippet:-1, max-image-preview:large, max-video-preview:-1\" \/>\n<link rel=\"canonical\" href=\"https:\/\/arteconfort.com\/fr\/producto\/corvus\/\" \/>\n<meta property=\"og:locale\" content=\"fr_FR\" \/>\n<meta property=\"og:type\" content=\"article\" \/>\n<meta property=\"og:title\" content=\"CORVUS - Solar, Suelo - Arteconfort\" \/>\n<meta property=\"og:description\" content=\"Illuminez votre jardin avec cette balise solaire \u00e0 LED, discr\u00e8te et pratique, elle est id\u00e9ale pour servir d&#039;\u00e9clairage d&#039;accentuation pour tout chemin ou espace de votre jardin que vous souhaitez baliser. Une applique solaire aux finitions tr\u00e8s r\u00e9sistantes et \u00e0 la grande autonomie qui garantit des heures d&#039;\u00e9clairage. Ref. ECORVUS-002T60A3220LINGRDPeut \u00eatre install\u00e9 en tant que lampe murale ou balise\" \/>\n<meta property=\"og:url\" content=\"https:\/\/arteconfort.com\/fr\/producto\/corvus\/\" \/>\n<meta property=\"og:site_name\" content=\"Arteconfort\" \/>\n<meta property=\"article:modified_time\" content=\"2023-04-24T07:45:46+00:00\" \/>\n<meta property=\"og:image\" content=\"https:\/\/arteconfort.com\/wp-content\/uploads\/2024\/06\/solar-CORVUS-115613.webp\" \/>\n\t<meta property=\"og:image:width\" content=\"1024\" \/>\n\t<meta property=\"og:image:height\" content=\"1024\" \/>\n\t<meta property=\"og:image:type\" content=\"image\/webp\" \/>\n<meta name=\"twitter:card\" content=\"summary_large_image\" \/>\n<meta name=\"twitter:label1\" content=\"Dur\u00e9e de lecture estim\u00e9e\" \/>\n\t<meta name=\"twitter:data1\" content=\"1 minute\" \/>\n<!-- \/ Yoast SEO plugin. -->","yoast_head_json":{"title":"CORVUS - Solar, Suelo - Arteconfort","description":"Illuminez votre jardin avec cette balise solaire \u00e0 LED, discr\u00e8te et pratique, elle est id\u00e9ale pour servir d'\u00e9clairage d'accentuation pour tout chemin ou espace de votre jardin que vous souhaitez baliser. Une applique solaire aux finitions tr\u00e8s r\u00e9sistantes et \u00e0 la grande autonomie qui garantit des heures d'\u00e9clairage. Ref. ECORVUS-002T60A3220LINGRDPeut \u00eatre install\u00e9 en tant que lampe murale ou balise","robots":{"index":"index","follow":"follow","max-snippet":"max-snippet:-1","max-image-preview":"max-image-preview:large","max-video-preview":"max-video-preview:-1"},"canonical":"https:\/\/arteconfort.com\/fr\/producto\/corvus\/","og_locale":"fr_FR","og_type":"article","og_title":"CORVUS - Solar, Suelo - Arteconfort","og_description":"Illuminez votre jardin avec cette balise solaire \u00e0 LED, discr\u00e8te et pratique, elle est id\u00e9ale pour servir d'\u00e9clairage d'accentuation pour tout chemin ou espace de votre jardin que vous souhaitez baliser. Une applique solaire aux finitions tr\u00e8s r\u00e9sistantes et \u00e0 la grande autonomie qui garantit des heures d'\u00e9clairage. Ref. ECORVUS-002T60A3220LINGRDPeut \u00eatre install\u00e9 en tant que lampe murale ou balise","og_url":"https:\/\/arteconfort.com\/fr\/producto\/corvus\/","og_site_name":"Arteconfort","article_modified_time":"2023-04-24T07:45:46+00:00","og_image":[{"width":1024,"height":1024,"url":"https:\/\/arteconfort.com\/wp-content\/uploads\/2024\/06\/solar-CORVUS-115613.webp","type":"image\/webp"}],"twitter_card":"summary_large_image","twitter_misc":{"Dur\u00e9e de lecture estim\u00e9e":"1 minute"},"schema":{"@context":"https:\/\/schema.org","@graph":[{"@type":"WebPage","@id":"https:\/\/arteconfort.com\/fr\/producto\/corvus\/","url":"https:\/\/arteconfort.com\/fr\/producto\/corvus\/","name":"CORVUS - Solar, Suelo - Arteconfort","isPartOf":{"@id":"https:\/\/arteconfort.com\/fr\/#website"},"primaryImageOfPage":{"@id":"https:\/\/arteconfort.com\/fr\/producto\/corvus\/#primaryimage"},"image":{"@id":"https:\/\/arteconfort.com\/fr\/producto\/corvus\/#primaryimage"},"thumbnailUrl":"https:\/\/arteconfort.com\/wp-content\/uploads\/2024\/06\/solar-CORVUS-115613.webp","datePublished":"2019-08-12T06:29:53+00:00","dateModified":"2023-04-24T07:45:46+00:00","description":"Illuminez votre jardin avec cette balise solaire \u00e0 LED, discr\u00e8te et pratique, elle est id\u00e9ale pour servir d'\u00e9clairage d'accentuation pour tout chemin ou espace de votre jardin que vous souhaitez baliser. Une applique solaire aux finitions tr\u00e8s r\u00e9sistantes et \u00e0 la grande autonomie qui garantit des heures d'\u00e9clairage. Ref. ECORVUS-002T60A3220LINGRDPeut \u00eatre install\u00e9 en tant que lampe murale ou balise","breadcrumb":{"@id":"https:\/\/arteconfort.com\/fr\/producto\/corvus\/#breadcrumb"},"inLanguage":"fr-FR","potentialAction":[{"@type":"ReadAction","target":["https:\/\/arteconfort.com\/fr\/producto\/corvus\/"]}]},{"@type":"ImageObject","inLanguage":"fr-FR","@id":"https:\/\/arteconfort.com\/fr\/producto\/corvus\/#primaryimage","url":"https:\/\/arteconfort.com\/wp-content\/uploads\/2024\/06\/solar-CORVUS-115613.webp","contentUrl":"https:\/\/arteconfort.com\/wp-content\/uploads\/2024\/06\/solar-CORVUS-115613.webp","width":1024,"height":1024,"caption":"Baliza solar CORVUS principal"},{"@type":"BreadcrumbList","@id":"https:\/\/arteconfort.com\/fr\/producto\/corvus\/#breadcrumb","itemListElement":[{"@type":"ListItem","position":1,"name":"Inicio","item":"https:\/\/arteconfort.com\/fr\/"},{"@type":"ListItem","position":2,"name":"Boutique","item":"https:\/\/arteconfort.com\/fr\/boutique\/"},{"@type":"ListItem","position":3,"name":"CORVUS"}]},{"@type":"WebSite","@id":"https:\/\/arteconfort.com\/fr\/#website","url":"https:\/\/arteconfort.com\/fr\/","name":"Arteconfort","description":"Especialistas en productos del hogar","publisher":{"@id":"https:\/\/arteconfort.com\/fr\/#organization"},"potentialAction":[{"@type":"SearchAction","target":{"@type":"EntryPoint","urlTemplate":"https:\/\/arteconfort.com\/fr\/?s={search_term_string}"},"query-input":{"@type":"PropertyValueSpecification","valueRequired":true,"valueName":"search_term_string"}}],"inLanguage":"fr-FR"},{"@type":"Organization","@id":"https:\/\/arteconfort.com\/fr\/#organization","name":"Arteconfort","url":"https:\/\/arteconfort.com\/fr\/","logo":{"@type":"ImageObject","inLanguage":"fr-FR","@id":"https:\/\/arteconfort.com\/fr\/#\/schema\/logo\/image\/","url":"https:\/\/arteconfort.com\/wp-content\/uploads\/2019\/07\/logo-arteconfort.png","contentUrl":"https:\/\/arteconfort.com\/wp-content\/uploads\/2019\/07\/logo-arteconfort.png","width":230,"height":88,"caption":"Arteconfort"},"image":{"@id":"https:\/\/arteconfort.com\/fr\/#\/schema\/logo\/image\/"}}]}},"_links":{"self":[{"href":"https:\/\/arteconfort.com\/fr\/wp-json\/wp\/v2\/product\/11107","targetHints":{"allow":["GET"]}}],"collection":[{"href":"https:\/\/arteconfort.com\/fr\/wp-json\/wp\/v2\/product"}],"about":[{"href":"https:\/\/arteconfort.com\/fr\/wp-json\/wp\/v2\/types\/product"}],"wp:featuredmedia":[{"embeddable":true,"href":"https:\/\/arteconfort.com\/fr\/wp-json\/wp\/v2\/media\/41291"}],"wp:attachment":[{"href":"https:\/\/arteconfort.com\/fr\/wp-json\/wp\/v2\/media?parent=11107"}],"wp:term":[{"taxonomy":"product_brand","embeddable":true,"href":"https:\/\/arteconfort.com\/fr\/wp-json\/wp\/v2\/product_brand?post=11107"},{"taxonomy":"product_cat","embeddable":true,"href":"https:\/\/arteconfort.com\/fr\/wp-json\/wp\/v2\/product_cat?post=11107"},{"taxonomy":"product_tag","embeddable":true,"href":"https:\/\/arteconfort.com\/fr\/wp-json\/wp\/v2\/product_tag?post=11107"}],"curies":[{"name":"wp","href":"https:\/\/api.w.org\/{rel}","templated":true}]}}