{"id":11110,"date":"2019-08-12T08:30:21","date_gmt":"2019-08-12T06:30:21","guid":{"rendered":"https:\/\/arteconfort.com\/producto\/non%20class\u00e9\/corvus-rgb\/"},"modified":"2023-04-24T09:53:00","modified_gmt":"2023-04-24T07:53:00","slug":"corvus-rgb","status":"publish","type":"product","link":"https:\/\/arteconfort.com\/fr\/producto\/corvus-rgb\/","title":{"rendered":"CORVUS RGB"},"content":{"rendered":"<div class=\"wpb-content-wrapper\"><p>[vc_row][vc_column width=&#8221;1\/2&#8243;][vc_accordion collapsible=&#8221;true&#8221; active_tab=&#8221;false&#8221;][vc_accordion_tab title=&#8221;Caract\u00e9ristiques g\u00e9n\u00e9rales&#8221;][vc_column_text]<strong>Dimensions<\/strong> 320x95x270mm<br \/>\n<strong>Mat\u00e9riau<\/strong> ABS+PC<br \/>\n<strong>Finition<\/strong> Noir<br \/>\n<strong>IP<\/strong> 44<br \/>\n<strong>Garantie<\/strong> 3 ann\u00e9es[\/vc_column_text][\/vc_accordion_tab][vc_accordion_tab title=&#8221;Panneau solaire&#8221;][vc_column_text]<strong>Mat\u00e9riau<\/strong> Monocristallin<br \/>\n<strong>Type de m\u00e9thode d&#8217;encapsulation<\/strong> PET[\/vc_column_text][\/vc_accordion_tab][vc_accordion_tab title=&#8221;Batterie&#8221;][vc_column_text]<strong>Type de batterie<\/strong> Li-ion 18650<br \/>\n<strong>Tension de charge<\/strong> 3,7V<br \/>\n<strong>Capacit\u00e9<\/strong> 2.200mAh<br \/>\n<strong>Temps de charge<\/strong> 6h<br \/>\n<strong>Autonomie<\/strong> 8h[\/vc_column_text][\/vc_accordion_tab][vc_accordion_tab title=&#8221;LED&#8221;][vc_column_text]<strong>Type de LED<\/strong> SMD<br \/>\n<strong>Angle d&#8217;ouverture<\/strong> 120\u00ba<br \/>\n<strong>CCT<\/strong> RGB<br \/>\n<strong>Flux lumineux<\/strong> 210lm[\/vc_column_text][\/vc_accordion_tab][vc_accordion_tab title=&#8221;Modes de fonctionnement&#8221;][vc_column_text]<strong>Mode 1<\/strong> \u00c9clairage fixe de 210 lm<br \/>\n<strong>Mode 2<\/strong> \u00c9clairage fixe de 120 lm[\/vc_column_text][\/vc_accordion_tab][vc_accordion_tab title=&#8221;Capteur&#8221;][vc_column_text]<strong>Capteur<\/strong> Non[\/vc_column_text][\/vc_accordion_tab][\/vc_accordion][\/vc_column][vc_column width=&#8221;1\/2&#8243;][vc_single_image image=&#8221;6742&#8243;][\/vc_column][\/vc_row]<\/p>\n<\/div>","protected":false},"excerpt":{"rendered":"<p>Apportez de la couleur \u00e0 l&#8217;ext\u00e9rieur de votre maison avec la balise solaire CORVUS RGB. Son design discret offre un \u00e9clairage d&#8217;accentuation color\u00e9 et amusant gr\u00e2ce \u00e0 ses lumi\u00e8res LED que vous pouvez r\u00e9gler en diff\u00e9rentes couleurs. Ce projecteur solaire peut \u00eatre mont\u00e9 de deux fa\u00e7ons : comme une lampe murale ou comme une balise.<br \/>\n<strong>Ref. ECORVUS-002RGBA3220LINGRD<\/strong>[vc_row][vc_column offset=&#8221;vc_hidden-xs&#8221;][vc_empty_space height=&#8221;30px&#8221;][\/vc_column][\/vc_row][vc_row][vc_column][vc_row_inner][vc_column_inner][wyde_info_box icon_set=&#8221;simple_line&#8221; icon_simple_line=&#8221;sl-eye&#8221; icon_position=&#8221;left&#8221; title=&#8221;LUMI\u00c8RE RGB&#8221;]Cr\u00e9er des atmosph\u00e8res avec des lumi\u00e8res color\u00e9es[\/wyde_info_box][vc_empty_space height=&#8221;15px&#8221;][\/vc_column_inner][\/vc_row_inner][vc_row_inner][vc_column_inner][wyde_info_box icon_set=&#8221;simple_line&#8221; icon_simple_line=&#8221;sl-wrench&#8221; icon_position=&#8221;left&#8221; title=&#8221;2 OPTIONS DE MONTAGE&#8221;]Peut \u00eatre install\u00e9 en tant que lampe murale ou balise[\/wyde_info_box][vc_empty_space height=&#8221;15px&#8221;][\/vc_column_inner][\/vc_row_inner][\/vc_column][\/vc_row][vc_row][vc_column offset=&#8221;vc_hidden-xs&#8221;][vc_empty_space height=&#8221;60px&#8221;][\/vc_column][\/vc_row][vc_row][vc_column width=&#8221;1\/3&#8243;][wyde_link_button icon_set=&#8221;simple_line&#8221; icon_simple_line=&#8221;sl-settings&#8221; style=&#8221;round&#8221; title=&#8221;Instructions&#8221; link=&#8221;url:http%3A%2F%2Farteconfort.com%2Fwp-content%2Fuploads%2F2020%2F01%2Fim-CORVUS.pdf||target:%20_blank|rel:nofollow&#8221; color=&#8221;#ffffff&#8221; bg_color=&#8221;#222222&#8243;][\/vc_column][\/vc_row][vc_row][vc_column offset=&#8221;vc_hidden-xs&#8221;][vc_empty_space][\/vc_column][\/vc_row]<\/p>\n","protected":false},"featured_media":35016,"template":"","meta":[],"product_brand":[],"product_cat":[406],"product_tag":[],"class_list":{"0":"post-11110","1":"product","2":"type-product","3":"status-publish","4":"has-post-thumbnail","6":"product_cat-descatalogados-fr","8":"first","9":"instock","10":"shipping-taxable","11":"product-type-external"},"yoast_head":"<!-- This site is optimized with the Yoast SEO plugin v26.5 - https:\/\/yoast.com\/wordpress\/plugins\/seo\/ -->\n<title>CORVUS RGB - Descatalogados - Arteconfort<\/title>\n<meta name=\"description\" content=\"Apportez de la couleur \u00e0 l&#039;ext\u00e9rieur de votre maison avec la balise solaire CORVUS RGB. Son design discret offre un \u00e9clairage d&#039;accentuation color\u00e9 et amusant gr\u00e2ce \u00e0 ses lumi\u00e8res LED que vous pouvez r\u00e9gler en diff\u00e9rentes couleurs. Ce projecteur solaire peut \u00eatre mont\u00e9 de deux fa\u00e7ons : comme une lampe murale ou comme une balise. Ref. ECORVUS-002RGBA3220LINGRDCr\u00e9er des atmosph\u00e8res avec des lumi\u00e8res color\u00e9esPeut \u00eatre install\u00e9 en tant que lampe murale ou balise\" \/>\n<meta name=\"robots\" content=\"index, follow, max-snippet:-1, max-image-preview:large, max-video-preview:-1\" \/>\n<link rel=\"canonical\" href=\"https:\/\/arteconfort.com\/fr\/producto\/corvus-rgb\/\" \/>\n<meta property=\"og:locale\" content=\"fr_FR\" \/>\n<meta property=\"og:type\" content=\"article\" \/>\n<meta property=\"og:title\" content=\"CORVUS RGB - Descatalogados - Arteconfort\" \/>\n<meta property=\"og:description\" content=\"Apportez de la couleur \u00e0 l&#039;ext\u00e9rieur de votre maison avec la balise solaire CORVUS RGB. Son design discret offre un \u00e9clairage d&#039;accentuation color\u00e9 et amusant gr\u00e2ce \u00e0 ses lumi\u00e8res LED que vous pouvez r\u00e9gler en diff\u00e9rentes couleurs. Ce projecteur solaire peut \u00eatre mont\u00e9 de deux fa\u00e7ons : comme une lampe murale ou comme une balise. Ref. ECORVUS-002RGBA3220LINGRDCr\u00e9er des atmosph\u00e8res avec des lumi\u00e8res color\u00e9esPeut \u00eatre install\u00e9 en tant que lampe murale ou balise\" \/>\n<meta property=\"og:url\" content=\"https:\/\/arteconfort.com\/fr\/producto\/corvus-rgb\/\" \/>\n<meta property=\"og:site_name\" content=\"Arteconfort\" \/>\n<meta property=\"article:modified_time\" content=\"2023-04-24T07:53:00+00:00\" \/>\n<meta property=\"og:image\" content=\"https:\/\/arteconfort.com\/wp-content\/uploads\/2023\/10\/CORVUS.webp\" \/>\n\t<meta property=\"og:image:width\" content=\"1024\" \/>\n\t<meta property=\"og:image:height\" content=\"1024\" \/>\n\t<meta property=\"og:image:type\" content=\"image\/webp\" \/>\n<meta name=\"twitter:card\" content=\"summary_large_image\" \/>\n<meta name=\"twitter:label1\" content=\"Dur\u00e9e de lecture estim\u00e9e\" \/>\n\t<meta name=\"twitter:data1\" content=\"1 minute\" \/>\n<!-- \/ Yoast SEO plugin. -->","yoast_head_json":{"title":"CORVUS RGB - Descatalogados - Arteconfort","description":"Apportez de la couleur \u00e0 l'ext\u00e9rieur de votre maison avec la balise solaire CORVUS RGB. Son design discret offre un \u00e9clairage d'accentuation color\u00e9 et amusant gr\u00e2ce \u00e0 ses lumi\u00e8res LED que vous pouvez r\u00e9gler en diff\u00e9rentes couleurs. Ce projecteur solaire peut \u00eatre mont\u00e9 de deux fa\u00e7ons : comme une lampe murale ou comme une balise. Ref. ECORVUS-002RGBA3220LINGRDCr\u00e9er des atmosph\u00e8res avec des lumi\u00e8res color\u00e9esPeut \u00eatre install\u00e9 en tant que lampe murale ou balise","robots":{"index":"index","follow":"follow","max-snippet":"max-snippet:-1","max-image-preview":"max-image-preview:large","max-video-preview":"max-video-preview:-1"},"canonical":"https:\/\/arteconfort.com\/fr\/producto\/corvus-rgb\/","og_locale":"fr_FR","og_type":"article","og_title":"CORVUS RGB - Descatalogados - Arteconfort","og_description":"Apportez de la couleur \u00e0 l'ext\u00e9rieur de votre maison avec la balise solaire CORVUS RGB. Son design discret offre un \u00e9clairage d'accentuation color\u00e9 et amusant gr\u00e2ce \u00e0 ses lumi\u00e8res LED que vous pouvez r\u00e9gler en diff\u00e9rentes couleurs. Ce projecteur solaire peut \u00eatre mont\u00e9 de deux fa\u00e7ons : comme une lampe murale ou comme une balise. Ref. ECORVUS-002RGBA3220LINGRDCr\u00e9er des atmosph\u00e8res avec des lumi\u00e8res color\u00e9esPeut \u00eatre install\u00e9 en tant que lampe murale ou balise","og_url":"https:\/\/arteconfort.com\/fr\/producto\/corvus-rgb\/","og_site_name":"Arteconfort","article_modified_time":"2023-04-24T07:53:00+00:00","og_image":[{"width":1024,"height":1024,"url":"https:\/\/arteconfort.com\/wp-content\/uploads\/2023\/10\/CORVUS.webp","type":"image\/webp"}],"twitter_card":"summary_large_image","twitter_misc":{"Dur\u00e9e de lecture estim\u00e9e":"1 minute"},"schema":{"@context":"https:\/\/schema.org","@graph":[{"@type":"WebPage","@id":"https:\/\/arteconfort.com\/fr\/producto\/corvus-rgb\/","url":"https:\/\/arteconfort.com\/fr\/producto\/corvus-rgb\/","name":"CORVUS RGB - Descatalogados - Arteconfort","isPartOf":{"@id":"https:\/\/arteconfort.com\/fr\/#website"},"primaryImageOfPage":{"@id":"https:\/\/arteconfort.com\/fr\/producto\/corvus-rgb\/#primaryimage"},"image":{"@id":"https:\/\/arteconfort.com\/fr\/producto\/corvus-rgb\/#primaryimage"},"thumbnailUrl":"https:\/\/arteconfort.com\/wp-content\/uploads\/2023\/10\/CORVUS.webp","datePublished":"2019-08-12T06:30:21+00:00","dateModified":"2023-04-24T07:53:00+00:00","description":"Apportez de la couleur \u00e0 l'ext\u00e9rieur de votre maison avec la balise solaire CORVUS RGB. Son design discret offre un \u00e9clairage d'accentuation color\u00e9 et amusant gr\u00e2ce \u00e0 ses lumi\u00e8res LED que vous pouvez r\u00e9gler en diff\u00e9rentes couleurs. Ce projecteur solaire peut \u00eatre mont\u00e9 de deux fa\u00e7ons : comme une lampe murale ou comme une balise. Ref. ECORVUS-002RGBA3220LINGRDCr\u00e9er des atmosph\u00e8res avec des lumi\u00e8res color\u00e9esPeut \u00eatre install\u00e9 en tant que lampe murale ou balise","breadcrumb":{"@id":"https:\/\/arteconfort.com\/fr\/producto\/corvus-rgb\/#breadcrumb"},"inLanguage":"fr-FR","potentialAction":[{"@type":"ReadAction","target":["https:\/\/arteconfort.com\/fr\/producto\/corvus-rgb\/"]}]},{"@type":"ImageObject","inLanguage":"fr-FR","@id":"https:\/\/arteconfort.com\/fr\/producto\/corvus-rgb\/#primaryimage","url":"https:\/\/arteconfort.com\/wp-content\/uploads\/2023\/10\/CORVUS.webp","contentUrl":"https:\/\/arteconfort.com\/wp-content\/uploads\/2023\/10\/CORVUS.webp","width":1024,"height":1024,"caption":"Baliza solar CORVUS"},{"@type":"BreadcrumbList","@id":"https:\/\/arteconfort.com\/fr\/producto\/corvus-rgb\/#breadcrumb","itemListElement":[{"@type":"ListItem","position":1,"name":"Inicio","item":"https:\/\/arteconfort.com\/fr\/"},{"@type":"ListItem","position":2,"name":"Boutique","item":"https:\/\/arteconfort.com\/fr\/boutique\/"},{"@type":"ListItem","position":3,"name":"CORVUS RGB"}]},{"@type":"WebSite","@id":"https:\/\/arteconfort.com\/fr\/#website","url":"https:\/\/arteconfort.com\/fr\/","name":"Arteconfort","description":"Especialistas en productos del hogar","publisher":{"@id":"https:\/\/arteconfort.com\/fr\/#organization"},"potentialAction":[{"@type":"SearchAction","target":{"@type":"EntryPoint","urlTemplate":"https:\/\/arteconfort.com\/fr\/?s={search_term_string}"},"query-input":{"@type":"PropertyValueSpecification","valueRequired":true,"valueName":"search_term_string"}}],"inLanguage":"fr-FR"},{"@type":"Organization","@id":"https:\/\/arteconfort.com\/fr\/#organization","name":"Arteconfort","url":"https:\/\/arteconfort.com\/fr\/","logo":{"@type":"ImageObject","inLanguage":"fr-FR","@id":"https:\/\/arteconfort.com\/fr\/#\/schema\/logo\/image\/","url":"https:\/\/arteconfort.com\/wp-content\/uploads\/2019\/07\/logo-arteconfort.png","contentUrl":"https:\/\/arteconfort.com\/wp-content\/uploads\/2019\/07\/logo-arteconfort.png","width":230,"height":88,"caption":"Arteconfort"},"image":{"@id":"https:\/\/arteconfort.com\/fr\/#\/schema\/logo\/image\/"}}]}},"_links":{"self":[{"href":"https:\/\/arteconfort.com\/fr\/wp-json\/wp\/v2\/product\/11110","targetHints":{"allow":["GET"]}}],"collection":[{"href":"https:\/\/arteconfort.com\/fr\/wp-json\/wp\/v2\/product"}],"about":[{"href":"https:\/\/arteconfort.com\/fr\/wp-json\/wp\/v2\/types\/product"}],"wp:featuredmedia":[{"embeddable":true,"href":"https:\/\/arteconfort.com\/fr\/wp-json\/wp\/v2\/media\/35016"}],"wp:attachment":[{"href":"https:\/\/arteconfort.com\/fr\/wp-json\/wp\/v2\/media?parent=11110"}],"wp:term":[{"taxonomy":"product_brand","embeddable":true,"href":"https:\/\/arteconfort.com\/fr\/wp-json\/wp\/v2\/product_brand?post=11110"},{"taxonomy":"product_cat","embeddable":true,"href":"https:\/\/arteconfort.com\/fr\/wp-json\/wp\/v2\/product_cat?post=11110"},{"taxonomy":"product_tag","embeddable":true,"href":"https:\/\/arteconfort.com\/fr\/wp-json\/wp\/v2\/product_tag?post=11110"}],"curies":[{"name":"wp","href":"https:\/\/api.w.org\/{rel}","templated":true}]}}