{"id":11113,"date":"2019-08-09T07:51:20","date_gmt":"2019-08-09T05:51:20","guid":{"rendered":"https:\/\/arteconfort.com\/producto\/non%20class\u00e9\/draco\/"},"modified":"2022-04-21T10:25:40","modified_gmt":"2022-04-21T08:25:40","slug":"draco","status":"publish","type":"product","link":"https:\/\/arteconfort.com\/fr\/producto\/draco\/","title":{"rendered":"DRACO"},"content":{"rendered":"<div class=\"wpb-content-wrapper\"><p>[vc_row][vc_column][vc_row_inner][vc_column_inner width=&#8221;1\/4&#8243; offset=&#8221;vc_col-xs-6&#8243;][wyde_info_box icon_set=&#8221;bigmug_line&#8221; icon_bigmug_line=&#8221;bigmug-line-foggy-sun&#8221; title=&#8221;PANNEAU SOLAIRE AVEC UNE PLUS GRANDE SURFACE&#8221;]Am\u00e9lioration de la charge gr\u00e2ce \u00e0 une meilleure captation du soleil et \u00e0 la qualit\u00e9 des panneaux pour une meilleure conversion de l&#8217;\u00e9nergie[\/wyde_info_box][\/vc_column_inner][vc_column_inner width=&#8221;1\/4&#8243; offset=&#8221;vc_col-xs-6&#8243;][wyde_info_box icon_set=&#8221;simple_line&#8221; icon_simple_line=&#8221;sl-rocket&#8221; title=&#8221;BATTERIE \u00c0 RENDEMENT ET CAPACIT\u00c9 PLUS \u00c9LEV\u00c9S&#8221;]Pour une autonomie plus durable[\/wyde_info_box][\/vc_column_inner][vc_column_inner width=&#8221;1\/4&#8243; offset=&#8221;vc_col-xs-6&#8243;][wyde_info_box icon_set=&#8221;simple_line&#8221; icon_simple_line=&#8221;sl-fire&#8221; title=&#8221;EFFET DE LA FLAMME&#8221;]3 types d&#8217;\u00e9clairage (flamme, lumi\u00e8re fixe et d\u00e9grad\u00e9)[\/wyde_info_box][\/vc_column_inner][vc_column_inner width=&#8221;1\/4&#8243; offset=&#8221;vc_col-xs-6&#8243;][wyde_info_box icon_set=&#8221;simple_line&#8221; icon_simple_line=&#8221;sl-power&#8221; title=&#8221;IGNITION FACILE&#8221;]Allumage par double pression[\/wyde_info_box][\/vc_column_inner][\/vc_row_inner][vc_row_inner][vc_column_inner offset=&#8221;vc_hidden-xs&#8221;][vc_empty_space height=&#8221;60px&#8221;][\/vc_column_inner][\/vc_row_inner][\/vc_column][\/vc_row][vc_row][vc_column width=&#8221;1\/2&#8243;][vc_accordion collapsible=&#8221;true&#8221; active_tab=&#8221;false&#8221;][vc_accordion_tab title=&#8221;Caract\u00e9ristiques g\u00e9n\u00e9rales&#8221;][vc_column_text]<strong>Dimensiones<\/strong> 725\/320\/330x121x121mm<br \/>\n<strong>Mat\u00e9riau<\/strong> ABS r\u00e9sistant aux chocs<br \/>\n<strong>Finition<\/strong> noire<br \/>\n<strong>IP<\/strong> 65<br \/>\n<strong>Garantie<\/strong> 3 ans[\/vc_column_text][\/vc_accordion_tab][vc_accordion_tab title=&#8221;Panneau solaire&#8221;][vc_column_text]<strong>Mat\u00e9riau<\/strong> Silicium polycristallin<br \/>\n<strong>Type d&#8217;encapsulation<\/strong> PET<br \/>\n<strong>Puissance<\/strong> 0,88W (rendement de 17%)[\/vc_column_text][\/vc_accordion_tab][vc_accordion_tab title=&#8221;Batterie&#8221;][vc_column_text]<strong>Type de batterie<\/strong> Li-ion<br \/>\n<strong>Tension de charge<\/strong> 3.7V<br \/>\n<strong>Capacit\u00e9<\/strong> 2.200mAh<br \/>\n<strong>Temps de charge<\/strong> 6h<br \/>\n<strong>Autonomie<\/strong> 36h[\/vc_column_text][\/vc_accordion_tab][vc_accordion_tab title=&#8221;LED&#8221;][vc_column_text]<strong>Nombre de LEDs<\/strong> 96<br \/>\n<strong>Type de LED<\/strong> SMD 2835<br \/>\n<strong>Angle d&#8217;ouverture<\/strong> 360\u00ba<br \/>\n<strong>CCT<\/strong> 1700-1800K<br \/>\n<strong>Flux lumineux<\/strong> 30-40lm[\/vc_column_text][\/vc_accordion_tab][vc_accordion_tab title=&#8221;Modes de fonctionnement&#8221;][vc_column_text]<strong>Mode 1<\/strong> Effet de flamme<br \/>\n<strong>Mode 2<\/strong> Lumi\u00e8re fixe<br \/>\n<strong>Mode 3<\/strong> Gradient[\/vc_column_text][\/vc_accordion_tab][vc_accordion_tab title=&#8221;Capteur&#8221;][vc_column_text]<strong>Capteur<\/strong> Non[\/vc_column_text][\/vc_accordion_tab][\/vc_accordion][\/vc_column][vc_column width=&#8221;1\/2&#8243;][vc_single_image image=&#8221;9837&#8243;][\/vc_column][\/vc_row]<\/p>\n<\/div>","protected":false},"excerpt":{"rendered":"<p>La balise solaire DRACO a un design original et innovant qui mettra en valeur votre jardin ou votre terrasse \u00e0 tout moment de l&#8217;ann\u00e9e. Il dispose de 3 types d&#8217;\u00e9clairage : mode flamme, lumi\u00e8re fixe ou d\u00e9grad\u00e9 avec lesquels vous pouvez donner une touche originale \u00e0 vos ext\u00e9rieurs. Il peut \u00e9galement \u00eatre mont\u00e9 de 3 fa\u00e7ons: comme une applique, sur un mur et comme une balise pour obtenir un effet de torche.<\/p>\n<p><strong>Ref. EDRACO-001T17SR220LINGR65D<\/strong>[vc_row][vc_column offset=&#8221;vc_hidden-xs&#8221;][vc_empty_space height=&#8221;30px&#8221;][\/vc_column][\/vc_row][vc_row][vc_column][vc_row_inner][vc_column_inner][wyde_info_box icon_set=&#8221;simple_line&#8221; icon_simple_line=&#8221;sl-shield&#8221; icon_position=&#8221;left&#8221; title=&#8221;R\u00c9SISTANT AUX CHOCS&#8221;]Mat\u00e9riau \u00e0 haute r\u00e9sistance[\/wyde_info_box][vc_empty_space height=&#8221;15px&#8221;][\/vc_column_inner][\/vc_row_inner][vc_row_inner][vc_column_inner][wyde_info_box icon_set=&#8221;stroke_gap&#8221; icon_stroke_gap=&#8221;sg-BatteryFull&#8221; icon_position=&#8221;left&#8221; title=&#8221;CHARGEMENT PAR USB&#8221;]Pour qu&#8217;il soit toujours pr\u00eat \u00e0 l&#8217;emploi[\/wyde_info_box][vc_empty_space height=&#8221;15px&#8221;][\/vc_column_inner][\/vc_row_inner][vc_row_inner][vc_column_inner][wyde_info_box icon_set=&#8221;simple_line&#8221; icon_simple_line=&#8221;sl-wrench&#8221; icon_position=&#8221;left&#8221; title=&#8221;MONTAGE 3 EN 1&#8243;]Comprend des accessoires permettant de l&#8217;installer de 3 fa\u00e7ons diff\u00e9rentes[\/wyde_info_box][vc_empty_space height=&#8221;15px&#8221;][\/vc_column_inner][\/vc_row_inner][\/vc_column][\/vc_row][vc_row][vc_column offset=&#8221;vc_hidden-xs&#8221;][vc_empty_space height=&#8221;60px&#8221;][\/vc_column][\/vc_row][vc_row][vc_column width=&#8221;1\/3&#8243;][wyde_link_button icon_set=&#8221;simple_line&#8221; icon_simple_line=&#8221;sl-settings&#8221; style=&#8221;round&#8221; title=&#8221;Instructions&#8221; link=&#8221;url:http%3A%2F%2Farteconfort.com%2Fwp-content%2Fuploads%2F2020%2F01%2Fim-DRACO.pdf||target:%20_blank|rel:nofollow&#8221; color=&#8221;#ffffff&#8221; bg_color=&#8221;#222222&#8243;][\/vc_column][vc_column width=&#8221;1\/3&#8243;][wyde_link_button icon_set=&#8221;simple_line&#8221; icon_simple_line=&#8221;sl-social-youtube&#8221; style=&#8221;outline round&#8221; title=&#8221;Vid\u00e9o&#8221; link=&#8221;url:https%3A%2F%2Fwww.youtube.com%2Fwatch%3Fv%3Dbcf7JFKLnFE||target:%20_blank|rel:nofollow&#8221; color=&#8221;#222222&#8243; hover_color=&#8221;#ffffff&#8221;][\/vc_column][\/vc_row][vc_row][vc_column offset=&#8221;vc_hidden-xs&#8221;][vc_empty_space][\/vc_column][\/vc_row][vc_row][vc_column][vc_empty_space height=&#8221;20px&#8221;][\/vc_column][\/vc_row][vc_row background_mode=&#8221;color&#8221; background_color=&#8221;#f5f5f5&#8243;][vc_column text_align=&#8221;center&#8221;][vc_row_inner padding_size=&#8221;m-padding&#8221;][vc_column_inner text_align=&#8221;center&#8221;][vc_single_image alignment=&#8221;center&#8221; image=&#8221;1046&#8243;][vc_column_text]Retrouvez cette guirlande solaire en vente exclusivement chez LEROY MERLIN[\/vc_column_text][vc_empty_space height=&#8221;15px&#8221;][wyde_link_button icon_set=&#8221;simple_line&#8221; icon_simple_line=&#8221;sl-login&#8221; style=&#8221;outline round&#8221; title=&#8221;Acc\u00e8s \u00e0 Leroy Merlin&#8221; link=&#8221;url:http%3A%2F%2Fwww.leroymerlin.es%2Ffp%2F82041519%2Fbaliza-solar-arte-antorch-sol-fire||target:%20_blank|rel:nofollow&#8221; color=&#8221;#61b4e4&#8243; hover_color=&#8221;#ffffff&#8221;][\/vc_column_inner][\/vc_row_inner][\/vc_column][\/vc_row]<\/p>\n","protected":false},"featured_media":35216,"template":"","meta":[],"product_brand":[],"product_cat":[336,337],"product_tag":[],"class_list":{"0":"post-11113","1":"product","2":"type-product","3":"status-publish","4":"has-post-thumbnail","6":"product_cat-solar-fr","7":"product_cat-iluminacion-solar-de-suelo-fr","9":"first","10":"instock","11":"shipping-taxable","12":"product-type-external"},"yoast_head":"<!-- This site is optimized with the Yoast SEO plugin v26.5 - https:\/\/yoast.com\/wordpress\/plugins\/seo\/ -->\n<title>DRACO - Solar, Suelo - Arteconfort<\/title>\n<meta name=\"description\" content=\"La balise solaire DRACO a un design original et innovant qui mettra en valeur votre jardin ou votre terrasse \u00e0 tout moment de l&#039;ann\u00e9e. Il dispose de 3 types d&#039;\u00e9clairage : mode flamme, lumi\u00e8re fixe ou d\u00e9grad\u00e9 avec lesquels vous pouvez donner une touche originale \u00e0 vos ext\u00e9rieurs. Il peut \u00e9galement \u00eatre mont\u00e9 de 3 fa\u00e7ons: comme une applique, sur un mur et comme une balise pour obtenir un effet de torche.  Ref. EDRACO-001T17SR220LINGR65DMat\u00e9riau \u00e0 haute r\u00e9sistancePour qu&#039;il soit toujours pr\u00eat \u00e0 l&#039;emploiComprend des accessoires permettant de l&#039;installer de 3 fa\u00e7ons diff\u00e9rentesRetrouvez cette guirlande solaire en vente exclusivement chez LEROY MERLIN\" \/>\n<meta name=\"robots\" content=\"index, follow, max-snippet:-1, max-image-preview:large, max-video-preview:-1\" \/>\n<link rel=\"canonical\" href=\"https:\/\/arteconfort.com\/fr\/producto\/draco\/\" \/>\n<meta property=\"og:locale\" content=\"fr_FR\" \/>\n<meta property=\"og:type\" content=\"article\" \/>\n<meta property=\"og:title\" content=\"DRACO - Solar, Suelo - Arteconfort\" \/>\n<meta property=\"og:description\" content=\"La balise solaire DRACO a un design original et innovant qui mettra en valeur votre jardin ou votre terrasse \u00e0 tout moment de l&#039;ann\u00e9e. Il dispose de 3 types d&#039;\u00e9clairage : mode flamme, lumi\u00e8re fixe ou d\u00e9grad\u00e9 avec lesquels vous pouvez donner une touche originale \u00e0 vos ext\u00e9rieurs. Il peut \u00e9galement \u00eatre mont\u00e9 de 3 fa\u00e7ons: comme une applique, sur un mur et comme une balise pour obtenir un effet de torche.  Ref. EDRACO-001T17SR220LINGR65DMat\u00e9riau \u00e0 haute r\u00e9sistancePour qu&#039;il soit toujours pr\u00eat \u00e0 l&#039;emploiComprend des accessoires permettant de l&#039;installer de 3 fa\u00e7ons diff\u00e9rentesRetrouvez cette guirlande solaire en vente exclusivement chez LEROY MERLIN\" \/>\n<meta property=\"og:url\" content=\"https:\/\/arteconfort.com\/fr\/producto\/draco\/\" \/>\n<meta property=\"og:site_name\" content=\"Arteconfort\" \/>\n<meta property=\"article:modified_time\" content=\"2022-04-21T08:25:40+00:00\" \/>\n<meta property=\"og:image\" content=\"https:\/\/arteconfort.com\/wp-content\/uploads\/2023\/10\/DRACO.webp\" \/>\n\t<meta property=\"og:image:width\" content=\"1024\" \/>\n\t<meta property=\"og:image:height\" content=\"1024\" \/>\n\t<meta property=\"og:image:type\" content=\"image\/webp\" \/>\n<meta name=\"twitter:card\" content=\"summary_large_image\" \/>\n<meta name=\"twitter:label1\" content=\"Dur\u00e9e de lecture estim\u00e9e\" \/>\n\t<meta name=\"twitter:data1\" content=\"2 minutes\" \/>\n<!-- \/ Yoast SEO plugin. -->","yoast_head_json":{"title":"DRACO - Solar, Suelo - Arteconfort","description":"La balise solaire DRACO a un design original et innovant qui mettra en valeur votre jardin ou votre terrasse \u00e0 tout moment de l'ann\u00e9e. Il dispose de 3 types d'\u00e9clairage : mode flamme, lumi\u00e8re fixe ou d\u00e9grad\u00e9 avec lesquels vous pouvez donner une touche originale \u00e0 vos ext\u00e9rieurs. Il peut \u00e9galement \u00eatre mont\u00e9 de 3 fa\u00e7ons: comme une applique, sur un mur et comme une balise pour obtenir un effet de torche.  Ref. EDRACO-001T17SR220LINGR65DMat\u00e9riau \u00e0 haute r\u00e9sistancePour qu'il soit toujours pr\u00eat \u00e0 l'emploiComprend des accessoires permettant de l'installer de 3 fa\u00e7ons diff\u00e9rentesRetrouvez cette guirlande solaire en vente exclusivement chez LEROY MERLIN","robots":{"index":"index","follow":"follow","max-snippet":"max-snippet:-1","max-image-preview":"max-image-preview:large","max-video-preview":"max-video-preview:-1"},"canonical":"https:\/\/arteconfort.com\/fr\/producto\/draco\/","og_locale":"fr_FR","og_type":"article","og_title":"DRACO - Solar, Suelo - Arteconfort","og_description":"La balise solaire DRACO a un design original et innovant qui mettra en valeur votre jardin ou votre terrasse \u00e0 tout moment de l'ann\u00e9e. Il dispose de 3 types d'\u00e9clairage : mode flamme, lumi\u00e8re fixe ou d\u00e9grad\u00e9 avec lesquels vous pouvez donner une touche originale \u00e0 vos ext\u00e9rieurs. Il peut \u00e9galement \u00eatre mont\u00e9 de 3 fa\u00e7ons: comme une applique, sur un mur et comme une balise pour obtenir un effet de torche.  Ref. EDRACO-001T17SR220LINGR65DMat\u00e9riau \u00e0 haute r\u00e9sistancePour qu'il soit toujours pr\u00eat \u00e0 l'emploiComprend des accessoires permettant de l'installer de 3 fa\u00e7ons diff\u00e9rentesRetrouvez cette guirlande solaire en vente exclusivement chez LEROY MERLIN","og_url":"https:\/\/arteconfort.com\/fr\/producto\/draco\/","og_site_name":"Arteconfort","article_modified_time":"2022-04-21T08:25:40+00:00","og_image":[{"width":1024,"height":1024,"url":"https:\/\/arteconfort.com\/wp-content\/uploads\/2023\/10\/DRACO.webp","type":"image\/webp"}],"twitter_card":"summary_large_image","twitter_misc":{"Dur\u00e9e de lecture estim\u00e9e":"2 minutes"},"schema":{"@context":"https:\/\/schema.org","@graph":[{"@type":"WebPage","@id":"https:\/\/arteconfort.com\/fr\/producto\/draco\/","url":"https:\/\/arteconfort.com\/fr\/producto\/draco\/","name":"DRACO - Solar, Suelo - Arteconfort","isPartOf":{"@id":"https:\/\/arteconfort.com\/fr\/#website"},"primaryImageOfPage":{"@id":"https:\/\/arteconfort.com\/fr\/producto\/draco\/#primaryimage"},"image":{"@id":"https:\/\/arteconfort.com\/fr\/producto\/draco\/#primaryimage"},"thumbnailUrl":"https:\/\/arteconfort.com\/wp-content\/uploads\/2023\/10\/DRACO.webp","datePublished":"2019-08-09T05:51:20+00:00","dateModified":"2022-04-21T08:25:40+00:00","description":"La balise solaire DRACO a un design original et innovant qui mettra en valeur votre jardin ou votre terrasse \u00e0 tout moment de l'ann\u00e9e. Il dispose de 3 types d'\u00e9clairage : mode flamme, lumi\u00e8re fixe ou d\u00e9grad\u00e9 avec lesquels vous pouvez donner une touche originale \u00e0 vos ext\u00e9rieurs. Il peut \u00e9galement \u00eatre mont\u00e9 de 3 fa\u00e7ons: comme une applique, sur un mur et comme une balise pour obtenir un effet de torche. Ref. EDRACO-001T17SR220LINGR65DMat\u00e9riau \u00e0 haute r\u00e9sistancePour qu'il soit toujours pr\u00eat \u00e0 l'emploiComprend des accessoires permettant de l'installer de 3 fa\u00e7ons diff\u00e9rentesRetrouvez cette guirlande solaire en vente exclusivement chez LEROY MERLIN","breadcrumb":{"@id":"https:\/\/arteconfort.com\/fr\/producto\/draco\/#breadcrumb"},"inLanguage":"fr-FR","potentialAction":[{"@type":"ReadAction","target":["https:\/\/arteconfort.com\/fr\/producto\/draco\/"]}]},{"@type":"ImageObject","inLanguage":"fr-FR","@id":"https:\/\/arteconfort.com\/fr\/producto\/draco\/#primaryimage","url":"https:\/\/arteconfort.com\/wp-content\/uploads\/2023\/10\/DRACO.webp","contentUrl":"https:\/\/arteconfort.com\/wp-content\/uploads\/2023\/10\/DRACO.webp","width":1024,"height":1024,"caption":"Baliza solar DRACO"},{"@type":"BreadcrumbList","@id":"https:\/\/arteconfort.com\/fr\/producto\/draco\/#breadcrumb","itemListElement":[{"@type":"ListItem","position":1,"name":"Inicio","item":"https:\/\/arteconfort.com\/fr\/"},{"@type":"ListItem","position":2,"name":"Boutique","item":"https:\/\/arteconfort.com\/fr\/boutique\/"},{"@type":"ListItem","position":3,"name":"DRACO"}]},{"@type":"WebSite","@id":"https:\/\/arteconfort.com\/fr\/#website","url":"https:\/\/arteconfort.com\/fr\/","name":"Arteconfort","description":"Especialistas en productos del hogar","publisher":{"@id":"https:\/\/arteconfort.com\/fr\/#organization"},"potentialAction":[{"@type":"SearchAction","target":{"@type":"EntryPoint","urlTemplate":"https:\/\/arteconfort.com\/fr\/?s={search_term_string}"},"query-input":{"@type":"PropertyValueSpecification","valueRequired":true,"valueName":"search_term_string"}}],"inLanguage":"fr-FR"},{"@type":"Organization","@id":"https:\/\/arteconfort.com\/fr\/#organization","name":"Arteconfort","url":"https:\/\/arteconfort.com\/fr\/","logo":{"@type":"ImageObject","inLanguage":"fr-FR","@id":"https:\/\/arteconfort.com\/fr\/#\/schema\/logo\/image\/","url":"https:\/\/arteconfort.com\/wp-content\/uploads\/2019\/07\/logo-arteconfort.png","contentUrl":"https:\/\/arteconfort.com\/wp-content\/uploads\/2019\/07\/logo-arteconfort.png","width":230,"height":88,"caption":"Arteconfort"},"image":{"@id":"https:\/\/arteconfort.com\/fr\/#\/schema\/logo\/image\/"}}]}},"_links":{"self":[{"href":"https:\/\/arteconfort.com\/fr\/wp-json\/wp\/v2\/product\/11113","targetHints":{"allow":["GET"]}}],"collection":[{"href":"https:\/\/arteconfort.com\/fr\/wp-json\/wp\/v2\/product"}],"about":[{"href":"https:\/\/arteconfort.com\/fr\/wp-json\/wp\/v2\/types\/product"}],"wp:featuredmedia":[{"embeddable":true,"href":"https:\/\/arteconfort.com\/fr\/wp-json\/wp\/v2\/media\/35216"}],"wp:attachment":[{"href":"https:\/\/arteconfort.com\/fr\/wp-json\/wp\/v2\/media?parent=11113"}],"wp:term":[{"taxonomy":"product_brand","embeddable":true,"href":"https:\/\/arteconfort.com\/fr\/wp-json\/wp\/v2\/product_brand?post=11113"},{"taxonomy":"product_cat","embeddable":true,"href":"https:\/\/arteconfort.com\/fr\/wp-json\/wp\/v2\/product_cat?post=11113"},{"taxonomy":"product_tag","embeddable":true,"href":"https:\/\/arteconfort.com\/fr\/wp-json\/wp\/v2\/product_tag?post=11113"}],"curies":[{"name":"wp","href":"https:\/\/api.w.org\/{rel}","templated":true}]}}