{"id":11116,"date":"2019-08-12T09:30:23","date_gmt":"2019-08-12T07:30:23","guid":{"rendered":"https:\/\/arteconfort.com\/producto\/non%20class\u00e9\/blop\/"},"modified":"2022-03-10T10:44:20","modified_gmt":"2022-03-10T09:44:20","slug":"blop","status":"publish","type":"product","link":"https:\/\/arteconfort.com\/fr\/producto\/blop\/","title":{"rendered":"BLOP"},"content":{"rendered":"<div class=\"wpb-content-wrapper\"><p>[vc_row][vc_column][vc_row_inner][vc_column_inner width=&#8221;1\/4&#8243; offset=&#8221;vc_col-xs-6&#8243;][wyde_info_box icon_set=&#8221;simple_line&#8221; icon_simple_line=&#8221;sl-drop&#8221; title=&#8221;IMPERM\u00c9ABLE&#8221;]Pour un usage int\u00e9rieur et ext\u00e9rieur[\/wyde_info_box][\/vc_column_inner][vc_column_inner width=&#8221;1\/4&#8243; offset=&#8221;vc_col-xs-6&#8243;][wyde_info_box icon_set=&#8221;simple_line&#8221; icon_simple_line=&#8221;sl-shield&#8221; title=&#8221;R\u00c9SISTANT AUX CHOCS&#8221;]Mat\u00e9riau \u00e0 haute r\u00e9sistance[\/wyde_info_box][\/vc_column_inner][vc_column_inner width=&#8221;1\/4&#8243; offset=&#8221;vc_col-xs-6&#8243;][wyde_info_box icon_set=&#8221;simple_line&#8221; icon_simple_line=&#8221;sl-rocket&#8221; title=&#8221;UNE BATTERIE PLUS EFFICACE&#8221;]Pour une autonomie plus durable[\/wyde_info_box][\/vc_column_inner][\/vc_row_inner][vc_row_inner][vc_column_inner offset=&#8221;vc_hidden-xs&#8221;][vc_empty_space height=&#8221;60px&#8221;][\/vc_column_inner][\/vc_row_inner][\/vc_column][\/vc_row][vc_row][vc_column width=&#8221;1\/2&#8243;][vc_accordion collapsible=&#8221;true&#8221; active_tab=&#8221;false&#8221;][vc_accordion_tab title=&#8221;Caract\u00e9ristiques g\u00e9n\u00e9rales&#8221;][vc_column_text]<strong>Dimensions<\/strong> 98x165mm<br \/>\n<strong>Mat\u00e9riau<\/strong> ABS r\u00e9sistant aux chocs<br \/>\n<strong>Finition<\/strong> Noir<br \/>\n<strong>IP<\/strong> 65<br \/>\n<strong>Garantie<\/strong> 2 ann\u00e9es[\/vc_column_text][\/vc_accordion_tab][vc_accordion_tab title=&#8221;Batterie&#8221;][vc_column_text]<strong>Type de batterie<\/strong> Li-ion<br \/>\n<strong>Tension de charge<\/strong> 3,7V<br \/>\n<strong>Capacit\u00e9<\/strong> 2.200mAh<br \/>\n<strong>Temps de charge<\/strong> 5h<br \/>\n<strong>Autonomie<\/strong> Max. 22h[\/vc_column_text][\/vc_accordion_tab][vc_accordion_tab title=&#8221;LED&#8221;][vc_column_text]<strong>Type de LED<\/strong> SMD<br \/>\n<strong>CCT<\/strong> 1700K<br \/>\n<strong>Flux lumineux <\/strong>60lm[\/vc_column_text][\/vc_accordion_tab][vc_accordion_tab title=&#8221;Modes de fonctionnement&#8221;][vc_column_text]<strong>Mode 1<\/strong> Effet de flamme[\/vc_column_text][\/vc_accordion_tab][vc_accordion_tab title=&#8221;Haut-parleur&#8221;][vc_column_text]<strong>Bluetooth<\/strong> Oui\u00a0 (5.0)<br \/>\n<strong>Puissance sonore<\/strong> Max. 85dB<br \/>\n<strong>Nom du dispositif<\/strong>\u00a0 Blop Arteconfort[\/vc_column_text][\/vc_accordion_tab][vc_accordion_tab title=&#8221;Ports de charge&#8221;][vc_column_text]<strong>USB<\/strong> Oui (5V DC)[\/vc_column_text][\/vc_accordion_tab][vc_accordion_tab title=&#8221;Accessoires&#8221;][vc_column_text]<strong>Tr\u00e9pied\u00a0<\/strong>M6 standard 1\/4 (non inclus)<br \/>\n<strong>C\u00e2ble USB<\/strong> Inclus[\/vc_column_text][\/vc_accordion_tab][\/vc_accordion][\/vc_column][vc_column width=&#8221;1\/2&#8243;][vc_single_image image=&#8221;8278&#8243;][\/vc_column][\/vc_row]<\/p>\n<\/div>","protected":false},"excerpt":{"rendered":"<p>Haut-parleur portable sans fil avec lumi\u00e8re LED avec effet de flamme. Avec une grande autonomie, selon le mode de fonctionnement, il peut durer jusqu&#8217;\u00e0 22 heures.<br \/>\nVous pouvez l&#8217;emmener o\u00f9 vous voulez car il r\u00e9siste au contact de l&#8217;eau. Comprend un c\u00e2ble USB et peut \u00eatre compl\u00e9t\u00e9 par un tr\u00e9pied M6 (non inclus).<br \/>\n<strong>Ref. BLOPNG113<\/strong>[vc_row][vc_column offset=&#8221;vc_hidden-xs&#8221;][vc_empty_space height=&#8221;30px&#8221;][\/vc_column][\/vc_row][vc_row][vc_column][vc_row_inner][vc_column_inner][wyde_info_box icon_set=&#8221;simple_line&#8221; icon_simple_line=&#8221;sl-music-tone-alt&#8221; icon_position=&#8221;left&#8221; title=&#8221;SYNCHRONISER 2 HAUT-PARLEURS EN M\u00caME TEMPS&#8221;]Am\u00e9liorer l&#8217;exp\u00e9rience sonore[\/wyde_info_box][vc_empty_space height=&#8221;15px&#8221;][\/vc_column_inner][\/vc_row_inner][vc_row_inner][vc_column_inner][wyde_info_box icon_set=&#8221;simple_line&#8221; icon_simple_line=&#8221;sl-volume-2&#8243; icon_position=&#8221;left&#8221; title=&#8221;HAUT-PARLEUR 85dBs&#8221;]Connexion via Bluetooth 5.0 avec une port\u00e9e allant jusqu&#8217;\u00e0 10m[\/wyde_info_box][vc_empty_space height=&#8221;15px&#8221;][\/vc_column_inner][\/vc_row_inner][vc_row_inner][vc_column_inner][wyde_info_box icon_set=&#8221;simple_line&#8221; icon_simple_line=&#8221;sl-fire&#8221; icon_position=&#8221;left&#8221; title=&#8221;EFFET DE LA FLAMME&#8221;]Cr\u00e9ez une atmosph\u00e8re chaleureuse et accueillante[\/wyde_info_box][vc_empty_space height=&#8221;15px&#8221;][\/vc_column_inner][\/vc_row_inner][vc_row_inner][vc_column_inner][wyde_info_box icon_set=&#8221;stroke_gap&#8221; icon_stroke_gap=&#8221;sg-BatteryFull&#8221; icon_position=&#8221;left&#8221; title=&#8221;CHARGE VIA USB 5V DC&#8221;]C\u00e2ble inclus pour qu&#8217;il soit toujours pr\u00eat[\/wyde_info_box][vc_empty_space height=&#8221;15px&#8221;][\/vc_column_inner][\/vc_row_inner][\/vc_column][\/vc_row][vc_row][vc_column offset=&#8221;vc_hidden-xs&#8221;][vc_empty_space height=&#8221;60px&#8221;][\/vc_column][\/vc_row][vc_row][vc_column width=&#8221;1\/3&#8243;][wyde_link_button icon_set=&#8221;simple_line&#8221; icon_simple_line=&#8221;sl-settings&#8221; style=&#8221;round&#8221; title=&#8221;Instructions&#8221; link=&#8221;url:http%3A%2F%2Farteconfort.com%2Fwp-content%2Fuploads%2F2019%2F10%2Fim-BLOP.pdf||target:%20_blank|rel:nofollow&#8221; color=&#8221;#ffffff&#8221; bg_color=&#8221;#222222&#8243;][\/vc_column][\/vc_row][vc_row][vc_column offset=&#8221;vc_hidden-xs&#8221;][vc_empty_space][\/vc_column][\/vc_row][vc_row][vc_column][vc_empty_space height=&#8221;20px&#8221;][\/vc_column][\/vc_row][vc_row background_mode=&#8221;color&#8221; background_color=&#8221;#f5f5f5&#8243;][vc_column text_align=&#8221;center&#8221;][vc_row_inner padding_size=&#8221;m-padding&#8221;][vc_column_inner text_align=&#8221;center&#8221;][vc_single_image alignment=&#8221;center&#8221; image=&#8221;1046&#8243;][vc_column_text]Trouvez ce ventilateur de plafond en vente exclusivement chez LEROY MERLIN[\/vc_column_text][vc_empty_space height=&#8221;15px&#8221;][wyde_link_button icon_set=&#8221;simple_line&#8221; icon_simple_line=&#8221;sl-login&#8221; style=&#8221;outline round&#8221; title=&#8221;Acc\u00e8s \u00e0 Leroy Merlin&#8221; link=&#8221;url:https%3A%2F%2Fwww.leroymerlin.es%2Ffp%2F82077174%2Fsobremesa-exterior-blop-altavoz-bluetooth-inalambrico||target:%20_blank|rel:nofollow&#8221; color=&#8221;#61b4e4&#8243; hover_color=&#8221;#ffffff&#8221;][\/vc_column_inner][\/vc_row_inner][\/vc_column][\/vc_row]<\/p>\n","protected":false},"featured_media":36501,"template":"","meta":[],"product_brand":[],"product_cat":[346,347],"product_tag":[],"class_list":{"0":"post-11116","1":"product","2":"type-product","3":"status-publish","4":"has-post-thumbnail","6":"product_cat-flexos-fr","7":"product_cat-iluminacion-fr","9":"first","10":"instock","11":"shipping-taxable","12":"product-type-external"},"yoast_head":"<!-- This site is optimized with the Yoast SEO plugin v26.5 - https:\/\/yoast.com\/wordpress\/plugins\/seo\/ -->\n<title>BLOP - Flexos, Iluminaci\u00f3n - Arteconfort<\/title>\n<meta name=\"description\" content=\"Haut-parleur portable sans fil avec lumi\u00e8re LED avec effet de flamme. Avec une grande autonomie, selon le mode de fonctionnement, il peut durer jusqu&#039;\u00e0 22 heures. Vous pouvez l&#039;emmener o\u00f9 vous voulez car il r\u00e9siste au contact de l&#039;eau. Comprend un c\u00e2ble USB et peut \u00eatre compl\u00e9t\u00e9 par un tr\u00e9pied M6 (non inclus). Ref. BLOPNG113Am\u00e9liorer l&#039;exp\u00e9rience sonoreConnexion via Bluetooth 5.0 avec une port\u00e9e allant jusqu&#039;\u00e0 10mCr\u00e9ez une atmosph\u00e8re chaleureuse et accueillanteC\u00e2ble inclus pour qu&#039;il soit toujours pr\u00eatTrouvez ce ventilateur de plafond en vente exclusivement chez LEROY MERLIN\" \/>\n<meta name=\"robots\" content=\"index, follow, max-snippet:-1, max-image-preview:large, max-video-preview:-1\" \/>\n<link rel=\"canonical\" href=\"https:\/\/arteconfort.com\/fr\/producto\/blop\/\" \/>\n<meta property=\"og:locale\" content=\"fr_FR\" \/>\n<meta property=\"og:type\" content=\"article\" \/>\n<meta property=\"og:title\" content=\"BLOP - Flexos, Iluminaci\u00f3n - Arteconfort\" \/>\n<meta property=\"og:description\" content=\"Haut-parleur portable sans fil avec lumi\u00e8re LED avec effet de flamme. Avec une grande autonomie, selon le mode de fonctionnement, il peut durer jusqu&#039;\u00e0 22 heures. Vous pouvez l&#039;emmener o\u00f9 vous voulez car il r\u00e9siste au contact de l&#039;eau. Comprend un c\u00e2ble USB et peut \u00eatre compl\u00e9t\u00e9 par un tr\u00e9pied M6 (non inclus). Ref. BLOPNG113Am\u00e9liorer l&#039;exp\u00e9rience sonoreConnexion via Bluetooth 5.0 avec une port\u00e9e allant jusqu&#039;\u00e0 10mCr\u00e9ez une atmosph\u00e8re chaleureuse et accueillanteC\u00e2ble inclus pour qu&#039;il soit toujours pr\u00eatTrouvez ce ventilateur de plafond en vente exclusivement chez LEROY MERLIN\" \/>\n<meta property=\"og:url\" content=\"https:\/\/arteconfort.com\/fr\/producto\/blop\/\" \/>\n<meta property=\"og:site_name\" content=\"Arteconfort\" \/>\n<meta property=\"article:modified_time\" content=\"2022-03-10T09:44:20+00:00\" \/>\n<meta property=\"og:image\" content=\"https:\/\/arteconfort.com\/wp-content\/uploads\/2023\/10\/BLOP-general-1.webp\" \/>\n\t<meta property=\"og:image:width\" content=\"1024\" \/>\n\t<meta property=\"og:image:height\" content=\"1024\" \/>\n\t<meta property=\"og:image:type\" content=\"image\/webp\" \/>\n<meta name=\"twitter:card\" content=\"summary_large_image\" \/>\n<meta name=\"twitter:label1\" content=\"Dur\u00e9e de lecture estim\u00e9e\" \/>\n\t<meta name=\"twitter:data1\" content=\"2 minutes\" \/>\n<!-- \/ Yoast SEO plugin. -->","yoast_head_json":{"title":"BLOP - Flexos, Iluminaci\u00f3n - Arteconfort","description":"Haut-parleur portable sans fil avec lumi\u00e8re LED avec effet de flamme. Avec une grande autonomie, selon le mode de fonctionnement, il peut durer jusqu'\u00e0 22 heures. Vous pouvez l'emmener o\u00f9 vous voulez car il r\u00e9siste au contact de l'eau. Comprend un c\u00e2ble USB et peut \u00eatre compl\u00e9t\u00e9 par un tr\u00e9pied M6 (non inclus). Ref. BLOPNG113Am\u00e9liorer l'exp\u00e9rience sonoreConnexion via Bluetooth 5.0 avec une port\u00e9e allant jusqu'\u00e0 10mCr\u00e9ez une atmosph\u00e8re chaleureuse et accueillanteC\u00e2ble inclus pour qu'il soit toujours pr\u00eatTrouvez ce ventilateur de plafond en vente exclusivement chez LEROY MERLIN","robots":{"index":"index","follow":"follow","max-snippet":"max-snippet:-1","max-image-preview":"max-image-preview:large","max-video-preview":"max-video-preview:-1"},"canonical":"https:\/\/arteconfort.com\/fr\/producto\/blop\/","og_locale":"fr_FR","og_type":"article","og_title":"BLOP - Flexos, Iluminaci\u00f3n - Arteconfort","og_description":"Haut-parleur portable sans fil avec lumi\u00e8re LED avec effet de flamme. Avec une grande autonomie, selon le mode de fonctionnement, il peut durer jusqu'\u00e0 22 heures. Vous pouvez l'emmener o\u00f9 vous voulez car il r\u00e9siste au contact de l'eau. Comprend un c\u00e2ble USB et peut \u00eatre compl\u00e9t\u00e9 par un tr\u00e9pied M6 (non inclus). Ref. BLOPNG113Am\u00e9liorer l'exp\u00e9rience sonoreConnexion via Bluetooth 5.0 avec une port\u00e9e allant jusqu'\u00e0 10mCr\u00e9ez une atmosph\u00e8re chaleureuse et accueillanteC\u00e2ble inclus pour qu'il soit toujours pr\u00eatTrouvez ce ventilateur de plafond en vente exclusivement chez LEROY MERLIN","og_url":"https:\/\/arteconfort.com\/fr\/producto\/blop\/","og_site_name":"Arteconfort","article_modified_time":"2022-03-10T09:44:20+00:00","og_image":[{"width":1024,"height":1024,"url":"https:\/\/arteconfort.com\/wp-content\/uploads\/2023\/10\/BLOP-general-1.webp","type":"image\/webp"}],"twitter_card":"summary_large_image","twitter_misc":{"Dur\u00e9e de lecture estim\u00e9e":"2 minutes"},"schema":{"@context":"https:\/\/schema.org","@graph":[{"@type":"WebPage","@id":"https:\/\/arteconfort.com\/fr\/producto\/blop\/","url":"https:\/\/arteconfort.com\/fr\/producto\/blop\/","name":"BLOP - Flexos, Iluminaci\u00f3n - Arteconfort","isPartOf":{"@id":"https:\/\/arteconfort.com\/fr\/#website"},"primaryImageOfPage":{"@id":"https:\/\/arteconfort.com\/fr\/producto\/blop\/#primaryimage"},"image":{"@id":"https:\/\/arteconfort.com\/fr\/producto\/blop\/#primaryimage"},"thumbnailUrl":"https:\/\/arteconfort.com\/wp-content\/uploads\/2023\/10\/BLOP-general-1.webp","datePublished":"2019-08-12T07:30:23+00:00","dateModified":"2022-03-10T09:44:20+00:00","description":"Haut-parleur portable sans fil avec lumi\u00e8re LED avec effet de flamme. Avec une grande autonomie, selon le mode de fonctionnement, il peut durer jusqu'\u00e0 22 heures. Vous pouvez l'emmener o\u00f9 vous voulez car il r\u00e9siste au contact de l'eau. Comprend un c\u00e2ble USB et peut \u00eatre compl\u00e9t\u00e9 par un tr\u00e9pied M6 (non inclus). Ref. BLOPNG113Am\u00e9liorer l'exp\u00e9rience sonoreConnexion via Bluetooth 5.0 avec une port\u00e9e allant jusqu'\u00e0 10mCr\u00e9ez une atmosph\u00e8re chaleureuse et accueillanteC\u00e2ble inclus pour qu'il soit toujours pr\u00eatTrouvez ce ventilateur de plafond en vente exclusivement chez LEROY MERLIN","breadcrumb":{"@id":"https:\/\/arteconfort.com\/fr\/producto\/blop\/#breadcrumb"},"inLanguage":"fr-FR","potentialAction":[{"@type":"ReadAction","target":["https:\/\/arteconfort.com\/fr\/producto\/blop\/"]}]},{"@type":"ImageObject","inLanguage":"fr-FR","@id":"https:\/\/arteconfort.com\/fr\/producto\/blop\/#primaryimage","url":"https:\/\/arteconfort.com\/wp-content\/uploads\/2023\/10\/BLOP-general-1.webp","contentUrl":"https:\/\/arteconfort.com\/wp-content\/uploads\/2023\/10\/BLOP-general-1.webp","width":1024,"height":1024},{"@type":"BreadcrumbList","@id":"https:\/\/arteconfort.com\/fr\/producto\/blop\/#breadcrumb","itemListElement":[{"@type":"ListItem","position":1,"name":"Inicio","item":"https:\/\/arteconfort.com\/fr\/"},{"@type":"ListItem","position":2,"name":"Boutique","item":"https:\/\/arteconfort.com\/fr\/boutique\/"},{"@type":"ListItem","position":3,"name":"BLOP"}]},{"@type":"WebSite","@id":"https:\/\/arteconfort.com\/fr\/#website","url":"https:\/\/arteconfort.com\/fr\/","name":"Arteconfort","description":"Especialistas en productos del hogar","publisher":{"@id":"https:\/\/arteconfort.com\/fr\/#organization"},"potentialAction":[{"@type":"SearchAction","target":{"@type":"EntryPoint","urlTemplate":"https:\/\/arteconfort.com\/fr\/?s={search_term_string}"},"query-input":{"@type":"PropertyValueSpecification","valueRequired":true,"valueName":"search_term_string"}}],"inLanguage":"fr-FR"},{"@type":"Organization","@id":"https:\/\/arteconfort.com\/fr\/#organization","name":"Arteconfort","url":"https:\/\/arteconfort.com\/fr\/","logo":{"@type":"ImageObject","inLanguage":"fr-FR","@id":"https:\/\/arteconfort.com\/fr\/#\/schema\/logo\/image\/","url":"https:\/\/arteconfort.com\/wp-content\/uploads\/2019\/07\/logo-arteconfort.png","contentUrl":"https:\/\/arteconfort.com\/wp-content\/uploads\/2019\/07\/logo-arteconfort.png","width":230,"height":88,"caption":"Arteconfort"},"image":{"@id":"https:\/\/arteconfort.com\/fr\/#\/schema\/logo\/image\/"}}]}},"_links":{"self":[{"href":"https:\/\/arteconfort.com\/fr\/wp-json\/wp\/v2\/product\/11116","targetHints":{"allow":["GET"]}}],"collection":[{"href":"https:\/\/arteconfort.com\/fr\/wp-json\/wp\/v2\/product"}],"about":[{"href":"https:\/\/arteconfort.com\/fr\/wp-json\/wp\/v2\/types\/product"}],"wp:featuredmedia":[{"embeddable":true,"href":"https:\/\/arteconfort.com\/fr\/wp-json\/wp\/v2\/media\/36501"}],"wp:attachment":[{"href":"https:\/\/arteconfort.com\/fr\/wp-json\/wp\/v2\/media?parent=11116"}],"wp:term":[{"taxonomy":"product_brand","embeddable":true,"href":"https:\/\/arteconfort.com\/fr\/wp-json\/wp\/v2\/product_brand?post=11116"},{"taxonomy":"product_cat","embeddable":true,"href":"https:\/\/arteconfort.com\/fr\/wp-json\/wp\/v2\/product_cat?post=11116"},{"taxonomy":"product_tag","embeddable":true,"href":"https:\/\/arteconfort.com\/fr\/wp-json\/wp\/v2\/product_tag?post=11116"}],"curies":[{"name":"wp","href":"https:\/\/api.w.org\/{rel}","templated":true}]}}