{"id":11120,"date":"2019-08-09T07:54:15","date_gmt":"2019-08-09T05:54:15","guid":{"rendered":"https:\/\/arteconfort.com\/producto\/non%20class\u00e9\/enif\/"},"modified":"2023-04-24T10:24:37","modified_gmt":"2023-04-24T08:24:37","slug":"enif","status":"publish","type":"product","link":"https:\/\/arteconfort.com\/fr\/producto\/enif\/","title":{"rendered":"ENIF"},"content":{"rendered":"<div class=\"wpb-content-wrapper\"><p>[vc_row][vc_column width=&#8221;1\/2&#8243;][vc_accordion collapsible=&#8221;true&#8221; active_tab=&#8221;false&#8221;][vc_accordion_tab title=&#8221;Caract\u00e9ristiques g\u00e9n\u00e9rales&#8221;][vc_column_text]<strong>Dimensions<\/strong> 6,5m<br \/>\n<strong>Mat\u00e9riau<\/strong> ABS<br \/>\n<strong>Finition<\/strong> Transparent<br \/>\n<strong>IP<\/strong> 65<br \/>\n<strong>Garantie<\/strong> 3 ann\u00e9es[\/vc_column_text][\/vc_accordion_tab][vc_accordion_tab title=&#8221;Panneau solaire&#8221;][vc_column_text]<strong>Mat\u00e9riau<\/strong> Polycristallin<br \/>\n<strong>Type de m\u00e9thode d&#8217;encapsulation<\/strong> Silicone<br \/>\n<strong>Tension<\/strong> 2V 70mA[\/vc_column_text][\/vc_accordion_tab][vc_accordion_tab title=&#8221;Batterie&#8221;][vc_column_text]<strong>Type de batterie<\/strong> AA Ni-MH<br \/>\n<strong>Tension de charge<\/strong> 1,2V<br \/>\n<strong>Capacit\u00e9<\/strong> 600mAh<br \/>\n<strong>Temps de charge<\/strong> 8h<br \/>\n<strong>Autonomie<\/strong> 12h[\/vc_column_text][\/vc_accordion_tab][vc_accordion_tab title=&#8221;LED&#8221;][vc_column_text]<strong>Num\u00e9ro de LED<\/strong> 30<br \/>\n<strong>Type de LED<\/strong> SMD<br \/>\n<strong>Angle d&#8217;ouverture<\/strong> 360\u00ba<br \/>\n<strong>CCT<\/strong> RGB<br \/>\n<strong>Flux lumineux<\/strong> 35lm[\/vc_column_text][\/vc_accordion_tab][vc_accordion_tab title=&#8221;Modes de fonctionnement&#8221;][vc_column_text]<strong>Mode 1<\/strong> \u00c9clairage fixe<br \/>\n<strong>Mode 2<\/strong> Flash[\/vc_column_text][\/vc_accordion_tab][vc_accordion_tab title=&#8221;Capteur&#8221;][vc_column_text]<strong>Capteur<\/strong> Non[\/vc_column_text][\/vc_accordion_tab][\/vc_accordion][\/vc_column][vc_column width=&#8221;1\/2&#8243;][vc_single_image image=&#8221;7238&#8243;][\/vc_column][\/vc_row]<\/p>\n<\/div>","protected":false},"excerpt":{"rendered":"<p>D\u00e9corez votre jardin avec cette guirlande solaire dot\u00e9e de lumi\u00e8res LED color\u00e9es en forme de goutte d&#8217;eau. Il dispose de deux modes d&#8217;\u00e9clairage et de montage puisque vous pouvez le placer comme balise ou le suspendre.<strong><br \/>\nRef. EENI30-2P1RGBA2040NITRA65D<\/strong>[vc_row][vc_column offset=&#8221;vc_hidden-xs&#8221;][vc_empty_space height=&#8221;30px&#8221;][\/vc_column][\/vc_row][vc_row][vc_column][vc_row_inner][vc_column_inner][wyde_info_box icon_set=&#8221;bigmug_line&#8221; icon_bigmug_line=&#8221;bigmug-line-equalizar2&#8243; icon_position=&#8221;left&#8221; title=&#8221; 2 MODES D&#8217;\u00c9CLAIRAGE&#8221;]Choisissez le mode de fonctionnement que vous souhaitez[\/wyde_info_box][vc_empty_space height=&#8221;15px&#8221;][\/vc_column_inner][\/vc_row_inner][vc_row_inner][vc_column_inner][wyde_info_box icon_set=&#8221;simple_line&#8221; icon_simple_line=&#8221;sl-eye&#8221; icon_position=&#8221;left&#8221; title=&#8221;\u00c9CLAIRAGE D\u00c9CORATIF COLOR\u00c9&#8221;]Cr\u00e9ez des atmosph\u00e8res diff\u00e9rentes avec des \u00e9clairages d\u00e9coratifs color\u00e9s[\/wyde_info_box][vc_empty_space height=&#8221;15px&#8221;][\/vc_column_inner][\/vc_row_inner][vc_row_inner][vc_column_inner][wyde_info_box icon_set=&#8221;simple_line&#8221; icon_simple_line=&#8221;sl-wrench&#8221; icon_position=&#8221;left&#8221; title=&#8221;2 OPTIONS DE MONTAGE&#8221;]Installez le panneau solaire en suspension ou comme balise[\/wyde_info_box][vc_empty_space height=&#8221;15px&#8221;][\/vc_column_inner][\/vc_row_inner][\/vc_column][\/vc_row][vc_row][vc_column offset=&#8221;vc_hidden-xs&#8221;][vc_empty_space height=&#8221;60px&#8221;][\/vc_column][\/vc_row][vc_row][vc_column width=&#8221;1\/3&#8243;][wyde_link_button icon_set=&#8221;simple_line&#8221; icon_simple_line=&#8221;sl-settings&#8221; style=&#8221;round&#8221; title=&#8221;Instructions&#8221; link=&#8221;url:http%3A%2F%2Farteconfort.com%2Fwp-content%2Fuploads%2F2020%2F01%2Fim-ENIF.pdf||target:%20_blank|rel:nofollow&#8221; color=&#8221;#ffffff&#8221; bg_color=&#8221;#222222&#8243;][\/vc_column][vc_column width=&#8221;1\/3&#8243;][wyde_link_button icon_set=&#8221;simple_line&#8221; icon_simple_line=&#8221;sl-social-youtube&#8221; style=&#8221;outline round&#8221; title=&#8221;Vid\u00e9o&#8221; link=&#8221;url:https%3A%2F%2Fwww.youtube.com%2Fwatch%3Fv%3Dvz5ezEdr_iQ||target:%20_blank|rel:nofollow&#8221; color=&#8221;#222222&#8243; hover_color=&#8221;#ffffff&#8221;][\/vc_column][\/vc_row][vc_row][vc_column offset=&#8221;vc_hidden-xs&#8221;][vc_empty_space][\/vc_column][\/vc_row][vc_row][vc_column][vc_empty_space height=&#8221;20px&#8221;][\/vc_column][\/vc_row][vc_row background_mode=&#8221;color&#8221; background_color=&#8221;#f5f5f5&#8243;][vc_column text_align=&#8221;center&#8221;][vc_row_inner padding_size=&#8221;m-padding&#8221;][vc_column_inner text_align=&#8221;center&#8221;][vc_single_image alignment=&#8221;center&#8221; image=&#8221;1046&#8243;][vc_column_text]Retrouvez cette guirlande solaire en vente exclusivement chez LEROY MERLIN[\/vc_column_text][vc_empty_space height=&#8221;15px&#8221;][wyde_link_button icon_set=&#8221;simple_line&#8221; icon_simple_line=&#8221;sl-login&#8221; style=&#8221;outline round&#8221; title=&#8221;Acc\u00e8s \u00e0 Leroy Merlin&#8221; link=&#8221;url:http%3A%2F%2Fwww.leroymerlin.es%2Ffp%2F82051929%2Fguirnalda-solar-arte-lagrima-enif||target:%20_blank|rel:nofollow&#8221; color=&#8221;#61b4e4&#8243; hover_color=&#8221;#ffffff&#8221;][\/vc_column_inner][\/vc_row_inner][\/vc_column][\/vc_row]<\/p>\n","protected":false},"featured_media":31616,"template":"","meta":[],"product_brand":[],"product_cat":[406],"product_tag":[],"class_list":{"0":"post-11120","1":"product","2":"type-product","3":"status-publish","4":"has-post-thumbnail","6":"product_cat-descatalogados-fr","8":"first","9":"instock","10":"shipping-taxable","11":"product-type-external"},"yoast_head":"<!-- This site is optimized with the Yoast SEO plugin v26.5 - https:\/\/yoast.com\/wordpress\/plugins\/seo\/ -->\n<title>ENIF - Descatalogados - Arteconfort<\/title>\n<meta name=\"description\" content=\"D\u00e9corez votre jardin avec cette guirlande solaire dot\u00e9e de lumi\u00e8res LED color\u00e9es en forme de goutte d&#039;eau. Il dispose de deux modes d&#039;\u00e9clairage et de montage puisque vous pouvez le placer comme balise ou le suspendre. Ref. EENI30-2P1RGBA2040NITRA65DChoisissez le mode de fonctionnement que vous souhaitezCr\u00e9ez des atmosph\u00e8res diff\u00e9rentes avec des \u00e9clairages d\u00e9coratifs color\u00e9sInstallez le panneau solaire en suspension ou comme baliseRetrouvez cette guirlande solaire en vente exclusivement chez LEROY MERLIN\" \/>\n<meta name=\"robots\" content=\"index, follow, max-snippet:-1, max-image-preview:large, max-video-preview:-1\" \/>\n<link rel=\"canonical\" href=\"https:\/\/arteconfort.com\/fr\/producto\/enif\/\" \/>\n<meta property=\"og:locale\" content=\"fr_FR\" \/>\n<meta property=\"og:type\" content=\"article\" \/>\n<meta property=\"og:title\" content=\"ENIF - Descatalogados - Arteconfort\" \/>\n<meta property=\"og:description\" content=\"D\u00e9corez votre jardin avec cette guirlande solaire dot\u00e9e de lumi\u00e8res LED color\u00e9es en forme de goutte d&#039;eau. Il dispose de deux modes d&#039;\u00e9clairage et de montage puisque vous pouvez le placer comme balise ou le suspendre. Ref. EENI30-2P1RGBA2040NITRA65DChoisissez le mode de fonctionnement que vous souhaitezCr\u00e9ez des atmosph\u00e8res diff\u00e9rentes avec des \u00e9clairages d\u00e9coratifs color\u00e9sInstallez le panneau solaire en suspension ou comme baliseRetrouvez cette guirlande solaire en vente exclusivement chez LEROY MERLIN\" \/>\n<meta property=\"og:url\" content=\"https:\/\/arteconfort.com\/fr\/producto\/enif\/\" \/>\n<meta property=\"og:site_name\" content=\"Arteconfort\" \/>\n<meta property=\"article:modified_time\" content=\"2023-04-24T08:24:37+00:00\" \/>\n<meta property=\"og:image\" content=\"https:\/\/arteconfort.com\/wp-content\/uploads\/2023\/10\/ENIF.webp\" \/>\n\t<meta property=\"og:image:width\" content=\"1024\" \/>\n\t<meta property=\"og:image:height\" content=\"1024\" \/>\n\t<meta property=\"og:image:type\" content=\"image\/webp\" \/>\n<meta name=\"twitter:card\" content=\"summary_large_image\" \/>\n<meta name=\"twitter:label1\" content=\"Dur\u00e9e de lecture estim\u00e9e\" \/>\n\t<meta name=\"twitter:data1\" content=\"1 minute\" \/>\n<!-- \/ Yoast SEO plugin. -->","yoast_head_json":{"title":"ENIF - Descatalogados - Arteconfort","description":"D\u00e9corez votre jardin avec cette guirlande solaire dot\u00e9e de lumi\u00e8res LED color\u00e9es en forme de goutte d'eau. Il dispose de deux modes d'\u00e9clairage et de montage puisque vous pouvez le placer comme balise ou le suspendre. Ref. EENI30-2P1RGBA2040NITRA65DChoisissez le mode de fonctionnement que vous souhaitezCr\u00e9ez des atmosph\u00e8res diff\u00e9rentes avec des \u00e9clairages d\u00e9coratifs color\u00e9sInstallez le panneau solaire en suspension ou comme baliseRetrouvez cette guirlande solaire en vente exclusivement chez LEROY MERLIN","robots":{"index":"index","follow":"follow","max-snippet":"max-snippet:-1","max-image-preview":"max-image-preview:large","max-video-preview":"max-video-preview:-1"},"canonical":"https:\/\/arteconfort.com\/fr\/producto\/enif\/","og_locale":"fr_FR","og_type":"article","og_title":"ENIF - Descatalogados - Arteconfort","og_description":"D\u00e9corez votre jardin avec cette guirlande solaire dot\u00e9e de lumi\u00e8res LED color\u00e9es en forme de goutte d'eau. Il dispose de deux modes d'\u00e9clairage et de montage puisque vous pouvez le placer comme balise ou le suspendre. Ref. EENI30-2P1RGBA2040NITRA65DChoisissez le mode de fonctionnement que vous souhaitezCr\u00e9ez des atmosph\u00e8res diff\u00e9rentes avec des \u00e9clairages d\u00e9coratifs color\u00e9sInstallez le panneau solaire en suspension ou comme baliseRetrouvez cette guirlande solaire en vente exclusivement chez LEROY MERLIN","og_url":"https:\/\/arteconfort.com\/fr\/producto\/enif\/","og_site_name":"Arteconfort","article_modified_time":"2023-04-24T08:24:37+00:00","og_image":[{"width":1024,"height":1024,"url":"https:\/\/arteconfort.com\/wp-content\/uploads\/2023\/10\/ENIF.webp","type":"image\/webp"}],"twitter_card":"summary_large_image","twitter_misc":{"Dur\u00e9e de lecture estim\u00e9e":"1 minute"},"schema":{"@context":"https:\/\/schema.org","@graph":[{"@type":"WebPage","@id":"https:\/\/arteconfort.com\/fr\/producto\/enif\/","url":"https:\/\/arteconfort.com\/fr\/producto\/enif\/","name":"ENIF - Descatalogados - Arteconfort","isPartOf":{"@id":"https:\/\/arteconfort.com\/fr\/#website"},"primaryImageOfPage":{"@id":"https:\/\/arteconfort.com\/fr\/producto\/enif\/#primaryimage"},"image":{"@id":"https:\/\/arteconfort.com\/fr\/producto\/enif\/#primaryimage"},"thumbnailUrl":"https:\/\/arteconfort.com\/wp-content\/uploads\/2023\/10\/ENIF.webp","datePublished":"2019-08-09T05:54:15+00:00","dateModified":"2023-04-24T08:24:37+00:00","description":"D\u00e9corez votre jardin avec cette guirlande solaire dot\u00e9e de lumi\u00e8res LED color\u00e9es en forme de goutte d'eau. Il dispose de deux modes d'\u00e9clairage et de montage puisque vous pouvez le placer comme balise ou le suspendre. Ref. EENI30-2P1RGBA2040NITRA65DChoisissez le mode de fonctionnement que vous souhaitezCr\u00e9ez des atmosph\u00e8res diff\u00e9rentes avec des \u00e9clairages d\u00e9coratifs color\u00e9sInstallez le panneau solaire en suspension ou comme baliseRetrouvez cette guirlande solaire en vente exclusivement chez LEROY MERLIN","breadcrumb":{"@id":"https:\/\/arteconfort.com\/fr\/producto\/enif\/#breadcrumb"},"inLanguage":"fr-FR","potentialAction":[{"@type":"ReadAction","target":["https:\/\/arteconfort.com\/fr\/producto\/enif\/"]}]},{"@type":"ImageObject","inLanguage":"fr-FR","@id":"https:\/\/arteconfort.com\/fr\/producto\/enif\/#primaryimage","url":"https:\/\/arteconfort.com\/wp-content\/uploads\/2023\/10\/ENIF.webp","contentUrl":"https:\/\/arteconfort.com\/wp-content\/uploads\/2023\/10\/ENIF.webp","width":1024,"height":1024,"caption":"Guirnalda solar ENIF"},{"@type":"BreadcrumbList","@id":"https:\/\/arteconfort.com\/fr\/producto\/enif\/#breadcrumb","itemListElement":[{"@type":"ListItem","position":1,"name":"Inicio","item":"https:\/\/arteconfort.com\/fr\/"},{"@type":"ListItem","position":2,"name":"Boutique","item":"https:\/\/arteconfort.com\/fr\/boutique\/"},{"@type":"ListItem","position":3,"name":"ENIF"}]},{"@type":"WebSite","@id":"https:\/\/arteconfort.com\/fr\/#website","url":"https:\/\/arteconfort.com\/fr\/","name":"Arteconfort","description":"Especialistas en productos del hogar","publisher":{"@id":"https:\/\/arteconfort.com\/fr\/#organization"},"potentialAction":[{"@type":"SearchAction","target":{"@type":"EntryPoint","urlTemplate":"https:\/\/arteconfort.com\/fr\/?s={search_term_string}"},"query-input":{"@type":"PropertyValueSpecification","valueRequired":true,"valueName":"search_term_string"}}],"inLanguage":"fr-FR"},{"@type":"Organization","@id":"https:\/\/arteconfort.com\/fr\/#organization","name":"Arteconfort","url":"https:\/\/arteconfort.com\/fr\/","logo":{"@type":"ImageObject","inLanguage":"fr-FR","@id":"https:\/\/arteconfort.com\/fr\/#\/schema\/logo\/image\/","url":"https:\/\/arteconfort.com\/wp-content\/uploads\/2019\/07\/logo-arteconfort.png","contentUrl":"https:\/\/arteconfort.com\/wp-content\/uploads\/2019\/07\/logo-arteconfort.png","width":230,"height":88,"caption":"Arteconfort"},"image":{"@id":"https:\/\/arteconfort.com\/fr\/#\/schema\/logo\/image\/"}}]}},"_links":{"self":[{"href":"https:\/\/arteconfort.com\/fr\/wp-json\/wp\/v2\/product\/11120","targetHints":{"allow":["GET"]}}],"collection":[{"href":"https:\/\/arteconfort.com\/fr\/wp-json\/wp\/v2\/product"}],"about":[{"href":"https:\/\/arteconfort.com\/fr\/wp-json\/wp\/v2\/types\/product"}],"wp:featuredmedia":[{"embeddable":true,"href":"https:\/\/arteconfort.com\/fr\/wp-json\/wp\/v2\/media\/31616"}],"wp:attachment":[{"href":"https:\/\/arteconfort.com\/fr\/wp-json\/wp\/v2\/media?parent=11120"}],"wp:term":[{"taxonomy":"product_brand","embeddable":true,"href":"https:\/\/arteconfort.com\/fr\/wp-json\/wp\/v2\/product_brand?post=11120"},{"taxonomy":"product_cat","embeddable":true,"href":"https:\/\/arteconfort.com\/fr\/wp-json\/wp\/v2\/product_cat?post=11120"},{"taxonomy":"product_tag","embeddable":true,"href":"https:\/\/arteconfort.com\/fr\/wp-json\/wp\/v2\/product_tag?post=11120"}],"curies":[{"name":"wp","href":"https:\/\/api.w.org\/{rel}","templated":true}]}}