{"id":11126,"date":"2019-08-08T14:33:35","date_gmt":"2019-08-08T12:33:35","guid":{"rendered":"https:\/\/arteconfort.com\/producto\/non%20class\u00e9\/era\/"},"modified":"2023-04-24T11:14:40","modified_gmt":"2023-04-24T09:14:40","slug":"era","status":"publish","type":"product","link":"https:\/\/arteconfort.com\/fr\/producto\/era\/","title":{"rendered":"ERA"},"content":{"rendered":"<div class=\"wpb-content-wrapper\"><p>[vc_row][vc_column][vc_row_inner][vc_column_inner width=&#8221;1\/4&#8243; offset=&#8221;vc_col-xs-6&#8243;][wyde_info_box icon_set=&#8221;bigmug_line&#8221; icon_bigmug_line=&#8221;bigmug-line-foggy-sun&#8221; title=&#8221;PANNEAU SOLAIRE AVEC UNE PLUS GRANDE SURFACE&#8221;]Am\u00e9lioration de la charge gr\u00e2ce \u00e0 l&#8217;augmentation du gain solaire et de la qualit\u00e9 du panneau en augmentant la conversion d&#8217;\u00e9nergie[\/wyde_info_box][\/vc_column_inner][vc_column_inner width=&#8221;1\/4&#8243; offset=&#8221;vc_col-xs-6&#8243;][wyde_info_box icon_set=&#8221;simple_line&#8221; icon_simple_line=&#8221;sl-rocket&#8221; title=&#8221;BATTERIE \u00c0 RENDEMENT ET CAPACIT\u00c9 SUP\u00c9RIEURS&#8221;]Pour une autonomie plus durable[\/wyde_info_box][\/vc_column_inner][\/vc_row_inner][vc_row_inner][vc_column_inner offset=&#8221;vc_hidden-xs&#8221;][vc_empty_space height=&#8221;60px&#8221;][\/vc_column_inner][\/vc_row_inner][\/vc_column][\/vc_row][vc_row][vc_column width=&#8221;1\/2&#8243;][vc_accordion collapsible=&#8221;true&#8221; active_tab=&#8221;false&#8221;][vc_accordion_tab title=&#8221;Caract\u00e9ristiques g\u00e9n\u00e9rales&#8221;][vc_column_text]<strong>Dimensions<\/strong> 100x28x83mm<br \/>\n<strong>Mat\u00e9riau<\/strong> PC, acier inoxydable et ABS<br \/>\n<strong>Finition<\/strong> Acier<br \/>\n<strong>IP<\/strong> 44<br \/>\n<strong>Garantie<\/strong> 2 ann\u00e9es[\/vc_column_text][\/vc_accordion_tab][vc_accordion_tab title=&#8221;Panneau solaire&#8221;][vc_column_text]<strong>Mat\u00e9riau<\/strong> Monocristallin<br \/>\n<strong>Type de m\u00e9thode d&#8217;encapsulation<\/strong> PET<br \/>\n<strong>Tension<\/strong> 2V\/120mA[\/vc_column_text][\/vc_accordion_tab][vc_accordion_tab title=&#8221;Batterie&#8221;][vc_column_text]<strong>Type de batterie<\/strong> AAA Ni-MH<br \/>\n<strong>Tension de charge<\/strong> 1,2V<br \/>\n<strong>Capacit\u00e9<\/strong> 700mAh<br \/>\n<strong>Temps de charge<\/strong> 4,5h<br \/>\n<strong>Autonomie<\/strong> 8h[\/vc_column_text][\/vc_accordion_tab][vc_accordion_tab title=&#8221;LED&#8221;][vc_column_text]<strong>Type de LED<\/strong> SMD<br \/>\n<strong>CCT<\/strong> 6000K<br \/>\n<strong>Flux lumineux<\/strong> 25lm[\/vc_column_text][\/vc_accordion_tab][vc_accordion_tab title=&#8221;Modes de fonctionnement&#8221;][vc_column_text]<strong>Mode 1<\/strong> Allumage 100%[\/vc_column_text][\/vc_accordion_tab][vc_accordion_tab title=&#8221;Capteur&#8221;][vc_column_text]<strong>Capteur<\/strong> Non[\/vc_column_text][\/vc_accordion_tab][\/vc_accordion][\/vc_column][vc_column width=&#8221;1\/2&#8243;][vc_single_image image=&#8221;6346&#8243;][\/vc_column][\/vc_row]<\/p>\n<\/div>","protected":false},"excerpt":{"rendered":"<p>L&#8217;appareil d&#8217;\u00e9clairage solaire parfait pour la signalisation des escaliers, gr\u00e2ce \u00e0 son panneau de haute qualit\u00e9 et une plus grande surface, ainsi qu&#8217;une plus grande inclinaison de la m\u00eame effectue une meilleure charge de la lumi\u00e8re du soleil fournissant plus d&#8217;heures d&#8217;\u00e9clairage. Fabriqu\u00e9 en acier inoxydable pour \u00e9viter la corrosion.<br \/>\n<strong>Ref. EERA64-1P2T60SR070NIALU64D<\/strong>[vc_row][vc_column offset=&#8221;vc_hidden-xs&#8221;][vc_empty_space height=&#8221;30px&#8221;][\/vc_column][\/vc_row][vc_row][vc_column][vc_row_inner][vc_column_inner][wyde_info_box icon_set=&#8221;simple_line&#8221; icon_simple_line=&#8221;sl-home&#8221; icon_position=&#8221;left&#8221; title=&#8221;UTILISATION SUR LES ESCALIERS&#8221;]Parfait pour le marquage des marches[\/wyde_info_box][vc_empty_space height=&#8221;15px&#8221;][\/vc_column_inner][\/vc_row_inner][vc_row_inner][vc_column_inner][wyde_info_box icon_set=&#8221;simple_line&#8221; icon_simple_line=&#8221;sl-graph&#8221; icon_position=&#8221;left&#8221; title=&#8221;UNE PLUS GRANDE INCLINAISON DU PANNEAU&#8221;]Optimise la charge gr\u00e2ce \u00e0 l&#8217;angle d&#8217;inclinaison[\/wyde_info_box][vc_empty_space height=&#8221;15px&#8221;][\/vc_column_inner][\/vc_row_inner][vc_row_inner][vc_column_inner][wyde_info_box icon_set=&#8221;simple_line&#8221; icon_simple_line=&#8221;sl-chemistry&#8221; icon_position=&#8221;left&#8221; title=&#8221;ANTI-CORROSIF&#8221;]Corps en acier inoxydable[\/wyde_info_box][vc_empty_space height=&#8221;15px&#8221;][\/vc_column_inner][\/vc_row_inner][\/vc_column][\/vc_row][vc_row][vc_column offset=&#8221;vc_hidden-xs&#8221;][vc_empty_space height=&#8221;60px&#8221;][\/vc_column][\/vc_row][vc_row][vc_column width=&#8221;1\/3&#8243;][wyde_link_button icon_set=&#8221;simple_line&#8221; icon_simple_line=&#8221;sl-settings&#8221; style=&#8221;round&#8221; title=&#8221;Instructions&#8221; link=&#8221;url:http%3A%2F%2Farteconfort.com%2Fwp-content%2Fuploads%2F2020%2F01%2Fim-ERA.pdf||target:%20_blank|rel:nofollow&#8221; color=&#8221;#ffffff&#8221; bg_color=&#8221;#222222&#8243;][\/vc_column][vc_column width=&#8221;1\/3&#8243;][wyde_link_button icon_set=&#8221;simple_line&#8221; icon_simple_line=&#8221;sl-social-youtube&#8221; style=&#8221;outline round&#8221; title=&#8221;Vid\u00e9o&#8221; link=&#8221;url:https%3A%2F%2Fwww.youtube.com%2Fwatch%3Fv%3DD4L1BfRbyks||target:%20_blank|rel:nofollow&#8221; color=&#8221;#222222&#8243; hover_color=&#8221;#ffffff&#8221;][\/vc_column][\/vc_row][vc_row][vc_column offset=&#8221;vc_hidden-xs&#8221;][vc_empty_space][\/vc_column][\/vc_row][vc_row][vc_column][vc_empty_space height=&#8221;20px&#8221;][\/vc_column][\/vc_row]<\/p>\n","protected":false},"featured_media":31786,"template":"","meta":[],"product_brand":[],"product_cat":[406],"product_tag":[],"class_list":{"0":"post-11126","1":"product","2":"type-product","3":"status-publish","4":"has-post-thumbnail","6":"product_cat-descatalogados-fr","8":"first","9":"instock","10":"shipping-taxable","11":"product-type-external"},"yoast_head":"<!-- This site is optimized with the Yoast SEO plugin v26.5 - https:\/\/yoast.com\/wordpress\/plugins\/seo\/ -->\n<title>ERA - Descatalogados - Arteconfort<\/title>\n<meta name=\"description\" content=\"L&#039;appareil d&#039;\u00e9clairage solaire parfait pour la signalisation des escaliers, gr\u00e2ce \u00e0 son panneau de haute qualit\u00e9 et une plus grande surface, ainsi qu&#039;une plus grande inclinaison de la m\u00eame effectue une meilleure charge de la lumi\u00e8re du soleil fournissant plus d&#039;heures d&#039;\u00e9clairage. Fabriqu\u00e9 en acier inoxydable pour \u00e9viter la corrosion. Ref. EERA64-1P2T60SR070NIALU64DParfait pour le marquage des marchesOptimise la charge gr\u00e2ce \u00e0 l&#039;angle d&#039;inclinaisonCorps en acier inoxydable\" \/>\n<meta name=\"robots\" content=\"index, follow, max-snippet:-1, max-image-preview:large, max-video-preview:-1\" \/>\n<link rel=\"canonical\" href=\"https:\/\/arteconfort.com\/fr\/producto\/era\/\" \/>\n<meta property=\"og:locale\" content=\"fr_FR\" \/>\n<meta property=\"og:type\" content=\"article\" \/>\n<meta property=\"og:title\" content=\"ERA - Descatalogados - Arteconfort\" \/>\n<meta property=\"og:description\" content=\"L&#039;appareil d&#039;\u00e9clairage solaire parfait pour la signalisation des escaliers, gr\u00e2ce \u00e0 son panneau de haute qualit\u00e9 et une plus grande surface, ainsi qu&#039;une plus grande inclinaison de la m\u00eame effectue une meilleure charge de la lumi\u00e8re du soleil fournissant plus d&#039;heures d&#039;\u00e9clairage. Fabriqu\u00e9 en acier inoxydable pour \u00e9viter la corrosion. Ref. EERA64-1P2T60SR070NIALU64DParfait pour le marquage des marchesOptimise la charge gr\u00e2ce \u00e0 l&#039;angle d&#039;inclinaisonCorps en acier inoxydable\" \/>\n<meta property=\"og:url\" content=\"https:\/\/arteconfort.com\/fr\/producto\/era\/\" \/>\n<meta property=\"og:site_name\" content=\"Arteconfort\" \/>\n<meta property=\"article:modified_time\" content=\"2023-04-24T09:14:40+00:00\" \/>\n<meta property=\"og:image\" content=\"https:\/\/arteconfort.com\/wp-content\/uploads\/2023\/10\/ERA.webp\" \/>\n\t<meta property=\"og:image:width\" content=\"1024\" \/>\n\t<meta property=\"og:image:height\" content=\"1024\" \/>\n\t<meta property=\"og:image:type\" content=\"image\/webp\" \/>\n<meta name=\"twitter:card\" content=\"summary_large_image\" \/>\n<meta name=\"twitter:label1\" content=\"Dur\u00e9e de lecture estim\u00e9e\" \/>\n\t<meta name=\"twitter:data1\" content=\"2 minutes\" \/>\n<!-- \/ Yoast SEO plugin. -->","yoast_head_json":{"title":"ERA - Descatalogados - Arteconfort","description":"L'appareil d'\u00e9clairage solaire parfait pour la signalisation des escaliers, gr\u00e2ce \u00e0 son panneau de haute qualit\u00e9 et une plus grande surface, ainsi qu'une plus grande inclinaison de la m\u00eame effectue une meilleure charge de la lumi\u00e8re du soleil fournissant plus d'heures d'\u00e9clairage. Fabriqu\u00e9 en acier inoxydable pour \u00e9viter la corrosion. Ref. EERA64-1P2T60SR070NIALU64DParfait pour le marquage des marchesOptimise la charge gr\u00e2ce \u00e0 l'angle d'inclinaisonCorps en acier inoxydable","robots":{"index":"index","follow":"follow","max-snippet":"max-snippet:-1","max-image-preview":"max-image-preview:large","max-video-preview":"max-video-preview:-1"},"canonical":"https:\/\/arteconfort.com\/fr\/producto\/era\/","og_locale":"fr_FR","og_type":"article","og_title":"ERA - Descatalogados - Arteconfort","og_description":"L'appareil d'\u00e9clairage solaire parfait pour la signalisation des escaliers, gr\u00e2ce \u00e0 son panneau de haute qualit\u00e9 et une plus grande surface, ainsi qu'une plus grande inclinaison de la m\u00eame effectue une meilleure charge de la lumi\u00e8re du soleil fournissant plus d'heures d'\u00e9clairage. Fabriqu\u00e9 en acier inoxydable pour \u00e9viter la corrosion. Ref. EERA64-1P2T60SR070NIALU64DParfait pour le marquage des marchesOptimise la charge gr\u00e2ce \u00e0 l'angle d'inclinaisonCorps en acier inoxydable","og_url":"https:\/\/arteconfort.com\/fr\/producto\/era\/","og_site_name":"Arteconfort","article_modified_time":"2023-04-24T09:14:40+00:00","og_image":[{"width":1024,"height":1024,"url":"https:\/\/arteconfort.com\/wp-content\/uploads\/2023\/10\/ERA.webp","type":"image\/webp"}],"twitter_card":"summary_large_image","twitter_misc":{"Dur\u00e9e de lecture estim\u00e9e":"2 minutes"},"schema":{"@context":"https:\/\/schema.org","@graph":[{"@type":"WebPage","@id":"https:\/\/arteconfort.com\/fr\/producto\/era\/","url":"https:\/\/arteconfort.com\/fr\/producto\/era\/","name":"ERA - Descatalogados - Arteconfort","isPartOf":{"@id":"https:\/\/arteconfort.com\/fr\/#website"},"primaryImageOfPage":{"@id":"https:\/\/arteconfort.com\/fr\/producto\/era\/#primaryimage"},"image":{"@id":"https:\/\/arteconfort.com\/fr\/producto\/era\/#primaryimage"},"thumbnailUrl":"https:\/\/arteconfort.com\/wp-content\/uploads\/2023\/10\/ERA.webp","datePublished":"2019-08-08T12:33:35+00:00","dateModified":"2023-04-24T09:14:40+00:00","description":"L'appareil d'\u00e9clairage solaire parfait pour la signalisation des escaliers, gr\u00e2ce \u00e0 son panneau de haute qualit\u00e9 et une plus grande surface, ainsi qu'une plus grande inclinaison de la m\u00eame effectue une meilleure charge de la lumi\u00e8re du soleil fournissant plus d'heures d'\u00e9clairage. Fabriqu\u00e9 en acier inoxydable pour \u00e9viter la corrosion. Ref. EERA64-1P2T60SR070NIALU64DParfait pour le marquage des marchesOptimise la charge gr\u00e2ce \u00e0 l'angle d'inclinaisonCorps en acier inoxydable","breadcrumb":{"@id":"https:\/\/arteconfort.com\/fr\/producto\/era\/#breadcrumb"},"inLanguage":"fr-FR","potentialAction":[{"@type":"ReadAction","target":["https:\/\/arteconfort.com\/fr\/producto\/era\/"]}]},{"@type":"ImageObject","inLanguage":"fr-FR","@id":"https:\/\/arteconfort.com\/fr\/producto\/era\/#primaryimage","url":"https:\/\/arteconfort.com\/wp-content\/uploads\/2023\/10\/ERA.webp","contentUrl":"https:\/\/arteconfort.com\/wp-content\/uploads\/2023\/10\/ERA.webp","width":1024,"height":1024,"caption":"Empotrable solar ERA"},{"@type":"BreadcrumbList","@id":"https:\/\/arteconfort.com\/fr\/producto\/era\/#breadcrumb","itemListElement":[{"@type":"ListItem","position":1,"name":"Inicio","item":"https:\/\/arteconfort.com\/fr\/"},{"@type":"ListItem","position":2,"name":"Boutique","item":"https:\/\/arteconfort.com\/fr\/boutique\/"},{"@type":"ListItem","position":3,"name":"ERA"}]},{"@type":"WebSite","@id":"https:\/\/arteconfort.com\/fr\/#website","url":"https:\/\/arteconfort.com\/fr\/","name":"Arteconfort","description":"Especialistas en productos del hogar","publisher":{"@id":"https:\/\/arteconfort.com\/fr\/#organization"},"potentialAction":[{"@type":"SearchAction","target":{"@type":"EntryPoint","urlTemplate":"https:\/\/arteconfort.com\/fr\/?s={search_term_string}"},"query-input":{"@type":"PropertyValueSpecification","valueRequired":true,"valueName":"search_term_string"}}],"inLanguage":"fr-FR"},{"@type":"Organization","@id":"https:\/\/arteconfort.com\/fr\/#organization","name":"Arteconfort","url":"https:\/\/arteconfort.com\/fr\/","logo":{"@type":"ImageObject","inLanguage":"fr-FR","@id":"https:\/\/arteconfort.com\/fr\/#\/schema\/logo\/image\/","url":"https:\/\/arteconfort.com\/wp-content\/uploads\/2019\/07\/logo-arteconfort.png","contentUrl":"https:\/\/arteconfort.com\/wp-content\/uploads\/2019\/07\/logo-arteconfort.png","width":230,"height":88,"caption":"Arteconfort"},"image":{"@id":"https:\/\/arteconfort.com\/fr\/#\/schema\/logo\/image\/"}}]}},"_links":{"self":[{"href":"https:\/\/arteconfort.com\/fr\/wp-json\/wp\/v2\/product\/11126","targetHints":{"allow":["GET"]}}],"collection":[{"href":"https:\/\/arteconfort.com\/fr\/wp-json\/wp\/v2\/product"}],"about":[{"href":"https:\/\/arteconfort.com\/fr\/wp-json\/wp\/v2\/types\/product"}],"wp:featuredmedia":[{"embeddable":true,"href":"https:\/\/arteconfort.com\/fr\/wp-json\/wp\/v2\/media\/31786"}],"wp:attachment":[{"href":"https:\/\/arteconfort.com\/fr\/wp-json\/wp\/v2\/media?parent=11126"}],"wp:term":[{"taxonomy":"product_brand","embeddable":true,"href":"https:\/\/arteconfort.com\/fr\/wp-json\/wp\/v2\/product_brand?post=11126"},{"taxonomy":"product_cat","embeddable":true,"href":"https:\/\/arteconfort.com\/fr\/wp-json\/wp\/v2\/product_cat?post=11126"},{"taxonomy":"product_tag","embeddable":true,"href":"https:\/\/arteconfort.com\/fr\/wp-json\/wp\/v2\/product_tag?post=11126"}],"curies":[{"name":"wp","href":"https:\/\/api.w.org\/{rel}","templated":true}]}}