{"id":11132,"date":"2020-12-18T13:44:52","date_gmt":"2020-12-18T12:44:52","guid":{"rendered":"https:\/\/arteconfort.com\/producto\/non%20class\u00e9\/jano\/"},"modified":"2022-04-21T11:15:32","modified_gmt":"2022-04-21T09:15:32","slug":"jano","status":"publish","type":"product","link":"https:\/\/arteconfort.com\/fr\/producto\/jano\/","title":{"rendered":"JANO"},"content":{"rendered":"<div class=\"wpb-content-wrapper\"><p>[vc_row][vc_column][vc_row_inner][vc_column_inner width=&#8221;1\/4&#8243; offset=&#8221;vc_col-xs-6&#8243;][wyde_info_box icon_set=&#8221;bigmug_line&#8221; icon_bigmug_line=&#8221;bigmug-line-foggy-sun&#8221; title=&#8221; PANEL SOLAR CON MAYOR SUPERFICIE&#8221;]Mejora de la carga gracias a la mayor captaci\u00f3n del sol y de la calidad del panel aumentando la conversi\u00f3n de energ\u00eda[\/wyde_info_box][\/vc_column_inner][vc_column_inner width=&#8221;1\/4&#8243; offset=&#8221;vc_col-xs-6&#8243;][wyde_info_box icon_set=&#8221;simple_line&#8221; icon_simple_line=&#8221;sl-rocket&#8221; title=&#8221;BATER\u00cdA DE MAYOR EFICIENCIA Y CAPACIDAD&#8221;]Para una autonom\u00eda m\u00e1s duradera[\/wyde_info_box][\/vc_column_inner][vc_column_inner width=&#8221;1\/4&#8243; offset=&#8221;vc_col-xs-6&#8243;][wyde_info_box icon_set=&#8221;simple_line&#8221; icon_simple_line=&#8221;sl-like&#8221; title=&#8221;F\u00c1CIL INSTALACI\u00d3N&#8221;]Atornilla a la pared la placa de instalaci\u00f3n y coloca el aplique[\/wyde_info_box][\/vc_column_inner][vc_column_inner width=&#8221;1\/4&#8243; offset=&#8221;vc_col-xs-6&#8243;][wyde_info_box icon_set=&#8221;simple_line&#8221; icon_simple_line=&#8221;sl-power&#8221; title=&#8221;F\u00c1CIL ENCENDIDO&#8221;]Encendido mediante pulsaci\u00f3n prolongada de 2 segundos[\/wyde_info_box][\/vc_column_inner][\/vc_row_inner][vc_row_inner][vc_column_inner offset=&#8221;vc_hidden-xs&#8221;][vc_empty_space height=&#8221;60px&#8221;][\/vc_column_inner][\/vc_row_inner][\/vc_column][\/vc_row][vc_row][vc_column width=&#8221;1\/2&#8243;][vc_accordion collapsible=&#8221;true&#8221; active_tab=&#8221;false&#8221;][vc_accordion_tab title=&#8221;Caracter\u00edsticas generales&#8221;][vc_column_text]<strong>Dimensiones<\/strong> 123x131x127mm<br \/>\n<strong>Material<\/strong> ABS+PC<br \/>\n<strong>Acabado<\/strong> Negro y blanco<br \/>\n<strong>IP<\/strong> 64<br \/>\n<strong>Garant\u00eda<\/strong> 3 a\u00f1os[\/vc_column_text][\/vc_accordion_tab][vc_accordion_tab title=&#8221;Panel solar&#8221;][vc_column_text]<strong>Material<\/strong> Monocristalino<br \/>\n<strong>Tipo de encapsulado<\/strong> Cristal<br \/>\n<strong>Potencia<\/strong> 6W[\/vc_column_text][\/vc_accordion_tab][vc_accordion_tab title=&#8221;Bater\u00eda&#8221;][vc_column_text]<strong>Tipo de bater\u00eda<\/strong> Li-ion 18650<br \/>\n<strong>Tensi\u00f3n de carga<\/strong> 3,7V<br \/>\n<strong>Capacidad<\/strong> 2.000mAh<br \/>\n<strong>Tiempo de carga<\/strong> 8h<br \/>\n<strong>Autonom\u00eda<\/strong> 36h[\/vc_column_text][\/vc_accordion_tab][vc_accordion_tab title=&#8221;LED&#8221;][vc_column_text]<strong>Tipo de LED<\/strong> SMD OSRAM<br \/>\n<strong>\u00c1ngulo de apertura<\/strong> 180\u00ba<br \/>\n<strong>CCT<\/strong> 4000K<br \/>\n<strong>Flujo luminoso<\/strong> 1.000lm[\/vc_column_text][\/vc_accordion_tab][vc_accordion_tab title=&#8221;Modos de funcionamiento&#8221;][vc_column_text]<strong>Modo 1 <\/strong>Encendido a 100lm. Cambia a 1.000lm cuando detecta presencia. Vuelve a reposo tras 60&#8243;.<br \/>\n<strong>Modo 2<\/strong> Apagado. Se enciende a 1.000lm cuando detecta presencia. Vuelve a reposo tras 60&#8243;.<br \/>\n<strong>Modo 3<\/strong> Encendido fijo a 300lm durante 4 horas, disminuye el flujo durante las 2 horas siguientes.[\/vc_column_text][\/vc_accordion_tab][vc_accordion_tab title=&#8221;Sensor&#8221;][vc_column_text]<strong>Sensor<\/strong> S\u00ed<br \/>\n<strong>Distancia de detecci\u00f3n<\/strong> Hasta 5m<br \/>\n<strong>\u00c1ngulo de detecci\u00f3n<\/strong> 120\u00ba<br \/>\n<strong>Tiempo de cortes\u00eda<\/strong> 60s[\/vc_column_text][\/vc_accordion_tab][\/vc_accordion][\/vc_column][vc_column width=&#8221;1\/2&#8243;][vc_single_image image=&#8221;9766&#8243;][\/vc_column][\/vc_row]<\/p>\n<\/div>","protected":false},"excerpt":{"rendered":"<p>Applique solaire discr\u00e8te et \u00e9l\u00e9gante, elle est le compl\u00e9ment id\u00e9al pour illuminer toute fa\u00e7ade ou ext\u00e9rieur. Il int\u00e8gre un panneau de haute qualit\u00e9 qui vous permet de capter plus efficacement la lumi\u00e8re du soleil. Il dispose d&#8217;un d\u00e9tecteur de mouvement et d&#8217;une programmation avec 3 modes d&#8217;\u00e9clairage diff\u00e9rents.<br \/>\n<strong>Ref. JANONG31 <\/strong>[vc_row][vc_column offset=&#8221;vc_hidden-xs&#8221;][vc_empty_space height=&#8221;30px&#8221;][\/vc_column][\/vc_row][vc_row][vc_column][vc_row_inner][vc_column_inner][wyde_info_box icon_set=&#8221;stroke_gap&#8221; icon_stroke_gap=&#8221;sg-Antenna2&#8243; icon_position=&#8221;left&#8221; title=&#8221;D\u00c9TECTEUR DE PR\u00c9SENCE&#8221;]D\u00e9tection de mouvement et allumage automatique de la lumi\u00e8re[\/wyde_info_box][vc_empty_space height=&#8221;15px&#8221;][\/vc_column_inner][\/vc_row_inner][vc_row_inner][vc_column_inner][wyde_info_box icon_set=&#8221;stroke_gap&#8221; icon_stroke_gap=&#8221;sg-Bulb&#8221; icon_position=&#8221;left&#8221; title=&#8221;LUMINOSIT\u00c9 IMPORTANTE&#8221;]Permet d&#8217;\u00e9clairer de grandes surfaces du jardin[\/wyde_info_box][vc_empty_space height=&#8221;15px&#8221;][\/vc_column_inner][\/vc_row_inner][vc_row_inner][vc_column_inner][wyde_info_box icon_set=&#8221;bigmug_line&#8221; icon_bigmug_line=&#8221;bigmug-line-equalizar2&#8243; icon_position=&#8221;left&#8221; title=&#8221;3 MODES D&#8217;ALLUMAGE&#8221;]Choisissez entre diff\u00e9rents modes de fonctionnement, avec ou sans d\u00e9tecteur de pr\u00e9sence[\/wyde_info_box][vc_empty_space height=&#8221;15px&#8221;][\/vc_column_inner][\/vc_row_inner][\/vc_column][\/vc_row][vc_row][vc_column offset=&#8221;vc_hidden-xs&#8221;][vc_empty_space height=&#8221;60px&#8221;][\/vc_column][\/vc_row][vc_row][vc_column width=&#8221;1\/3&#8243;][wyde_link_button icon_set=&#8221;simple_line&#8221; icon_simple_line=&#8221;sl-settings&#8221; style=&#8221;round&#8221; title=&#8221;Instructions&#8221; link=&#8221;url:https%3A%2F%2Farteconfort.com%2Fwp-content%2Fuploads%2F2020%2F12%2Fim-JANO.pdf||target:%20_blank|rel:nofollow&#8221; color=&#8221;#ffffff&#8221; bg_color=&#8221;#222222&#8243;][\/vc_column][vc_column width=&#8221;1\/3&#8243;][wyde_link_button icon_set=&#8221;simple_line&#8221; icon_simple_line=&#8221;sl-social-youtube&#8221; style=&#8221;outline round&#8221; title=&#8221;Vid\u00e9o&#8221; link=&#8221;url:https%3A%2F%2Fwww.youtube.com%2Fwatch%3Fv%3DTAAlVtGsxaI||target:%20_blank|rel:nofollow&#8221; color=&#8221;#222222&#8243; hover_color=&#8221;#ffffff&#8221;][\/vc_column][\/vc_row][vc_row][vc_column offset=&#8221;vc_hidden-xs&#8221;][vc_empty_space][\/vc_column][\/vc_row][vc_row][vc_column][vc_empty_space height=&#8221;20px&#8221;][\/vc_column][\/vc_row][vc_row background_mode=&#8221;color&#8221; background_color=&#8221;#f5f5f5&#8243;][vc_column text_align=&#8221;center&#8221;][vc_row_inner padding_size=&#8221;m-padding&#8221;][vc_column_inner text_align=&#8221;center&#8221;][vc_single_image alignment=&#8221;center&#8221; image=&#8221;1046&#8243;][vc_column_text]Retrouvez ce projecteur solaire en vente exclusivement chez LEROY MERLIN[\/vc_column_text][vc_empty_space height=&#8221;15px&#8221;][wyde_link_button icon_set=&#8221;simple_line&#8221; icon_simple_line=&#8221;sl-login&#8221; style=&#8221;outline round&#8221; title=&#8221;Acc\u00e8s \u00e0 Leroy Merlin&#8221; link=&#8221;url:https%3A%2F%2Fwww.leroymerlin.es%2Ffp%2F83211524%2Faplique-solar-jano-1000-lumen-4000k||target:%20_blank|rel:nofollow&#8221; color=&#8221;#61b4e4&#8243; hover_color=&#8221;#ffffff&#8221;][\/vc_column_inner][\/vc_row_inner][\/vc_column][\/vc_row]<\/p>\n","protected":false},"featured_media":32346,"template":"","meta":[],"product_brand":[],"product_cat":[406],"product_tag":[],"class_list":{"0":"post-11132","1":"product","2":"type-product","3":"status-publish","4":"has-post-thumbnail","6":"product_cat-descatalogados-fr","8":"first","9":"instock","10":"shipping-taxable","11":"product-type-simple"},"yoast_head":"<!-- This site is optimized with the Yoast SEO plugin v26.5 - https:\/\/yoast.com\/wordpress\/plugins\/seo\/ -->\n<title>JANO - Descatalogados - Arteconfort<\/title>\n<meta name=\"description\" content=\"Applique solaire discr\u00e8te et \u00e9l\u00e9gante, elle est le compl\u00e9ment id\u00e9al pour illuminer toute fa\u00e7ade ou ext\u00e9rieur. Il int\u00e8gre un panneau de haute qualit\u00e9 qui vous permet de capter plus efficacement la lumi\u00e8re du soleil. Il dispose d&#039;un d\u00e9tecteur de mouvement et d&#039;une programmation avec 3 modes d&#039;\u00e9clairage diff\u00e9rents. Ref. JANONG31 D\u00e9tection de mouvement et allumage automatique de la lumi\u00e8rePermet d&#039;\u00e9clairer de grandes surfaces du jardinChoisissez entre diff\u00e9rents modes de fonctionnement, avec ou sans d\u00e9tecteur de pr\u00e9senceRetrouvez ce projecteur solaire en vente exclusivement chez LEROY MERLIN\" \/>\n<meta name=\"robots\" content=\"index, follow, max-snippet:-1, max-image-preview:large, max-video-preview:-1\" \/>\n<link rel=\"canonical\" href=\"https:\/\/arteconfort.com\/fr\/producto\/jano\/\" \/>\n<meta property=\"og:locale\" content=\"fr_FR\" \/>\n<meta property=\"og:type\" content=\"article\" \/>\n<meta property=\"og:title\" content=\"JANO - Descatalogados - Arteconfort\" \/>\n<meta property=\"og:description\" content=\"Applique solaire discr\u00e8te et \u00e9l\u00e9gante, elle est le compl\u00e9ment id\u00e9al pour illuminer toute fa\u00e7ade ou ext\u00e9rieur. Il int\u00e8gre un panneau de haute qualit\u00e9 qui vous permet de capter plus efficacement la lumi\u00e8re du soleil. Il dispose d&#039;un d\u00e9tecteur de mouvement et d&#039;une programmation avec 3 modes d&#039;\u00e9clairage diff\u00e9rents. Ref. JANONG31 D\u00e9tection de mouvement et allumage automatique de la lumi\u00e8rePermet d&#039;\u00e9clairer de grandes surfaces du jardinChoisissez entre diff\u00e9rents modes de fonctionnement, avec ou sans d\u00e9tecteur de pr\u00e9senceRetrouvez ce projecteur solaire en vente exclusivement chez LEROY MERLIN\" \/>\n<meta property=\"og:url\" content=\"https:\/\/arteconfort.com\/fr\/producto\/jano\/\" \/>\n<meta property=\"og:site_name\" content=\"Arteconfort\" \/>\n<meta property=\"article:modified_time\" content=\"2022-04-21T09:15:32+00:00\" \/>\n<meta property=\"og:image\" content=\"https:\/\/arteconfort.com\/wp-content\/uploads\/2023\/10\/JANO.webp\" \/>\n\t<meta property=\"og:image:width\" content=\"1024\" \/>\n\t<meta property=\"og:image:height\" content=\"1024\" \/>\n\t<meta property=\"og:image:type\" content=\"image\/webp\" \/>\n<meta name=\"twitter:card\" content=\"summary_large_image\" \/>\n<meta name=\"twitter:label1\" content=\"Dur\u00e9e de lecture estim\u00e9e\" \/>\n\t<meta name=\"twitter:data1\" content=\"2 minutes\" \/>\n<!-- \/ Yoast SEO plugin. -->","yoast_head_json":{"title":"JANO - Descatalogados - Arteconfort","description":"Applique solaire discr\u00e8te et \u00e9l\u00e9gante, elle est le compl\u00e9ment id\u00e9al pour illuminer toute fa\u00e7ade ou ext\u00e9rieur. Il int\u00e8gre un panneau de haute qualit\u00e9 qui vous permet de capter plus efficacement la lumi\u00e8re du soleil. Il dispose d'un d\u00e9tecteur de mouvement et d'une programmation avec 3 modes d'\u00e9clairage diff\u00e9rents. Ref. JANONG31 D\u00e9tection de mouvement et allumage automatique de la lumi\u00e8rePermet d'\u00e9clairer de grandes surfaces du jardinChoisissez entre diff\u00e9rents modes de fonctionnement, avec ou sans d\u00e9tecteur de pr\u00e9senceRetrouvez ce projecteur solaire en vente exclusivement chez LEROY MERLIN","robots":{"index":"index","follow":"follow","max-snippet":"max-snippet:-1","max-image-preview":"max-image-preview:large","max-video-preview":"max-video-preview:-1"},"canonical":"https:\/\/arteconfort.com\/fr\/producto\/jano\/","og_locale":"fr_FR","og_type":"article","og_title":"JANO - Descatalogados - Arteconfort","og_description":"Applique solaire discr\u00e8te et \u00e9l\u00e9gante, elle est le compl\u00e9ment id\u00e9al pour illuminer toute fa\u00e7ade ou ext\u00e9rieur. Il int\u00e8gre un panneau de haute qualit\u00e9 qui vous permet de capter plus efficacement la lumi\u00e8re du soleil. Il dispose d'un d\u00e9tecteur de mouvement et d'une programmation avec 3 modes d'\u00e9clairage diff\u00e9rents. Ref. JANONG31 D\u00e9tection de mouvement et allumage automatique de la lumi\u00e8rePermet d'\u00e9clairer de grandes surfaces du jardinChoisissez entre diff\u00e9rents modes de fonctionnement, avec ou sans d\u00e9tecteur de pr\u00e9senceRetrouvez ce projecteur solaire en vente exclusivement chez LEROY MERLIN","og_url":"https:\/\/arteconfort.com\/fr\/producto\/jano\/","og_site_name":"Arteconfort","article_modified_time":"2022-04-21T09:15:32+00:00","og_image":[{"width":1024,"height":1024,"url":"https:\/\/arteconfort.com\/wp-content\/uploads\/2023\/10\/JANO.webp","type":"image\/webp"}],"twitter_card":"summary_large_image","twitter_misc":{"Dur\u00e9e de lecture estim\u00e9e":"2 minutes"},"schema":{"@context":"https:\/\/schema.org","@graph":[{"@type":"WebPage","@id":"https:\/\/arteconfort.com\/fr\/producto\/jano\/","url":"https:\/\/arteconfort.com\/fr\/producto\/jano\/","name":"JANO - Descatalogados - Arteconfort","isPartOf":{"@id":"https:\/\/arteconfort.com\/fr\/#website"},"primaryImageOfPage":{"@id":"https:\/\/arteconfort.com\/fr\/producto\/jano\/#primaryimage"},"image":{"@id":"https:\/\/arteconfort.com\/fr\/producto\/jano\/#primaryimage"},"thumbnailUrl":"https:\/\/arteconfort.com\/wp-content\/uploads\/2023\/10\/JANO.webp","datePublished":"2020-12-18T12:44:52+00:00","dateModified":"2022-04-21T09:15:32+00:00","description":"Applique solaire discr\u00e8te et \u00e9l\u00e9gante, elle est le compl\u00e9ment id\u00e9al pour illuminer toute fa\u00e7ade ou ext\u00e9rieur. Il int\u00e8gre un panneau de haute qualit\u00e9 qui vous permet de capter plus efficacement la lumi\u00e8re du soleil. Il dispose d'un d\u00e9tecteur de mouvement et d'une programmation avec 3 modes d'\u00e9clairage diff\u00e9rents. Ref. JANONG31 D\u00e9tection de mouvement et allumage automatique de la lumi\u00e8rePermet d'\u00e9clairer de grandes surfaces du jardinChoisissez entre diff\u00e9rents modes de fonctionnement, avec ou sans d\u00e9tecteur de pr\u00e9senceRetrouvez ce projecteur solaire en vente exclusivement chez LEROY MERLIN","breadcrumb":{"@id":"https:\/\/arteconfort.com\/fr\/producto\/jano\/#breadcrumb"},"inLanguage":"fr-FR","potentialAction":[{"@type":"ReadAction","target":["https:\/\/arteconfort.com\/fr\/producto\/jano\/"]}]},{"@type":"ImageObject","inLanguage":"fr-FR","@id":"https:\/\/arteconfort.com\/fr\/producto\/jano\/#primaryimage","url":"https:\/\/arteconfort.com\/wp-content\/uploads\/2023\/10\/JANO.webp","contentUrl":"https:\/\/arteconfort.com\/wp-content\/uploads\/2023\/10\/JANO.webp","width":1024,"height":1024,"caption":"Aplique de pared solar JANO panel"},{"@type":"BreadcrumbList","@id":"https:\/\/arteconfort.com\/fr\/producto\/jano\/#breadcrumb","itemListElement":[{"@type":"ListItem","position":1,"name":"Inicio","item":"https:\/\/arteconfort.com\/fr\/"},{"@type":"ListItem","position":2,"name":"Boutique","item":"https:\/\/arteconfort.com\/fr\/boutique\/"},{"@type":"ListItem","position":3,"name":"JANO"}]},{"@type":"WebSite","@id":"https:\/\/arteconfort.com\/fr\/#website","url":"https:\/\/arteconfort.com\/fr\/","name":"Arteconfort","description":"Especialistas en productos del hogar","publisher":{"@id":"https:\/\/arteconfort.com\/fr\/#organization"},"potentialAction":[{"@type":"SearchAction","target":{"@type":"EntryPoint","urlTemplate":"https:\/\/arteconfort.com\/fr\/?s={search_term_string}"},"query-input":{"@type":"PropertyValueSpecification","valueRequired":true,"valueName":"search_term_string"}}],"inLanguage":"fr-FR"},{"@type":"Organization","@id":"https:\/\/arteconfort.com\/fr\/#organization","name":"Arteconfort","url":"https:\/\/arteconfort.com\/fr\/","logo":{"@type":"ImageObject","inLanguage":"fr-FR","@id":"https:\/\/arteconfort.com\/fr\/#\/schema\/logo\/image\/","url":"https:\/\/arteconfort.com\/wp-content\/uploads\/2019\/07\/logo-arteconfort.png","contentUrl":"https:\/\/arteconfort.com\/wp-content\/uploads\/2019\/07\/logo-arteconfort.png","width":230,"height":88,"caption":"Arteconfort"},"image":{"@id":"https:\/\/arteconfort.com\/fr\/#\/schema\/logo\/image\/"}}]}},"_links":{"self":[{"href":"https:\/\/arteconfort.com\/fr\/wp-json\/wp\/v2\/product\/11132","targetHints":{"allow":["GET"]}}],"collection":[{"href":"https:\/\/arteconfort.com\/fr\/wp-json\/wp\/v2\/product"}],"about":[{"href":"https:\/\/arteconfort.com\/fr\/wp-json\/wp\/v2\/types\/product"}],"wp:featuredmedia":[{"embeddable":true,"href":"https:\/\/arteconfort.com\/fr\/wp-json\/wp\/v2\/media\/32346"}],"wp:attachment":[{"href":"https:\/\/arteconfort.com\/fr\/wp-json\/wp\/v2\/media?parent=11132"}],"wp:term":[{"taxonomy":"product_brand","embeddable":true,"href":"https:\/\/arteconfort.com\/fr\/wp-json\/wp\/v2\/product_brand?post=11132"},{"taxonomy":"product_cat","embeddable":true,"href":"https:\/\/arteconfort.com\/fr\/wp-json\/wp\/v2\/product_cat?post=11132"},{"taxonomy":"product_tag","embeddable":true,"href":"https:\/\/arteconfort.com\/fr\/wp-json\/wp\/v2\/product_tag?post=11132"}],"curies":[{"name":"wp","href":"https:\/\/api.w.org\/{rel}","templated":true}]}}