{"id":11141,"date":"2020-01-30T17:05:34","date_gmt":"2020-01-30T16:05:34","guid":{"rendered":"https:\/\/arteconfort.com\/producto\/non%20class\u00e9\/linear\/"},"modified":"2022-04-21T11:43:20","modified_gmt":"2022-04-21T09:43:20","slug":"linear","status":"publish","type":"product","link":"https:\/\/arteconfort.com\/fr\/producto\/linear\/","title":{"rendered":"LINEAR"},"content":{"rendered":"<div class=\"wpb-content-wrapper\"><p>[vc_row][vc_column][vc_row_inner][vc_column_inner width=&#8221;1\/4&#8243; offset=&#8221;vc_col-xs-6&#8243;][wyde_info_box icon_set=&#8221;simple_line&#8221; icon_simple_line=&#8221;sl-chemistry&#8221; title=&#8221;ANTI-CORROSIF&#8221;]Corps et vis en acier inoxydable[\/wyde_info_box][\/vc_column_inner][vc_column_inner width=&#8221;1\/4&#8243; offset=&#8221;vc_col-xs-6&#8243;][wyde_info_box icon_set=&#8221;simple_line&#8221; icon_simple_line=&#8221;sl-eyeglasses&#8221; title=&#8221;VERRE OPTIQUE&#8221;]Permet une meilleure transmission de la lumi\u00e8re[\/wyde_info_box][\/vc_column_inner][vc_column_inner width=&#8221;1\/4&#8243; offset=&#8221;vc_col-xs-6&#8243;][wyde_info_box icon_set=&#8221;stroke_gap&#8221; icon_stroke_gap=&#8221;sg-Antenna2&#8243; title=&#8221;D\u00c9TECTEUR DE PR\u00c9SENCE&#8221;]D\u00e9tection de mouvement et allumage automatique de la lumi\u00e8re[\/wyde_info_box][\/vc_column_inner][vc_column_inner width=&#8221;1\/4&#8243; offset=&#8221;vc_col-xs-6&#8243;][wyde_info_box icon_set=&#8221;simple_line&#8221; icon_simple_line=&#8221;sl-like&#8221; title=&#8221;INSTALLATION FACILE&#8221;]Il suffit de l&#8217;ins\u00e9rer dans un trou dans le sol, sans connexions \u00e9lectriques, sans fils, sans c\u00e2bles[\/wyde_info_box][\/vc_column_inner][\/vc_row_inner][vc_row_inner][vc_column_inner offset=&#8221;vc_hidden-xs&#8221;][vc_empty_space height=&#8221;60px&#8221;][\/vc_column_inner][\/vc_row_inner][\/vc_column][\/vc_row][vc_row][vc_column width=&#8221;1\/2&#8243;][vc_accordion collapsible=&#8221;true&#8221; active_tab=&#8221;false&#8221;][vc_accordion_tab title=&#8221;Caract\u00e9ristiques g\u00e9n\u00e9rales&#8221;][vc_column_text]<strong>Dimensions<\/strong> 80x200x40mm<br \/>\n<strong>Mat\u00e9riau<\/strong> Acier inoxydable + verre optique<br \/>\n<strong>Finition<\/strong> Noir<br \/>\n<strong>IP<\/strong> 67<br \/>\n<strong>Garantie<\/strong> 3 ann\u00e9es[\/vc_column_text][\/vc_accordion_tab][vc_accordion_tab title=&#8221;Panneau solaire&#8221;][vc_column_text]<strong>Mat\u00e9riau<\/strong> Monocristallin<br \/>\n<strong>Type d&#8217;encapsulation<\/strong> PET<br \/>\n<strong>Puissance<\/strong> 1,5W[\/vc_column_text][\/vc_accordion_tab][vc_accordion_tab title=&#8221;Batterie&#8221;][vc_column_text]<strong>Type de batterie<\/strong>\u00a0Li-ion 18650<br \/>\n<strong>Tension de charge<\/strong> 5V<br \/>\n<strong>Capacit\u00e9<\/strong> 1.200mAh<br \/>\n<strong>Temps de charge<\/strong> 8h-12h<br \/>\n<strong>Autonomie<\/strong> 12h[\/vc_column_text][\/vc_accordion_tab][vc_accordion_tab title=&#8221;LED&#8221;][vc_column_text]<strong>Num\u00e9ro de LED<\/strong> 44<br \/>\n<strong>Type de LED<\/strong> Epistar 2835<br \/>\n<strong>Angle d&#8217;ouverture<\/strong> 90\u00ba<br \/>\n<strong>CCT<\/strong> 4000K<br \/>\n<strong>Flux lumineux<\/strong> 150lm[\/vc_column_text][\/vc_accordion_tab][vc_accordion_tab title=&#8221;Modes de fonctionnement&#8221;][vc_column_text]<strong>Mode 1 <\/strong>Il passe de 10 lm au repos \u00e0 150 lm quand il d\u00e9tecte une pr\u00e9sence<br \/>\n<strong>Mode 2<\/strong> Fonctionne toujours \u00e0 20lm jusqu&#8217;\u00e0 ce que la batterie soit vide[\/vc_column_text][\/vc_accordion_tab][vc_accordion_tab title=&#8221;Capteur&#8221;][vc_column_text]<strong>Capteur<\/strong> Oui<br \/>\n<strong>Distance de d\u00e9tection<\/strong> 1m<br \/>\n<strong>Angle d&#8217;ouverture<\/strong> 120\u00ba<br \/>\n<strong>Temps de courtoisie<\/strong> 10s[\/vc_column_text][\/vc_accordion_tab][\/vc_accordion][\/vc_column][vc_column width=&#8221;1\/2&#8243;][vc_single_image image=&#8221;5942&#8243;][\/vc_column][\/vc_row]<\/p>\n<\/div>","protected":false},"excerpt":{"rendered":"<p>Ce lampadaire solaire discret est id\u00e9al pour \u00e9clairer tout espace que vous souhaitez baliser. Fabriqu\u00e9 \u00e0 partir de mat\u00e9riaux tr\u00e8s r\u00e9sistants, il est parfait pour n&#8217;importe quelle surface car il r\u00e9siste aux traces de pas et au roulement des voitures.<br \/>\n<strong>Ref. LINEAR33 <\/strong>[vc_row][vc_column offset=&#8221;vc_hidden-xs&#8221;][vc_empty_space height=&#8221;30px&#8221;][\/vc_column][\/vc_row][vc_row][vc_column][vc_row_inner][vc_column_inner][wyde_info_box icon_set=&#8221;bigmug_line&#8221; icon_set=&#8221;stroke_gap&#8221; icon_stroke_gap=&#8221;sg-Car&#8221; icon_position=&#8221;left&#8221; title=&#8221;R\u00c9SISTANT AUX TRACES DE PAS ET AU ROULEMENT DES VOITURES&#8221;]Mat\u00e9riau \u00e0 haute r\u00e9sistance adapt\u00e9 \u00e0 l&#8217;\u00e9clairage des chemins[\/wyde_info_box][vc_empty_space height=&#8221;15px&#8221;][\/vc_column_inner][\/vc_row_inner][vc_row_inner][vc_column_inner][wyde_info_box icon_set=&#8221;bigmug_line&#8221; icon_bigmug_line=&#8221;bigmug-line-foggy-sun&#8221; icon_position=&#8221;left&#8221; title=&#8221;PANNEAU SOLAIRE DE QUALIT\u00c9 SUP\u00c9RIEURE&#8221;]Am\u00e9lioration de la charge gr\u00e2ce \u00e0 l&#8217;augmentation du gain solaire et de la qualit\u00e9 du panneau en augmentant la conversion d&#8217;\u00e9nergie[\/wyde_info_box][vc_empty_space height=&#8221;15px&#8221;][\/vc_column_inner][\/vc_row_inner][vc_row_inner][vc_column_inner][wyde_info_box icon_set=&#8221;bigmug_line&#8221; icon_bigmug_line=&#8221;bigmug-line-equalizar2&#8243; icon_position=&#8221;left&#8221; title=&#8221;2 MODES D&#8217;ALLUMAGE&#8221;]Choisissez entre diff\u00e9rents modes de fonctionnement, avec ou sans d\u00e9tecteur de pr\u00e9sence[\/wyde_info_box][vc_empty_space height=&#8221;15px&#8221;][\/vc_column_inner][\/vc_row_inner][\/vc_column][\/vc_row][vc_row][vc_column offset=&#8221;vc_hidden-xs&#8221;][vc_empty_space height=&#8221;60px&#8221;][\/vc_column][\/vc_row][vc_row][vc_column width=&#8221;1\/3&#8243;][wyde_link_button icon_set=&#8221;simple_line&#8221; icon_simple_line=&#8221;sl-settings&#8221; style=&#8221;round&#8221; title=&#8221;Instructions&#8221; link=&#8221;url:http%3A%2F%2Farteconfort.com%2Fwp-content%2Fuploads%2F2020%2F01%2Fim-LINEAR.pdf||target:%20_blank|rel:nofollow&#8221; color=&#8221;#ffffff&#8221; bg_color=&#8221;#222222&#8243;][\/vc_column][vc_column width=&#8221;1\/3&#8243;][wyde_link_button icon_set=&#8221;simple_line&#8221; icon_simple_line=&#8221;sl-social-youtube&#8221; style=&#8221;outline round&#8221; title=&#8221;Vid\u00e9o&#8221; link=&#8221;url:https%3A%2F%2Fwww.youtube.com%2Fwatch%3Fv%3Dh7t1u1qCtvY||target:%20_blank|rel:nofollow&#8221; color=&#8221;#222222&#8243; hover_color=&#8221;#ffffff&#8221;][\/vc_column][\/vc_row][vc_row][vc_column offset=&#8221;vc_hidden-xs&#8221;][vc_empty_space][\/vc_column][\/vc_row][vc_row][vc_column][vc_empty_space height=&#8221;20px&#8221;][\/vc_column][\/vc_row][vc_row background_mode=&#8221;color&#8221; background_color=&#8221;#f5f5f5&#8243;][vc_column text_align=&#8221;center&#8221;][vc_row_inner padding_size=&#8221;m-padding&#8221;][vc_column_inner text_align=&#8221;center&#8221;][vc_single_image alignment=&#8221;center&#8221; image=&#8221;1046&#8243;][vc_column_text]Retrouvez cette lampe solaire encastr\u00e9e dans le sol en vente exclusivement chez LEROY MERLIN[\/vc_column_text][vc_empty_space height=&#8221;15px&#8221;][wyde_link_button icon_set=&#8221;simple_line&#8221; icon_simple_line=&#8221;sl-login&#8221; style=&#8221;outline round&#8221; title=&#8221;Acc\u00e8s \u00e0 Leroy Merlin&#8221; link=&#8221;url:https%3A%2F%2Fwww.leroymerlin.es%2Ffp%2F82433678%2Ffoco-solar-led-4000k-exterior-120lm||target:%20_blank|rel:nofollow&#8221; color=&#8221;#61b4e4&#8243; hover_color=&#8221;#ffffff&#8221;][\/vc_column_inner][\/vc_row_inner][\/vc_column][\/vc_row]<\/p>\n","protected":false},"featured_media":35366,"template":"","meta":[],"product_brand":[],"product_cat":[406],"product_tag":[],"class_list":{"0":"post-11141","1":"product","2":"type-product","3":"status-publish","4":"has-post-thumbnail","6":"product_cat-descatalogados-fr","8":"first","9":"instock","10":"shipping-taxable","11":"product-type-simple"},"yoast_head":"<!-- This site is optimized with the Yoast SEO plugin v26.5 - https:\/\/yoast.com\/wordpress\/plugins\/seo\/ -->\n<title>LINEAR - Descatalogados - Arteconfort<\/title>\n<meta name=\"description\" content=\"Ce lampadaire solaire discret est id\u00e9al pour \u00e9clairer tout espace que vous souhaitez baliser. Fabriqu\u00e9 \u00e0 partir de mat\u00e9riaux tr\u00e8s r\u00e9sistants, il est parfait pour n&#039;importe quelle surface car il r\u00e9siste aux traces de pas et au roulement des voitures. Ref. LINEAR33 Mat\u00e9riau \u00e0 haute r\u00e9sistance adapt\u00e9 \u00e0 l&#039;\u00e9clairage des cheminsAm\u00e9lioration de la charge gr\u00e2ce \u00e0 l&#039;augmentation du gain solaire et de la qualit\u00e9 du panneau en augmentant la conversion d&#039;\u00e9nergieChoisissez entre diff\u00e9rents modes de fonctionnement, avec ou sans d\u00e9tecteur de pr\u00e9senceRetrouvez cette lampe solaire encastr\u00e9e dans le sol en vente exclusivement chez LEROY MERLIN\" \/>\n<meta name=\"robots\" content=\"index, follow, max-snippet:-1, max-image-preview:large, max-video-preview:-1\" \/>\n<link rel=\"canonical\" href=\"https:\/\/arteconfort.com\/fr\/producto\/linear\/\" \/>\n<meta property=\"og:locale\" content=\"fr_FR\" \/>\n<meta property=\"og:type\" content=\"article\" \/>\n<meta property=\"og:title\" content=\"LINEAR - Descatalogados - Arteconfort\" \/>\n<meta property=\"og:description\" content=\"Ce lampadaire solaire discret est id\u00e9al pour \u00e9clairer tout espace que vous souhaitez baliser. Fabriqu\u00e9 \u00e0 partir de mat\u00e9riaux tr\u00e8s r\u00e9sistants, il est parfait pour n&#039;importe quelle surface car il r\u00e9siste aux traces de pas et au roulement des voitures. Ref. LINEAR33 Mat\u00e9riau \u00e0 haute r\u00e9sistance adapt\u00e9 \u00e0 l&#039;\u00e9clairage des cheminsAm\u00e9lioration de la charge gr\u00e2ce \u00e0 l&#039;augmentation du gain solaire et de la qualit\u00e9 du panneau en augmentant la conversion d&#039;\u00e9nergieChoisissez entre diff\u00e9rents modes de fonctionnement, avec ou sans d\u00e9tecteur de pr\u00e9senceRetrouvez cette lampe solaire encastr\u00e9e dans le sol en vente exclusivement chez LEROY MERLIN\" \/>\n<meta property=\"og:url\" content=\"https:\/\/arteconfort.com\/fr\/producto\/linear\/\" \/>\n<meta property=\"og:site_name\" content=\"Arteconfort\" \/>\n<meta property=\"article:modified_time\" content=\"2022-04-21T09:43:20+00:00\" \/>\n<meta property=\"og:image\" content=\"https:\/\/arteconfort.com\/wp-content\/uploads\/2023\/10\/LINEAR.webp\" \/>\n\t<meta property=\"og:image:width\" content=\"1024\" \/>\n\t<meta property=\"og:image:height\" content=\"1024\" \/>\n\t<meta property=\"og:image:type\" content=\"image\/webp\" \/>\n<meta name=\"twitter:card\" content=\"summary_large_image\" \/>\n<meta name=\"twitter:label1\" content=\"Dur\u00e9e de lecture estim\u00e9e\" \/>\n\t<meta name=\"twitter:data1\" content=\"2 minutes\" \/>\n<!-- \/ Yoast SEO plugin. -->","yoast_head_json":{"title":"LINEAR - Descatalogados - Arteconfort","description":"Ce lampadaire solaire discret est id\u00e9al pour \u00e9clairer tout espace que vous souhaitez baliser. Fabriqu\u00e9 \u00e0 partir de mat\u00e9riaux tr\u00e8s r\u00e9sistants, il est parfait pour n'importe quelle surface car il r\u00e9siste aux traces de pas et au roulement des voitures. Ref. LINEAR33 Mat\u00e9riau \u00e0 haute r\u00e9sistance adapt\u00e9 \u00e0 l'\u00e9clairage des cheminsAm\u00e9lioration de la charge gr\u00e2ce \u00e0 l'augmentation du gain solaire et de la qualit\u00e9 du panneau en augmentant la conversion d'\u00e9nergieChoisissez entre diff\u00e9rents modes de fonctionnement, avec ou sans d\u00e9tecteur de pr\u00e9senceRetrouvez cette lampe solaire encastr\u00e9e dans le sol en vente exclusivement chez LEROY MERLIN","robots":{"index":"index","follow":"follow","max-snippet":"max-snippet:-1","max-image-preview":"max-image-preview:large","max-video-preview":"max-video-preview:-1"},"canonical":"https:\/\/arteconfort.com\/fr\/producto\/linear\/","og_locale":"fr_FR","og_type":"article","og_title":"LINEAR - Descatalogados - Arteconfort","og_description":"Ce lampadaire solaire discret est id\u00e9al pour \u00e9clairer tout espace que vous souhaitez baliser. Fabriqu\u00e9 \u00e0 partir de mat\u00e9riaux tr\u00e8s r\u00e9sistants, il est parfait pour n'importe quelle surface car il r\u00e9siste aux traces de pas et au roulement des voitures. Ref. LINEAR33 Mat\u00e9riau \u00e0 haute r\u00e9sistance adapt\u00e9 \u00e0 l'\u00e9clairage des cheminsAm\u00e9lioration de la charge gr\u00e2ce \u00e0 l'augmentation du gain solaire et de la qualit\u00e9 du panneau en augmentant la conversion d'\u00e9nergieChoisissez entre diff\u00e9rents modes de fonctionnement, avec ou sans d\u00e9tecteur de pr\u00e9senceRetrouvez cette lampe solaire encastr\u00e9e dans le sol en vente exclusivement chez LEROY MERLIN","og_url":"https:\/\/arteconfort.com\/fr\/producto\/linear\/","og_site_name":"Arteconfort","article_modified_time":"2022-04-21T09:43:20+00:00","og_image":[{"width":1024,"height":1024,"url":"https:\/\/arteconfort.com\/wp-content\/uploads\/2023\/10\/LINEAR.webp","type":"image\/webp"}],"twitter_card":"summary_large_image","twitter_misc":{"Dur\u00e9e de lecture estim\u00e9e":"2 minutes"},"schema":{"@context":"https:\/\/schema.org","@graph":[{"@type":"WebPage","@id":"https:\/\/arteconfort.com\/fr\/producto\/linear\/","url":"https:\/\/arteconfort.com\/fr\/producto\/linear\/","name":"LINEAR - Descatalogados - Arteconfort","isPartOf":{"@id":"https:\/\/arteconfort.com\/fr\/#website"},"primaryImageOfPage":{"@id":"https:\/\/arteconfort.com\/fr\/producto\/linear\/#primaryimage"},"image":{"@id":"https:\/\/arteconfort.com\/fr\/producto\/linear\/#primaryimage"},"thumbnailUrl":"https:\/\/arteconfort.com\/wp-content\/uploads\/2023\/10\/LINEAR.webp","datePublished":"2020-01-30T16:05:34+00:00","dateModified":"2022-04-21T09:43:20+00:00","description":"Ce lampadaire solaire discret est id\u00e9al pour \u00e9clairer tout espace que vous souhaitez baliser. Fabriqu\u00e9 \u00e0 partir de mat\u00e9riaux tr\u00e8s r\u00e9sistants, il est parfait pour n'importe quelle surface car il r\u00e9siste aux traces de pas et au roulement des voitures. Ref. LINEAR33 Mat\u00e9riau \u00e0 haute r\u00e9sistance adapt\u00e9 \u00e0 l'\u00e9clairage des cheminsAm\u00e9lioration de la charge gr\u00e2ce \u00e0 l'augmentation du gain solaire et de la qualit\u00e9 du panneau en augmentant la conversion d'\u00e9nergieChoisissez entre diff\u00e9rents modes de fonctionnement, avec ou sans d\u00e9tecteur de pr\u00e9senceRetrouvez cette lampe solaire encastr\u00e9e dans le sol en vente exclusivement chez LEROY MERLIN","breadcrumb":{"@id":"https:\/\/arteconfort.com\/fr\/producto\/linear\/#breadcrumb"},"inLanguage":"fr-FR","potentialAction":[{"@type":"ReadAction","target":["https:\/\/arteconfort.com\/fr\/producto\/linear\/"]}]},{"@type":"ImageObject","inLanguage":"fr-FR","@id":"https:\/\/arteconfort.com\/fr\/producto\/linear\/#primaryimage","url":"https:\/\/arteconfort.com\/wp-content\/uploads\/2023\/10\/LINEAR.webp","contentUrl":"https:\/\/arteconfort.com\/wp-content\/uploads\/2023\/10\/LINEAR.webp","width":1024,"height":1024,"caption":"Empotrable solar LINEAR"},{"@type":"BreadcrumbList","@id":"https:\/\/arteconfort.com\/fr\/producto\/linear\/#breadcrumb","itemListElement":[{"@type":"ListItem","position":1,"name":"Inicio","item":"https:\/\/arteconfort.com\/fr\/"},{"@type":"ListItem","position":2,"name":"Boutique","item":"https:\/\/arteconfort.com\/fr\/boutique\/"},{"@type":"ListItem","position":3,"name":"LINEAR"}]},{"@type":"WebSite","@id":"https:\/\/arteconfort.com\/fr\/#website","url":"https:\/\/arteconfort.com\/fr\/","name":"Arteconfort","description":"Especialistas en productos del hogar","publisher":{"@id":"https:\/\/arteconfort.com\/fr\/#organization"},"potentialAction":[{"@type":"SearchAction","target":{"@type":"EntryPoint","urlTemplate":"https:\/\/arteconfort.com\/fr\/?s={search_term_string}"},"query-input":{"@type":"PropertyValueSpecification","valueRequired":true,"valueName":"search_term_string"}}],"inLanguage":"fr-FR"},{"@type":"Organization","@id":"https:\/\/arteconfort.com\/fr\/#organization","name":"Arteconfort","url":"https:\/\/arteconfort.com\/fr\/","logo":{"@type":"ImageObject","inLanguage":"fr-FR","@id":"https:\/\/arteconfort.com\/fr\/#\/schema\/logo\/image\/","url":"https:\/\/arteconfort.com\/wp-content\/uploads\/2019\/07\/logo-arteconfort.png","contentUrl":"https:\/\/arteconfort.com\/wp-content\/uploads\/2019\/07\/logo-arteconfort.png","width":230,"height":88,"caption":"Arteconfort"},"image":{"@id":"https:\/\/arteconfort.com\/fr\/#\/schema\/logo\/image\/"}}]}},"_links":{"self":[{"href":"https:\/\/arteconfort.com\/fr\/wp-json\/wp\/v2\/product\/11141","targetHints":{"allow":["GET"]}}],"collection":[{"href":"https:\/\/arteconfort.com\/fr\/wp-json\/wp\/v2\/product"}],"about":[{"href":"https:\/\/arteconfort.com\/fr\/wp-json\/wp\/v2\/types\/product"}],"wp:featuredmedia":[{"embeddable":true,"href":"https:\/\/arteconfort.com\/fr\/wp-json\/wp\/v2\/media\/35366"}],"wp:attachment":[{"href":"https:\/\/arteconfort.com\/fr\/wp-json\/wp\/v2\/media?parent=11141"}],"wp:term":[{"taxonomy":"product_brand","embeddable":true,"href":"https:\/\/arteconfort.com\/fr\/wp-json\/wp\/v2\/product_brand?post=11141"},{"taxonomy":"product_cat","embeddable":true,"href":"https:\/\/arteconfort.com\/fr\/wp-json\/wp\/v2\/product_cat?post=11141"},{"taxonomy":"product_tag","embeddable":true,"href":"https:\/\/arteconfort.com\/fr\/wp-json\/wp\/v2\/product_tag?post=11141"}],"curies":[{"name":"wp","href":"https:\/\/api.w.org\/{rel}","templated":true}]}}