{"id":11147,"date":"2019-08-12T08:32:06","date_gmt":"2019-08-12T06:32:06","guid":{"rendered":"https:\/\/arteconfort.com\/producto\/non%20class\u00e9\/merope\/"},"modified":"2023-04-10T09:48:12","modified_gmt":"2023-04-10T07:48:12","slug":"merope","status":"publish","type":"product","link":"https:\/\/arteconfort.com\/fr\/producto\/merope\/","title":{"rendered":"MEROPE"},"content":{"rendered":"<div class=\"wpb-content-wrapper\"><p>[vc_row][vc_column][vc_row_inner][vc_column_inner width=&#8221;1\/4&#8243; offset=&#8221;vc_col-xs-6&#8243;][wyde_info_box icon_set=&#8221;bigmug_line&#8221; icon_bigmug_line=&#8221;bigmug-line-foggy-sun&#8221; title=&#8221;PANNEAU SOLAIRE AVEC UNE PLUS GRANDE SURFACE&#8221;]Am\u00e9lioration de la charge gr\u00e2ce \u00e0 l&#8217;augmentation du gain solaire et de la qualit\u00e9 du panneau en augmentant la conversion d&#8217;\u00e9nergie[\/wyde_info_box][\/vc_column_inner][vc_column_inner width=&#8221;1\/4&#8243; offset=&#8221;vc_col-xs-6&#8243;][wyde_info_box icon_set=&#8221;simple_line&#8221; icon_simple_line=&#8221;sl-rocket&#8221; title=&#8221;BATTERIE \u00c0 RENDEMENT ET CAPACIT\u00c9 SUP\u00c9RIEURS&#8221;]Pour une autonomie plus durable[\/wyde_info_box][\/vc_column_inner][\/vc_row_inner][vc_row_inner][vc_column_inner offset=&#8221;vc_hidden-xs&#8221;][vc_empty_space height=&#8221;60px&#8221;][\/vc_column_inner][\/vc_row_inner][\/vc_column][\/vc_row][vc_row][vc_column width=&#8221;1\/2&#8243;][vc_accordion collapsible=&#8221;true&#8221; active_tab=&#8221;false&#8221;][vc_accordion_tab title=&#8221;Caract\u00e9ristiques g\u00e9n\u00e9rales&#8221;][vc_column_text]<strong>Dimensions<\/strong> 206x106x79mm<br \/>\n<strong>Mat\u00e9riau<\/strong> ABS+PC<br \/>\n<strong>Finition<\/strong> Blanc\/Noir<br \/>\n<strong>IP<\/strong> 65<br \/>\n<strong>Garantie<\/strong> 3 ann\u00e9es[\/vc_column_text][\/vc_accordion_tab][vc_accordion_tab title=&#8221;Panneau solaire&#8221;][vc_column_text]<strong>Mat\u00e9riau<\/strong> Silicium polycristallin<br \/>\n<strong>Type d&#8217;encapsulation<\/strong> PET[\/vc_column_text][\/vc_accordion_tab][vc_accordion_tab title=&#8221;Batterie&#8221;][vc_column_text]<strong>Type de batterie<\/strong> LiFePO4<br \/>\n<strong>Tension de charge<\/strong> 3,2V<br \/>\n<strong>Capacit\u00e9<\/strong> 4.500mAh<br \/>\n<strong>Temps de charge<\/strong> 8h<br \/>\n<strong>Autonomie<\/strong> 12h[\/vc_column_text][\/vc_accordion_tab][vc_accordion_tab title=&#8221;LED&#8221;][vc_column_text]<strong>Type de LED<\/strong> SMD<br \/>\n<strong>Angle d&#8217;ouverture<\/strong> 120\u00ba<br \/>\n<strong>CCT<\/strong> 4000K<br \/>\n<strong>Flux lumineux<\/strong> 900lm[\/vc_column_text][\/vc_accordion_tab][vc_accordion_tab title=&#8221;Modes de fonctionnement&#8221;][vc_column_text]<strong>Mode 1<\/strong> Allum\u00e9e \u00e0 30lm. Passe \u00e0 900 lm lorsqu&#8217;il d\u00e9tecte une pr\u00e9sence<br \/>\n<strong>Mode 2<\/strong> D\u00e9branch\u00e9. S&#8217;allume \u00e0 900 lm lorsqu&#8217;il d\u00e9tecte une pr\u00e9sence<br \/>\n<strong>Mode 3<\/strong> \u00c9clairage fixe \u00e0 225lm sans capteur<br \/>\n<strong>Mode 4<\/strong> Eclairage fixe \u00e0 900lm sans capteur pendant 60 minutes[\/vc_column_text][\/vc_accordion_tab][vc_accordion_tab title=&#8221;Capteur&#8221;][vc_column_text]<strong>Capteur<\/strong> Oui\u00a0 (Micro-ondes)<br \/>\n<strong>Distance de d\u00e9tection<\/strong> 10m<br \/>\n<strong>Temps de courtoisie<\/strong> 10s[\/vc_column_text][\/vc_accordion_tab][\/vc_accordion][\/vc_column][vc_column width=&#8221;1\/2&#8243;][vc_single_image image=&#8221;4814&#8243;][\/vc_column][\/vc_row]<\/p>\n<\/div>","protected":false},"excerpt":{"rendered":"<p>Tirez le meilleur parti de votre \u00e9clairage ext\u00e9rieur avec cette applique solaire r\u00e9glable. Fabriqu\u00e9 \u00e0 partir de mat\u00e9riaux hautement r\u00e9sistants aux chocs.<br \/>\nIl est \u00e9quip\u00e9 d&#8217;un d\u00e9tecteur de mouvement et d&#8217;un panneau solaire de haute qualit\u00e9 qui permet de capter la lumi\u00e8re du soleil de mani\u00e8re plus efficace pour obtenir une illumination qui dure toute la nuit.<br \/>\n<strong>Ref. modelo blanco EMEROP-006T40SD300LIBLCD<\/strong><br \/>\n<strong>Ref. modelo negro EMEROP-006T40SD300LINGRD<\/strong>[vc_row][vc_column offset=&#8221;vc_hidden-xs&#8221;][vc_empty_space height=&#8221;30px&#8221;][\/vc_column][\/vc_row][vc_row][vc_column][vc_row_inner][vc_column_inner][wyde_info_box icon_set=&#8221;stroke_gap&#8221; icon_stroke_gap=&#8221;sg-Antenna2&#8243; icon_position=&#8221;left&#8221; title=&#8221;D\u00c9TECTEUR DE PR\u00c9SENCE \u00c0 MICRO-ONDES&#8221;]D\u00e9tection de mouvement et allumage automatique de la lumi\u00e8re[\/wyde_info_box][vc_empty_space height=&#8221;15px&#8221;][\/vc_column_inner][\/vc_row_inner][vc_row_inner][vc_column_inner][wyde_info_box icon_set=&#8221;stroke_gap&#8221; icon_stroke_gap=&#8221;sg-Bulb&#8221; icon_position=&#8221;left&#8221; title=&#8221;LUMINOSIT\u00c9 \u00c9LEV\u00c9E&#8221;]Permet d&#8217;\u00e9clairer de grandes surfaces du jardin[\/wyde_info_box][vc_empty_space height=&#8221;15px&#8221;][\/vc_column_inner][\/vc_row_inner][vc_row_inner][vc_column_inner][wyde_info_box icon_set=&#8221;bigmug_line&#8221; icon_bigmug_line=&#8221;bigmug-line-equalizar2&#8243; icon_position=&#8221;left&#8221; title=&#8221;4 MODES D&#8217;ALLUMAGE&#8221;]Choisissez entre diff\u00e9rents modes de fonctionnement, avec ou sans d\u00e9tecteur de pr\u00e9sence[\/wyde_info_box][vc_empty_space height=&#8221;15px&#8221;][\/vc_column_inner][\/vc_row_inner][\/vc_column][\/vc_row][vc_row][vc_column offset=&#8221;vc_hidden-xs&#8221;][vc_empty_space height=&#8221;60px&#8221;][\/vc_column][\/vc_row][vc_row][vc_column width=&#8221;1\/3&#8243;][wyde_link_button icon_set=&#8221;simple_line&#8221; icon_simple_line=&#8221;sl-settings&#8221; style=&#8221;round&#8221; title=&#8221;Instructions&#8221; link=&#8221;url:http%3A%2F%2Farteconfort.com%2Fwp-content%2Fuploads%2F2020%2F01%2Fim-MEROPE.pdf||target:%20_blank|rel:nofollow&#8221; color=&#8221;#ffffff&#8221; bg_color=&#8221;#222222&#8243;][\/vc_column][\/vc_row][vc_row][vc_column offset=&#8221;vc_hidden-xs&#8221;][vc_empty_space][\/vc_column][\/vc_row]<\/p>\n","protected":false},"featured_media":41105,"template":"","meta":[],"product_brand":[],"product_cat":[1047,340,336],"product_tag":[],"class_list":{"0":"post-11147","1":"product","2":"type-product","3":"status-publish","4":"has-post-thumbnail","6":"product_cat-coleccion-antigua-fr","7":"product_cat-iluminacion-solar-de-pared-fr","8":"product_cat-solar-fr","10":"first","11":"instock","12":"shipping-taxable","13":"product-type-external"},"yoast_head":"<!-- This site is optimized with the Yoast SEO plugin v26.5 - https:\/\/yoast.com\/wordpress\/plugins\/seo\/ -->\n<title>MEROPE - colecci\u00f3n antigua, Pared, Solar - Arteconfort<\/title>\n<meta name=\"description\" content=\"Tirez le meilleur parti de votre \u00e9clairage ext\u00e9rieur avec cette applique solaire r\u00e9glable. Fabriqu\u00e9 \u00e0 partir de mat\u00e9riaux hautement r\u00e9sistants aux chocs. Il est \u00e9quip\u00e9 d&#039;un d\u00e9tecteur de mouvement et d&#039;un panneau solaire de haute qualit\u00e9 qui permet de capter la lumi\u00e8re du soleil de mani\u00e8re plus efficace pour obtenir une illumination qui dure toute la nuit. Ref. modelo blanco EMEROP-006T40SD300LIBLCD Ref. modelo negro EMEROP-006T40SD300LINGRDD\u00e9tection de mouvement et allumage automatique de la lumi\u00e8rePermet d&#039;\u00e9clairer de grandes surfaces du jardinChoisissez entre diff\u00e9rents modes de fonctionnement, avec ou sans d\u00e9tecteur de pr\u00e9sence\" \/>\n<meta name=\"robots\" content=\"index, follow, max-snippet:-1, max-image-preview:large, max-video-preview:-1\" \/>\n<link rel=\"canonical\" href=\"https:\/\/arteconfort.com\/fr\/producto\/merope\/\" \/>\n<meta property=\"og:locale\" content=\"fr_FR\" \/>\n<meta property=\"og:type\" content=\"article\" \/>\n<meta property=\"og:title\" content=\"MEROPE - colecci\u00f3n antigua, Pared, Solar - Arteconfort\" \/>\n<meta property=\"og:description\" content=\"Tirez le meilleur parti de votre \u00e9clairage ext\u00e9rieur avec cette applique solaire r\u00e9glable. Fabriqu\u00e9 \u00e0 partir de mat\u00e9riaux hautement r\u00e9sistants aux chocs. Il est \u00e9quip\u00e9 d&#039;un d\u00e9tecteur de mouvement et d&#039;un panneau solaire de haute qualit\u00e9 qui permet de capter la lumi\u00e8re du soleil de mani\u00e8re plus efficace pour obtenir une illumination qui dure toute la nuit. Ref. modelo blanco EMEROP-006T40SD300LIBLCD Ref. modelo negro EMEROP-006T40SD300LINGRDD\u00e9tection de mouvement et allumage automatique de la lumi\u00e8rePermet d&#039;\u00e9clairer de grandes surfaces du jardinChoisissez entre diff\u00e9rents modes de fonctionnement, avec ou sans d\u00e9tecteur de pr\u00e9sence\" \/>\n<meta property=\"og:url\" content=\"https:\/\/arteconfort.com\/fr\/producto\/merope\/\" \/>\n<meta property=\"og:site_name\" content=\"Arteconfort\" \/>\n<meta property=\"article:modified_time\" content=\"2023-04-10T07:48:12+00:00\" \/>\n<meta property=\"og:image\" content=\"https:\/\/arteconfort.com\/wp-content\/uploads\/2024\/06\/solar-MEROPE-26633873-1.webp\" \/>\n\t<meta property=\"og:image:width\" content=\"1024\" \/>\n\t<meta property=\"og:image:height\" content=\"1024\" \/>\n\t<meta property=\"og:image:type\" content=\"image\/webp\" \/>\n<meta name=\"twitter:card\" content=\"summary_large_image\" \/>\n<meta name=\"twitter:label1\" content=\"Dur\u00e9e de lecture estim\u00e9e\" \/>\n\t<meta name=\"twitter:data1\" content=\"2 minutes\" \/>\n<!-- \/ Yoast SEO plugin. -->","yoast_head_json":{"title":"MEROPE - colecci\u00f3n antigua, Pared, Solar - Arteconfort","description":"Tirez le meilleur parti de votre \u00e9clairage ext\u00e9rieur avec cette applique solaire r\u00e9glable. Fabriqu\u00e9 \u00e0 partir de mat\u00e9riaux hautement r\u00e9sistants aux chocs. Il est \u00e9quip\u00e9 d'un d\u00e9tecteur de mouvement et d'un panneau solaire de haute qualit\u00e9 qui permet de capter la lumi\u00e8re du soleil de mani\u00e8re plus efficace pour obtenir une illumination qui dure toute la nuit. Ref. modelo blanco EMEROP-006T40SD300LIBLCD Ref. modelo negro EMEROP-006T40SD300LINGRDD\u00e9tection de mouvement et allumage automatique de la lumi\u00e8rePermet d'\u00e9clairer de grandes surfaces du jardinChoisissez entre diff\u00e9rents modes de fonctionnement, avec ou sans d\u00e9tecteur de pr\u00e9sence","robots":{"index":"index","follow":"follow","max-snippet":"max-snippet:-1","max-image-preview":"max-image-preview:large","max-video-preview":"max-video-preview:-1"},"canonical":"https:\/\/arteconfort.com\/fr\/producto\/merope\/","og_locale":"fr_FR","og_type":"article","og_title":"MEROPE - colecci\u00f3n antigua, Pared, Solar - Arteconfort","og_description":"Tirez le meilleur parti de votre \u00e9clairage ext\u00e9rieur avec cette applique solaire r\u00e9glable. Fabriqu\u00e9 \u00e0 partir de mat\u00e9riaux hautement r\u00e9sistants aux chocs. Il est \u00e9quip\u00e9 d'un d\u00e9tecteur de mouvement et d'un panneau solaire de haute qualit\u00e9 qui permet de capter la lumi\u00e8re du soleil de mani\u00e8re plus efficace pour obtenir une illumination qui dure toute la nuit. Ref. modelo blanco EMEROP-006T40SD300LIBLCD Ref. modelo negro EMEROP-006T40SD300LINGRDD\u00e9tection de mouvement et allumage automatique de la lumi\u00e8rePermet d'\u00e9clairer de grandes surfaces du jardinChoisissez entre diff\u00e9rents modes de fonctionnement, avec ou sans d\u00e9tecteur de pr\u00e9sence","og_url":"https:\/\/arteconfort.com\/fr\/producto\/merope\/","og_site_name":"Arteconfort","article_modified_time":"2023-04-10T07:48:12+00:00","og_image":[{"width":1024,"height":1024,"url":"https:\/\/arteconfort.com\/wp-content\/uploads\/2024\/06\/solar-MEROPE-26633873-1.webp","type":"image\/webp"}],"twitter_card":"summary_large_image","twitter_misc":{"Dur\u00e9e de lecture estim\u00e9e":"2 minutes"},"schema":{"@context":"https:\/\/schema.org","@graph":[{"@type":"WebPage","@id":"https:\/\/arteconfort.com\/fr\/producto\/merope\/","url":"https:\/\/arteconfort.com\/fr\/producto\/merope\/","name":"MEROPE - colecci\u00f3n antigua, Pared, Solar - Arteconfort","isPartOf":{"@id":"https:\/\/arteconfort.com\/fr\/#website"},"primaryImageOfPage":{"@id":"https:\/\/arteconfort.com\/fr\/producto\/merope\/#primaryimage"},"image":{"@id":"https:\/\/arteconfort.com\/fr\/producto\/merope\/#primaryimage"},"thumbnailUrl":"https:\/\/arteconfort.com\/wp-content\/uploads\/2024\/06\/solar-MEROPE-26633873-1.webp","datePublished":"2019-08-12T06:32:06+00:00","dateModified":"2023-04-10T07:48:12+00:00","description":"Tirez le meilleur parti de votre \u00e9clairage ext\u00e9rieur avec cette applique solaire r\u00e9glable. Fabriqu\u00e9 \u00e0 partir de mat\u00e9riaux hautement r\u00e9sistants aux chocs. Il est \u00e9quip\u00e9 d'un d\u00e9tecteur de mouvement et d'un panneau solaire de haute qualit\u00e9 qui permet de capter la lumi\u00e8re du soleil de mani\u00e8re plus efficace pour obtenir une illumination qui dure toute la nuit. Ref. modelo blanco EMEROP-006T40SD300LIBLCD Ref. modelo negro EMEROP-006T40SD300LINGRDD\u00e9tection de mouvement et allumage automatique de la lumi\u00e8rePermet d'\u00e9clairer de grandes surfaces du jardinChoisissez entre diff\u00e9rents modes de fonctionnement, avec ou sans d\u00e9tecteur de pr\u00e9sence","breadcrumb":{"@id":"https:\/\/arteconfort.com\/fr\/producto\/merope\/#breadcrumb"},"inLanguage":"fr-FR","potentialAction":[{"@type":"ReadAction","target":["https:\/\/arteconfort.com\/fr\/producto\/merope\/"]}]},{"@type":"ImageObject","inLanguage":"fr-FR","@id":"https:\/\/arteconfort.com\/fr\/producto\/merope\/#primaryimage","url":"https:\/\/arteconfort.com\/wp-content\/uploads\/2024\/06\/solar-MEROPE-26633873-1.webp","contentUrl":"https:\/\/arteconfort.com\/wp-content\/uploads\/2024\/06\/solar-MEROPE-26633873-1.webp","width":1024,"height":1024,"caption":"Aplique solar MEROPE blanco"},{"@type":"BreadcrumbList","@id":"https:\/\/arteconfort.com\/fr\/producto\/merope\/#breadcrumb","itemListElement":[{"@type":"ListItem","position":1,"name":"Inicio","item":"https:\/\/arteconfort.com\/fr\/"},{"@type":"ListItem","position":2,"name":"Boutique","item":"https:\/\/arteconfort.com\/fr\/boutique\/"},{"@type":"ListItem","position":3,"name":"MEROPE"}]},{"@type":"WebSite","@id":"https:\/\/arteconfort.com\/fr\/#website","url":"https:\/\/arteconfort.com\/fr\/","name":"Arteconfort","description":"Especialistas en productos del hogar","publisher":{"@id":"https:\/\/arteconfort.com\/fr\/#organization"},"potentialAction":[{"@type":"SearchAction","target":{"@type":"EntryPoint","urlTemplate":"https:\/\/arteconfort.com\/fr\/?s={search_term_string}"},"query-input":{"@type":"PropertyValueSpecification","valueRequired":true,"valueName":"search_term_string"}}],"inLanguage":"fr-FR"},{"@type":"Organization","@id":"https:\/\/arteconfort.com\/fr\/#organization","name":"Arteconfort","url":"https:\/\/arteconfort.com\/fr\/","logo":{"@type":"ImageObject","inLanguage":"fr-FR","@id":"https:\/\/arteconfort.com\/fr\/#\/schema\/logo\/image\/","url":"https:\/\/arteconfort.com\/wp-content\/uploads\/2019\/07\/logo-arteconfort.png","contentUrl":"https:\/\/arteconfort.com\/wp-content\/uploads\/2019\/07\/logo-arteconfort.png","width":230,"height":88,"caption":"Arteconfort"},"image":{"@id":"https:\/\/arteconfort.com\/fr\/#\/schema\/logo\/image\/"}}]}},"_links":{"self":[{"href":"https:\/\/arteconfort.com\/fr\/wp-json\/wp\/v2\/product\/11147","targetHints":{"allow":["GET"]}}],"collection":[{"href":"https:\/\/arteconfort.com\/fr\/wp-json\/wp\/v2\/product"}],"about":[{"href":"https:\/\/arteconfort.com\/fr\/wp-json\/wp\/v2\/types\/product"}],"wp:featuredmedia":[{"embeddable":true,"href":"https:\/\/arteconfort.com\/fr\/wp-json\/wp\/v2\/media\/41105"}],"wp:attachment":[{"href":"https:\/\/arteconfort.com\/fr\/wp-json\/wp\/v2\/media?parent=11147"}],"wp:term":[{"taxonomy":"product_brand","embeddable":true,"href":"https:\/\/arteconfort.com\/fr\/wp-json\/wp\/v2\/product_brand?post=11147"},{"taxonomy":"product_cat","embeddable":true,"href":"https:\/\/arteconfort.com\/fr\/wp-json\/wp\/v2\/product_cat?post=11147"},{"taxonomy":"product_tag","embeddable":true,"href":"https:\/\/arteconfort.com\/fr\/wp-json\/wp\/v2\/product_tag?post=11147"}],"curies":[{"name":"wp","href":"https:\/\/api.w.org\/{rel}","templated":true}]}}