{"id":11151,"date":"2020-12-18T09:11:25","date_gmt":"2020-12-18T08:11:25","guid":{"rendered":"https:\/\/arteconfort.com\/producto\/non%20class\u00e9\/meteor\/"},"modified":"2022-04-21T12:04:54","modified_gmt":"2022-04-21T10:04:54","slug":"meteor","status":"publish","type":"product","link":"https:\/\/arteconfort.com\/fr\/producto\/meteor\/","title":{"rendered":"METEOR"},"content":{"rendered":"<div class=\"wpb-content-wrapper\"><p>[vc_row][vc_column width=&#8221;1\/2&#8243;][vc_accordion collapsible=&#8221;true&#8221; active_tab=&#8221;false&#8221;][vc_accordion_tab title=&#8221;Caract\u00e9ristiques g\u00e9n\u00e9rales&#8221;][vc_column_text]<strong>Dimensions<\/strong> 11&#215;13,5m<br \/>\n<strong>Mat\u00e9riau<\/strong> Verre et acier<br \/>\n<strong>Finition<\/strong> Transparent<br \/>\n<strong>IP<\/strong> 44<br \/>\n<strong>Garantie<\/strong> 3 ann\u00e9es[\/vc_column_text][\/vc_accordion_tab][vc_accordion_tab title=&#8221;Panneau solaire&#8221;][vc_column_text]<strong>Mat\u00e9riau<\/strong> Monocristallin<br \/>\n<strong>Type d&#8217;encapsulation<\/strong> PET<br \/>\n<strong>Tension<\/strong> 2V 70mA[\/vc_column_text][\/vc_accordion_tab][vc_accordion_tab title=&#8221;Batterie&#8221;][vc_column_text]<strong>Type de batterie<\/strong>\u00a0AA Ni-MH<br \/>\n<strong>Tension de charge<\/strong> 1,2V<br \/>\n<strong>Capacit\u00e9<\/strong> 1600mAh<br \/>\n<strong>Temps de charge<\/strong> 8h<br \/>\n<strong>Autonomie<\/strong> Max. 10h[\/vc_column_text][\/vc_accordion_tab][vc_accordion_tab title=&#8221;LED&#8221;][vc_column_text]<strong>Num\u00e9ro de LED<\/strong> 30<br \/>\n<strong>Angle d&#8217;ouverture<\/strong> 270\u00ba<br \/>\n<strong>CCT<\/strong> 3000K<br \/>\n<strong>Flux lumineux<\/strong> 30lm[\/vc_column_text][\/vc_accordion_tab][vc_accordion_tab title=&#8221;Modes de fonctionnement&#8221;][vc_column_text]<strong>Mode 1<\/strong> Lumi\u00e8re du flash<br \/>\n<strong>Mode 2<\/strong> Allumage fixe[\/vc_column_text][\/vc_accordion_tab][vc_accordion_tab title=&#8221;Capteur&#8221;][vc_column_text]<strong>Capteur<\/strong> Non[\/vc_column_text][\/vc_accordion_tab][\/vc_accordion][\/vc_column][vc_column width=&#8221;1\/2&#8243;][vc_single_image image=&#8221;8918&#8243;][\/vc_column][\/vc_row]<\/p>\n<\/div>","protected":false},"excerpt":{"rendered":"<p>La lampe de table solaire METEOR cr\u00e9era une atmosph\u00e8re chaleureuse et accueillante dans votre jardin ou sur votre terrasse. Le corps en verre et la corde donnent une touche naturelle ou rustique, ce qui en fait un objet id\u00e9al \u00e0 suspendre sur un porche ou une terrasse, ou \u00e0 placer comme \u00e9clairage d&#8217;ambiance sur une table.<br \/>\n<strong>Ref. METEORTR35<\/strong>[vc_row][vc_column offset=&#8221;vc_hidden-xs&#8221;][vc_empty_space height=&#8221;30px&#8221;][\/vc_column][\/vc_row][vc_row][vc_column][vc_row_inner][vc_column_inner][wyde_info_box icon_set=&#8221;bigmug_line&#8221; icon_bigmug_line=&#8221;bigmug-line-equalizar2&#8243; icon_position=&#8221;left&#8221; title=&#8221;2 MODES D&#8217;ALLUMAGE&#8221;]Choisissez le mode de fonctionnement que vous souhaitez[\/wyde_info_box][vc_empty_space height=&#8221;15px&#8221;][\/vc_column_inner][\/vc_row_inner][vc_row_inner][vc_column_inner][wyde_info_box icon_set=&#8221;simple_line&#8221; icon_simple_line=&#8221;sl-eye&#8221; icon_position=&#8221;left&#8221; title=&#8221;\u00c9CLAIRAGE D\u00c9CORATIF&#8221;]Cr\u00e9ez des atmosph\u00e8res uniques avec des lumi\u00e8res d\u00e9coratives[\/wyde_info_box][vc_empty_space height=&#8221;15px&#8221;][\/vc_column_inner][\/vc_row_inner][vc_row_inner][vc_column_inner][wyde_info_box icon_set=&#8221;simple_line&#8221; icon_simple_line=&#8221;sl-wrench&#8221; icon_position=&#8221;left&#8221; title=&#8221;2 OPTIONS DE MONTAGE&#8221;]Suspendu par une corde ou debout[\/wyde_info_box][vc_empty_space height=&#8221;15px&#8221;][\/vc_column_inner][\/vc_row_inner][\/vc_column][\/vc_row][vc_row][vc_column offset=&#8221;vc_hidden-xs&#8221;][vc_empty_space height=&#8221;60px&#8221;][\/vc_column][\/vc_row][vc_row][vc_column width=&#8221;1\/3&#8243;][wyde_link_button icon_set=&#8221;simple_line&#8221; icon_simple_line=&#8221;sl-settings&#8221; style=&#8221;round&#8221; title=&#8221;Instructions&#8221; link=&#8221;url:https%3A%2F%2Farteconfort.com%2Fwp-content%2Fuploads%2F2020%2F12%2Fim-METEOR.pdf||target:%20_blank|rel:nofollow&#8221; color=&#8221;#ffffff&#8221; bg_color=&#8221;#222222&#8243;][\/vc_column][vc_column width=&#8221;1\/3&#8243;][wyde_link_button icon_set=&#8221;simple_line&#8221; icon_simple_line=&#8221;sl-social-youtube&#8221; style=&#8221;outline round&#8221; title=&#8221;Vid\u00e9o&#8221; link=&#8221;url:https%3A%2F%2Fwww.youtube.com%2Fwatch%3Fv%3DyhESpXWH-HA||target:%20_blank|rel:nofollow&#8221; color=&#8221;#222222&#8243; hover_color=&#8221;#ffffff&#8221;][\/vc_column][\/vc_row][vc_row][vc_column offset=&#8221;vc_hidden-xs&#8221;][vc_empty_space][\/vc_column][\/vc_row][vc_row][vc_column][vc_empty_space height=&#8221;20px&#8221;][\/vc_column][\/vc_row][vc_row background_mode=&#8221;color&#8221; background_color=&#8221;#f5f5f5&#8243;][vc_column text_align=&#8221;center&#8221;][vc_row_inner padding_size=&#8221;m-padding&#8221;][vc_column_inner text_align=&#8221;center&#8221;][vc_single_image alignment=&#8221;center&#8221; image=&#8221;1046&#8243;][vc_column_text]Retrouvez cette guirlande solaire en vente exclusivement chez LEROY MERLIN[\/vc_column_text][vc_empty_space height=&#8221;15px&#8221;][wyde_link_button icon_set=&#8221;simple_line&#8221; icon_simple_line=&#8221;sl-login&#8221; style=&#8221;outline round&#8221; title=&#8221;Acc\u00e8s \u00e0 Leroy Merlin&#8221; link=&#8221;url:https%3A%2F%2Fwww.leroymerlin.es%2Ffp%2F83211526%2Flampara-de-mesa-solar-meteor-3000k||target:%20_blank|rel:nofollow&#8221; color=&#8221;#61b4e4&#8243; hover_color=&#8221;#ffffff&#8221;][\/vc_column_inner][\/vc_row_inner][\/vc_column][\/vc_row]<\/p>\n","protected":false},"featured_media":35961,"template":"","meta":[],"product_brand":[],"product_cat":[406],"product_tag":[],"class_list":{"0":"post-11151","1":"product","2":"type-product","3":"status-publish","4":"has-post-thumbnail","6":"product_cat-descatalogados-fr","8":"first","9":"instock","10":"shipping-taxable","11":"product-type-external"},"yoast_head":"<!-- This site is optimized with the Yoast SEO plugin v26.5 - https:\/\/yoast.com\/wordpress\/plugins\/seo\/ -->\n<title>METEOR - Descatalogados - Arteconfort<\/title>\n<meta name=\"description\" content=\"La lampe de table solaire METEOR cr\u00e9era une atmosph\u00e8re chaleureuse et accueillante dans votre jardin ou sur votre terrasse. Le corps en verre et la corde donnent une touche naturelle ou rustique, ce qui en fait un objet id\u00e9al \u00e0 suspendre sur un porche ou une terrasse, ou \u00e0 placer comme \u00e9clairage d&#039;ambiance sur une table. Ref. METEORTR35Choisissez le mode de fonctionnement que vous souhaitezCr\u00e9ez des atmosph\u00e8res uniques avec des lumi\u00e8res d\u00e9corativesSuspendu par une corde ou deboutRetrouvez cette guirlande solaire en vente exclusivement chez LEROY MERLIN\" \/>\n<meta name=\"robots\" content=\"index, follow, max-snippet:-1, max-image-preview:large, max-video-preview:-1\" \/>\n<link rel=\"canonical\" href=\"https:\/\/arteconfort.com\/fr\/producto\/meteor\/\" \/>\n<meta property=\"og:locale\" content=\"fr_FR\" \/>\n<meta property=\"og:type\" content=\"article\" \/>\n<meta property=\"og:title\" content=\"METEOR - Descatalogados - Arteconfort\" \/>\n<meta property=\"og:description\" content=\"La lampe de table solaire METEOR cr\u00e9era une atmosph\u00e8re chaleureuse et accueillante dans votre jardin ou sur votre terrasse. Le corps en verre et la corde donnent une touche naturelle ou rustique, ce qui en fait un objet id\u00e9al \u00e0 suspendre sur un porche ou une terrasse, ou \u00e0 placer comme \u00e9clairage d&#039;ambiance sur une table. Ref. METEORTR35Choisissez le mode de fonctionnement que vous souhaitezCr\u00e9ez des atmosph\u00e8res uniques avec des lumi\u00e8res d\u00e9corativesSuspendu par une corde ou deboutRetrouvez cette guirlande solaire en vente exclusivement chez LEROY MERLIN\" \/>\n<meta property=\"og:url\" content=\"https:\/\/arteconfort.com\/fr\/producto\/meteor\/\" \/>\n<meta property=\"og:site_name\" content=\"Arteconfort\" \/>\n<meta property=\"article:modified_time\" content=\"2022-04-21T10:04:54+00:00\" \/>\n<meta property=\"og:image\" content=\"https:\/\/arteconfort.com\/wp-content\/uploads\/2023\/10\/SOLAR-METEOR.webp\" \/>\n\t<meta property=\"og:image:width\" content=\"1024\" \/>\n\t<meta property=\"og:image:height\" content=\"1024\" \/>\n\t<meta property=\"og:image:type\" content=\"image\/webp\" \/>\n<meta name=\"twitter:card\" content=\"summary_large_image\" \/>\n<meta name=\"twitter:label1\" content=\"Dur\u00e9e de lecture estim\u00e9e\" \/>\n\t<meta name=\"twitter:data1\" content=\"1 minute\" \/>\n<!-- \/ Yoast SEO plugin. -->","yoast_head_json":{"title":"METEOR - Descatalogados - Arteconfort","description":"La lampe de table solaire METEOR cr\u00e9era une atmosph\u00e8re chaleureuse et accueillante dans votre jardin ou sur votre terrasse. Le corps en verre et la corde donnent une touche naturelle ou rustique, ce qui en fait un objet id\u00e9al \u00e0 suspendre sur un porche ou une terrasse, ou \u00e0 placer comme \u00e9clairage d'ambiance sur une table. Ref. METEORTR35Choisissez le mode de fonctionnement que vous souhaitezCr\u00e9ez des atmosph\u00e8res uniques avec des lumi\u00e8res d\u00e9corativesSuspendu par une corde ou deboutRetrouvez cette guirlande solaire en vente exclusivement chez LEROY MERLIN","robots":{"index":"index","follow":"follow","max-snippet":"max-snippet:-1","max-image-preview":"max-image-preview:large","max-video-preview":"max-video-preview:-1"},"canonical":"https:\/\/arteconfort.com\/fr\/producto\/meteor\/","og_locale":"fr_FR","og_type":"article","og_title":"METEOR - Descatalogados - Arteconfort","og_description":"La lampe de table solaire METEOR cr\u00e9era une atmosph\u00e8re chaleureuse et accueillante dans votre jardin ou sur votre terrasse. Le corps en verre et la corde donnent une touche naturelle ou rustique, ce qui en fait un objet id\u00e9al \u00e0 suspendre sur un porche ou une terrasse, ou \u00e0 placer comme \u00e9clairage d'ambiance sur une table. Ref. METEORTR35Choisissez le mode de fonctionnement que vous souhaitezCr\u00e9ez des atmosph\u00e8res uniques avec des lumi\u00e8res d\u00e9corativesSuspendu par une corde ou deboutRetrouvez cette guirlande solaire en vente exclusivement chez LEROY MERLIN","og_url":"https:\/\/arteconfort.com\/fr\/producto\/meteor\/","og_site_name":"Arteconfort","article_modified_time":"2022-04-21T10:04:54+00:00","og_image":[{"width":1024,"height":1024,"url":"https:\/\/arteconfort.com\/wp-content\/uploads\/2023\/10\/SOLAR-METEOR.webp","type":"image\/webp"}],"twitter_card":"summary_large_image","twitter_misc":{"Dur\u00e9e de lecture estim\u00e9e":"1 minute"},"schema":{"@context":"https:\/\/schema.org","@graph":[{"@type":"WebPage","@id":"https:\/\/arteconfort.com\/fr\/producto\/meteor\/","url":"https:\/\/arteconfort.com\/fr\/producto\/meteor\/","name":"METEOR - Descatalogados - Arteconfort","isPartOf":{"@id":"https:\/\/arteconfort.com\/fr\/#website"},"primaryImageOfPage":{"@id":"https:\/\/arteconfort.com\/fr\/producto\/meteor\/#primaryimage"},"image":{"@id":"https:\/\/arteconfort.com\/fr\/producto\/meteor\/#primaryimage"},"thumbnailUrl":"https:\/\/arteconfort.com\/wp-content\/uploads\/2023\/10\/SOLAR-METEOR.webp","datePublished":"2020-12-18T08:11:25+00:00","dateModified":"2022-04-21T10:04:54+00:00","description":"La lampe de table solaire METEOR cr\u00e9era une atmosph\u00e8re chaleureuse et accueillante dans votre jardin ou sur votre terrasse. Le corps en verre et la corde donnent une touche naturelle ou rustique, ce qui en fait un objet id\u00e9al \u00e0 suspendre sur un porche ou une terrasse, ou \u00e0 placer comme \u00e9clairage d'ambiance sur une table. Ref. METEORTR35Choisissez le mode de fonctionnement que vous souhaitezCr\u00e9ez des atmosph\u00e8res uniques avec des lumi\u00e8res d\u00e9corativesSuspendu par une corde ou deboutRetrouvez cette guirlande solaire en vente exclusivement chez LEROY MERLIN","breadcrumb":{"@id":"https:\/\/arteconfort.com\/fr\/producto\/meteor\/#breadcrumb"},"inLanguage":"fr-FR","potentialAction":[{"@type":"ReadAction","target":["https:\/\/arteconfort.com\/fr\/producto\/meteor\/"]}]},{"@type":"ImageObject","inLanguage":"fr-FR","@id":"https:\/\/arteconfort.com\/fr\/producto\/meteor\/#primaryimage","url":"https:\/\/arteconfort.com\/wp-content\/uploads\/2023\/10\/SOLAR-METEOR.webp","contentUrl":"https:\/\/arteconfort.com\/wp-content\/uploads\/2023\/10\/SOLAR-METEOR.webp","width":1024,"height":1024,"caption":"Solar METEOR vista frontal"},{"@type":"BreadcrumbList","@id":"https:\/\/arteconfort.com\/fr\/producto\/meteor\/#breadcrumb","itemListElement":[{"@type":"ListItem","position":1,"name":"Inicio","item":"https:\/\/arteconfort.com\/fr\/"},{"@type":"ListItem","position":2,"name":"Boutique","item":"https:\/\/arteconfort.com\/fr\/boutique\/"},{"@type":"ListItem","position":3,"name":"METEOR"}]},{"@type":"WebSite","@id":"https:\/\/arteconfort.com\/fr\/#website","url":"https:\/\/arteconfort.com\/fr\/","name":"Arteconfort","description":"Especialistas en productos del hogar","publisher":{"@id":"https:\/\/arteconfort.com\/fr\/#organization"},"potentialAction":[{"@type":"SearchAction","target":{"@type":"EntryPoint","urlTemplate":"https:\/\/arteconfort.com\/fr\/?s={search_term_string}"},"query-input":{"@type":"PropertyValueSpecification","valueRequired":true,"valueName":"search_term_string"}}],"inLanguage":"fr-FR"},{"@type":"Organization","@id":"https:\/\/arteconfort.com\/fr\/#organization","name":"Arteconfort","url":"https:\/\/arteconfort.com\/fr\/","logo":{"@type":"ImageObject","inLanguage":"fr-FR","@id":"https:\/\/arteconfort.com\/fr\/#\/schema\/logo\/image\/","url":"https:\/\/arteconfort.com\/wp-content\/uploads\/2019\/07\/logo-arteconfort.png","contentUrl":"https:\/\/arteconfort.com\/wp-content\/uploads\/2019\/07\/logo-arteconfort.png","width":230,"height":88,"caption":"Arteconfort"},"image":{"@id":"https:\/\/arteconfort.com\/fr\/#\/schema\/logo\/image\/"}}]}},"_links":{"self":[{"href":"https:\/\/arteconfort.com\/fr\/wp-json\/wp\/v2\/product\/11151","targetHints":{"allow":["GET"]}}],"collection":[{"href":"https:\/\/arteconfort.com\/fr\/wp-json\/wp\/v2\/product"}],"about":[{"href":"https:\/\/arteconfort.com\/fr\/wp-json\/wp\/v2\/types\/product"}],"wp:featuredmedia":[{"embeddable":true,"href":"https:\/\/arteconfort.com\/fr\/wp-json\/wp\/v2\/media\/35961"}],"wp:attachment":[{"href":"https:\/\/arteconfort.com\/fr\/wp-json\/wp\/v2\/media?parent=11151"}],"wp:term":[{"taxonomy":"product_brand","embeddable":true,"href":"https:\/\/arteconfort.com\/fr\/wp-json\/wp\/v2\/product_brand?post=11151"},{"taxonomy":"product_cat","embeddable":true,"href":"https:\/\/arteconfort.com\/fr\/wp-json\/wp\/v2\/product_cat?post=11151"},{"taxonomy":"product_tag","embeddable":true,"href":"https:\/\/arteconfort.com\/fr\/wp-json\/wp\/v2\/product_tag?post=11151"}],"curies":[{"name":"wp","href":"https:\/\/api.w.org\/{rel}","templated":true}]}}