{"id":11154,"date":"2020-12-18T11:26:04","date_gmt":"2020-12-18T10:26:04","guid":{"rendered":"https:\/\/arteconfort.com\/producto\/non%20class\u00e9\/metis\/"},"modified":"2022-04-11T11:09:58","modified_gmt":"2022-04-11T09:09:58","slug":"metis","status":"publish","type":"product","link":"https:\/\/arteconfort.com\/fr\/producto\/metis\/","title":{"rendered":"METIS"},"content":{"rendered":"<div class=\"wpb-content-wrapper\"><p>[vc_row][vc_column width=&#8221;1\/2&#8243;][vc_accordion collapsible=&#8221;true&#8221; active_tab=&#8221;false&#8221;][vc_accordion_tab title=&#8221;Caract\u00e9ristiques g\u00e9n\u00e9rales&#8221;][vc_column_text]<strong>Dimensions<\/strong> 12m<br \/>\n<strong>Mat\u00e9riau<\/strong> ABS<br \/>\n<strong>Finition<\/strong> Or<br \/>\n<strong>IP<\/strong> 65<br \/>\n<strong>Garantie<\/strong> 3 ann\u00e9es[\/vc_column_text][\/vc_accordion_tab][vc_accordion_tab title=&#8221;Panneau solaire&#8221;][vc_column_text]<strong>Mat\u00e9riau<\/strong> Polycristallin<br \/>\n<strong>Type d&#8217;encapsulation<\/strong> Silicone<br \/>\n<strong>Tension<\/strong> 2V [\/vc_column_text][\/vc_accordion_tab][vc_accordion_tab title=&#8221;Batterie&#8221;][vc_column_text]<strong>Type de batterie <\/strong>AAA Ni-MH<br \/>\n<strong>Tension de charge<\/strong> 1,2V<br \/>\n<strong>Capacit\u00e9<\/strong> 600mAh<br \/>\n<strong>Temps de charge<\/strong> 8-12h<br \/>\n<strong>Autonomie<\/strong> Max. 8h[\/vc_column_text][\/vc_accordion_tab][vc_accordion_tab title=&#8221;LED&#8221;][vc_column_text]<strong>Num\u00e9ro de LED<\/strong> 100<br \/>\n<strong>Angle d&#8217;ouverture<\/strong> 360\u00ba<br \/>\n<strong>CCT<\/strong> 3000K[\/vc_column_text][\/vc_accordion_tab][vc_accordion_tab title=&#8221;Modes de fonctionnement&#8221;][vc_column_text]<strong>Modes d&#8217;allumage<\/strong> 8 modes[\/vc_column_text][\/vc_accordion_tab][vc_accordion_tab title=&#8221;Capteur&#8221;][vc_column_text]<strong>Capteur<\/strong> Non[\/vc_column_text][\/vc_accordion_tab][\/vc_accordion][\/vc_column][vc_column width=&#8221;1\/2&#8243;][vc_single_image image=&#8221;8902&#8243;][\/vc_column][\/vc_row]<\/p>\n<\/div>","protected":false},"excerpt":{"rendered":"<p>Simple et \u00e9l\u00e9gante \u00e0 la fois, la guirlande solaire METIS vous permet de compl\u00e9ter la d\u00e9coration de votre terrasse ou de votre jardin \u00e0 tout moment de l&#8217;ann\u00e9e. Facile \u00e0 installer, vous pouvez le placer dans n&#8217;importe quel endroit gr\u00e2ce \u00e0 l&#8217;IP65 qui le rend r\u00e9sistant \u00e0 l&#8217;eau et \u00e0 la poussi\u00e8re.<br \/>\n<strong>Ref.METISDO31<\/strong>[vc_row][vc_column offset=&#8221;vc_hidden-xs&#8221;][vc_empty_space height=&#8221;30px&#8221;][\/vc_column][\/vc_row][vc_row][vc_column][vc_row_inner][vc_column_inner][wyde_info_box icon_set=&#8221;bigmug_line&#8221; icon_bigmug_line=&#8221;bigmug-line-equalizar2&#8243; icon_position=&#8221;left&#8221; title=&#8221; 8 MODES D&#8217;ALLUMAGE&#8221;]Choisissez le mode de fonctionnement que vous souhaitez[\/wyde_info_box][vc_empty_space height=&#8221;15px&#8221;][\/vc_column_inner][\/vc_row_inner][vc_row_inner][vc_column_inner][wyde_info_box icon_set=&#8221;simple_line&#8221; icon_simple_line=&#8221;sl-eye&#8221; icon_position=&#8221;left&#8221; title=&#8221;\u00c9CLAIRAGE D\u00c9CORATIF&#8221;]Cr\u00e9er des ambiances uniques avec des lumi\u00e8res d\u00e9coratives[\/wyde_info_box][vc_empty_space height=&#8221;15px&#8221;][\/vc_column_inner][\/vc_row_inner][\/vc_column][\/vc_row][vc_row][vc_column offset=&#8221;vc_hidden-xs&#8221;][vc_empty_space height=&#8221;60px&#8221;][\/vc_column][\/vc_row][vc_row][vc_column width=&#8221;1\/3&#8243;][wyde_link_button icon_set=&#8221;simple_line&#8221; icon_simple_line=&#8221;sl-settings&#8221; style=&#8221;round&#8221; title=&#8221;Instructions&#8221; link=&#8221;url:https%3A%2F%2Farteconfort.com%2Fwp-content%2Fuploads%2F2020%2F12%2Fim-METIS.pdf||target:%20_blank|rel:nofollow&#8221; color=&#8221;#ffffff&#8221; bg_color=&#8221;#222222&#8243;][\/vc_column][\/vc_row][vc_row][vc_column offset=&#8221;vc_hidden-xs&#8221;][vc_empty_space][\/vc_column][\/vc_row][vc_row][vc_column][vc_empty_space height=&#8221;20px&#8221;][\/vc_column][\/vc_row]<\/p>\n","protected":false},"featured_media":32916,"template":"","meta":[],"product_brand":[],"product_cat":[340,336],"product_tag":[],"class_list":{"0":"post-11154","1":"product","2":"type-product","3":"status-publish","4":"has-post-thumbnail","6":"product_cat-iluminacion-solar-de-pared-fr","7":"product_cat-solar-fr","9":"first","10":"instock","11":"shipping-taxable","12":"product-type-external"},"yoast_head":"<!-- This site is optimized with the Yoast SEO plugin v26.5 - https:\/\/yoast.com\/wordpress\/plugins\/seo\/ -->\n<title>METIS - Pared, Solar - Arteconfort<\/title>\n<meta name=\"description\" content=\"Simple et \u00e9l\u00e9gante \u00e0 la fois, la guirlande solaire METIS vous permet de compl\u00e9ter la d\u00e9coration de votre terrasse ou de votre jardin \u00e0 tout moment de l&#039;ann\u00e9e. Facile \u00e0 installer, vous pouvez le placer dans n&#039;importe quel endroit gr\u00e2ce \u00e0 l&#039;IP65 qui le rend r\u00e9sistant \u00e0 l&#039;eau et \u00e0 la poussi\u00e8re. Ref.METISDO31Choisissez le mode de fonctionnement que vous souhaitezCr\u00e9er des ambiances uniques avec des lumi\u00e8res d\u00e9coratives\" \/>\n<meta name=\"robots\" content=\"index, follow, max-snippet:-1, max-image-preview:large, max-video-preview:-1\" \/>\n<link rel=\"canonical\" href=\"https:\/\/arteconfort.com\/fr\/producto\/metis\/\" \/>\n<meta property=\"og:locale\" content=\"fr_FR\" \/>\n<meta property=\"og:type\" content=\"article\" \/>\n<meta property=\"og:title\" content=\"METIS - Pared, Solar - Arteconfort\" \/>\n<meta property=\"og:description\" content=\"Simple et \u00e9l\u00e9gante \u00e0 la fois, la guirlande solaire METIS vous permet de compl\u00e9ter la d\u00e9coration de votre terrasse ou de votre jardin \u00e0 tout moment de l&#039;ann\u00e9e. Facile \u00e0 installer, vous pouvez le placer dans n&#039;importe quel endroit gr\u00e2ce \u00e0 l&#039;IP65 qui le rend r\u00e9sistant \u00e0 l&#039;eau et \u00e0 la poussi\u00e8re. Ref.METISDO31Choisissez le mode de fonctionnement que vous souhaitezCr\u00e9er des ambiances uniques avec des lumi\u00e8res d\u00e9coratives\" \/>\n<meta property=\"og:url\" content=\"https:\/\/arteconfort.com\/fr\/producto\/metis\/\" \/>\n<meta property=\"og:site_name\" content=\"Arteconfort\" \/>\n<meta property=\"article:modified_time\" content=\"2022-04-11T09:09:58+00:00\" \/>\n<meta property=\"og:image\" content=\"https:\/\/arteconfort.com\/wp-content\/uploads\/2023\/10\/SOLAR-METIS-AMBIENTE.webp\" \/>\n\t<meta property=\"og:image:width\" content=\"1024\" \/>\n\t<meta property=\"og:image:height\" content=\"1024\" \/>\n\t<meta property=\"og:image:type\" content=\"image\/webp\" \/>\n<meta name=\"twitter:card\" content=\"summary_large_image\" \/>\n<meta name=\"twitter:label1\" content=\"Dur\u00e9e de lecture estim\u00e9e\" \/>\n\t<meta name=\"twitter:data1\" content=\"1 minute\" \/>\n<!-- \/ Yoast SEO plugin. -->","yoast_head_json":{"title":"METIS - Pared, Solar - Arteconfort","description":"Simple et \u00e9l\u00e9gante \u00e0 la fois, la guirlande solaire METIS vous permet de compl\u00e9ter la d\u00e9coration de votre terrasse ou de votre jardin \u00e0 tout moment de l'ann\u00e9e. Facile \u00e0 installer, vous pouvez le placer dans n'importe quel endroit gr\u00e2ce \u00e0 l'IP65 qui le rend r\u00e9sistant \u00e0 l'eau et \u00e0 la poussi\u00e8re. Ref.METISDO31Choisissez le mode de fonctionnement que vous souhaitezCr\u00e9er des ambiances uniques avec des lumi\u00e8res d\u00e9coratives","robots":{"index":"index","follow":"follow","max-snippet":"max-snippet:-1","max-image-preview":"max-image-preview:large","max-video-preview":"max-video-preview:-1"},"canonical":"https:\/\/arteconfort.com\/fr\/producto\/metis\/","og_locale":"fr_FR","og_type":"article","og_title":"METIS - Pared, Solar - Arteconfort","og_description":"Simple et \u00e9l\u00e9gante \u00e0 la fois, la guirlande solaire METIS vous permet de compl\u00e9ter la d\u00e9coration de votre terrasse ou de votre jardin \u00e0 tout moment de l'ann\u00e9e. Facile \u00e0 installer, vous pouvez le placer dans n'importe quel endroit gr\u00e2ce \u00e0 l'IP65 qui le rend r\u00e9sistant \u00e0 l'eau et \u00e0 la poussi\u00e8re. Ref.METISDO31Choisissez le mode de fonctionnement que vous souhaitezCr\u00e9er des ambiances uniques avec des lumi\u00e8res d\u00e9coratives","og_url":"https:\/\/arteconfort.com\/fr\/producto\/metis\/","og_site_name":"Arteconfort","article_modified_time":"2022-04-11T09:09:58+00:00","og_image":[{"width":1024,"height":1024,"url":"https:\/\/arteconfort.com\/wp-content\/uploads\/2023\/10\/SOLAR-METIS-AMBIENTE.webp","type":"image\/webp"}],"twitter_card":"summary_large_image","twitter_misc":{"Dur\u00e9e de lecture estim\u00e9e":"1 minute"},"schema":{"@context":"https:\/\/schema.org","@graph":[{"@type":"WebPage","@id":"https:\/\/arteconfort.com\/fr\/producto\/metis\/","url":"https:\/\/arteconfort.com\/fr\/producto\/metis\/","name":"METIS - Pared, Solar - Arteconfort","isPartOf":{"@id":"https:\/\/arteconfort.com\/fr\/#website"},"primaryImageOfPage":{"@id":"https:\/\/arteconfort.com\/fr\/producto\/metis\/#primaryimage"},"image":{"@id":"https:\/\/arteconfort.com\/fr\/producto\/metis\/#primaryimage"},"thumbnailUrl":"https:\/\/arteconfort.com\/wp-content\/uploads\/2023\/10\/SOLAR-METIS-AMBIENTE.webp","datePublished":"2020-12-18T10:26:04+00:00","dateModified":"2022-04-11T09:09:58+00:00","description":"Simple et \u00e9l\u00e9gante \u00e0 la fois, la guirlande solaire METIS vous permet de compl\u00e9ter la d\u00e9coration de votre terrasse ou de votre jardin \u00e0 tout moment de l'ann\u00e9e. Facile \u00e0 installer, vous pouvez le placer dans n'importe quel endroit gr\u00e2ce \u00e0 l'IP65 qui le rend r\u00e9sistant \u00e0 l'eau et \u00e0 la poussi\u00e8re. Ref.METISDO31Choisissez le mode de fonctionnement que vous souhaitezCr\u00e9er des ambiances uniques avec des lumi\u00e8res d\u00e9coratives","breadcrumb":{"@id":"https:\/\/arteconfort.com\/fr\/producto\/metis\/#breadcrumb"},"inLanguage":"fr-FR","potentialAction":[{"@type":"ReadAction","target":["https:\/\/arteconfort.com\/fr\/producto\/metis\/"]}]},{"@type":"ImageObject","inLanguage":"fr-FR","@id":"https:\/\/arteconfort.com\/fr\/producto\/metis\/#primaryimage","url":"https:\/\/arteconfort.com\/wp-content\/uploads\/2023\/10\/SOLAR-METIS-AMBIENTE.webp","contentUrl":"https:\/\/arteconfort.com\/wp-content\/uploads\/2023\/10\/SOLAR-METIS-AMBIENTE.webp","width":1024,"height":1024,"caption":"Guirnalda solar METIS ambiente"},{"@type":"BreadcrumbList","@id":"https:\/\/arteconfort.com\/fr\/producto\/metis\/#breadcrumb","itemListElement":[{"@type":"ListItem","position":1,"name":"Inicio","item":"https:\/\/arteconfort.com\/fr\/"},{"@type":"ListItem","position":2,"name":"Boutique","item":"https:\/\/arteconfort.com\/fr\/boutique\/"},{"@type":"ListItem","position":3,"name":"METIS"}]},{"@type":"WebSite","@id":"https:\/\/arteconfort.com\/fr\/#website","url":"https:\/\/arteconfort.com\/fr\/","name":"Arteconfort","description":"Especialistas en productos del hogar","publisher":{"@id":"https:\/\/arteconfort.com\/fr\/#organization"},"potentialAction":[{"@type":"SearchAction","target":{"@type":"EntryPoint","urlTemplate":"https:\/\/arteconfort.com\/fr\/?s={search_term_string}"},"query-input":{"@type":"PropertyValueSpecification","valueRequired":true,"valueName":"search_term_string"}}],"inLanguage":"fr-FR"},{"@type":"Organization","@id":"https:\/\/arteconfort.com\/fr\/#organization","name":"Arteconfort","url":"https:\/\/arteconfort.com\/fr\/","logo":{"@type":"ImageObject","inLanguage":"fr-FR","@id":"https:\/\/arteconfort.com\/fr\/#\/schema\/logo\/image\/","url":"https:\/\/arteconfort.com\/wp-content\/uploads\/2019\/07\/logo-arteconfort.png","contentUrl":"https:\/\/arteconfort.com\/wp-content\/uploads\/2019\/07\/logo-arteconfort.png","width":230,"height":88,"caption":"Arteconfort"},"image":{"@id":"https:\/\/arteconfort.com\/fr\/#\/schema\/logo\/image\/"}}]}},"_links":{"self":[{"href":"https:\/\/arteconfort.com\/fr\/wp-json\/wp\/v2\/product\/11154","targetHints":{"allow":["GET"]}}],"collection":[{"href":"https:\/\/arteconfort.com\/fr\/wp-json\/wp\/v2\/product"}],"about":[{"href":"https:\/\/arteconfort.com\/fr\/wp-json\/wp\/v2\/types\/product"}],"wp:featuredmedia":[{"embeddable":true,"href":"https:\/\/arteconfort.com\/fr\/wp-json\/wp\/v2\/media\/32916"}],"wp:attachment":[{"href":"https:\/\/arteconfort.com\/fr\/wp-json\/wp\/v2\/media?parent=11154"}],"wp:term":[{"taxonomy":"product_brand","embeddable":true,"href":"https:\/\/arteconfort.com\/fr\/wp-json\/wp\/v2\/product_brand?post=11154"},{"taxonomy":"product_cat","embeddable":true,"href":"https:\/\/arteconfort.com\/fr\/wp-json\/wp\/v2\/product_cat?post=11154"},{"taxonomy":"product_tag","embeddable":true,"href":"https:\/\/arteconfort.com\/fr\/wp-json\/wp\/v2\/product_tag?post=11154"}],"curies":[{"name":"wp","href":"https:\/\/api.w.org\/{rel}","templated":true}]}}