{"id":11157,"date":"2019-08-12T08:32:45","date_gmt":"2019-08-12T06:32:45","guid":{"rendered":"https:\/\/arteconfort.com\/producto\/non%20class\u00e9\/naire\/"},"modified":"2022-04-21T12:09:26","modified_gmt":"2022-04-21T10:09:26","slug":"naire","status":"publish","type":"product","link":"https:\/\/arteconfort.com\/fr\/producto\/naire\/","title":{"rendered":"NAIRE"},"content":{"rendered":"<div class=\"wpb-content-wrapper\"><p>[vc_row][vc_column width=&#8221;1\/2&#8243;][vc_accordion collapsible=&#8221;true&#8221; active_tab=&#8221;false&#8221;][vc_accordion_tab title=&#8221;Caract\u00e9ristiques g\u00e9n\u00e9rales&#8221;][vc_column_text]<strong>Dimensions<\/strong> 105x30x171mm<br \/>\n<strong>Mat\u00e9riau<\/strong> ABS+PC<br \/>\n<strong>Finition<\/strong> Blanc\/Noir<br \/>\n<strong>IP<\/strong> 65<br \/>\n<strong>Garantie<\/strong> 3 ann\u00e9es[\/vc_column_text][\/vc_accordion_tab][vc_accordion_tab title=&#8221;Panneau solaire&#8221;][vc_column_text]<strong>Mat\u00e9riau<\/strong> Silicium polycristallin<br \/>\n<strong>Type d&#8217;encapsulation<\/strong> PET[\/vc_column_text][\/vc_accordion_tab][vc_accordion_tab title=&#8221;Batterie&#8221;][vc_column_text]<strong>Type de batterie<\/strong>\u00a0Li-ion<br \/>\n<strong>Tension de charge <\/strong>3,7V<br \/>\n<strong>Capacit\u00e9<\/strong> 2.200mAh<br \/>\n<strong>Temps de charge<\/strong> 6h<br \/>\n<strong>Autonomie<\/strong> 8h[\/vc_column_text][\/vc_accordion_tab][vc_accordion_tab title=&#8221;LED&#8221;][vc_column_text]<strong>Type de LED<\/strong> SMD<br \/>\n<strong>Angle d&#8217;ouverture<\/strong> 120\u00ba<br \/>\n<strong>CCT<\/strong> 6000K<br \/>\n<strong>Flux lumineux<\/strong> 500lm[\/vc_column_text][\/vc_accordion_tab][vc_accordion_tab title=&#8221;Modes de fonctionnement&#8221;][vc_column_text]<strong>Mode 1<\/strong> Allum\u00e9 \u00e0 50lm. Passe \u00e0 500 lm lorsqu&#8217;il d\u00e9tecte une pr\u00e9sence<br \/>\n<strong>Mode 2<\/strong> Off. S&#8217;allume \u00e0 500lm lorsqu&#8217;il d\u00e9tecte une pr\u00e9sence<br \/>\n<strong>Mode 3<\/strong> \u00c9clairage fixe \u00e0 300lm sans capteur[\/vc_column_text][\/vc_accordion_tab][vc_accordion_tab title=&#8221;Capteur&#8221;][vc_column_text]<strong>Capteur<\/strong> Oui (PIR)<br \/>\n<strong>Distance de d\u00e9tection<\/strong> 10m<br \/>\n<strong>Temps de courtoisie<\/strong> 10s[\/vc_column_text][\/vc_accordion_tab][\/vc_accordion][\/vc_column][vc_column width=&#8221;1\/2&#8243;][vc_single_image image=&#8221;5090&#8243;][\/vc_column][\/vc_row]<\/p>\n<\/div>","protected":false},"excerpt":{"rendered":"<p>Profitez de votre jardin la nuit gr\u00e2ce \u00e0 la lumi\u00e8re de ce spot solaire \u00e0 LED. Il comprend un d\u00e9tecteur de pr\u00e9sence et une plaque de LED \u00e0 haut flux lumineux. Disponible en noir et blanc, il s&#8217;agit d&#8217;une solution polyvalente et discr\u00e8te pour illuminer n&#8217;importe quelle zone ext\u00e9rieure.<br \/>\n<strong>Ref. mod\u00e8le blanc ENAIRE-3P5T60SD220LIBLCD<\/strong><br \/>\n<strong>Ref. mod\u00e8le noir ENAIRE-3P5T60SD220LINGRD<\/strong>[vc_row][vc_column offset=&#8221;vc_hidden-xs&#8221;][vc_empty_space height=&#8221;30px&#8221;][\/vc_column][\/vc_row][vc_row][vc_column][vc_row_inner][vc_column_inner][wyde_info_box icon_set=&#8221;stroke_gap&#8221; icon_stroke_gap=&#8221;sg-Antenna2&#8243; icon_position=&#8221;left&#8221; title=&#8221;SENSOR DE PRESENCE&#8221;]D\u00e9tection de mouvement et allumage automatique de la lumi\u00e8re[\/wyde_info_box][vc_empty_space height=&#8221;15px&#8221;][\/vc_column_inner][\/vc_row_inner][vc_row_inner][vc_column_inner][wyde_info_box icon_set=&#8221;bigmug_line&#8221; icon_bigmug_line=&#8221;bigmug-line-equalizar2&#8243; icon_position=&#8221;left&#8221; title=&#8221;3 MODES D&#8217;ALLUMAGE&#8221;]Choisissez entre diff\u00e9rents modes de fonctionnement, avec ou sans d\u00e9tecteur de pr\u00e9sence[\/wyde_info_box][vc_empty_space height=&#8221;15px&#8221;][\/vc_column_inner][\/vc_row_inner][vc_row_inner][vc_column_inner][wyde_info_box icon_set=&#8221;bigmug_line&#8221; icon_bigmug_line=&#8221;bigmug-line-foggy-sun&#8221; icon_position=&#8221;left&#8221; title=&#8221;PANNEAU SOLAIRE AVEC UNE PLUS GRANDE SURFACE&#8221;]Am\u00e9lioration de la charge gr\u00e2ce \u00e0 une meilleure captation solaire et \u00e0 la qualit\u00e9 du panneau en augmentant la conversion \u00e9nerg\u00e9tique[\/wyde_info_box][vc_empty_space height=&#8221;15px&#8221;][\/vc_column_inner][\/vc_row_inner][\/vc_column][\/vc_row][vc_row][vc_column offset=&#8221;vc_hidden-xs&#8221;][vc_empty_space height=&#8221;60px&#8221;][\/vc_column][\/vc_row][vc_row][vc_column width=&#8221;1\/3&#8243;][wyde_link_button icon_set=&#8221;simple_line&#8221; icon_simple_line=&#8221;sl-settings&#8221; style=&#8221;round&#8221; title=&#8221;Instructions&#8221; link=&#8221;url:http%3A%2F%2Farteconfort.com%2Fwp-content%2Fuploads%2F2020%2F01%2Fim-NAIRE.pdf||target:%20_blank|rel:nofollow&#8221; color=&#8221;#ffffff&#8221; bg_color=&#8221;#222222&#8243;][\/vc_column][\/vc_row][vc_row][vc_column offset=&#8221;vc_hidden-xs&#8221;][vc_empty_space][\/vc_column][\/vc_row]<\/p>\n","protected":false},"featured_media":32936,"template":"","meta":[],"product_brand":[],"product_cat":[406],"product_tag":[],"class_list":{"0":"post-11157","1":"product","2":"type-product","3":"status-publish","4":"has-post-thumbnail","6":"product_cat-descatalogados-fr","8":"first","9":"instock","10":"shipping-taxable","11":"product-type-external"},"yoast_head":"<!-- This site is optimized with the Yoast SEO plugin v26.5 - https:\/\/yoast.com\/wordpress\/plugins\/seo\/ -->\n<title>NAIRE - Descatalogados - Arteconfort<\/title>\n<meta name=\"description\" content=\"Profitez de votre jardin la nuit gr\u00e2ce \u00e0 la lumi\u00e8re de ce spot solaire \u00e0 LED. Il comprend un d\u00e9tecteur de pr\u00e9sence et une plaque de LED \u00e0 haut flux lumineux. Disponible en noir et blanc, il s&#039;agit d&#039;une solution polyvalente et discr\u00e8te pour illuminer n&#039;importe quelle zone ext\u00e9rieure. Ref. mod\u00e8le blanc ENAIRE-3P5T60SD220LIBLCD Ref. mod\u00e8le noir ENAIRE-3P5T60SD220LINGRDD\u00e9tection de mouvement et allumage automatique de la lumi\u00e8reChoisissez entre diff\u00e9rents modes de fonctionnement, avec ou sans d\u00e9tecteur de pr\u00e9senceAm\u00e9lioration de la charge gr\u00e2ce \u00e0 une meilleure captation solaire et \u00e0 la qualit\u00e9 du panneau en augmentant la conversion \u00e9nerg\u00e9tique\" \/>\n<meta name=\"robots\" content=\"index, follow, max-snippet:-1, max-image-preview:large, max-video-preview:-1\" \/>\n<link rel=\"canonical\" href=\"https:\/\/arteconfort.com\/fr\/producto\/naire\/\" \/>\n<meta property=\"og:locale\" content=\"fr_FR\" \/>\n<meta property=\"og:type\" content=\"article\" \/>\n<meta property=\"og:title\" content=\"NAIRE - Descatalogados - Arteconfort\" \/>\n<meta property=\"og:description\" content=\"Profitez de votre jardin la nuit gr\u00e2ce \u00e0 la lumi\u00e8re de ce spot solaire \u00e0 LED. Il comprend un d\u00e9tecteur de pr\u00e9sence et une plaque de LED \u00e0 haut flux lumineux. Disponible en noir et blanc, il s&#039;agit d&#039;une solution polyvalente et discr\u00e8te pour illuminer n&#039;importe quelle zone ext\u00e9rieure. Ref. mod\u00e8le blanc ENAIRE-3P5T60SD220LIBLCD Ref. mod\u00e8le noir ENAIRE-3P5T60SD220LINGRDD\u00e9tection de mouvement et allumage automatique de la lumi\u00e8reChoisissez entre diff\u00e9rents modes de fonctionnement, avec ou sans d\u00e9tecteur de pr\u00e9senceAm\u00e9lioration de la charge gr\u00e2ce \u00e0 une meilleure captation solaire et \u00e0 la qualit\u00e9 du panneau en augmentant la conversion \u00e9nerg\u00e9tique\" \/>\n<meta property=\"og:url\" content=\"https:\/\/arteconfort.com\/fr\/producto\/naire\/\" \/>\n<meta property=\"og:site_name\" content=\"Arteconfort\" \/>\n<meta property=\"article:modified_time\" content=\"2022-04-21T10:09:26+00:00\" \/>\n<meta property=\"og:image\" content=\"https:\/\/arteconfort.com\/wp-content\/uploads\/2023\/10\/NAIRE.webp\" \/>\n\t<meta property=\"og:image:width\" content=\"1024\" \/>\n\t<meta property=\"og:image:height\" content=\"1024\" \/>\n\t<meta property=\"og:image:type\" content=\"image\/webp\" \/>\n<meta name=\"twitter:card\" content=\"summary_large_image\" \/>\n<meta name=\"twitter:label1\" content=\"Dur\u00e9e de lecture estim\u00e9e\" \/>\n\t<meta name=\"twitter:data1\" content=\"1 minute\" \/>\n<!-- \/ Yoast SEO plugin. -->","yoast_head_json":{"title":"NAIRE - Descatalogados - Arteconfort","description":"Profitez de votre jardin la nuit gr\u00e2ce \u00e0 la lumi\u00e8re de ce spot solaire \u00e0 LED. Il comprend un d\u00e9tecteur de pr\u00e9sence et une plaque de LED \u00e0 haut flux lumineux. Disponible en noir et blanc, il s'agit d'une solution polyvalente et discr\u00e8te pour illuminer n'importe quelle zone ext\u00e9rieure. Ref. mod\u00e8le blanc ENAIRE-3P5T60SD220LIBLCD Ref. mod\u00e8le noir ENAIRE-3P5T60SD220LINGRDD\u00e9tection de mouvement et allumage automatique de la lumi\u00e8reChoisissez entre diff\u00e9rents modes de fonctionnement, avec ou sans d\u00e9tecteur de pr\u00e9senceAm\u00e9lioration de la charge gr\u00e2ce \u00e0 une meilleure captation solaire et \u00e0 la qualit\u00e9 du panneau en augmentant la conversion \u00e9nerg\u00e9tique","robots":{"index":"index","follow":"follow","max-snippet":"max-snippet:-1","max-image-preview":"max-image-preview:large","max-video-preview":"max-video-preview:-1"},"canonical":"https:\/\/arteconfort.com\/fr\/producto\/naire\/","og_locale":"fr_FR","og_type":"article","og_title":"NAIRE - Descatalogados - Arteconfort","og_description":"Profitez de votre jardin la nuit gr\u00e2ce \u00e0 la lumi\u00e8re de ce spot solaire \u00e0 LED. Il comprend un d\u00e9tecteur de pr\u00e9sence et une plaque de LED \u00e0 haut flux lumineux. Disponible en noir et blanc, il s'agit d'une solution polyvalente et discr\u00e8te pour illuminer n'importe quelle zone ext\u00e9rieure. Ref. mod\u00e8le blanc ENAIRE-3P5T60SD220LIBLCD Ref. mod\u00e8le noir ENAIRE-3P5T60SD220LINGRDD\u00e9tection de mouvement et allumage automatique de la lumi\u00e8reChoisissez entre diff\u00e9rents modes de fonctionnement, avec ou sans d\u00e9tecteur de pr\u00e9senceAm\u00e9lioration de la charge gr\u00e2ce \u00e0 une meilleure captation solaire et \u00e0 la qualit\u00e9 du panneau en augmentant la conversion \u00e9nerg\u00e9tique","og_url":"https:\/\/arteconfort.com\/fr\/producto\/naire\/","og_site_name":"Arteconfort","article_modified_time":"2022-04-21T10:09:26+00:00","og_image":[{"width":1024,"height":1024,"url":"https:\/\/arteconfort.com\/wp-content\/uploads\/2023\/10\/NAIRE.webp","type":"image\/webp"}],"twitter_card":"summary_large_image","twitter_misc":{"Dur\u00e9e de lecture estim\u00e9e":"1 minute"},"schema":{"@context":"https:\/\/schema.org","@graph":[{"@type":"WebPage","@id":"https:\/\/arteconfort.com\/fr\/producto\/naire\/","url":"https:\/\/arteconfort.com\/fr\/producto\/naire\/","name":"NAIRE - Descatalogados - Arteconfort","isPartOf":{"@id":"https:\/\/arteconfort.com\/fr\/#website"},"primaryImageOfPage":{"@id":"https:\/\/arteconfort.com\/fr\/producto\/naire\/#primaryimage"},"image":{"@id":"https:\/\/arteconfort.com\/fr\/producto\/naire\/#primaryimage"},"thumbnailUrl":"https:\/\/arteconfort.com\/wp-content\/uploads\/2023\/10\/NAIRE.webp","datePublished":"2019-08-12T06:32:45+00:00","dateModified":"2022-04-21T10:09:26+00:00","description":"Profitez de votre jardin la nuit gr\u00e2ce \u00e0 la lumi\u00e8re de ce spot solaire \u00e0 LED. Il comprend un d\u00e9tecteur de pr\u00e9sence et une plaque de LED \u00e0 haut flux lumineux. Disponible en noir et blanc, il s'agit d'une solution polyvalente et discr\u00e8te pour illuminer n'importe quelle zone ext\u00e9rieure. Ref. mod\u00e8le blanc ENAIRE-3P5T60SD220LIBLCD Ref. mod\u00e8le noir ENAIRE-3P5T60SD220LINGRDD\u00e9tection de mouvement et allumage automatique de la lumi\u00e8reChoisissez entre diff\u00e9rents modes de fonctionnement, avec ou sans d\u00e9tecteur de pr\u00e9senceAm\u00e9lioration de la charge gr\u00e2ce \u00e0 une meilleure captation solaire et \u00e0 la qualit\u00e9 du panneau en augmentant la conversion \u00e9nerg\u00e9tique","breadcrumb":{"@id":"https:\/\/arteconfort.com\/fr\/producto\/naire\/#breadcrumb"},"inLanguage":"fr-FR","potentialAction":[{"@type":"ReadAction","target":["https:\/\/arteconfort.com\/fr\/producto\/naire\/"]}]},{"@type":"ImageObject","inLanguage":"fr-FR","@id":"https:\/\/arteconfort.com\/fr\/producto\/naire\/#primaryimage","url":"https:\/\/arteconfort.com\/wp-content\/uploads\/2023\/10\/NAIRE.webp","contentUrl":"https:\/\/arteconfort.com\/wp-content\/uploads\/2023\/10\/NAIRE.webp","width":1024,"height":1024},{"@type":"BreadcrumbList","@id":"https:\/\/arteconfort.com\/fr\/producto\/naire\/#breadcrumb","itemListElement":[{"@type":"ListItem","position":1,"name":"Inicio","item":"https:\/\/arteconfort.com\/fr\/"},{"@type":"ListItem","position":2,"name":"Boutique","item":"https:\/\/arteconfort.com\/fr\/boutique\/"},{"@type":"ListItem","position":3,"name":"NAIRE"}]},{"@type":"WebSite","@id":"https:\/\/arteconfort.com\/fr\/#website","url":"https:\/\/arteconfort.com\/fr\/","name":"Arteconfort","description":"Especialistas en productos del hogar","publisher":{"@id":"https:\/\/arteconfort.com\/fr\/#organization"},"potentialAction":[{"@type":"SearchAction","target":{"@type":"EntryPoint","urlTemplate":"https:\/\/arteconfort.com\/fr\/?s={search_term_string}"},"query-input":{"@type":"PropertyValueSpecification","valueRequired":true,"valueName":"search_term_string"}}],"inLanguage":"fr-FR"},{"@type":"Organization","@id":"https:\/\/arteconfort.com\/fr\/#organization","name":"Arteconfort","url":"https:\/\/arteconfort.com\/fr\/","logo":{"@type":"ImageObject","inLanguage":"fr-FR","@id":"https:\/\/arteconfort.com\/fr\/#\/schema\/logo\/image\/","url":"https:\/\/arteconfort.com\/wp-content\/uploads\/2019\/07\/logo-arteconfort.png","contentUrl":"https:\/\/arteconfort.com\/wp-content\/uploads\/2019\/07\/logo-arteconfort.png","width":230,"height":88,"caption":"Arteconfort"},"image":{"@id":"https:\/\/arteconfort.com\/fr\/#\/schema\/logo\/image\/"}}]}},"_links":{"self":[{"href":"https:\/\/arteconfort.com\/fr\/wp-json\/wp\/v2\/product\/11157","targetHints":{"allow":["GET"]}}],"collection":[{"href":"https:\/\/arteconfort.com\/fr\/wp-json\/wp\/v2\/product"}],"about":[{"href":"https:\/\/arteconfort.com\/fr\/wp-json\/wp\/v2\/types\/product"}],"wp:featuredmedia":[{"embeddable":true,"href":"https:\/\/arteconfort.com\/fr\/wp-json\/wp\/v2\/media\/32936"}],"wp:attachment":[{"href":"https:\/\/arteconfort.com\/fr\/wp-json\/wp\/v2\/media?parent=11157"}],"wp:term":[{"taxonomy":"product_brand","embeddable":true,"href":"https:\/\/arteconfort.com\/fr\/wp-json\/wp\/v2\/product_brand?post=11157"},{"taxonomy":"product_cat","embeddable":true,"href":"https:\/\/arteconfort.com\/fr\/wp-json\/wp\/v2\/product_cat?post=11157"},{"taxonomy":"product_tag","embeddable":true,"href":"https:\/\/arteconfort.com\/fr\/wp-json\/wp\/v2\/product_tag?post=11157"}],"curies":[{"name":"wp","href":"https:\/\/api.w.org\/{rel}","templated":true}]}}