{"id":11160,"date":"2019-08-09T07:52:55","date_gmt":"2019-08-09T05:52:55","guid":{"rendered":"https:\/\/arteconfort.com\/producto\/non%20class\u00e9\/nizar\/"},"modified":"2022-09-26T16:14:25","modified_gmt":"2022-09-26T14:14:25","slug":"nizar","status":"publish","type":"product","link":"https:\/\/arteconfort.com\/fr\/producto\/nizar\/","title":{"rendered":"NIZAR"},"content":{"rendered":"<div class=\"wpb-content-wrapper\"><p>[vc_row][vc_column][vc_row_inner][vc_column_inner width=&#8221;1\/4&#8243; offset=&#8221;vc_col-xs-6&#8243;][wyde_info_box icon_set=&#8221;bigmug_line&#8221; icon_bigmug_line=&#8221;bigmug-line-foggy-sun&#8221; title=&#8221;PANNEAU SOLAIRE AVEC UNE PLUS GRANDE SURFACE&#8221;]Am\u00e9lioration de la charge gr\u00e2ce \u00e0 une meilleure captation solaire et \u00e0 la qualit\u00e9 du panneau en augmentant la conversion \u00e9nerg\u00e9tique[\/wyde_info_box][\/vc_column_inner][vc_column_inner width=&#8221;1\/4&#8243; offset=&#8221;vc_col-xs-6&#8243;][wyde_info_box icon_set=&#8221;stroke_gap&#8221; icon_stroke_gap=&#8221;sg-Antenna2&#8243; title=&#8221;D\u00c9TECTEUR DE PR\u00c9SENCE&#8221;]D\u00e9tection de mouvement et allumage automatique de la lumi\u00e8re[\/wyde_info_box][\/vc_column_inner][vc_column_inner width=&#8221;1\/4&#8243; offset=&#8221;vc_col-xs-6&#8243;][wyde_info_box icon_set=&#8221;simple_line&#8221; icon_simple_line=&#8221;sl-like&#8221; title=&#8221;INSTALLATION FACILE&#8221;]Permet d&#8217;orienter la lumi\u00e8re gr\u00e2ce au bras et \u00e0 la t\u00eate inclinables[\/wyde_info_box][\/vc_column_inner][vc_column_inner width=&#8221;1\/4&#8243; offset=&#8221;vc_col-xs-6&#8243;][wyde_info_box icon_set=&#8221;simple_line&#8221; icon_simple_line=&#8221;sl-power&#8221; title=&#8221;ALLUMAGE FACILE&#8221;]Activ\u00e9 par une pression longue de 2 secondes[\/wyde_info_box][\/vc_column_inner][\/vc_row_inner][vc_row_inner][vc_column_inner offset=&#8221;vc_hidden-xs&#8221;][vc_empty_space height=&#8221;60px&#8221;][\/vc_column_inner][\/vc_row_inner][\/vc_column][\/vc_row][vc_row][vc_column width=&#8221;1\/2&#8243;][vc_accordion collapsible=&#8221;true&#8221; active_tab=&#8221;false&#8221;][vc_accordion_tab title=&#8221;Caract\u00e9ristiques g\u00e9n\u00e9rales&#8221;][vc_column_text]<strong>Dimensions<\/strong> 460x105x50mm<br \/>\n<strong>Material<\/strong> ABS resistente a golpes<br \/>\n<strong>Mat\u00e9riau<\/strong> Blanc\/Noir<br \/>\n<strong>IP<\/strong> 65<br \/>\n<strong>Garantie<\/strong> 2 ann\u00e9es[\/vc_column_text][\/vc_accordion_tab][vc_accordion_tab title=&#8221;Panneau solaire&#8221;][vc_column_text]<strong>Mat\u00e9riau<\/strong> Silicium polycristallin<br \/>\n<strong>Type d&#8217;encapsulation<\/strong> PET<br \/>\n<strong>Puissance<\/strong> 3,2W 5V[\/vc_column_text][\/vc_accordion_tab][vc_accordion_tab title=&#8221;Batterie&#8221;][vc_column_text]<strong>Type de batterie<\/strong>\u00a0LiFePO4<br \/>\n<strong>Tension de charge<\/strong> 3,2V<br \/>\n<strong>Capacit\u00e9<\/strong> 4.500mAh<br \/>\n<strong>Temps de charge<\/strong> 6h<br \/>\n<strong>Autonomie<\/strong> 8-10h[\/vc_column_text][\/vc_accordion_tab][vc_accordion_tab title=&#8221;LED&#8221;][vc_column_text]<strong>Num\u00e9ro de LED<\/strong> 46<br \/>\n<strong>Type de LED<\/strong> SMD 2835<br \/>\n<strong>Angle d&#8217;ouverture<\/strong> 120\u00ba<br \/>\n<strong>CCT<\/strong> 4000K<br \/>\n<strong>Flux lumineux<\/strong> 900lm[\/vc_column_text][\/vc_accordion_tab][vc_accordion_tab title=&#8221;Modes de fonctionnement&#8221;][vc_column_text]<strong>Mode 1<\/strong> Allum\u00e9 \u00e0 80lm. Passe \u00e0 900 lm lorsqu&#8217;il d\u00e9tecte une pr\u00e9sence<br \/>\n<strong>Mode 2<\/strong> Off. S&#8217;allume \u00e0 900lm lorsqu&#8217;il d\u00e9tecte une pr\u00e9sence<br \/>\n<strong>Mode 3<\/strong> \u00c9clairage fixe \u00e0 300lm sans capteur<br \/>\n<strong>Mode 4<\/strong> \u00c9clairage fixe \u00e0 900lm sans capteur pendant 30 minutes[\/vc_column_text][\/vc_accordion_tab][vc_accordion_tab title=&#8221;Capteur&#8221;][vc_column_text]<strong>Capteur<\/strong> Oui<br \/>\n<strong>Distance de d\u00e9tection<\/strong> 5m<br \/>\n<strong>Angle de d\u00e9tection<\/strong> 180\u00ba<br \/>\n<strong>Temps de courtoisie<\/strong> 15s[\/vc_column_text][\/vc_accordion_tab][\/vc_accordion][\/vc_column][vc_column width=&#8221;1\/2&#8243;][vc_single_image image=&#8221;7118&#8243;][\/vc_column][\/vc_row]<\/p>\n<\/div>","protected":false},"excerpt":{"rendered":"<p>Applique solaire r\u00e9glable. Fabriqu\u00e9 en mat\u00e9riau tr\u00e8s r\u00e9sistant aux chocs. Un bon choix pour \u00e9clairer n&#8217;importe quel environnement gr\u00e2ce \u00e0 ses quatre modes d&#8217;\u00e9clairage et son d\u00e9tecteur de mouvement.<br \/>\n<strong>Ref. mod\u00e8le blanc ENIZAR-6P8T40A4450LIBLC65D<\/strong><br \/>\n<strong>Ref. mod\u00e8le noir ENIZAR-6P8T40A4450LINGR65D<\/strong>[vc_row][vc_column offset=&#8221;vc_hidden-xs&#8221;][vc_empty_space height=&#8221;30px&#8221;][\/vc_column][\/vc_row][vc_row][vc_column][vc_row_inner][vc_column_inner][wyde_info_box icon_set=&#8221;simple_line&#8221; icon_simple_line=&#8221;sl-shield&#8221; icon_position=&#8221;left&#8221; title=&#8221;R\u00c9SISTANT AUX CHOCS&#8221;]Mat\u00e9riau \u00e0 haute r\u00e9sistance[\/wyde_info_box][vc_empty_space height=&#8221;15px&#8221;][\/vc_column_inner][\/vc_row_inner][vc_row_inner][vc_column_inner][wyde_info_box icon_set=&#8221;stroke_gap&#8221; icon_stroke_gap=&#8221;sg-Bulb&#8221; icon_position=&#8221;left&#8221; title=&#8221;LUMINOSIT\u00c9 \u00c9LEV\u00c9E&#8221;]Permet d&#8217;\u00e9clairer de grandes surfaces du jardin[\/wyde_info_box][vc_empty_space height=&#8221;15px&#8221;][\/vc_column_inner][\/vc_row_inner][vc_row_inner][vc_column_inner][wyde_info_box icon_set=&#8221;bigmug_line&#8221; icon_bigmug_line=&#8221;bigmug-line-equalizar2&#8243; icon_position=&#8221;left&#8221; title=&#8221;4 MODES D&#8217;ALLUMAGE&#8221;]Choisissez entre diff\u00e9rents modes de fonctionnement, avec ou sans d\u00e9tecteur de pr\u00e9sence[\/wyde_info_box][vc_empty_space height=&#8221;15px&#8221;][\/vc_column_inner][\/vc_row_inner][\/vc_column][\/vc_row][vc_row][vc_column offset=&#8221;vc_hidden-xs&#8221;][vc_empty_space height=&#8221;60px&#8221;][\/vc_column][\/vc_row][vc_row][vc_column width=&#8221;1\/3&#8243;][wyde_link_button icon_set=&#8221;simple_line&#8221; icon_simple_line=&#8221;sl-settings&#8221; style=&#8221;round&#8221; title=&#8221;Instructions&#8221; link=&#8221;url:http%3A%2F%2Farteconfort.com%2Fwp-content%2Fuploads%2F2020%2F01%2Fim-NIZAR.pdf||target:%20_blank|rel:nofollow&#8221; color=&#8221;#ffffff&#8221; bg_color=&#8221;#222222&#8243;][\/vc_column][\/vc_row][vc_row][vc_column offset=&#8221;vc_hidden-xs&#8221;][vc_empty_space][\/vc_column][\/vc_row]<\/p>\n","protected":false},"featured_media":33086,"template":"","meta":[],"product_brand":[],"product_cat":[406,347],"product_tag":[],"class_list":{"0":"post-11160","1":"product","2":"type-product","3":"status-publish","4":"has-post-thumbnail","6":"product_cat-descatalogados-fr","7":"product_cat-iluminacion-fr","9":"first","10":"instock","11":"shipping-taxable","12":"product-type-external"},"yoast_head":"<!-- This site is optimized with the Yoast SEO plugin v26.5 - https:\/\/yoast.com\/wordpress\/plugins\/seo\/ -->\n<title>NIZAR - Descatalogados, Iluminaci\u00f3n - Arteconfort<\/title>\n<meta name=\"description\" content=\"Applique solaire r\u00e9glable. Fabriqu\u00e9 en mat\u00e9riau tr\u00e8s r\u00e9sistant aux chocs. Un bon choix pour \u00e9clairer n&#039;importe quel environnement gr\u00e2ce \u00e0 ses quatre modes d&#039;\u00e9clairage et son d\u00e9tecteur de mouvement. Ref. mod\u00e8le blanc ENIZAR-6P8T40A4450LIBLC65D Ref. mod\u00e8le noir ENIZAR-6P8T40A4450LINGR65DMat\u00e9riau \u00e0 haute r\u00e9sistancePermet d&#039;\u00e9clairer de grandes surfaces du jardinChoisissez entre diff\u00e9rents modes de fonctionnement, avec ou sans d\u00e9tecteur de pr\u00e9sence\" \/>\n<meta name=\"robots\" content=\"index, follow, max-snippet:-1, max-image-preview:large, max-video-preview:-1\" \/>\n<link rel=\"canonical\" href=\"https:\/\/arteconfort.com\/fr\/producto\/nizar\/\" \/>\n<meta property=\"og:locale\" content=\"fr_FR\" \/>\n<meta property=\"og:type\" content=\"article\" \/>\n<meta property=\"og:title\" content=\"NIZAR - Descatalogados, Iluminaci\u00f3n - Arteconfort\" \/>\n<meta property=\"og:description\" content=\"Applique solaire r\u00e9glable. Fabriqu\u00e9 en mat\u00e9riau tr\u00e8s r\u00e9sistant aux chocs. Un bon choix pour \u00e9clairer n&#039;importe quel environnement gr\u00e2ce \u00e0 ses quatre modes d&#039;\u00e9clairage et son d\u00e9tecteur de mouvement. Ref. mod\u00e8le blanc ENIZAR-6P8T40A4450LIBLC65D Ref. mod\u00e8le noir ENIZAR-6P8T40A4450LINGR65DMat\u00e9riau \u00e0 haute r\u00e9sistancePermet d&#039;\u00e9clairer de grandes surfaces du jardinChoisissez entre diff\u00e9rents modes de fonctionnement, avec ou sans d\u00e9tecteur de pr\u00e9sence\" \/>\n<meta property=\"og:url\" content=\"https:\/\/arteconfort.com\/fr\/producto\/nizar\/\" \/>\n<meta property=\"og:site_name\" content=\"Arteconfort\" \/>\n<meta property=\"article:modified_time\" content=\"2022-09-26T14:14:25+00:00\" \/>\n<meta property=\"og:image\" content=\"https:\/\/arteconfort.com\/wp-content\/uploads\/2023\/10\/NIZAR.webp\" \/>\n\t<meta property=\"og:image:width\" content=\"1024\" \/>\n\t<meta property=\"og:image:height\" content=\"1024\" \/>\n\t<meta property=\"og:image:type\" content=\"image\/webp\" \/>\n<meta name=\"twitter:card\" content=\"summary_large_image\" \/>\n<meta name=\"twitter:label1\" content=\"Dur\u00e9e de lecture estim\u00e9e\" \/>\n\t<meta name=\"twitter:data1\" content=\"2 minutes\" \/>\n<!-- \/ Yoast SEO plugin. -->","yoast_head_json":{"title":"NIZAR - Descatalogados, Iluminaci\u00f3n - Arteconfort","description":"Applique solaire r\u00e9glable. Fabriqu\u00e9 en mat\u00e9riau tr\u00e8s r\u00e9sistant aux chocs. Un bon choix pour \u00e9clairer n'importe quel environnement gr\u00e2ce \u00e0 ses quatre modes d'\u00e9clairage et son d\u00e9tecteur de mouvement. Ref. mod\u00e8le blanc ENIZAR-6P8T40A4450LIBLC65D Ref. mod\u00e8le noir ENIZAR-6P8T40A4450LINGR65DMat\u00e9riau \u00e0 haute r\u00e9sistancePermet d'\u00e9clairer de grandes surfaces du jardinChoisissez entre diff\u00e9rents modes de fonctionnement, avec ou sans d\u00e9tecteur de pr\u00e9sence","robots":{"index":"index","follow":"follow","max-snippet":"max-snippet:-1","max-image-preview":"max-image-preview:large","max-video-preview":"max-video-preview:-1"},"canonical":"https:\/\/arteconfort.com\/fr\/producto\/nizar\/","og_locale":"fr_FR","og_type":"article","og_title":"NIZAR - Descatalogados, Iluminaci\u00f3n - Arteconfort","og_description":"Applique solaire r\u00e9glable. Fabriqu\u00e9 en mat\u00e9riau tr\u00e8s r\u00e9sistant aux chocs. Un bon choix pour \u00e9clairer n'importe quel environnement gr\u00e2ce \u00e0 ses quatre modes d'\u00e9clairage et son d\u00e9tecteur de mouvement. Ref. mod\u00e8le blanc ENIZAR-6P8T40A4450LIBLC65D Ref. mod\u00e8le noir ENIZAR-6P8T40A4450LINGR65DMat\u00e9riau \u00e0 haute r\u00e9sistancePermet d'\u00e9clairer de grandes surfaces du jardinChoisissez entre diff\u00e9rents modes de fonctionnement, avec ou sans d\u00e9tecteur de pr\u00e9sence","og_url":"https:\/\/arteconfort.com\/fr\/producto\/nizar\/","og_site_name":"Arteconfort","article_modified_time":"2022-09-26T14:14:25+00:00","og_image":[{"width":1024,"height":1024,"url":"https:\/\/arteconfort.com\/wp-content\/uploads\/2023\/10\/NIZAR.webp","type":"image\/webp"}],"twitter_card":"summary_large_image","twitter_misc":{"Dur\u00e9e de lecture estim\u00e9e":"2 minutes"},"schema":{"@context":"https:\/\/schema.org","@graph":[{"@type":"WebPage","@id":"https:\/\/arteconfort.com\/fr\/producto\/nizar\/","url":"https:\/\/arteconfort.com\/fr\/producto\/nizar\/","name":"NIZAR - Descatalogados, Iluminaci\u00f3n - Arteconfort","isPartOf":{"@id":"https:\/\/arteconfort.com\/fr\/#website"},"primaryImageOfPage":{"@id":"https:\/\/arteconfort.com\/fr\/producto\/nizar\/#primaryimage"},"image":{"@id":"https:\/\/arteconfort.com\/fr\/producto\/nizar\/#primaryimage"},"thumbnailUrl":"https:\/\/arteconfort.com\/wp-content\/uploads\/2023\/10\/NIZAR.webp","datePublished":"2019-08-09T05:52:55+00:00","dateModified":"2022-09-26T14:14:25+00:00","description":"Applique solaire r\u00e9glable. Fabriqu\u00e9 en mat\u00e9riau tr\u00e8s r\u00e9sistant aux chocs. Un bon choix pour \u00e9clairer n'importe quel environnement gr\u00e2ce \u00e0 ses quatre modes d'\u00e9clairage et son d\u00e9tecteur de mouvement. Ref. mod\u00e8le blanc ENIZAR-6P8T40A4450LIBLC65D Ref. mod\u00e8le noir ENIZAR-6P8T40A4450LINGR65DMat\u00e9riau \u00e0 haute r\u00e9sistancePermet d'\u00e9clairer de grandes surfaces du jardinChoisissez entre diff\u00e9rents modes de fonctionnement, avec ou sans d\u00e9tecteur de pr\u00e9sence","breadcrumb":{"@id":"https:\/\/arteconfort.com\/fr\/producto\/nizar\/#breadcrumb"},"inLanguage":"fr-FR","potentialAction":[{"@type":"ReadAction","target":["https:\/\/arteconfort.com\/fr\/producto\/nizar\/"]}]},{"@type":"ImageObject","inLanguage":"fr-FR","@id":"https:\/\/arteconfort.com\/fr\/producto\/nizar\/#primaryimage","url":"https:\/\/arteconfort.com\/wp-content\/uploads\/2023\/10\/NIZAR.webp","contentUrl":"https:\/\/arteconfort.com\/wp-content\/uploads\/2023\/10\/NIZAR.webp","width":1024,"height":1024,"caption":"Foco solar de pared NIZAR"},{"@type":"BreadcrumbList","@id":"https:\/\/arteconfort.com\/fr\/producto\/nizar\/#breadcrumb","itemListElement":[{"@type":"ListItem","position":1,"name":"Inicio","item":"https:\/\/arteconfort.com\/fr\/"},{"@type":"ListItem","position":2,"name":"Boutique","item":"https:\/\/arteconfort.com\/fr\/boutique\/"},{"@type":"ListItem","position":3,"name":"NIZAR"}]},{"@type":"WebSite","@id":"https:\/\/arteconfort.com\/fr\/#website","url":"https:\/\/arteconfort.com\/fr\/","name":"Arteconfort","description":"Especialistas en productos del hogar","publisher":{"@id":"https:\/\/arteconfort.com\/fr\/#organization"},"potentialAction":[{"@type":"SearchAction","target":{"@type":"EntryPoint","urlTemplate":"https:\/\/arteconfort.com\/fr\/?s={search_term_string}"},"query-input":{"@type":"PropertyValueSpecification","valueRequired":true,"valueName":"search_term_string"}}],"inLanguage":"fr-FR"},{"@type":"Organization","@id":"https:\/\/arteconfort.com\/fr\/#organization","name":"Arteconfort","url":"https:\/\/arteconfort.com\/fr\/","logo":{"@type":"ImageObject","inLanguage":"fr-FR","@id":"https:\/\/arteconfort.com\/fr\/#\/schema\/logo\/image\/","url":"https:\/\/arteconfort.com\/wp-content\/uploads\/2019\/07\/logo-arteconfort.png","contentUrl":"https:\/\/arteconfort.com\/wp-content\/uploads\/2019\/07\/logo-arteconfort.png","width":230,"height":88,"caption":"Arteconfort"},"image":{"@id":"https:\/\/arteconfort.com\/fr\/#\/schema\/logo\/image\/"}}]}},"_links":{"self":[{"href":"https:\/\/arteconfort.com\/fr\/wp-json\/wp\/v2\/product\/11160","targetHints":{"allow":["GET"]}}],"collection":[{"href":"https:\/\/arteconfort.com\/fr\/wp-json\/wp\/v2\/product"}],"about":[{"href":"https:\/\/arteconfort.com\/fr\/wp-json\/wp\/v2\/types\/product"}],"wp:featuredmedia":[{"embeddable":true,"href":"https:\/\/arteconfort.com\/fr\/wp-json\/wp\/v2\/media\/33086"}],"wp:attachment":[{"href":"https:\/\/arteconfort.com\/fr\/wp-json\/wp\/v2\/media?parent=11160"}],"wp:term":[{"taxonomy":"product_brand","embeddable":true,"href":"https:\/\/arteconfort.com\/fr\/wp-json\/wp\/v2\/product_brand?post=11160"},{"taxonomy":"product_cat","embeddable":true,"href":"https:\/\/arteconfort.com\/fr\/wp-json\/wp\/v2\/product_cat?post=11160"},{"taxonomy":"product_tag","embeddable":true,"href":"https:\/\/arteconfort.com\/fr\/wp-json\/wp\/v2\/product_tag?post=11160"}],"curies":[{"name":"wp","href":"https:\/\/api.w.org\/{rel}","templated":true}]}}