{"id":11191,"date":"2019-08-09T07:55:33","date_gmt":"2019-08-09T05:55:33","guid":{"rendered":"https:\/\/arteconfort.com\/producto\/non%20class\u00e9\/pegaso-sobremuro\/"},"modified":"2022-09-27T08:28:15","modified_gmt":"2022-09-27T06:28:15","slug":"pegaso-sobremuro","status":"publish","type":"product","link":"https:\/\/arteconfort.com\/fr\/producto\/pegaso-sobremuro\/","title":{"rendered":"PEGASO SOBREMURO"},"content":{"rendered":"<div class=\"wpb-content-wrapper\"><p>[vc_row][vc_column width=&#8221;1\/2&#8243;][vc_accordion collapsible=&#8221;true&#8221; active_tab=&#8221;false&#8221;][vc_accordion_tab title=&#8221;Caract\u00e9ristiques g\u00e9n\u00e9rales&#8221;][vc_column_text]<strong>Dimensions<\/strong> 248&#215;386,6mm<br \/>\n<strong>Mat\u00e9riau<\/strong> Aluminium et verre<br \/>\n<strong>Finition<\/strong> Noir<br \/>\n<strong>IP<\/strong> 44<br \/>\n<strong>Garantie<\/strong> 2 ann\u00e9es[\/vc_column_text][\/vc_accordion_tab][vc_accordion_tab title=&#8221;Panneau solaire&#8221;][vc_column_text]<strong>Mat\u00e9riau<\/strong> Monocristallin<br \/>\n<strong>Type d&#8217;encapsulation<\/strong> Verre<br \/>\n<strong>Puissance<\/strong> 4W[\/vc_column_text][\/vc_accordion_tab][vc_accordion_tab title=&#8221;Batterie&#8221;][vc_column_text]<strong>Type de batterie<\/strong> Li-ion<br \/>\n<strong>Tension de charge<\/strong> 3,7V<br \/>\n<strong>Capacit\u00e9<\/strong> 4.400mAh<br \/>\n<strong>Temps de charge<\/strong> 8h<br \/>\n<strong>Autonomie<\/strong> 8h[\/vc_column_text][\/vc_accordion_tab][vc_accordion_tab title=&#8221;LED&#8221;][vc_column_text]<strong>Angle d&#8217;ouverture<\/strong> 120\u00ba<br \/>\n<strong>CCT<\/strong> 4000K<br \/>\n<strong>Flux lumineux<\/strong> 500lm[\/vc_column_text][\/vc_accordion_tab][vc_accordion_tab title=&#8221;Modes de fonctionnement&#8221;][vc_column_text]<strong>Mode 1<\/strong> \u00c9clairage fixe de 200lm sans capteur<br \/>\n<strong>Mode 2<\/strong> Allum\u00e9 \u00e0 100lm. Passe \u00e0 500 lm lorsqu&#8217;il d\u00e9tecte une pr\u00e9sence[\/vc_column_text][\/vc_accordion_tab][vc_accordion_tab title=&#8221;Capteur&#8221;][vc_column_text]<strong>Capteur<\/strong> Oui<br \/>\n<strong>Distance de d\u00e9tection<\/strong> 6m<br \/>\n<strong>Angle de d\u00e9tection<\/strong> 180\u00ba<br \/>\n<strong>Temps de courtoisie<\/strong> 30s[\/vc_column_text][\/vc_accordion_tab][\/vc_accordion][\/vc_column][vc_column width=&#8221;1\/2&#8243;][vc_single_image image=&#8221;6726&#8243;][\/vc_column][\/vc_row]<\/p>\n<\/div>","protected":false},"excerpt":{"rendered":"<p>Avec cette lanterne de jardin, vous illuminerez tout environnement avec une touche classique et distinctive. Gr\u00e2ce \u00e0 son grand panneau solaire de haute qualit\u00e9, il capte davantage de lumi\u00e8re du soleil et la stocke dans sa batterie haute capacit\u00e9, offrant ainsi un \u00e9clairage agr\u00e9able pendant plus d&#8217;heures. Il dispose de deux modes d&#8217;alimentation.<br \/>\n<strong>Ref. EPEGPI-005T40SD400LINGR44D<\/strong>[vc_row][vc_column offset=&#8221;vc_hidden-xs&#8221;][vc_empty_space height=&#8221;30px&#8221;][\/vc_column][\/vc_row][vc_row][vc_column][vc_row_inner][vc_column_inner][wyde_info_box icon_set=&#8221;stroke_gap&#8221; icon_stroke_gap=&#8221;sg-Column&#8221; icon_position=&#8221;left&#8221; title=&#8221;DESIGN CLASSIQUE&#8221;]Un style de lampadaire classique combin\u00e9 \u00e0 la haute technologie[\/wyde_info_box][vc_empty_space height=&#8221;15px&#8221;][\/vc_column_inner][\/vc_row_inner][vc_row_inner][vc_column_inner][wyde_info_box icon_set=&#8221;bigmug_line&#8221; icon_bigmug_line=&#8221;bigmug-line-foggy-sun&#8221; icon_position=&#8221;left&#8221; title=&#8221;PANNEAU SOLAIRE AVEC UNE PLUS GRANDE SURFACE&#8221;]Am\u00e9lioration de la charge gr\u00e2ce \u00e0 une meilleure captation du soleil et \u00e0 la qualit\u00e9 du panneau en augmentant la conversion \u00e9nerg\u00e9tique[\/wyde_info_box][vc_empty_space height=&#8221;15px&#8221;][\/vc_column_inner][\/vc_row_inner][vc_row_inner][vc_column_inner][wyde_info_box icon_set=&#8221;bigmug_line&#8221; icon_bigmug_line=&#8221;bigmug-line-equalizar2&#8243; icon_position=&#8221;left&#8221; title=&#8221;2 MODES D&#8217;ALLUMAGE&#8221;]Choisissez entre diff\u00e9rents modes de fonctionnement, avec ou sans d\u00e9tecteur de pr\u00e9sence[\/wyde_info_box][vc_empty_space height=&#8221;15px&#8221;][\/vc_column_inner][\/vc_row_inner][\/vc_column][\/vc_row][vc_row][vc_column offset=&#8221;vc_hidden-xs&#8221;][vc_empty_space height=&#8221;60px&#8221;][\/vc_column][\/vc_row][vc_row][vc_column width=&#8221;1\/3&#8243;][wyde_link_button icon_set=&#8221;simple_line&#8221; icon_simple_line=&#8221;sl-settings&#8221; style=&#8221;round&#8221; title=&#8221;Instructions&#8221; link=&#8221;url:http%3A%2F%2Farteconfort.com%2Fwp-content%2Fuploads%2F2020%2F01%2Fim-PEGASO.pdf||target:%20_blank|rel:nofollow&#8221; color=&#8221;#ffffff&#8221; bg_color=&#8221;#222222&#8243;][\/vc_column][\/vc_row][vc_row][vc_column offset=&#8221;vc_hidden-xs&#8221;][vc_empty_space][\/vc_column][\/vc_row][vc_row][vc_column][vc_empty_space height=&#8221;20px&#8221;][\/vc_column][\/vc_row]<\/p>\n","protected":false},"featured_media":36927,"template":"","meta":[],"product_brand":[],"product_cat":[406],"product_tag":[],"class_list":{"0":"post-11191","1":"product","2":"type-product","3":"status-publish","4":"has-post-thumbnail","6":"product_cat-descatalogados-fr","8":"first","9":"instock","10":"shipping-taxable","11":"product-type-external"},"yoast_head":"<!-- This site is optimized with the Yoast SEO plugin v26.5 - https:\/\/yoast.com\/wordpress\/plugins\/seo\/ -->\n<title>PEGASO SOBREMURO - Descatalogados - Arteconfort<\/title>\n<meta name=\"description\" content=\"Avec cette lanterne de jardin, vous illuminerez tout environnement avec une touche classique et distinctive. Gr\u00e2ce \u00e0 son grand panneau solaire de haute qualit\u00e9, il capte davantage de lumi\u00e8re du soleil et la stocke dans sa batterie haute capacit\u00e9, offrant ainsi un \u00e9clairage agr\u00e9able pendant plus d&#039;heures. Il dispose de deux modes d&#039;alimentation. Ref. EPEGPI-005T40SD400LINGR44DUn style de lampadaire classique combin\u00e9 \u00e0 la haute technologieAm\u00e9lioration de la charge gr\u00e2ce \u00e0 une meilleure captation du soleil et \u00e0 la qualit\u00e9 du panneau en augmentant la conversion \u00e9nerg\u00e9tiqueChoisissez entre diff\u00e9rents modes de fonctionnement, avec ou sans d\u00e9tecteur de pr\u00e9sence\" \/>\n<meta name=\"robots\" content=\"index, follow, max-snippet:-1, max-image-preview:large, max-video-preview:-1\" \/>\n<link rel=\"canonical\" href=\"https:\/\/arteconfort.com\/fr\/producto\/pegaso-sobremuro\/\" \/>\n<meta property=\"og:locale\" content=\"fr_FR\" \/>\n<meta property=\"og:type\" content=\"article\" \/>\n<meta property=\"og:title\" content=\"PEGASO SOBREMURO - Descatalogados - Arteconfort\" \/>\n<meta property=\"og:description\" content=\"Avec cette lanterne de jardin, vous illuminerez tout environnement avec une touche classique et distinctive. Gr\u00e2ce \u00e0 son grand panneau solaire de haute qualit\u00e9, il capte davantage de lumi\u00e8re du soleil et la stocke dans sa batterie haute capacit\u00e9, offrant ainsi un \u00e9clairage agr\u00e9able pendant plus d&#039;heures. Il dispose de deux modes d&#039;alimentation. Ref. EPEGPI-005T40SD400LINGR44DUn style de lampadaire classique combin\u00e9 \u00e0 la haute technologieAm\u00e9lioration de la charge gr\u00e2ce \u00e0 une meilleure captation du soleil et \u00e0 la qualit\u00e9 du panneau en augmentant la conversion \u00e9nerg\u00e9tiqueChoisissez entre diff\u00e9rents modes de fonctionnement, avec ou sans d\u00e9tecteur de pr\u00e9sence\" \/>\n<meta property=\"og:url\" content=\"https:\/\/arteconfort.com\/fr\/producto\/pegaso-sobremuro\/\" \/>\n<meta property=\"og:site_name\" content=\"Arteconfort\" \/>\n<meta property=\"article:modified_time\" content=\"2022-09-27T06:28:15+00:00\" \/>\n<meta property=\"og:image\" content=\"https:\/\/arteconfort.com\/wp-content\/uploads\/2019\/08\/PEGASO-N-SOBREMURO.webp\" \/>\n\t<meta property=\"og:image:width\" content=\"1024\" \/>\n\t<meta property=\"og:image:height\" content=\"1024\" \/>\n\t<meta property=\"og:image:type\" content=\"image\/webp\" \/>\n<meta name=\"twitter:card\" content=\"summary_large_image\" \/>\n<meta name=\"twitter:label1\" content=\"Dur\u00e9e de lecture estim\u00e9e\" \/>\n\t<meta name=\"twitter:data1\" content=\"1 minute\" \/>\n<!-- \/ Yoast SEO plugin. -->","yoast_head_json":{"title":"PEGASO SOBREMURO - Descatalogados - Arteconfort","description":"Avec cette lanterne de jardin, vous illuminerez tout environnement avec une touche classique et distinctive. Gr\u00e2ce \u00e0 son grand panneau solaire de haute qualit\u00e9, il capte davantage de lumi\u00e8re du soleil et la stocke dans sa batterie haute capacit\u00e9, offrant ainsi un \u00e9clairage agr\u00e9able pendant plus d'heures. Il dispose de deux modes d'alimentation. Ref. EPEGPI-005T40SD400LINGR44DUn style de lampadaire classique combin\u00e9 \u00e0 la haute technologieAm\u00e9lioration de la charge gr\u00e2ce \u00e0 une meilleure captation du soleil et \u00e0 la qualit\u00e9 du panneau en augmentant la conversion \u00e9nerg\u00e9tiqueChoisissez entre diff\u00e9rents modes de fonctionnement, avec ou sans d\u00e9tecteur de pr\u00e9sence","robots":{"index":"index","follow":"follow","max-snippet":"max-snippet:-1","max-image-preview":"max-image-preview:large","max-video-preview":"max-video-preview:-1"},"canonical":"https:\/\/arteconfort.com\/fr\/producto\/pegaso-sobremuro\/","og_locale":"fr_FR","og_type":"article","og_title":"PEGASO SOBREMURO - Descatalogados - Arteconfort","og_description":"Avec cette lanterne de jardin, vous illuminerez tout environnement avec une touche classique et distinctive. Gr\u00e2ce \u00e0 son grand panneau solaire de haute qualit\u00e9, il capte davantage de lumi\u00e8re du soleil et la stocke dans sa batterie haute capacit\u00e9, offrant ainsi un \u00e9clairage agr\u00e9able pendant plus d'heures. Il dispose de deux modes d'alimentation. Ref. EPEGPI-005T40SD400LINGR44DUn style de lampadaire classique combin\u00e9 \u00e0 la haute technologieAm\u00e9lioration de la charge gr\u00e2ce \u00e0 une meilleure captation du soleil et \u00e0 la qualit\u00e9 du panneau en augmentant la conversion \u00e9nerg\u00e9tiqueChoisissez entre diff\u00e9rents modes de fonctionnement, avec ou sans d\u00e9tecteur de pr\u00e9sence","og_url":"https:\/\/arteconfort.com\/fr\/producto\/pegaso-sobremuro\/","og_site_name":"Arteconfort","article_modified_time":"2022-09-27T06:28:15+00:00","og_image":[{"width":1024,"height":1024,"url":"https:\/\/arteconfort.com\/wp-content\/uploads\/2019\/08\/PEGASO-N-SOBREMURO.webp","type":"image\/webp"}],"twitter_card":"summary_large_image","twitter_misc":{"Dur\u00e9e de lecture estim\u00e9e":"1 minute"},"schema":{"@context":"https:\/\/schema.org","@graph":[{"@type":"WebPage","@id":"https:\/\/arteconfort.com\/fr\/producto\/pegaso-sobremuro\/","url":"https:\/\/arteconfort.com\/fr\/producto\/pegaso-sobremuro\/","name":"PEGASO SOBREMURO - Descatalogados - Arteconfort","isPartOf":{"@id":"https:\/\/arteconfort.com\/fr\/#website"},"primaryImageOfPage":{"@id":"https:\/\/arteconfort.com\/fr\/producto\/pegaso-sobremuro\/#primaryimage"},"image":{"@id":"https:\/\/arteconfort.com\/fr\/producto\/pegaso-sobremuro\/#primaryimage"},"thumbnailUrl":"https:\/\/arteconfort.com\/wp-content\/uploads\/2019\/08\/PEGASO-N-SOBREMURO.webp","datePublished":"2019-08-09T05:55:33+00:00","dateModified":"2022-09-27T06:28:15+00:00","description":"Avec cette lanterne de jardin, vous illuminerez tout environnement avec une touche classique et distinctive. Gr\u00e2ce \u00e0 son grand panneau solaire de haute qualit\u00e9, il capte davantage de lumi\u00e8re du soleil et la stocke dans sa batterie haute capacit\u00e9, offrant ainsi un \u00e9clairage agr\u00e9able pendant plus d'heures. Il dispose de deux modes d'alimentation. Ref. EPEGPI-005T40SD400LINGR44DUn style de lampadaire classique combin\u00e9 \u00e0 la haute technologieAm\u00e9lioration de la charge gr\u00e2ce \u00e0 une meilleure captation du soleil et \u00e0 la qualit\u00e9 du panneau en augmentant la conversion \u00e9nerg\u00e9tiqueChoisissez entre diff\u00e9rents modes de fonctionnement, avec ou sans d\u00e9tecteur de pr\u00e9sence","breadcrumb":{"@id":"https:\/\/arteconfort.com\/fr\/producto\/pegaso-sobremuro\/#breadcrumb"},"inLanguage":"fr-FR","potentialAction":[{"@type":"ReadAction","target":["https:\/\/arteconfort.com\/fr\/producto\/pegaso-sobremuro\/"]}]},{"@type":"ImageObject","inLanguage":"fr-FR","@id":"https:\/\/arteconfort.com\/fr\/producto\/pegaso-sobremuro\/#primaryimage","url":"https:\/\/arteconfort.com\/wp-content\/uploads\/2019\/08\/PEGASO-N-SOBREMURO.webp","contentUrl":"https:\/\/arteconfort.com\/wp-content\/uploads\/2019\/08\/PEGASO-N-SOBREMURO.webp","width":1024,"height":1024},{"@type":"BreadcrumbList","@id":"https:\/\/arteconfort.com\/fr\/producto\/pegaso-sobremuro\/#breadcrumb","itemListElement":[{"@type":"ListItem","position":1,"name":"Inicio","item":"https:\/\/arteconfort.com\/fr\/"},{"@type":"ListItem","position":2,"name":"Boutique","item":"https:\/\/arteconfort.com\/fr\/boutique\/"},{"@type":"ListItem","position":3,"name":"PEGASO SOBREMURO"}]},{"@type":"WebSite","@id":"https:\/\/arteconfort.com\/fr\/#website","url":"https:\/\/arteconfort.com\/fr\/","name":"Arteconfort","description":"Especialistas en productos del hogar","publisher":{"@id":"https:\/\/arteconfort.com\/fr\/#organization"},"potentialAction":[{"@type":"SearchAction","target":{"@type":"EntryPoint","urlTemplate":"https:\/\/arteconfort.com\/fr\/?s={search_term_string}"},"query-input":{"@type":"PropertyValueSpecification","valueRequired":true,"valueName":"search_term_string"}}],"inLanguage":"fr-FR"},{"@type":"Organization","@id":"https:\/\/arteconfort.com\/fr\/#organization","name":"Arteconfort","url":"https:\/\/arteconfort.com\/fr\/","logo":{"@type":"ImageObject","inLanguage":"fr-FR","@id":"https:\/\/arteconfort.com\/fr\/#\/schema\/logo\/image\/","url":"https:\/\/arteconfort.com\/wp-content\/uploads\/2019\/07\/logo-arteconfort.png","contentUrl":"https:\/\/arteconfort.com\/wp-content\/uploads\/2019\/07\/logo-arteconfort.png","width":230,"height":88,"caption":"Arteconfort"},"image":{"@id":"https:\/\/arteconfort.com\/fr\/#\/schema\/logo\/image\/"}}]}},"_links":{"self":[{"href":"https:\/\/arteconfort.com\/fr\/wp-json\/wp\/v2\/product\/11191","targetHints":{"allow":["GET"]}}],"collection":[{"href":"https:\/\/arteconfort.com\/fr\/wp-json\/wp\/v2\/product"}],"about":[{"href":"https:\/\/arteconfort.com\/fr\/wp-json\/wp\/v2\/types\/product"}],"wp:featuredmedia":[{"embeddable":true,"href":"https:\/\/arteconfort.com\/fr\/wp-json\/wp\/v2\/media\/36927"}],"wp:attachment":[{"href":"https:\/\/arteconfort.com\/fr\/wp-json\/wp\/v2\/media?parent=11191"}],"wp:term":[{"taxonomy":"product_brand","embeddable":true,"href":"https:\/\/arteconfort.com\/fr\/wp-json\/wp\/v2\/product_brand?post=11191"},{"taxonomy":"product_cat","embeddable":true,"href":"https:\/\/arteconfort.com\/fr\/wp-json\/wp\/v2\/product_cat?post=11191"},{"taxonomy":"product_tag","embeddable":true,"href":"https:\/\/arteconfort.com\/fr\/wp-json\/wp\/v2\/product_tag?post=11191"}],"curies":[{"name":"wp","href":"https:\/\/api.w.org\/{rel}","templated":true}]}}