{"id":11203,"date":"2019-08-09T07:54:39","date_gmt":"2019-08-09T05:54:39","guid":{"rendered":"https:\/\/arteconfort.com\/producto\/non%20class\u00e9\/set-hidra\/"},"modified":"2022-04-21T13:16:58","modified_gmt":"2022-04-21T11:16:58","slug":"set-hidra","status":"publish","type":"product","link":"https:\/\/arteconfort.com\/fr\/producto\/set-hidra\/","title":{"rendered":"SET HIDRA"},"content":{"rendered":"<div class=\"wpb-content-wrapper\"><p>[vc_row][vc_column width=&#8221;1\/2&#8243;][vc_accordion collapsible=&#8221;true&#8221; active_tab=&#8221;false&#8221;][vc_accordion_tab title=&#8221;Caract\u00e9ristiques g\u00e9n\u00e9rales&#8221;][vc_column_text]<strong>Dimensions<\/strong> Box: 130x30x90mm \/ Panneau: 180x230x150mm<br \/>\n<strong>Mat\u00e9riau<\/strong> Aluminium<br \/>\n<strong>Finition<\/strong> Blanc<br \/>\n<strong>Garantie<\/strong> 3 ann\u00e9es[\/vc_column_text][\/vc_accordion_tab][vc_accordion_tab title=&#8221;Panneau solaire&#8221;][vc_column_text]<strong>Mat\u00e9riau<\/strong> Silicium polycristallin<br \/>\n<strong>Type d&#8217;encapsulation<\/strong> PET<br \/>\n<strong>Puissance<\/strong> 4,5W[\/vc_column_text][\/vc_accordion_tab][vc_accordion_tab title=&#8221;Batterie&#8221;][vc_column_text]<strong>Type de batterie<\/strong> Li-ion<br \/>\n<strong>Tension de charge<\/strong> 3,7V<br \/>\n<strong>Capacit\u00e9<\/strong> 5.000mAh<br \/>\n<strong>Temps de charge<\/strong> 8h<br \/>\n<strong>Autonomie<\/strong> Lampe 1W: 14h \/ Lampe 2W: 7h \/ Ensemble: 5h[\/vc_column_text][\/vc_accordion_tab][vc_accordion_tab title=&#8221;Ports de charge&#8221;][vc_column_text]<b>Lampe <\/b>2 lampes de LED (1W+2W avec c\u00e2ble de 5m et bouton poussoir)<br \/>\n<strong>USB<\/strong> Oui<br \/>\n<strong>Accessoires<\/strong> C\u00e2ble MicroUSB, adaptateur type C, adaptateur iPhone[\/vc_column_text][\/vc_accordion_tab][\/vc_accordion][\/vc_column][vc_column width=&#8221;1\/2&#8243;][vc_single_image image=&#8221;6342&#8243;][\/vc_column][\/vc_row]<\/p>\n<\/div>","protected":false},"excerpt":{"rendered":"<p>Kit solaire avec ampoules et batterie. La batterie poss\u00e8de plusieurs ports, un pour l&#8217;\u00e9clairage ainsi qu&#8217;un pour votre t\u00e9l\u00e9phone portable. Il est parfait pour les cabanes de jardin ou le bricolage, ou pour la randonn\u00e9e et le camping.<br \/>\n<strong>Ref. EHIDRA-005T60SR500LIBLC65D<\/strong>[vc_row][vc_column offset=&#8221;vc_hidden-xs&#8221;][vc_empty_space height=&#8221;30px&#8221;][\/vc_column][\/vc_row][vc_row][vc_column][vc_row_inner][vc_column_inner][wyde_info_box icon_set=&#8221;simple_line&#8221; icon_simple_line=&#8221;sl-picture&#8221; icon_position=&#8221;left&#8221; title=&#8221;ID\u00c9AL POUR LA RANDONN\u00c9E, LE CAMPING OU LE BIVOUAC&#8221;]L\u00e9ger et facile \u00e0 transporter[\/wyde_info_box][vc_empty_space height=&#8221;15px&#8221;][\/vc_column_inner][\/vc_row_inner][vc_row_inner][vc_column_inner][wyde_info_box icon_set=&#8221;simple_line&#8221; icon_simple_line=&#8221;sl-screen-smartphone&#8221; icon_position=&#8221;left&#8221; title=&#8221;CONNEXION USB, TYPE C ET IPHONE&#8221;]Connecteurs compatibles avec un large \u00e9ventail d&#8217;appareils mobiles[\/wyde_info_box][vc_empty_space height=&#8221;15px&#8221;][\/vc_column_inner][\/vc_row_inner][vc_row_inner][vc_column_inner][wyde_info_box icon_set=&#8221;stroke_gap&#8221; icon_stroke_gap=&#8221;sg-Bulb&#8221; icon_position=&#8221;left&#8221; title=&#8221;2 AMPOULES LED INCLUSES&#8221;]Vous serez en mesure d&#8217;\u00e9clairer de plus grandes surfaces[\/wyde_info_box][vc_empty_space height=&#8221;15px&#8221;][\/vc_column_inner][\/vc_row_inner][\/vc_column][\/vc_row][vc_row][vc_column offset=&#8221;vc_hidden-xs&#8221;][vc_empty_space height=&#8221;60px&#8221;][\/vc_column][\/vc_row][vc_row][vc_column width=&#8221;1\/3&#8243;][wyde_link_button icon_set=&#8221;simple_line&#8221; icon_simple_line=&#8221;sl-settings&#8221; style=&#8221;round&#8221; title=&#8221;Instructions&#8221; link=&#8221;url:http%3A%2F%2Farteconfort.com%2Fwp-content%2Fuploads%2F2020%2F01%2Fim-HIDRA.pdf||target:%20_blank|rel:nofollow&#8221; color=&#8221;#ffffff&#8221; bg_color=&#8221;#222222&#8243;][\/vc_column][\/vc_row][vc_row][vc_column offset=&#8221;vc_hidden-xs&#8221;][vc_empty_space][\/vc_column][\/vc_row][vc_row][vc_column][vc_empty_space height=&#8221;20px&#8221;][\/vc_column][\/vc_row]<!--[vc_row background_mode=\"color\" background_color=\"#f5f5f5\"][vc_column text_align=\"center\"][vc_row_inner padding_size=\"m-padding\"][vc_column_inner text_align=\"center\"][vc_single_image alignment=\"center\" image=\"1046\"][vc_column_text]Retrouvez ce kit solaire en vente exclusive chez LEROY MERLIN[\/vc_column_text][vc_empty_space height=\"15px\"][wyde_link_button icon_set=\"simple_line\" icon_simple_line=\"sl-login\" style=\"outline round\" title=\"Acc\u00e8s \u00e0 Leroy Merlin\" link=\"url:https%3A%2F%2Fwww.leroymerlin.es%2Ffp%2F82051905%2Fkit-solar-cargador-movil-e-iluminacion-arte-hidra||target:%20_blank|rel:nofollow\" color=\"#61b4e4\" hover_color=\"#ffffff\"][\/vc_column_inner][\/vc_row_inner][\/vc_column][\/vc_row]--><\/p>\n","protected":false},"featured_media":31911,"template":"","meta":[],"product_brand":[],"product_cat":[340,336],"product_tag":[],"class_list":{"0":"post-11203","1":"product","2":"type-product","3":"status-publish","4":"has-post-thumbnail","6":"product_cat-iluminacion-solar-de-pared-fr","7":"product_cat-solar-fr","9":"first","10":"instock","11":"shipping-taxable","12":"product-type-external"},"yoast_head":"<!-- This site is optimized with the Yoast SEO plugin v26.5 - https:\/\/yoast.com\/wordpress\/plugins\/seo\/ -->\n<title>SET HIDRA - Pared, Solar - Arteconfort<\/title>\n<meta name=\"description\" content=\"Kit solaire avec ampoules et batterie. La batterie poss\u00e8de plusieurs ports, un pour l&#039;\u00e9clairage ainsi qu&#039;un pour votre t\u00e9l\u00e9phone portable. Il est parfait pour les cabanes de jardin ou le bricolage, ou pour la randonn\u00e9e et le camping. Ref. EHIDRA-005T60SR500LIBLC65DL\u00e9ger et facile \u00e0 transporterConnecteurs compatibles avec un large \u00e9ventail d&#039;appareils mobilesVous serez en mesure d&#039;\u00e9clairer de plus grandes surfaces\" \/>\n<meta name=\"robots\" content=\"index, follow, max-snippet:-1, max-image-preview:large, max-video-preview:-1\" \/>\n<link rel=\"canonical\" href=\"https:\/\/arteconfort.com\/fr\/producto\/set-hidra\/\" \/>\n<meta property=\"og:locale\" content=\"fr_FR\" \/>\n<meta property=\"og:type\" content=\"article\" \/>\n<meta property=\"og:title\" content=\"SET HIDRA - Pared, Solar - Arteconfort\" \/>\n<meta property=\"og:description\" content=\"Kit solaire avec ampoules et batterie. La batterie poss\u00e8de plusieurs ports, un pour l&#039;\u00e9clairage ainsi qu&#039;un pour votre t\u00e9l\u00e9phone portable. Il est parfait pour les cabanes de jardin ou le bricolage, ou pour la randonn\u00e9e et le camping. Ref. EHIDRA-005T60SR500LIBLC65DL\u00e9ger et facile \u00e0 transporterConnecteurs compatibles avec un large \u00e9ventail d&#039;appareils mobilesVous serez en mesure d&#039;\u00e9clairer de plus grandes surfaces\" \/>\n<meta property=\"og:url\" content=\"https:\/\/arteconfort.com\/fr\/producto\/set-hidra\/\" \/>\n<meta property=\"og:site_name\" content=\"Arteconfort\" \/>\n<meta property=\"article:modified_time\" content=\"2022-04-21T11:16:58+00:00\" \/>\n<meta property=\"og:image\" content=\"https:\/\/arteconfort.com\/wp-content\/uploads\/2023\/10\/HIDRA-SET.webp\" \/>\n\t<meta property=\"og:image:width\" content=\"1024\" \/>\n\t<meta property=\"og:image:height\" content=\"1024\" \/>\n\t<meta property=\"og:image:type\" content=\"image\/webp\" \/>\n<meta name=\"twitter:card\" content=\"summary_large_image\" \/>\n<meta name=\"twitter:label1\" content=\"Dur\u00e9e de lecture estim\u00e9e\" \/>\n\t<meta name=\"twitter:data1\" content=\"1 minute\" \/>\n<!-- \/ Yoast SEO plugin. -->","yoast_head_json":{"title":"SET HIDRA - Pared, Solar - Arteconfort","description":"Kit solaire avec ampoules et batterie. La batterie poss\u00e8de plusieurs ports, un pour l'\u00e9clairage ainsi qu'un pour votre t\u00e9l\u00e9phone portable. Il est parfait pour les cabanes de jardin ou le bricolage, ou pour la randonn\u00e9e et le camping. Ref. EHIDRA-005T60SR500LIBLC65DL\u00e9ger et facile \u00e0 transporterConnecteurs compatibles avec un large \u00e9ventail d'appareils mobilesVous serez en mesure d'\u00e9clairer de plus grandes surfaces","robots":{"index":"index","follow":"follow","max-snippet":"max-snippet:-1","max-image-preview":"max-image-preview:large","max-video-preview":"max-video-preview:-1"},"canonical":"https:\/\/arteconfort.com\/fr\/producto\/set-hidra\/","og_locale":"fr_FR","og_type":"article","og_title":"SET HIDRA - Pared, Solar - Arteconfort","og_description":"Kit solaire avec ampoules et batterie. La batterie poss\u00e8de plusieurs ports, un pour l'\u00e9clairage ainsi qu'un pour votre t\u00e9l\u00e9phone portable. Il est parfait pour les cabanes de jardin ou le bricolage, ou pour la randonn\u00e9e et le camping. Ref. EHIDRA-005T60SR500LIBLC65DL\u00e9ger et facile \u00e0 transporterConnecteurs compatibles avec un large \u00e9ventail d'appareils mobilesVous serez en mesure d'\u00e9clairer de plus grandes surfaces","og_url":"https:\/\/arteconfort.com\/fr\/producto\/set-hidra\/","og_site_name":"Arteconfort","article_modified_time":"2022-04-21T11:16:58+00:00","og_image":[{"width":1024,"height":1024,"url":"https:\/\/arteconfort.com\/wp-content\/uploads\/2023\/10\/HIDRA-SET.webp","type":"image\/webp"}],"twitter_card":"summary_large_image","twitter_misc":{"Dur\u00e9e de lecture estim\u00e9e":"1 minute"},"schema":{"@context":"https:\/\/schema.org","@graph":[{"@type":"WebPage","@id":"https:\/\/arteconfort.com\/fr\/producto\/set-hidra\/","url":"https:\/\/arteconfort.com\/fr\/producto\/set-hidra\/","name":"SET HIDRA - Pared, Solar - Arteconfort","isPartOf":{"@id":"https:\/\/arteconfort.com\/fr\/#website"},"primaryImageOfPage":{"@id":"https:\/\/arteconfort.com\/fr\/producto\/set-hidra\/#primaryimage"},"image":{"@id":"https:\/\/arteconfort.com\/fr\/producto\/set-hidra\/#primaryimage"},"thumbnailUrl":"https:\/\/arteconfort.com\/wp-content\/uploads\/2023\/10\/HIDRA-SET.webp","datePublished":"2019-08-09T05:54:39+00:00","dateModified":"2022-04-21T11:16:58+00:00","description":"Kit solaire avec ampoules et batterie. La batterie poss\u00e8de plusieurs ports, un pour l'\u00e9clairage ainsi qu'un pour votre t\u00e9l\u00e9phone portable. Il est parfait pour les cabanes de jardin ou le bricolage, ou pour la randonn\u00e9e et le camping. Ref. EHIDRA-005T60SR500LIBLC65DL\u00e9ger et facile \u00e0 transporterConnecteurs compatibles avec un large \u00e9ventail d'appareils mobilesVous serez en mesure d'\u00e9clairer de plus grandes surfaces","breadcrumb":{"@id":"https:\/\/arteconfort.com\/fr\/producto\/set-hidra\/#breadcrumb"},"inLanguage":"fr-FR","potentialAction":[{"@type":"ReadAction","target":["https:\/\/arteconfort.com\/fr\/producto\/set-hidra\/"]}]},{"@type":"ImageObject","inLanguage":"fr-FR","@id":"https:\/\/arteconfort.com\/fr\/producto\/set-hidra\/#primaryimage","url":"https:\/\/arteconfort.com\/wp-content\/uploads\/2023\/10\/HIDRA-SET.webp","contentUrl":"https:\/\/arteconfort.com\/wp-content\/uploads\/2023\/10\/HIDRA-SET.webp","width":1024,"height":1024,"caption":"HIDRA SET"},{"@type":"BreadcrumbList","@id":"https:\/\/arteconfort.com\/fr\/producto\/set-hidra\/#breadcrumb","itemListElement":[{"@type":"ListItem","position":1,"name":"Inicio","item":"https:\/\/arteconfort.com\/fr\/"},{"@type":"ListItem","position":2,"name":"Boutique","item":"https:\/\/arteconfort.com\/fr\/boutique\/"},{"@type":"ListItem","position":3,"name":"SET HIDRA"}]},{"@type":"WebSite","@id":"https:\/\/arteconfort.com\/fr\/#website","url":"https:\/\/arteconfort.com\/fr\/","name":"Arteconfort","description":"Especialistas en productos del hogar","publisher":{"@id":"https:\/\/arteconfort.com\/fr\/#organization"},"potentialAction":[{"@type":"SearchAction","target":{"@type":"EntryPoint","urlTemplate":"https:\/\/arteconfort.com\/fr\/?s={search_term_string}"},"query-input":{"@type":"PropertyValueSpecification","valueRequired":true,"valueName":"search_term_string"}}],"inLanguage":"fr-FR"},{"@type":"Organization","@id":"https:\/\/arteconfort.com\/fr\/#organization","name":"Arteconfort","url":"https:\/\/arteconfort.com\/fr\/","logo":{"@type":"ImageObject","inLanguage":"fr-FR","@id":"https:\/\/arteconfort.com\/fr\/#\/schema\/logo\/image\/","url":"https:\/\/arteconfort.com\/wp-content\/uploads\/2019\/07\/logo-arteconfort.png","contentUrl":"https:\/\/arteconfort.com\/wp-content\/uploads\/2019\/07\/logo-arteconfort.png","width":230,"height":88,"caption":"Arteconfort"},"image":{"@id":"https:\/\/arteconfort.com\/fr\/#\/schema\/logo\/image\/"}}]}},"_links":{"self":[{"href":"https:\/\/arteconfort.com\/fr\/wp-json\/wp\/v2\/product\/11203","targetHints":{"allow":["GET"]}}],"collection":[{"href":"https:\/\/arteconfort.com\/fr\/wp-json\/wp\/v2\/product"}],"about":[{"href":"https:\/\/arteconfort.com\/fr\/wp-json\/wp\/v2\/types\/product"}],"wp:featuredmedia":[{"embeddable":true,"href":"https:\/\/arteconfort.com\/fr\/wp-json\/wp\/v2\/media\/31911"}],"wp:attachment":[{"href":"https:\/\/arteconfort.com\/fr\/wp-json\/wp\/v2\/media?parent=11203"}],"wp:term":[{"taxonomy":"product_brand","embeddable":true,"href":"https:\/\/arteconfort.com\/fr\/wp-json\/wp\/v2\/product_brand?post=11203"},{"taxonomy":"product_cat","embeddable":true,"href":"https:\/\/arteconfort.com\/fr\/wp-json\/wp\/v2\/product_cat?post=11203"},{"taxonomy":"product_tag","embeddable":true,"href":"https:\/\/arteconfort.com\/fr\/wp-json\/wp\/v2\/product_tag?post=11203"}],"curies":[{"name":"wp","href":"https:\/\/api.w.org\/{rel}","templated":true}]}}