{"id":11215,"date":"2020-01-28T17:49:13","date_gmt":"2020-01-28T16:49:13","guid":{"rendered":"https:\/\/arteconfort.com\/producto\/non%20class\u00e9\/tempel-sobremuro\/"},"modified":"2022-04-21T13:33:17","modified_gmt":"2022-04-21T11:33:17","slug":"tempel-sobremuro","status":"publish","type":"product","link":"https:\/\/arteconfort.com\/fr\/producto\/tempel-sobremuro\/","title":{"rendered":"TEMPEL SOBREMURO"},"content":{"rendered":"<div class=\"wpb-content-wrapper\"><p>[vc_row][vc_column][vc_row_inner][vc_column_inner width=&#8221;1\/4&#8243; offset=&#8221;vc_col-xs-6&#8243;][wyde_info_box icon_set=&#8221;simple_line&#8221; icon_simple_line=&#8221;sl-rocket&#8221; title=&#8221;BATTERIE \u00c0 RENDEMENT ET CAPACIT\u00c9 SUP\u00c9RIEURS&#8221;]Pour une autonomie plus durable[\/wyde_info_box][\/vc_column_inner][vc_column_inner width=&#8221;1\/4&#8243; offset=&#8221;vc_col-xs-6&#8243;][wyde_info_box icon_set=&#8221;simple_line&#8221; icon_simple_line=&#8221;sl-like&#8221; title=&#8221;INSTALLATION FACILE&#8221;]Il suffit de le visser au sol, sans connexions \u00e9lectriques, sans fils, sans c\u00e2bles[\/wyde_info_box][\/vc_column_inner][vc_column_inner width=&#8221;1\/4&#8243; offset=&#8221;vc_col-xs-6&#8243;][wyde_info_box icon_set=&#8221;simple_line&#8221; icon_simple_line=&#8221;sl-anchor&#8221; title=&#8221;ACIER INOXYDABLE&#8221;]Anticorrosif, tr\u00e8s r\u00e9sistant aux agents ext\u00e9rieurs[\/wyde_info_box][\/vc_column_inner][vc_column_inner width=&#8221;1\/4&#8243; offset=&#8221;vc_col-xs-6&#8243;][wyde_info_box icon_set=&#8221;simple_line&#8221; icon_simple_line=&#8221;sl-eyeglasses&#8221; title=&#8221;VERRE \u00c0 L&#8217;ACIDE&#8221;]Permet une meilleure dispersion de la lumi\u00e8re[\/wyde_info_box][\/vc_column_inner][\/vc_row_inner][vc_row_inner][vc_column_inner offset=&#8221;vc_hidden-xs&#8221;][vc_empty_space height=&#8221;60px&#8221;][\/vc_column_inner][\/vc_row_inner][\/vc_column][\/vc_row][vc_row][vc_column width=&#8221;1\/2&#8243;][vc_accordion collapsible=&#8221;true&#8221; active_tab=&#8221;false&#8221;][vc_accordion_tab title=&#8221;Caract\u00e9ristiques g\u00e9n\u00e9rales&#8221;][vc_column_text]<strong>Dimensions<\/strong> 260x269x298mm<br \/>\n<strong>Mat\u00e9riau<\/strong> Aluminium\/verre acide<br \/>\n<strong>Finition<\/strong> Noir<br \/>\n<strong>IP<\/strong> 44<br \/>\n<strong>Garantie<\/strong> 3 ann\u00e9es[\/vc_column_text][\/vc_accordion_tab][vc_accordion_tab title=&#8221;Panneau solaire&#8221;][vc_column_text]<strong>Mat\u00e9riau<\/strong> Monocristallin<br \/>\n<strong>Type d&#8217;encapsulation<\/strong> Verre<br \/>\n<strong>Puissance<\/strong> 4W [\/vc_column_text][\/vc_accordion_tab][vc_accordion_tab title=&#8221;Batterie&#8221;][vc_column_text]Type de batterie\u00a0Li-ion 18650<br \/>\n<strong>Tension de charge<\/strong> 3,7V<br \/>\n<strong>Capacit\u00e9<\/strong> 4.400mAh<br \/>\n<strong>Temps de charge<\/strong> 8-12h<br \/>\n<strong>Autonomie<\/strong> 12h[\/vc_column_text][\/vc_accordion_tab][vc_accordion_tab title=&#8221;LED&#8221;][vc_column_text]<strong>Num\u00e9ro de LED<\/strong> 12<br \/>\n<strong>Type de LED<\/strong> Epistar 2835<br \/>\n<strong>Angle d&#8217;ouverture<\/strong> 120\u00ba<br \/>\n<strong>CCT<\/strong> 4000K<br \/>\n<strong>Flux lumineux<\/strong> 500lm[\/vc_column_text][\/vc_accordion_tab][vc_accordion_tab title=&#8221;Modes de fonctionnement&#8221;][vc_column_text]<strong>Mode 1<\/strong> Allum\u00e9 \u00e0 100lm. Passe \u00e0 500 lm lorsqu&#8217;il d\u00e9tecte une pr\u00e9sence<br \/>\n<strong>Mode 2<\/strong> Fixe. Il fonctionne toujours \u00e0 200ml jusqu&#8217;\u00e0 ce que la batterie soit vide[\/vc_column_text][\/vc_accordion_tab][vc_accordion_tab title=&#8221;Capteur&#8221;][vc_column_text]<strong>Capteur<\/strong> Oui<br \/>\n<strong>Distance de d\u00e9tection<\/strong> 6m<br \/>\n<strong>Angle de d\u00e9tection<\/strong> 120\u00ba<br \/>\n<strong>Temps de courtoisie <\/strong>30s[\/vc_column_text][\/vc_accordion_tab][\/vc_accordion][\/vc_column][vc_column width=&#8221;1\/2&#8243;][vc_single_image image=&#8221;5934&#8243;][\/vc_column][\/vc_row]<\/p>\n<\/div>","protected":false},"excerpt":{"rendered":"<p>Applique LED facile \u00e0 installer. Il pr\u00e9sente un design intemporel en aluminium et en verre d\u00e9poli. Il dispose d&#8217;un d\u00e9tecteur de mouvement et de deux m\u00e9thodes de commutation.<br \/>\n<strong>Ref. TEMPELNE32<\/strong>[vc_row][vc_column offset=&#8221;vc_hidden-xs&#8221;][vc_empty_space height=&#8221;30px&#8221;][\/vc_column][\/vc_row][vc_row][vc_column][vc_row_inner][vc_column_inner][wyde_info_box icon_set=&#8221;stroke_gap&#8221; icon_stroke_gap=&#8221;sg-Antenna2&#8243; icon_position=&#8221;left&#8221; title=&#8221;D\u00c9TECTEUR DE PR\u00c9SENCE&#8221;]D\u00e9tection de mouvement et allumage automatique de la lumi\u00e8re[\/wyde_info_box][vc_empty_space height=&#8221;15px&#8221;][\/vc_column_inner][\/vc_row_inner][vc_row_inner][vc_column_inner][wyde_info_box icon_set=&#8221;bigmug_line&#8221; icon_bigmug_line=&#8221;bigmug-line-foggy-sun&#8221; icon_position=&#8221;left&#8221; title=&#8221;PANNEAU SOLAIRE AVEC UNE PLUS GRANDE SURFACE&#8221;]Am\u00e9lioration de la charge gr\u00e2ce \u00e0 une meilleure captation du soleil et \u00e0 la qualit\u00e9 du panneau en augmentant la conversion \u00e9nerg\u00e9tique[\/wyde_info_box][vc_empty_space height=&#8221;15px&#8221;][\/vc_column_inner][\/vc_row_inner][vc_row_inner][vc_column_inner][wyde_info_box icon_set=&#8221;bigmug_line&#8221; icon_bigmug_line=&#8221;bigmug-line-equalizar2&#8243; icon_position=&#8221;left&#8221; title=&#8221;2 MODES D&#8217;ALLUMAGE&#8221;]Choisissez entre diff\u00e9rents modes de fonctionnement, avec ou sans d\u00e9tecteur de pr\u00e9sence[\/wyde_info_box][vc_empty_space height=&#8221;15px&#8221;][\/vc_column_inner][\/vc_row_inner][\/vc_column][\/vc_row][vc_row][vc_column offset=&#8221;vc_hidden-xs&#8221;][vc_empty_space height=&#8221;60px&#8221;][\/vc_column][\/vc_row][vc_row][vc_column width=&#8221;1\/3&#8243;][wyde_link_button icon_set=&#8221;simple_line&#8221; icon_simple_line=&#8221;sl-settings&#8221; style=&#8221;round&#8221; title=&#8221;Instructions&#8221; link=&#8221;url:http%3A%2F%2Farteconfort.com%2Fwp-content%2Fuploads%2F2020%2F01%2Fim-TEMPEL.pdf||target:%20_blank|rel:nofollow&#8221; color=&#8221;#ffffff&#8221; bg_color=&#8221;#222222&#8243;][\/vc_column][\/vc_row][vc_row][vc_column offset=&#8221;vc_hidden-xs&#8221;][vc_empty_space][\/vc_column][\/vc_row]<\/p>\n","protected":false},"featured_media":36937,"template":"","meta":[],"product_brand":[],"product_cat":[1047,352,336],"product_tag":[],"class_list":{"0":"post-11215","1":"product","2":"type-product","3":"status-publish","4":"has-post-thumbnail","6":"product_cat-coleccion-antigua-fr","7":"product_cat-iluminacion-solar-de-sobremuro-fr","8":"product_cat-solar-fr","10":"first","11":"instock","12":"shipping-taxable","13":"product-type-simple"},"yoast_head":"<!-- This site is optimized with the Yoast SEO plugin v26.5 - https:\/\/yoast.com\/wordpress\/plugins\/seo\/ -->\n<title>TEMPEL SOBREMURO - colecci\u00f3n antigua, Sobremuro, Solar - Arteconfort<\/title>\n<meta name=\"description\" content=\"Applique LED facile \u00e0 installer. Il pr\u00e9sente un design intemporel en aluminium et en verre d\u00e9poli. Il dispose d&#039;un d\u00e9tecteur de mouvement et de deux m\u00e9thodes de commutation. Ref. TEMPELNE32D\u00e9tection de mouvement et allumage automatique de la lumi\u00e8reAm\u00e9lioration de la charge gr\u00e2ce \u00e0 une meilleure captation du soleil et \u00e0 la qualit\u00e9 du panneau en augmentant la conversion \u00e9nerg\u00e9tiqueChoisissez entre diff\u00e9rents modes de fonctionnement, avec ou sans d\u00e9tecteur de pr\u00e9sence\" \/>\n<meta name=\"robots\" content=\"index, follow, max-snippet:-1, max-image-preview:large, max-video-preview:-1\" \/>\n<link rel=\"canonical\" href=\"https:\/\/arteconfort.com\/fr\/producto\/tempel-sobremuro\/\" \/>\n<meta property=\"og:locale\" content=\"fr_FR\" \/>\n<meta property=\"og:type\" content=\"article\" \/>\n<meta property=\"og:title\" content=\"TEMPEL SOBREMURO - colecci\u00f3n antigua, Sobremuro, Solar - Arteconfort\" \/>\n<meta property=\"og:description\" content=\"Applique LED facile \u00e0 installer. Il pr\u00e9sente un design intemporel en aluminium et en verre d\u00e9poli. Il dispose d&#039;un d\u00e9tecteur de mouvement et de deux m\u00e9thodes de commutation. Ref. TEMPELNE32D\u00e9tection de mouvement et allumage automatique de la lumi\u00e8reAm\u00e9lioration de la charge gr\u00e2ce \u00e0 une meilleure captation du soleil et \u00e0 la qualit\u00e9 du panneau en augmentant la conversion \u00e9nerg\u00e9tiqueChoisissez entre diff\u00e9rents modes de fonctionnement, avec ou sans d\u00e9tecteur de pr\u00e9sence\" \/>\n<meta property=\"og:url\" content=\"https:\/\/arteconfort.com\/fr\/producto\/tempel-sobremuro\/\" \/>\n<meta property=\"og:site_name\" content=\"Arteconfort\" \/>\n<meta property=\"article:modified_time\" content=\"2022-04-21T11:33:17+00:00\" \/>\n<meta property=\"og:image\" content=\"https:\/\/arteconfort.com\/wp-content\/uploads\/2020\/01\/TEMPLE-SOBREMURO.webp\" \/>\n\t<meta property=\"og:image:width\" content=\"1024\" \/>\n\t<meta property=\"og:image:height\" content=\"1024\" \/>\n\t<meta property=\"og:image:type\" content=\"image\/webp\" \/>\n<meta name=\"twitter:card\" content=\"summary_large_image\" \/>\n<meta name=\"twitter:label1\" content=\"Dur\u00e9e de lecture estim\u00e9e\" \/>\n\t<meta name=\"twitter:data1\" content=\"2 minutes\" \/>\n<!-- \/ Yoast SEO plugin. -->","yoast_head_json":{"title":"TEMPEL SOBREMURO - colecci\u00f3n antigua, Sobremuro, Solar - Arteconfort","description":"Applique LED facile \u00e0 installer. Il pr\u00e9sente un design intemporel en aluminium et en verre d\u00e9poli. Il dispose d'un d\u00e9tecteur de mouvement et de deux m\u00e9thodes de commutation. Ref. TEMPELNE32D\u00e9tection de mouvement et allumage automatique de la lumi\u00e8reAm\u00e9lioration de la charge gr\u00e2ce \u00e0 une meilleure captation du soleil et \u00e0 la qualit\u00e9 du panneau en augmentant la conversion \u00e9nerg\u00e9tiqueChoisissez entre diff\u00e9rents modes de fonctionnement, avec ou sans d\u00e9tecteur de pr\u00e9sence","robots":{"index":"index","follow":"follow","max-snippet":"max-snippet:-1","max-image-preview":"max-image-preview:large","max-video-preview":"max-video-preview:-1"},"canonical":"https:\/\/arteconfort.com\/fr\/producto\/tempel-sobremuro\/","og_locale":"fr_FR","og_type":"article","og_title":"TEMPEL SOBREMURO - colecci\u00f3n antigua, Sobremuro, Solar - Arteconfort","og_description":"Applique LED facile \u00e0 installer. Il pr\u00e9sente un design intemporel en aluminium et en verre d\u00e9poli. Il dispose d'un d\u00e9tecteur de mouvement et de deux m\u00e9thodes de commutation. Ref. TEMPELNE32D\u00e9tection de mouvement et allumage automatique de la lumi\u00e8reAm\u00e9lioration de la charge gr\u00e2ce \u00e0 une meilleure captation du soleil et \u00e0 la qualit\u00e9 du panneau en augmentant la conversion \u00e9nerg\u00e9tiqueChoisissez entre diff\u00e9rents modes de fonctionnement, avec ou sans d\u00e9tecteur de pr\u00e9sence","og_url":"https:\/\/arteconfort.com\/fr\/producto\/tempel-sobremuro\/","og_site_name":"Arteconfort","article_modified_time":"2022-04-21T11:33:17+00:00","og_image":[{"width":1024,"height":1024,"url":"https:\/\/arteconfort.com\/wp-content\/uploads\/2020\/01\/TEMPLE-SOBREMURO.webp","type":"image\/webp"}],"twitter_card":"summary_large_image","twitter_misc":{"Dur\u00e9e de lecture estim\u00e9e":"2 minutes"},"schema":{"@context":"https:\/\/schema.org","@graph":[{"@type":"WebPage","@id":"https:\/\/arteconfort.com\/fr\/producto\/tempel-sobremuro\/","url":"https:\/\/arteconfort.com\/fr\/producto\/tempel-sobremuro\/","name":"TEMPEL SOBREMURO - colecci\u00f3n antigua, Sobremuro, Solar - Arteconfort","isPartOf":{"@id":"https:\/\/arteconfort.com\/fr\/#website"},"primaryImageOfPage":{"@id":"https:\/\/arteconfort.com\/fr\/producto\/tempel-sobremuro\/#primaryimage"},"image":{"@id":"https:\/\/arteconfort.com\/fr\/producto\/tempel-sobremuro\/#primaryimage"},"thumbnailUrl":"https:\/\/arteconfort.com\/wp-content\/uploads\/2020\/01\/TEMPLE-SOBREMURO.webp","datePublished":"2020-01-28T16:49:13+00:00","dateModified":"2022-04-21T11:33:17+00:00","description":"Applique LED facile \u00e0 installer. Il pr\u00e9sente un design intemporel en aluminium et en verre d\u00e9poli. Il dispose d'un d\u00e9tecteur de mouvement et de deux m\u00e9thodes de commutation. Ref. TEMPELNE32D\u00e9tection de mouvement et allumage automatique de la lumi\u00e8reAm\u00e9lioration de la charge gr\u00e2ce \u00e0 une meilleure captation du soleil et \u00e0 la qualit\u00e9 du panneau en augmentant la conversion \u00e9nerg\u00e9tiqueChoisissez entre diff\u00e9rents modes de fonctionnement, avec ou sans d\u00e9tecteur de pr\u00e9sence","breadcrumb":{"@id":"https:\/\/arteconfort.com\/fr\/producto\/tempel-sobremuro\/#breadcrumb"},"inLanguage":"fr-FR","potentialAction":[{"@type":"ReadAction","target":["https:\/\/arteconfort.com\/fr\/producto\/tempel-sobremuro\/"]}]},{"@type":"ImageObject","inLanguage":"fr-FR","@id":"https:\/\/arteconfort.com\/fr\/producto\/tempel-sobremuro\/#primaryimage","url":"https:\/\/arteconfort.com\/wp-content\/uploads\/2020\/01\/TEMPLE-SOBREMURO.webp","contentUrl":"https:\/\/arteconfort.com\/wp-content\/uploads\/2020\/01\/TEMPLE-SOBREMURO.webp","width":1024,"height":1024},{"@type":"BreadcrumbList","@id":"https:\/\/arteconfort.com\/fr\/producto\/tempel-sobremuro\/#breadcrumb","itemListElement":[{"@type":"ListItem","position":1,"name":"Inicio","item":"https:\/\/arteconfort.com\/fr\/"},{"@type":"ListItem","position":2,"name":"Boutique","item":"https:\/\/arteconfort.com\/fr\/boutique\/"},{"@type":"ListItem","position":3,"name":"TEMPEL SOBREMURO"}]},{"@type":"WebSite","@id":"https:\/\/arteconfort.com\/fr\/#website","url":"https:\/\/arteconfort.com\/fr\/","name":"Arteconfort","description":"Especialistas en productos del hogar","publisher":{"@id":"https:\/\/arteconfort.com\/fr\/#organization"},"potentialAction":[{"@type":"SearchAction","target":{"@type":"EntryPoint","urlTemplate":"https:\/\/arteconfort.com\/fr\/?s={search_term_string}"},"query-input":{"@type":"PropertyValueSpecification","valueRequired":true,"valueName":"search_term_string"}}],"inLanguage":"fr-FR"},{"@type":"Organization","@id":"https:\/\/arteconfort.com\/fr\/#organization","name":"Arteconfort","url":"https:\/\/arteconfort.com\/fr\/","logo":{"@type":"ImageObject","inLanguage":"fr-FR","@id":"https:\/\/arteconfort.com\/fr\/#\/schema\/logo\/image\/","url":"https:\/\/arteconfort.com\/wp-content\/uploads\/2019\/07\/logo-arteconfort.png","contentUrl":"https:\/\/arteconfort.com\/wp-content\/uploads\/2019\/07\/logo-arteconfort.png","width":230,"height":88,"caption":"Arteconfort"},"image":{"@id":"https:\/\/arteconfort.com\/fr\/#\/schema\/logo\/image\/"}}]}},"_links":{"self":[{"href":"https:\/\/arteconfort.com\/fr\/wp-json\/wp\/v2\/product\/11215","targetHints":{"allow":["GET"]}}],"collection":[{"href":"https:\/\/arteconfort.com\/fr\/wp-json\/wp\/v2\/product"}],"about":[{"href":"https:\/\/arteconfort.com\/fr\/wp-json\/wp\/v2\/types\/product"}],"wp:featuredmedia":[{"embeddable":true,"href":"https:\/\/arteconfort.com\/fr\/wp-json\/wp\/v2\/media\/36937"}],"wp:attachment":[{"href":"https:\/\/arteconfort.com\/fr\/wp-json\/wp\/v2\/media?parent=11215"}],"wp:term":[{"taxonomy":"product_brand","embeddable":true,"href":"https:\/\/arteconfort.com\/fr\/wp-json\/wp\/v2\/product_brand?post=11215"},{"taxonomy":"product_cat","embeddable":true,"href":"https:\/\/arteconfort.com\/fr\/wp-json\/wp\/v2\/product_cat?post=11215"},{"taxonomy":"product_tag","embeddable":true,"href":"https:\/\/arteconfort.com\/fr\/wp-json\/wp\/v2\/product_tag?post=11215"}],"curies":[{"name":"wp","href":"https:\/\/api.w.org\/{rel}","templated":true}]}}