{"id":11324,"date":"2020-02-18T10:31:16","date_gmt":"2020-02-18T09:31:16","guid":{"rendered":"https:\/\/arteconfort.com\/producto\/non%20class\u00e9\/manila\/"},"modified":"2025-06-06T13:23:02","modified_gmt":"2025-06-06T11:23:02","slug":"manila","status":"publish","type":"product","link":"https:\/\/arteconfort.com\/fr\/producto\/manila\/","title":{"rendered":"MANILA"},"content":{"rendered":"<div class=\"wpb-content-wrapper\"><p>[vc_row][vc_column][vc_row_inner][vc_column_inner width=&#8221;1\/4&#8243; offset=&#8221;vc_col-xs-6&#8243;][wyde_info_box icon_set=&#8221;simple_line&#8221; icon_simple_line=&#8221;fa fa-tree&#8221; title=&#8221;BOIS R\u00c9EL&#8221;]Lame en bois l\u00e9g\u00e8re[\/wyde_info_box][\/vc_column_inner][vc_column_inner width=&#8221;1\/4&#8243; offset=&#8221;vc_col-xs-6&#8243;][wyde_info_box icon_set=&#8221;simple_line&#8221; icon_simple_line=&#8221;sl-power&#8221; title=&#8221;M\u00c9MOIRE DES PR\u00c9F\u00c9RENCES DE CONTR\u00d4LE&#8221;]Pour faciliter l&#8217;utilisation[\/wyde_info_box][\/vc_column_inner][vc_column_inner width=&#8221;1\/4&#8243; offset=&#8221;vc_col-xs-6&#8243;][wyde_info_box icon_set=&#8221;simple_line&#8221; icon_simple_line=&#8221;sl-bulb&#8221; title=&#8221;M\u00c9MOIRE DE TEMP\u00c9RATURE DE COULEUR&#8221;]Cr\u00e9ez votre ambiance[\/wyde_info_box][\/vc_column_inner][vc_column_inner width=&#8221;1\/4&#8243; offset=&#8221;vc_col-xs-6&#8243;][wyde_info_box icon_set=&#8221;simple_line&#8221; icon_simple_line=&#8221;sl-volume-off&#8221; title=&#8221;PAS DE BIP SUR LE PANNEAU DE COMMANDE&#8221;]Pour ne pas interrompre votre repos[\/wyde_info_box][\/vc_column_inner][\/vc_row_inner][vc_row_inner][vc_column_inner offset=&#8221;vc_hidden-xs&#8221;][vc_empty_space][\/vc_column_inner][\/vc_row_inner][vc_row_inner][vc_column_inner width=&#8221;1\/4&#8243; offset=&#8221;vc_col-xs-6&#8243;][wyde_info_box icon_set=&#8221;simple_line&#8221; icon_simple_line=&#8221;sl-wrench&#8221; title=&#8221;INSTALLATION FACILE&#8221;]Configurez votre ventilateur en quelques \u00e9tapes seulement[\/wyde_info_box][\/vc_column_inner][vc_column_inner width=&#8221;1\/4&#8243; offset=&#8221;vc_col-xs-6&#8243;][wyde_info_box icon_set=&#8221;simple_line&#8221; icon_simple_line=&#8221;sl-clock&#8221; title=&#8221;PROGRAMMABLE&#8221;]1h\/4h\/8h[\/wyde_info_box][\/vc_column_inner][vc_column_inner width=&#8221;1\/4&#8243; offset=&#8221;vc_col-xs-6&#8243;][wyde_info_box icon_set=&#8221;simple_line&#8221; icon_simple_line=&#8221;sl-speedometer&#8221; title=&#8221;5 VITESSE&#8221;]Large gamme de vitesses[\/wyde_info_box][\/vc_column_inner][vc_column_inner width=&#8221;1\/4&#8243; offset=&#8221;vc_col-xs-6&#8243;][wyde_info_box icon_set=&#8221;simple_line&#8221; icon_simple_line=&#8221;sl-mouse&#8221; title=&#8221;CONTR\u00d4LE INCLUS&#8221;]Pour une plus grande facilit\u00e9 d&#8217;utilisation[\/wyde_info_box][\/vc_column_inner][\/vc_row_inner][vc_row_inner][vc_column_inner offset=&#8221;vc_hidden-xs&#8221;][vc_empty_space height=&#8221;60px&#8221;][\/vc_column_inner][\/vc_row_inner][\/vc_column][\/vc_row][vc_row][vc_column width=&#8221;1\/2&#8243;][vc_accordion collapsible=&#8221;true&#8221; active_tab=&#8221;false&#8221;][vc_accordion_tab title=&#8221;Caract\u00e9ristiques m\u00e9caniques&#8221;][vc_column_text]<strong>Hauteur<\/strong> 26cm<br \/>\n<strong>Diam\u00e8tre<\/strong> 132cm<br \/>\n<strong>Poids<\/strong> 5,88kg<br \/>\n<strong>Mat\u00e9riau<\/strong> M\u00e9tal<br \/>\n<strong>Finition<\/strong> Nickel mat<br \/>\n<strong>Bruit \u00e9mis<\/strong> 20dBs \u00e0 la vitesse 1<br \/>\n<strong>Distance de s\u00e9curit\u00e9<\/strong> 2.3m<br \/>\n<strong>Surface recommand\u00e9e<\/strong> 20m2<br \/>\n<strong>IP<\/strong> 20<br \/>\n<strong>Isolation \u00e9lectrique<\/strong> Classe I<br \/>\n<strong>N\u00ba de vitesses<\/strong> 5<br \/>\n<strong>Sortie vitesse<\/strong> 3W\/6W\/10W\/16W\/21W<br \/>\n<strong>RPM des vitesses<\/strong> 86\/101\/134\/156\/178<br \/>\n<strong>Accessoires<\/strong> Stabilisateur<br \/>\n<strong>Garantie<\/strong> 3 ans[\/vc_column_text][\/vc_accordion_tab][vc_accordion_tab title=&#8221;Lames&#8221;][vc_column_text]<strong>Mat\u00e9riau<\/strong> Bois<br \/>\n<strong>Finition<\/strong> Noyer rouge<br \/>\n<strong>R\u00e9versible<\/strong> Non<br \/>\n<strong>N\u00ba de lames<\/strong> 3<br \/>\n<strong>Fonction hiver\/\u00e9t\u00e9<\/strong> Oui[\/vc_column_text][\/vc_accordion_tab][vc_accordion_tab title=&#8221;Caract\u00e9ristiques optiques&#8221;][vc_column_text]<strong>CCT<\/strong> 3000K\/4000K\/5500K<br \/>\n<strong>Type de LED<\/strong> SMD int\u00e9gr\u00e9e<br \/>\n<strong>Puissance<\/strong> 15W<br \/>\n<strong>M\u00e9moire CCT<\/strong> Oui<br \/>\n<strong>Flux lumineux<\/strong> 1.350lm<br \/>\n<strong>Angle d&#8217;ouverture<\/strong> 160\u00ba[\/vc_column_text][\/vc_accordion_tab][vc_accordion_tab title=&#8221;Caract\u00e9ristiques \u00e9lectriques&#8221;][vc_column_text]<strong>Type de moteur<\/strong> DC<br \/>\n<strong>Puissance<\/strong> 21W<br \/>\n<strong>Fr\u00e9quence<\/strong> 50Hz[\/vc_column_text][\/vc_accordion_tab][vc_accordion_tab title=&#8221;T\u00e9l\u00e9commande&#8221;][vc_column_text]<strong>Piles incluses<\/strong> Non<br \/>\n<strong>Type de batterie<\/strong> 12V 23A<br \/>\n<strong>Pr\u00e9f\u00e9rence de contr\u00f4le<\/strong> Oui<br \/>\n<strong>Arr\u00eat automatique<\/strong> Oui<br \/>\n<strong>Temps programmable<\/strong> 1h\/4h\/8h [\/vc_column_text][\/vc_accordion_tab][\/vc_accordion][\/vc_column][vc_column width=&#8221;1\/2&#8243;][vc_single_image image=&#8221;5830&#8243;][\/vc_column][\/vc_row]<\/p>\n<\/div>","protected":false},"excerpt":{"rendered":"<p>Le ventilateur de plafond MANILA est un mod\u00e8le en bois v\u00e9ritable avec une combinaison \u00e9l\u00e9gante de la couleur noyer rouge des pales contrastant avec la couleur m\u00e9tallique du corps. Facile \u00e0 installer, il vous aidera dans votre vie quotidienne gr\u00e2ce \u00e0 ses fonctions programmables par t\u00e9l\u00e9commande. Il dispose \u00e9galement d&#8217;une m\u00e9moire de temp\u00e9rature de couleur en lumi\u00e8re chaude, froide et neutre et convient aux plafonds inclin\u00e9s, ce qui en fait un excellent choix pour toutes les pi\u00e8ces de votre maison.<br \/>\n<strong>Ref. MANILAMAD21<\/strong>[vc_row][vc_column offset=&#8221;vc_hidden-xs&#8221;][vc_empty_space height=&#8221;30px&#8221;][\/vc_column][\/vc_row][vc_row][vc_column][vc_row_inner][vc_column_inner][wyde_info_box icon_set=&#8221;simple_line&#8221; icon_simple_line=&#8221;sl-loop&#8221; icon_position=&#8221;left&#8221; title=&#8221;CHAMBRE 20M<sup>2<\/sup>&#8220;]Taille de la pi\u00e8ce recommand\u00e9e[\/wyde_info_box][vc_empty_space height=&#8221;15px&#8221;][\/vc_column_inner][\/vc_row_inner][vc_row_inner][vc_column_inner][wyde_info_box icon_set=&#8221;simple_line&#8221; icon_simple_line=&#8221;sl-volume-2&#8243; icon_position=&#8221;left&#8221; title=&#8221;MAX. 20DBS (BRUIT \u00c9MIS \u00c0 LA VITESSE 1)&#8221;]Ventilateur de plafond silencieux pour dormir[\/wyde_info_box][vc_empty_space height=&#8221;15px&#8221;][\/vc_column_inner][\/vc_row_inner][vc_row_inner][vc_column_inner][wyde_info_box icon_set=&#8221;simple_line&#8221; icon_simple_line=&#8221;sl-settings&#8221; icon_position=&#8221;left&#8221; title=&#8221;MOTEUR DC&#8221;]Plus silencieux, plus efficace et moins consommateur d&#8217;\u00e9nergie<br \/>\n[\/wyde_info_box][vc_empty_space height=&#8221;15px&#8221;][\/vc_column_inner][\/vc_row_inner][vc_row_inner][vc_column_inner][wyde_info_box icon_set=&#8221;simple_line&#8221; icon_simple_line=&#8221;sl-bulb&#8221; icon_position=&#8221;left&#8221; title=&#8221;3 TEMP\u00c9RATURES DE COULEUR&#8221;]Aide \u00e0 r\u00e9guler les cycles circadiens<br \/>\n[\/wyde_info_box][vc_empty_space height=&#8221;15px&#8221;][\/vc_column_inner][\/vc_row_inner][\/vc_column][\/vc_row][vc_row][vc_column offset=&#8221;vc_hidden-xs&#8221;][vc_empty_space height=&#8221;60px&#8221;][\/vc_column][\/vc_row][vc_row][vc_column width=&#8221;1\/3&#8243;][wyde_link_button icon_set=&#8221;simple_line&#8221; icon_simple_line=&#8221;sl-settings&#8221; style=&#8221;round&#8221; title=&#8221;Instructions&#8221; link=&#8221;url:https%3A%2F%2Farteconfort.com%2Fwp-content%2Fuploads%2F2024%2F06%2Fim-MANILA-v3.pdf||target:%20_blank|rel:nofollow&#8221; color=&#8221;#ffffff&#8221; bg_color=&#8221;#222222&#8243;][\/vc_column][\/vc_row][vc_row][vc_column offset=&#8221;vc_hidden-xs&#8221;][vc_empty_space][\/vc_column][\/vc_row][vc_row][vc_column][vc_empty_space height=&#8221;60px&#8221;]<\/p>\n","protected":false},"featured_media":31966,"template":"","meta":[],"product_brand":[],"product_cat":[354,1047,355],"product_tag":[],"class_list":{"0":"post-11324","1":"product","2":"type-product","3":"status-publish","4":"has-post-thumbnail","6":"product_cat-climatizacion-fr","7":"product_cat-coleccion-antigua-fr","8":"product_cat-ventiladores-de-techo-fr","10":"first","11":"instock","12":"shipping-taxable","13":"product-type-simple"},"yoast_head":"<!-- This site is optimized with the Yoast SEO plugin v26.5 - https:\/\/yoast.com\/wordpress\/plugins\/seo\/ -->\n<title>MANILA - Climatizaci\u00f3n, colecci\u00f3n antigua, Ventiladores de techo - Arteconfort<\/title>\n<meta name=\"description\" content=\"Le ventilateur de plafond MANILA est un mod\u00e8le en bois v\u00e9ritable avec une combinaison \u00e9l\u00e9gante de la couleur noyer rouge des pales contrastant avec la couleur m\u00e9tallique du corps. Facile \u00e0 installer, il vous aidera dans votre vie quotidienne gr\u00e2ce \u00e0 ses fonctions programmables par t\u00e9l\u00e9commande. Il dispose \u00e9galement d&#039;une m\u00e9moire de temp\u00e9rature de couleur en lumi\u00e8re chaude, froide et neutre et convient aux plafonds inclin\u00e9s, ce qui en fait un excellent choix pour toutes les pi\u00e8ces de votre maison. Ref. MANILAMAD21Taille de la pi\u00e8ce recommand\u00e9eVentilateur de plafond silencieux pour dormirPlus silencieux, plus efficace et moins consommateur d&#039;\u00e9nergie Aide \u00e0 r\u00e9guler les cycles circadiens\" \/>\n<meta name=\"robots\" content=\"index, follow, max-snippet:-1, max-image-preview:large, max-video-preview:-1\" \/>\n<link rel=\"canonical\" href=\"https:\/\/arteconfort.com\/fr\/producto\/manila\/\" \/>\n<meta property=\"og:locale\" content=\"fr_FR\" \/>\n<meta property=\"og:type\" content=\"article\" \/>\n<meta property=\"og:title\" content=\"MANILA - Climatizaci\u00f3n, colecci\u00f3n antigua, Ventiladores de techo - Arteconfort\" \/>\n<meta property=\"og:description\" content=\"Le ventilateur de plafond MANILA est un mod\u00e8le en bois v\u00e9ritable avec une combinaison \u00e9l\u00e9gante de la couleur noyer rouge des pales contrastant avec la couleur m\u00e9tallique du corps. Facile \u00e0 installer, il vous aidera dans votre vie quotidienne gr\u00e2ce \u00e0 ses fonctions programmables par t\u00e9l\u00e9commande. Il dispose \u00e9galement d&#039;une m\u00e9moire de temp\u00e9rature de couleur en lumi\u00e8re chaude, froide et neutre et convient aux plafonds inclin\u00e9s, ce qui en fait un excellent choix pour toutes les pi\u00e8ces de votre maison. Ref. MANILAMAD21Taille de la pi\u00e8ce recommand\u00e9eVentilateur de plafond silencieux pour dormirPlus silencieux, plus efficace et moins consommateur d&#039;\u00e9nergie Aide \u00e0 r\u00e9guler les cycles circadiens\" \/>\n<meta property=\"og:url\" content=\"https:\/\/arteconfort.com\/fr\/producto\/manila\/\" \/>\n<meta property=\"og:site_name\" content=\"Arteconfort\" \/>\n<meta property=\"article:modified_time\" content=\"2025-06-06T11:23:02+00:00\" \/>\n<meta property=\"og:image\" content=\"https:\/\/arteconfort.com\/wp-content\/uploads\/2023\/10\/MANILA.webp\" \/>\n\t<meta property=\"og:image:width\" content=\"1024\" \/>\n\t<meta property=\"og:image:height\" content=\"1024\" \/>\n\t<meta property=\"og:image:type\" content=\"image\/webp\" \/>\n<meta name=\"twitter:card\" content=\"summary_large_image\" \/>\n<meta name=\"twitter:label1\" content=\"Dur\u00e9e de lecture estim\u00e9e\" \/>\n\t<meta name=\"twitter:data1\" content=\"2 minutes\" \/>\n<!-- \/ Yoast SEO plugin. -->","yoast_head_json":{"title":"MANILA - Climatizaci\u00f3n, colecci\u00f3n antigua, Ventiladores de techo - Arteconfort","description":"Le ventilateur de plafond MANILA est un mod\u00e8le en bois v\u00e9ritable avec une combinaison \u00e9l\u00e9gante de la couleur noyer rouge des pales contrastant avec la couleur m\u00e9tallique du corps. Facile \u00e0 installer, il vous aidera dans votre vie quotidienne gr\u00e2ce \u00e0 ses fonctions programmables par t\u00e9l\u00e9commande. Il dispose \u00e9galement d'une m\u00e9moire de temp\u00e9rature de couleur en lumi\u00e8re chaude, froide et neutre et convient aux plafonds inclin\u00e9s, ce qui en fait un excellent choix pour toutes les pi\u00e8ces de votre maison. Ref. MANILAMAD21Taille de la pi\u00e8ce recommand\u00e9eVentilateur de plafond silencieux pour dormirPlus silencieux, plus efficace et moins consommateur d'\u00e9nergie Aide \u00e0 r\u00e9guler les cycles circadiens","robots":{"index":"index","follow":"follow","max-snippet":"max-snippet:-1","max-image-preview":"max-image-preview:large","max-video-preview":"max-video-preview:-1"},"canonical":"https:\/\/arteconfort.com\/fr\/producto\/manila\/","og_locale":"fr_FR","og_type":"article","og_title":"MANILA - Climatizaci\u00f3n, colecci\u00f3n antigua, Ventiladores de techo - Arteconfort","og_description":"Le ventilateur de plafond MANILA est un mod\u00e8le en bois v\u00e9ritable avec une combinaison \u00e9l\u00e9gante de la couleur noyer rouge des pales contrastant avec la couleur m\u00e9tallique du corps. Facile \u00e0 installer, il vous aidera dans votre vie quotidienne gr\u00e2ce \u00e0 ses fonctions programmables par t\u00e9l\u00e9commande. Il dispose \u00e9galement d'une m\u00e9moire de temp\u00e9rature de couleur en lumi\u00e8re chaude, froide et neutre et convient aux plafonds inclin\u00e9s, ce qui en fait un excellent choix pour toutes les pi\u00e8ces de votre maison. Ref. MANILAMAD21Taille de la pi\u00e8ce recommand\u00e9eVentilateur de plafond silencieux pour dormirPlus silencieux, plus efficace et moins consommateur d'\u00e9nergie Aide \u00e0 r\u00e9guler les cycles circadiens","og_url":"https:\/\/arteconfort.com\/fr\/producto\/manila\/","og_site_name":"Arteconfort","article_modified_time":"2025-06-06T11:23:02+00:00","og_image":[{"width":1024,"height":1024,"url":"https:\/\/arteconfort.com\/wp-content\/uploads\/2023\/10\/MANILA.webp","type":"image\/webp"}],"twitter_card":"summary_large_image","twitter_misc":{"Dur\u00e9e de lecture estim\u00e9e":"2 minutes"},"schema":{"@context":"https:\/\/schema.org","@graph":[{"@type":"WebPage","@id":"https:\/\/arteconfort.com\/fr\/producto\/manila\/","url":"https:\/\/arteconfort.com\/fr\/producto\/manila\/","name":"MANILA - Climatizaci\u00f3n, colecci\u00f3n antigua, Ventiladores de techo - Arteconfort","isPartOf":{"@id":"https:\/\/arteconfort.com\/fr\/#website"},"primaryImageOfPage":{"@id":"https:\/\/arteconfort.com\/fr\/producto\/manila\/#primaryimage"},"image":{"@id":"https:\/\/arteconfort.com\/fr\/producto\/manila\/#primaryimage"},"thumbnailUrl":"https:\/\/arteconfort.com\/wp-content\/uploads\/2023\/10\/MANILA.webp","datePublished":"2020-02-18T09:31:16+00:00","dateModified":"2025-06-06T11:23:02+00:00","description":"Le ventilateur de plafond MANILA est un mod\u00e8le en bois v\u00e9ritable avec une combinaison \u00e9l\u00e9gante de la couleur noyer rouge des pales contrastant avec la couleur m\u00e9tallique du corps. Facile \u00e0 installer, il vous aidera dans votre vie quotidienne gr\u00e2ce \u00e0 ses fonctions programmables par t\u00e9l\u00e9commande. Il dispose \u00e9galement d'une m\u00e9moire de temp\u00e9rature de couleur en lumi\u00e8re chaude, froide et neutre et convient aux plafonds inclin\u00e9s, ce qui en fait un excellent choix pour toutes les pi\u00e8ces de votre maison. Ref. MANILAMAD21Taille de la pi\u00e8ce recommand\u00e9eVentilateur de plafond silencieux pour dormirPlus silencieux, plus efficace et moins consommateur d'\u00e9nergie Aide \u00e0 r\u00e9guler les cycles circadiens","breadcrumb":{"@id":"https:\/\/arteconfort.com\/fr\/producto\/manila\/#breadcrumb"},"inLanguage":"fr-FR","potentialAction":[{"@type":"ReadAction","target":["https:\/\/arteconfort.com\/fr\/producto\/manila\/"]}]},{"@type":"ImageObject","inLanguage":"fr-FR","@id":"https:\/\/arteconfort.com\/fr\/producto\/manila\/#primaryimage","url":"https:\/\/arteconfort.com\/wp-content\/uploads\/2023\/10\/MANILA.webp","contentUrl":"https:\/\/arteconfort.com\/wp-content\/uploads\/2023\/10\/MANILA.webp","width":1024,"height":1024},{"@type":"BreadcrumbList","@id":"https:\/\/arteconfort.com\/fr\/producto\/manila\/#breadcrumb","itemListElement":[{"@type":"ListItem","position":1,"name":"Inicio","item":"https:\/\/arteconfort.com\/fr\/"},{"@type":"ListItem","position":2,"name":"Boutique","item":"https:\/\/arteconfort.com\/fr\/boutique\/"},{"@type":"ListItem","position":3,"name":"MANILA"}]},{"@type":"WebSite","@id":"https:\/\/arteconfort.com\/fr\/#website","url":"https:\/\/arteconfort.com\/fr\/","name":"Arteconfort","description":"Especialistas en productos del hogar","publisher":{"@id":"https:\/\/arteconfort.com\/fr\/#organization"},"potentialAction":[{"@type":"SearchAction","target":{"@type":"EntryPoint","urlTemplate":"https:\/\/arteconfort.com\/fr\/?s={search_term_string}"},"query-input":{"@type":"PropertyValueSpecification","valueRequired":true,"valueName":"search_term_string"}}],"inLanguage":"fr-FR"},{"@type":"Organization","@id":"https:\/\/arteconfort.com\/fr\/#organization","name":"Arteconfort","url":"https:\/\/arteconfort.com\/fr\/","logo":{"@type":"ImageObject","inLanguage":"fr-FR","@id":"https:\/\/arteconfort.com\/fr\/#\/schema\/logo\/image\/","url":"https:\/\/arteconfort.com\/wp-content\/uploads\/2019\/07\/logo-arteconfort.png","contentUrl":"https:\/\/arteconfort.com\/wp-content\/uploads\/2019\/07\/logo-arteconfort.png","width":230,"height":88,"caption":"Arteconfort"},"image":{"@id":"https:\/\/arteconfort.com\/fr\/#\/schema\/logo\/image\/"}}]}},"_links":{"self":[{"href":"https:\/\/arteconfort.com\/fr\/wp-json\/wp\/v2\/product\/11324","targetHints":{"allow":["GET"]}}],"collection":[{"href":"https:\/\/arteconfort.com\/fr\/wp-json\/wp\/v2\/product"}],"about":[{"href":"https:\/\/arteconfort.com\/fr\/wp-json\/wp\/v2\/types\/product"}],"wp:featuredmedia":[{"embeddable":true,"href":"https:\/\/arteconfort.com\/fr\/wp-json\/wp\/v2\/media\/31966"}],"wp:attachment":[{"href":"https:\/\/arteconfort.com\/fr\/wp-json\/wp\/v2\/media?parent=11324"}],"wp:term":[{"taxonomy":"product_brand","embeddable":true,"href":"https:\/\/arteconfort.com\/fr\/wp-json\/wp\/v2\/product_brand?post=11324"},{"taxonomy":"product_cat","embeddable":true,"href":"https:\/\/arteconfort.com\/fr\/wp-json\/wp\/v2\/product_cat?post=11324"},{"taxonomy":"product_tag","embeddable":true,"href":"https:\/\/arteconfort.com\/fr\/wp-json\/wp\/v2\/product_tag?post=11324"}],"curies":[{"name":"wp","href":"https:\/\/api.w.org\/{rel}","templated":true}]}}