{"id":11332,"date":"2019-08-06T09:57:23","date_gmt":"2019-08-06T07:57:23","guid":{"rendered":"https:\/\/arteconfort.com\/producto\/non%20class\u00e9\/milano\/"},"modified":"2023-07-13T10:34:05","modified_gmt":"2023-07-13T08:34:05","slug":"milano","status":"publish","type":"product","link":"https:\/\/arteconfort.com\/fr\/producto\/milano\/","title":{"rendered":"MILANO"},"content":{"rendered":"<div class=\"wpb-content-wrapper\"><p>[vc_row][vc_column][vc_empty_space height=&#8221;60px&#8221;][vc_row_inner][vc_column_inner width=&#8221;1\/3&#8243;][wyde_info_box icon_set=&#8221;simple_line&#8221; icon_simple_line=&#8221;sl-energy&#8221; icon_position=&#8221;left&#8221; title=&#8221;CARACTERISTIQUES PHYSIQUES ET ELECTRIQUES&#8221;][\/wyde_info_box][vc_empty_space height=&#8221;10px&#8221;][vc_column_text]Hauteur: <strong>32cm<\/strong><br \/>\nDiam\u00e8tre:<strong> 165 cm<\/strong><br \/>\nPoids: <strong>7,3 kg<\/strong><br \/>\nMat\u00e9riau du corps: <strong>M\u00e9tal<\/strong><br \/>\nMat\u00e9riau de la lame:<strong> Bois v\u00e9ritable<\/strong><br \/>\nFinition du corps: <strong>Nickel<\/strong><br \/>\nFinition des lames: <strong>Bois<\/strong><br \/>\nNombre de lames: <strong>3<\/strong><br \/>\nLames r\u00e9versibles: <strong>Non<\/strong><br \/>\nMoteur: <strong>DC<\/strong><br \/>\nVoltage: <strong>230Vac<\/strong><br \/>\nPuissance de vitesse: <strong>5W-6W-12W-17W-24W-38W<\/strong><br \/>\nRPM des vitesses: <strong>74-93-113-126-143-165<\/strong><br \/>\nBruit des vitesses: <strong>20dBs-24dBs-34dBs-40dBs-46dBs-50dBs<\/strong><br \/>\nVitesses du flux d&#8217;air: <strong>2100-3120-4800-6300-8280-11580<\/strong><br \/>\nSurface maximale recommand\u00e9e: <strong>&gt;40m<sup>2<\/sup><\/strong><br \/>\nIP: <strong>20<\/strong><br \/>\nInclinaison maximale du plafond: <strong>15\u00ba<\/strong><br \/>\nDistance de s\u00e9curit\u00e9:<strong> 2,3m<\/strong><br \/>\nIsolation \u00e9lectrique: <strong>Classe I<\/strong><br \/>\nAccessoires: <strong>Stabilisateur et poteau suppl\u00e9mentaire de 25 cm<\/strong><br \/>\nGarantie: <strong>Moteur 5 ans &#8211; Reste des composants 3 ans<\/strong>[\/vc_column_text][\/vc_column_inner][vc_column_inner width=&#8221;1\/3&#8243;][wyde_info_box icon_set=&#8221;simple_line&#8221; icon_simple_line=&#8221;sl-mouse&#8221; icon_position=&#8221;left&#8221; title=&#8221;CONTR\u00d4LE ET FONCTIONS&#8221;][\/wyde_info_box][vc_empty_space height=&#8221;10px&#8221;][vc_column_text]Contr\u00f4le: <strong>Oui<\/strong><br \/>\nPiles: <strong>1x23A 12V (non incluses)<\/strong><br \/>\nNombre de vitesses: <strong>6<\/strong><br \/>\nProgrammation: <strong>1h-2h-4h-8h<\/strong><br \/>\nMode brise: <strong>Oui<\/strong><br \/>\nMode \u00e9t\u00e9\/hiver: <strong>Oui<\/strong><br \/>\nThermostat: <strong>Non<\/strong><br \/>\nM\u00e9moire \u00e0 la mise sous tension: <strong>Oui<\/strong><br \/>\nConnexion Wi-Fi: <strong>Non<\/strong><br \/>\nConnexion Bluetooth: <strong>Non<\/strong>[\/vc_column_text][\/vc_column_inner][vc_column_inner width=&#8221;1\/3&#8243;][wyde_info_box icon_set=&#8221;stroke_gap&#8221; icon_stroke_gap=&#8221;sg-Bulb&#8221; icon_position=&#8221;left&#8221; title=&#8221;\u00c9CLAIRAGE&#8221;][\/wyde_info_box][vc_empty_space height=&#8221;10px&#8221;][vc_column_text]Flux lumineux: <strong>Non appropri\u00e9<\/strong><br \/>\nPuissance de la LED: <strong>Non appropri\u00e9<\/strong><br \/>\nTemp\u00e9rature de couleur: <strong>Non<\/strong><br \/>\nChangement de temp\u00e9rature de la couleur: <strong>Non<\/strong><br \/>\nGradation: <strong>Non<\/strong><br \/>\nAngle d&#8217;ouverture: <strong>Non<\/strong><br \/>\nDur\u00e9e de vie moyenne: <strong>&#8211;<\/strong><br \/>\nNombre d&#8217;allumages: <strong>&#8211;<\/strong><br \/>\nM\u00e9moire de temp\u00e9rature de couleur: <strong>Non<\/strong><br \/>\nLabel d&#8217;efficacit\u00e9 \u00e9nerg\u00e9tique: <strong>&#8211;<\/strong>[\/vc_column_text][\/vc_column_inner][\/vc_row_inner][vc_empty_space height=&#8221;60px&#8221;][\/vc_column][\/vc_row][vc_row vertical_align=&#8221;middle&#8221; padding_size=&#8221;no-padding&#8221; background_mode=&#8221;color&#8221; background_color=&#8221;#f5f5f5&#8243;][vc_column text_align=&#8221;center&#8221; padding_size=&#8221;no-padding&#8221;][vc_row_inner vertical_align=&#8221;middle&#8221; padding_size=&#8221;no-padding&#8221; css=&#8221;.vc_custom_1664367242377{padding-top: 30px !important;padding-right: 60px !important;padding-bottom: 30px !important;padding-left: 60px !important;}&#8221;][vc_column_inner padding_size=&#8221;no-padding&#8221; width=&#8221;2\/3&#8243;][wyde_heading style=&#8221;2&#8243; title_tag=&#8221;h3&#8243; title=&#8221;Pi\u00e8ces de rechange disponibles pour le ventilateur MILANO&#8221; heading_color=&#8221;#000000&#8243;][vc_column_text]Vous pouvez acheter la pi\u00e8ce de rechange pour votre ventilateur dans le m\u00eame magasin o\u00f9 vous avez achet\u00e9 votre ventilateur ou dans un autre magasin de la m\u00eame cha\u00eene.[\/vc_column_text][vc_empty_space][wyde_info_box icon=&#8221;fa fa-check&#8221; icon_position=&#8221;left&#8221; title=&#8221;T\u00c9L\u00c9COMMANDE ET CONTROLLER&#8221;][\/wyde_info_box][wyde_info_box icon=&#8221;fa fa-check&#8221; icon_position=&#8221;left&#8221; title=&#8221;T\u00c9L\u00c9COMMANDE&#8221;][\/wyde_info_box][wyde_info_box icon=&#8221;fa fa-check&#8221; icon_position=&#8221;left&#8221; title=&#8221;CONTROLLER&#8221;][\/wyde_info_box][vc_empty_space height=&#8221;20px&#8221;][\/vc_column_inner][vc_column_inner text_align=&#8221;center&#8221; width=&#8221;1\/3&#8243; background_color=&#8221;#ffffff&#8221;][vc_empty_space height=&#8221;20px&#8221;][vc_column_text]<em>Si vous avez des questions, vous pouvez nous contacter via le formulaire de contact:<\/em>[\/vc_column_text][vc_empty_space height=&#8221;20px&#8221;][wyde_link_button icon_set=&#8221;simple_line&#8221; icon_simple_line=&#8221;sl-bubbles&#8221; style=&#8221;outline round&#8221; title=&#8221;Consultez&#8221; link=&#8221;url:https%3A%2F%2Farteconfort.com%2Fcontacto%2F|||&#8221; color=&#8221;#61b4e4&#8243; hover_color=&#8221;#ffffff&#8221;][vc_empty_space height=&#8221;40px&#8221;][vc_single_image alignment=&#8221;center&#8221; image=&#8221;24269&#8243;][\/vc_column_inner][\/vc_row_inner][\/vc_column][\/vc_row][vc_row][vc_column][vc_empty_space height=&#8221;80px&#8221;][\/vc_column][\/vc_row][vc_row vertical_align=&#8221;middle&#8221; padding_size=&#8221;no-padding&#8221; background_mode=&#8221;color&#8221; background_color=&#8221;#f5f5f5&#8243;][vc_column text_align=&#8221;center&#8221; offset=&#8221;vc_hidden-md vc_hidden-sm vc_hidden-xs&#8221;][vc_row_inner vertical_align=&#8221;middle&#8221; padding_size=&#8221;no-padding&#8221;][vc_column_inner text_align=&#8221;center&#8221; width=&#8221;1\/3&#8243;][vc_single_image alignment=&#8221;center&#8221; image=&#8221;24167&#8243;][\/vc_column_inner][vc_column_inner width=&#8221;1\/3&#8243;][vc_column_text]Vous trouverez ce ventilateur de plafond en vente exclusivement chez <strong>LEROY MERLIN<\/strong>[\/vc_column_text][\/vc_column_inner][vc_column_inner width=&#8221;1\/3&#8243;][wyde_link_button icon_set=&#8221;simple_line&#8221; icon_simple_line=&#8221;sl-login&#8221; style=&#8221;outline round&#8221; title=&#8221;Acc\u00e8s \u00e0 Leroy Merlin&#8221; link=&#8221;url:http%3A%2F%2Fwww.leroymerlin.es%2Ffp%2F82039469%2Fventilador-de-techo-arte-milano||target:%20_blank|rel:nofollow&#8221; color=&#8221;#61b4e4&#8243; hover_color=&#8221;#ffffff&#8221;][\/vc_column_inner][\/vc_row_inner][\/vc_column][\/vc_row][vc_row vertical_align=&#8221;middle&#8221; padding_size=&#8221;no-padding&#8221; background_mode=&#8221;color&#8221; background_color=&#8221;#f5f5f5&#8243;][vc_column text_align=&#8221;center&#8221; padding_size=&#8221;no-padding&#8221; offset=&#8221;vc_hidden-lg&#8221;][vc_row_inner vertical_align=&#8221;middle&#8221; padding_size=&#8221;no-padding&#8221; css=&#8221;.vc_custom_1664367242377{padding-top: 30px !important;padding-right: 60px !important;padding-bottom: 30px !important;padding-left: 60px !important;}&#8221;][vc_column_inner padding_size=&#8221;no-padding&#8221; width=&#8221;1\/2&#8243;][vc_single_image alignment=&#8221;center&#8221; image=&#8221;24167&#8243;][\/vc_column_inner][vc_column_inner text_align=&#8221;center&#8221; width=&#8221;1\/2&#8243;][vc_column_text]Vous trouverez ce ventilateur de plafond en vente exclusivement chez <strong>LEROY MERLIN<\/strong>[\/vc_column_text][vc_empty_space height=&#8221;10px&#8221;][wyde_link_button icon_set=&#8221;simple_line&#8221; icon_simple_line=&#8221;sl-login&#8221; style=&#8221;outline round&#8221; title=&#8221;Acc\u00e8s \u00e0 Leroy Merlin&#8221; link=&#8221;url:http%3A%2F%2Fwww.leroymerlin.es%2Ffp%2F82039469%2Fventilador-de-techo-arte-milano||target:%20_blank|rel:nofollow&#8221; color=&#8221;#61b4e4&#8243; hover_color=&#8221;#ffffff&#8221;][\/vc_column_inner][\/vc_row_inner][\/vc_column][\/vc_row]<\/p>\n<\/div>","protected":false},"excerpt":{"rendered":"<p>Ventilateur de plafond Milano sans lumi\u00e8re, corps en m\u00e9tal nickel\u00e9 et 3 pales en bois naturel de cerisier et de h\u00eatre, il est facile \u00e0 installer et convient aux plafonds inclin\u00e9s (jusqu&#8217;\u00e0 15\u00ba). Il est dot\u00e9 d&#8217;un moteur \u00e0 courant continu (CC) tr\u00e8s efficace qui r\u00e9duit la consommation d&#8217;\u00e9nergie tout en cr\u00e9ant une atmosph\u00e8re agr\u00e9able gr\u00e2ce \u00e0 son fonctionnement silencieux. Comprend une t\u00e9l\u00e9commande permettant de contr\u00f4ler et de modifier les modes de programmation (1h-2h-4h-8h), les vitesses (6) et le mode breeze (sensation cr\u00e9\u00e9e par le changement constant de vitesse). Ce mod\u00e8le \u00e9l\u00e9gant peut \u00eatre utilis\u00e9 dans des pi\u00e8ces de plus de 40m<sup>2<\/sup>.<br \/>\n<strong>CMILAN-038P3SLDDC001MYW1D<\/strong><\/p>\n<ul style=\"list-style-type: circle; padding-left: 80px;\">\n<li>Ventilateur pour les grandes pi\u00e8ces<\/li>\n<li>Grand d\u00e9bit d&#8217;air<\/li>\n<li>Convient aux plafonds inclin\u00e9s<\/li>\n<\/ul>\n<p>[vc_row vertical_align=&#8221;middle&#8221; padding_size=&#8221;no-padding&#8221; background_mode=&#8221;color&#8221; background_color=&#8221;#f5f5f5&#8243;][vc_column text_align=&#8221;center&#8221; offset=&#8221;vc_hidden-md vc_hidden-sm vc_hidden-xs&#8221;][vc_row_inner vertical_align=&#8221;middle&#8221; padding_size=&#8221;no-padding&#8221; css=&#8221;.vc_custom_1664435191461{padding-top: 30px !important;padding-right: 60px !important;padding-bottom: 30px !important;padding-left: 60px !important;}&#8221;][vc_column_inner width=&#8221;1\/2&#8243;][vc_single_image image=&#8221;24179&#8243;][\/vc_column_inner][vc_column_inner width=&#8221;1\/2&#8243;][vc_column_text]Vous trouverez ce ventilateur de plafond en vente exclusivement chez <strong>LEROY MERLIN<\/strong>[\/vc_column_text][vc_empty_space height=&#8221;10px&#8221;][wyde_link_button icon_set=&#8221;simple_line&#8221; icon_simple_line=&#8221;sl-login&#8221; style=&#8221;outline round&#8221; title=&#8221;Acc\u00e8s \u00e0 Leroy Merlin&#8221; link=&#8221;url:http%3A%2F%2Fwww.leroymerlin.es%2Ffp%2F82039469%2Fventilador-de-techo-arte-milano||target:%20_blank|rel:nofollow&#8221; color=&#8221;#61b4e4&#8243; hover_color=&#8221;#ffffff&#8221;][\/vc_column_inner][\/vc_row_inner][\/vc_column][\/vc_row][vc_row vertical_align=&#8221;middle&#8221; padding_size=&#8221;no-padding&#8221; background_mode=&#8221;color&#8221; background_color=&#8221;#f5f5f5&#8243;][vc_column text_align=&#8221;center&#8221; padding_size=&#8221;no-padding&#8221; offset=&#8221;vc_hidden-lg&#8221;][vc_row_inner vertical_align=&#8221;middle&#8221; padding_size=&#8221;no-padding&#8221; css=&#8221;.vc_custom_1664367242377{padding-top: 30px !important;padding-right: 60px !important;padding-bottom: 30px !important;padding-left: 60px !important;}&#8221;][vc_column_inner padding_size=&#8221;no-padding&#8221; width=&#8221;1\/2&#8243;][vc_single_image alignment=&#8221;center&#8221; image=&#8221;24165&#8243;][\/vc_column_inner][vc_column_inner text_align=&#8221;center&#8221; width=&#8221;1\/2&#8243;][vc_column_text]Vous trouverez ce ventilateur de plafond en vente exclusivement chez <strong>LEROY MERLIN<\/strong>[\/vc_column_text][vc_empty_space height=&#8221;10px&#8221;][wyde_link_button icon_set=&#8221;simple_line&#8221; icon_simple_line=&#8221;sl-login&#8221; style=&#8221;outline round&#8221; title=&#8221;Acc\u00e8s \u00e0 Leroy Merlin&#8221; link=&#8221;url:http%3A%2F%2Fwww.leroymerlin.es%2Ffp%2F82039469%2Fventilador-de-techo-arte-milano||target:%20_blank|rel:nofollow&#8221; color=&#8221;#61b4e4&#8243; hover_color=&#8221;#ffffff&#8221;][\/vc_column_inner][\/vc_row_inner][\/vc_column][\/vc_row][vc_row][vc_column offset=&#8221;vc_hidden-xs&#8221;][vc_empty_space height=&#8221;60px&#8221;][\/vc_column][\/vc_row][vc_row][vc_column width=&#8221;1\/3&#8243;][wyde_link_button icon_set=&#8221;simple_line&#8221; icon_simple_line=&#8221;sl-settings&#8221; style=&#8221;round&#8221; title=&#8221;Instructions&#8221; link=&#8221;url:http%3A%2F%2Farteconfort.com%2Fwp-content%2Fuploads%2F2020%2F01%2Fim-MILANO.pdf||target:%20_blank|rel:nofollow&#8221; color=&#8221;#ffffff&#8221; bg_color=&#8221;#222222&#8243;][\/vc_column][\/vc_row]<\/p>\n","protected":false},"featured_media":48409,"template":"","meta":[],"product_brand":[],"product_cat":[354,1047,355],"product_tag":[],"class_list":{"0":"post-11332","1":"product","2":"type-product","3":"status-publish","4":"has-post-thumbnail","6":"product_cat-climatizacion-fr","7":"product_cat-coleccion-antigua-fr","8":"product_cat-ventiladores-de-techo-fr","10":"first","11":"instock","12":"shipping-taxable","13":"product-type-external"},"yoast_head":"<!-- This site is optimized with the Yoast SEO plugin v26.5 - https:\/\/yoast.com\/wordpress\/plugins\/seo\/ -->\n<title>MILANO - Climatizaci\u00f3n, colecci\u00f3n antigua, Ventiladores de techo - Arteconfort<\/title>\n<meta name=\"description\" content=\"Ventilateur de plafond Milano sans lumi\u00e8re, corps en m\u00e9tal nickel\u00e9 et 3 pales en bois naturel de cerisier et de h\u00eatre, il est facile \u00e0 installer et convient aux plafonds inclin\u00e9s (jusqu&#039;\u00e0 15\u00ba). Il est dot\u00e9 d&#039;un moteur \u00e0 courant continu (CC) tr\u00e8s efficace qui r\u00e9duit la consommation d&#039;\u00e9nergie tout en cr\u00e9ant une atmosph\u00e8re agr\u00e9able gr\u00e2ce \u00e0 son fonctionnement silencieux. Comprend une t\u00e9l\u00e9commande permettant de contr\u00f4ler et de modifier les modes de programmation (1h-2h-4h-8h), les vitesses (6) et le mode breeze (sensation cr\u00e9\u00e9e par le changement constant de vitesse). Ce mod\u00e8le \u00e9l\u00e9gant peut \u00eatre utilis\u00e9 dans des pi\u00e8ces de plus de 40m2. CMILAN-038P3SLDDC001MYW1D   Ventilateur pour les grandes pi\u00e8ces  Grand d\u00e9bit d&#039;air  Convient aux plafonds inclin\u00e9s  Vous trouverez ce ventilateur de plafond en vente exclusivement chez LEROY MERLINVous trouverez ce ventilateur de plafond en vente exclusivement chez LEROY MERLIN\" \/>\n<meta name=\"robots\" content=\"index, follow, max-snippet:-1, max-image-preview:large, max-video-preview:-1\" \/>\n<link rel=\"canonical\" href=\"https:\/\/arteconfort.com\/fr\/producto\/milano\/\" \/>\n<meta property=\"og:locale\" content=\"fr_FR\" \/>\n<meta property=\"og:type\" content=\"article\" \/>\n<meta property=\"og:title\" content=\"MILANO - Climatizaci\u00f3n, colecci\u00f3n antigua, Ventiladores de techo - Arteconfort\" \/>\n<meta property=\"og:description\" content=\"Ventilateur de plafond Milano sans lumi\u00e8re, corps en m\u00e9tal nickel\u00e9 et 3 pales en bois naturel de cerisier et de h\u00eatre, il est facile \u00e0 installer et convient aux plafonds inclin\u00e9s (jusqu&#039;\u00e0 15\u00ba). Il est dot\u00e9 d&#039;un moteur \u00e0 courant continu (CC) tr\u00e8s efficace qui r\u00e9duit la consommation d&#039;\u00e9nergie tout en cr\u00e9ant une atmosph\u00e8re agr\u00e9able gr\u00e2ce \u00e0 son fonctionnement silencieux. Comprend une t\u00e9l\u00e9commande permettant de contr\u00f4ler et de modifier les modes de programmation (1h-2h-4h-8h), les vitesses (6) et le mode breeze (sensation cr\u00e9\u00e9e par le changement constant de vitesse). Ce mod\u00e8le \u00e9l\u00e9gant peut \u00eatre utilis\u00e9 dans des pi\u00e8ces de plus de 40m2. CMILAN-038P3SLDDC001MYW1D   Ventilateur pour les grandes pi\u00e8ces  Grand d\u00e9bit d&#039;air  Convient aux plafonds inclin\u00e9s  Vous trouverez ce ventilateur de plafond en vente exclusivement chez LEROY MERLINVous trouverez ce ventilateur de plafond en vente exclusivement chez LEROY MERLIN\" \/>\n<meta property=\"og:url\" content=\"https:\/\/arteconfort.com\/fr\/producto\/milano\/\" \/>\n<meta property=\"og:site_name\" content=\"Arteconfort\" \/>\n<meta property=\"article:modified_time\" content=\"2023-07-13T08:34:05+00:00\" \/>\n<meta property=\"og:image\" content=\"https:\/\/arteconfort.com\/wp-content\/uploads\/2025\/06\/ventilador-MILANO-foto-con-mando-distancia.webp\" \/>\n\t<meta property=\"og:image:width\" content=\"1024\" \/>\n\t<meta property=\"og:image:height\" content=\"1024\" \/>\n\t<meta property=\"og:image:type\" content=\"image\/webp\" \/>\n<meta name=\"twitter:card\" content=\"summary_large_image\" \/>\n<meta name=\"twitter:label1\" content=\"Dur\u00e9e de lecture estim\u00e9e\" \/>\n\t<meta name=\"twitter:data1\" content=\"4 minutes\" \/>\n<!-- \/ Yoast SEO plugin. -->","yoast_head_json":{"title":"MILANO - Climatizaci\u00f3n, colecci\u00f3n antigua, Ventiladores de techo - Arteconfort","description":"Ventilateur de plafond Milano sans lumi\u00e8re, corps en m\u00e9tal nickel\u00e9 et 3 pales en bois naturel de cerisier et de h\u00eatre, il est facile \u00e0 installer et convient aux plafonds inclin\u00e9s (jusqu'\u00e0 15\u00ba). Il est dot\u00e9 d'un moteur \u00e0 courant continu (CC) tr\u00e8s efficace qui r\u00e9duit la consommation d'\u00e9nergie tout en cr\u00e9ant une atmosph\u00e8re agr\u00e9able gr\u00e2ce \u00e0 son fonctionnement silencieux. Comprend une t\u00e9l\u00e9commande permettant de contr\u00f4ler et de modifier les modes de programmation (1h-2h-4h-8h), les vitesses (6) et le mode breeze (sensation cr\u00e9\u00e9e par le changement constant de vitesse). Ce mod\u00e8le \u00e9l\u00e9gant peut \u00eatre utilis\u00e9 dans des pi\u00e8ces de plus de 40m2. CMILAN-038P3SLDDC001MYW1D   Ventilateur pour les grandes pi\u00e8ces  Grand d\u00e9bit d'air  Convient aux plafonds inclin\u00e9s  Vous trouverez ce ventilateur de plafond en vente exclusivement chez LEROY MERLINVous trouverez ce ventilateur de plafond en vente exclusivement chez LEROY MERLIN","robots":{"index":"index","follow":"follow","max-snippet":"max-snippet:-1","max-image-preview":"max-image-preview:large","max-video-preview":"max-video-preview:-1"},"canonical":"https:\/\/arteconfort.com\/fr\/producto\/milano\/","og_locale":"fr_FR","og_type":"article","og_title":"MILANO - Climatizaci\u00f3n, colecci\u00f3n antigua, Ventiladores de techo - Arteconfort","og_description":"Ventilateur de plafond Milano sans lumi\u00e8re, corps en m\u00e9tal nickel\u00e9 et 3 pales en bois naturel de cerisier et de h\u00eatre, il est facile \u00e0 installer et convient aux plafonds inclin\u00e9s (jusqu'\u00e0 15\u00ba). Il est dot\u00e9 d'un moteur \u00e0 courant continu (CC) tr\u00e8s efficace qui r\u00e9duit la consommation d'\u00e9nergie tout en cr\u00e9ant une atmosph\u00e8re agr\u00e9able gr\u00e2ce \u00e0 son fonctionnement silencieux. Comprend une t\u00e9l\u00e9commande permettant de contr\u00f4ler et de modifier les modes de programmation (1h-2h-4h-8h), les vitesses (6) et le mode breeze (sensation cr\u00e9\u00e9e par le changement constant de vitesse). Ce mod\u00e8le \u00e9l\u00e9gant peut \u00eatre utilis\u00e9 dans des pi\u00e8ces de plus de 40m2. CMILAN-038P3SLDDC001MYW1D   Ventilateur pour les grandes pi\u00e8ces  Grand d\u00e9bit d'air  Convient aux plafonds inclin\u00e9s  Vous trouverez ce ventilateur de plafond en vente exclusivement chez LEROY MERLINVous trouverez ce ventilateur de plafond en vente exclusivement chez LEROY MERLIN","og_url":"https:\/\/arteconfort.com\/fr\/producto\/milano\/","og_site_name":"Arteconfort","article_modified_time":"2023-07-13T08:34:05+00:00","og_image":[{"width":1024,"height":1024,"url":"https:\/\/arteconfort.com\/wp-content\/uploads\/2025\/06\/ventilador-MILANO-foto-con-mando-distancia.webp","type":"image\/webp"}],"twitter_card":"summary_large_image","twitter_misc":{"Dur\u00e9e de lecture estim\u00e9e":"4 minutes"},"schema":{"@context":"https:\/\/schema.org","@graph":[{"@type":"WebPage","@id":"https:\/\/arteconfort.com\/fr\/producto\/milano\/","url":"https:\/\/arteconfort.com\/fr\/producto\/milano\/","name":"MILANO - Climatizaci\u00f3n, colecci\u00f3n antigua, Ventiladores de techo - Arteconfort","isPartOf":{"@id":"https:\/\/arteconfort.com\/fr\/#website"},"primaryImageOfPage":{"@id":"https:\/\/arteconfort.com\/fr\/producto\/milano\/#primaryimage"},"image":{"@id":"https:\/\/arteconfort.com\/fr\/producto\/milano\/#primaryimage"},"thumbnailUrl":"https:\/\/arteconfort.com\/wp-content\/uploads\/2025\/06\/ventilador-MILANO-foto-con-mando-distancia.webp","datePublished":"2019-08-06T07:57:23+00:00","dateModified":"2023-07-13T08:34:05+00:00","description":"Ventilateur de plafond Milano sans lumi\u00e8re, corps en m\u00e9tal nickel\u00e9 et 3 pales en bois naturel de cerisier et de h\u00eatre, il est facile \u00e0 installer et convient aux plafonds inclin\u00e9s (jusqu'\u00e0 15\u00ba). Il est dot\u00e9 d'un moteur \u00e0 courant continu (CC) tr\u00e8s efficace qui r\u00e9duit la consommation d'\u00e9nergie tout en cr\u00e9ant une atmosph\u00e8re agr\u00e9able gr\u00e2ce \u00e0 son fonctionnement silencieux. Comprend une t\u00e9l\u00e9commande permettant de contr\u00f4ler et de modifier les modes de programmation (1h-2h-4h-8h), les vitesses (6) et le mode breeze (sensation cr\u00e9\u00e9e par le changement constant de vitesse). Ce mod\u00e8le \u00e9l\u00e9gant peut \u00eatre utilis\u00e9 dans des pi\u00e8ces de plus de 40m2. CMILAN-038P3SLDDC001MYW1D Ventilateur pour les grandes pi\u00e8ces Grand d\u00e9bit d'air Convient aux plafonds inclin\u00e9s Vous trouverez ce ventilateur de plafond en vente exclusivement chez LEROY MERLINVous trouverez ce ventilateur de plafond en vente exclusivement chez LEROY MERLIN","breadcrumb":{"@id":"https:\/\/arteconfort.com\/fr\/producto\/milano\/#breadcrumb"},"inLanguage":"fr-FR","potentialAction":[{"@type":"ReadAction","target":["https:\/\/arteconfort.com\/fr\/producto\/milano\/"]}]},{"@type":"ImageObject","inLanguage":"fr-FR","@id":"https:\/\/arteconfort.com\/fr\/producto\/milano\/#primaryimage","url":"https:\/\/arteconfort.com\/wp-content\/uploads\/2025\/06\/ventilador-MILANO-foto-con-mando-distancia.webp","contentUrl":"https:\/\/arteconfort.com\/wp-content\/uploads\/2025\/06\/ventilador-MILANO-foto-con-mando-distancia.webp","width":1024,"height":1024},{"@type":"BreadcrumbList","@id":"https:\/\/arteconfort.com\/fr\/producto\/milano\/#breadcrumb","itemListElement":[{"@type":"ListItem","position":1,"name":"Inicio","item":"https:\/\/arteconfort.com\/fr\/"},{"@type":"ListItem","position":2,"name":"Boutique","item":"https:\/\/arteconfort.com\/fr\/boutique\/"},{"@type":"ListItem","position":3,"name":"MILANO"}]},{"@type":"WebSite","@id":"https:\/\/arteconfort.com\/fr\/#website","url":"https:\/\/arteconfort.com\/fr\/","name":"Arteconfort","description":"Especialistas en productos del hogar","publisher":{"@id":"https:\/\/arteconfort.com\/fr\/#organization"},"potentialAction":[{"@type":"SearchAction","target":{"@type":"EntryPoint","urlTemplate":"https:\/\/arteconfort.com\/fr\/?s={search_term_string}"},"query-input":{"@type":"PropertyValueSpecification","valueRequired":true,"valueName":"search_term_string"}}],"inLanguage":"fr-FR"},{"@type":"Organization","@id":"https:\/\/arteconfort.com\/fr\/#organization","name":"Arteconfort","url":"https:\/\/arteconfort.com\/fr\/","logo":{"@type":"ImageObject","inLanguage":"fr-FR","@id":"https:\/\/arteconfort.com\/fr\/#\/schema\/logo\/image\/","url":"https:\/\/arteconfort.com\/wp-content\/uploads\/2019\/07\/logo-arteconfort.png","contentUrl":"https:\/\/arteconfort.com\/wp-content\/uploads\/2019\/07\/logo-arteconfort.png","width":230,"height":88,"caption":"Arteconfort"},"image":{"@id":"https:\/\/arteconfort.com\/fr\/#\/schema\/logo\/image\/"}}]}},"_links":{"self":[{"href":"https:\/\/arteconfort.com\/fr\/wp-json\/wp\/v2\/product\/11332","targetHints":{"allow":["GET"]}}],"collection":[{"href":"https:\/\/arteconfort.com\/fr\/wp-json\/wp\/v2\/product"}],"about":[{"href":"https:\/\/arteconfort.com\/fr\/wp-json\/wp\/v2\/types\/product"}],"wp:featuredmedia":[{"embeddable":true,"href":"https:\/\/arteconfort.com\/fr\/wp-json\/wp\/v2\/media\/48409"}],"wp:attachment":[{"href":"https:\/\/arteconfort.com\/fr\/wp-json\/wp\/v2\/media?parent=11332"}],"wp:term":[{"taxonomy":"product_brand","embeddable":true,"href":"https:\/\/arteconfort.com\/fr\/wp-json\/wp\/v2\/product_brand?post=11332"},{"taxonomy":"product_cat","embeddable":true,"href":"https:\/\/arteconfort.com\/fr\/wp-json\/wp\/v2\/product_cat?post=11332"},{"taxonomy":"product_tag","embeddable":true,"href":"https:\/\/arteconfort.com\/fr\/wp-json\/wp\/v2\/product_tag?post=11332"}],"curies":[{"name":"wp","href":"https:\/\/api.w.org\/{rel}","templated":true}]}}