{"id":11396,"date":"2021-02-05T09:54:18","date_gmt":"2021-02-05T08:54:18","guid":{"rendered":"https:\/\/arteconfort.com\/producto\/non%20class\u00e9\/noja\/"},"modified":"2022-03-09T16:17:01","modified_gmt":"2022-03-09T15:17:01","slug":"noja","status":"publish","type":"product","link":"https:\/\/arteconfort.com\/fr\/producto\/noja\/","title":{"rendered":"NOJA"},"content":{"rendered":"<div class=\"wpb-content-wrapper\"><p>[vc_row][vc_column][vc_row_inner][vc_column_inner width=&#8221;1\/4&#8243; offset=&#8221;vc_col-xs-6&#8243;][wyde_info_box icon_set=&#8221;simple_line&#8221; icon_simple_line=&#8221;sl-bulb&#8221; title=&#8221;12 DOUILLES G9&#8243;]Ampoules max. 7W [\/wyde_info_box][\/vc_column_inner][vc_column_inner width=&#8221;1\/4&#8243; offset=&#8221;vc_col-xs-6&#8243;][wyde_info_box icon_set=&#8221;bigmug_line&#8221; icon_bigmug_line=&#8221;bigmug-line-winds&#8221; title=&#8221;MODE BREEZE&#8221;]Cr\u00e9e la sensation d&#8217;une douce brise naturelle[\/wyde_info_box][\/vc_column_inner][vc_column_inner width=&#8221;1\/4&#8243; offset=&#8221;vc_col-xs-6&#8243;][wyde_info_box icon_set=&#8221;simple_line&#8221; icon_simple_line=&#8221;sl-home&#8221; title=&#8221;CONVIENT AUX PLAFONDS INCLIN\u00c9S&#8221;]Jusqu&#8217;\u00e0 15\u00ba d&#8217;inclinaison[\/wyde_info_box][\/vc_column_inner][vc_column_inner width=&#8221;1\/4&#8243; offset=&#8221;vc_col-xs-6&#8243;][wyde_info_box icon_set=&#8221;simple_line&#8221; icon_simple_line=&#8221;sl-clock&#8221; title=&#8221;PROGRAMMABLE&#8221;]1h\/4h\/8h[\/wyde_info_box][\/vc_column_inner][\/vc_row_inner][vc_row_inner][vc_column_inner offset=&#8221;vc_hidden-xs&#8221;][vc_empty_space][\/vc_column_inner][\/vc_row_inner][vc_row_inner][vc_column_inner width=&#8221;1\/4&#8243; offset=&#8221;vc_col-xs-6&#8243;][wyde_info_box icon_set=&#8221;simple_line&#8221; icon_simple_line=&#8221;sl-speedometer&#8221; title=&#8221;6 VITESSES&#8221;]R\u00e9gulation du flux d&#8217;air[\/wyde_info_box][\/vc_column_inner][vc_column_inner width=&#8221;1\/4&#8243; offset=&#8221;vc_col-xs-6&#8243;][wyde_info_box icon_set=&#8221;simple_line&#8221; icon_simple_line=&#8221;sl-mouse&#8221; title=&#8221;CONTR\u00d4LE INCLUS&#8221;]Pour un plus grand confort d&#8217;utilisation (aucun bip)[\/wyde_info_box][\/vc_column_inner][\/vc_row_inner][vc_row_inner][vc_column_inner offset=&#8221;vc_hidden-xs&#8221;][vc_empty_space height=&#8221;60px&#8221;][\/vc_column_inner][\/vc_row_inner][\/vc_column][\/vc_row][vc_row][vc_column width=&#8221;1\/2&#8243;][vc_accordion collapsible=&#8221;true&#8221; active_tab=&#8221;false&#8221;][vc_accordion_tab title=&#8221;Caract\u00e9ristiques m\u00e9caniques&#8221;][vc_column_text]<strong>Haut<\/strong> 40cm<br \/>\n<strong>Diam\u00e8tre<\/strong> 91cm<br \/>\n<strong>Poids<\/strong> 8kg<br \/>\n<strong>Mat\u00e9riau<\/strong> M\u00e9tal<br \/>\n<strong>Finition <\/strong>Noir\/Bronze<br \/>\n<strong>Bruit \u00e9mis<\/strong> 20dBs \u00e0 la vitesse 1<br \/>\n<strong>Distance de s\u00e9curit\u00e9 <\/strong>2,3m<br \/>\n<strong>Surface recommand\u00e9e<\/strong> 30m<sup>2<\/sup><br \/>\n<strong>Pente maximale du toit<\/strong> 15\u00ba<br \/>\n<strong>IP<\/strong> 20<br \/>\n<strong>Isolation \u00e9lectrique <\/strong>Classe I<br \/>\n<strong>Num\u00e9ro de vitesses<\/strong> 6<br \/>\n<strong>Vitesse Puissance\u00a0<\/strong>6,9W\/9,3W\/11,1W\/13W\/16W\/20W<br \/>\n<strong>Vitesse RPM <\/strong>217\/259\/286\/305\/335\/372<br \/>\n<strong>Accessoires<\/strong> Stabilisation et poteau suppl\u00e9mentaire de 25cm<br \/>\n<strong>Garantie<\/strong> Moteur 5 ans[\/vc_column_text][\/vc_accordion_tab][vc_accordion_tab title=&#8221;Lames&#8221;][vc_column_text]<strong>Mat\u00e9riau<\/strong> Plastic<br \/>\n<strong>Finition <\/strong>Transparent<br \/>\n<strong>R\u00e9versible<\/strong> Non<br \/>\n<strong>Num\u00e9ro de lames <\/strong>3<br \/>\n<strong>Fonction hiver\/\u00e9t\u00e9<\/strong> Oui[\/vc_column_text][\/vc_accordion_tab][vc_accordion_tab title=&#8221;Caract\u00e9ristiques optiques&#8221;][vc_column_text]<strong>Type de douille <\/strong>G9<br \/>\n<strong>Num\u00e9ro de douilles <\/strong>12<br \/>\n<strong>Ampoule incluse <\/strong>Non<br \/>\n<strong>Puissance <\/strong>Max. 7W [\/vc_column_text][\/vc_accordion_tab][vc_accordion_tab title=&#8221;Caract\u00e9ristiques \u00e9lectriques&#8221;][vc_column_text]<strong>Type de moteur<\/strong> DC<br \/>\n<strong>Puissance <\/strong>20W<br \/>\n<strong>Fr\u00e9quence<\/strong> 50Hz[\/vc_column_text][\/vc_accordion_tab][vc_accordion_tab title=&#8221;Contr\u00f4le&#8221;][vc_column_text]<strong>Piles incluses<\/strong> Non<br \/>\n<strong>Type de pile<\/strong> 2xAAA<br \/>\n<strong>Arr\u00eat automatique<\/strong> Oui<br \/>\n<strong>Temps programmable <\/strong>1h\/4h\/8h[\/vc_column_text][\/vc_accordion_tab][\/vc_accordion][\/vc_column][vc_column width=&#8221;1\/2&#8243;][vc_single_image image=&#8221;9338&#8243;][\/vc_column][\/vc_row]<\/p>\n<\/div>","protected":false},"excerpt":{"rendered":"<p>Le ventilateur de plafond NOJA est le mod\u00e8le id\u00e9al pour ceux qui veulent ajouter une touche distinctive et unique \u00e0 la pi\u00e8ce tout en l&#8217;acclimatant pendant les p\u00e9riodes les plus chaudes de l&#8217;ann\u00e9e. Ce mod\u00e8le pr\u00e9sente un design m\u00e9tallique original avec trois lames transparentes et 12 ampoules. Il int\u00e8gre un moteur \u00e0 DC programmable en 6 vitesses de rotation par t\u00e9l\u00e9commande.<br \/>\n<strong>Ref. NOJANG21<\/strong><br \/>\n<strong>Ref. NOJABR21<\/strong>[vc_row][vc_column offset=&#8221;vc_hidden-xs&#8221;][vc_empty_space height=&#8221;30px&#8221;][\/vc_column][\/vc_row][vc_row][vc_column][vc_row_inner][vc_column_inner][wyde_info_box icon_set=&#8221;simple_line&#8221; icon_simple_line=&#8221;sl-loop&#8221; icon_position=&#8221;left&#8221; title=&#8221;CHAMBRE JUSQU&#8217;\u00c030M<sup>2<\/sup>&#8220;]Taille de la pi\u00e8ce recommand\u00e9e[\/wyde_info_box][vc_empty_space height=&#8221;15px&#8221;][\/vc_column_inner][\/vc_row_inner][vc_row_inner][vc_column_inner][wyde_info_box icon_set=&#8221;simple_line&#8221; icon_simple_line=&#8221;sl-volume-2&#8243; icon_position=&#8221;left&#8221; title=&#8221;MAX. 20DBS (BRUIT \u00c9MIS \u00c0 LA VITESSE 1)&#8221;]Ventilateur de plafond silencieux pour dormir[\/wyde_info_box][vc_empty_space height=&#8221;15px&#8221;][\/vc_column_inner][\/vc_row_inner][vc_row_inner][vc_column_inner][wyde_info_box icon_set=&#8221;simple_line&#8221; icon_simple_line=&#8221;sl-settings&#8221; icon_position=&#8221;left&#8221; title=&#8221;MOTEUR DC&#8221;]Haute efficacit\u00e9[\/wyde_info_box][vc_empty_space height=&#8221;15px&#8221;][\/vc_column_inner][\/vc_row_inner][vc_row_inner][vc_column_inner][wyde_info_box icon_set=&#8221;simple_line&#8221; icon_simple_line=&#8221;sl-wrench&#8221; icon_position=&#8221;left&#8221; title=&#8221;INSTALLATION FACILE&#8221;]Montez votre ventilateur en quelques \u00e9tapes seulement[\/wyde_info_box][vc_empty_space height=&#8221;15px&#8221;][\/vc_column_inner][\/vc_row_inner][\/vc_column][\/vc_row][vc_row][vc_column offset=&#8221;vc_hidden-xs&#8221;][vc_empty_space height=&#8221;60px&#8221;][\/vc_column][\/vc_row][vc_row][vc_column width=&#8221;1\/3&#8243;][wyde_link_button icon_set=&#8221;simple_line&#8221; icon_simple_line=&#8221;sl-settings&#8221; style=&#8221;round&#8221; title=&#8221;Instructions&#8221; link=&#8221;url:https%3A%2F%2Farteconfort.com%2Fwp-content%2Fuploads%2F2021%2F02%2Fim-NOJA.pdf||target:%20_blank|rel:nofollow&#8221; color=&#8221;#ffffff&#8221; bg_color=&#8221;#222222&#8243;][\/vc_column][\/vc_row][vc_row][vc_column offset=&#8221;vc_hidden-xs&#8221;][vc_empty_space][\/vc_column][\/vc_row][vc_row][vc_column][vc_empty_space height=&#8221;20px&#8221;][\/vc_column][\/vc_row][vc_row background_mode=&#8221;color&#8221; background_color=&#8221;#f5f5f5&#8243;][vc_column text_align=&#8221;center&#8221;][vc_row_inner padding_size=&#8221;m-padding&#8221;][vc_column_inner text_align=&#8221;center&#8221;][vc_single_image alignment=&#8221;center&#8221; image=&#8221;1046&#8243;][vc_column_text]Trouvez ce ventilateur de plafond en vente exclusivement chez LEROY MERLIN[\/vc_column_text][vc_empty_space height=&#8221;15px&#8221;][wyde_link_button icon_set=&#8221;simple_line&#8221; icon_simple_line=&#8221;sl-login&#8221; style=&#8221;outline round&#8221; title=&#8221;Connectez-vous \u00e0 Leroy Merlin- NOIR&#8221; link=&#8221;url:https%3A%2F%2Fwww.leroymerlin.es%2Ffp%2F83860104%2Fventilador-de-techo-noja-negro-91-cm-dc||target:%20_blank|rel:nofollow&#8221; color=&#8221;#61b4e4&#8243; hover_color=&#8221;#ffffff&#8221;][vc_empty_space height=&#8221;15px&#8221;][wyde_link_button icon_set=&#8221;simple_line&#8221; icon_simple_line=&#8221;sl-login&#8221; style=&#8221;outline round&#8221; title=&#8221;Connectez-vous \u00e0 Leroy Merlin- BRONZE&#8221; link=&#8221;url:https%3A%2F%2Fwww.leroymerlin.es%2Ffp%2F83860105%2Fventilador-de-techo-noja-bronce-91-cm-dc||target:%20_blank|rel:nofollow&#8221; color=&#8221;#61b4e4&#8243; hover_color=&#8221;#ffffff&#8221;][\/vc_column_inner][\/vc_row_inner][\/vc_column][\/vc_row]<\/p>\n","protected":false},"featured_media":33286,"template":"","meta":[],"product_brand":[],"product_cat":[16],"product_tag":[],"class_list":{"0":"post-11396","1":"product","2":"type-product","3":"status-publish","4":"has-post-thumbnail","6":"product_cat-sin-categorizar","8":"first","9":"instock","10":"shipping-taxable","11":"product-type-simple"},"yoast_head":"<!-- This site is optimized with the Yoast SEO plugin v26.5 - https:\/\/yoast.com\/wordpress\/plugins\/seo\/ -->\n<title>NOJA - Sin categorizar - Arteconfort<\/title>\n<meta name=\"description\" content=\"Le ventilateur de plafond NOJA est le mod\u00e8le id\u00e9al pour ceux qui veulent ajouter une touche distinctive et unique \u00e0 la pi\u00e8ce tout en l&#039;acclimatant pendant les p\u00e9riodes les plus chaudes de l&#039;ann\u00e9e. Ce mod\u00e8le pr\u00e9sente un design m\u00e9tallique original avec trois lames transparentes et 12 ampoules. Il int\u00e8gre un moteur \u00e0 DC programmable en 6 vitesses de rotation par t\u00e9l\u00e9commande. Ref. NOJANG21 Ref. NOJABR21Taille de la pi\u00e8ce recommand\u00e9eVentilateur de plafond silencieux pour dormirHaute efficacit\u00e9Montez votre ventilateur en quelques \u00e9tapes seulementTrouvez ce ventilateur de plafond en vente exclusivement chez LEROY MERLIN\" \/>\n<meta name=\"robots\" content=\"index, follow, max-snippet:-1, max-image-preview:large, max-video-preview:-1\" \/>\n<link rel=\"canonical\" href=\"https:\/\/arteconfort.com\/fr\/producto\/noja\/\" \/>\n<meta property=\"og:locale\" content=\"fr_FR\" \/>\n<meta property=\"og:type\" content=\"article\" \/>\n<meta property=\"og:title\" content=\"NOJA - Sin categorizar - Arteconfort\" \/>\n<meta property=\"og:description\" content=\"Le ventilateur de plafond NOJA est le mod\u00e8le id\u00e9al pour ceux qui veulent ajouter une touche distinctive et unique \u00e0 la pi\u00e8ce tout en l&#039;acclimatant pendant les p\u00e9riodes les plus chaudes de l&#039;ann\u00e9e. Ce mod\u00e8le pr\u00e9sente un design m\u00e9tallique original avec trois lames transparentes et 12 ampoules. Il int\u00e8gre un moteur \u00e0 DC programmable en 6 vitesses de rotation par t\u00e9l\u00e9commande. Ref. NOJANG21 Ref. NOJABR21Taille de la pi\u00e8ce recommand\u00e9eVentilateur de plafond silencieux pour dormirHaute efficacit\u00e9Montez votre ventilateur en quelques \u00e9tapes seulementTrouvez ce ventilateur de plafond en vente exclusivement chez LEROY MERLIN\" \/>\n<meta property=\"og:url\" content=\"https:\/\/arteconfort.com\/fr\/producto\/noja\/\" \/>\n<meta property=\"og:site_name\" content=\"Arteconfort\" \/>\n<meta property=\"article:modified_time\" content=\"2022-03-09T15:17:01+00:00\" \/>\n<meta property=\"og:image\" content=\"https:\/\/arteconfort.com\/wp-content\/uploads\/2023\/10\/VENTILADOR-DE-TECHO-NOJA-NEGRO.webp\" \/>\n\t<meta property=\"og:image:width\" content=\"1024\" \/>\n\t<meta property=\"og:image:height\" content=\"1024\" \/>\n\t<meta property=\"og:image:type\" content=\"image\/webp\" \/>\n<meta name=\"twitter:card\" content=\"summary_large_image\" \/>\n<meta name=\"twitter:label1\" content=\"Dur\u00e9e de lecture estim\u00e9e\" \/>\n\t<meta name=\"twitter:data1\" content=\"2 minutes\" \/>\n<!-- \/ Yoast SEO plugin. -->","yoast_head_json":{"title":"NOJA - Sin categorizar - Arteconfort","description":"Le ventilateur de plafond NOJA est le mod\u00e8le id\u00e9al pour ceux qui veulent ajouter une touche distinctive et unique \u00e0 la pi\u00e8ce tout en l'acclimatant pendant les p\u00e9riodes les plus chaudes de l'ann\u00e9e. Ce mod\u00e8le pr\u00e9sente un design m\u00e9tallique original avec trois lames transparentes et 12 ampoules. Il int\u00e8gre un moteur \u00e0 DC programmable en 6 vitesses de rotation par t\u00e9l\u00e9commande. Ref. NOJANG21 Ref. NOJABR21Taille de la pi\u00e8ce recommand\u00e9eVentilateur de plafond silencieux pour dormirHaute efficacit\u00e9Montez votre ventilateur en quelques \u00e9tapes seulementTrouvez ce ventilateur de plafond en vente exclusivement chez LEROY MERLIN","robots":{"index":"index","follow":"follow","max-snippet":"max-snippet:-1","max-image-preview":"max-image-preview:large","max-video-preview":"max-video-preview:-1"},"canonical":"https:\/\/arteconfort.com\/fr\/producto\/noja\/","og_locale":"fr_FR","og_type":"article","og_title":"NOJA - Sin categorizar - Arteconfort","og_description":"Le ventilateur de plafond NOJA est le mod\u00e8le id\u00e9al pour ceux qui veulent ajouter une touche distinctive et unique \u00e0 la pi\u00e8ce tout en l'acclimatant pendant les p\u00e9riodes les plus chaudes de l'ann\u00e9e. Ce mod\u00e8le pr\u00e9sente un design m\u00e9tallique original avec trois lames transparentes et 12 ampoules. Il int\u00e8gre un moteur \u00e0 DC programmable en 6 vitesses de rotation par t\u00e9l\u00e9commande. Ref. NOJANG21 Ref. NOJABR21Taille de la pi\u00e8ce recommand\u00e9eVentilateur de plafond silencieux pour dormirHaute efficacit\u00e9Montez votre ventilateur en quelques \u00e9tapes seulementTrouvez ce ventilateur de plafond en vente exclusivement chez LEROY MERLIN","og_url":"https:\/\/arteconfort.com\/fr\/producto\/noja\/","og_site_name":"Arteconfort","article_modified_time":"2022-03-09T15:17:01+00:00","og_image":[{"width":1024,"height":1024,"url":"https:\/\/arteconfort.com\/wp-content\/uploads\/2023\/10\/VENTILADOR-DE-TECHO-NOJA-NEGRO.webp","type":"image\/webp"}],"twitter_card":"summary_large_image","twitter_misc":{"Dur\u00e9e de lecture estim\u00e9e":"2 minutes"},"schema":{"@context":"https:\/\/schema.org","@graph":[{"@type":"WebPage","@id":"https:\/\/arteconfort.com\/fr\/producto\/noja\/","url":"https:\/\/arteconfort.com\/fr\/producto\/noja\/","name":"NOJA - Sin categorizar - Arteconfort","isPartOf":{"@id":"https:\/\/arteconfort.com\/fr\/#website"},"primaryImageOfPage":{"@id":"https:\/\/arteconfort.com\/fr\/producto\/noja\/#primaryimage"},"image":{"@id":"https:\/\/arteconfort.com\/fr\/producto\/noja\/#primaryimage"},"thumbnailUrl":"https:\/\/arteconfort.com\/wp-content\/uploads\/2023\/10\/VENTILADOR-DE-TECHO-NOJA-NEGRO.webp","datePublished":"2021-02-05T08:54:18+00:00","dateModified":"2022-03-09T15:17:01+00:00","description":"Le ventilateur de plafond NOJA est le mod\u00e8le id\u00e9al pour ceux qui veulent ajouter une touche distinctive et unique \u00e0 la pi\u00e8ce tout en l'acclimatant pendant les p\u00e9riodes les plus chaudes de l'ann\u00e9e. Ce mod\u00e8le pr\u00e9sente un design m\u00e9tallique original avec trois lames transparentes et 12 ampoules. Il int\u00e8gre un moteur \u00e0 DC programmable en 6 vitesses de rotation par t\u00e9l\u00e9commande. Ref. NOJANG21 Ref. NOJABR21Taille de la pi\u00e8ce recommand\u00e9eVentilateur de plafond silencieux pour dormirHaute efficacit\u00e9Montez votre ventilateur en quelques \u00e9tapes seulementTrouvez ce ventilateur de plafond en vente exclusivement chez LEROY MERLIN","breadcrumb":{"@id":"https:\/\/arteconfort.com\/fr\/producto\/noja\/#breadcrumb"},"inLanguage":"fr-FR","potentialAction":[{"@type":"ReadAction","target":["https:\/\/arteconfort.com\/fr\/producto\/noja\/"]}]},{"@type":"ImageObject","inLanguage":"fr-FR","@id":"https:\/\/arteconfort.com\/fr\/producto\/noja\/#primaryimage","url":"https:\/\/arteconfort.com\/wp-content\/uploads\/2023\/10\/VENTILADOR-DE-TECHO-NOJA-NEGRO.webp","contentUrl":"https:\/\/arteconfort.com\/wp-content\/uploads\/2023\/10\/VENTILADOR-DE-TECHO-NOJA-NEGRO.webp","width":1024,"height":1024},{"@type":"BreadcrumbList","@id":"https:\/\/arteconfort.com\/fr\/producto\/noja\/#breadcrumb","itemListElement":[{"@type":"ListItem","position":1,"name":"Inicio","item":"https:\/\/arteconfort.com\/fr\/"},{"@type":"ListItem","position":2,"name":"Boutique","item":"https:\/\/arteconfort.com\/fr\/boutique\/"},{"@type":"ListItem","position":3,"name":"NOJA"}]},{"@type":"WebSite","@id":"https:\/\/arteconfort.com\/fr\/#website","url":"https:\/\/arteconfort.com\/fr\/","name":"Arteconfort","description":"Especialistas en productos del hogar","publisher":{"@id":"https:\/\/arteconfort.com\/fr\/#organization"},"potentialAction":[{"@type":"SearchAction","target":{"@type":"EntryPoint","urlTemplate":"https:\/\/arteconfort.com\/fr\/?s={search_term_string}"},"query-input":{"@type":"PropertyValueSpecification","valueRequired":true,"valueName":"search_term_string"}}],"inLanguage":"fr-FR"},{"@type":"Organization","@id":"https:\/\/arteconfort.com\/fr\/#organization","name":"Arteconfort","url":"https:\/\/arteconfort.com\/fr\/","logo":{"@type":"ImageObject","inLanguage":"fr-FR","@id":"https:\/\/arteconfort.com\/fr\/#\/schema\/logo\/image\/","url":"https:\/\/arteconfort.com\/wp-content\/uploads\/2019\/07\/logo-arteconfort.png","contentUrl":"https:\/\/arteconfort.com\/wp-content\/uploads\/2019\/07\/logo-arteconfort.png","width":230,"height":88,"caption":"Arteconfort"},"image":{"@id":"https:\/\/arteconfort.com\/fr\/#\/schema\/logo\/image\/"}}]}},"_links":{"self":[{"href":"https:\/\/arteconfort.com\/fr\/wp-json\/wp\/v2\/product\/11396","targetHints":{"allow":["GET"]}}],"collection":[{"href":"https:\/\/arteconfort.com\/fr\/wp-json\/wp\/v2\/product"}],"about":[{"href":"https:\/\/arteconfort.com\/fr\/wp-json\/wp\/v2\/types\/product"}],"wp:featuredmedia":[{"embeddable":true,"href":"https:\/\/arteconfort.com\/fr\/wp-json\/wp\/v2\/media\/33286"}],"wp:attachment":[{"href":"https:\/\/arteconfort.com\/fr\/wp-json\/wp\/v2\/media?parent=11396"}],"wp:term":[{"taxonomy":"product_brand","embeddable":true,"href":"https:\/\/arteconfort.com\/fr\/wp-json\/wp\/v2\/product_brand?post=11396"},{"taxonomy":"product_cat","embeddable":true,"href":"https:\/\/arteconfort.com\/fr\/wp-json\/wp\/v2\/product_cat?post=11396"},{"taxonomy":"product_tag","embeddable":true,"href":"https:\/\/arteconfort.com\/fr\/wp-json\/wp\/v2\/product_tag?post=11396"}],"curies":[{"name":"wp","href":"https:\/\/api.w.org\/{rel}","templated":true}]}}