{"id":11416,"date":"2020-12-21T11:21:13","date_gmt":"2020-12-21T10:21:13","guid":{"rendered":"https:\/\/arteconfort.com\/producto\/non%20class\u00e9\/tavira-ip44-pro\/"},"modified":"2025-06-09T09:17:55","modified_gmt":"2025-06-09T07:17:55","slug":"tavira-ip44-pro","status":"publish","type":"product","link":"https:\/\/arteconfort.com\/fr\/producto\/tavira-ip44-pro\/","title":{"rendered":"TAVIRA IP44 PRO"},"content":{"rendered":"<div class=\"wpb-content-wrapper\"><p>[vc_row][vc_column][vc_row_inner][vc_column_inner width=&#8221;1\/4&#8243; offset=&#8221;vc_col-xs-6&#8243;][wyde_info_box icon_set=&#8221;simple_line&#8221; icon_simple_line=&#8221;sl-power&#8221; title=&#8221;M\u00c9MOIRE DES PR\u00c9F\u00c9RENCES DE CONTR\u00d4LE&#8221;]Pour une utilisation plus facile[\/wyde_info_box][\/vc_column_inner][vc_column_inner width=&#8221;1\/4&#8243; offset=&#8221;vc_col-xs-6&#8243;][wyde_info_box icon_set=&#8221;simple_line&#8221; icon_simple_line=&#8221;sl-bulb&#8221; title=&#8221;M\u00c9MOIRE DE TEMP\u00c9RATURE DE COULEUR&#8221;]Cr\u00e9ez votre ambiance<br \/>\n[\/wyde_info_box][\/vc_column_inner][vc_column_inner width=&#8221;1\/4&#8243; offset=&#8221;vc_col-xs-6&#8243;][wyde_info_box icon_set=&#8221;bigmug_line&#8221; icon_bigmug_line=&#8221;bigmug-line-winds&#8221; title=&#8221;MODE BREEZE&#8221;]Cr\u00e9e la sensation d&#8217;une douce brise naturelle[\/wyde_info_box][\/vc_column_inner][vc_column_inner width=&#8221;1\/4&#8243; offset=&#8221;vc_col-xs-6&#8243;][wyde_info_box icon_set=&#8221;simple_line&#8221; icon_simple_line=&#8221;sl-wrench&#8221; title=&#8221;INSTALLATION FACILE&#8221;]Montez votre ventilateur en quelques \u00e9tapes simples<br \/>\n[\/wyde_info_box][\/vc_column_inner][\/vc_row_inner][vc_row_inner][vc_column_inner offset=&#8221;vc_hidden-xs&#8221;][vc_empty_space][\/vc_column_inner][\/vc_row_inner][vc_row_inner][vc_column_inner width=&#8221;1\/4&#8243; offset=&#8221;vc_col-xs-6&#8243;][wyde_info_box icon_set=&#8221;simple_line&#8221; icon_simple_line=&#8221;sl-home&#8221; title=&#8221;CONVIENT AUX PLAFONDS INCLIN\u00c9S&#8221;]Jusqu&#8217;\u00e0 15\u00ba d&#8217;inclinaison[\/wyde_info_box][\/vc_column_inner][vc_column_inner width=&#8221;1\/4&#8243; offset=&#8221;vc_col-xs-6&#8243;][wyde_info_box icon_set=&#8221;simple_line&#8221; icon_simple_line=&#8221;sl-clock&#8221; title=&#8221;PROGRAMMABLE&#8221;]9 niveaux jusqu&#8217;\u00e0 9h par p\u00e9riodes de 1 heure[\/wyde_info_box][\/vc_column_inner][vc_column_inner width=&#8221;1\/4&#8243; offset=&#8221;vc_col-xs-6&#8243;][wyde_info_box icon_set=&#8221;simple_line&#8221; icon_simple_line=&#8221;sl-speedometer&#8221; title=&#8221;6 VITESSES&#8221;]Une plus grande vari\u00e9t\u00e9 de vitesses[\/wyde_info_box][\/vc_column_inner][vc_column_inner width=&#8221;1\/4&#8243; offset=&#8221;vc_col-xs-6&#8243;][wyde_info_box icon_set=&#8221;simple_line&#8221; icon_simple_line=&#8221;sl-mouse&#8221; title=&#8221;CONTR\u00d4LE INCLUS&#8221;]Pour un plus grand confort d&#8217;utilisation (aucun bip)[\/wyde_info_box][\/vc_column_inner][\/vc_row_inner][vc_row_inner][vc_column_inner offset=&#8221;vc_hidden-xs&#8221;][vc_empty_space height=&#8221;60px&#8221;][\/vc_column_inner][\/vc_row_inner][\/vc_column][\/vc_row][vc_row][vc_column width=&#8221;1\/2&#8243;][vc_accordion collapsible=&#8221;true&#8221; active_tab=&#8221;false&#8221;][vc_accordion_tab title=&#8221;Caract\u00e9ristiques m\u00e9caniques&#8221;][vc_column_text]<strong>Haut<\/strong> 37,5cm<br \/>\n<strong>Diam\u00e8tre<\/strong> 132cm<br \/>\n<strong>Poids<\/strong> 6,5kg<br \/>\n<strong>Material<\/strong> Metal<br \/>\n<strong>Mat\u00e9riau<\/strong> Blanc<br \/>\n<strong>Bruit \u00e9mis <\/strong>20dBs en velocidad 1<br \/>\n<strong>Distance de s\u00e9curit\u00e9 <\/strong>2,3m<br \/>\n<strong>Surface recommand\u00e9e <\/strong>40m<sup>2<\/sup><br \/>\n<strong>Pente maximale du toit <\/strong>15\u00ba<br \/>\n<strong>IP<\/strong> 20<br \/>\n<strong>Isolation \u00e9lectrique <\/strong>Classe I<br \/>\n<strong>Num\u00e9ro de vitesses <\/strong>6<br \/>\n<strong>Vitesse Puissance <\/strong>5,5W\/7,8W\/11,5W\/16,4W\/24W\/30W<br \/>\n<strong>Vitesse RPM <\/strong>121\/140\/161\/185\/211\/223<br \/>\n<strong>Accessoires<\/strong> Stabilisateur<br \/>\n<strong>Garantie<\/strong> Moteur 5 ans[\/vc_column_text][\/vc_accordion_tab][vc_accordion_tab title=&#8221;Lames&#8221;][vc_column_text]<strong>Mat\u00e9riau<\/strong> ABS<br \/>\n<b>Finition <\/b>Blanc<br \/>\n<strong>R\u00e9versible<\/strong> Non<br \/>\n<strong>Num\u00e9ro de lames <\/strong>3<br \/>\n<strong>Fonction hiver\/\u00e9t\u00e9 <\/strong>Oui[\/vc_column_text][\/vc_accordion_tab][vc_accordion_tab title=&#8221;Caract\u00e9ristiques optiques&#8221;][vc_column_text]<strong>CCT<\/strong> 3000K\/4000K\/5500K<br \/>\n<strong>Type de LED<\/strong> SMD int\u00e9gr\u00e9<br \/>\n<b>Puissance <\/b>20W<br \/>\n<strong>M\u00e9moire CCT<\/strong> Oui<br \/>\n<strong>Flux lumineux <\/strong>2.400lm<br \/>\n<strong>Angle d&#8217;ouverture <\/strong>160\u00ba[\/vc_column_text][\/vc_accordion_tab][vc_accordion_tab title=&#8221;Caract\u00e9ristiques \u00e9lectriques&#8221;][vc_column_text]<strong>Type de moteur<\/strong> DC<br \/>\n<b>Puissance <\/b>30W<br \/>\n<strong>Fr\u00e9quence<\/strong> 50Hz[\/vc_column_text][\/vc_accordion_tab][vc_accordion_tab title=&#8221;Contr\u00f4le&#8221;][vc_column_text]<strong>Piles incluses <\/strong>Non<br \/>\n<strong>Type de pile<\/strong>\u00a02xAAA<br \/>\n<strong>Pr\u00e9f\u00e9rence de contr\u00f4le <\/strong>Oui<br \/>\n<strong>Arr\u00eat automatique <\/strong>Oui<br \/>\n<strong>Temps programmable <\/strong>9 niveaux par p\u00e9riodes de 1h[\/vc_column_text][\/vc_accordion_tab][\/vc_accordion][\/vc_column][vc_column width=&#8221;1\/2&#8243;][vc_single_image image=&#8221;9186&#8243;][\/vc_column][\/vc_row]<\/p>\n<\/div>","protected":false},"excerpt":{"rendered":"<p>Le ventilateur TAVIRA IP44 PRO, gr\u00e2ce \u00e0 son indice de protection IP44, est id\u00e9al pour \u00eatre install\u00e9 sur votre terrasse, votre porche ou tout autre espace ext\u00e9rieur. Le moteur \u00e0 DC \u00e0 haut rendement fait que ce ventilateur a une consommation d&#8217;\u00e9nergie minimale. Il dispose d&#8217;une t\u00e9l\u00e9commande \u00e0 partir de laquelle vous pouvez programmer le temps de fonctionnement, modifier la vitesse ou la temp\u00e9rature de couleur de la lumi\u00e8re, entre autres fonctions.<br \/>\n<strong>Ref. TAVIRAPRO44BL21<\/strong>[vc_row][vc_column offset=&#8221;vc_hidden-xs&#8221;][vc_empty_space height=&#8221;30px&#8221;][\/vc_column][\/vc_row][vc_row][vc_column][vc_row_inner][vc_column_inner][wyde_info_box icon_set=&#8221;simple_line&#8221; icon_simple_line=&#8221;sl-loop&#8221; icon_position=&#8221;left&#8221; title=&#8221;CHAMBRE 40M<sup>2<\/sup>&#8220;]Taille de la pi\u00e8ce recommand\u00e9e[\/wyde_info_box][vc_empty_space height=&#8221;15px&#8221;][\/vc_column_inner][\/vc_row_inner][vc_row_inner][vc_column_inner][wyde_info_box icon_set=&#8221;simple_line&#8221; icon_simple_line=&#8221;sl-logout&#8221; icon_position=&#8221;left&#8221; title=&#8221;ADAPT\u00c9 \u00c0 UN USAGE EXT\u00c9RIEUR&#8221;]IP44[\/wyde_info_box][vc_empty_space height=&#8221;15px&#8221;][\/vc_column_inner][\/vc_row_inner][vc_row_inner][vc_column_inner][wyde_info_box icon_set=&#8221;simple_line&#8221; icon_simple_line=&#8221;sl-volume-2&#8243; icon_position=&#8221;left&#8221; title=&#8221;MAX. 20DBS (BRUIT \u00c9MIS \u00c0 LA VITESSE 1)&#8221;]Ventilateur de plafond silencieux pour dormir[\/wyde_info_box][vc_empty_space height=&#8221;15px&#8221;][\/vc_column_inner][\/vc_row_inner][vc_row_inner][vc_column_inner][wyde_info_box icon_set=&#8221;simple_line&#8221; icon_simple_line=&#8221;sl-settings&#8221; icon_position=&#8221;left&#8221; title=&#8221;MOTEUR DC&#8221;]Plus silencieux, plus efficace et moins consommateur d&#8217;\u00e9nergie[\/wyde_info_box][vc_empty_space height=&#8221;15px&#8221;][\/vc_column_inner][\/vc_row_inner][vc_row_inner][vc_column_inner][wyde_info_box icon_set=&#8221;simple_line&#8221; icon_simple_line=&#8221;sl-bulb&#8221; icon_position=&#8221;left&#8221; title=&#8221;3 TEMP\u00c9RATURES DE COULEUR&#8221;]Aide \u00e0 r\u00e9guler les cycles circadiens[\/wyde_info_box][vc_empty_space height=&#8221;15px&#8221;][\/vc_column_inner][\/vc_row_inner][\/vc_column][\/vc_row][vc_row][vc_column offset=&#8221;vc_hidden-xs&#8221;][vc_empty_space height=&#8221;60px&#8221;][\/vc_column][\/vc_row][vc_row][vc_column width=&#8221;1\/3&#8243;][wyde_link_button icon_set=&#8221;simple_line&#8221; icon_simple_line=&#8221;sl-settings&#8221; style=&#8221;round&#8221; title=&#8221;Instructions&#8221; link=&#8221;url:https%3A%2F%2Farteconfort.com%2Fwp-content%2Fuploads%2F2024%2F06%2Fim-TAVIRA-IP44-PRO-v2.pdf||target:%20_blank|rel:nofollow&#8221; color=&#8221;#ffffff&#8221; bg_color=&#8221;#222222&#8243;][\/vc_column][\/vc_row][vc_row][vc_column offset=&#8221;vc_hidden-xs&#8221;][vc_empty_space][\/vc_column][\/vc_row][vc_row][vc_column][vc_empty_space height=&#8221;20px&#8221;][\/vc_column][\/vc_row][vc_row background_mode=&#8221;color&#8221; background_color=&#8221;#f5f5f5&#8243;][vc_column text_align=&#8221;center&#8221;][vc_row_inner padding_size=&#8221;m-padding&#8221;][vc_column_inner text_align=&#8221;center&#8221;][vc_single_image alignment=&#8221;center&#8221; image=&#8221;1046&#8243;][vc_column_text]Trouvez ce ventilateur de plafond en vente exclusivement chez LEROY MERLIN[\/vc_column_text][vc_empty_space height=&#8221;15px&#8221;][wyde_link_button icon_set=&#8221;simple_line&#8221; icon_simple_line=&#8221;sl-login&#8221; style=&#8221;outline round&#8221; title=&#8221;Connectez-vous \u00e0 Leroy Merlin&#8221; link=&#8221;url:https%3A%2F%2Fwww.leroymerlin.es%2Ffp%2F83860111%2Fventilador-de-techo-con-luz-led-tavira-pro-ip44-blanco-132-cm-dc||target:%20_blank|rel:nofollow&#8221; color=&#8221;#61b4e4&#8243; hover_color=&#8221;#ffffff&#8221;][\/vc_column_inner][\/vc_row_inner][\/vc_column][\/vc_row]<\/p>\n","protected":false},"featured_media":39091,"template":"","meta":[],"product_brand":[],"product_cat":[406],"product_tag":[],"class_list":{"0":"post-11416","1":"product","2":"type-product","3":"status-publish","4":"has-post-thumbnail","6":"product_cat-descatalogados-fr","8":"first","9":"instock","10":"shipping-taxable","11":"product-type-external"},"yoast_head":"<!-- This site is optimized with the Yoast SEO plugin v26.5 - https:\/\/yoast.com\/wordpress\/plugins\/seo\/ -->\n<title>TAVIRA IP44 PRO - Descatalogados - Arteconfort<\/title>\n<meta name=\"description\" content=\"Le ventilateur TAVIRA IP44 PRO, gr\u00e2ce \u00e0 son indice de protection IP44, est id\u00e9al pour \u00eatre install\u00e9 sur votre terrasse, votre porche ou tout autre espace ext\u00e9rieur. Le moteur \u00e0 DC \u00e0 haut rendement fait que ce ventilateur a une consommation d&#039;\u00e9nergie minimale. Il dispose d&#039;une t\u00e9l\u00e9commande \u00e0 partir de laquelle vous pouvez programmer le temps de fonctionnement, modifier la vitesse ou la temp\u00e9rature de couleur de la lumi\u00e8re, entre autres fonctions. Ref. TAVIRAPRO44BL21Taille de la pi\u00e8ce recommand\u00e9eIP44Ventilateur de plafond silencieux pour dormirPlus silencieux, plus efficace et moins consommateur d&#039;\u00e9nergieAide \u00e0 r\u00e9guler les cycles circadiensTrouvez ce ventilateur de plafond en vente exclusivement chez LEROY MERLIN\" \/>\n<meta name=\"robots\" content=\"index, follow, max-snippet:-1, max-image-preview:large, max-video-preview:-1\" \/>\n<link rel=\"canonical\" href=\"https:\/\/arteconfort.com\/fr\/producto\/tavira-ip44-pro\/\" \/>\n<meta property=\"og:locale\" content=\"fr_FR\" \/>\n<meta property=\"og:type\" content=\"article\" \/>\n<meta property=\"og:title\" content=\"TAVIRA IP44 PRO - Descatalogados - Arteconfort\" \/>\n<meta property=\"og:description\" content=\"Le ventilateur TAVIRA IP44 PRO, gr\u00e2ce \u00e0 son indice de protection IP44, est id\u00e9al pour \u00eatre install\u00e9 sur votre terrasse, votre porche ou tout autre espace ext\u00e9rieur. Le moteur \u00e0 DC \u00e0 haut rendement fait que ce ventilateur a une consommation d&#039;\u00e9nergie minimale. Il dispose d&#039;une t\u00e9l\u00e9commande \u00e0 partir de laquelle vous pouvez programmer le temps de fonctionnement, modifier la vitesse ou la temp\u00e9rature de couleur de la lumi\u00e8re, entre autres fonctions. Ref. TAVIRAPRO44BL21Taille de la pi\u00e8ce recommand\u00e9eIP44Ventilateur de plafond silencieux pour dormirPlus silencieux, plus efficace et moins consommateur d&#039;\u00e9nergieAide \u00e0 r\u00e9guler les cycles circadiensTrouvez ce ventilateur de plafond en vente exclusivement chez LEROY MERLIN\" \/>\n<meta property=\"og:url\" content=\"https:\/\/arteconfort.com\/fr\/producto\/tavira-ip44-pro\/\" \/>\n<meta property=\"og:site_name\" content=\"Arteconfort\" \/>\n<meta property=\"article:modified_time\" content=\"2025-06-09T07:17:55+00:00\" \/>\n<meta property=\"og:image\" content=\"https:\/\/arteconfort.com\/wp-content\/uploads\/2024\/06\/ventilador-TAVIRA-IP44-PRO-foto-mando-distancia.webp\" \/>\n\t<meta property=\"og:image:width\" content=\"1024\" \/>\n\t<meta property=\"og:image:height\" content=\"1024\" \/>\n\t<meta property=\"og:image:type\" content=\"image\/webp\" \/>\n<meta name=\"twitter:card\" content=\"summary_large_image\" \/>\n<meta name=\"twitter:label1\" content=\"Dur\u00e9e de lecture estim\u00e9e\" \/>\n\t<meta name=\"twitter:data1\" content=\"2 minutes\" \/>\n<!-- \/ Yoast SEO plugin. -->","yoast_head_json":{"title":"TAVIRA IP44 PRO - Descatalogados - Arteconfort","description":"Le ventilateur TAVIRA IP44 PRO, gr\u00e2ce \u00e0 son indice de protection IP44, est id\u00e9al pour \u00eatre install\u00e9 sur votre terrasse, votre porche ou tout autre espace ext\u00e9rieur. Le moteur \u00e0 DC \u00e0 haut rendement fait que ce ventilateur a une consommation d'\u00e9nergie minimale. Il dispose d'une t\u00e9l\u00e9commande \u00e0 partir de laquelle vous pouvez programmer le temps de fonctionnement, modifier la vitesse ou la temp\u00e9rature de couleur de la lumi\u00e8re, entre autres fonctions. Ref. TAVIRAPRO44BL21Taille de la pi\u00e8ce recommand\u00e9eIP44Ventilateur de plafond silencieux pour dormirPlus silencieux, plus efficace et moins consommateur d'\u00e9nergieAide \u00e0 r\u00e9guler les cycles circadiensTrouvez ce ventilateur de plafond en vente exclusivement chez LEROY MERLIN","robots":{"index":"index","follow":"follow","max-snippet":"max-snippet:-1","max-image-preview":"max-image-preview:large","max-video-preview":"max-video-preview:-1"},"canonical":"https:\/\/arteconfort.com\/fr\/producto\/tavira-ip44-pro\/","og_locale":"fr_FR","og_type":"article","og_title":"TAVIRA IP44 PRO - Descatalogados - Arteconfort","og_description":"Le ventilateur TAVIRA IP44 PRO, gr\u00e2ce \u00e0 son indice de protection IP44, est id\u00e9al pour \u00eatre install\u00e9 sur votre terrasse, votre porche ou tout autre espace ext\u00e9rieur. Le moteur \u00e0 DC \u00e0 haut rendement fait que ce ventilateur a une consommation d'\u00e9nergie minimale. Il dispose d'une t\u00e9l\u00e9commande \u00e0 partir de laquelle vous pouvez programmer le temps de fonctionnement, modifier la vitesse ou la temp\u00e9rature de couleur de la lumi\u00e8re, entre autres fonctions. Ref. TAVIRAPRO44BL21Taille de la pi\u00e8ce recommand\u00e9eIP44Ventilateur de plafond silencieux pour dormirPlus silencieux, plus efficace et moins consommateur d'\u00e9nergieAide \u00e0 r\u00e9guler les cycles circadiensTrouvez ce ventilateur de plafond en vente exclusivement chez LEROY MERLIN","og_url":"https:\/\/arteconfort.com\/fr\/producto\/tavira-ip44-pro\/","og_site_name":"Arteconfort","article_modified_time":"2025-06-09T07:17:55+00:00","og_image":[{"width":1024,"height":1024,"url":"https:\/\/arteconfort.com\/wp-content\/uploads\/2024\/06\/ventilador-TAVIRA-IP44-PRO-foto-mando-distancia.webp","type":"image\/webp"}],"twitter_card":"summary_large_image","twitter_misc":{"Dur\u00e9e de lecture estim\u00e9e":"2 minutes"},"schema":{"@context":"https:\/\/schema.org","@graph":[{"@type":"WebPage","@id":"https:\/\/arteconfort.com\/fr\/producto\/tavira-ip44-pro\/","url":"https:\/\/arteconfort.com\/fr\/producto\/tavira-ip44-pro\/","name":"TAVIRA IP44 PRO - Descatalogados - Arteconfort","isPartOf":{"@id":"https:\/\/arteconfort.com\/fr\/#website"},"primaryImageOfPage":{"@id":"https:\/\/arteconfort.com\/fr\/producto\/tavira-ip44-pro\/#primaryimage"},"image":{"@id":"https:\/\/arteconfort.com\/fr\/producto\/tavira-ip44-pro\/#primaryimage"},"thumbnailUrl":"https:\/\/arteconfort.com\/wp-content\/uploads\/2024\/06\/ventilador-TAVIRA-IP44-PRO-foto-mando-distancia.webp","datePublished":"2020-12-21T10:21:13+00:00","dateModified":"2025-06-09T07:17:55+00:00","description":"Le ventilateur TAVIRA IP44 PRO, gr\u00e2ce \u00e0 son indice de protection IP44, est id\u00e9al pour \u00eatre install\u00e9 sur votre terrasse, votre porche ou tout autre espace ext\u00e9rieur. Le moteur \u00e0 DC \u00e0 haut rendement fait que ce ventilateur a une consommation d'\u00e9nergie minimale. Il dispose d'une t\u00e9l\u00e9commande \u00e0 partir de laquelle vous pouvez programmer le temps de fonctionnement, modifier la vitesse ou la temp\u00e9rature de couleur de la lumi\u00e8re, entre autres fonctions. Ref. TAVIRAPRO44BL21Taille de la pi\u00e8ce recommand\u00e9eIP44Ventilateur de plafond silencieux pour dormirPlus silencieux, plus efficace et moins consommateur d'\u00e9nergieAide \u00e0 r\u00e9guler les cycles circadiensTrouvez ce ventilateur de plafond en vente exclusivement chez LEROY MERLIN","breadcrumb":{"@id":"https:\/\/arteconfort.com\/fr\/producto\/tavira-ip44-pro\/#breadcrumb"},"inLanguage":"fr-FR","potentialAction":[{"@type":"ReadAction","target":["https:\/\/arteconfort.com\/fr\/producto\/tavira-ip44-pro\/"]}]},{"@type":"ImageObject","inLanguage":"fr-FR","@id":"https:\/\/arteconfort.com\/fr\/producto\/tavira-ip44-pro\/#primaryimage","url":"https:\/\/arteconfort.com\/wp-content\/uploads\/2024\/06\/ventilador-TAVIRA-IP44-PRO-foto-mando-distancia.webp","contentUrl":"https:\/\/arteconfort.com\/wp-content\/uploads\/2024\/06\/ventilador-TAVIRA-IP44-PRO-foto-mando-distancia.webp","width":1024,"height":1024,"caption":"Ventilador TAVIRA IP44 PRO foto mando distancia"},{"@type":"BreadcrumbList","@id":"https:\/\/arteconfort.com\/fr\/producto\/tavira-ip44-pro\/#breadcrumb","itemListElement":[{"@type":"ListItem","position":1,"name":"Inicio","item":"https:\/\/arteconfort.com\/fr\/"},{"@type":"ListItem","position":2,"name":"Boutique","item":"https:\/\/arteconfort.com\/fr\/boutique\/"},{"@type":"ListItem","position":3,"name":"TAVIRA IP44 PRO"}]},{"@type":"WebSite","@id":"https:\/\/arteconfort.com\/fr\/#website","url":"https:\/\/arteconfort.com\/fr\/","name":"Arteconfort","description":"Especialistas en productos del hogar","publisher":{"@id":"https:\/\/arteconfort.com\/fr\/#organization"},"potentialAction":[{"@type":"SearchAction","target":{"@type":"EntryPoint","urlTemplate":"https:\/\/arteconfort.com\/fr\/?s={search_term_string}"},"query-input":{"@type":"PropertyValueSpecification","valueRequired":true,"valueName":"search_term_string"}}],"inLanguage":"fr-FR"},{"@type":"Organization","@id":"https:\/\/arteconfort.com\/fr\/#organization","name":"Arteconfort","url":"https:\/\/arteconfort.com\/fr\/","logo":{"@type":"ImageObject","inLanguage":"fr-FR","@id":"https:\/\/arteconfort.com\/fr\/#\/schema\/logo\/image\/","url":"https:\/\/arteconfort.com\/wp-content\/uploads\/2019\/07\/logo-arteconfort.png","contentUrl":"https:\/\/arteconfort.com\/wp-content\/uploads\/2019\/07\/logo-arteconfort.png","width":230,"height":88,"caption":"Arteconfort"},"image":{"@id":"https:\/\/arteconfort.com\/fr\/#\/schema\/logo\/image\/"}}]}},"_links":{"self":[{"href":"https:\/\/arteconfort.com\/fr\/wp-json\/wp\/v2\/product\/11416","targetHints":{"allow":["GET"]}}],"collection":[{"href":"https:\/\/arteconfort.com\/fr\/wp-json\/wp\/v2\/product"}],"about":[{"href":"https:\/\/arteconfort.com\/fr\/wp-json\/wp\/v2\/types\/product"}],"wp:featuredmedia":[{"embeddable":true,"href":"https:\/\/arteconfort.com\/fr\/wp-json\/wp\/v2\/media\/39091"}],"wp:attachment":[{"href":"https:\/\/arteconfort.com\/fr\/wp-json\/wp\/v2\/media?parent=11416"}],"wp:term":[{"taxonomy":"product_brand","embeddable":true,"href":"https:\/\/arteconfort.com\/fr\/wp-json\/wp\/v2\/product_brand?post=11416"},{"taxonomy":"product_cat","embeddable":true,"href":"https:\/\/arteconfort.com\/fr\/wp-json\/wp\/v2\/product_cat?post=11416"},{"taxonomy":"product_tag","embeddable":true,"href":"https:\/\/arteconfort.com\/fr\/wp-json\/wp\/v2\/product_tag?post=11416"}],"curies":[{"name":"wp","href":"https:\/\/api.w.org\/{rel}","templated":true}]}}