{"id":11443,"date":"2019-08-06T09:54:04","date_gmt":"2019-08-06T07:54:04","guid":{"rendered":"https:\/\/arteconfort.com\/producto\/non%20class\u00e9\/tulum\/"},"modified":"2022-03-10T08:40:43","modified_gmt":"2022-03-10T07:40:43","slug":"tulum","status":"publish","type":"product","link":"https:\/\/arteconfort.com\/fr\/producto\/tulum\/","title":{"rendered":"TULUM"},"content":{"rendered":"<div class=\"wpb-content-wrapper\"><p>[vc_row][vc_column][vc_row_inner][vc_column_inner width=&#8221;1\/4&#8243; offset=&#8221;vc_col-xs-6&#8243;][wyde_info_box icon_set=&#8221;simple_line&#8221; icon_simple_line=&#8221;sl-volume-off&#8221; title=&#8221;AUCUN BIP DANS LE CONTR\u00d4LE&#8221;]Pour ne pas interrompre votre repos[\/wyde_info_box][\/vc_column_inner][vc_column_inner width=&#8221;1\/4&#8243; offset=&#8221;vc_col-xs-6&#8243;][wyde_info_box icon_set=&#8221;simple_line&#8221; icon_simple_line=&#8221;sl-wrench&#8221; title=&#8221;INSTALLATION FACILE&#8221;]Montez votre ventilateur en quelques \u00e9tapes simples[\/wyde_info_box][\/vc_column_inner][vc_column_inner width=&#8221;1\/4&#8243; offset=&#8221;vc_col-xs-6&#8243;][wyde_info_box icon_set=&#8221;simple_line&#8221; icon_simple_line=&#8221;sl-home&#8221; title=&#8221;CONVIENT AUX PLAFONDS INCLIN\u00c9S&#8221;]Jusqu&#8217;\u00e0 20\u00ba d&#8217;inclinaison[\/wyde_info_box][\/vc_column_inner][vc_column_inner width=&#8221;1\/4&#8243; offset=&#8221;vc_col-xs-6&#8243;][wyde_info_box icon_set=&#8221;simple_line&#8221; icon_simple_line=&#8221;sl-clock&#8221; title=&#8221;PROGRAMMABLE&#8221;]1h\/4h\/8h[\/wyde_info_box][\/vc_column_inner][\/vc_row_inner][vc_row_inner][vc_column_inner offset=&#8221;vc_hidden-xs&#8221;][vc_empty_space][\/vc_column_inner][\/vc_row_inner][vc_row_inner][vc_column_inner width=&#8221;1\/4&#8243; offset=&#8221;vc_col-xs-6&#8243;][wyde_info_box icon_set=&#8221;simple_line&#8221; icon_simple_line=&#8221;sl-speedometer&#8221; title=&#8221;5 VITESSES&#8221;]Une plus grande vari\u00e9t\u00e9 de vitesses[\/wyde_info_box][\/vc_column_inner][vc_column_inner width=&#8221;1\/4&#8243; offset=&#8221;vc_col-xs-6&#8243;][wyde_info_box icon_set=&#8221;simple_line&#8221; icon_simple_line=&#8221;sl-mouse&#8221; title=&#8221;CONTR\u00d4LE INCLUS&#8221;]Pour un plus grand confort d&#8217;utilisation[\/wyde_info_box][\/vc_column_inner][\/vc_row_inner][vc_row_inner][vc_column_inner offset=&#8221;vc_hidden-xs&#8221;][vc_empty_space height=&#8221;60px&#8221;][\/vc_column_inner][\/vc_row_inner][\/vc_column][\/vc_row][vc_row][vc_column width=&#8221;1\/2&#8243;][vc_accordion collapsible=&#8221;true&#8221; active_tab=&#8221;false&#8221;][vc_accordion_tab title=&#8221;Caract\u00e9ristiques m\u00e9caniques&#8221;][vc_column_text]<strong>Haut<\/strong> 35cm<br \/>\n<strong>Diam\u00e8tre<\/strong> 132cm<br \/>\n<strong>Poids<\/strong> 8,4kg<br \/>\n<strong>Mat\u00e9riau<\/strong> M\u00e9tal<br \/>\n<b>Finition <\/b>Noir matt<br \/>\n<strong>Bruit \u00e9mis <\/strong>20dBs \u00e0 la vitesse 1<br \/>\n<strong>Distance de s\u00e9curit\u00e9<\/strong> 2,3m<br \/>\n<strong>Surface recommand\u00e9e <\/strong>20m<sup>2<\/sup><br \/>\n<strong>Pente maximale du toit <\/strong>20\u00ba<br \/>\n<strong>IP<\/strong> 20<br \/>\n<strong>Isolation \u00e9lectrique <\/strong>Classe I<br \/>\n<strong>Num\u00e9ro de vitesses <\/strong>5<br \/>\n<strong>Vitesse Puissance<\/strong> 4,7W\/7,6W\/11,5W\/22W\/36W<br \/>\n<strong>Vitesse RPM <\/strong>80\/100\/115\/146\/172<br \/>\n<strong>Accessoires<\/strong> Stabilisateur<br \/>\n<strong>Garantie<\/strong> Moteur 5 ans[\/vc_column_text][\/vc_accordion_tab][vc_accordion_tab title=&#8221;Lames&#8221;][vc_column_text]<strong>Mat\u00e9riau<\/strong> Bois<br \/>\n<b>Finition <\/b>Bois de cerisier<br \/>\n<strong>R\u00e9versible<\/strong> Non<br \/>\n<strong>Num\u00e9ro de lames <\/strong>3<br \/>\n<strong>Fonction hiver\/\u00e9t\u00e9 <\/strong>Oui[\/vc_column_text][\/vc_accordion_tab][vc_accordion_tab title=&#8221;Caract\u00e9ristiques \u00e9lectriques&#8221;][vc_column_text]<strong>Type de moteur<\/strong> DC<br \/>\n<b>Puissance <\/b>36W[\/vc_column_text][\/vc_accordion_tab][vc_accordion_tab title=&#8221;Contr\u00f4le&#8221;][vc_column_text]<strong>Piles incluses<\/strong> Non<br \/>\n<strong>Type de pile<\/strong>\u00a023A<br \/>\n<strong>Arr\u00eat automatique <\/strong>Oui<br \/>\n<strong>Temps programmable <\/strong>1h\/4h\/8h[\/vc_column_text][\/vc_accordion_tab][\/vc_accordion][\/vc_column][vc_column width=&#8221;1\/2&#8243;][vc_single_image image=&#8221;6350&#8243;][\/vc_column][\/vc_row]<\/p>\n<\/div>","protected":false},"excerpt":{"rendered":"<p>Ventilateur de plafond design sans lumi\u00e8re et pales en bois v\u00e9ritable. Gr\u00e2ce \u00e0 son moteur \u00e0 DC, il est l&#8217;un des plus silencieux du march\u00e9 et en m\u00eame temps l&#8217;un des plus \u00e9conomes en \u00e9nergie. Ce ventilateur t\u00e9l\u00e9command\u00e9 poss\u00e8de 5 vitesses de rotation programmables. Il peut \u00e9galement \u00eatre install\u00e9 sur des plafonds inclin\u00e9s, ce qui en fait un choix parfait pour ajouter une touche de style \u00e0 n&#8217;importe quelle pi\u00e8ce.<br \/>\n<strong>Ref. CTULUM-036P3SLDDCV5NGRD<\/strong>[vc_row][vc_column offset=&#8221;vc_hidden-xs&#8221;][vc_empty_space height=&#8221;30px&#8221;][\/vc_column][\/vc_row][vc_row][vc_column][vc_row_inner][vc_column_inner][wyde_info_box icon_set=&#8221;simple_line&#8221; icon_simple_line=&#8221;sl-loop&#8221; icon_position=&#8221;left&#8221; title=&#8221;CHAMBRE 20M<sup>2<\/sup>&#8220;]Taille de la pi\u00e8ce recommand\u00e9e[\/wyde_info_box][vc_empty_space height=&#8221;15px&#8221;][\/vc_column_inner][\/vc_row_inner][vc_row_inner][vc_column_inner][wyde_info_box icon_set=&#8221;simple_line&#8221; icon_simple_line=&#8221;sl-volume-2&#8243; icon_position=&#8221;left&#8221; title=&#8221;MAX. 20DBS (BRUIT \u00c9MIS \u00c0 LA VITESSE 1)&#8221;]Ventilateur de plafond silencieux pour dormir[\/wyde_info_box][vc_empty_space height=&#8221;15px&#8221;][\/vc_column_inner][\/vc_row_inner][vc_row_inner][vc_column_inner][wyde_info_box icon_set=&#8221;simple_line&#8221; icon_simple_line=&#8221;sl-settings&#8221; icon_position=&#8221;left&#8221; title=&#8221;MOTEUR DC&#8221;]Plus silencieux, plus efficace et moins consommateur d&#8217;\u00e9nergie[\/wyde_info_box][vc_empty_space height=&#8221;15px&#8221;][\/vc_column_inner][\/vc_row_inner][vc_row_inner][vc_column_inner][wyde_info_box icon_set=&#8221;simple_line&#8221; icon_simple_line=&#8221;fa fa-tree&#8221; icon_position=&#8221;left&#8221; title=&#8221;BOIS R\u00c9EL&#8221;]Lame en bois l\u00e9ger[\/wyde_info_box][vc_empty_space height=&#8221;15px&#8221;][\/vc_column_inner][\/vc_row_inner][\/vc_column][\/vc_row][vc_row][vc_column offset=&#8221;vc_hidden-xs&#8221;][vc_empty_space height=&#8221;60px&#8221;][\/vc_column][\/vc_row][vc_row][vc_column width=&#8221;1\/3&#8243;][wyde_link_button icon_set=&#8221;simple_line&#8221; icon_simple_line=&#8221;sl-settings&#8221; style=&#8221;round&#8221; title=&#8221;Instrucciones&#8221; link=&#8221;url:http%3A%2F%2Farteconfort.com%2Fwp-content%2Fuploads%2F2020%2F01%2Fim-TULUM.pdf||target:%20_blank|rel:nofollow&#8221; color=&#8221;#ffffff&#8221; bg_color=&#8221;#222222&#8243;][\/vc_column][\/vc_row][vc_row][vc_column offset=&#8221;vc_hidden-xs&#8221;][vc_empty_space][\/vc_column][\/vc_row][vc_row][vc_column][vc_empty_space height=&#8221;20px&#8221;][\/vc_column][\/vc_row][vc_row background_mode=&#8221;color&#8221; background_color=&#8221;#f5f5f5&#8243;][vc_column text_align=&#8221;center&#8221;][vc_row_inner padding_size=&#8221;m-padding&#8221;][vc_column_inner text_align=&#8221;center&#8221;][vc_single_image alignment=&#8221;center&#8221; image=&#8221;1046&#8243;][vc_column_text]Trouvez ce ventilateur de plafond en vente exclusivement chez LEROY MERLIN[\/vc_column_text][vc_empty_space height=&#8221;15px&#8221;][wyde_link_button icon_set=&#8221;simple_line&#8221; icon_simple_line=&#8221;sl-login&#8221; style=&#8221;outline round&#8221; title=&#8221;Connectez-vous \u00e0 Leroy Merlin&#8221; link=&#8221;url:http%3A%2F%2Fwww.leroymerlin.es%2Ffp%2F82159462%2Fventilador-de-techo-sin-luz-tulum-marron-132-cm-motor-dc||target:%20_blank|rel:nofollow&#8221; color=&#8221;#61b4e4&#8243; hover_color=&#8221;#ffffff&#8221;][\/vc_column_inner][\/vc_row_inner][\/vc_column][\/vc_row]<\/p>\n","protected":false},"featured_media":33876,"template":"","meta":[],"product_brand":[],"product_cat":[406],"product_tag":[],"class_list":{"0":"post-11443","1":"product","2":"type-product","3":"status-publish","4":"has-post-thumbnail","6":"product_cat-descatalogados-fr","8":"first","9":"instock","10":"shipping-taxable","11":"product-type-external"},"yoast_head":"<!-- This site is optimized with the Yoast SEO plugin v26.5 - https:\/\/yoast.com\/wordpress\/plugins\/seo\/ -->\n<title>TULUM - Descatalogados - Arteconfort<\/title>\n<meta name=\"description\" content=\"Ventilateur de plafond design sans lumi\u00e8re et pales en bois v\u00e9ritable. Gr\u00e2ce \u00e0 son moteur \u00e0 DC, il est l&#039;un des plus silencieux du march\u00e9 et en m\u00eame temps l&#039;un des plus \u00e9conomes en \u00e9nergie. Ce ventilateur t\u00e9l\u00e9command\u00e9 poss\u00e8de 5 vitesses de rotation programmables. Il peut \u00e9galement \u00eatre install\u00e9 sur des plafonds inclin\u00e9s, ce qui en fait un choix parfait pour ajouter une touche de style \u00e0 n&#039;importe quelle pi\u00e8ce. Ref. CTULUM-036P3SLDDCV5NGRDTaille de la pi\u00e8ce recommand\u00e9eVentilateur de plafond silencieux pour dormirPlus silencieux, plus efficace et moins consommateur d&#039;\u00e9nergieLame en bois l\u00e9gerTrouvez ce ventilateur de plafond en vente exclusivement chez LEROY MERLIN\" \/>\n<meta name=\"robots\" content=\"index, follow, max-snippet:-1, max-image-preview:large, max-video-preview:-1\" \/>\n<link rel=\"canonical\" href=\"https:\/\/arteconfort.com\/fr\/producto\/tulum\/\" \/>\n<meta property=\"og:locale\" content=\"fr_FR\" \/>\n<meta property=\"og:type\" content=\"article\" \/>\n<meta property=\"og:title\" content=\"TULUM - Descatalogados - Arteconfort\" \/>\n<meta property=\"og:description\" content=\"Ventilateur de plafond design sans lumi\u00e8re et pales en bois v\u00e9ritable. Gr\u00e2ce \u00e0 son moteur \u00e0 DC, il est l&#039;un des plus silencieux du march\u00e9 et en m\u00eame temps l&#039;un des plus \u00e9conomes en \u00e9nergie. Ce ventilateur t\u00e9l\u00e9command\u00e9 poss\u00e8de 5 vitesses de rotation programmables. Il peut \u00e9galement \u00eatre install\u00e9 sur des plafonds inclin\u00e9s, ce qui en fait un choix parfait pour ajouter une touche de style \u00e0 n&#039;importe quelle pi\u00e8ce. Ref. CTULUM-036P3SLDDCV5NGRDTaille de la pi\u00e8ce recommand\u00e9eVentilateur de plafond silencieux pour dormirPlus silencieux, plus efficace et moins consommateur d&#039;\u00e9nergieLame en bois l\u00e9gerTrouvez ce ventilateur de plafond en vente exclusivement chez LEROY MERLIN\" \/>\n<meta property=\"og:url\" content=\"https:\/\/arteconfort.com\/fr\/producto\/tulum\/\" \/>\n<meta property=\"og:site_name\" content=\"Arteconfort\" \/>\n<meta property=\"article:modified_time\" content=\"2022-03-10T07:40:43+00:00\" \/>\n<meta property=\"og:image\" content=\"https:\/\/arteconfort.com\/wp-content\/uploads\/2023\/10\/TULUM.webp\" \/>\n\t<meta property=\"og:image:width\" content=\"1024\" \/>\n\t<meta property=\"og:image:height\" content=\"1024\" \/>\n\t<meta property=\"og:image:type\" content=\"image\/webp\" \/>\n<meta name=\"twitter:card\" content=\"summary_large_image\" \/>\n<meta name=\"twitter:label1\" content=\"Dur\u00e9e de lecture estim\u00e9e\" \/>\n\t<meta name=\"twitter:data1\" content=\"2 minutes\" \/>\n<!-- \/ Yoast SEO plugin. -->","yoast_head_json":{"title":"TULUM - Descatalogados - Arteconfort","description":"Ventilateur de plafond design sans lumi\u00e8re et pales en bois v\u00e9ritable. Gr\u00e2ce \u00e0 son moteur \u00e0 DC, il est l'un des plus silencieux du march\u00e9 et en m\u00eame temps l'un des plus \u00e9conomes en \u00e9nergie. Ce ventilateur t\u00e9l\u00e9command\u00e9 poss\u00e8de 5 vitesses de rotation programmables. Il peut \u00e9galement \u00eatre install\u00e9 sur des plafonds inclin\u00e9s, ce qui en fait un choix parfait pour ajouter une touche de style \u00e0 n'importe quelle pi\u00e8ce. Ref. CTULUM-036P3SLDDCV5NGRDTaille de la pi\u00e8ce recommand\u00e9eVentilateur de plafond silencieux pour dormirPlus silencieux, plus efficace et moins consommateur d'\u00e9nergieLame en bois l\u00e9gerTrouvez ce ventilateur de plafond en vente exclusivement chez LEROY MERLIN","robots":{"index":"index","follow":"follow","max-snippet":"max-snippet:-1","max-image-preview":"max-image-preview:large","max-video-preview":"max-video-preview:-1"},"canonical":"https:\/\/arteconfort.com\/fr\/producto\/tulum\/","og_locale":"fr_FR","og_type":"article","og_title":"TULUM - Descatalogados - Arteconfort","og_description":"Ventilateur de plafond design sans lumi\u00e8re et pales en bois v\u00e9ritable. Gr\u00e2ce \u00e0 son moteur \u00e0 DC, il est l'un des plus silencieux du march\u00e9 et en m\u00eame temps l'un des plus \u00e9conomes en \u00e9nergie. Ce ventilateur t\u00e9l\u00e9command\u00e9 poss\u00e8de 5 vitesses de rotation programmables. Il peut \u00e9galement \u00eatre install\u00e9 sur des plafonds inclin\u00e9s, ce qui en fait un choix parfait pour ajouter une touche de style \u00e0 n'importe quelle pi\u00e8ce. Ref. CTULUM-036P3SLDDCV5NGRDTaille de la pi\u00e8ce recommand\u00e9eVentilateur de plafond silencieux pour dormirPlus silencieux, plus efficace et moins consommateur d'\u00e9nergieLame en bois l\u00e9gerTrouvez ce ventilateur de plafond en vente exclusivement chez LEROY MERLIN","og_url":"https:\/\/arteconfort.com\/fr\/producto\/tulum\/","og_site_name":"Arteconfort","article_modified_time":"2022-03-10T07:40:43+00:00","og_image":[{"width":1024,"height":1024,"url":"https:\/\/arteconfort.com\/wp-content\/uploads\/2023\/10\/TULUM.webp","type":"image\/webp"}],"twitter_card":"summary_large_image","twitter_misc":{"Dur\u00e9e de lecture estim\u00e9e":"2 minutes"},"schema":{"@context":"https:\/\/schema.org","@graph":[{"@type":"WebPage","@id":"https:\/\/arteconfort.com\/fr\/producto\/tulum\/","url":"https:\/\/arteconfort.com\/fr\/producto\/tulum\/","name":"TULUM - Descatalogados - Arteconfort","isPartOf":{"@id":"https:\/\/arteconfort.com\/fr\/#website"},"primaryImageOfPage":{"@id":"https:\/\/arteconfort.com\/fr\/producto\/tulum\/#primaryimage"},"image":{"@id":"https:\/\/arteconfort.com\/fr\/producto\/tulum\/#primaryimage"},"thumbnailUrl":"https:\/\/arteconfort.com\/wp-content\/uploads\/2023\/10\/TULUM.webp","datePublished":"2019-08-06T07:54:04+00:00","dateModified":"2022-03-10T07:40:43+00:00","description":"Ventilateur de plafond design sans lumi\u00e8re et pales en bois v\u00e9ritable. Gr\u00e2ce \u00e0 son moteur \u00e0 DC, il est l'un des plus silencieux du march\u00e9 et en m\u00eame temps l'un des plus \u00e9conomes en \u00e9nergie. Ce ventilateur t\u00e9l\u00e9command\u00e9 poss\u00e8de 5 vitesses de rotation programmables. Il peut \u00e9galement \u00eatre install\u00e9 sur des plafonds inclin\u00e9s, ce qui en fait un choix parfait pour ajouter une touche de style \u00e0 n'importe quelle pi\u00e8ce. Ref. CTULUM-036P3SLDDCV5NGRDTaille de la pi\u00e8ce recommand\u00e9eVentilateur de plafond silencieux pour dormirPlus silencieux, plus efficace et moins consommateur d'\u00e9nergieLame en bois l\u00e9gerTrouvez ce ventilateur de plafond en vente exclusivement chez LEROY MERLIN","breadcrumb":{"@id":"https:\/\/arteconfort.com\/fr\/producto\/tulum\/#breadcrumb"},"inLanguage":"fr-FR","potentialAction":[{"@type":"ReadAction","target":["https:\/\/arteconfort.com\/fr\/producto\/tulum\/"]}]},{"@type":"ImageObject","inLanguage":"fr-FR","@id":"https:\/\/arteconfort.com\/fr\/producto\/tulum\/#primaryimage","url":"https:\/\/arteconfort.com\/wp-content\/uploads\/2023\/10\/TULUM.webp","contentUrl":"https:\/\/arteconfort.com\/wp-content\/uploads\/2023\/10\/TULUM.webp","width":1024,"height":1024},{"@type":"BreadcrumbList","@id":"https:\/\/arteconfort.com\/fr\/producto\/tulum\/#breadcrumb","itemListElement":[{"@type":"ListItem","position":1,"name":"Inicio","item":"https:\/\/arteconfort.com\/fr\/"},{"@type":"ListItem","position":2,"name":"Boutique","item":"https:\/\/arteconfort.com\/fr\/boutique\/"},{"@type":"ListItem","position":3,"name":"TULUM"}]},{"@type":"WebSite","@id":"https:\/\/arteconfort.com\/fr\/#website","url":"https:\/\/arteconfort.com\/fr\/","name":"Arteconfort","description":"Especialistas en productos del hogar","publisher":{"@id":"https:\/\/arteconfort.com\/fr\/#organization"},"potentialAction":[{"@type":"SearchAction","target":{"@type":"EntryPoint","urlTemplate":"https:\/\/arteconfort.com\/fr\/?s={search_term_string}"},"query-input":{"@type":"PropertyValueSpecification","valueRequired":true,"valueName":"search_term_string"}}],"inLanguage":"fr-FR"},{"@type":"Organization","@id":"https:\/\/arteconfort.com\/fr\/#organization","name":"Arteconfort","url":"https:\/\/arteconfort.com\/fr\/","logo":{"@type":"ImageObject","inLanguage":"fr-FR","@id":"https:\/\/arteconfort.com\/fr\/#\/schema\/logo\/image\/","url":"https:\/\/arteconfort.com\/wp-content\/uploads\/2019\/07\/logo-arteconfort.png","contentUrl":"https:\/\/arteconfort.com\/wp-content\/uploads\/2019\/07\/logo-arteconfort.png","width":230,"height":88,"caption":"Arteconfort"},"image":{"@id":"https:\/\/arteconfort.com\/fr\/#\/schema\/logo\/image\/"}}]}},"_links":{"self":[{"href":"https:\/\/arteconfort.com\/fr\/wp-json\/wp\/v2\/product\/11443","targetHints":{"allow":["GET"]}}],"collection":[{"href":"https:\/\/arteconfort.com\/fr\/wp-json\/wp\/v2\/product"}],"about":[{"href":"https:\/\/arteconfort.com\/fr\/wp-json\/wp\/v2\/types\/product"}],"wp:featuredmedia":[{"embeddable":true,"href":"https:\/\/arteconfort.com\/fr\/wp-json\/wp\/v2\/media\/33876"}],"wp:attachment":[{"href":"https:\/\/arteconfort.com\/fr\/wp-json\/wp\/v2\/media?parent=11443"}],"wp:term":[{"taxonomy":"product_brand","embeddable":true,"href":"https:\/\/arteconfort.com\/fr\/wp-json\/wp\/v2\/product_brand?post=11443"},{"taxonomy":"product_cat","embeddable":true,"href":"https:\/\/arteconfort.com\/fr\/wp-json\/wp\/v2\/product_cat?post=11443"},{"taxonomy":"product_tag","embeddable":true,"href":"https:\/\/arteconfort.com\/fr\/wp-json\/wp\/v2\/product_tag?post=11443"}],"curies":[{"name":"wp","href":"https:\/\/api.w.org\/{rel}","templated":true}]}}