{"id":11449,"date":"2020-02-06T13:52:18","date_gmt":"2020-02-06T12:52:18","guid":{"rendered":"https:\/\/arteconfort.com\/producto\/non%20class\u00e9\/zen\/"},"modified":"2022-03-10T08:52:39","modified_gmt":"2022-03-10T07:52:39","slug":"zen","status":"publish","type":"product","link":"https:\/\/arteconfort.com\/fr\/producto\/zen\/","title":{"rendered":"ZEN"},"content":{"rendered":"<div class=\"wpb-content-wrapper\"><p>[vc_row][vc_column][vc_row_inner][vc_column_inner width=&#8221;1\/4&#8243; offset=&#8221;vc_col-xs-6&#8243;][wyde_info_box icon_set=&#8221;simple_line&#8221; icon_simple_line=&#8221;sl-volume-off&#8221; title=&#8221;AUCUN BIP DANS LE CONTR\u00d4LE&#8221;]Pour ne pas interrompre votre repos[\/wyde_info_box][\/vc_column_inner][vc_column_inner width=&#8221;1\/4&#8243; offset=&#8221;vc_col-xs-6&#8243;][wyde_info_box icon_set=&#8221;simple_line&#8221; icon_simple_line=&#8221;sl-home&#8221; title=&#8221;CONVIENT AUX PLAFONDS INCLIN\u00c9S&#8221;]Jusqu&#8217;\u00e0 20\u00ba d&#8217;inclinaison[\/wyde_info_box][\/vc_column_inner][vc_column_inner width=&#8221;1\/4&#8243; offset=&#8221;vc_col-xs-6&#8243;][wyde_info_box icon_set=&#8221;simple_line&#8221; icon_simple_line=&#8221;sl-clock&#8221; title=&#8221;PROGRAMMABLE&#8221;]1h\/2h\/4h\/8h[\/wyde_info_box][\/vc_column_inner][vc_column_inner width=&#8221;1\/4&#8243; offset=&#8221;vc_col-xs-6&#8243;][wyde_info_box icon_set=&#8221;simple_line&#8221; icon_simple_line=&#8221;sl-speedometer&#8221; title=&#8221;3 VITESSES&#8221;]R\u00e9gulation du flux d&#8217;air[\/wyde_info_box][\/vc_column_inner][\/vc_row_inner][vc_row_inner][vc_column_inner offset=&#8221;vc_hidden-xs&#8221;][vc_empty_space][\/vc_column_inner][\/vc_row_inner][vc_row_inner][vc_column_inner width=&#8221;1\/4&#8243; offset=&#8221;vc_col-xs-6&#8243;][wyde_info_box icon_set=&#8221;simple_line&#8221; icon_simple_line=&#8221;sl-mouse&#8221; title=&#8221;CONTR\u00d4LE INCLUS&#8221;]Pour un plus grand confort d&#8217;utilisation<br \/>\n[\/wyde_info_box][\/vc_column_inner][\/vc_row_inner][vc_row_inner][vc_column_inner offset=&#8221;vc_hidden-xs&#8221;][vc_empty_space height=&#8221;60px&#8221;][\/vc_column_inner][\/vc_row_inner][\/vc_column][\/vc_row][vc_row][vc_column width=&#8221;1\/2&#8243;][vc_accordion collapsible=&#8221;true&#8221; active_tab=&#8221;false&#8221;][vc_accordion_tab title=&#8221;Caract\u00e9ristiques m\u00e9caniques&#8221;][vc_column_text]<strong>Haut<\/strong> 31,5cm<br \/>\n<strong>Diam\u00e8tre<\/strong> 132cm<br \/>\n<strong>Poids<\/strong> 6,3kg<br \/>\n<strong>Mat\u00e9riau<\/strong> M\u00e9tal<br \/>\n<b>Finition <\/b>Noir matt<br \/>\n<strong>Bruit \u00e9mis <\/strong>30dBs \u00e0 la vitesse 1<br \/>\n<strong>Distance de s\u00e9curit\u00e9 <\/strong>2,3m<br \/>\n<strong>Surface recommand\u00e9e <\/strong>20m<sup>2<\/sup><br \/>\n<strong>Pente maximale du toit <\/strong>20\u00ba<br \/>\n<strong>IP<\/strong> 20<br \/>\n<strong>Isolation \u00e9lectrique <\/strong>Classe I<br \/>\n<strong>Num\u00e9ro de vitesses <\/strong>3<br \/>\n<strong>Vitesse Puissance <\/strong>27W\/45W\/55W<br \/>\n<strong>Vitesse RPM <\/strong>144\/187\/210<br \/>\n<strong>Accessoires<\/strong> Stabilisateur et poteau suppl\u00e9mentaire de 25cm<br \/>\n<strong>Garantie<\/strong> 2 ans[\/vc_column_text][\/vc_accordion_tab][vc_accordion_tab title=&#8221;Lames&#8221;][vc_column_text]<strong>Mat\u00e9riau<\/strong> Plywood<br \/>\n<b>Finition <\/b>Noir matt<br \/>\n<strong>R\u00e9versible<\/strong> Oui<br \/>\n<strong>Num\u00e9ro de lames <\/strong>4<br \/>\n<strong>Fonction hiver\/\u00e9t\u00e9 <\/strong>Oui<br \/>\n[\/vc_column_text][\/vc_accordion_tab][vc_accordion_tab title=&#8221;Caract\u00e9ristiques \u00e9lectriques&#8221;][vc_column_text]<strong>Type de moteur <\/strong>AC<br \/>\n<b>Puissance <\/b>55W<br \/>\n<strong>Fr\u00e9quence<\/strong> 50Hz[\/vc_column_text][\/vc_accordion_tab][vc_accordion_tab title=&#8221;Contr\u00f4le&#8221;][vc_column_text]<strong>Piles incluses <\/strong>Oui<br \/>\n<strong>Type de pile <\/strong>2x AAA<br \/>\n<strong>Arr\u00eat automatique <\/strong>Oui<br \/>\n<strong>Temps programmable <\/strong>1h\/2h\/4h\/8h[\/vc_column_text][\/vc_accordion_tab][\/vc_accordion][\/vc_column][vc_column width=&#8221;1\/2&#8243;][vc_single_image image=&#8221;7414&#8243;][\/vc_column]<\/p>\n<\/div>","protected":false},"excerpt":{"rendered":"<p>Ventilateur de plafond moderne sans lumi\u00e8re qui ajoutera une touche de style distinctif \u00e0 vos pi\u00e8ces. Ce ventilateur noir avec moteur \u00e0 CA poss\u00e8de trois vitesses programmables qui peuvent \u00eatre r\u00e9gl\u00e9es par t\u00e9l\u00e9commande. Vous pouvez \u00e9galement l&#8217;utiliser pour climatiser votre maison tout au long de l&#8217;ann\u00e9e car il a un effet \u00e9t\u00e9-hiver.<br \/>\n<strong>Ref. ZENNE21<\/strong>[vc_row][vc_column offset=&#8221;vc_hidden-xs&#8221;][vc_empty_space height=&#8221;30px&#8221;][\/vc_column][\/vc_row][vc_row][vc_column][vc_row_inner][vc_column_inner][wyde_info_box icon_set=&#8221;simple_line&#8221; icon_simple_line=&#8221;sl-loop&#8221; icon_position=&#8221;left&#8221; title=&#8221;CHAMBRE JUSQU&#8217;\u00c020M<sup>2<\/sup>&#8220;]Taille de la pi\u00e8ce recommand\u00e9e[\/wyde_info_box][vc_empty_space height=&#8221;15px&#8221;][\/vc_column_inner][\/vc_row_inner][vc_row_inner][vc_column_inner][wyde_info_box icon_set=&#8221;simple_line&#8221; icon_simple_line=&#8221;sl-volume-2&#8243; icon_position=&#8221;left&#8221; title=&#8221;MAX. 30DBS (BRUIT \u00c9MIS \u00c0 LA VITESSE 1)&#8221;]Ventilateur de plafond silencieux pour dormir[\/wyde_info_box][vc_empty_space height=&#8221;15px&#8221;][\/vc_column_inner][\/vc_row_inner][vc_row_inner][vc_column_inner][wyde_info_box icon_set=&#8221;simple_line&#8221; icon_simple_line=&#8221;sl-settings&#8221; icon_position=&#8221;left&#8221; title=&#8221;MOTEUR AC&#8221;]Haute efficacit\u00e9[\/wyde_info_box][vc_empty_space height=&#8221;15px&#8221;][\/vc_column_inner][\/vc_row_inner][vc_row_inner][vc_column_inner][wyde_info_box icon_set=&#8221;simple_line&#8221; icon_simple_line=&#8221;sl-wrench&#8221; icon_position=&#8221;left&#8221; title=&#8221;INSTALLATION FACILE&#8221;]Montez votre ventilateur en quelques \u00e9tapes seulement[\/wyde_info_box][vc_empty_space height=&#8221;15px&#8221;][\/vc_column_inner][\/vc_row_inner][\/vc_column][\/vc_row][vc_row][vc_column offset=&#8221;vc_hidden-xs&#8221;][vc_empty_space height=&#8221;60px&#8221;][\/vc_column][\/vc_row][vc_row][vc_column width=&#8221;1\/3&#8243;][wyde_link_button icon_set=&#8221;simple_line&#8221; icon_simple_line=&#8221;sl-settings&#8221; style=&#8221;round&#8221; title=&#8221;Instructions&#8221; link=&#8221;url:http%3A%2F%2Farteconfort.com%2Fwp-content%2Fuploads%2F2020%2F01%2Fim-ZEN.pdf||target:%20_blank|rel:nofollow&#8221; color=&#8221;#ffffff&#8221; bg_color=&#8221;#222222&#8243;][\/vc_column][\/vc_row][vc_row][vc_column offset=&#8221;vc_hidden-xs&#8221;][vc_empty_space][\/vc_column][\/vc_row]<\/p>\n","protected":false},"featured_media":34611,"template":"","meta":[],"product_brand":[],"product_cat":[406],"product_tag":[],"class_list":{"0":"post-11449","1":"product","2":"type-product","3":"status-publish","4":"has-post-thumbnail","6":"product_cat-descatalogados-fr","8":"first","9":"instock","10":"shipping-taxable","11":"product-type-simple"},"yoast_head":"<!-- This site is optimized with the Yoast SEO plugin v26.5 - https:\/\/yoast.com\/wordpress\/plugins\/seo\/ -->\n<title>ZEN - Descatalogados - Arteconfort<\/title>\n<meta name=\"description\" content=\"Ventilateur de plafond moderne sans lumi\u00e8re qui ajoutera une touche de style distinctif \u00e0 vos pi\u00e8ces. Ce ventilateur noir avec moteur \u00e0 CA poss\u00e8de trois vitesses programmables qui peuvent \u00eatre r\u00e9gl\u00e9es par t\u00e9l\u00e9commande. Vous pouvez \u00e9galement l&#039;utiliser pour climatiser votre maison tout au long de l&#039;ann\u00e9e car il a un effet \u00e9t\u00e9-hiver. Ref. ZENNE21Taille de la pi\u00e8ce recommand\u00e9eVentilateur de plafond silencieux pour dormirHaute efficacit\u00e9Montez votre ventilateur en quelques \u00e9tapes seulement\" \/>\n<meta name=\"robots\" content=\"index, follow, max-snippet:-1, max-image-preview:large, max-video-preview:-1\" \/>\n<link rel=\"canonical\" href=\"https:\/\/arteconfort.com\/fr\/producto\/zen\/\" \/>\n<meta property=\"og:locale\" content=\"fr_FR\" \/>\n<meta property=\"og:type\" content=\"article\" \/>\n<meta property=\"og:title\" content=\"ZEN - Descatalogados - Arteconfort\" \/>\n<meta property=\"og:description\" content=\"Ventilateur de plafond moderne sans lumi\u00e8re qui ajoutera une touche de style distinctif \u00e0 vos pi\u00e8ces. Ce ventilateur noir avec moteur \u00e0 CA poss\u00e8de trois vitesses programmables qui peuvent \u00eatre r\u00e9gl\u00e9es par t\u00e9l\u00e9commande. Vous pouvez \u00e9galement l&#039;utiliser pour climatiser votre maison tout au long de l&#039;ann\u00e9e car il a un effet \u00e9t\u00e9-hiver. Ref. ZENNE21Taille de la pi\u00e8ce recommand\u00e9eVentilateur de plafond silencieux pour dormirHaute efficacit\u00e9Montez votre ventilateur en quelques \u00e9tapes seulement\" \/>\n<meta property=\"og:url\" content=\"https:\/\/arteconfort.com\/fr\/producto\/zen\/\" \/>\n<meta property=\"og:site_name\" content=\"Arteconfort\" \/>\n<meta property=\"article:modified_time\" content=\"2022-03-10T07:52:39+00:00\" \/>\n<meta property=\"og:image\" content=\"https:\/\/arteconfort.com\/wp-content\/uploads\/2023\/10\/ZEN-plata.webp\" \/>\n\t<meta property=\"og:image:width\" content=\"1024\" \/>\n\t<meta property=\"og:image:height\" content=\"1024\" \/>\n\t<meta property=\"og:image:type\" content=\"image\/webp\" \/>\n<meta name=\"twitter:card\" content=\"summary_large_image\" \/>\n<meta name=\"twitter:label1\" content=\"Dur\u00e9e de lecture estim\u00e9e\" \/>\n\t<meta name=\"twitter:data1\" content=\"2 minutes\" \/>\n<!-- \/ Yoast SEO plugin. -->","yoast_head_json":{"title":"ZEN - Descatalogados - Arteconfort","description":"Ventilateur de plafond moderne sans lumi\u00e8re qui ajoutera une touche de style distinctif \u00e0 vos pi\u00e8ces. Ce ventilateur noir avec moteur \u00e0 CA poss\u00e8de trois vitesses programmables qui peuvent \u00eatre r\u00e9gl\u00e9es par t\u00e9l\u00e9commande. Vous pouvez \u00e9galement l'utiliser pour climatiser votre maison tout au long de l'ann\u00e9e car il a un effet \u00e9t\u00e9-hiver. Ref. ZENNE21Taille de la pi\u00e8ce recommand\u00e9eVentilateur de plafond silencieux pour dormirHaute efficacit\u00e9Montez votre ventilateur en quelques \u00e9tapes seulement","robots":{"index":"index","follow":"follow","max-snippet":"max-snippet:-1","max-image-preview":"max-image-preview:large","max-video-preview":"max-video-preview:-1"},"canonical":"https:\/\/arteconfort.com\/fr\/producto\/zen\/","og_locale":"fr_FR","og_type":"article","og_title":"ZEN - Descatalogados - Arteconfort","og_description":"Ventilateur de plafond moderne sans lumi\u00e8re qui ajoutera une touche de style distinctif \u00e0 vos pi\u00e8ces. Ce ventilateur noir avec moteur \u00e0 CA poss\u00e8de trois vitesses programmables qui peuvent \u00eatre r\u00e9gl\u00e9es par t\u00e9l\u00e9commande. Vous pouvez \u00e9galement l'utiliser pour climatiser votre maison tout au long de l'ann\u00e9e car il a un effet \u00e9t\u00e9-hiver. Ref. ZENNE21Taille de la pi\u00e8ce recommand\u00e9eVentilateur de plafond silencieux pour dormirHaute efficacit\u00e9Montez votre ventilateur en quelques \u00e9tapes seulement","og_url":"https:\/\/arteconfort.com\/fr\/producto\/zen\/","og_site_name":"Arteconfort","article_modified_time":"2022-03-10T07:52:39+00:00","og_image":[{"width":1024,"height":1024,"url":"https:\/\/arteconfort.com\/wp-content\/uploads\/2023\/10\/ZEN-plata.webp","type":"image\/webp"}],"twitter_card":"summary_large_image","twitter_misc":{"Dur\u00e9e de lecture estim\u00e9e":"2 minutes"},"schema":{"@context":"https:\/\/schema.org","@graph":[{"@type":"WebPage","@id":"https:\/\/arteconfort.com\/fr\/producto\/zen\/","url":"https:\/\/arteconfort.com\/fr\/producto\/zen\/","name":"ZEN - Descatalogados - Arteconfort","isPartOf":{"@id":"https:\/\/arteconfort.com\/fr\/#website"},"primaryImageOfPage":{"@id":"https:\/\/arteconfort.com\/fr\/producto\/zen\/#primaryimage"},"image":{"@id":"https:\/\/arteconfort.com\/fr\/producto\/zen\/#primaryimage"},"thumbnailUrl":"https:\/\/arteconfort.com\/wp-content\/uploads\/2023\/10\/ZEN-plata.webp","datePublished":"2020-02-06T12:52:18+00:00","dateModified":"2022-03-10T07:52:39+00:00","description":"Ventilateur de plafond moderne sans lumi\u00e8re qui ajoutera une touche de style distinctif \u00e0 vos pi\u00e8ces. Ce ventilateur noir avec moteur \u00e0 CA poss\u00e8de trois vitesses programmables qui peuvent \u00eatre r\u00e9gl\u00e9es par t\u00e9l\u00e9commande. Vous pouvez \u00e9galement l'utiliser pour climatiser votre maison tout au long de l'ann\u00e9e car il a un effet \u00e9t\u00e9-hiver. Ref. ZENNE21Taille de la pi\u00e8ce recommand\u00e9eVentilateur de plafond silencieux pour dormirHaute efficacit\u00e9Montez votre ventilateur en quelques \u00e9tapes seulement","breadcrumb":{"@id":"https:\/\/arteconfort.com\/fr\/producto\/zen\/#breadcrumb"},"inLanguage":"fr-FR","potentialAction":[{"@type":"ReadAction","target":["https:\/\/arteconfort.com\/fr\/producto\/zen\/"]}]},{"@type":"ImageObject","inLanguage":"fr-FR","@id":"https:\/\/arteconfort.com\/fr\/producto\/zen\/#primaryimage","url":"https:\/\/arteconfort.com\/wp-content\/uploads\/2023\/10\/ZEN-plata.webp","contentUrl":"https:\/\/arteconfort.com\/wp-content\/uploads\/2023\/10\/ZEN-plata.webp","width":1024,"height":1024},{"@type":"BreadcrumbList","@id":"https:\/\/arteconfort.com\/fr\/producto\/zen\/#breadcrumb","itemListElement":[{"@type":"ListItem","position":1,"name":"Inicio","item":"https:\/\/arteconfort.com\/fr\/"},{"@type":"ListItem","position":2,"name":"Boutique","item":"https:\/\/arteconfort.com\/fr\/boutique\/"},{"@type":"ListItem","position":3,"name":"ZEN"}]},{"@type":"WebSite","@id":"https:\/\/arteconfort.com\/fr\/#website","url":"https:\/\/arteconfort.com\/fr\/","name":"Arteconfort","description":"Especialistas en productos del hogar","publisher":{"@id":"https:\/\/arteconfort.com\/fr\/#organization"},"potentialAction":[{"@type":"SearchAction","target":{"@type":"EntryPoint","urlTemplate":"https:\/\/arteconfort.com\/fr\/?s={search_term_string}"},"query-input":{"@type":"PropertyValueSpecification","valueRequired":true,"valueName":"search_term_string"}}],"inLanguage":"fr-FR"},{"@type":"Organization","@id":"https:\/\/arteconfort.com\/fr\/#organization","name":"Arteconfort","url":"https:\/\/arteconfort.com\/fr\/","logo":{"@type":"ImageObject","inLanguage":"fr-FR","@id":"https:\/\/arteconfort.com\/fr\/#\/schema\/logo\/image\/","url":"https:\/\/arteconfort.com\/wp-content\/uploads\/2019\/07\/logo-arteconfort.png","contentUrl":"https:\/\/arteconfort.com\/wp-content\/uploads\/2019\/07\/logo-arteconfort.png","width":230,"height":88,"caption":"Arteconfort"},"image":{"@id":"https:\/\/arteconfort.com\/fr\/#\/schema\/logo\/image\/"}}]}},"_links":{"self":[{"href":"https:\/\/arteconfort.com\/fr\/wp-json\/wp\/v2\/product\/11449","targetHints":{"allow":["GET"]}}],"collection":[{"href":"https:\/\/arteconfort.com\/fr\/wp-json\/wp\/v2\/product"}],"about":[{"href":"https:\/\/arteconfort.com\/fr\/wp-json\/wp\/v2\/types\/product"}],"wp:featuredmedia":[{"embeddable":true,"href":"https:\/\/arteconfort.com\/fr\/wp-json\/wp\/v2\/media\/34611"}],"wp:attachment":[{"href":"https:\/\/arteconfort.com\/fr\/wp-json\/wp\/v2\/media?parent=11449"}],"wp:term":[{"taxonomy":"product_brand","embeddable":true,"href":"https:\/\/arteconfort.com\/fr\/wp-json\/wp\/v2\/product_brand?post=11449"},{"taxonomy":"product_cat","embeddable":true,"href":"https:\/\/arteconfort.com\/fr\/wp-json\/wp\/v2\/product_cat?post=11449"},{"taxonomy":"product_tag","embeddable":true,"href":"https:\/\/arteconfort.com\/fr\/wp-json\/wp\/v2\/product_tag?post=11449"}],"curies":[{"name":"wp","href":"https:\/\/api.w.org\/{rel}","templated":true}]}}