{"id":11487,"date":"2020-07-23T11:42:56","date_gmt":"2020-07-23T09:42:56","guid":{"rendered":"https:\/\/arteconfort.com\/producto\/non%20class\u00e9\/carril\/"},"modified":"2022-09-27T08:45:59","modified_gmt":"2022-09-27T06:45:59","slug":"carril","status":"publish","type":"product","link":"https:\/\/arteconfort.com\/fr\/producto\/carril\/","title":{"rendered":"CARRIL"},"content":{"rendered":"<div class=\"wpb-content-wrapper\"><p>[vc_row][vc_column width=&#8221;1\/2&#8243;][vc_accordion collapsible=&#8221;true&#8221; active_tab=&#8221;false&#8221;][vc_accordion_tab title=&#8221;Caract\u00e9ristiques m\u00e9caniques&#8221;][vc_column_text]<strong>Dimensions<\/strong> 3,3x100x4,2cm<br \/>\n<strong>Mat\u00e9riau<\/strong> Aluminium<br \/>\n<b>Finition <\/b>Blanc\/Noir<br \/>\n<strong>IP<\/strong> 20<br \/>\n<strong>Garantie<\/strong> 3 ans[\/vc_column_text][\/vc_accordion_tab][vc_accordion_tab title=&#8221;Caract\u00e9ristiques \u00e9lectriques&#8221;][vc_column_text]<strong>Alimentation \u00e9lectrique <\/strong>100Vac 15A\/220Vac 10A<br \/>\n<strong>Fr\u00e9quence<\/strong> 50\/60Hz<br \/>\n<strong>Dur\u00e9e<\/strong> 25.000h<br \/>\n[\/vc_column_text][\/vc_accordion_tab][\/vc_accordion][\/vc_column][vc_column width=&#8221;1\/2&#8243;][vc_single_image image=&#8221;7814&#8243;][\/vc_column][\/vc_row]<\/p>\n<\/div>","protected":false},"excerpt":{"rendered":"<p>Avec cette piste triphas\u00e9e, vous pouvez ajouter autant de points lumineux que vous le souhaitez et orienter chacun de ces points lumineux dans une direction sp\u00e9cifique. Id\u00e9al si vous souhaitez renforcer l&#8217;\u00e9clairage d&#8217;un tableau ou d&#8217;une vitrine sur un mur et \u00e9clairer en m\u00eame temps d&#8217;autres points de la pi\u00e8ce.<br \/>\n<strong>Ref. CARTUBEVNG<\/strong><br \/>\n<strong>Ref. CARTUBEVBL<\/strong>[vc_row][vc_column offset=&#8221;vc_hidden-xs&#8221;][vc_empty_space height=&#8221;30px&#8221;][\/vc_column][\/vc_row][vc_row][vc_column][vc_row_inner][vc_column_inner][wyde_info_box icon_set=&#8221;simple_line&#8221; icon_simple_line=&#8221;sl-wrench&#8221; icon_position=&#8221;left&#8221; title=&#8221;MONTAGE ET NETTOYAGE FACILES&#8221;]Une maintenance \u00e0 moindre effort[\/wyde_info_box][vc_empty_space height=&#8221;15px&#8221;][\/vc_column_inner][\/vc_row_inner][\/vc_column][\/vc_row][vc_row][vc_column offset=&#8221;vc_hidden-xs&#8221;][vc_empty_space height=&#8221;60px&#8221;][\/vc_column][\/vc_row][vc_row][vc_column width=&#8221;1\/3&#8243;][wyde_link_button icon_set=&#8221;simple_line&#8221; icon_simple_line=&#8221;sl-settings&#8221; style=&#8221;round&#8221; title=&#8221;Instructions&#8221; link=&#8221;url:https%3A%2F%2Farteconfort.com%2Fwp-content%2Fuploads%2F2020%2F08%2Fim-CARRIL.pdf||target:%20_blank|rel:nofollow&#8221; color=&#8221;#ffffff&#8221; bg_color=&#8221;#222222&#8243;][\/vc_column][\/vc_row][vc_row][vc_column offset=&#8221;vc_hidden-xs&#8221;][vc_empty_space][\/vc_column][\/vc_row][vc_row][vc_column][vc_empty_space height=&#8221;20px&#8221;][\/vc_column][\/vc_row]<\/p>\n","protected":false},"featured_media":36301,"template":"","meta":[],"product_brand":[],"product_cat":[1047,361,347],"product_tag":[],"class_list":{"0":"post-11487","1":"product","2":"type-product","3":"status-publish","4":"has-post-thumbnail","6":"product_cat-coleccion-antigua-fr","7":"product_cat-focos-fr","8":"product_cat-iluminacion-fr","10":"first","11":"instock","12":"shipping-taxable","13":"product-type-external"},"yoast_head":"<!-- This site is optimized with the Yoast SEO plugin v26.5 - https:\/\/yoast.com\/wordpress\/plugins\/seo\/ -->\n<title>CARRIL - colecci\u00f3n antigua, Focos, Iluminaci\u00f3n - Arteconfort<\/title>\n<meta name=\"description\" content=\"Avec cette piste triphas\u00e9e, vous pouvez ajouter autant de points lumineux que vous le souhaitez et orienter chacun de ces points lumineux dans une direction sp\u00e9cifique. Id\u00e9al si vous souhaitez renforcer l&#039;\u00e9clairage d&#039;un tableau ou d&#039;une vitrine sur un mur et \u00e9clairer en m\u00eame temps d&#039;autres points de la pi\u00e8ce. Ref. CARTUBEVNG Ref. CARTUBEVBLUne maintenance \u00e0 moindre effort\" \/>\n<meta name=\"robots\" content=\"index, follow, max-snippet:-1, max-image-preview:large, max-video-preview:-1\" \/>\n<link rel=\"canonical\" href=\"https:\/\/arteconfort.com\/fr\/producto\/carril\/\" \/>\n<meta property=\"og:locale\" content=\"fr_FR\" \/>\n<meta property=\"og:type\" content=\"article\" \/>\n<meta property=\"og:title\" content=\"CARRIL - colecci\u00f3n antigua, Focos, Iluminaci\u00f3n - Arteconfort\" \/>\n<meta property=\"og:description\" content=\"Avec cette piste triphas\u00e9e, vous pouvez ajouter autant de points lumineux que vous le souhaitez et orienter chacun de ces points lumineux dans une direction sp\u00e9cifique. Id\u00e9al si vous souhaitez renforcer l&#039;\u00e9clairage d&#039;un tableau ou d&#039;une vitrine sur un mur et \u00e9clairer en m\u00eame temps d&#039;autres points de la pi\u00e8ce. Ref. CARTUBEVNG Ref. CARTUBEVBLUne maintenance \u00e0 moindre effort\" \/>\n<meta property=\"og:url\" content=\"https:\/\/arteconfort.com\/fr\/producto\/carril\/\" \/>\n<meta property=\"og:site_name\" content=\"Arteconfort\" \/>\n<meta property=\"article:modified_time\" content=\"2022-09-27T06:45:59+00:00\" \/>\n<meta property=\"og:image\" content=\"https:\/\/arteconfort.com\/wp-content\/uploads\/2023\/10\/CARRIL-01-1.webp\" \/>\n\t<meta property=\"og:image:width\" content=\"1024\" \/>\n\t<meta property=\"og:image:height\" content=\"1024\" \/>\n\t<meta property=\"og:image:type\" content=\"image\/webp\" \/>\n<meta name=\"twitter:card\" content=\"summary_large_image\" \/>\n<!-- \/ Yoast SEO plugin. -->","yoast_head_json":{"title":"CARRIL - colecci\u00f3n antigua, Focos, Iluminaci\u00f3n - Arteconfort","description":"Avec cette piste triphas\u00e9e, vous pouvez ajouter autant de points lumineux que vous le souhaitez et orienter chacun de ces points lumineux dans une direction sp\u00e9cifique. Id\u00e9al si vous souhaitez renforcer l'\u00e9clairage d'un tableau ou d'une vitrine sur un mur et \u00e9clairer en m\u00eame temps d'autres points de la pi\u00e8ce. Ref. CARTUBEVNG Ref. CARTUBEVBLUne maintenance \u00e0 moindre effort","robots":{"index":"index","follow":"follow","max-snippet":"max-snippet:-1","max-image-preview":"max-image-preview:large","max-video-preview":"max-video-preview:-1"},"canonical":"https:\/\/arteconfort.com\/fr\/producto\/carril\/","og_locale":"fr_FR","og_type":"article","og_title":"CARRIL - colecci\u00f3n antigua, Focos, Iluminaci\u00f3n - Arteconfort","og_description":"Avec cette piste triphas\u00e9e, vous pouvez ajouter autant de points lumineux que vous le souhaitez et orienter chacun de ces points lumineux dans une direction sp\u00e9cifique. Id\u00e9al si vous souhaitez renforcer l'\u00e9clairage d'un tableau ou d'une vitrine sur un mur et \u00e9clairer en m\u00eame temps d'autres points de la pi\u00e8ce. Ref. CARTUBEVNG Ref. CARTUBEVBLUne maintenance \u00e0 moindre effort","og_url":"https:\/\/arteconfort.com\/fr\/producto\/carril\/","og_site_name":"Arteconfort","article_modified_time":"2022-09-27T06:45:59+00:00","og_image":[{"width":1024,"height":1024,"url":"https:\/\/arteconfort.com\/wp-content\/uploads\/2023\/10\/CARRIL-01-1.webp","type":"image\/webp"}],"twitter_card":"summary_large_image","schema":{"@context":"https:\/\/schema.org","@graph":[{"@type":"WebPage","@id":"https:\/\/arteconfort.com\/fr\/producto\/carril\/","url":"https:\/\/arteconfort.com\/fr\/producto\/carril\/","name":"CARRIL - colecci\u00f3n antigua, Focos, Iluminaci\u00f3n - Arteconfort","isPartOf":{"@id":"https:\/\/arteconfort.com\/fr\/#website"},"primaryImageOfPage":{"@id":"https:\/\/arteconfort.com\/fr\/producto\/carril\/#primaryimage"},"image":{"@id":"https:\/\/arteconfort.com\/fr\/producto\/carril\/#primaryimage"},"thumbnailUrl":"https:\/\/arteconfort.com\/wp-content\/uploads\/2023\/10\/CARRIL-01-1.webp","datePublished":"2020-07-23T09:42:56+00:00","dateModified":"2022-09-27T06:45:59+00:00","description":"Avec cette piste triphas\u00e9e, vous pouvez ajouter autant de points lumineux que vous le souhaitez et orienter chacun de ces points lumineux dans une direction sp\u00e9cifique. Id\u00e9al si vous souhaitez renforcer l'\u00e9clairage d'un tableau ou d'une vitrine sur un mur et \u00e9clairer en m\u00eame temps d'autres points de la pi\u00e8ce. Ref. CARTUBEVNG Ref. CARTUBEVBLUne maintenance \u00e0 moindre effort","breadcrumb":{"@id":"https:\/\/arteconfort.com\/fr\/producto\/carril\/#breadcrumb"},"inLanguage":"fr-FR","potentialAction":[{"@type":"ReadAction","target":["https:\/\/arteconfort.com\/fr\/producto\/carril\/"]}]},{"@type":"ImageObject","inLanguage":"fr-FR","@id":"https:\/\/arteconfort.com\/fr\/producto\/carril\/#primaryimage","url":"https:\/\/arteconfort.com\/wp-content\/uploads\/2023\/10\/CARRIL-01-1.webp","contentUrl":"https:\/\/arteconfort.com\/wp-content\/uploads\/2023\/10\/CARRIL-01-1.webp","width":1024,"height":1024},{"@type":"BreadcrumbList","@id":"https:\/\/arteconfort.com\/fr\/producto\/carril\/#breadcrumb","itemListElement":[{"@type":"ListItem","position":1,"name":"Inicio","item":"https:\/\/arteconfort.com\/fr\/"},{"@type":"ListItem","position":2,"name":"Boutique","item":"https:\/\/arteconfort.com\/fr\/boutique\/"},{"@type":"ListItem","position":3,"name":"CARRIL"}]},{"@type":"WebSite","@id":"https:\/\/arteconfort.com\/fr\/#website","url":"https:\/\/arteconfort.com\/fr\/","name":"Arteconfort","description":"Especialistas en productos del hogar","publisher":{"@id":"https:\/\/arteconfort.com\/fr\/#organization"},"potentialAction":[{"@type":"SearchAction","target":{"@type":"EntryPoint","urlTemplate":"https:\/\/arteconfort.com\/fr\/?s={search_term_string}"},"query-input":{"@type":"PropertyValueSpecification","valueRequired":true,"valueName":"search_term_string"}}],"inLanguage":"fr-FR"},{"@type":"Organization","@id":"https:\/\/arteconfort.com\/fr\/#organization","name":"Arteconfort","url":"https:\/\/arteconfort.com\/fr\/","logo":{"@type":"ImageObject","inLanguage":"fr-FR","@id":"https:\/\/arteconfort.com\/fr\/#\/schema\/logo\/image\/","url":"https:\/\/arteconfort.com\/wp-content\/uploads\/2019\/07\/logo-arteconfort.png","contentUrl":"https:\/\/arteconfort.com\/wp-content\/uploads\/2019\/07\/logo-arteconfort.png","width":230,"height":88,"caption":"Arteconfort"},"image":{"@id":"https:\/\/arteconfort.com\/fr\/#\/schema\/logo\/image\/"}}]}},"_links":{"self":[{"href":"https:\/\/arteconfort.com\/fr\/wp-json\/wp\/v2\/product\/11487","targetHints":{"allow":["GET"]}}],"collection":[{"href":"https:\/\/arteconfort.com\/fr\/wp-json\/wp\/v2\/product"}],"about":[{"href":"https:\/\/arteconfort.com\/fr\/wp-json\/wp\/v2\/types\/product"}],"wp:featuredmedia":[{"embeddable":true,"href":"https:\/\/arteconfort.com\/fr\/wp-json\/wp\/v2\/media\/36301"}],"wp:attachment":[{"href":"https:\/\/arteconfort.com\/fr\/wp-json\/wp\/v2\/media?parent=11487"}],"wp:term":[{"taxonomy":"product_brand","embeddable":true,"href":"https:\/\/arteconfort.com\/fr\/wp-json\/wp\/v2\/product_brand?post=11487"},{"taxonomy":"product_cat","embeddable":true,"href":"https:\/\/arteconfort.com\/fr\/wp-json\/wp\/v2\/product_cat?post=11487"},{"taxonomy":"product_tag","embeddable":true,"href":"https:\/\/arteconfort.com\/fr\/wp-json\/wp\/v2\/product_tag?post=11487"}],"curies":[{"name":"wp","href":"https:\/\/api.w.org\/{rel}","templated":true}]}}