{"id":11491,"date":"2020-06-15T11:43:21","date_gmt":"2020-06-15T09:43:21","guid":{"rendered":"https:\/\/arteconfort.com\/producto\/non%20class\u00e9\/cinema\/"},"modified":"2022-09-27T08:53:14","modified_gmt":"2022-09-27T06:53:14","slug":"cinema","status":"publish","type":"product","link":"https:\/\/arteconfort.com\/fr\/producto\/cinema\/","title":{"rendered":"CINEMA"},"content":{"rendered":"<div class=\"wpb-content-wrapper\"><p>[vc_row][vc_column width=&#8221;1\/2&#8243;][vc_accordion collapsible=&#8221;true&#8221; active_tab=&#8221;false&#8221;][vc_accordion_tab title=&#8221;Caract\u00e9ristiques m\u00e9caniques&#8221;][vc_column_text]<strong>Dimensions<\/strong> 35x10x8,5cm<br \/>\n<strong>Mat\u00e9riau<\/strong> M\u00e9tal<br \/>\n<b>Finition <\/b>Noir<br \/>\n<strong>IP<\/strong> 20<br \/>\n<strong>Garantie<\/strong> 2 ans[\/vc_column_text][\/vc_accordion_tab][vc_accordion_tab title=&#8221;Caract\u00e9ristiques \u00e9lectriques&#8221;][vc_column_text]<b>Puissance <\/b>Max. 40W (lampe non incluse)<br \/>\n<strong>Alimentation \u00e9lectrique\u00a0 <\/strong>220-240Vac<br \/>\n<strong>Fr\u00e9quence<\/strong> 50Hz<br \/>\n<b>Douille <\/b>GU10[\/vc_column_text][\/vc_accordion_tab][\/vc_accordion][\/vc_column][vc_column width=&#8221;1\/2&#8243;][vc_single_image image=&#8221;7502&#8243;][\/vc_column][\/vc_row]<\/p>\n<\/div>","protected":false},"excerpt":{"rendered":"<p>Le projecteur mural CINEMA est l&#8217;un de nos luminaires design. Inspir\u00e9 de l&#8217;univers cin\u00e9matographique classique, il apporte une touche industrielle distinctive \u00e0 vos pi\u00e8ces. Son design original associe un bras et une t\u00eate en m\u00e9tal qui peuvent \u00eatre r\u00e9gl\u00e9s \u00e0 l&#8217;aide d&#8217;engrenages pour rediriger la lumi\u00e8re du projecteur.<br \/>\n<strong>Ref. CINEMANE116<\/strong>[vc_row][vc_column offset=&#8221;vc_hidden-xs&#8221;][vc_empty_space height=&#8221;30px&#8221;][\/vc_column][\/vc_row][vc_row][vc_column][vc_row_inner][vc_column_inner][wyde_info_box icon_set=&#8221;simple_line&#8221; icon_simple_line=&#8221;sl-wrench&#8221; icon_position=&#8221;left&#8221; title=&#8221;MONTAGE ET NETTOYAGE FACILES&#8221;]Une maintenance \u00e0 moindre effort[\/wyde_info_box][vc_empty_space height=&#8221;15px&#8221;][\/vc_column_inner][\/vc_row_inner][vc_row_inner][vc_column_inner][wyde_info_box icon_set=&#8221;simple_line&#8221; icon_simple_line=&#8221;sl-refresh&#8221; icon_position=&#8221;left&#8221; title=&#8221;ABAT-JOUR R\u00c9GLABLE&#8221;]Permet de diriger l&#8217;ampoule<br \/>\n[\/wyde_info_box][vc_empty_space height=&#8221;15px&#8221;][\/vc_column_inner][\/vc_row_inner][\/vc_column][\/vc_row][vc_row][vc_column offset=&#8221;vc_hidden-xs&#8221;][vc_empty_space height=&#8221;60px&#8221;][\/vc_column][\/vc_row][vc_row][vc_column width=&#8221;1\/3&#8243;][wyde_link_button icon_set=&#8221;simple_line&#8221; icon_simple_line=&#8221;sl-settings&#8221; style=&#8221;round&#8221; title=&#8221;Instructions&#8221; link=&#8221;url:https%3A%2F%2Farteconfort.com%2Fwp-content%2Fuploads%2F2020%2F08%2Fim-CINEMA.pdf||target:%20_blank|rel:nofollow&#8221; color=&#8221;#ffffff&#8221; bg_color=&#8221;#222222&#8243;][\/vc_column][\/vc_row]<\/p>\n","protected":false},"featured_media":35156,"template":"","meta":[],"product_brand":[],"product_cat":[361,347],"product_tag":[],"class_list":{"0":"post-11491","1":"product","2":"type-product","3":"status-publish","4":"has-post-thumbnail","6":"product_cat-focos-fr","7":"product_cat-iluminacion-fr","9":"first","10":"instock","11":"shipping-taxable","12":"product-type-external"},"yoast_head":"<!-- This site is optimized with the Yoast SEO plugin v26.5 - https:\/\/yoast.com\/wordpress\/plugins\/seo\/ -->\n<title>CINEMA - Focos, Iluminaci\u00f3n - Arteconfort<\/title>\n<meta name=\"description\" content=\"Le projecteur mural CINEMA est l&#039;un de nos luminaires design. Inspir\u00e9 de l&#039;univers cin\u00e9matographique classique, il apporte une touche industrielle distinctive \u00e0 vos pi\u00e8ces. Son design original associe un bras et une t\u00eate en m\u00e9tal qui peuvent \u00eatre r\u00e9gl\u00e9s \u00e0 l&#039;aide d&#039;engrenages pour rediriger la lumi\u00e8re du projecteur. Ref. CINEMANE116Une maintenance \u00e0 moindre effortPermet de diriger l&#039;ampoule\" \/>\n<meta name=\"robots\" content=\"index, follow, max-snippet:-1, max-image-preview:large, max-video-preview:-1\" \/>\n<link rel=\"canonical\" href=\"https:\/\/arteconfort.com\/fr\/producto\/cinema\/\" \/>\n<meta property=\"og:locale\" content=\"fr_FR\" \/>\n<meta property=\"og:type\" content=\"article\" \/>\n<meta property=\"og:title\" content=\"CINEMA - Focos, Iluminaci\u00f3n - Arteconfort\" \/>\n<meta property=\"og:description\" content=\"Le projecteur mural CINEMA est l&#039;un de nos luminaires design. Inspir\u00e9 de l&#039;univers cin\u00e9matographique classique, il apporte une touche industrielle distinctive \u00e0 vos pi\u00e8ces. Son design original associe un bras et une t\u00eate en m\u00e9tal qui peuvent \u00eatre r\u00e9gl\u00e9s \u00e0 l&#039;aide d&#039;engrenages pour rediriger la lumi\u00e8re du projecteur. Ref. CINEMANE116Une maintenance \u00e0 moindre effortPermet de diriger l&#039;ampoule\" \/>\n<meta property=\"og:url\" content=\"https:\/\/arteconfort.com\/fr\/producto\/cinema\/\" \/>\n<meta property=\"og:site_name\" content=\"Arteconfort\" \/>\n<meta property=\"article:modified_time\" content=\"2022-09-27T06:53:14+00:00\" \/>\n<meta property=\"og:image\" content=\"https:\/\/arteconfort.com\/wp-content\/uploads\/2023\/10\/CINEMA-frontal-1.webp\" \/>\n\t<meta property=\"og:image:width\" content=\"1024\" \/>\n\t<meta property=\"og:image:height\" content=\"1024\" \/>\n\t<meta property=\"og:image:type\" content=\"image\/webp\" \/>\n<meta name=\"twitter:card\" content=\"summary_large_image\" \/>\n<!-- \/ Yoast SEO plugin. -->","yoast_head_json":{"title":"CINEMA - Focos, Iluminaci\u00f3n - Arteconfort","description":"Le projecteur mural CINEMA est l'un de nos luminaires design. Inspir\u00e9 de l'univers cin\u00e9matographique classique, il apporte une touche industrielle distinctive \u00e0 vos pi\u00e8ces. Son design original associe un bras et une t\u00eate en m\u00e9tal qui peuvent \u00eatre r\u00e9gl\u00e9s \u00e0 l'aide d'engrenages pour rediriger la lumi\u00e8re du projecteur. Ref. CINEMANE116Une maintenance \u00e0 moindre effortPermet de diriger l'ampoule","robots":{"index":"index","follow":"follow","max-snippet":"max-snippet:-1","max-image-preview":"max-image-preview:large","max-video-preview":"max-video-preview:-1"},"canonical":"https:\/\/arteconfort.com\/fr\/producto\/cinema\/","og_locale":"fr_FR","og_type":"article","og_title":"CINEMA - Focos, Iluminaci\u00f3n - Arteconfort","og_description":"Le projecteur mural CINEMA est l'un de nos luminaires design. Inspir\u00e9 de l'univers cin\u00e9matographique classique, il apporte une touche industrielle distinctive \u00e0 vos pi\u00e8ces. Son design original associe un bras et une t\u00eate en m\u00e9tal qui peuvent \u00eatre r\u00e9gl\u00e9s \u00e0 l'aide d'engrenages pour rediriger la lumi\u00e8re du projecteur. Ref. CINEMANE116Une maintenance \u00e0 moindre effortPermet de diriger l'ampoule","og_url":"https:\/\/arteconfort.com\/fr\/producto\/cinema\/","og_site_name":"Arteconfort","article_modified_time":"2022-09-27T06:53:14+00:00","og_image":[{"width":1024,"height":1024,"url":"https:\/\/arteconfort.com\/wp-content\/uploads\/2023\/10\/CINEMA-frontal-1.webp","type":"image\/webp"}],"twitter_card":"summary_large_image","schema":{"@context":"https:\/\/schema.org","@graph":[{"@type":"WebPage","@id":"https:\/\/arteconfort.com\/fr\/producto\/cinema\/","url":"https:\/\/arteconfort.com\/fr\/producto\/cinema\/","name":"CINEMA - Focos, Iluminaci\u00f3n - Arteconfort","isPartOf":{"@id":"https:\/\/arteconfort.com\/fr\/#website"},"primaryImageOfPage":{"@id":"https:\/\/arteconfort.com\/fr\/producto\/cinema\/#primaryimage"},"image":{"@id":"https:\/\/arteconfort.com\/fr\/producto\/cinema\/#primaryimage"},"thumbnailUrl":"https:\/\/arteconfort.com\/wp-content\/uploads\/2023\/10\/CINEMA-frontal-1.webp","datePublished":"2020-06-15T09:43:21+00:00","dateModified":"2022-09-27T06:53:14+00:00","description":"Le projecteur mural CINEMA est l'un de nos luminaires design. Inspir\u00e9 de l'univers cin\u00e9matographique classique, il apporte une touche industrielle distinctive \u00e0 vos pi\u00e8ces. Son design original associe un bras et une t\u00eate en m\u00e9tal qui peuvent \u00eatre r\u00e9gl\u00e9s \u00e0 l'aide d'engrenages pour rediriger la lumi\u00e8re du projecteur. Ref. CINEMANE116Une maintenance \u00e0 moindre effortPermet de diriger l'ampoule","breadcrumb":{"@id":"https:\/\/arteconfort.com\/fr\/producto\/cinema\/#breadcrumb"},"inLanguage":"fr-FR","potentialAction":[{"@type":"ReadAction","target":["https:\/\/arteconfort.com\/fr\/producto\/cinema\/"]}]},{"@type":"ImageObject","inLanguage":"fr-FR","@id":"https:\/\/arteconfort.com\/fr\/producto\/cinema\/#primaryimage","url":"https:\/\/arteconfort.com\/wp-content\/uploads\/2023\/10\/CINEMA-frontal-1.webp","contentUrl":"https:\/\/arteconfort.com\/wp-content\/uploads\/2023\/10\/CINEMA-frontal-1.webp","width":1024,"height":1024},{"@type":"BreadcrumbList","@id":"https:\/\/arteconfort.com\/fr\/producto\/cinema\/#breadcrumb","itemListElement":[{"@type":"ListItem","position":1,"name":"Inicio","item":"https:\/\/arteconfort.com\/fr\/"},{"@type":"ListItem","position":2,"name":"Boutique","item":"https:\/\/arteconfort.com\/fr\/boutique\/"},{"@type":"ListItem","position":3,"name":"CINEMA"}]},{"@type":"WebSite","@id":"https:\/\/arteconfort.com\/fr\/#website","url":"https:\/\/arteconfort.com\/fr\/","name":"Arteconfort","description":"Especialistas en productos del hogar","publisher":{"@id":"https:\/\/arteconfort.com\/fr\/#organization"},"potentialAction":[{"@type":"SearchAction","target":{"@type":"EntryPoint","urlTemplate":"https:\/\/arteconfort.com\/fr\/?s={search_term_string}"},"query-input":{"@type":"PropertyValueSpecification","valueRequired":true,"valueName":"search_term_string"}}],"inLanguage":"fr-FR"},{"@type":"Organization","@id":"https:\/\/arteconfort.com\/fr\/#organization","name":"Arteconfort","url":"https:\/\/arteconfort.com\/fr\/","logo":{"@type":"ImageObject","inLanguage":"fr-FR","@id":"https:\/\/arteconfort.com\/fr\/#\/schema\/logo\/image\/","url":"https:\/\/arteconfort.com\/wp-content\/uploads\/2019\/07\/logo-arteconfort.png","contentUrl":"https:\/\/arteconfort.com\/wp-content\/uploads\/2019\/07\/logo-arteconfort.png","width":230,"height":88,"caption":"Arteconfort"},"image":{"@id":"https:\/\/arteconfort.com\/fr\/#\/schema\/logo\/image\/"}}]}},"_links":{"self":[{"href":"https:\/\/arteconfort.com\/fr\/wp-json\/wp\/v2\/product\/11491","targetHints":{"allow":["GET"]}}],"collection":[{"href":"https:\/\/arteconfort.com\/fr\/wp-json\/wp\/v2\/product"}],"about":[{"href":"https:\/\/arteconfort.com\/fr\/wp-json\/wp\/v2\/types\/product"}],"wp:featuredmedia":[{"embeddable":true,"href":"https:\/\/arteconfort.com\/fr\/wp-json\/wp\/v2\/media\/35156"}],"wp:attachment":[{"href":"https:\/\/arteconfort.com\/fr\/wp-json\/wp\/v2\/media?parent=11491"}],"wp:term":[{"taxonomy":"product_brand","embeddable":true,"href":"https:\/\/arteconfort.com\/fr\/wp-json\/wp\/v2\/product_brand?post=11491"},{"taxonomy":"product_cat","embeddable":true,"href":"https:\/\/arteconfort.com\/fr\/wp-json\/wp\/v2\/product_cat?post=11491"},{"taxonomy":"product_tag","embeddable":true,"href":"https:\/\/arteconfort.com\/fr\/wp-json\/wp\/v2\/product_tag?post=11491"}],"curies":[{"name":"wp","href":"https:\/\/api.w.org\/{rel}","templated":true}]}}