{"id":11509,"date":"2020-06-03T09:54:45","date_gmt":"2020-06-03T07:54:45","guid":{"rendered":"https:\/\/arteconfort.com\/producto\/non%20class\u00e9\/mouse\/"},"modified":"2022-03-11T09:47:21","modified_gmt":"2022-03-11T08:47:21","slug":"mouse","status":"publish","type":"product","link":"https:\/\/arteconfort.com\/fr\/producto\/mouse\/","title":{"rendered":"MOUSE"},"content":{"rendered":"<div class=\"wpb-content-wrapper\"><p>[vc_row][vc_column width=&#8221;1\/2&#8243;][vc_accordion collapsible=&#8221;true&#8221; active_tab=&#8221;false&#8221;][vc_accordion_tab title=&#8221;Caract\u00e9ristiques m\u00e9caniques&#8221;][vc_column_text]<strong>Dimensions<\/strong> 10x19x11cm<br \/>\n<strong>Mat\u00e9riau<\/strong> M\u00e9tal et bois<br \/>\n<b>Finition <\/b>Blanc\/Bleu\/Rose<br \/>\n<strong>IP<\/strong> 20<br \/>\n<strong>Garantie<\/strong> 2 ans[\/vc_column_text][\/vc_accordion_tab][vc_accordion_tab title=&#8221;Caract\u00e9ristiques \u00e9lectriques&#8221;][vc_column_text]<b>Puissance <\/b>Max. 40W (lampe non incluse)<br \/>\n<strong>Alimentation \u00e9lectrique <\/strong>220-240Vac<br \/>\n<strong>Fr\u00e9quence<\/strong> 50Hz<br \/>\n<b>Douille <\/b>E27[\/vc_column_text][\/vc_accordion_tab][\/vc_accordion][\/vc_column][vc_column width=&#8221;1\/2&#8243;][vc_single_image image=&#8221;7506&#8243;][\/vc_column][\/vc_row]<\/p>\n<\/div>","protected":false},"excerpt":{"rendered":"<p>Donnez de la couleur \u00e0 la pi\u00e8ce avec cette lampe murale originale et amusante. Parfait pour une chambre d&#8217;enfant, il est dot\u00e9 d&#8217;une t\u00eate r\u00e9glable pour que vous puissiez concentrer la lumi\u00e8re l\u00e0 o\u00f9 vous en avez besoin. Disponible en diff\u00e9rentes couleurs pour s&#8217;adapter \u00e0 votre int\u00e9rieur.<br \/>\n<strong>Ref. MOUSEROS116<\/strong><br \/>\n<strong>Ref. MOUSEAZ116<\/strong><br \/>\n<strong>Ref. MOUSEBL116<\/strong>[vc_row][vc_column offset=&#8221;vc_hidden-xs&#8221;][vc_empty_space height=&#8221;30px&#8221;][\/vc_column][\/vc_row][vc_row][vc_column][vc_row_inner][vc_column_inner][wyde_info_box icon_set=&#8221;simple_line&#8221; icon_simple_line=&#8221;sl-wrench&#8221; icon_position=&#8221;left&#8221; title=&#8221;MONTAGE ET NETTOYAGE FACILES&#8221;]Une maintenance \u00e0 moindre effort[\/wyde_info_box][vc_empty_space height=&#8221;15px&#8221;][\/vc_column_inner][\/vc_row_inner][vc_row_inner][vc_column_inner][wyde_info_box icon_set=&#8221;simple_line&#8221; icon_simple_line=&#8221;sl-refresh&#8221; icon_position=&#8221;left&#8221; title=&#8221;ABAT-JOUR BASCULANT&#8221;]Permet de diriger l&#8217;ampoule<br \/>\n[\/wyde_info_box][vc_empty_space height=&#8221;15px&#8221;][\/vc_column_inner][\/vc_row_inner][\/vc_column][\/vc_row][vc_row][vc_column offset=&#8221;vc_hidden-xs&#8221;][vc_empty_space height=&#8221;60px&#8221;][\/vc_column][\/vc_row][vc_row][vc_column width=&#8221;1\/3&#8243;][wyde_link_button icon_set=&#8221;simple_line&#8221; icon_simple_line=&#8221;sl-settings&#8221; style=&#8221;round&#8221; title=&#8221;Instrucciones&#8221; link=&#8221;url:https%3A%2F%2Farteconfort.com%2Fwp-content%2Fuploads%2F2020%2F08%2Fim-MOUSE.pdf||target:%20_blank|rel:nofollow&#8221; color=&#8221;#ffffff&#8221; bg_color=&#8221;#222222&#8243;][\/vc_column][\/vc_row][vc_row][vc_column offset=&#8221;vc_hidden-xs&#8221;][vc_empty_space][\/vc_column][\/vc_row][vc_row][vc_column][vc_empty_space height=&#8221;20px&#8221;][\/vc_column][\/vc_row][vc_row background_mode=&#8221;color&#8221; background_color=&#8221;#f5f5f5&#8243;][vc_column text_align=&#8221;center&#8221;][vc_row_inner padding_size=&#8221;m-padding&#8221;][vc_column_inner text_align=&#8221;center&#8221;][vc_single_image alignment=&#8221;center&#8221; image=&#8221;1046&#8243;][vc_column_text]Retrouvez ce projecteur en vente exclusivement chez LEROY MERLIN[\/vc_column_text][vc_empty_space height=&#8221;15px&#8221;][wyde_link_button icon_set=&#8221;simple_line&#8221; icon_simple_line=&#8221;sl-login&#8221; style=&#8221;outline round&#8221; title=&#8221;Acc\u00e9der \u00e0 Leroy Merlin&#8221; link=&#8221;url:https%3A%2F%2Fwww.leroymerlin.es%2Ffp%2F82603707%2Ffoco-mouse-rosa-1e27||target:%20_blank|rel:nofollow&#8221; color=&#8221;#61b4e4&#8243; hover_color=&#8221;#ffffff&#8221;][\/vc_column_inner][\/vc_row_inner][\/vc_column][\/vc_row]<\/p>\n","protected":false},"featured_media":35391,"template":"","meta":[],"product_brand":[],"product_cat":[361,347],"product_tag":[],"class_list":{"0":"post-11509","1":"product","2":"type-product","3":"status-publish","4":"has-post-thumbnail","6":"product_cat-focos-fr","7":"product_cat-iluminacion-fr","9":"first","10":"instock","11":"shipping-taxable","12":"product-type-external"},"yoast_head":"<!-- This site is optimized with the Yoast SEO plugin v26.5 - https:\/\/yoast.com\/wordpress\/plugins\/seo\/ -->\n<title>MOUSE - Focos, Iluminaci\u00f3n - Arteconfort<\/title>\n<meta name=\"description\" content=\"Donnez de la couleur \u00e0 la pi\u00e8ce avec cette lampe murale originale et amusante. Parfait pour une chambre d&#039;enfant, il est dot\u00e9 d&#039;une t\u00eate r\u00e9glable pour que vous puissiez concentrer la lumi\u00e8re l\u00e0 o\u00f9 vous en avez besoin. Disponible en diff\u00e9rentes couleurs pour s&#039;adapter \u00e0 votre int\u00e9rieur. Ref. MOUSEROS116 Ref. MOUSEAZ116 Ref. MOUSEBL116Une maintenance \u00e0 moindre effortPermet de diriger l&#039;ampoule Retrouvez ce projecteur en vente exclusivement chez LEROY MERLIN\" \/>\n<meta name=\"robots\" content=\"index, follow, max-snippet:-1, max-image-preview:large, max-video-preview:-1\" \/>\n<link rel=\"canonical\" href=\"https:\/\/arteconfort.com\/fr\/producto\/mouse\/\" \/>\n<meta property=\"og:locale\" content=\"fr_FR\" \/>\n<meta property=\"og:type\" content=\"article\" \/>\n<meta property=\"og:title\" content=\"MOUSE - Focos, Iluminaci\u00f3n - Arteconfort\" \/>\n<meta property=\"og:description\" content=\"Donnez de la couleur \u00e0 la pi\u00e8ce avec cette lampe murale originale et amusante. Parfait pour une chambre d&#039;enfant, il est dot\u00e9 d&#039;une t\u00eate r\u00e9glable pour que vous puissiez concentrer la lumi\u00e8re l\u00e0 o\u00f9 vous en avez besoin. Disponible en diff\u00e9rentes couleurs pour s&#039;adapter \u00e0 votre int\u00e9rieur. Ref. MOUSEROS116 Ref. MOUSEAZ116 Ref. MOUSEBL116Une maintenance \u00e0 moindre effortPermet de diriger l&#039;ampoule Retrouvez ce projecteur en vente exclusivement chez LEROY MERLIN\" \/>\n<meta property=\"og:url\" content=\"https:\/\/arteconfort.com\/fr\/producto\/mouse\/\" \/>\n<meta property=\"og:site_name\" content=\"Arteconfort\" \/>\n<meta property=\"article:modified_time\" content=\"2022-03-11T08:47:21+00:00\" \/>\n<meta property=\"og:image\" content=\"https:\/\/arteconfort.com\/wp-content\/uploads\/2023\/10\/MOUSE-ROSA-lateral-N-1.webp\" \/>\n\t<meta property=\"og:image:width\" content=\"1024\" \/>\n\t<meta property=\"og:image:height\" content=\"1024\" \/>\n\t<meta property=\"og:image:type\" content=\"image\/webp\" \/>\n<meta name=\"twitter:card\" content=\"summary_large_image\" \/>\n<!-- \/ Yoast SEO plugin. -->","yoast_head_json":{"title":"MOUSE - Focos, Iluminaci\u00f3n - Arteconfort","description":"Donnez de la couleur \u00e0 la pi\u00e8ce avec cette lampe murale originale et amusante. Parfait pour une chambre d'enfant, il est dot\u00e9 d'une t\u00eate r\u00e9glable pour que vous puissiez concentrer la lumi\u00e8re l\u00e0 o\u00f9 vous en avez besoin. Disponible en diff\u00e9rentes couleurs pour s'adapter \u00e0 votre int\u00e9rieur. Ref. MOUSEROS116 Ref. MOUSEAZ116 Ref. MOUSEBL116Une maintenance \u00e0 moindre effortPermet de diriger l'ampoule Retrouvez ce projecteur en vente exclusivement chez LEROY MERLIN","robots":{"index":"index","follow":"follow","max-snippet":"max-snippet:-1","max-image-preview":"max-image-preview:large","max-video-preview":"max-video-preview:-1"},"canonical":"https:\/\/arteconfort.com\/fr\/producto\/mouse\/","og_locale":"fr_FR","og_type":"article","og_title":"MOUSE - Focos, Iluminaci\u00f3n - Arteconfort","og_description":"Donnez de la couleur \u00e0 la pi\u00e8ce avec cette lampe murale originale et amusante. Parfait pour une chambre d'enfant, il est dot\u00e9 d'une t\u00eate r\u00e9glable pour que vous puissiez concentrer la lumi\u00e8re l\u00e0 o\u00f9 vous en avez besoin. Disponible en diff\u00e9rentes couleurs pour s'adapter \u00e0 votre int\u00e9rieur. Ref. MOUSEROS116 Ref. MOUSEAZ116 Ref. MOUSEBL116Une maintenance \u00e0 moindre effortPermet de diriger l'ampoule Retrouvez ce projecteur en vente exclusivement chez LEROY MERLIN","og_url":"https:\/\/arteconfort.com\/fr\/producto\/mouse\/","og_site_name":"Arteconfort","article_modified_time":"2022-03-11T08:47:21+00:00","og_image":[{"width":1024,"height":1024,"url":"https:\/\/arteconfort.com\/wp-content\/uploads\/2023\/10\/MOUSE-ROSA-lateral-N-1.webp","type":"image\/webp"}],"twitter_card":"summary_large_image","schema":{"@context":"https:\/\/schema.org","@graph":[{"@type":"WebPage","@id":"https:\/\/arteconfort.com\/fr\/producto\/mouse\/","url":"https:\/\/arteconfort.com\/fr\/producto\/mouse\/","name":"MOUSE - Focos, Iluminaci\u00f3n - Arteconfort","isPartOf":{"@id":"https:\/\/arteconfort.com\/fr\/#website"},"primaryImageOfPage":{"@id":"https:\/\/arteconfort.com\/fr\/producto\/mouse\/#primaryimage"},"image":{"@id":"https:\/\/arteconfort.com\/fr\/producto\/mouse\/#primaryimage"},"thumbnailUrl":"https:\/\/arteconfort.com\/wp-content\/uploads\/2023\/10\/MOUSE-ROSA-lateral-N-1.webp","datePublished":"2020-06-03T07:54:45+00:00","dateModified":"2022-03-11T08:47:21+00:00","description":"Donnez de la couleur \u00e0 la pi\u00e8ce avec cette lampe murale originale et amusante. Parfait pour une chambre d'enfant, il est dot\u00e9 d'une t\u00eate r\u00e9glable pour que vous puissiez concentrer la lumi\u00e8re l\u00e0 o\u00f9 vous en avez besoin. Disponible en diff\u00e9rentes couleurs pour s'adapter \u00e0 votre int\u00e9rieur. Ref. MOUSEROS116 Ref. MOUSEAZ116 Ref. MOUSEBL116Une maintenance \u00e0 moindre effortPermet de diriger l'ampoule Retrouvez ce projecteur en vente exclusivement chez LEROY MERLIN","breadcrumb":{"@id":"https:\/\/arteconfort.com\/fr\/producto\/mouse\/#breadcrumb"},"inLanguage":"fr-FR","potentialAction":[{"@type":"ReadAction","target":["https:\/\/arteconfort.com\/fr\/producto\/mouse\/"]}]},{"@type":"ImageObject","inLanguage":"fr-FR","@id":"https:\/\/arteconfort.com\/fr\/producto\/mouse\/#primaryimage","url":"https:\/\/arteconfort.com\/wp-content\/uploads\/2023\/10\/MOUSE-ROSA-lateral-N-1.webp","contentUrl":"https:\/\/arteconfort.com\/wp-content\/uploads\/2023\/10\/MOUSE-ROSA-lateral-N-1.webp","width":1024,"height":1024},{"@type":"BreadcrumbList","@id":"https:\/\/arteconfort.com\/fr\/producto\/mouse\/#breadcrumb","itemListElement":[{"@type":"ListItem","position":1,"name":"Inicio","item":"https:\/\/arteconfort.com\/fr\/"},{"@type":"ListItem","position":2,"name":"Boutique","item":"https:\/\/arteconfort.com\/fr\/boutique\/"},{"@type":"ListItem","position":3,"name":"MOUSE"}]},{"@type":"WebSite","@id":"https:\/\/arteconfort.com\/fr\/#website","url":"https:\/\/arteconfort.com\/fr\/","name":"Arteconfort","description":"Especialistas en productos del hogar","publisher":{"@id":"https:\/\/arteconfort.com\/fr\/#organization"},"potentialAction":[{"@type":"SearchAction","target":{"@type":"EntryPoint","urlTemplate":"https:\/\/arteconfort.com\/fr\/?s={search_term_string}"},"query-input":{"@type":"PropertyValueSpecification","valueRequired":true,"valueName":"search_term_string"}}],"inLanguage":"fr-FR"},{"@type":"Organization","@id":"https:\/\/arteconfort.com\/fr\/#organization","name":"Arteconfort","url":"https:\/\/arteconfort.com\/fr\/","logo":{"@type":"ImageObject","inLanguage":"fr-FR","@id":"https:\/\/arteconfort.com\/fr\/#\/schema\/logo\/image\/","url":"https:\/\/arteconfort.com\/wp-content\/uploads\/2019\/07\/logo-arteconfort.png","contentUrl":"https:\/\/arteconfort.com\/wp-content\/uploads\/2019\/07\/logo-arteconfort.png","width":230,"height":88,"caption":"Arteconfort"},"image":{"@id":"https:\/\/arteconfort.com\/fr\/#\/schema\/logo\/image\/"}}]}},"_links":{"self":[{"href":"https:\/\/arteconfort.com\/fr\/wp-json\/wp\/v2\/product\/11509","targetHints":{"allow":["GET"]}}],"collection":[{"href":"https:\/\/arteconfort.com\/fr\/wp-json\/wp\/v2\/product"}],"about":[{"href":"https:\/\/arteconfort.com\/fr\/wp-json\/wp\/v2\/types\/product"}],"wp:featuredmedia":[{"embeddable":true,"href":"https:\/\/arteconfort.com\/fr\/wp-json\/wp\/v2\/media\/35391"}],"wp:attachment":[{"href":"https:\/\/arteconfort.com\/fr\/wp-json\/wp\/v2\/media?parent=11509"}],"wp:term":[{"taxonomy":"product_brand","embeddable":true,"href":"https:\/\/arteconfort.com\/fr\/wp-json\/wp\/v2\/product_brand?post=11509"},{"taxonomy":"product_cat","embeddable":true,"href":"https:\/\/arteconfort.com\/fr\/wp-json\/wp\/v2\/product_cat?post=11509"},{"taxonomy":"product_tag","embeddable":true,"href":"https:\/\/arteconfort.com\/fr\/wp-json\/wp\/v2\/product_tag?post=11509"}],"curies":[{"name":"wp","href":"https:\/\/api.w.org\/{rel}","templated":true}]}}