{"id":11527,"date":"2020-07-22T14:45:51","date_gmt":"2020-07-22T12:45:51","guid":{"rendered":"https:\/\/arteconfort.com\/producto\/non%20class\u00e9\/tube-v\/"},"modified":"2022-09-27T09:38:00","modified_gmt":"2022-09-27T07:38:00","slug":"tube-v","status":"publish","type":"product","link":"https:\/\/arteconfort.com\/fr\/producto\/tube-v\/","title":{"rendered":"TUBE-V"},"content":{"rendered":"<div class=\"wpb-content-wrapper\"><p>[vc_row][vc_column][vc_row_inner][vc_column_inner width=&#8221;1\/4&#8243; offset=&#8221;vc_col-xs-6&#8243;][wyde_info_box icon_set=&#8221;simple_line&#8221; icon_simple_line=&#8221;sl-refresh&#8221; title=&#8221;ORIENTABLE&#8221;]Permet une rotation de 180\u00ba verticalement et de 350\u00ba horizontalement[\/wyde_info_box][\/vc_column_inner][\/vc_row_inner][vc_row_inner][vc_column_inner offset=&#8221;vc_hidden-xs&#8221;][vc_empty_space height=&#8221;60px&#8221;][\/vc_column_inner][\/vc_row_inner][\/vc_column][\/vc_row][vc_row][vc_column width=&#8221;1\/2&#8243;][vc_accordion collapsible=&#8221;true&#8221; active_tab=&#8221;false&#8221;][vc_accordion_tab title=&#8221;Caract\u00e9ristiques g\u00e9n\u00e9rales&#8221;][vc_column_text]<strong>Dimensions<\/strong> 16,2&#215;10,3&#215;9,2cm<br \/>\n<strong>Mat\u00e9riau<\/strong> Aluminium<br \/>\n<b>Finition <\/b>Blanc\/Noir<br \/>\n<strong>IP<\/strong> 20<br \/>\n<strong>Garantie<\/strong> 3 ans[\/vc_column_text][\/vc_accordion_tab][vc_accordion_tab title=&#8221;Caract\u00e9ristiques optiques&#8221;][vc_column_text]<strong>Dur\u00e9e\u00a0<\/strong>30.000h<br \/>\n<strong>IRC<\/strong> &gt;80<br \/>\n<strong>Angle d&#8217;ouverture<\/strong> 24\u00ba<br \/>\n<strong>CCT<\/strong> 3000K<br \/>\n<strong>Flux lumineux<\/strong> 1.500lm[\/vc_column_text][\/vc_accordion_tab][vc_accordion_tab title=&#8221;Caract\u00e9ristiques \u00e9lectriques&#8221;][vc_column_text]<b>Puissance <\/b>15W<br \/>\n<strong>Alimentation \u00e9lectrique <\/strong>220-240Vac<br \/>\n<strong>Fr\u00e9quence<\/strong> 50\/60Hz<br \/>\n<strong>Dimmable<\/strong> Non<br \/>\n<strong>Num\u00e9ro d&#8217;allumage<\/strong> 100.000[\/vc_column_text][\/vc_accordion_tab][vc_accordion_tab title=&#8221;LED&#8221;][vc_column_text]<strong>Num\u00e9ro <\/strong><strong>de LED<\/strong> 1<br \/>\n<strong>Type de LED<\/strong> COB<br \/>\n[\/vc_column_text][\/vc_accordion_tab][\/vc_accordion][\/vc_column][vc_column width=&#8221;1\/2&#8243;][vc_single_image image=&#8221;7786&#8243;][\/vc_column][\/vc_row]<\/p>\n<\/div>","protected":false},"excerpt":{"rendered":"<p>Les projecteurs TUBE-V int\u00e9gr\u00e9s au rail triphas\u00e9 offrent un \u00e9clairage efficace et fonctionnel. Avec un angle de rotation allant jusqu&#8217;\u00e0 180\u00b0, vous pouvez diriger les diff\u00e9rents points lumineux vers l&#8217;endroit souhait\u00e9 et ajouter autant de points que n\u00e9cessaire.<br \/>\n<strong>Ref. 21TUBV3-015T30FE024NGR20D<\/strong><br \/>\n<strong>Ref. TUBEVBL15<\/strong>[vc_row][vc_column offset=&#8221;vc_hidden-xs&#8221;][vc_empty_space height=&#8221;30px&#8221;][\/vc_column][\/vc_row][vc_row][vc_column][vc_row_inner][vc_column_inner][wyde_info_box icon_set=&#8221;stroke_gap&#8221; icon_stroke_gap=&#8221;sg-Bulb&#8221; icon_position=&#8221;left&#8221; title=&#8221;HAUTE LUMINOSIT\u00c9&#8221;]Permet d&#8217;\u00e9clairer diff\u00e9rentes zones d&#8217;une pi\u00e8ce[\/wyde_info_box][vc_empty_space height=&#8221;15px&#8221;][\/vc_column_inner][\/vc_row_inner][vc_row_inner][vc_column_inner][wyde_info_box icon_set=&#8221;simple_line&#8221; icon_simple_line=&#8221;sl-refresh&#8221; icon_position=&#8221;left&#8221; title=&#8221;PROJECTEUR R\u00c9GLABLE&#8221;]Permet l&#8217;orientation des points lumineux[\/wyde_info_box][vc_empty_space height=&#8221;15px&#8221;][\/vc_column_inner][\/vc_row_inner][vc_row_inner][vc_column_inner][wyde_info_box icon_set=&#8221;simple_line&#8221; icon_simple_line=&#8221;sl-wrench&#8221; icon_position=&#8221;left&#8221; title=&#8221;MONTAGE ET NETTOYAGE FACILES&#8221;]Une maintenance \u00e0 moindre effort[\/wyde_info_box][vc_empty_space height=&#8221;15px&#8221;][\/vc_column_inner][\/vc_row_inner][\/vc_column][\/vc_row][vc_row][vc_column offset=&#8221;vc_hidden-xs&#8221;][vc_empty_space height=&#8221;60px&#8221;][\/vc_column][\/vc_row][vc_row][vc_column width=&#8221;1\/3&#8243;][wyde_link_button icon_set=&#8221;simple_line&#8221; icon_simple_line=&#8221;sl-settings&#8221; style=&#8221;round&#8221; title=&#8221;Instructions&#8221; link=&#8221;url:https%3A%2F%2Farteconfort.com%2Fwp-content%2Fuploads%2F2020%2F08%2Fim-CARRIL.pdf||target:%20_blank|rel:nofollow&#8221; color=&#8221;#ffffff&#8221; bg_color=&#8221;#222222&#8243;][\/vc_column][\/vc_row][vc_row][vc_column offset=&#8221;vc_hidden-xs&#8221;][vc_empty_space][\/vc_column][\/vc_row][vc_row][vc_column][vc_empty_space height=&#8221;20px&#8221;][\/vc_column][\/vc_row]<\/p>\n","protected":false},"featured_media":36456,"template":"","meta":[],"product_brand":[],"product_cat":[1047,361,347],"product_tag":[],"class_list":{"0":"post-11527","1":"product","2":"type-product","3":"status-publish","4":"has-post-thumbnail","6":"product_cat-coleccion-antigua-fr","7":"product_cat-focos-fr","8":"product_cat-iluminacion-fr","10":"first","11":"instock","12":"shipping-taxable","13":"product-type-external"},"yoast_head":"<!-- This site is optimized with the Yoast SEO plugin v26.5 - https:\/\/yoast.com\/wordpress\/plugins\/seo\/ -->\n<title>TUBE-V - colecci\u00f3n antigua, Focos, Iluminaci\u00f3n - Arteconfort<\/title>\n<meta name=\"description\" content=\"Les projecteurs TUBE-V int\u00e9gr\u00e9s au rail triphas\u00e9 offrent un \u00e9clairage efficace et fonctionnel. Avec un angle de rotation allant jusqu&#039;\u00e0 180\u00b0, vous pouvez diriger les diff\u00e9rents points lumineux vers l&#039;endroit souhait\u00e9 et ajouter autant de points que n\u00e9cessaire. Ref. 21TUBV3-015T30FE024NGR20D Ref. TUBEVBL15Permet d&#039;\u00e9clairer diff\u00e9rentes zones d&#039;une pi\u00e8cePermet l&#039;orientation des points lumineuxUne maintenance \u00e0 moindre effort\" \/>\n<meta name=\"robots\" content=\"index, follow, max-snippet:-1, max-image-preview:large, max-video-preview:-1\" \/>\n<link rel=\"canonical\" href=\"https:\/\/arteconfort.com\/fr\/producto\/tube-v\/\" \/>\n<meta property=\"og:locale\" content=\"fr_FR\" \/>\n<meta property=\"og:type\" content=\"article\" \/>\n<meta property=\"og:title\" content=\"TUBE-V - colecci\u00f3n antigua, Focos, Iluminaci\u00f3n - Arteconfort\" \/>\n<meta property=\"og:description\" content=\"Les projecteurs TUBE-V int\u00e9gr\u00e9s au rail triphas\u00e9 offrent un \u00e9clairage efficace et fonctionnel. Avec un angle de rotation allant jusqu&#039;\u00e0 180\u00b0, vous pouvez diriger les diff\u00e9rents points lumineux vers l&#039;endroit souhait\u00e9 et ajouter autant de points que n\u00e9cessaire. Ref. 21TUBV3-015T30FE024NGR20D Ref. TUBEVBL15Permet d&#039;\u00e9clairer diff\u00e9rentes zones d&#039;une pi\u00e8cePermet l&#039;orientation des points lumineuxUne maintenance \u00e0 moindre effort\" \/>\n<meta property=\"og:url\" content=\"https:\/\/arteconfort.com\/fr\/producto\/tube-v\/\" \/>\n<meta property=\"og:site_name\" content=\"Arteconfort\" \/>\n<meta property=\"article:modified_time\" content=\"2022-09-27T07:38:00+00:00\" \/>\n<meta property=\"og:image\" content=\"https:\/\/arteconfort.com\/wp-content\/uploads\/2023\/10\/SPOTLIGHT-BLANCO-.webp\" \/>\n\t<meta property=\"og:image:width\" content=\"1024\" \/>\n\t<meta property=\"og:image:height\" content=\"1024\" \/>\n\t<meta property=\"og:image:type\" content=\"image\/webp\" \/>\n<meta name=\"twitter:card\" content=\"summary_large_image\" \/>\n<meta name=\"twitter:label1\" content=\"Dur\u00e9e de lecture estim\u00e9e\" \/>\n\t<meta name=\"twitter:data1\" content=\"1 minute\" \/>\n<!-- \/ Yoast SEO plugin. -->","yoast_head_json":{"title":"TUBE-V - colecci\u00f3n antigua, Focos, Iluminaci\u00f3n - Arteconfort","description":"Les projecteurs TUBE-V int\u00e9gr\u00e9s au rail triphas\u00e9 offrent un \u00e9clairage efficace et fonctionnel. Avec un angle de rotation allant jusqu'\u00e0 180\u00b0, vous pouvez diriger les diff\u00e9rents points lumineux vers l'endroit souhait\u00e9 et ajouter autant de points que n\u00e9cessaire. Ref. 21TUBV3-015T30FE024NGR20D Ref. TUBEVBL15Permet d'\u00e9clairer diff\u00e9rentes zones d'une pi\u00e8cePermet l'orientation des points lumineuxUne maintenance \u00e0 moindre effort","robots":{"index":"index","follow":"follow","max-snippet":"max-snippet:-1","max-image-preview":"max-image-preview:large","max-video-preview":"max-video-preview:-1"},"canonical":"https:\/\/arteconfort.com\/fr\/producto\/tube-v\/","og_locale":"fr_FR","og_type":"article","og_title":"TUBE-V - colecci\u00f3n antigua, Focos, Iluminaci\u00f3n - Arteconfort","og_description":"Les projecteurs TUBE-V int\u00e9gr\u00e9s au rail triphas\u00e9 offrent un \u00e9clairage efficace et fonctionnel. Avec un angle de rotation allant jusqu'\u00e0 180\u00b0, vous pouvez diriger les diff\u00e9rents points lumineux vers l'endroit souhait\u00e9 et ajouter autant de points que n\u00e9cessaire. Ref. 21TUBV3-015T30FE024NGR20D Ref. TUBEVBL15Permet d'\u00e9clairer diff\u00e9rentes zones d'une pi\u00e8cePermet l'orientation des points lumineuxUne maintenance \u00e0 moindre effort","og_url":"https:\/\/arteconfort.com\/fr\/producto\/tube-v\/","og_site_name":"Arteconfort","article_modified_time":"2022-09-27T07:38:00+00:00","og_image":[{"width":1024,"height":1024,"url":"https:\/\/arteconfort.com\/wp-content\/uploads\/2023\/10\/SPOTLIGHT-BLANCO-.webp","type":"image\/webp"}],"twitter_card":"summary_large_image","twitter_misc":{"Dur\u00e9e de lecture estim\u00e9e":"1 minute"},"schema":{"@context":"https:\/\/schema.org","@graph":[{"@type":"WebPage","@id":"https:\/\/arteconfort.com\/fr\/producto\/tube-v\/","url":"https:\/\/arteconfort.com\/fr\/producto\/tube-v\/","name":"TUBE-V - colecci\u00f3n antigua, Focos, Iluminaci\u00f3n - Arteconfort","isPartOf":{"@id":"https:\/\/arteconfort.com\/fr\/#website"},"primaryImageOfPage":{"@id":"https:\/\/arteconfort.com\/fr\/producto\/tube-v\/#primaryimage"},"image":{"@id":"https:\/\/arteconfort.com\/fr\/producto\/tube-v\/#primaryimage"},"thumbnailUrl":"https:\/\/arteconfort.com\/wp-content\/uploads\/2023\/10\/SPOTLIGHT-BLANCO-.webp","datePublished":"2020-07-22T12:45:51+00:00","dateModified":"2022-09-27T07:38:00+00:00","description":"Les projecteurs TUBE-V int\u00e9gr\u00e9s au rail triphas\u00e9 offrent un \u00e9clairage efficace et fonctionnel. Avec un angle de rotation allant jusqu'\u00e0 180\u00b0, vous pouvez diriger les diff\u00e9rents points lumineux vers l'endroit souhait\u00e9 et ajouter autant de points que n\u00e9cessaire. Ref. 21TUBV3-015T30FE024NGR20D Ref. TUBEVBL15Permet d'\u00e9clairer diff\u00e9rentes zones d'une pi\u00e8cePermet l'orientation des points lumineuxUne maintenance \u00e0 moindre effort","breadcrumb":{"@id":"https:\/\/arteconfort.com\/fr\/producto\/tube-v\/#breadcrumb"},"inLanguage":"fr-FR","potentialAction":[{"@type":"ReadAction","target":["https:\/\/arteconfort.com\/fr\/producto\/tube-v\/"]}]},{"@type":"ImageObject","inLanguage":"fr-FR","@id":"https:\/\/arteconfort.com\/fr\/producto\/tube-v\/#primaryimage","url":"https:\/\/arteconfort.com\/wp-content\/uploads\/2023\/10\/SPOTLIGHT-BLANCO-.webp","contentUrl":"https:\/\/arteconfort.com\/wp-content\/uploads\/2023\/10\/SPOTLIGHT-BLANCO-.webp","width":1024,"height":1024},{"@type":"BreadcrumbList","@id":"https:\/\/arteconfort.com\/fr\/producto\/tube-v\/#breadcrumb","itemListElement":[{"@type":"ListItem","position":1,"name":"Inicio","item":"https:\/\/arteconfort.com\/fr\/"},{"@type":"ListItem","position":2,"name":"Boutique","item":"https:\/\/arteconfort.com\/fr\/boutique\/"},{"@type":"ListItem","position":3,"name":"TUBE-V"}]},{"@type":"WebSite","@id":"https:\/\/arteconfort.com\/fr\/#website","url":"https:\/\/arteconfort.com\/fr\/","name":"Arteconfort","description":"Especialistas en productos del hogar","publisher":{"@id":"https:\/\/arteconfort.com\/fr\/#organization"},"potentialAction":[{"@type":"SearchAction","target":{"@type":"EntryPoint","urlTemplate":"https:\/\/arteconfort.com\/fr\/?s={search_term_string}"},"query-input":{"@type":"PropertyValueSpecification","valueRequired":true,"valueName":"search_term_string"}}],"inLanguage":"fr-FR"},{"@type":"Organization","@id":"https:\/\/arteconfort.com\/fr\/#organization","name":"Arteconfort","url":"https:\/\/arteconfort.com\/fr\/","logo":{"@type":"ImageObject","inLanguage":"fr-FR","@id":"https:\/\/arteconfort.com\/fr\/#\/schema\/logo\/image\/","url":"https:\/\/arteconfort.com\/wp-content\/uploads\/2019\/07\/logo-arteconfort.png","contentUrl":"https:\/\/arteconfort.com\/wp-content\/uploads\/2019\/07\/logo-arteconfort.png","width":230,"height":88,"caption":"Arteconfort"},"image":{"@id":"https:\/\/arteconfort.com\/fr\/#\/schema\/logo\/image\/"}}]}},"_links":{"self":[{"href":"https:\/\/arteconfort.com\/fr\/wp-json\/wp\/v2\/product\/11527","targetHints":{"allow":["GET"]}}],"collection":[{"href":"https:\/\/arteconfort.com\/fr\/wp-json\/wp\/v2\/product"}],"about":[{"href":"https:\/\/arteconfort.com\/fr\/wp-json\/wp\/v2\/types\/product"}],"wp:featuredmedia":[{"embeddable":true,"href":"https:\/\/arteconfort.com\/fr\/wp-json\/wp\/v2\/media\/36456"}],"wp:attachment":[{"href":"https:\/\/arteconfort.com\/fr\/wp-json\/wp\/v2\/media?parent=11527"}],"wp:term":[{"taxonomy":"product_brand","embeddable":true,"href":"https:\/\/arteconfort.com\/fr\/wp-json\/wp\/v2\/product_brand?post=11527"},{"taxonomy":"product_cat","embeddable":true,"href":"https:\/\/arteconfort.com\/fr\/wp-json\/wp\/v2\/product_cat?post=11527"},{"taxonomy":"product_tag","embeddable":true,"href":"https:\/\/arteconfort.com\/fr\/wp-json\/wp\/v2\/product_tag?post=11527"}],"curies":[{"name":"wp","href":"https:\/\/api.w.org\/{rel}","templated":true}]}}