{"id":11555,"date":"2020-01-23T17:34:50","date_gmt":"2020-01-23T16:34:50","guid":{"rendered":"https:\/\/arteconfort.com\/producto\/non%20class\u00e9\/tree\/"},"modified":"2022-03-11T09:23:26","modified_gmt":"2022-03-11T08:23:26","slug":"tree","status":"publish","type":"product","link":"https:\/\/arteconfort.com\/fr\/producto\/tree\/","title":{"rendered":"TREE"},"content":{"rendered":"<div class=\"wpb-content-wrapper\"><p>[vc_row][vc_column width=&#8221;1\/2&#8243;][vc_accordion collapsible=&#8221;true&#8221; active_tab=&#8221;false&#8221;][vc_accordion_tab title=&#8221;Caract\u00e9ristiques m\u00e9caniques&#8221;][vc_column_text]<strong>Dimensions<\/strong> 25x19x2mm<br \/>\n<strong>Mat\u00e9riau<\/strong> Plastic<br \/>\n<strong>IP<\/strong> 20<br \/>\n<strong>Garantie<\/strong> 2 ans[\/vc_column_text][\/vc_accordion_tab][vc_accordion_tab title=&#8221;Caract\u00e9ristiques optiques&#8221;][vc_column_text]<br \/>\n<strong>Couleur de la lumi\u00e8re <\/strong>Vert<br \/>\n<strong>Dur\u00e9e<\/strong> 10.000h[\/vc_column_text][\/vc_accordion_tab][vc_accordion_tab title=&#8221;Pile&#8221;][vc_column_text]<strong>Taille\u00a0<\/strong>AA<br \/>\n<strong>Quantit\u00e9<\/strong> 3<br \/>\n<strong>Tension<\/strong> 4,5V<br \/>\n<strong>Inclus<\/strong> Non[\/vc_column_text][\/vc_accordion_tab][\/vc_accordion][\/vc_column][vc_column width=&#8221;1\/2&#8243;][vc_single_image image=&#8221;7094&#8243;][\/vc_column][\/vc_row]<\/p>\n<\/div>","protected":false},"excerpt":{"rendered":"<p>Ajoutez une touche de couleur \u00e0 votre maison avec ce n\u00e9on en forme de pin, parfait pour ajouter une touche de couleur et d&#8217;originalit\u00e9 \u00e0 n&#8217;importe quelle pi\u00e8ce de votre maison. Vous pouvez d\u00e9cider si vous pr\u00e9f\u00e9rez le suspendre ou le coller au mur avec l&#8217;adh\u00e9sif 3M inclus.<br \/>\n<strong>Ref. TREEVE115<\/strong>[vc_row][vc_column offset=&#8221;vc_hidden-xs&#8221;][vc_empty_space height=&#8221;30px&#8221;][\/vc_column][\/vc_row][vc_row][vc_column][vc_row_inner][vc_column_inner][wyde_info_box icon_set=&#8221;stroke_gap&#8221; icon_stroke_gap=&#8221;sg-BatteryFull&#8221; icon_position=&#8221;left&#8221; title=&#8221;CHARGE PAR USB OU BATTERIES&#8221;]Pour qu&#8217;il soit toujours pr\u00eat[\/wyde_info_box][vc_empty_space height=&#8221;15px&#8221;][\/vc_column_inner][\/vc_row_inner][vc_row_inner][vc_column_inner][wyde_info_box icon_set=&#8221;bigmug_line&#8221; icon_bigmug_line=&#8221;bigmug-line-clone&#8221; icon_position=&#8221;left&#8221; title=&#8221;3M D&#8217;ADH\u00c9SIF INCLUS&#8221;]Vous pouvez le coller au mur ou le suspendre[\/wyde_info_box][vc_empty_space height=&#8221;15px&#8221;][\/vc_column_inner][\/vc_row_inner][\/vc_column][\/vc_row][vc_row][vc_column offset=&#8221;vc_hidden-xs&#8221;][vc_empty_space height=&#8221;60px&#8221;][\/vc_column][\/vc_row][vc_row][vc_column width=&#8221;1\/3&#8243;][wyde_link_button icon_set=&#8221;simple_line&#8221; icon_simple_line=&#8221;sl-settings&#8221; style=&#8221;round&#8221; title=&#8221;Instructions&#8221; link=&#8221;url:http%3A%2F%2Farteconfort.com%2Fwp-content%2Fuploads%2F2020%2F01%2Fim-TREE.pdf||target:%20_blank|rel:nofollow&#8221; color=&#8221;#ffffff&#8221; bg_color=&#8221;#222222&#8243;][\/vc_column][vc_column width=&#8221;1\/3&#8243;][\/vc_column][\/vc_row][vc_row][vc_column offset=&#8221;vc_hidden-xs&#8221;][vc_empty_space][\/vc_column][\/vc_row][vc_row][vc_column][vc_empty_space height=&#8221;20px&#8221;][\/vc_column][\/vc_row][vc_row background_mode=&#8221;color&#8221; background_color=&#8221;#f5f5f5&#8243;][vc_column text_align=&#8221;center&#8221;][vc_row_inner padding_size=&#8221;m-padding&#8221;][vc_column_inner text_align=&#8221;center&#8221;][vc_single_image alignment=&#8221;center&#8221; image=&#8221;1046&#8243;][vc_column_text]Retrouvez cette lampe n\u00e9on \u00e0 LED en vente exclusivement chez LEROY MERLIN[\/vc_column_text][vc_empty_space height=&#8221;15px&#8221;][wyde_link_button icon_set=&#8221;simple_line&#8221; icon_simple_line=&#8221;sl-login&#8221; style=&#8221;outline round&#8221; title=&#8221;Acc\u00e9der \u00e0 Leroy Merlin&#8221; link=&#8221;url:https%3A%2F%2Fwww.leroymerlin.es%2Ffp%2F82435788%2Fneon-abeto-verde-usb-red||target:%20_blank|rel:nofollow&#8221; color=&#8221;#61b4e4&#8243; hover_color=&#8221;#ffffff&#8221;][\/vc_column_inner][\/vc_row_inner][\/vc_column][\/vc_row]<\/p>\n","protected":false},"featured_media":36276,"template":"","meta":[],"product_brand":[],"product_cat":[406],"product_tag":[],"class_list":{"0":"post-11555","1":"product","2":"type-product","3":"status-publish","4":"has-post-thumbnail","6":"product_cat-descatalogados-fr","8":"first","9":"instock","10":"shipping-taxable","11":"product-type-simple"},"yoast_head":"<!-- This site is optimized with the Yoast SEO plugin v26.5 - https:\/\/yoast.com\/wordpress\/plugins\/seo\/ -->\n<title>TREE - Descatalogados - Arteconfort<\/title>\n<meta name=\"description\" content=\"Ajoutez une touche de couleur \u00e0 votre maison avec ce n\u00e9on en forme de pin, parfait pour ajouter une touche de couleur et d&#039;originalit\u00e9 \u00e0 n&#039;importe quelle pi\u00e8ce de votre maison. Vous pouvez d\u00e9cider si vous pr\u00e9f\u00e9rez le suspendre ou le coller au mur avec l&#039;adh\u00e9sif 3M inclus. Ref. TREEVE115Pour qu&#039;il soit toujours pr\u00eatVous pouvez le coller au mur ou le suspendreRetrouvez cette lampe n\u00e9on \u00e0 LED en vente exclusivement chez LEROY MERLIN\" \/>\n<meta name=\"robots\" content=\"index, follow, max-snippet:-1, max-image-preview:large, max-video-preview:-1\" \/>\n<link rel=\"canonical\" href=\"https:\/\/arteconfort.com\/fr\/producto\/tree\/\" \/>\n<meta property=\"og:locale\" content=\"fr_FR\" \/>\n<meta property=\"og:type\" content=\"article\" \/>\n<meta property=\"og:title\" content=\"TREE - Descatalogados - Arteconfort\" \/>\n<meta property=\"og:description\" content=\"Ajoutez une touche de couleur \u00e0 votre maison avec ce n\u00e9on en forme de pin, parfait pour ajouter une touche de couleur et d&#039;originalit\u00e9 \u00e0 n&#039;importe quelle pi\u00e8ce de votre maison. Vous pouvez d\u00e9cider si vous pr\u00e9f\u00e9rez le suspendre ou le coller au mur avec l&#039;adh\u00e9sif 3M inclus. Ref. TREEVE115Pour qu&#039;il soit toujours pr\u00eatVous pouvez le coller au mur ou le suspendreRetrouvez cette lampe n\u00e9on \u00e0 LED en vente exclusivement chez LEROY MERLIN\" \/>\n<meta property=\"og:url\" content=\"https:\/\/arteconfort.com\/fr\/producto\/tree\/\" \/>\n<meta property=\"og:site_name\" content=\"Arteconfort\" \/>\n<meta property=\"article:modified_time\" content=\"2022-03-11T08:23:26+00:00\" \/>\n<meta property=\"og:image\" content=\"https:\/\/arteconfort.com\/wp-content\/uploads\/2023\/10\/TREE-luz-1.webp\" \/>\n\t<meta property=\"og:image:width\" content=\"1024\" \/>\n\t<meta property=\"og:image:height\" content=\"1024\" \/>\n\t<meta property=\"og:image:type\" content=\"image\/webp\" \/>\n<meta name=\"twitter:card\" content=\"summary_large_image\" \/>\n<meta name=\"twitter:label1\" content=\"Dur\u00e9e de lecture estim\u00e9e\" \/>\n\t<meta name=\"twitter:data1\" content=\"1 minute\" \/>\n<!-- \/ Yoast SEO plugin. -->","yoast_head_json":{"title":"TREE - Descatalogados - Arteconfort","description":"Ajoutez une touche de couleur \u00e0 votre maison avec ce n\u00e9on en forme de pin, parfait pour ajouter une touche de couleur et d'originalit\u00e9 \u00e0 n'importe quelle pi\u00e8ce de votre maison. Vous pouvez d\u00e9cider si vous pr\u00e9f\u00e9rez le suspendre ou le coller au mur avec l'adh\u00e9sif 3M inclus. Ref. TREEVE115Pour qu'il soit toujours pr\u00eatVous pouvez le coller au mur ou le suspendreRetrouvez cette lampe n\u00e9on \u00e0 LED en vente exclusivement chez LEROY MERLIN","robots":{"index":"index","follow":"follow","max-snippet":"max-snippet:-1","max-image-preview":"max-image-preview:large","max-video-preview":"max-video-preview:-1"},"canonical":"https:\/\/arteconfort.com\/fr\/producto\/tree\/","og_locale":"fr_FR","og_type":"article","og_title":"TREE - Descatalogados - Arteconfort","og_description":"Ajoutez une touche de couleur \u00e0 votre maison avec ce n\u00e9on en forme de pin, parfait pour ajouter une touche de couleur et d'originalit\u00e9 \u00e0 n'importe quelle pi\u00e8ce de votre maison. Vous pouvez d\u00e9cider si vous pr\u00e9f\u00e9rez le suspendre ou le coller au mur avec l'adh\u00e9sif 3M inclus. Ref. TREEVE115Pour qu'il soit toujours pr\u00eatVous pouvez le coller au mur ou le suspendreRetrouvez cette lampe n\u00e9on \u00e0 LED en vente exclusivement chez LEROY MERLIN","og_url":"https:\/\/arteconfort.com\/fr\/producto\/tree\/","og_site_name":"Arteconfort","article_modified_time":"2022-03-11T08:23:26+00:00","og_image":[{"width":1024,"height":1024,"url":"https:\/\/arteconfort.com\/wp-content\/uploads\/2023\/10\/TREE-luz-1.webp","type":"image\/webp"}],"twitter_card":"summary_large_image","twitter_misc":{"Dur\u00e9e de lecture estim\u00e9e":"1 minute"},"schema":{"@context":"https:\/\/schema.org","@graph":[{"@type":"WebPage","@id":"https:\/\/arteconfort.com\/fr\/producto\/tree\/","url":"https:\/\/arteconfort.com\/fr\/producto\/tree\/","name":"TREE - Descatalogados - Arteconfort","isPartOf":{"@id":"https:\/\/arteconfort.com\/fr\/#website"},"primaryImageOfPage":{"@id":"https:\/\/arteconfort.com\/fr\/producto\/tree\/#primaryimage"},"image":{"@id":"https:\/\/arteconfort.com\/fr\/producto\/tree\/#primaryimage"},"thumbnailUrl":"https:\/\/arteconfort.com\/wp-content\/uploads\/2023\/10\/TREE-luz-1.webp","datePublished":"2020-01-23T16:34:50+00:00","dateModified":"2022-03-11T08:23:26+00:00","description":"Ajoutez une touche de couleur \u00e0 votre maison avec ce n\u00e9on en forme de pin, parfait pour ajouter une touche de couleur et d'originalit\u00e9 \u00e0 n'importe quelle pi\u00e8ce de votre maison. Vous pouvez d\u00e9cider si vous pr\u00e9f\u00e9rez le suspendre ou le coller au mur avec l'adh\u00e9sif 3M inclus. Ref. TREEVE115Pour qu'il soit toujours pr\u00eatVous pouvez le coller au mur ou le suspendreRetrouvez cette lampe n\u00e9on \u00e0 LED en vente exclusivement chez LEROY MERLIN","breadcrumb":{"@id":"https:\/\/arteconfort.com\/fr\/producto\/tree\/#breadcrumb"},"inLanguage":"fr-FR","potentialAction":[{"@type":"ReadAction","target":["https:\/\/arteconfort.com\/fr\/producto\/tree\/"]}]},{"@type":"ImageObject","inLanguage":"fr-FR","@id":"https:\/\/arteconfort.com\/fr\/producto\/tree\/#primaryimage","url":"https:\/\/arteconfort.com\/wp-content\/uploads\/2023\/10\/TREE-luz-1.webp","contentUrl":"https:\/\/arteconfort.com\/wp-content\/uploads\/2023\/10\/TREE-luz-1.webp","width":1024,"height":1024},{"@type":"BreadcrumbList","@id":"https:\/\/arteconfort.com\/fr\/producto\/tree\/#breadcrumb","itemListElement":[{"@type":"ListItem","position":1,"name":"Inicio","item":"https:\/\/arteconfort.com\/fr\/"},{"@type":"ListItem","position":2,"name":"Boutique","item":"https:\/\/arteconfort.com\/fr\/boutique\/"},{"@type":"ListItem","position":3,"name":"TREE"}]},{"@type":"WebSite","@id":"https:\/\/arteconfort.com\/fr\/#website","url":"https:\/\/arteconfort.com\/fr\/","name":"Arteconfort","description":"Especialistas en productos del hogar","publisher":{"@id":"https:\/\/arteconfort.com\/fr\/#organization"},"potentialAction":[{"@type":"SearchAction","target":{"@type":"EntryPoint","urlTemplate":"https:\/\/arteconfort.com\/fr\/?s={search_term_string}"},"query-input":{"@type":"PropertyValueSpecification","valueRequired":true,"valueName":"search_term_string"}}],"inLanguage":"fr-FR"},{"@type":"Organization","@id":"https:\/\/arteconfort.com\/fr\/#organization","name":"Arteconfort","url":"https:\/\/arteconfort.com\/fr\/","logo":{"@type":"ImageObject","inLanguage":"fr-FR","@id":"https:\/\/arteconfort.com\/fr\/#\/schema\/logo\/image\/","url":"https:\/\/arteconfort.com\/wp-content\/uploads\/2019\/07\/logo-arteconfort.png","contentUrl":"https:\/\/arteconfort.com\/wp-content\/uploads\/2019\/07\/logo-arteconfort.png","width":230,"height":88,"caption":"Arteconfort"},"image":{"@id":"https:\/\/arteconfort.com\/fr\/#\/schema\/logo\/image\/"}}]}},"_links":{"self":[{"href":"https:\/\/arteconfort.com\/fr\/wp-json\/wp\/v2\/product\/11555","targetHints":{"allow":["GET"]}}],"collection":[{"href":"https:\/\/arteconfort.com\/fr\/wp-json\/wp\/v2\/product"}],"about":[{"href":"https:\/\/arteconfort.com\/fr\/wp-json\/wp\/v2\/types\/product"}],"wp:featuredmedia":[{"embeddable":true,"href":"https:\/\/arteconfort.com\/fr\/wp-json\/wp\/v2\/media\/36276"}],"wp:attachment":[{"href":"https:\/\/arteconfort.com\/fr\/wp-json\/wp\/v2\/media?parent=11555"}],"wp:term":[{"taxonomy":"product_brand","embeddable":true,"href":"https:\/\/arteconfort.com\/fr\/wp-json\/wp\/v2\/product_brand?post=11555"},{"taxonomy":"product_cat","embeddable":true,"href":"https:\/\/arteconfort.com\/fr\/wp-json\/wp\/v2\/product_cat?post=11555"},{"taxonomy":"product_tag","embeddable":true,"href":"https:\/\/arteconfort.com\/fr\/wp-json\/wp\/v2\/product_tag?post=11555"}],"curies":[{"name":"wp","href":"https:\/\/api.w.org\/{rel}","templated":true}]}}