{"id":11580,"date":"2020-08-19T13:28:25","date_gmt":"2020-08-19T11:28:25","guid":{"rendered":"https:\/\/arteconfort.com\/producto\/non%20class\u00e9\/helio\/"},"modified":"2022-03-10T10:51:54","modified_gmt":"2022-03-10T09:51:54","slug":"helio","status":"publish","type":"product","link":"https:\/\/arteconfort.com\/fr\/producto\/helio\/","title":{"rendered":"HELIO"},"content":{"rendered":"<div class=\"wpb-content-wrapper\"><p>[vc_row][vc_column width=&#8221;1\/2&#8243;][vc_accordion collapsible=&#8221;true&#8221; active_tab=&#8221;false&#8221;][vc_accordion_tab title=&#8221;Caract\u00e9ristiques m\u00e9caniques&#8221;][vc_column_text]<strong>Dimensions<\/strong> 12x38x15,3cm<br \/>\n<strong>Mat\u00e9riau<\/strong> M\u00e9tal<br \/>\n<b>Finition <\/b>Blanc\/Or<br \/>\n<strong>IP<\/strong> 20<br \/>\n<strong>Garantie<\/strong> 2 ans[\/vc_column_text][\/vc_accordion_tab][vc_accordion_tab title=&#8221;Caract\u00e9ristiques \u00e9lectriques&#8221;][vc_column_text]<b>Puissance <\/b>Max. 40W (Lampe non incluse)<br \/>\n<strong>Alimentation \u00e9lectrique <\/strong>220-240Vac<br \/>\n<strong>Fr\u00e9quence<\/strong> 50Hz<br \/>\n<b>Douille <\/b>E14[\/vc_column_text][\/vc_accordion_tab][\/vc_accordion][\/vc_column][vc_column width=&#8221;1\/2&#8243;][vc_single_image image=&#8221;8294&#8243;][\/vc_column][\/vc_row]<\/p>\n<\/div>","protected":false},"excerpt":{"rendered":"<p>Obtenez l&#8217;\u00e9clairage le plus efficace avec la lampe HELIO. Un design \u00e9l\u00e9gant et moderne avec un corps en m\u00e9tal dor\u00e9 ou blanc et un abat-jour pivotant en font une option tr\u00e8s polyvalente qui s&#8217;int\u00e8gre parfaitement \u00e0 tout bureau et met en valeur votre \u00e9clairage.<br \/>\n<strong>Ref. HELIODO13<\/strong><br \/>\n<strong>Ref. HELIOBL13<\/strong><br \/>\n[vc_row][vc_column offset=&#8221;vc_hidden-xs&#8221;][vc_empty_space height=&#8221;30px&#8221;][\/vc_column][\/vc_row][vc_row][vc_column][vc_row_inner][vc_column_inner][wyde_info_box icon_set=&#8221;simple_line&#8221; icon_simple_line=&#8221;sl-wrench&#8221; icon_position=&#8221;left&#8221; title=&#8221;MONTAGE ET NETTOYAGE FACILES&#8221;]Une maintenance \u00e0 moindre effort[\/wyde_info_box][vc_empty_space height=&#8221;15px&#8221;][\/vc_column_inner][\/vc_row_inner][vc_row_inner][vc_column_inner][wyde_info_box icon_set=&#8221;simple_line&#8221; icon_simple_line=&#8221;sl-refresh&#8221; icon_position=&#8221;left&#8221; title=&#8221;ABAT-JOUR ORIENTABLE&#8221;]Permet d&#8217;orienter l&#8217;ampoule[\/wyde_info_box][vc_empty_space height=&#8221;15px&#8221;][\/vc_column_inner][\/vc_row_inner][\/vc_column][\/vc_row][vc_row][vc_column offset=&#8221;vc_hidden-xs&#8221;][vc_empty_space height=&#8221;60px&#8221;][\/vc_column][\/vc_row][vc_row][vc_column width=&#8221;1\/3&#8243;][wyde_link_button icon_set=&#8221;simple_line&#8221; icon_simple_line=&#8221;sl-settings&#8221; style=&#8221;round&#8221; title=&#8221;Instructions&#8221; link=&#8221;url:https%3A%2F%2Farteconfort.com%2Fwp-content%2Fuploads%2F2021%2F02%2Fim-HELIO.pdf||target:%20_blank|rel:nofollow&#8221; color=&#8221;#ffffff&#8221; bg_color=&#8221;#222222&#8243;][\/vc_column][\/vc_row][vc_row][vc_column offset=&#8221;vc_hidden-xs&#8221;][vc_empty_space][\/vc_column][\/vc_row][vc_row][vc_column][vc_empty_space height=&#8221;20px&#8221;][\/vc_column][\/vc_row]<\/p>\n","protected":false},"featured_media":34901,"template":"","meta":[],"product_brand":[],"product_cat":[406],"product_tag":[],"class_list":{"0":"post-11580","1":"product","2":"type-product","3":"status-publish","4":"has-post-thumbnail","6":"product_cat-descatalogados-fr","8":"first","9":"instock","10":"shipping-taxable","11":"product-type-external"},"yoast_head":"<!-- This site is optimized with the Yoast SEO plugin v26.5 - https:\/\/yoast.com\/wordpress\/plugins\/seo\/ -->\n<title>HELIO - Descatalogados - Arteconfort<\/title>\n<meta name=\"description\" content=\"Obtenez l&#039;\u00e9clairage le plus efficace avec la lampe HELIO. Un design \u00e9l\u00e9gant et moderne avec un corps en m\u00e9tal dor\u00e9 ou blanc et un abat-jour pivotant en font une option tr\u00e8s polyvalente qui s&#039;int\u00e8gre parfaitement \u00e0 tout bureau et met en valeur votre \u00e9clairage. Ref. HELIODO13 Ref. HELIOBL13 Une maintenance \u00e0 moindre effortPermet d&#039;orienter l&#039;ampoule\" \/>\n<meta name=\"robots\" content=\"index, follow, max-snippet:-1, max-image-preview:large, max-video-preview:-1\" \/>\n<link rel=\"canonical\" href=\"https:\/\/arteconfort.com\/fr\/producto\/helio\/\" \/>\n<meta property=\"og:locale\" content=\"fr_FR\" \/>\n<meta property=\"og:type\" content=\"article\" \/>\n<meta property=\"og:title\" content=\"HELIO - Descatalogados - Arteconfort\" \/>\n<meta property=\"og:description\" content=\"Obtenez l&#039;\u00e9clairage le plus efficace avec la lampe HELIO. Un design \u00e9l\u00e9gant et moderne avec un corps en m\u00e9tal dor\u00e9 ou blanc et un abat-jour pivotant en font une option tr\u00e8s polyvalente qui s&#039;int\u00e8gre parfaitement \u00e0 tout bureau et met en valeur votre \u00e9clairage. Ref. HELIODO13 Ref. HELIOBL13 Une maintenance \u00e0 moindre effortPermet d&#039;orienter l&#039;ampoule\" \/>\n<meta property=\"og:url\" content=\"https:\/\/arteconfort.com\/fr\/producto\/helio\/\" \/>\n<meta property=\"og:site_name\" content=\"Arteconfort\" \/>\n<meta property=\"article:modified_time\" content=\"2022-03-10T09:51:54+00:00\" \/>\n<meta property=\"og:image\" content=\"https:\/\/arteconfort.com\/wp-content\/uploads\/2023\/10\/HELIO-dorado-def.webp\" \/>\n\t<meta property=\"og:image:width\" content=\"1024\" \/>\n\t<meta property=\"og:image:height\" content=\"1024\" \/>\n\t<meta property=\"og:image:type\" content=\"image\/webp\" \/>\n<meta name=\"twitter:card\" content=\"summary_large_image\" \/>\n<!-- \/ Yoast SEO plugin. -->","yoast_head_json":{"title":"HELIO - Descatalogados - Arteconfort","description":"Obtenez l'\u00e9clairage le plus efficace avec la lampe HELIO. Un design \u00e9l\u00e9gant et moderne avec un corps en m\u00e9tal dor\u00e9 ou blanc et un abat-jour pivotant en font une option tr\u00e8s polyvalente qui s'int\u00e8gre parfaitement \u00e0 tout bureau et met en valeur votre \u00e9clairage. Ref. HELIODO13 Ref. HELIOBL13 Une maintenance \u00e0 moindre effortPermet d'orienter l'ampoule","robots":{"index":"index","follow":"follow","max-snippet":"max-snippet:-1","max-image-preview":"max-image-preview:large","max-video-preview":"max-video-preview:-1"},"canonical":"https:\/\/arteconfort.com\/fr\/producto\/helio\/","og_locale":"fr_FR","og_type":"article","og_title":"HELIO - Descatalogados - Arteconfort","og_description":"Obtenez l'\u00e9clairage le plus efficace avec la lampe HELIO. Un design \u00e9l\u00e9gant et moderne avec un corps en m\u00e9tal dor\u00e9 ou blanc et un abat-jour pivotant en font une option tr\u00e8s polyvalente qui s'int\u00e8gre parfaitement \u00e0 tout bureau et met en valeur votre \u00e9clairage. Ref. HELIODO13 Ref. HELIOBL13 Une maintenance \u00e0 moindre effortPermet d'orienter l'ampoule","og_url":"https:\/\/arteconfort.com\/fr\/producto\/helio\/","og_site_name":"Arteconfort","article_modified_time":"2022-03-10T09:51:54+00:00","og_image":[{"width":1024,"height":1024,"url":"https:\/\/arteconfort.com\/wp-content\/uploads\/2023\/10\/HELIO-dorado-def.webp","type":"image\/webp"}],"twitter_card":"summary_large_image","schema":{"@context":"https:\/\/schema.org","@graph":[{"@type":"WebPage","@id":"https:\/\/arteconfort.com\/fr\/producto\/helio\/","url":"https:\/\/arteconfort.com\/fr\/producto\/helio\/","name":"HELIO - Descatalogados - Arteconfort","isPartOf":{"@id":"https:\/\/arteconfort.com\/fr\/#website"},"primaryImageOfPage":{"@id":"https:\/\/arteconfort.com\/fr\/producto\/helio\/#primaryimage"},"image":{"@id":"https:\/\/arteconfort.com\/fr\/producto\/helio\/#primaryimage"},"thumbnailUrl":"https:\/\/arteconfort.com\/wp-content\/uploads\/2023\/10\/HELIO-dorado-def.webp","datePublished":"2020-08-19T11:28:25+00:00","dateModified":"2022-03-10T09:51:54+00:00","description":"Obtenez l'\u00e9clairage le plus efficace avec la lampe HELIO. Un design \u00e9l\u00e9gant et moderne avec un corps en m\u00e9tal dor\u00e9 ou blanc et un abat-jour pivotant en font une option tr\u00e8s polyvalente qui s'int\u00e8gre parfaitement \u00e0 tout bureau et met en valeur votre \u00e9clairage. Ref. HELIODO13 Ref. HELIOBL13 Une maintenance \u00e0 moindre effortPermet d'orienter l'ampoule","breadcrumb":{"@id":"https:\/\/arteconfort.com\/fr\/producto\/helio\/#breadcrumb"},"inLanguage":"fr-FR","potentialAction":[{"@type":"ReadAction","target":["https:\/\/arteconfort.com\/fr\/producto\/helio\/"]}]},{"@type":"ImageObject","inLanguage":"fr-FR","@id":"https:\/\/arteconfort.com\/fr\/producto\/helio\/#primaryimage","url":"https:\/\/arteconfort.com\/wp-content\/uploads\/2023\/10\/HELIO-dorado-def.webp","contentUrl":"https:\/\/arteconfort.com\/wp-content\/uploads\/2023\/10\/HELIO-dorado-def.webp","width":1024,"height":1024},{"@type":"BreadcrumbList","@id":"https:\/\/arteconfort.com\/fr\/producto\/helio\/#breadcrumb","itemListElement":[{"@type":"ListItem","position":1,"name":"Inicio","item":"https:\/\/arteconfort.com\/fr\/"},{"@type":"ListItem","position":2,"name":"Boutique","item":"https:\/\/arteconfort.com\/fr\/boutique\/"},{"@type":"ListItem","position":3,"name":"HELIO"}]},{"@type":"WebSite","@id":"https:\/\/arteconfort.com\/fr\/#website","url":"https:\/\/arteconfort.com\/fr\/","name":"Arteconfort","description":"Especialistas en productos del hogar","publisher":{"@id":"https:\/\/arteconfort.com\/fr\/#organization"},"potentialAction":[{"@type":"SearchAction","target":{"@type":"EntryPoint","urlTemplate":"https:\/\/arteconfort.com\/fr\/?s={search_term_string}"},"query-input":{"@type":"PropertyValueSpecification","valueRequired":true,"valueName":"search_term_string"}}],"inLanguage":"fr-FR"},{"@type":"Organization","@id":"https:\/\/arteconfort.com\/fr\/#organization","name":"Arteconfort","url":"https:\/\/arteconfort.com\/fr\/","logo":{"@type":"ImageObject","inLanguage":"fr-FR","@id":"https:\/\/arteconfort.com\/fr\/#\/schema\/logo\/image\/","url":"https:\/\/arteconfort.com\/wp-content\/uploads\/2019\/07\/logo-arteconfort.png","contentUrl":"https:\/\/arteconfort.com\/wp-content\/uploads\/2019\/07\/logo-arteconfort.png","width":230,"height":88,"caption":"Arteconfort"},"image":{"@id":"https:\/\/arteconfort.com\/fr\/#\/schema\/logo\/image\/"}}]}},"_links":{"self":[{"href":"https:\/\/arteconfort.com\/fr\/wp-json\/wp\/v2\/product\/11580","targetHints":{"allow":["GET"]}}],"collection":[{"href":"https:\/\/arteconfort.com\/fr\/wp-json\/wp\/v2\/product"}],"about":[{"href":"https:\/\/arteconfort.com\/fr\/wp-json\/wp\/v2\/types\/product"}],"wp:featuredmedia":[{"embeddable":true,"href":"https:\/\/arteconfort.com\/fr\/wp-json\/wp\/v2\/media\/34901"}],"wp:attachment":[{"href":"https:\/\/arteconfort.com\/fr\/wp-json\/wp\/v2\/media?parent=11580"}],"wp:term":[{"taxonomy":"product_brand","embeddable":true,"href":"https:\/\/arteconfort.com\/fr\/wp-json\/wp\/v2\/product_brand?post=11580"},{"taxonomy":"product_cat","embeddable":true,"href":"https:\/\/arteconfort.com\/fr\/wp-json\/wp\/v2\/product_cat?post=11580"},{"taxonomy":"product_tag","embeddable":true,"href":"https:\/\/arteconfort.com\/fr\/wp-json\/wp\/v2\/product_tag?post=11580"}],"curies":[{"name":"wp","href":"https:\/\/api.w.org\/{rel}","templated":true}]}}