{"id":11587,"date":"2020-08-19T13:33:31","date_gmt":"2020-08-19T11:33:31","guid":{"rendered":"https:\/\/arteconfort.com\/producto\/non%20class\u00e9\/musa\/"},"modified":"2022-03-10T11:00:46","modified_gmt":"2022-03-10T10:00:46","slug":"musa","status":"publish","type":"product","link":"https:\/\/arteconfort.com\/fr\/producto\/musa\/","title":{"rendered":"MUSA"},"content":{"rendered":"<div class=\"wpb-content-wrapper\"><p>[vc_row][vc_column width=&#8221;1\/2&#8243;][vc_accordion collapsible=&#8221;true&#8221; active_tab=&#8221;false&#8221;][vc_accordion_tab title=&#8221;Caract\u00e9ristiques m\u00e9caniques&#8221;][vc_column_text]<strong>Dimensions<\/strong> 10,5x39x17cm<br \/>\n<strong>Mat\u00e9riau<\/strong> M\u00e9tal et bois<br \/>\n<b>Finition <\/b>Blanc\/Noir<br \/>\n<strong>IP<\/strong> 20<br \/>\n<strong>Garantie<\/strong> 2 ans[\/vc_column_text][\/vc_accordion_tab][vc_accordion_tab title=&#8221;Caract\u00e9ristiques \u00e9lectriques&#8221;][vc_column_text]<b>Puissance <\/b>Max. 40W (Lampe non incluse)<br \/>\n<strong>Alimentation \u00e9lectrique <\/strong>220-240Vac<br \/>\n<strong>Fr\u00e9quence<\/strong> 50Hz<br \/>\n<b>Douille <\/b>E14[\/vc_column_text][\/vc_accordion_tab][\/vc_accordion][\/vc_column][vc_column width=&#8221;1\/2&#8243;][vc_single_image image=&#8221;8298&#8243;][\/vc_column][\/vc_row]<\/p>\n<\/div>","protected":false},"excerpt":{"rendered":"<p>Profitez de l&#8217;\u00e9clairage \u00e9l\u00e9gant et efficace de la lampe de bureau MUSA. Gr\u00e2ce \u00e0 son design simple et \u00e9l\u00e9gant, compos\u00e9 d&#8217;un beau corps en m\u00e9tal noir ou blanc, il s&#8217;adapte parfaitement \u00e0 tout bureau et met en valeur son \u00e9clairage.<br \/>\n<strong>Ref. MUSANG13<\/strong><br \/>\n<strong>Ref. MUSABL13<\/strong><br \/>\n[vc_row][vc_column offset=&#8221;vc_hidden-xs&#8221;][vc_empty_space height=&#8221;30px&#8221;][\/vc_column][\/vc_row][vc_row][vc_column][vc_row_inner][vc_column_inner][wyde_info_box icon_set=&#8221;simple_line&#8221; icon_simple_line=&#8221;sl-wrench&#8221; icon_position=&#8221;left&#8221; title=&#8221;MONTAGE ET NETTOYAGE FACILES&#8221;]Une maintenance \u00e0 moindre effort[\/wyde_info_box][vc_empty_space height=&#8221;15px&#8221;][\/vc_column_inner][\/vc_row_inner][vc_row_inner][vc_column_inner][wyde_info_box icon_set=&#8221;simple_line&#8221; icon_simple_line=&#8221;sl-refresh&#8221; icon_position=&#8221;left&#8221; title=&#8221;ABAT-JOUR ORIENTABLE&#8221;]Permet d&#8217;orienter l&#8217;ampoule[\/wyde_info_box][vc_empty_space height=&#8221;15px&#8221;][\/vc_column_inner][\/vc_row_inner][\/vc_column][\/vc_row][vc_row][vc_column offset=&#8221;vc_hidden-xs&#8221;][vc_empty_space height=&#8221;60px&#8221;][\/vc_column][\/vc_row][vc_row][vc_column width=&#8221;1\/3&#8243;][wyde_link_button icon_set=&#8221;simple_line&#8221; icon_simple_line=&#8221;sl-settings&#8221; style=&#8221;round&#8221; title=&#8221;Instructions&#8221; link=&#8221;url:https%3A%2F%2Farteconfort.com%2Fwp-content%2Fuploads%2F2021%2F02%2Fim-MUSA.pdf||target:%20_blank|rel:nofollow&#8221; color=&#8221;#ffffff&#8221; bg_color=&#8221;#222222&#8243;][\/vc_column][\/vc_row][vc_row][vc_column offset=&#8221;vc_hidden-xs&#8221;][vc_empty_space][\/vc_column][\/vc_row][vc_row][vc_column][vc_empty_space height=&#8221;20px&#8221;][\/vc_column][\/vc_row]<\/p>\n","protected":false},"featured_media":34921,"template":"","meta":[],"product_brand":[],"product_cat":[406],"product_tag":[],"class_list":{"0":"post-11587","1":"product","2":"type-product","3":"status-publish","4":"has-post-thumbnail","6":"product_cat-descatalogados-fr","8":"first","9":"instock","10":"shipping-taxable","11":"product-type-external"},"yoast_head":"<!-- This site is optimized with the Yoast SEO plugin v26.5 - https:\/\/yoast.com\/wordpress\/plugins\/seo\/ -->\n<title>MUSA - Descatalogados - Arteconfort<\/title>\n<meta name=\"description\" content=\"Profitez de l&#039;\u00e9clairage \u00e9l\u00e9gant et efficace de la lampe de bureau MUSA. Gr\u00e2ce \u00e0 son design simple et \u00e9l\u00e9gant, compos\u00e9 d&#039;un beau corps en m\u00e9tal noir ou blanc, il s&#039;adapte parfaitement \u00e0 tout bureau et met en valeur son \u00e9clairage. Ref. MUSANG13 Ref. MUSABL13 Une maintenance \u00e0 moindre effortPermet d&#039;orienter l&#039;ampoule\" \/>\n<meta name=\"robots\" content=\"index, follow, max-snippet:-1, max-image-preview:large, max-video-preview:-1\" \/>\n<link rel=\"canonical\" href=\"https:\/\/arteconfort.com\/fr\/producto\/musa\/\" \/>\n<meta property=\"og:locale\" content=\"fr_FR\" \/>\n<meta property=\"og:type\" content=\"article\" \/>\n<meta property=\"og:title\" content=\"MUSA - Descatalogados - Arteconfort\" \/>\n<meta property=\"og:description\" content=\"Profitez de l&#039;\u00e9clairage \u00e9l\u00e9gant et efficace de la lampe de bureau MUSA. Gr\u00e2ce \u00e0 son design simple et \u00e9l\u00e9gant, compos\u00e9 d&#039;un beau corps en m\u00e9tal noir ou blanc, il s&#039;adapte parfaitement \u00e0 tout bureau et met en valeur son \u00e9clairage. Ref. MUSANG13 Ref. MUSABL13 Une maintenance \u00e0 moindre effortPermet d&#039;orienter l&#039;ampoule\" \/>\n<meta property=\"og:url\" content=\"https:\/\/arteconfort.com\/fr\/producto\/musa\/\" \/>\n<meta property=\"og:site_name\" content=\"Arteconfort\" \/>\n<meta property=\"article:modified_time\" content=\"2022-03-10T10:00:46+00:00\" \/>\n<meta property=\"og:image\" content=\"https:\/\/arteconfort.com\/wp-content\/uploads\/2023\/10\/MUSA-negro.webp\" \/>\n\t<meta property=\"og:image:width\" content=\"1024\" \/>\n\t<meta property=\"og:image:height\" content=\"1024\" \/>\n\t<meta property=\"og:image:type\" content=\"image\/webp\" \/>\n<meta name=\"twitter:card\" content=\"summary_large_image\" \/>\n<!-- \/ Yoast SEO plugin. -->","yoast_head_json":{"title":"MUSA - Descatalogados - Arteconfort","description":"Profitez de l'\u00e9clairage \u00e9l\u00e9gant et efficace de la lampe de bureau MUSA. Gr\u00e2ce \u00e0 son design simple et \u00e9l\u00e9gant, compos\u00e9 d'un beau corps en m\u00e9tal noir ou blanc, il s'adapte parfaitement \u00e0 tout bureau et met en valeur son \u00e9clairage. Ref. MUSANG13 Ref. MUSABL13 Une maintenance \u00e0 moindre effortPermet d'orienter l'ampoule","robots":{"index":"index","follow":"follow","max-snippet":"max-snippet:-1","max-image-preview":"max-image-preview:large","max-video-preview":"max-video-preview:-1"},"canonical":"https:\/\/arteconfort.com\/fr\/producto\/musa\/","og_locale":"fr_FR","og_type":"article","og_title":"MUSA - Descatalogados - Arteconfort","og_description":"Profitez de l'\u00e9clairage \u00e9l\u00e9gant et efficace de la lampe de bureau MUSA. Gr\u00e2ce \u00e0 son design simple et \u00e9l\u00e9gant, compos\u00e9 d'un beau corps en m\u00e9tal noir ou blanc, il s'adapte parfaitement \u00e0 tout bureau et met en valeur son \u00e9clairage. Ref. MUSANG13 Ref. MUSABL13 Une maintenance \u00e0 moindre effortPermet d'orienter l'ampoule","og_url":"https:\/\/arteconfort.com\/fr\/producto\/musa\/","og_site_name":"Arteconfort","article_modified_time":"2022-03-10T10:00:46+00:00","og_image":[{"width":1024,"height":1024,"url":"https:\/\/arteconfort.com\/wp-content\/uploads\/2023\/10\/MUSA-negro.webp","type":"image\/webp"}],"twitter_card":"summary_large_image","schema":{"@context":"https:\/\/schema.org","@graph":[{"@type":"WebPage","@id":"https:\/\/arteconfort.com\/fr\/producto\/musa\/","url":"https:\/\/arteconfort.com\/fr\/producto\/musa\/","name":"MUSA - Descatalogados - Arteconfort","isPartOf":{"@id":"https:\/\/arteconfort.com\/fr\/#website"},"primaryImageOfPage":{"@id":"https:\/\/arteconfort.com\/fr\/producto\/musa\/#primaryimage"},"image":{"@id":"https:\/\/arteconfort.com\/fr\/producto\/musa\/#primaryimage"},"thumbnailUrl":"https:\/\/arteconfort.com\/wp-content\/uploads\/2023\/10\/MUSA-negro.webp","datePublished":"2020-08-19T11:33:31+00:00","dateModified":"2022-03-10T10:00:46+00:00","description":"Profitez de l'\u00e9clairage \u00e9l\u00e9gant et efficace de la lampe de bureau MUSA. Gr\u00e2ce \u00e0 son design simple et \u00e9l\u00e9gant, compos\u00e9 d'un beau corps en m\u00e9tal noir ou blanc, il s'adapte parfaitement \u00e0 tout bureau et met en valeur son \u00e9clairage. Ref. MUSANG13 Ref. MUSABL13 Une maintenance \u00e0 moindre effortPermet d'orienter l'ampoule","breadcrumb":{"@id":"https:\/\/arteconfort.com\/fr\/producto\/musa\/#breadcrumb"},"inLanguage":"fr-FR","potentialAction":[{"@type":"ReadAction","target":["https:\/\/arteconfort.com\/fr\/producto\/musa\/"]}]},{"@type":"ImageObject","inLanguage":"fr-FR","@id":"https:\/\/arteconfort.com\/fr\/producto\/musa\/#primaryimage","url":"https:\/\/arteconfort.com\/wp-content\/uploads\/2023\/10\/MUSA-negro.webp","contentUrl":"https:\/\/arteconfort.com\/wp-content\/uploads\/2023\/10\/MUSA-negro.webp","width":1024,"height":1024},{"@type":"BreadcrumbList","@id":"https:\/\/arteconfort.com\/fr\/producto\/musa\/#breadcrumb","itemListElement":[{"@type":"ListItem","position":1,"name":"Inicio","item":"https:\/\/arteconfort.com\/fr\/"},{"@type":"ListItem","position":2,"name":"Boutique","item":"https:\/\/arteconfort.com\/fr\/boutique\/"},{"@type":"ListItem","position":3,"name":"MUSA"}]},{"@type":"WebSite","@id":"https:\/\/arteconfort.com\/fr\/#website","url":"https:\/\/arteconfort.com\/fr\/","name":"Arteconfort","description":"Especialistas en productos del hogar","publisher":{"@id":"https:\/\/arteconfort.com\/fr\/#organization"},"potentialAction":[{"@type":"SearchAction","target":{"@type":"EntryPoint","urlTemplate":"https:\/\/arteconfort.com\/fr\/?s={search_term_string}"},"query-input":{"@type":"PropertyValueSpecification","valueRequired":true,"valueName":"search_term_string"}}],"inLanguage":"fr-FR"},{"@type":"Organization","@id":"https:\/\/arteconfort.com\/fr\/#organization","name":"Arteconfort","url":"https:\/\/arteconfort.com\/fr\/","logo":{"@type":"ImageObject","inLanguage":"fr-FR","@id":"https:\/\/arteconfort.com\/fr\/#\/schema\/logo\/image\/","url":"https:\/\/arteconfort.com\/wp-content\/uploads\/2019\/07\/logo-arteconfort.png","contentUrl":"https:\/\/arteconfort.com\/wp-content\/uploads\/2019\/07\/logo-arteconfort.png","width":230,"height":88,"caption":"Arteconfort"},"image":{"@id":"https:\/\/arteconfort.com\/fr\/#\/schema\/logo\/image\/"}}]}},"_links":{"self":[{"href":"https:\/\/arteconfort.com\/fr\/wp-json\/wp\/v2\/product\/11587","targetHints":{"allow":["GET"]}}],"collection":[{"href":"https:\/\/arteconfort.com\/fr\/wp-json\/wp\/v2\/product"}],"about":[{"href":"https:\/\/arteconfort.com\/fr\/wp-json\/wp\/v2\/types\/product"}],"wp:featuredmedia":[{"embeddable":true,"href":"https:\/\/arteconfort.com\/fr\/wp-json\/wp\/v2\/media\/34921"}],"wp:attachment":[{"href":"https:\/\/arteconfort.com\/fr\/wp-json\/wp\/v2\/media?parent=11587"}],"wp:term":[{"taxonomy":"product_brand","embeddable":true,"href":"https:\/\/arteconfort.com\/fr\/wp-json\/wp\/v2\/product_brand?post=11587"},{"taxonomy":"product_cat","embeddable":true,"href":"https:\/\/arteconfort.com\/fr\/wp-json\/wp\/v2\/product_cat?post=11587"},{"taxonomy":"product_tag","embeddable":true,"href":"https:\/\/arteconfort.com\/fr\/wp-json\/wp\/v2\/product_tag?post=11587"}],"curies":[{"name":"wp","href":"https:\/\/api.w.org\/{rel}","templated":true}]}}