{"id":11590,"date":"2019-08-27T09:54:56","date_gmt":"2019-08-27T07:54:56","guid":{"rendered":"https:\/\/arteconfort.com\/producto\/non%20class\u00e9\/orfeo\/"},"modified":"2022-03-17T08:50:40","modified_gmt":"2022-03-17T07:50:40","slug":"orfeo","status":"publish","type":"product","link":"https:\/\/arteconfort.com\/fr\/producto\/orfeo\/","title":{"rendered":"ORFEO"},"content":{"rendered":"<div class=\"wpb-content-wrapper\"><p>[vc_row][vc_column][vc_row_inner][vc_column_inner width=&#8221;1\/4&#8243; offset=&#8221;vc_col-xs-6&#8243;][wyde_info_box icon_set=&#8221;bigmug_line&#8221; icon_bigmug_line=&#8221;bigmug-line-foggy-sun&#8221; title=&#8221;LUMI\u00c8RE AMBIANTE&#8221;]Chaleur et confort pour des moments de d\u00e9tente[\/wyde_info_box][\/vc_column_inner][vc_column_inner width=&#8221;1\/4&#8243; offset=&#8221;vc_col-xs-6&#8243;][wyde_info_box icon_set=&#8221;simple_line&#8221; icon_simple_line=&#8221;sl-refresh&#8221; title=&#8221;ORIENTABLE&#8221;]Le bras de la lampe peut \u00eatre tourn\u00e9 de 120\u00ba et la t\u00eate de 45\u00ba[\/wyde_info_box][\/vc_column_inner][\/vc_row_inner][vc_row_inner][vc_column_inner offset=&#8221;vc_hidden-xs&#8221;][vc_empty_space height=&#8221;60px&#8221;][\/vc_column_inner][\/vc_row_inner][\/vc_column][\/vc_row][vc_row][vc_column width=&#8221;1\/2&#8243;][vc_accordion collapsible=&#8221;true&#8221; active_tab=&#8221;false&#8221;][vc_accordion_tab title=&#8221;Caract\u00e9ristiques g\u00e9n\u00e9rales&#8221;][vc_column_text]<strong>Dimensions <\/strong>129x401mm<br \/>\n<b>Finition <\/b>Blanc<br \/>\n<strong>IP<\/strong> 20<br \/>\n<strong>Garantie<\/strong> 2 ans[\/vc_column_text][\/vc_accordion_tab][vc_accordion_tab title=Caract\u00e9ristiques optiques&#8221;][vc_column_text]<strong>Dur\u00e9e\u00a0<\/strong>30.000h<br \/>\n<strong>IRC<\/strong> &gt;80<br \/>\n<strong>Angle d&#8217;ouverture<\/strong> 120\u00ba<br \/>\n<strong>Convient pour l&#8217;accentuation <\/strong>No<br \/>\n<strong>CCT<\/strong> 5000K<br \/>\n<strong>Flux lumineux <\/strong>355lm[\/vc_column_text][\/vc_accordion_tab][vc_accordion_tab title=&#8221;Caract\u00e9ristiques \u00e9lectriques&#8221;][vc_column_text]<b>Puissance <\/b>18W<br \/>\n<strong>Alimentation \u00e9lectrique <\/strong>100-240Vac<br \/>\n<strong>Fr\u00e9quence<\/strong> 50\/60Hz<br \/>\n<strong>Dimable<\/strong> Oui (3 niveaux)<br \/>\n<strong>Num\u00e9ro d&#8217;\u00e9clairage <\/strong>10.000<br \/>\n<strong>Temps d&#8217;allumage <\/strong>&lt;0,5s<br \/>\n<strong>Temps de chauffage <\/strong>&lt;2s[\/vc_column_text][\/vc_accordion_tab][vc_accordion_tab title=&#8221;Haut-parleur&#8221;][vc_column_text]<strong>Bluetooth<\/strong> Oui (port\u00e9e de 10 m)<br \/>\n<strong>Puissance sonore <\/strong>85dB[\/vc_column_text][\/vc_accordion_tab][\/vc_accordion][\/vc_column][vc_column width=&#8221;1\/2&#8243;][vc_single_image image=&#8221;6374&#8243;][\/vc_column][\/vc_row]<\/p>\n<\/div>","protected":false},"excerpt":{"rendered":"<p>Lampe de table avec \u00e9clairage LED int\u00e9gr\u00e9, en 5000K (lumi\u00e8re blanche), r\u00e9glable en quatre intensit\u00e9s diff\u00e9rentes. Simple, minimaliste et polyvalent, il constitue un compl\u00e9ment id\u00e9al pour les chambres \u00e0 coucher ou le bureau. Il dispose d&#8217;un haut-parleur int\u00e9gr\u00e9.<br \/>\n<strong>Ref. 01FLORF-018T553D12BLC20D<\/strong>[vc_row][vc_column offset=&#8221;vc_hidden-xs&#8221;][vc_empty_space height=&#8221;30px&#8221;][\/vc_column][\/vc_row][vc_row][vc_column][vc_row_inner][vc_column_inner][wyde_info_box icon_set=&#8221;simple_line&#8221; icon_simple_line=&#8221;sl-equalizer&#8221; icon_position=&#8221;left&#8221; title=&#8221;3 NIVEAUX DE R\u00c9GULATION&#8221;]Choisissez le niveau d&#8217;\u00e9clairage dont vous avez besoin[\/wyde_info_box][vc_empty_space height=&#8221;15px&#8221;][\/vc_column_inner][\/vc_row_inner][vc_row_inner][vc_column_inner][wyde_info_box icon_set=&#8221;simple_line&#8221; icon_simple_line=&#8221;sl-volume-2&#8243; icon_position=&#8221;left&#8221; title=&#8221;ENCEINTE BLUETOOTH&#8221;]\u00c9coutez de la musique depuis votre appareil[\/wyde_info_box][vc_empty_space height=&#8221;15px&#8221;][\/vc_column_inner][\/vc_row_inner][vc_row_inner][vc_column_inner][wyde_info_box icon=&#8221;fa fa-usb&#8221; icon_position=&#8221;left&#8221; title=&#8221;ENTREE USB&#8221;]Connectez vos appareils pour les recharger[\/wyde_info_box][vc_empty_space height=&#8221;15px&#8221;][\/vc_column_inner][\/vc_row_inner][\/vc_column][\/vc_row][vc_row][vc_column offset=&#8221;vc_hidden-xs&#8221;][vc_empty_space height=&#8221;60px&#8221;][\/vc_column][\/vc_row][vc_row][vc_column width=&#8221;1\/3&#8243;][wyde_link_button icon_set=&#8221;simple_line&#8221; icon_simple_line=&#8221;sl-settings&#8221; style=&#8221;round&#8221; title=&#8221;Instructions&#8221; link=&#8221;url:http%3A%2F%2Farteconfort.com%2Fwp-content%2Fuploads%2F2019%2F10%2FINSTRUCCIONES_FLEXOS_ARTESOLAR_A6_ENG_ESP_ORFEO.pdf||target:%20_blank|rel:nofollow&#8221; color=&#8221;#ffffff&#8221; bg_color=&#8221;#222222&#8243;][\/vc_column][\/vc_row][vc_row][vc_column offset=&#8221;vc_hidden-xs&#8221;][vc_empty_space][\/vc_column][\/vc_row]<\/p>\n","protected":false},"featured_media":34986,"template":"","meta":[],"product_brand":[],"product_cat":[346,347],"product_tag":[],"class_list":{"0":"post-11590","1":"product","2":"type-product","3":"status-publish","4":"has-post-thumbnail","6":"product_cat-flexos-fr","7":"product_cat-iluminacion-fr","9":"first","10":"instock","11":"shipping-taxable","12":"product-type-external"},"yoast_head":"<!-- This site is optimized with the Yoast SEO plugin v26.5 - https:\/\/yoast.com\/wordpress\/plugins\/seo\/ -->\n<title>ORFEO - Flexos, Iluminaci\u00f3n - Arteconfort<\/title>\n<meta name=\"description\" content=\"Lampe de table avec \u00e9clairage LED int\u00e9gr\u00e9, en 5000K (lumi\u00e8re blanche), r\u00e9glable en quatre intensit\u00e9s diff\u00e9rentes. Simple, minimaliste et polyvalent, il constitue un compl\u00e9ment id\u00e9al pour les chambres \u00e0 coucher ou le bureau. Il dispose d&#039;un haut-parleur int\u00e9gr\u00e9. Ref. 01FLORF-018T553D12BLC20DChoisissez le niveau d&#039;\u00e9clairage dont vous avez besoin\u00c9coutez de la musique depuis votre appareilConnectez vos appareils pour les recharger\" \/>\n<meta name=\"robots\" content=\"index, follow, max-snippet:-1, max-image-preview:large, max-video-preview:-1\" \/>\n<link rel=\"canonical\" href=\"https:\/\/arteconfort.com\/fr\/producto\/orfeo\/\" \/>\n<meta property=\"og:locale\" content=\"fr_FR\" \/>\n<meta property=\"og:type\" content=\"article\" \/>\n<meta property=\"og:title\" content=\"ORFEO - Flexos, Iluminaci\u00f3n - Arteconfort\" \/>\n<meta property=\"og:description\" content=\"Lampe de table avec \u00e9clairage LED int\u00e9gr\u00e9, en 5000K (lumi\u00e8re blanche), r\u00e9glable en quatre intensit\u00e9s diff\u00e9rentes. Simple, minimaliste et polyvalent, il constitue un compl\u00e9ment id\u00e9al pour les chambres \u00e0 coucher ou le bureau. Il dispose d&#039;un haut-parleur int\u00e9gr\u00e9. Ref. 01FLORF-018T553D12BLC20DChoisissez le niveau d&#039;\u00e9clairage dont vous avez besoin\u00c9coutez de la musique depuis votre appareilConnectez vos appareils pour les recharger\" \/>\n<meta property=\"og:url\" content=\"https:\/\/arteconfort.com\/fr\/producto\/orfeo\/\" \/>\n<meta property=\"og:site_name\" content=\"Arteconfort\" \/>\n<meta property=\"article:modified_time\" content=\"2022-03-17T07:50:40+00:00\" \/>\n<meta property=\"og:image\" content=\"https:\/\/arteconfort.com\/wp-content\/uploads\/2023\/10\/FLEXO-ORFEO-1.webp\" \/>\n\t<meta property=\"og:image:width\" content=\"1024\" \/>\n\t<meta property=\"og:image:height\" content=\"1024\" \/>\n\t<meta property=\"og:image:type\" content=\"image\/webp\" \/>\n<meta name=\"twitter:card\" content=\"summary_large_image\" \/>\n<meta name=\"twitter:label1\" content=\"Dur\u00e9e de lecture estim\u00e9e\" \/>\n\t<meta name=\"twitter:data1\" content=\"1 minute\" \/>\n<!-- \/ Yoast SEO plugin. -->","yoast_head_json":{"title":"ORFEO - Flexos, Iluminaci\u00f3n - Arteconfort","description":"Lampe de table avec \u00e9clairage LED int\u00e9gr\u00e9, en 5000K (lumi\u00e8re blanche), r\u00e9glable en quatre intensit\u00e9s diff\u00e9rentes. Simple, minimaliste et polyvalent, il constitue un compl\u00e9ment id\u00e9al pour les chambres \u00e0 coucher ou le bureau. Il dispose d'un haut-parleur int\u00e9gr\u00e9. Ref. 01FLORF-018T553D12BLC20DChoisissez le niveau d'\u00e9clairage dont vous avez besoin\u00c9coutez de la musique depuis votre appareilConnectez vos appareils pour les recharger","robots":{"index":"index","follow":"follow","max-snippet":"max-snippet:-1","max-image-preview":"max-image-preview:large","max-video-preview":"max-video-preview:-1"},"canonical":"https:\/\/arteconfort.com\/fr\/producto\/orfeo\/","og_locale":"fr_FR","og_type":"article","og_title":"ORFEO - Flexos, Iluminaci\u00f3n - Arteconfort","og_description":"Lampe de table avec \u00e9clairage LED int\u00e9gr\u00e9, en 5000K (lumi\u00e8re blanche), r\u00e9glable en quatre intensit\u00e9s diff\u00e9rentes. Simple, minimaliste et polyvalent, il constitue un compl\u00e9ment id\u00e9al pour les chambres \u00e0 coucher ou le bureau. Il dispose d'un haut-parleur int\u00e9gr\u00e9. Ref. 01FLORF-018T553D12BLC20DChoisissez le niveau d'\u00e9clairage dont vous avez besoin\u00c9coutez de la musique depuis votre appareilConnectez vos appareils pour les recharger","og_url":"https:\/\/arteconfort.com\/fr\/producto\/orfeo\/","og_site_name":"Arteconfort","article_modified_time":"2022-03-17T07:50:40+00:00","og_image":[{"width":1024,"height":1024,"url":"https:\/\/arteconfort.com\/wp-content\/uploads\/2023\/10\/FLEXO-ORFEO-1.webp","type":"image\/webp"}],"twitter_card":"summary_large_image","twitter_misc":{"Dur\u00e9e de lecture estim\u00e9e":"1 minute"},"schema":{"@context":"https:\/\/schema.org","@graph":[{"@type":"WebPage","@id":"https:\/\/arteconfort.com\/fr\/producto\/orfeo\/","url":"https:\/\/arteconfort.com\/fr\/producto\/orfeo\/","name":"ORFEO - Flexos, Iluminaci\u00f3n - Arteconfort","isPartOf":{"@id":"https:\/\/arteconfort.com\/fr\/#website"},"primaryImageOfPage":{"@id":"https:\/\/arteconfort.com\/fr\/producto\/orfeo\/#primaryimage"},"image":{"@id":"https:\/\/arteconfort.com\/fr\/producto\/orfeo\/#primaryimage"},"thumbnailUrl":"https:\/\/arteconfort.com\/wp-content\/uploads\/2023\/10\/FLEXO-ORFEO-1.webp","datePublished":"2019-08-27T07:54:56+00:00","dateModified":"2022-03-17T07:50:40+00:00","description":"Lampe de table avec \u00e9clairage LED int\u00e9gr\u00e9, en 5000K (lumi\u00e8re blanche), r\u00e9glable en quatre intensit\u00e9s diff\u00e9rentes. Simple, minimaliste et polyvalent, il constitue un compl\u00e9ment id\u00e9al pour les chambres \u00e0 coucher ou le bureau. Il dispose d'un haut-parleur int\u00e9gr\u00e9. Ref. 01FLORF-018T553D12BLC20DChoisissez le niveau d'\u00e9clairage dont vous avez besoin\u00c9coutez de la musique depuis votre appareilConnectez vos appareils pour les recharger","breadcrumb":{"@id":"https:\/\/arteconfort.com\/fr\/producto\/orfeo\/#breadcrumb"},"inLanguage":"fr-FR","potentialAction":[{"@type":"ReadAction","target":["https:\/\/arteconfort.com\/fr\/producto\/orfeo\/"]}]},{"@type":"ImageObject","inLanguage":"fr-FR","@id":"https:\/\/arteconfort.com\/fr\/producto\/orfeo\/#primaryimage","url":"https:\/\/arteconfort.com\/wp-content\/uploads\/2023\/10\/FLEXO-ORFEO-1.webp","contentUrl":"https:\/\/arteconfort.com\/wp-content\/uploads\/2023\/10\/FLEXO-ORFEO-1.webp","width":1024,"height":1024},{"@type":"BreadcrumbList","@id":"https:\/\/arteconfort.com\/fr\/producto\/orfeo\/#breadcrumb","itemListElement":[{"@type":"ListItem","position":1,"name":"Inicio","item":"https:\/\/arteconfort.com\/fr\/"},{"@type":"ListItem","position":2,"name":"Boutique","item":"https:\/\/arteconfort.com\/fr\/boutique\/"},{"@type":"ListItem","position":3,"name":"ORFEO"}]},{"@type":"WebSite","@id":"https:\/\/arteconfort.com\/fr\/#website","url":"https:\/\/arteconfort.com\/fr\/","name":"Arteconfort","description":"Especialistas en productos del hogar","publisher":{"@id":"https:\/\/arteconfort.com\/fr\/#organization"},"potentialAction":[{"@type":"SearchAction","target":{"@type":"EntryPoint","urlTemplate":"https:\/\/arteconfort.com\/fr\/?s={search_term_string}"},"query-input":{"@type":"PropertyValueSpecification","valueRequired":true,"valueName":"search_term_string"}}],"inLanguage":"fr-FR"},{"@type":"Organization","@id":"https:\/\/arteconfort.com\/fr\/#organization","name":"Arteconfort","url":"https:\/\/arteconfort.com\/fr\/","logo":{"@type":"ImageObject","inLanguage":"fr-FR","@id":"https:\/\/arteconfort.com\/fr\/#\/schema\/logo\/image\/","url":"https:\/\/arteconfort.com\/wp-content\/uploads\/2019\/07\/logo-arteconfort.png","contentUrl":"https:\/\/arteconfort.com\/wp-content\/uploads\/2019\/07\/logo-arteconfort.png","width":230,"height":88,"caption":"Arteconfort"},"image":{"@id":"https:\/\/arteconfort.com\/fr\/#\/schema\/logo\/image\/"}}]}},"_links":{"self":[{"href":"https:\/\/arteconfort.com\/fr\/wp-json\/wp\/v2\/product\/11590","targetHints":{"allow":["GET"]}}],"collection":[{"href":"https:\/\/arteconfort.com\/fr\/wp-json\/wp\/v2\/product"}],"about":[{"href":"https:\/\/arteconfort.com\/fr\/wp-json\/wp\/v2\/types\/product"}],"wp:featuredmedia":[{"embeddable":true,"href":"https:\/\/arteconfort.com\/fr\/wp-json\/wp\/v2\/media\/34986"}],"wp:attachment":[{"href":"https:\/\/arteconfort.com\/fr\/wp-json\/wp\/v2\/media?parent=11590"}],"wp:term":[{"taxonomy":"product_brand","embeddable":true,"href":"https:\/\/arteconfort.com\/fr\/wp-json\/wp\/v2\/product_brand?post=11590"},{"taxonomy":"product_cat","embeddable":true,"href":"https:\/\/arteconfort.com\/fr\/wp-json\/wp\/v2\/product_cat?post=11590"},{"taxonomy":"product_tag","embeddable":true,"href":"https:\/\/arteconfort.com\/fr\/wp-json\/wp\/v2\/product_tag?post=11590"}],"curies":[{"name":"wp","href":"https:\/\/api.w.org\/{rel}","templated":true}]}}